{"id":253,"date":"2023-11-09T17:04:53","date_gmt":"2023-11-09T17:04:53","guid":{"rendered":"https:\/\/exceladvisor.org\/es\/hora-de-la-siesta-2\/"},"modified":"2023-12-25T10:22:56","modified_gmt":"2023-12-25T10:22:56","slug":"hora-de-la-siesta-2","status":"publish","type":"page","link":"https:\/\/exceladvisor.org\/es\/hora-de-la-siesta-2\/","title":{"rendered":"\u00bfc\u00f3mo agregar tiempo en excel?"},"content":{"rendered":"<div class=\"excel-antes-del-contenido\" id=\"excel-850892459\"><script type=\"text\/javascript\">\r\n\tatOptions = {\r\n\t\t'key' : 'c1158f160081d6540a8409e6925dab94',\r\n\t\t'format' : 'iframe',\r\n\t\t'height' : 250,\r\n\t\t'width' : 300,\r\n\t\t'params' : {}\r\n\t};\r\n<\/script>\r\n<script type=\"text\/javascript\" src=\"\/\/www.highperformanceformat.com\/c1158f160081d6540a8409e6925dab94\/invoke.js\"><\/script><\/div><p>En Excel, si desea sumar valores de tiempo, debe usar la funci\u00f3n de suma para sumar los valores y luego debe cambiar el formato para mostrar el n\u00famero total de horas y minutos. A continuaci\u00f3n se muestra una lista de valores de tiempo que sumamos en la celda C2. <\/p>\n<div class=\"wp-block-image\">\n<figure class=\"aligncenter size-full is-resized\"><img loading=\"lazy\" decoding=\"async\" class=\"wp-image-79498\" src=\"https:\/\/exceladvisor.org\/wp-content\/uploads\/2023\/08\/1-temps-de-somme-dans-excel.png\" sizes=\"auto, \" srcset=\"\" alt=\"suma-hora-en-excel\" width=\"573\" height=\"347\"><\/figure>\n<\/div>\n<p> En este tutorial, aprenderemos c\u00f3mo escribir esta f\u00f3rmula y aplicarle el formato correcto.<\/p>\n<h2 class=\"wp-block-heading\"> Escriba una f\u00f3rmula para agregar tiempo en Excel<\/h2>\n<ol type=\"1\">\n<li> Primero, en la celda C2, ingrese la funci\u00f3n de suma.<\/li>\n<li> Ahora ingrese los par\u00e9ntesis iniciales.<\/li>\n<li> Despu\u00e9s de eso, consulte el rango de celdas donde tiene los valores de tiempo.<\/li>\n<li> Al final, ingrese el par\u00e9ntesis de cierre y presione Enter para obtener el resultado.<\/li>\n<\/ol>\n<p> Esto le dar\u00e1 una suma de valores, pero este formato no es correcto y necesitamos cambiarlo usando un formato personalizado. <\/p>\n<div class=\"wp-block-image\">\n<figure class=\"aligncenter size-full is-resized\"><img loading=\"lazy\" decoding=\"async\" class=\"wp-image-79499\" src=\"https:\/\/exceladvisor.org\/wp-content\/uploads\/2023\/08\/2-formule-pour-additionner-le-temps.png\" sizes=\"auto, \" srcset=\"\" alt=\"f\u00f3rmula para sumar el tiempo\" width=\"571\" height=\"346\"><\/figure>\n<\/div>\n<ol type=\"1\">\n<li> Mientras selecciona la celda, abra la opci\u00f3n de formato con el m\u00e9todo abreviado de teclado (Ctrl+1).<\/li>\n<li> Ahora haga clic en la opci\u00f3n Personalizar.<\/li>\n<li> Despu\u00e9s de eso, haga clic en la barra de entrada de formato.<\/li>\n<li> Luego, ingrese [h]:mm en la barra de entrada.<\/li>\n<li> Al final, haga clic en Aceptar para aplicar el formato. <\/li>\n<\/ol>\n<div class=\"wp-block-image\">\n<figure class=\"aligncenter size-full is-resized\"><img loading=\"lazy\" decoding=\"async\" class=\"wp-image-79500\" src=\"https:\/\/exceladvisor.org\/wp-content\/uploads\/2023\/08\/3-changer-le-format-de-la-cellule.png\" sizes=\"auto, \" srcset=\"\" alt=\"cambiar formato de celda\" width=\"570\" height=\"562\"><\/figure>\n<\/div>\n<p> En el momento en que haga clic en Aceptar, le mostrar\u00e1 el total de horas y minutos. <\/p>\n<div class=\"wp-block-image\">\n<figure class=\"aligncenter size-full is-resized\"><img loading=\"lazy\" decoding=\"async\" class=\"wp-image-79501\" src=\"https:\/\/exceladvisor.org\/wp-content\/uploads\/2023\/08\/4-nombre-total-dheures-et-de-minutes.png\" sizes=\"auto, \" srcset=\"\" alt=\"n\u00famero-total-de-horas-y-minutos\" width=\"577\" height=\"349\"><\/figure>\n<\/div>\n<h2 class=\"wp-block-heading\"> debes entender esto<\/h2>\n<p> Excel almacena la fecha y la hora como un n\u00famero en el backend y tienes el formato en la celda. Entonces, si convierte sus valores de tiempo en valores, se ver\u00e1n como los siguientes. <\/p>\n<div class=\"wp-block-image\">\n<figure class=\"aligncenter size-full is-resized\"><img loading=\"lazy\" decoding=\"async\" class=\"wp-image-79502\" src=\"https:\/\/exceladvisor.org\/wp-content\/uploads\/2023\/08\/5-comprendre-les-valeurs-temporelles.png\" sizes=\"auto, \" srcset=\"\" alt=\"entender los valores del tiempo\" width=\"306\" height=\"325\"><\/figure>\n<\/div>\n<p> <strong>Los valores de tiempo siempre se expresan en decimales.<\/strong><\/p>\n<p> Ahora, cuando sumas estos valores, devuelve 1,4375 en el resultado.<\/p>\n<p> Como dije, los valores de tiempo siempre est\u00e1n en decimales, cuando aplicas el formato de tiempo (formato de tiempo normal HH:MM AM\/PM), Excel te muestra el tiempo en base al valor decimal restante que es 0.4375, y considera el n\u00famero entero. que es 1 como d\u00eda completo. <\/p>\n<div class=\"wp-block-image\">\n<figure class=\"aligncenter size-full is-resized\"><img loading=\"lazy\" decoding=\"async\" class=\"wp-image-79503\" src=\"https:\/\/exceladvisor.org\/wp-content\/uploads\/2023\/08\/6-valeurs-de-temps-toujours-en-decimal.png\" sizes=\"auto, \" srcset=\"\" alt=\"valores-de-tiempo-siempre-en-decimal\" width=\"343\" height=\"395\"><\/figure>\n<\/div>\n<p> Para superar este problema, debe utilizar un formato personalizado que hemos utilizado en nuestro m\u00e9todo. Cuando agrega corchetes con el formato, muestra el total de horas en el resultado. <\/p>\n<pre class=\"wp-block-code\"> <code class=\"language-excel-formula\" lang=\"excel-formula\">[h]:mm<\/code><\/pre>\n<div class=\"wp-block-image\">\n<figure class=\"aligncenter size-full is-resized\"><img loading=\"lazy\" decoding=\"async\" class=\"wp-image-79504\" src=\"https:\/\/exceladvisor.org\/wp-content\/uploads\/2023\/08\/7-format-personnalise-pour-le-nombre-total-dheures.png\" sizes=\"auto, \" srcset=\"\" alt=\"formato-personalizado-para-total-de-horas\" width=\"473\" height=\"299\"><\/figure>\n<\/div>\n<div class=\"gb-container gb-container-52dfcee1 gb-container-sample-file\">\n<h2 class=\"gb-headline gb-headline-e289c143 gb-headline-text gb-headline-4f7959c2\"> Obtener el archivo Excel<\/h2>\n<p> <a class=\"gb-button gb-button-e88d6bee gb-button-text gb-button-button1\" href=\"https:\/\/exceladvisor.org\/wp-content\/uploads\/2023\/11\/temps-de-somme.xlsx\" rel=\"nofollow\">Descargar<\/a> <\/div>\n<div class=\"wp-block-group more-tutorials is-layout-flow\">\n<div class=\"wp-block-group__inner-container\">\n<h2 class=\"wp-block-heading\"> M\u00e1s f\u00f3rmulas<\/h2>\n<ul>\n<li> <a href=\"https:\/\/exceladvisor.org\/es\/agregar-horas-en-el-tiempo\/\">Agregar horas al tiempo en Excel<\/a><\/li>\n<li> <a href=\"https:\/\/exceladvisor.org\/es\/agregar-minutos-al-tiempo\/\">Agregar minutos al tiempo en Excel<\/a><\/li>\n<li> <a href=\"https:\/\/exceladvisor.org\/es\/calcular-la-diferencia-horaria\/\">Calcular la diferencia horaria entre dos horas en Excel<\/a><\/li>\n<li> <a href=\"https:\/\/exceladvisor.org\/es\/cambiar-formato-de-hora\/\">Cambiar formato de hora en Excel<\/a><\/li>\n<li> <a href=\"https:\/\/exceladvisor.org\/es\/tiempo-militar\/\">Hora militar (obtener y restar) en Excel<\/a><\/li>\n<\/ul>\n<\/div>\n<\/div>\n","protected":false},"excerpt":{"rendered":"<p>En Excel, si desea sumar valores de tiempo, debe usar la funci\u00f3n de suma para sumar los valores y luego debe cambiar el formato para mostrar el n\u00famero total de horas y minutos. A continuaci\u00f3n se muestra una lista de valores de tiempo que sumamos en la celda C2. En este tutorial, aprenderemos c\u00f3mo escribir [&hellip;]<\/p>\n","protected":false},"author":1,"featured_media":0,"parent":0,"menu_order":0,"comment_status":"open","ping_status":"closed","template":"","meta":{"ub_ctt_via":"","footnotes":""},"class_list":["post-253","page","type-page","status-publish","hentry"],"featured_image_src":null,"yoast_head":"<!-- This site is optimized with the Yoast SEO plugin v25.4 - https:\/\/yoast.com\/wordpress\/plugins\/seo\/ -->\n<title>\u00bfc\u00f3mo agregar tiempo en excel?<\/title>\n<meta name=\"robots\" content=\"index, follow, max-snippet:-1, max-image-preview:large, max-video-preview:-1\" \/>\n<link rel=\"canonical\" href=\"https:\/\/exceladvisor.org\/es\/hora-de-la-siesta-2\/\" \/>\n<meta property=\"og:locale\" content=\"es_ES\" \/>\n<meta property=\"og:type\" content=\"article\" \/>\n<meta property=\"og:title\" content=\"\u00bfc\u00f3mo agregar tiempo en excel?\" \/>\n<meta property=\"og:description\" content=\"En Excel, si desea sumar valores de tiempo, debe usar la funci\u00f3n de suma para sumar los valores y luego debe cambiar el formato para mostrar el n\u00famero total de horas y minutos. A continuaci\u00f3n se muestra una lista de valores de tiempo que sumamos en la celda C2. En este tutorial, aprenderemos c\u00f3mo escribir [&hellip;]\" \/>\n<meta property=\"og:url\" content=\"https:\/\/exceladvisor.org\/es\/hora-de-la-siesta-2\/\" \/>\n<meta property=\"og:site_name\" content=\"Excel Advisor\" \/>\n<meta property=\"article:modified_time\" content=\"2023-12-25T10:22:56+00:00\" \/>\n<meta property=\"og:image\" content=\"https:\/\/exceladvisor.org\/wp-content\/uploads\/2023\/08\/1-temps-de-somme-dans-excel.png\" \/>\n<meta name=\"twitter:card\" content=\"summary_large_image\" \/>\n<meta name=\"twitter:label1\" content=\"Tiempo de lectura\" \/>\n\t<meta name=\"twitter:data1\" content=\"2 minutos\" \/>\n<script type=\"application\/ld+json\" class=\"yoast-schema-graph\">{\"@context\":\"https:\/\/schema.org\",\"@graph\":[{\"@type\":\"WebPage\",\"@id\":\"https:\/\/exceladvisor.org\/es\/hora-de-la-siesta-2\/\",\"url\":\"https:\/\/exceladvisor.org\/es\/hora-de-la-siesta-2\/\",\"name\":\"\u00bfc\u00f3mo agregar tiempo en excel?\",\"isPartOf\":{\"@id\":\"https:\/\/exceladvisor.org\/es\/#website\"},\"primaryImageOfPage\":{\"@id\":\"https:\/\/exceladvisor.org\/es\/hora-de-la-siesta-2\/#primaryimage\"},\"image\":{\"@id\":\"https:\/\/exceladvisor.org\/es\/hora-de-la-siesta-2\/#primaryimage\"},\"thumbnailUrl\":\"https:\/\/exceladvisor.org\/wp-content\/uploads\/2023\/08\/1-temps-de-somme-dans-excel.png\",\"datePublished\":\"2023-11-09T17:04:53+00:00\",\"dateModified\":\"2023-12-25T10:22:56+00:00\",\"breadcrumb\":{\"@id\":\"https:\/\/exceladvisor.org\/es\/hora-de-la-siesta-2\/#breadcrumb\"},\"inLanguage\":\"es\",\"potentialAction\":[{\"@type\":\"ReadAction\",\"target\":[\"https:\/\/exceladvisor.org\/es\/hora-de-la-siesta-2\/\"]}]},{\"@type\":\"ImageObject\",\"inLanguage\":\"es\",\"@id\":\"https:\/\/exceladvisor.org\/es\/hora-de-la-siesta-2\/#primaryimage\",\"url\":\"https:\/\/exceladvisor.org\/wp-content\/uploads\/2023\/08\/1-temps-de-somme-dans-excel.png\",\"contentUrl\":\"https:\/\/exceladvisor.org\/wp-content\/uploads\/2023\/08\/1-temps-de-somme-dans-excel.png\"},{\"@type\":\"BreadcrumbList\",\"@id\":\"https:\/\/exceladvisor.org\/es\/hora-de-la-siesta-2\/#breadcrumb\",\"itemListElement\":[{\"@type\":\"ListItem\",\"position\":1,\"name\":\"Hogar\",\"item\":\"https:\/\/exceladvisor.org\/es\/\"},{\"@type\":\"ListItem\",\"position\":2,\"name\":\"\u00bfc\u00f3mo agregar tiempo en excel?\"}]},{\"@type\":\"WebSite\",\"@id\":\"https:\/\/exceladvisor.org\/es\/#website\",\"url\":\"https:\/\/exceladvisor.org\/es\/\",\"name\":\"Excel Advisor\",\"description\":\"Su gu\u00eda para la dominaci\u00f3n de datos!\",\"publisher\":{\"@id\":\"https:\/\/exceladvisor.org\/es\/#organization\"},\"potentialAction\":[{\"@type\":\"SearchAction\",\"target\":{\"@type\":\"EntryPoint\",\"urlTemplate\":\"https:\/\/exceladvisor.org\/es\/?s={search_term_string}\"},\"query-input\":{\"@type\":\"PropertyValueSpecification\",\"valueRequired\":true,\"valueName\":\"search_term_string\"}}],\"inLanguage\":\"es\"},{\"@type\":\"Organization\",\"@id\":\"https:\/\/exceladvisor.org\/es\/#organization\",\"name\":\"Excel Advisor\",\"url\":\"https:\/\/exceladvisor.org\/es\/\",\"logo\":{\"@type\":\"ImageObject\",\"inLanguage\":\"es\",\"@id\":\"https:\/\/exceladvisor.org\/es\/#\/schema\/logo\/image\/\",\"url\":\"https:\/\/exceladvisor.org\/es\/wp-content\/uploads\/2023\/12\/exceladvisor.org_.png\",\"contentUrl\":\"https:\/\/exceladvisor.org\/es\/wp-content\/uploads\/2023\/12\/exceladvisor.org_.png\",\"width\":105,\"height\":36,\"caption\":\"Excel Advisor\"},\"image\":{\"@id\":\"https:\/\/exceladvisor.org\/es\/#\/schema\/logo\/image\/\"}}]}<\/script>\n<!-- \/ Yoast SEO plugin. -->","yoast_head_json":{"title":"\u00bfc\u00f3mo agregar tiempo en excel?","robots":{"index":"index","follow":"follow","max-snippet":"max-snippet:-1","max-image-preview":"max-image-preview:large","max-video-preview":"max-video-preview:-1"},"canonical":"https:\/\/exceladvisor.org\/es\/hora-de-la-siesta-2\/","og_locale":"es_ES","og_type":"article","og_title":"\u00bfc\u00f3mo agregar tiempo en excel?","og_description":"En Excel, si desea sumar valores de tiempo, debe usar la funci\u00f3n de suma para sumar los valores y luego debe cambiar el formato para mostrar el n\u00famero total de horas y minutos. A continuaci\u00f3n se muestra una lista de valores de tiempo que sumamos en la celda C2. En este tutorial, aprenderemos c\u00f3mo escribir [&hellip;]","og_url":"https:\/\/exceladvisor.org\/es\/hora-de-la-siesta-2\/","og_site_name":"Excel Advisor","article_modified_time":"2023-12-25T10:22:56+00:00","og_image":[{"url":"https:\/\/exceladvisor.org\/wp-content\/uploads\/2023\/08\/1-temps-de-somme-dans-excel.png","type":"","width":"","height":""}],"twitter_card":"summary_large_image","twitter_misc":{"Tiempo de lectura":"2 minutos"},"schema":{"@context":"https:\/\/schema.org","@graph":[{"@type":"WebPage","@id":"https:\/\/exceladvisor.org\/es\/hora-de-la-siesta-2\/","url":"https:\/\/exceladvisor.org\/es\/hora-de-la-siesta-2\/","name":"\u00bfc\u00f3mo agregar tiempo en excel?","isPartOf":{"@id":"https:\/\/exceladvisor.org\/es\/#website"},"primaryImageOfPage":{"@id":"https:\/\/exceladvisor.org\/es\/hora-de-la-siesta-2\/#primaryimage"},"image":{"@id":"https:\/\/exceladvisor.org\/es\/hora-de-la-siesta-2\/#primaryimage"},"thumbnailUrl":"https:\/\/exceladvisor.org\/wp-content\/uploads\/2023\/08\/1-temps-de-somme-dans-excel.png","datePublished":"2023-11-09T17:04:53+00:00","dateModified":"2023-12-25T10:22:56+00:00","breadcrumb":{"@id":"https:\/\/exceladvisor.org\/es\/hora-de-la-siesta-2\/#breadcrumb"},"inLanguage":"es","potentialAction":[{"@type":"ReadAction","target":["https:\/\/exceladvisor.org\/es\/hora-de-la-siesta-2\/"]}]},{"@type":"ImageObject","inLanguage":"es","@id":"https:\/\/exceladvisor.org\/es\/hora-de-la-siesta-2\/#primaryimage","url":"https:\/\/exceladvisor.org\/wp-content\/uploads\/2023\/08\/1-temps-de-somme-dans-excel.png","contentUrl":"https:\/\/exceladvisor.org\/wp-content\/uploads\/2023\/08\/1-temps-de-somme-dans-excel.png"},{"@type":"BreadcrumbList","@id":"https:\/\/exceladvisor.org\/es\/hora-de-la-siesta-2\/#breadcrumb","itemListElement":[{"@type":"ListItem","position":1,"name":"Hogar","item":"https:\/\/exceladvisor.org\/es\/"},{"@type":"ListItem","position":2,"name":"\u00bfc\u00f3mo agregar tiempo en excel?"}]},{"@type":"WebSite","@id":"https:\/\/exceladvisor.org\/es\/#website","url":"https:\/\/exceladvisor.org\/es\/","name":"Excel Advisor","description":"Su gu\u00eda para la dominaci\u00f3n de datos!","publisher":{"@id":"https:\/\/exceladvisor.org\/es\/#organization"},"potentialAction":[{"@type":"SearchAction","target":{"@type":"EntryPoint","urlTemplate":"https:\/\/exceladvisor.org\/es\/?s={search_term_string}"},"query-input":{"@type":"PropertyValueSpecification","valueRequired":true,"valueName":"search_term_string"}}],"inLanguage":"es"},{"@type":"Organization","@id":"https:\/\/exceladvisor.org\/es\/#organization","name":"Excel Advisor","url":"https:\/\/exceladvisor.org\/es\/","logo":{"@type":"ImageObject","inLanguage":"es","@id":"https:\/\/exceladvisor.org\/es\/#\/schema\/logo\/image\/","url":"https:\/\/exceladvisor.org\/es\/wp-content\/uploads\/2023\/12\/exceladvisor.org_.png","contentUrl":"https:\/\/exceladvisor.org\/es\/wp-content\/uploads\/2023\/12\/exceladvisor.org_.png","width":105,"height":36,"caption":"Excel Advisor"},"image":{"@id":"https:\/\/exceladvisor.org\/es\/#\/schema\/logo\/image\/"}}]}},"yoast_meta":{"yoast_wpseo_title":"","yoast_wpseo_metadesc":"","yoast_wpseo_canonical":""},"_links":{"self":[{"href":"https:\/\/exceladvisor.org\/es\/wp-json\/wp\/v2\/pages\/253","targetHints":{"allow":["GET"]}}],"collection":[{"href":"https:\/\/exceladvisor.org\/es\/wp-json\/wp\/v2\/pages"}],"about":[{"href":"https:\/\/exceladvisor.org\/es\/wp-json\/wp\/v2\/types\/page"}],"author":[{"embeddable":true,"href":"https:\/\/exceladvisor.org\/es\/wp-json\/wp\/v2\/users\/1"}],"replies":[{"embeddable":true,"href":"https:\/\/exceladvisor.org\/es\/wp-json\/wp\/v2\/comments?post=253"}],"version-history":[{"count":1,"href":"https:\/\/exceladvisor.org\/es\/wp-json\/wp\/v2\/pages\/253\/revisions"}],"predecessor-version":[{"id":803,"href":"https:\/\/exceladvisor.org\/es\/wp-json\/wp\/v2\/pages\/253\/revisions\/803"}],"wp:attachment":[{"href":"https:\/\/exceladvisor.org\/es\/wp-json\/wp\/v2\/media?parent=253"}],"curies":[{"name":"wp","href":"https:\/\/api.w.org\/{rel}","templated":true}]}}