{"id":254,"date":"2023-11-08T22:51:33","date_gmt":"2023-11-08T22:51:33","guid":{"rendered":"https:\/\/exceladvisor.org\/es\/xlookup-con-varios-criterios\/"},"modified":"2023-12-25T10:32:35","modified_gmt":"2023-12-25T10:32:35","slug":"xlookup-con-varios-criterios","status":"publish","type":"page","link":"https:\/\/exceladvisor.org\/es\/xlookup-con-varios-criterios\/","title":{"rendered":"Buscar xl con m\u00faltiples criterios en excel"},"content":{"rendered":"<div class=\"excel-antes-del-contenido\" id=\"excel-2339835657\"><script type=\"text\/javascript\">\r\n\tatOptions = {\r\n\t\t'key' : 'c1158f160081d6540a8409e6925dab94',\r\n\t\t'format' : 'iframe',\r\n\t\t'height' : 250,\r\n\t\t'width' : 300,\r\n\t\t'params' : {}\r\n\t};\r\n<\/script>\r\n<script type=\"text\/javascript\" src=\"\/\/www.highperformanceformat.com\/c1158f160081d6540a8409e6925dab94\/invoke.js\"><\/script><\/div><p>Si desea buscar utilizando varios criterios, puede utilizar BUSCAR XL. Y en BUSCARX hay dos formas de hacerlo. En este tutorial, veremos y comprenderemos ambos m\u00e9todos en detalle.<\/p>\n<p> En el siguiente ejemplo tenemos una lista de estudiantes con n\u00fameros de lista, nombres y puntuaciones. <\/p>\n<div class=\"wp-block-image\">\n<figure class=\"aligncenter size-full is-resized\"><img loading=\"lazy\" decoding=\"async\" class=\"wp-image-85860\" src=\"https:\/\/exceladvisor.org\/wp-content\/uploads\/2023\/08\/1-xlookup-avec-plusieurs-criteres.png\" sizes=\"auto, \" srcset=\"\" alt=\"xlookup-con-m\u00faltiples-criterios\" width=\"383\" height=\"407\"><\/figure>\n<\/div>\n<h2 class=\"wp-block-heading\"> M\u00faltiples criterios con XLOOKUP (m\u00e9todo de columna auxiliar)<\/h2>\n<ol>\n<li> Primero, agregue una nueva columna para usarla como columna auxiliar. <br \/><img loading=\"lazy\" decoding=\"async\" title=\"2-agregar-nueva-columna\" src=\"https:\/\/exceladvisor.org\/wp-content\/uploads\/2023\/08\/2-ajouter-une-nouvelle-colonne.png\" sizes=\"auto, \" srcset=\"\" alt=\"add-new-column\" width=\"524\" height=\"238\"><\/li>\n<li> Ahora, en la columna del asistente, debe combinar el n\u00famero de lista y el nombre del estudiante. <br \/><img loading=\"lazy\" decoding=\"async\" title=\"3-combinar-datos-en-una-nueva-columna\" src=\"https:\/\/exceladvisor.org\/wp-content\/uploads\/2023\/08\/3-combiner-les-donnees-dans-une-nouvelle-colonne.png\" sizes=\"auto, \" srcset=\"\" alt=\"combine-data-in-new-column\" width=\"523\" height=\"221\"><\/li>\n<li> Despu\u00e9s de eso, cree el valor concatenado para buscar. Luego, en dos celdas, escriba el n\u00famero de lista y el nombre del estudiante. <br \/><img loading=\"lazy\" decoding=\"async\" title=\"4-crear-valor-concatenado\" src=\"https:\/\/exceladvisor.org\/wp-content\/uploads\/2023\/08\/4-creer-une-valeur-concatenee.png\" sizes=\"auto, \" srcset=\"\" alt=\"create-concatenated-value\" width=\"665\" height=\"183\"><\/li>\n<li> Luego, ingrese XLOOKUP y combine los valores de las llamadas F2 y G2 para usarlos como valor de b\u00fasqueda en la funci\u00f3n. <br \/><img loading=\"lazy\" decoding=\"async\" title=\"5-b\u00fasqueda-x-con-valores-combinados\" src=\"https:\/\/exceladvisor.org\/wp-content\/uploads\/2023\/08\/5-xlookup-avec-des-valeurs-combinees.png\" sizes=\"auto, \" srcset=\"\" alt=\"xlookup-with-combined-values\" width=\"428\" height=\"97\"><\/li>\n<li> A partir de ah\u00ed, consulte la columna de asistencia como lookup_array y la columna de puntuaci\u00f3n como return_array. <br \/><img loading=\"lazy\" decoding=\"async\" title=\"6-consulte-la-columna-de-ayuda-como-tabla-de-b\u00fasqueda\" src=\"https:\/\/exceladvisor.org\/wp-content\/uploads\/2023\/08\/6-se-referer-a-la-colonne-dassistance-en-tant-que-tableau-de-recherche.png\" sizes=\"auto, \" srcset=\"\" alt=\"refer-to-helper-column-as-lookup-array\" width=\"693\" height=\"353\"><\/li>\n<li> Al final, presione Enter para obtener el resultado. <br \/><img loading=\"lazy\" decoding=\"async\" title=\"7-resultado-xlookup-con-varios-criterios\" src=\"https:\/\/exceladvisor.org\/wp-content\/uploads\/2023\/08\/7-resultat-xlookup-avec-plusieurs-criteres.png\" sizes=\"auto, \" srcset=\"\" alt=\"xlookup-result-with-multiple-criteria\" width=\"673\" height=\"266\"><\/li>\n<\/ol>\n<p> Puede utilizar los otros argumentos opcionales en BUSCARX si lo desea.<\/p>\n<h2 class=\"wp-block-heading\"> M\u00faltiples criterios con XLOOKUP (m\u00e9todo de matriz)<\/h2>\n<p> Puede utilizar una tabla si no desea utilizar la columna auxiliar. Comencemos escribiendo esta f\u00f3rmula y luego aprendamos c\u00f3mo funciona.<\/p>\n<ol>\n<li> Ingrese BUSCARX en una celda y en valor_buscado ingrese 1. <br \/><img loading=\"lazy\" decoding=\"async\" title=\"M\u00e9todo de matriz 8-xlookup\" src=\"https:\/\/exceladvisor.org\/wp-content\/uploads\/2023\/08\/8-methode-de-tableau-xlookup.png\" sizes=\"auto, \" srcset=\"\" alt=\"xlookup-array-method\" width=\"673\" height=\"258\"><\/li>\n<li> Ahora necesitamos crear una tabla para encontrar el n\u00famero de rollo en la columna de n\u00famero de rollo y el nombre en la columna de nombre. Entonces, ingrese (A2:A20=E2)*(B2:B20=F2) en la tabla de b\u00fasqueda. <br \/><img loading=\"lazy\" decoding=\"async\" title=\"9-crea-un-tablero\" src=\"https:\/\/exceladvisor.org\/wp-content\/uploads\/2023\/08\/9-creer-un-tableau.png\" sizes=\"auto, \" srcset=\"\" alt=\"create-an-array\" width=\"630\" height=\"119\"><\/li>\n<li> Despu\u00e9s de eso, en return_array, consulte la columna de puntuaci\u00f3n. <br \/><img loading=\"lazy\" decoding=\"async\" title=\"10-en-matriz-de-retorno-referir-otra-columna\" src=\"https:\/\/exceladvisor.org\/wp-content\/uploads\/2023\/08\/10-dans-le-tableau-de-retour-renvoient-a-une-autre-colonne.png\" sizes=\"auto, \" srcset=\"\" alt=\"in-return-array-refer-another-column\" width=\"694\" height=\"91\"><\/li>\n<li> Al final, cierre la funci\u00f3n y presione Enter para obtener el resultado. <br \/><img loading=\"lazy\" decoding=\"async\" title=\"11-obtener-el-resultado\" src=\"https:\/\/exceladvisor.org\/wp-content\/uploads\/2023\/08\/11-obtenir-le-resultat.png\" sizes=\"auto, \" srcset=\"\" alt=\"get-the-result\" width=\"632\" height=\"383\"><\/li>\n<\/ol>\n<p> Las tablas son las que hacen que esta f\u00f3rmula sea poderosa. <\/p>\n<div class=\"wp-block-image\">\n<figure class=\"aligncenter size-full is-resized\"><img loading=\"lazy\" decoding=\"async\" class=\"wp-image-85871\" src=\"https:\/\/exceladvisor.org\/wp-content\/uploads\/2023\/08\/12-tableaux-rendent-la-formule-puissante.png\" sizes=\"auto, \" srcset=\"\" alt=\"las tablas hacen que la f\u00f3rmula sea poderosa\" width=\"643\" height=\"71\"><\/figure>\n<\/div>\n<p> Entendamos esto en detalle.<\/p>\n<p> En la primera parte de la tabla, probamos el nombre en la columna de nombre y devolvi\u00f3 una matriz con VERDADERO y FALSO. <\/p>\n<div class=\"wp-block-image\">\n<figure class=\"aligncenter size-full is-resized\"><img loading=\"lazy\" decoding=\"async\" class=\"wp-image-85872\" src=\"https:\/\/exceladvisor.org\/wp-content\/uploads\/2023\/08\/13-tableau-renvoie-vrai-ou-faux.png\" sizes=\"auto, \" srcset=\"\" alt=\"matriz-devuelve-verdadero-o-falso\" width=\"565\" height=\"227\"><\/figure>\n<\/div>\n<p> Puedes ver que tenemos TRUE en la sexta posici\u00f3n de la tabla, que es la posici\u00f3n del nombre que buscamos en la columna de nombre. <\/p>\n<div class=\"wp-block-image\">\n<figure class=\"aligncenter size-full is-resized\"><img loading=\"lazy\" decoding=\"async\" class=\"wp-image-85873\" src=\"https:\/\/exceladvisor.org\/wp-content\/uploads\/2023\/08\/14-vrai-fait-reference-a-la-position-de-la-valeur-referencee.png\" sizes=\"auto, \" srcset=\"\" alt=\"verdadero-se-refiere-a-la-posici\u00f3n-del-valor-referido\" width=\"684\" height=\"355\"><\/figure>\n<\/div>\n<p> Lo mismo ocurre en la segunda tabla, donde tenemos VERDADERO para el n\u00famero de rol que buscamos. <\/p>\n<div class=\"wp-block-image\">\n<figure class=\"aligncenter size-full is-resized\"><img loading=\"lazy\" decoding=\"async\" class=\"wp-image-85874\" src=\"https:\/\/exceladvisor.org\/wp-content\/uploads\/2023\/08\/15-vrai-pour-une-autre-valeur-de-recherche.png\" sizes=\"auto, \" srcset=\"\" alt=\"verdadero para otro valor de b\u00fasqueda\" width=\"642\" height=\"375\"><\/figure>\n<\/div>\n<p> Adem\u00e1s, cuando multiplicas las dos matrices, obtienes una nueva matriz con 0 y 1. En esta matriz, 1 est\u00e1 en la sexta posici\u00f3n. <\/p>\n<div class=\"wp-block-image\">\n<figure class=\"aligncenter size-full is-resized\"><img loading=\"lazy\" decoding=\"async\" class=\"wp-image-85875\" src=\"https:\/\/exceladvisor.org\/wp-content\/uploads\/2023\/08\/16-multiplier-les-deux-tableaux.png\" sizes=\"auto, \" srcset=\"\" alt=\"multiplicar ambas matrices\" width=\"700\" height=\"63\"><\/figure>\n<\/div>\n<p> Tenemos lookup_value 1 en la funci\u00f3n y la matriz en lookup_array 1 est\u00e1 en la sexta posici\u00f3n. Es por eso que XLOOKUP devuelve la puntuaci\u00f3n de la sexta posici\u00f3n. <\/p>\n<div class=\"gb-container gb-container-52dfcee1 gb-container-sample-file\">\n<h2 class=\"gb-headline gb-headline-e289c143 gb-headline-text gb-headline-4f7959c2\"> Obtener el archivo Excel<\/h2>\n<p> <a class=\"gb-button gb-button-e88d6bee gb-button-text gb-button-button1\" href=\"https:\/\/exceladvisor.org\/wp-content\/uploads\/2023\/08\/xlookup-plusieurs-criteres-2.xlsx\" rel=\"nofollow\">Descargar<\/a><\/div>\n","protected":false},"excerpt":{"rendered":"<p>Si desea buscar utilizando varios criterios, puede utilizar BUSCAR XL. Y en BUSCARX hay dos formas de hacerlo. En este tutorial, veremos y comprenderemos ambos m\u00e9todos en detalle. En el siguiente ejemplo tenemos una lista de estudiantes con n\u00fameros de lista, nombres y puntuaciones. M\u00faltiples criterios con XLOOKUP (m\u00e9todo de columna auxiliar) Primero, agregue una [&hellip;]<\/p>\n","protected":false},"author":1,"featured_media":0,"parent":0,"menu_order":0,"comment_status":"open","ping_status":"closed","template":"","meta":{"ub_ctt_via":"","footnotes":""},"class_list":["post-254","page","type-page","status-publish","hentry"],"featured_image_src":null,"yoast_head":"<!-- This site is optimized with the Yoast SEO plugin v25.4 - https:\/\/yoast.com\/wordpress\/plugins\/seo\/ -->\n<title>Buscar xl con m\u00faltiples criterios en excel<\/title>\n<meta name=\"robots\" content=\"index, follow, max-snippet:-1, max-image-preview:large, max-video-preview:-1\" \/>\n<link rel=\"canonical\" href=\"https:\/\/exceladvisor.org\/es\/xlookup-con-varios-criterios\/\" \/>\n<meta property=\"og:locale\" content=\"es_ES\" \/>\n<meta property=\"og:type\" content=\"article\" \/>\n<meta property=\"og:title\" content=\"Buscar xl con m\u00faltiples criterios en excel\" \/>\n<meta property=\"og:description\" content=\"Si desea buscar utilizando varios criterios, puede utilizar BUSCAR XL. Y en BUSCARX hay dos formas de hacerlo. En este tutorial, veremos y comprenderemos ambos m\u00e9todos en detalle. En el siguiente ejemplo tenemos una lista de estudiantes con n\u00fameros de lista, nombres y puntuaciones. M\u00faltiples criterios con XLOOKUP (m\u00e9todo de columna auxiliar) Primero, agregue una [&hellip;]\" \/>\n<meta property=\"og:url\" content=\"https:\/\/exceladvisor.org\/es\/xlookup-con-varios-criterios\/\" \/>\n<meta property=\"og:site_name\" content=\"Excel Advisor\" \/>\n<meta property=\"article:modified_time\" content=\"2023-12-25T10:32:35+00:00\" \/>\n<meta property=\"og:image\" content=\"https:\/\/exceladvisor.org\/wp-content\/uploads\/2023\/08\/1-xlookup-avec-plusieurs-criteres.png\" \/>\n<meta name=\"twitter:card\" content=\"summary_large_image\" \/>\n<meta name=\"twitter:label1\" content=\"Tiempo de lectura\" \/>\n\t<meta name=\"twitter:data1\" content=\"2 minutos\" \/>\n<script type=\"application\/ld+json\" class=\"yoast-schema-graph\">{\"@context\":\"https:\/\/schema.org\",\"@graph\":[{\"@type\":\"WebPage\",\"@id\":\"https:\/\/exceladvisor.org\/es\/xlookup-con-varios-criterios\/\",\"url\":\"https:\/\/exceladvisor.org\/es\/xlookup-con-varios-criterios\/\",\"name\":\"Buscar xl con m\u00faltiples criterios en excel\",\"isPartOf\":{\"@id\":\"https:\/\/exceladvisor.org\/es\/#website\"},\"primaryImageOfPage\":{\"@id\":\"https:\/\/exceladvisor.org\/es\/xlookup-con-varios-criterios\/#primaryimage\"},\"image\":{\"@id\":\"https:\/\/exceladvisor.org\/es\/xlookup-con-varios-criterios\/#primaryimage\"},\"thumbnailUrl\":\"https:\/\/exceladvisor.org\/wp-content\/uploads\/2023\/08\/1-xlookup-avec-plusieurs-criteres.png\",\"datePublished\":\"2023-11-08T22:51:33+00:00\",\"dateModified\":\"2023-12-25T10:32:35+00:00\",\"breadcrumb\":{\"@id\":\"https:\/\/exceladvisor.org\/es\/xlookup-con-varios-criterios\/#breadcrumb\"},\"inLanguage\":\"es\",\"potentialAction\":[{\"@type\":\"ReadAction\",\"target\":[\"https:\/\/exceladvisor.org\/es\/xlookup-con-varios-criterios\/\"]}]},{\"@type\":\"ImageObject\",\"inLanguage\":\"es\",\"@id\":\"https:\/\/exceladvisor.org\/es\/xlookup-con-varios-criterios\/#primaryimage\",\"url\":\"https:\/\/exceladvisor.org\/wp-content\/uploads\/2023\/08\/1-xlookup-avec-plusieurs-criteres.png\",\"contentUrl\":\"https:\/\/exceladvisor.org\/wp-content\/uploads\/2023\/08\/1-xlookup-avec-plusieurs-criteres.png\"},{\"@type\":\"BreadcrumbList\",\"@id\":\"https:\/\/exceladvisor.org\/es\/xlookup-con-varios-criterios\/#breadcrumb\",\"itemListElement\":[{\"@type\":\"ListItem\",\"position\":1,\"name\":\"Hogar\",\"item\":\"https:\/\/exceladvisor.org\/es\/\"},{\"@type\":\"ListItem\",\"position\":2,\"name\":\"Buscar xl con m\u00faltiples criterios en excel\"}]},{\"@type\":\"WebSite\",\"@id\":\"https:\/\/exceladvisor.org\/es\/#website\",\"url\":\"https:\/\/exceladvisor.org\/es\/\",\"name\":\"Excel Advisor\",\"description\":\"Su gu\u00eda para la dominaci\u00f3n de datos!\",\"publisher\":{\"@id\":\"https:\/\/exceladvisor.org\/es\/#organization\"},\"potentialAction\":[{\"@type\":\"SearchAction\",\"target\":{\"@type\":\"EntryPoint\",\"urlTemplate\":\"https:\/\/exceladvisor.org\/es\/?s={search_term_string}\"},\"query-input\":{\"@type\":\"PropertyValueSpecification\",\"valueRequired\":true,\"valueName\":\"search_term_string\"}}],\"inLanguage\":\"es\"},{\"@type\":\"Organization\",\"@id\":\"https:\/\/exceladvisor.org\/es\/#organization\",\"name\":\"Excel Advisor\",\"url\":\"https:\/\/exceladvisor.org\/es\/\",\"logo\":{\"@type\":\"ImageObject\",\"inLanguage\":\"es\",\"@id\":\"https:\/\/exceladvisor.org\/es\/#\/schema\/logo\/image\/\",\"url\":\"https:\/\/exceladvisor.org\/es\/wp-content\/uploads\/2023\/12\/exceladvisor.org_.png\",\"contentUrl\":\"https:\/\/exceladvisor.org\/es\/wp-content\/uploads\/2023\/12\/exceladvisor.org_.png\",\"width\":105,\"height\":36,\"caption\":\"Excel Advisor\"},\"image\":{\"@id\":\"https:\/\/exceladvisor.org\/es\/#\/schema\/logo\/image\/\"}}]}<\/script>\n<!-- \/ Yoast SEO plugin. -->","yoast_head_json":{"title":"Buscar xl con m\u00faltiples criterios en excel","robots":{"index":"index","follow":"follow","max-snippet":"max-snippet:-1","max-image-preview":"max-image-preview:large","max-video-preview":"max-video-preview:-1"},"canonical":"https:\/\/exceladvisor.org\/es\/xlookup-con-varios-criterios\/","og_locale":"es_ES","og_type":"article","og_title":"Buscar xl con m\u00faltiples criterios en excel","og_description":"Si desea buscar utilizando varios criterios, puede utilizar BUSCAR XL. Y en BUSCARX hay dos formas de hacerlo. En este tutorial, veremos y comprenderemos ambos m\u00e9todos en detalle. En el siguiente ejemplo tenemos una lista de estudiantes con n\u00fameros de lista, nombres y puntuaciones. M\u00faltiples criterios con XLOOKUP (m\u00e9todo de columna auxiliar) Primero, agregue una [&hellip;]","og_url":"https:\/\/exceladvisor.org\/es\/xlookup-con-varios-criterios\/","og_site_name":"Excel Advisor","article_modified_time":"2023-12-25T10:32:35+00:00","og_image":[{"url":"https:\/\/exceladvisor.org\/wp-content\/uploads\/2023\/08\/1-xlookup-avec-plusieurs-criteres.png","type":"","width":"","height":""}],"twitter_card":"summary_large_image","twitter_misc":{"Tiempo de lectura":"2 minutos"},"schema":{"@context":"https:\/\/schema.org","@graph":[{"@type":"WebPage","@id":"https:\/\/exceladvisor.org\/es\/xlookup-con-varios-criterios\/","url":"https:\/\/exceladvisor.org\/es\/xlookup-con-varios-criterios\/","name":"Buscar xl con m\u00faltiples criterios en excel","isPartOf":{"@id":"https:\/\/exceladvisor.org\/es\/#website"},"primaryImageOfPage":{"@id":"https:\/\/exceladvisor.org\/es\/xlookup-con-varios-criterios\/#primaryimage"},"image":{"@id":"https:\/\/exceladvisor.org\/es\/xlookup-con-varios-criterios\/#primaryimage"},"thumbnailUrl":"https:\/\/exceladvisor.org\/wp-content\/uploads\/2023\/08\/1-xlookup-avec-plusieurs-criteres.png","datePublished":"2023-11-08T22:51:33+00:00","dateModified":"2023-12-25T10:32:35+00:00","breadcrumb":{"@id":"https:\/\/exceladvisor.org\/es\/xlookup-con-varios-criterios\/#breadcrumb"},"inLanguage":"es","potentialAction":[{"@type":"ReadAction","target":["https:\/\/exceladvisor.org\/es\/xlookup-con-varios-criterios\/"]}]},{"@type":"ImageObject","inLanguage":"es","@id":"https:\/\/exceladvisor.org\/es\/xlookup-con-varios-criterios\/#primaryimage","url":"https:\/\/exceladvisor.org\/wp-content\/uploads\/2023\/08\/1-xlookup-avec-plusieurs-criteres.png","contentUrl":"https:\/\/exceladvisor.org\/wp-content\/uploads\/2023\/08\/1-xlookup-avec-plusieurs-criteres.png"},{"@type":"BreadcrumbList","@id":"https:\/\/exceladvisor.org\/es\/xlookup-con-varios-criterios\/#breadcrumb","itemListElement":[{"@type":"ListItem","position":1,"name":"Hogar","item":"https:\/\/exceladvisor.org\/es\/"},{"@type":"ListItem","position":2,"name":"Buscar xl con m\u00faltiples criterios en excel"}]},{"@type":"WebSite","@id":"https:\/\/exceladvisor.org\/es\/#website","url":"https:\/\/exceladvisor.org\/es\/","name":"Excel Advisor","description":"Su gu\u00eda para la dominaci\u00f3n de datos!","publisher":{"@id":"https:\/\/exceladvisor.org\/es\/#organization"},"potentialAction":[{"@type":"SearchAction","target":{"@type":"EntryPoint","urlTemplate":"https:\/\/exceladvisor.org\/es\/?s={search_term_string}"},"query-input":{"@type":"PropertyValueSpecification","valueRequired":true,"valueName":"search_term_string"}}],"inLanguage":"es"},{"@type":"Organization","@id":"https:\/\/exceladvisor.org\/es\/#organization","name":"Excel Advisor","url":"https:\/\/exceladvisor.org\/es\/","logo":{"@type":"ImageObject","inLanguage":"es","@id":"https:\/\/exceladvisor.org\/es\/#\/schema\/logo\/image\/","url":"https:\/\/exceladvisor.org\/es\/wp-content\/uploads\/2023\/12\/exceladvisor.org_.png","contentUrl":"https:\/\/exceladvisor.org\/es\/wp-content\/uploads\/2023\/12\/exceladvisor.org_.png","width":105,"height":36,"caption":"Excel Advisor"},"image":{"@id":"https:\/\/exceladvisor.org\/es\/#\/schema\/logo\/image\/"}}]}},"yoast_meta":{"yoast_wpseo_title":"","yoast_wpseo_metadesc":"","yoast_wpseo_canonical":""},"_links":{"self":[{"href":"https:\/\/exceladvisor.org\/es\/wp-json\/wp\/v2\/pages\/254","targetHints":{"allow":["GET"]}}],"collection":[{"href":"https:\/\/exceladvisor.org\/es\/wp-json\/wp\/v2\/pages"}],"about":[{"href":"https:\/\/exceladvisor.org\/es\/wp-json\/wp\/v2\/types\/page"}],"author":[{"embeddable":true,"href":"https:\/\/exceladvisor.org\/es\/wp-json\/wp\/v2\/users\/1"}],"replies":[{"embeddable":true,"href":"https:\/\/exceladvisor.org\/es\/wp-json\/wp\/v2\/comments?post=254"}],"version-history":[{"count":1,"href":"https:\/\/exceladvisor.org\/es\/wp-json\/wp\/v2\/pages\/254\/revisions"}],"predecessor-version":[{"id":1426,"href":"https:\/\/exceladvisor.org\/es\/wp-json\/wp\/v2\/pages\/254\/revisions\/1426"}],"wp:attachment":[{"href":"https:\/\/exceladvisor.org\/es\/wp-json\/wp\/v2\/media?parent=254"}],"curies":[{"name":"wp","href":"https:\/\/api.w.org\/{rel}","templated":true}]}}