{"id":255,"date":"2023-11-08T22:28:31","date_gmt":"2023-11-08T22:28:31","guid":{"rendered":"https:\/\/exceladvisor.org\/es\/xlookup-todas-las-coincidencias-2\/"},"modified":"2023-12-25T10:32:07","modified_gmt":"2023-12-25T10:32:07","slug":"xlookup-todas-las-coincidencias-2","status":"publish","type":"page","link":"https:\/\/exceladvisor.org\/es\/xlookup-todas-las-coincidencias-2\/","title":{"rendered":"\u00bfpodemos devolver todas las coincidencias en xlookup?"},"content":{"rendered":"<div class=\"excel-antes-del-contenido\" id=\"excel-1255721559\"><script type=\"text\/javascript\">\r\n\tatOptions = {\r\n\t\t'key' : 'c1158f160081d6540a8409e6925dab94',\r\n\t\t'format' : 'iframe',\r\n\t\t'height' : 250,\r\n\t\t'width' : 300,\r\n\t\t'params' : {}\r\n\t};\r\n<\/script>\r\n<script type=\"text\/javascript\" src=\"\/\/www.highperformanceformat.com\/c1158f160081d6540a8409e6925dab94\/invoke.js\"><\/script><\/div><p><strong>Respuesta corta: no es posible.<\/strong> Pero no te preocupes porque existe una funci\u00f3n mejor para conseguir lo que deseas. S\u00ed, todos los partidos. Y la funci\u00f3n es FILTRAR. <\/p>\n<div class=\"wp-block-image\">\n<figure class=\"aligncenter size-full is-resized\"><img loading=\"lazy\" decoding=\"async\" class=\"wp-image-85877\" src=\"https:\/\/exceladvisor.org\/wp-content\/uploads\/2023\/08\/1-xlookup-renvoie-toutes-les-correspondances.png\" sizes=\"auto, \" srcset=\"\" alt=\"xlookup-devuelve-todas-las-coincidencias\" width=\"718\" height=\"458\"><\/figure>\n<\/div>\n<p> En el ejemplo anterior, tenemos todos los datos correspondientes a ESTE en la columna de zona.<\/p>\n<h2 class=\"wp-block-heading\"> La formula<\/h2>\n<p> Entonces, aqu\u00ed se explica c\u00f3mo usar esta funci\u00f3n para obtener todas las coincidencias:<\/p>\n<ol>\n<li> Primero ingrese la funci\u00f3n FILTRO en una celda. <br \/><img loading=\"lazy\" decoding=\"async\" title=\"2 funciones de filtro para hacer coincidir los datos\" src=\"https:\/\/exceladvisor.org\/wp-content\/uploads\/2023\/08\/2-fonction-de-filtrage-pour-faire-correspondre-les-donnees.png\" sizes=\"auto, \" srcset=\"\" alt=\"filter-function-to-match-data\" width=\"647\" height=\"266\"><\/li>\n<li> Despu\u00e9s de eso, en el argumento de la matriz, seleccione todo el rango de datos. <br \/><img loading=\"lazy\" decoding=\"async\" title=\"rango de 3 selecciones\" src=\"https:\/\/exceladvisor.org\/wp-content\/uploads\/2023\/08\/3-selectionner-la-gamme-2.png\" sizes=\"auto, \" srcset=\"\" alt=\"select-the-range\" width=\"606\" height=\"353\"><\/li>\n<li> Luego, en el argumento de inclusi\u00f3n, seleccione la columna desde la cual desea verificar todos los valores coincidentes. <br \/><img loading=\"lazy\" decoding=\"async\" title=\"4-columnas-de-las-que-quieres-verificar-correspondencias\" src=\"https:\/\/exceladvisor.org\/wp-content\/uploads\/2023\/08\/4-colonnes-a-partir-desquelles-vous-voulez-verifier-les-correspondances.png\" sizes=\"auto, \" srcset=\"\" alt=\"column-from-which-want-to-check-matches\" width=\"615\" height=\"124\"><\/li>\n<li> En el mismo argumento, despu\u00e9s del rango de esta columna, ingrese el signo igual (=) y el valor para verificar si hay coincidencias. Nuevamente, use comillas dobles para especificar texto. <br \/><img loading=\"lazy\" decoding=\"async\" title=\"5-ingrese el signo-igual para hacer coincidir los valores\" src=\"https:\/\/exceladvisor.org\/wp-content\/uploads\/2023\/08\/5-entrez-le-signe-egal-pour-faire-correspondre-les-valeurs.png\" sizes=\"auto, \" srcset=\"\" alt=\"enter-equal-sign-to-match-values\" width=\"593\" height=\"235\"><\/li>\n<li> Cierre la funci\u00f3n y presione Enter para obtener el resultado.<\/li>\n<\/ol>\n<p> Y en el momento en que presione Enter, devolver\u00e1 una matriz con todas las coincidencias donde el valor del cuadro es \u00abEste\u00bb. <\/p>\n<div class=\"wp-block-image\">\n<figure class=\"aligncenter size-full is-resized\"><img loading=\"lazy\" decoding=\"async\" class=\"wp-image-85882\" src=\"https:\/\/exceladvisor.org\/wp-content\/uploads\/2023\/08\/6-tableaux-avec-toutes-les-correspondances.png\" sizes=\"auto, \" srcset=\"\" alt=\"tabla-con-todas-las-correspondencias\" width=\"724\" height=\"311\"><\/figure>\n<\/div>\n<p> S\u00ed, FILTRO es una funci\u00f3n de matriz din\u00e1mica en la que no es necesario usar CTRL+MAY\u00daS+ENTRAR para obtener el resultado.<\/p>\n<p> Obtendr\u00e1 autom\u00e1ticamente la respuesta en un rango basado en su tama\u00f1o. Por lo tanto, debes asegurarte de que el \u00e1rea donde ingresas a la funci\u00f3n tenga suficiente espacio para obtener todas las coincidencias.<\/p>\n<p> Si tiene un valor en cualquier lugar del rango que deber\u00eda usar la matriz devuelta por la funci\u00f3n FILTRO, obtendr\u00e1 el <a href=\"https:\/\/exceladvisor.org\/es\/error-de-derrame\/\">mensaje #SPILL! Error<\/a> . <\/p>\n<div class=\"wp-block-image\">\n<figure class=\"aligncenter size-full is-resized\"><img loading=\"lazy\" decoding=\"async\" class=\"wp-image-85883\" src=\"https:\/\/exceladvisor.org\/wp-content\/uploads\/2023\/08\/7-filtre-est-une-fonction-dynamique.png\" sizes=\"auto, \" srcset=\"\" alt=\"el filtro es una funci\u00f3n din\u00e1mica\" width=\"722\" height=\"314\"><\/figure>\n<\/div>\n<div class=\"wp-block-group download-box is-layout-constrained\">\n<div class=\"wp-block-group__inner-container\">\n<h2 class=\"wp-block-heading\"> Descargar un archivo de muestra <\/h2>\n<ul id=\"ub_styled_list-783c7262-bbc4-413a-8992-98444db87668\" class=\"ub_styled_list\">\n<li class=\"ub_styled_list_item\"> <a href=\"https:\/\/exceladvisor.org\/wp-content\/uploads\/2023\/08\/xlookup-toutes-les-correspondances.xlsx\" rel=\"nofollow\">Ejemplo de archivo<\/a><\/li>\n<\/ul>\n<\/div>\n<\/div>\n","protected":false},"excerpt":{"rendered":"<p>Respuesta corta: no es posible. Pero no te preocupes porque existe una funci\u00f3n mejor para conseguir lo que deseas. S\u00ed, todos los partidos. Y la funci\u00f3n es FILTRAR. En el ejemplo anterior, tenemos todos los datos correspondientes a ESTE en la columna de zona. La formula Entonces, aqu\u00ed se explica c\u00f3mo usar esta funci\u00f3n para [&hellip;]<\/p>\n","protected":false},"author":1,"featured_media":0,"parent":0,"menu_order":0,"comment_status":"open","ping_status":"closed","template":"","meta":{"ub_ctt_via":"","footnotes":""},"class_list":["post-255","page","type-page","status-publish","hentry"],"featured_image_src":null,"yoast_head":"<!-- This site is optimized with the Yoast SEO plugin v25.4 - https:\/\/yoast.com\/wordpress\/plugins\/seo\/ -->\n<title>\u00bfpodemos devolver todas las coincidencias en xlookup?<\/title>\n<meta name=\"robots\" content=\"index, follow, max-snippet:-1, max-image-preview:large, max-video-preview:-1\" \/>\n<link rel=\"canonical\" href=\"https:\/\/exceladvisor.org\/es\/xlookup-todas-las-coincidencias-2\/\" \/>\n<meta property=\"og:locale\" content=\"es_ES\" \/>\n<meta property=\"og:type\" content=\"article\" \/>\n<meta property=\"og:title\" content=\"\u00bfpodemos devolver todas las coincidencias en xlookup?\" \/>\n<meta property=\"og:description\" content=\"Respuesta corta: no es posible. Pero no te preocupes porque existe una funci\u00f3n mejor para conseguir lo que deseas. S\u00ed, todos los partidos. Y la funci\u00f3n es FILTRAR. En el ejemplo anterior, tenemos todos los datos correspondientes a ESTE en la columna de zona. La formula Entonces, aqu\u00ed se explica c\u00f3mo usar esta funci\u00f3n para [&hellip;]\" \/>\n<meta property=\"og:url\" content=\"https:\/\/exceladvisor.org\/es\/xlookup-todas-las-coincidencias-2\/\" \/>\n<meta property=\"og:site_name\" content=\"Excel Advisor\" \/>\n<meta property=\"article:modified_time\" content=\"2023-12-25T10:32:07+00:00\" \/>\n<meta property=\"og:image\" content=\"https:\/\/exceladvisor.org\/wp-content\/uploads\/2023\/08\/1-xlookup-renvoie-toutes-les-correspondances.png\" \/>\n<meta name=\"twitter:card\" content=\"summary_large_image\" \/>\n<meta name=\"twitter:label1\" content=\"Tiempo de lectura\" \/>\n\t<meta name=\"twitter:data1\" content=\"1 minuto\" \/>\n<script type=\"application\/ld+json\" class=\"yoast-schema-graph\">{\"@context\":\"https:\/\/schema.org\",\"@graph\":[{\"@type\":\"WebPage\",\"@id\":\"https:\/\/exceladvisor.org\/es\/xlookup-todas-las-coincidencias-2\/\",\"url\":\"https:\/\/exceladvisor.org\/es\/xlookup-todas-las-coincidencias-2\/\",\"name\":\"\u00bfpodemos devolver todas las coincidencias en xlookup?\",\"isPartOf\":{\"@id\":\"https:\/\/exceladvisor.org\/es\/#website\"},\"primaryImageOfPage\":{\"@id\":\"https:\/\/exceladvisor.org\/es\/xlookup-todas-las-coincidencias-2\/#primaryimage\"},\"image\":{\"@id\":\"https:\/\/exceladvisor.org\/es\/xlookup-todas-las-coincidencias-2\/#primaryimage\"},\"thumbnailUrl\":\"https:\/\/exceladvisor.org\/wp-content\/uploads\/2023\/08\/1-xlookup-renvoie-toutes-les-correspondances.png\",\"datePublished\":\"2023-11-08T22:28:31+00:00\",\"dateModified\":\"2023-12-25T10:32:07+00:00\",\"breadcrumb\":{\"@id\":\"https:\/\/exceladvisor.org\/es\/xlookup-todas-las-coincidencias-2\/#breadcrumb\"},\"inLanguage\":\"es\",\"potentialAction\":[{\"@type\":\"ReadAction\",\"target\":[\"https:\/\/exceladvisor.org\/es\/xlookup-todas-las-coincidencias-2\/\"]}]},{\"@type\":\"ImageObject\",\"inLanguage\":\"es\",\"@id\":\"https:\/\/exceladvisor.org\/es\/xlookup-todas-las-coincidencias-2\/#primaryimage\",\"url\":\"https:\/\/exceladvisor.org\/wp-content\/uploads\/2023\/08\/1-xlookup-renvoie-toutes-les-correspondances.png\",\"contentUrl\":\"https:\/\/exceladvisor.org\/wp-content\/uploads\/2023\/08\/1-xlookup-renvoie-toutes-les-correspondances.png\"},{\"@type\":\"BreadcrumbList\",\"@id\":\"https:\/\/exceladvisor.org\/es\/xlookup-todas-las-coincidencias-2\/#breadcrumb\",\"itemListElement\":[{\"@type\":\"ListItem\",\"position\":1,\"name\":\"Hogar\",\"item\":\"https:\/\/exceladvisor.org\/es\/\"},{\"@type\":\"ListItem\",\"position\":2,\"name\":\"\u00bfpodemos devolver todas las coincidencias en xlookup?\"}]},{\"@type\":\"WebSite\",\"@id\":\"https:\/\/exceladvisor.org\/es\/#website\",\"url\":\"https:\/\/exceladvisor.org\/es\/\",\"name\":\"Excel Advisor\",\"description\":\"Su gu\u00eda para la dominaci\u00f3n de datos!\",\"publisher\":{\"@id\":\"https:\/\/exceladvisor.org\/es\/#organization\"},\"potentialAction\":[{\"@type\":\"SearchAction\",\"target\":{\"@type\":\"EntryPoint\",\"urlTemplate\":\"https:\/\/exceladvisor.org\/es\/?s={search_term_string}\"},\"query-input\":{\"@type\":\"PropertyValueSpecification\",\"valueRequired\":true,\"valueName\":\"search_term_string\"}}],\"inLanguage\":\"es\"},{\"@type\":\"Organization\",\"@id\":\"https:\/\/exceladvisor.org\/es\/#organization\",\"name\":\"Excel Advisor\",\"url\":\"https:\/\/exceladvisor.org\/es\/\",\"logo\":{\"@type\":\"ImageObject\",\"inLanguage\":\"es\",\"@id\":\"https:\/\/exceladvisor.org\/es\/#\/schema\/logo\/image\/\",\"url\":\"https:\/\/exceladvisor.org\/es\/wp-content\/uploads\/2023\/12\/exceladvisor.org_.png\",\"contentUrl\":\"https:\/\/exceladvisor.org\/es\/wp-content\/uploads\/2023\/12\/exceladvisor.org_.png\",\"width\":105,\"height\":36,\"caption\":\"Excel Advisor\"},\"image\":{\"@id\":\"https:\/\/exceladvisor.org\/es\/#\/schema\/logo\/image\/\"}}]}<\/script>\n<!-- \/ Yoast SEO plugin. -->","yoast_head_json":{"title":"\u00bfpodemos devolver todas las coincidencias en xlookup?","robots":{"index":"index","follow":"follow","max-snippet":"max-snippet:-1","max-image-preview":"max-image-preview:large","max-video-preview":"max-video-preview:-1"},"canonical":"https:\/\/exceladvisor.org\/es\/xlookup-todas-las-coincidencias-2\/","og_locale":"es_ES","og_type":"article","og_title":"\u00bfpodemos devolver todas las coincidencias en xlookup?","og_description":"Respuesta corta: no es posible. Pero no te preocupes porque existe una funci\u00f3n mejor para conseguir lo que deseas. S\u00ed, todos los partidos. Y la funci\u00f3n es FILTRAR. En el ejemplo anterior, tenemos todos los datos correspondientes a ESTE en la columna de zona. La formula Entonces, aqu\u00ed se explica c\u00f3mo usar esta funci\u00f3n para [&hellip;]","og_url":"https:\/\/exceladvisor.org\/es\/xlookup-todas-las-coincidencias-2\/","og_site_name":"Excel Advisor","article_modified_time":"2023-12-25T10:32:07+00:00","og_image":[{"url":"https:\/\/exceladvisor.org\/wp-content\/uploads\/2023\/08\/1-xlookup-renvoie-toutes-les-correspondances.png","type":"","width":"","height":""}],"twitter_card":"summary_large_image","twitter_misc":{"Tiempo de lectura":"1 minuto"},"schema":{"@context":"https:\/\/schema.org","@graph":[{"@type":"WebPage","@id":"https:\/\/exceladvisor.org\/es\/xlookup-todas-las-coincidencias-2\/","url":"https:\/\/exceladvisor.org\/es\/xlookup-todas-las-coincidencias-2\/","name":"\u00bfpodemos devolver todas las coincidencias en xlookup?","isPartOf":{"@id":"https:\/\/exceladvisor.org\/es\/#website"},"primaryImageOfPage":{"@id":"https:\/\/exceladvisor.org\/es\/xlookup-todas-las-coincidencias-2\/#primaryimage"},"image":{"@id":"https:\/\/exceladvisor.org\/es\/xlookup-todas-las-coincidencias-2\/#primaryimage"},"thumbnailUrl":"https:\/\/exceladvisor.org\/wp-content\/uploads\/2023\/08\/1-xlookup-renvoie-toutes-les-correspondances.png","datePublished":"2023-11-08T22:28:31+00:00","dateModified":"2023-12-25T10:32:07+00:00","breadcrumb":{"@id":"https:\/\/exceladvisor.org\/es\/xlookup-todas-las-coincidencias-2\/#breadcrumb"},"inLanguage":"es","potentialAction":[{"@type":"ReadAction","target":["https:\/\/exceladvisor.org\/es\/xlookup-todas-las-coincidencias-2\/"]}]},{"@type":"ImageObject","inLanguage":"es","@id":"https:\/\/exceladvisor.org\/es\/xlookup-todas-las-coincidencias-2\/#primaryimage","url":"https:\/\/exceladvisor.org\/wp-content\/uploads\/2023\/08\/1-xlookup-renvoie-toutes-les-correspondances.png","contentUrl":"https:\/\/exceladvisor.org\/wp-content\/uploads\/2023\/08\/1-xlookup-renvoie-toutes-les-correspondances.png"},{"@type":"BreadcrumbList","@id":"https:\/\/exceladvisor.org\/es\/xlookup-todas-las-coincidencias-2\/#breadcrumb","itemListElement":[{"@type":"ListItem","position":1,"name":"Hogar","item":"https:\/\/exceladvisor.org\/es\/"},{"@type":"ListItem","position":2,"name":"\u00bfpodemos devolver todas las coincidencias en xlookup?"}]},{"@type":"WebSite","@id":"https:\/\/exceladvisor.org\/es\/#website","url":"https:\/\/exceladvisor.org\/es\/","name":"Excel Advisor","description":"Su gu\u00eda para la dominaci\u00f3n de datos!","publisher":{"@id":"https:\/\/exceladvisor.org\/es\/#organization"},"potentialAction":[{"@type":"SearchAction","target":{"@type":"EntryPoint","urlTemplate":"https:\/\/exceladvisor.org\/es\/?s={search_term_string}"},"query-input":{"@type":"PropertyValueSpecification","valueRequired":true,"valueName":"search_term_string"}}],"inLanguage":"es"},{"@type":"Organization","@id":"https:\/\/exceladvisor.org\/es\/#organization","name":"Excel Advisor","url":"https:\/\/exceladvisor.org\/es\/","logo":{"@type":"ImageObject","inLanguage":"es","@id":"https:\/\/exceladvisor.org\/es\/#\/schema\/logo\/image\/","url":"https:\/\/exceladvisor.org\/es\/wp-content\/uploads\/2023\/12\/exceladvisor.org_.png","contentUrl":"https:\/\/exceladvisor.org\/es\/wp-content\/uploads\/2023\/12\/exceladvisor.org_.png","width":105,"height":36,"caption":"Excel Advisor"},"image":{"@id":"https:\/\/exceladvisor.org\/es\/#\/schema\/logo\/image\/"}}]}},"yoast_meta":{"yoast_wpseo_title":"","yoast_wpseo_metadesc":"","yoast_wpseo_canonical":""},"_links":{"self":[{"href":"https:\/\/exceladvisor.org\/es\/wp-json\/wp\/v2\/pages\/255","targetHints":{"allow":["GET"]}}],"collection":[{"href":"https:\/\/exceladvisor.org\/es\/wp-json\/wp\/v2\/pages"}],"about":[{"href":"https:\/\/exceladvisor.org\/es\/wp-json\/wp\/v2\/types\/page"}],"author":[{"embeddable":true,"href":"https:\/\/exceladvisor.org\/es\/wp-json\/wp\/v2\/users\/1"}],"replies":[{"embeddable":true,"href":"https:\/\/exceladvisor.org\/es\/wp-json\/wp\/v2\/comments?post=255"}],"version-history":[{"count":1,"href":"https:\/\/exceladvisor.org\/es\/wp-json\/wp\/v2\/pages\/255\/revisions"}],"predecessor-version":[{"id":1400,"href":"https:\/\/exceladvisor.org\/es\/wp-json\/wp\/v2\/pages\/255\/revisions\/1400"}],"wp:attachment":[{"href":"https:\/\/exceladvisor.org\/es\/wp-json\/wp\/v2\/media?parent=255"}],"curies":[{"name":"wp","href":"https:\/\/api.w.org\/{rel}","templated":true}]}}