{"id":256,"date":"2023-11-08T21:51:25","date_gmt":"2023-11-08T21:51:25","guid":{"rendered":"https:\/\/exceladvisor.org\/es\/error-de-division\/"},"modified":"2023-12-25T10:27:15","modified_gmt":"2023-12-25T10:27:15","slug":"error-de-division","status":"publish","type":"page","link":"https:\/\/exceladvisor.org\/es\/error-de-division\/","title":{"rendered":"\u00bfc\u00f3mo solucionar el error #div\/0 en excel?"},"content":{"rendered":"<div class=\"excel-antes-del-contenido\" id=\"excel-1985484654\"><script type=\"text\/javascript\">\r\n\tatOptions = {\r\n\t\t'key' : 'c1158f160081d6540a8409e6925dab94',\r\n\t\t'format' : 'iframe',\r\n\t\t'height' : 250,\r\n\t\t'width' : 300,\r\n\t\t'params' : {}\r\n\t};\r\n<\/script>\r\n<script type=\"text\/javascript\" src=\"\/\/www.highperformanceformat.com\/c1158f160081d6540a8409e6925dab94\/invoke.js\"><\/script><\/div><p>En Excel, el #DIV\/0! Se produce un error cuando intentas dividir un n\u00famero entre un cero o tienes un valor equivalente a cero, que puede ser un valor en blanco. \u00a1Es por eso que obtienes el signo #DVI\/0! lo que indica que est\u00e1s intentando dividir un valor por cero.<\/p>\n<p> En el siguiente ejemplo, ver\u00e1 que tenemos un valor num\u00e9rico en la celda A1 y luego tenemos un cero en la celda B1. Ahora, cuando ingresas una f\u00f3rmula en la celda C1. Obtienes este error. <\/p>\n<div class=\"wp-block-image\">\n<figure class=\"aligncenter size-full is-resized\"><img loading=\"lazy\" decoding=\"async\" class=\"wp-image-70613\" src=\"https:\/\/exceladvisor.org\/wp-content\/uploads\/2023\/08\/1-diviser-les-cellules.png\" sizes=\"auto, \" srcset=\"\" alt=\"c\u00e9lulas divididas\" width=\"413\" height=\"307\"><\/figure>\n<\/div>\n<h2 id=\"h-div-0-with-a-blank-cell\" class=\"wp-block-heading\"> #DIV\/0! Con una celda vac\u00eda<\/h2>\n<p> Aparte de eso, si usa una referencia de celda en la f\u00f3rmula y una de las celdas ya tiene un #DIV\/0. Recibir\u00e1 este error nuevamente en el resultado. <\/p>\n<div class=\"wp-block-image\">\n<figure class=\"aligncenter size-full is-resized\"><img loading=\"lazy\" decoding=\"async\" class=\"wp-image-70614\" src=\"https:\/\/exceladvisor.org\/wp-content\/uploads\/2023\/08\/erreur-2-div0.png\" sizes=\"auto, \" srcset=\"\" alt=\"#div0-error\" width=\"402\" height=\"319\"><\/figure>\n<\/div>\n<h2 id=\"h-div-0-error-with-an-average\" class=\"wp-block-heading\"> #DIV\/0! Error con un promedio<\/h2>\n<p> Si usas una funci\u00f3n de promedio para calcular el promedio de un valor num\u00e9rico y uno de esos valores es un #DIV\/0! Error, volver\u00e1 a aparecer el error en el resultado. Incluso con otras funciones promedio como AVERAGEA, AVERAGEIF y AVERAGEIFS encontrar\u00e1s el mismo problema. <\/p>\n<div class=\"wp-block-image\">\n<figure class=\"aligncenter size-full is-resized\"><img loading=\"lazy\" decoding=\"async\" class=\"wp-image-70615\" src=\"https:\/\/exceladvisor.org\/wp-content\/uploads\/2023\/08\/erreur-3-div0-avec-moyenne.png\" sizes=\"auto, \" srcset=\"\" alt=\"#div0-error-con-promedio\" width=\"401\" height=\"366\"><\/figure>\n<\/div>\n<h2 id=\"h-how-to-fix-div-0-divide-by-zero-error\" class=\"wp-block-heading\"> \u00a1C\u00f3mo arreglar #DIV\/0! (Dividido por cero) Error<\/h2>\n<p> La mejor manera de corregir este error es ajustar la f\u00f3rmula original con la funci\u00f3n SI.ERROR para crear una condici\u00f3n si ocurre un error.<\/p>\n<ol type=\"1\">\n<li> Primero, si es todo, ingrese SIERROR en la celda C1 e ingrese los par\u00e9ntesis iniciales.<\/li>\n<li> Despu\u00e9s de eso, en el argumento del valor, use la f\u00f3rmula de divisi\u00f3n.<\/li>\n<li> \u00a1Ahora ingrese una coma y en value_if_error ingrese el valor que desea obtener si #DIV\/0! Error o cualquier otro error.<\/li>\n<li> Al final, agregue los par\u00e9ntesis de cierre y presione Enter. <\/li>\n<\/ol>\n<div class=\"wp-block-image\">\n<figure class=\"aligncenter size-full is-resized\"><img loading=\"lazy\" decoding=\"async\" class=\"wp-image-70616\" src=\"https:\/\/exceladvisor.org\/wp-content\/uploads\/2023\/08\/4-corriger-lerreur.png\" sizes=\"auto, \" srcset=\"\" alt=\"arreglar el error\" width=\"537\" height=\"280\"><\/figure>\n<\/div>\n<pre class=\"wp-block-code\"> <code class=\"language-excel-formula\" lang=\"excel-formula\">=IFERROR(A1\/B1,\"There's an Error\")<\/code><\/pre>\n<p> Esta es una de las soluciones para garantizar que tenga un resultado m\u00e1s legible cuando intente dividir un n\u00famero por cero (#DIV\/0!).<\/p>\n<h2 id=\"h-using-if-to-fix-div-0-error\" class=\"wp-block-heading\"> \u00a1Utilice IF para corregir #DIV\/0! Error<\/h2>\n<p> Pero aparte de eso, tambi\u00e9n puedes usar la condici\u00f3n IF para crear una prueba si hay un error y luego reemplazar ese valor de error con otra cosa. <\/p>\n<div class=\"wp-block-image\">\n<figure class=\"aligncenter size-full is-resized\"><img loading=\"lazy\" decoding=\"async\" class=\"wp-image-70617\" src=\"https:\/\/exceladvisor.org\/wp-content\/uploads\/2023\/08\/5-utiliser-if-pour-corriger-lerreur.png\" sizes=\"auto, \" srcset=\"\" alt=\"usar-si-para-corregir-error\" width=\"598\" height=\"244\"><\/figure>\n<\/div>\n<p> En el ejemplo anterior, hemos utilizado la funci\u00f3n IF e ISERROR para crear la condici\u00f3n. En la f\u00f3rmula, primero usamos la funci\u00f3n IF, y en el primer argumento de IF usamos ISERROR para probar si hay alg\u00fan error en el c\u00e1lculo.<\/p>\n<p> Y si hay error nos devolver\u00e1 el valor que especificamos y si no hay error volver\u00e1 a dividir el valor de A1 por los valores de la celda B1. <\/p>\n<div class=\"gb-container gb-container-bafb25cc gb-container-download-2\">\n<div class=\"gb-grid-wrapper gb-grid-wrapper-91201309 gb-grid-wrapper-download-2\">\n<div class=\"gb-grid-column gb-grid-column-15a917ef\">\n<div class=\"gb-container gb-container-15a917ef\">\n<h2 class=\"gb-headline gb-headline-f2deb261 gb-headline-text\"> Obtener el archivo Excel <\/h2>\n<\/div>\n<\/div>\n<div class=\"gb-grid-column gb-grid-column-18357188\">\n<div class=\"gb-container gb-container-18357188\">\n<div class=\"gb-container gb-container-76cbe15e\"> <a class=\"gb-button gb-button-509e8e50 gb-button-text gb-button-download-2\" href=\"https:\/\/exceladvisor.org\/wp-content\/uploads\/2023\/08\/erreur-div0.xlsx\" rel=\"nofollow\">Descargar<\/a><\/div>\n<\/div>\n<\/div>\n<\/div>\n<\/div>\n<div class=\"gb-container gb-container-0df56012 gb-container-mt\"> <a class=\"gb-button gb-button-f9f432f4 gb-button-text gb-button-mt-button\" href=\"https:\/\/exceladvisor.org\/es\/formulas\/\">Lista de f\u00f3rmulas de Excel<\/a><\/p>\n<h2 class=\"gb-headline gb-headline-233444e8 gb-headline-text gb-headline-mt-heading\"> F\u00f3rmulas relacionadas <\/h2>\n<div class=\"gb-grid-wrapper gb-grid-wrapper-a16fa65c gb-grid-wrapper-mt-grid\">\n<div class=\"gb-grid-column gb-grid-column-50d07e0d\">\n<div class=\"gb-container gb-container-50d07e0d\">\n<ul>\n<li> <a href=\"https:\/\/exceladvisor.org\/es\/error-de-derrame\/\">#\u00a1DESPARRAMAR! Error<\/a><\/li>\n<li> <a href=\"https:\/\/exceladvisor.org\/es\/error-de-valor\/\">#VALORError<\/a><\/li>\n<li> <a href=\"https:\/\/exceladvisor.org\/es\/ignorar-errores\/\">Ignorar todos los errores en Excel<\/a> <\/li>\n<\/ul>\n<\/div>\n<\/div>\n<div class=\"gb-grid-column gb-grid-column-5b4a0cf9\">\n<div class=\"gb-container gb-container-5b4a0cf9\">\n<ul>\n<li> <a href=\"https:\/\/exceladvisor.org\/es\/sin-error\/\">#N\/A Error en Excel<\/a><\/li>\n<li> <a href=\"https:\/\/exceladvisor.org\/es\/error-de-referencia\/\">#\u00a1\u00c1RBITRO! error en excel<\/a><\/li>\n<\/ul>\n<\/div>\n<\/div>\n<\/div>\n<\/div>\n","protected":false},"excerpt":{"rendered":"<p>En Excel, el #DIV\/0! Se produce un error cuando intentas dividir un n\u00famero entre un cero o tienes un valor equivalente a cero, que puede ser un valor en blanco. \u00a1Es por eso que obtienes el signo #DVI\/0! lo que indica que est\u00e1s intentando dividir un valor por cero. En el siguiente ejemplo, ver\u00e1 que [&hellip;]<\/p>\n","protected":false},"author":1,"featured_media":0,"parent":0,"menu_order":0,"comment_status":"open","ping_status":"closed","template":"","meta":{"ub_ctt_via":"","footnotes":""},"class_list":["post-256","page","type-page","status-publish","hentry"],"featured_image_src":null,"yoast_head":"<!-- This site is optimized with the Yoast SEO plugin v25.4 - https:\/\/yoast.com\/wordpress\/plugins\/seo\/ -->\n<title>\u00bfc\u00f3mo solucionar el error #div\/0 en excel?<\/title>\n<meta name=\"robots\" content=\"index, follow, max-snippet:-1, max-image-preview:large, max-video-preview:-1\" \/>\n<link rel=\"canonical\" href=\"https:\/\/exceladvisor.org\/es\/error-de-division\/\" \/>\n<meta property=\"og:locale\" content=\"es_ES\" \/>\n<meta property=\"og:type\" content=\"article\" \/>\n<meta property=\"og:title\" content=\"\u00bfc\u00f3mo solucionar el error #div\/0 en excel?\" \/>\n<meta property=\"og:description\" content=\"En Excel, el #DIV\/0! Se produce un error cuando intentas dividir un n\u00famero entre un cero o tienes un valor equivalente a cero, que puede ser un valor en blanco. \u00a1Es por eso que obtienes el signo #DVI\/0! lo que indica que est\u00e1s intentando dividir un valor por cero. En el siguiente ejemplo, ver\u00e1 que [&hellip;]\" \/>\n<meta property=\"og:url\" content=\"https:\/\/exceladvisor.org\/es\/error-de-division\/\" \/>\n<meta property=\"og:site_name\" content=\"Excel Advisor\" \/>\n<meta property=\"article:modified_time\" content=\"2023-12-25T10:27:15+00:00\" \/>\n<meta property=\"og:image\" content=\"https:\/\/exceladvisor.org\/wp-content\/uploads\/2023\/08\/1-diviser-les-cellules.png\" \/>\n<meta name=\"twitter:card\" content=\"summary_large_image\" \/>\n<meta name=\"twitter:label1\" content=\"Tiempo de lectura\" \/>\n\t<meta name=\"twitter:data1\" content=\"2 minutos\" \/>\n<script type=\"application\/ld+json\" class=\"yoast-schema-graph\">{\"@context\":\"https:\/\/schema.org\",\"@graph\":[{\"@type\":\"WebPage\",\"@id\":\"https:\/\/exceladvisor.org\/es\/error-de-division\/\",\"url\":\"https:\/\/exceladvisor.org\/es\/error-de-division\/\",\"name\":\"\u00bfc\u00f3mo solucionar el error #div\/0 en excel?\",\"isPartOf\":{\"@id\":\"https:\/\/exceladvisor.org\/es\/#website\"},\"primaryImageOfPage\":{\"@id\":\"https:\/\/exceladvisor.org\/es\/error-de-division\/#primaryimage\"},\"image\":{\"@id\":\"https:\/\/exceladvisor.org\/es\/error-de-division\/#primaryimage\"},\"thumbnailUrl\":\"https:\/\/exceladvisor.org\/wp-content\/uploads\/2023\/08\/1-diviser-les-cellules.png\",\"datePublished\":\"2023-11-08T21:51:25+00:00\",\"dateModified\":\"2023-12-25T10:27:15+00:00\",\"breadcrumb\":{\"@id\":\"https:\/\/exceladvisor.org\/es\/error-de-division\/#breadcrumb\"},\"inLanguage\":\"es\",\"potentialAction\":[{\"@type\":\"ReadAction\",\"target\":[\"https:\/\/exceladvisor.org\/es\/error-de-division\/\"]}]},{\"@type\":\"ImageObject\",\"inLanguage\":\"es\",\"@id\":\"https:\/\/exceladvisor.org\/es\/error-de-division\/#primaryimage\",\"url\":\"https:\/\/exceladvisor.org\/wp-content\/uploads\/2023\/08\/1-diviser-les-cellules.png\",\"contentUrl\":\"https:\/\/exceladvisor.org\/wp-content\/uploads\/2023\/08\/1-diviser-les-cellules.png\"},{\"@type\":\"BreadcrumbList\",\"@id\":\"https:\/\/exceladvisor.org\/es\/error-de-division\/#breadcrumb\",\"itemListElement\":[{\"@type\":\"ListItem\",\"position\":1,\"name\":\"Hogar\",\"item\":\"https:\/\/exceladvisor.org\/es\/\"},{\"@type\":\"ListItem\",\"position\":2,\"name\":\"\u00bfc\u00f3mo solucionar el error #div\/0 en excel?\"}]},{\"@type\":\"WebSite\",\"@id\":\"https:\/\/exceladvisor.org\/es\/#website\",\"url\":\"https:\/\/exceladvisor.org\/es\/\",\"name\":\"Excel Advisor\",\"description\":\"Su gu\u00eda para la dominaci\u00f3n de datos!\",\"publisher\":{\"@id\":\"https:\/\/exceladvisor.org\/es\/#organization\"},\"potentialAction\":[{\"@type\":\"SearchAction\",\"target\":{\"@type\":\"EntryPoint\",\"urlTemplate\":\"https:\/\/exceladvisor.org\/es\/?s={search_term_string}\"},\"query-input\":{\"@type\":\"PropertyValueSpecification\",\"valueRequired\":true,\"valueName\":\"search_term_string\"}}],\"inLanguage\":\"es\"},{\"@type\":\"Organization\",\"@id\":\"https:\/\/exceladvisor.org\/es\/#organization\",\"name\":\"Excel Advisor\",\"url\":\"https:\/\/exceladvisor.org\/es\/\",\"logo\":{\"@type\":\"ImageObject\",\"inLanguage\":\"es\",\"@id\":\"https:\/\/exceladvisor.org\/es\/#\/schema\/logo\/image\/\",\"url\":\"https:\/\/exceladvisor.org\/es\/wp-content\/uploads\/2023\/12\/exceladvisor.org_.png\",\"contentUrl\":\"https:\/\/exceladvisor.org\/es\/wp-content\/uploads\/2023\/12\/exceladvisor.org_.png\",\"width\":105,\"height\":36,\"caption\":\"Excel Advisor\"},\"image\":{\"@id\":\"https:\/\/exceladvisor.org\/es\/#\/schema\/logo\/image\/\"}}]}<\/script>\n<!-- \/ Yoast SEO plugin. -->","yoast_head_json":{"title":"\u00bfc\u00f3mo solucionar el error #div\/0 en excel?","robots":{"index":"index","follow":"follow","max-snippet":"max-snippet:-1","max-image-preview":"max-image-preview:large","max-video-preview":"max-video-preview:-1"},"canonical":"https:\/\/exceladvisor.org\/es\/error-de-division\/","og_locale":"es_ES","og_type":"article","og_title":"\u00bfc\u00f3mo solucionar el error #div\/0 en excel?","og_description":"En Excel, el #DIV\/0! Se produce un error cuando intentas dividir un n\u00famero entre un cero o tienes un valor equivalente a cero, que puede ser un valor en blanco. \u00a1Es por eso que obtienes el signo #DVI\/0! lo que indica que est\u00e1s intentando dividir un valor por cero. En el siguiente ejemplo, ver\u00e1 que [&hellip;]","og_url":"https:\/\/exceladvisor.org\/es\/error-de-division\/","og_site_name":"Excel Advisor","article_modified_time":"2023-12-25T10:27:15+00:00","og_image":[{"url":"https:\/\/exceladvisor.org\/wp-content\/uploads\/2023\/08\/1-diviser-les-cellules.png","type":"","width":"","height":""}],"twitter_card":"summary_large_image","twitter_misc":{"Tiempo de lectura":"2 minutos"},"schema":{"@context":"https:\/\/schema.org","@graph":[{"@type":"WebPage","@id":"https:\/\/exceladvisor.org\/es\/error-de-division\/","url":"https:\/\/exceladvisor.org\/es\/error-de-division\/","name":"\u00bfc\u00f3mo solucionar el error #div\/0 en excel?","isPartOf":{"@id":"https:\/\/exceladvisor.org\/es\/#website"},"primaryImageOfPage":{"@id":"https:\/\/exceladvisor.org\/es\/error-de-division\/#primaryimage"},"image":{"@id":"https:\/\/exceladvisor.org\/es\/error-de-division\/#primaryimage"},"thumbnailUrl":"https:\/\/exceladvisor.org\/wp-content\/uploads\/2023\/08\/1-diviser-les-cellules.png","datePublished":"2023-11-08T21:51:25+00:00","dateModified":"2023-12-25T10:27:15+00:00","breadcrumb":{"@id":"https:\/\/exceladvisor.org\/es\/error-de-division\/#breadcrumb"},"inLanguage":"es","potentialAction":[{"@type":"ReadAction","target":["https:\/\/exceladvisor.org\/es\/error-de-division\/"]}]},{"@type":"ImageObject","inLanguage":"es","@id":"https:\/\/exceladvisor.org\/es\/error-de-division\/#primaryimage","url":"https:\/\/exceladvisor.org\/wp-content\/uploads\/2023\/08\/1-diviser-les-cellules.png","contentUrl":"https:\/\/exceladvisor.org\/wp-content\/uploads\/2023\/08\/1-diviser-les-cellules.png"},{"@type":"BreadcrumbList","@id":"https:\/\/exceladvisor.org\/es\/error-de-division\/#breadcrumb","itemListElement":[{"@type":"ListItem","position":1,"name":"Hogar","item":"https:\/\/exceladvisor.org\/es\/"},{"@type":"ListItem","position":2,"name":"\u00bfc\u00f3mo solucionar el error #div\/0 en excel?"}]},{"@type":"WebSite","@id":"https:\/\/exceladvisor.org\/es\/#website","url":"https:\/\/exceladvisor.org\/es\/","name":"Excel Advisor","description":"Su gu\u00eda para la dominaci\u00f3n de datos!","publisher":{"@id":"https:\/\/exceladvisor.org\/es\/#organization"},"potentialAction":[{"@type":"SearchAction","target":{"@type":"EntryPoint","urlTemplate":"https:\/\/exceladvisor.org\/es\/?s={search_term_string}"},"query-input":{"@type":"PropertyValueSpecification","valueRequired":true,"valueName":"search_term_string"}}],"inLanguage":"es"},{"@type":"Organization","@id":"https:\/\/exceladvisor.org\/es\/#organization","name":"Excel Advisor","url":"https:\/\/exceladvisor.org\/es\/","logo":{"@type":"ImageObject","inLanguage":"es","@id":"https:\/\/exceladvisor.org\/es\/#\/schema\/logo\/image\/","url":"https:\/\/exceladvisor.org\/es\/wp-content\/uploads\/2023\/12\/exceladvisor.org_.png","contentUrl":"https:\/\/exceladvisor.org\/es\/wp-content\/uploads\/2023\/12\/exceladvisor.org_.png","width":105,"height":36,"caption":"Excel Advisor"},"image":{"@id":"https:\/\/exceladvisor.org\/es\/#\/schema\/logo\/image\/"}}]}},"yoast_meta":{"yoast_wpseo_title":"","yoast_wpseo_metadesc":"","yoast_wpseo_canonical":""},"_links":{"self":[{"href":"https:\/\/exceladvisor.org\/es\/wp-json\/wp\/v2\/pages\/256","targetHints":{"allow":["GET"]}}],"collection":[{"href":"https:\/\/exceladvisor.org\/es\/wp-json\/wp\/v2\/pages"}],"about":[{"href":"https:\/\/exceladvisor.org\/es\/wp-json\/wp\/v2\/types\/page"}],"author":[{"embeddable":true,"href":"https:\/\/exceladvisor.org\/es\/wp-json\/wp\/v2\/users\/1"}],"replies":[{"embeddable":true,"href":"https:\/\/exceladvisor.org\/es\/wp-json\/wp\/v2\/comments?post=256"}],"version-history":[{"count":1,"href":"https:\/\/exceladvisor.org\/es\/wp-json\/wp\/v2\/pages\/256\/revisions"}],"predecessor-version":[{"id":1189,"href":"https:\/\/exceladvisor.org\/es\/wp-json\/wp\/v2\/pages\/256\/revisions\/1189"}],"wp:attachment":[{"href":"https:\/\/exceladvisor.org\/es\/wp-json\/wp\/v2\/media?parent=256"}],"curies":[{"name":"wp","href":"https:\/\/api.w.org\/{rel}","templated":true}]}}