{"id":257,"date":"2023-11-08T21:48:39","date_gmt":"2023-11-08T21:48:39","guid":{"rendered":"https:\/\/exceladvisor.org\/es\/caso-de-sentencia\/"},"modified":"2023-12-25T10:23:58","modified_gmt":"2023-12-25T10:23:58","slug":"caso-de-sentencia","status":"publish","type":"page","link":"https:\/\/exceladvisor.org\/es\/caso-de-sentencia\/","title":{"rendered":"\u00bfc\u00f3mo cambiar el caso de una oraci\u00f3n en excel?"},"content":{"rendered":"<div class=\"excel-antes-del-contenido\" id=\"excel-3649134683\"><script type=\"text\/javascript\">\r\n\tatOptions = {\r\n\t\t'key' : 'c1158f160081d6540a8409e6925dab94',\r\n\t\t'format' : 'iframe',\r\n\t\t'height' : 250,\r\n\t\t'width' : 300,\r\n\t\t'params' : {}\r\n\t};\r\n<\/script>\r\n<script type=\"text\/javascript\" src=\"\/\/www.highperformanceformat.com\/c1158f160081d6540a8409e6925dab94\/invoke.js\"><\/script><\/div><p>En Excel tenemos tres funciones espec\u00edficas para convertir texto de un caso a otro. Si bien hay otro caso en el que no tenemos ninguna funci\u00f3n ni ninguna otra opci\u00f3n.<\/p>\n<p> Esta es \u21e2 <strong>Sentencia del caso<\/strong><\/p>\n<h2 class=\"wp-block-heading\"> <strong>\u00bfQu\u00e9 es un caso de sanci\u00f3n?<\/strong><\/h2>\n<p> En el caso de una oraci\u00f3n, para una oraci\u00f3n completa, la primera letra de la primera palabra debe estar en may\u00fascula y el resto de las letras de la primera palabra y todas las dem\u00e1s palabras deben estar en min\u00fascula. <\/p>\n<div class=\"wp-block-image\">\n<figure class=\"aligncenter\"><img decoding=\"async\" src=\"https:\/\/exceladvisor.org\/wp-content\/uploads\/2023\/08\/le-cas-de-la-phrase-dans-Excel-est-different-des-autres-cas-1.png\" sizes=\"\" srcset=\"\" alt=\"El caso de oraci\u00f3n en Excel es diferente de otros casos.\"><\/figure>\n<\/div>\n<p> Ahora la cosa es. \u00bfC\u00f3mo convertir texto normal a may\u00fasculas y min\u00fasculas en Excel si no tenemos una funci\u00f3n u opci\u00f3n especial?<\/p>\n<p> La respuesta es simple. Podemos crear una f\u00f3rmula combinando otras funciones de texto. Entonces, hoy en este art\u00edculo, me gustar\u00eda compartir con ustedes una f\u00f3rmula simple que pueden usar para convertir may\u00fasculas y min\u00fasculas normales en may\u00fasculas y min\u00fasculas en Excel.<\/p>\n<p> Sigamos adelante y <a href=\"https:\/\/exceladvisor.org\/wp-content\/uploads\/2023\/11\/phrase-cas-2.xlsx\" rel=\"nofollow\">descarguemos este archivo desde aqu\u00ed<\/a> para seguirlo.<\/p>\n<h2 id=\"convert-to-sentence-case-in-excel\" class=\"wp-block-heading\"> Convertir a may\u00fasculas y min\u00fasculas en Excel<\/h2>\n<p> Para crear una f\u00f3rmula para casos de oraciones, necesitamos usar cinco funciones de texto diferentes. Deje su texto en la celda A1, luego la f\u00f3rmula ser\u00e1:<\/p>\n<pre class=\"wp-block-code\"> <code class=\"language-excel-formula\" lang=\"excel-formula\">=UPPER(LEFT(A1,1))&amp;LOWER(RIGHT(A1,LEN(A1)-1))<\/code><\/pre>\n<h3 id=\"how-it-works\" class=\"wp-block-heading\"> C\u00f3mo funciona<\/h3>\n<p> Para entender esta f\u00f3rmula, debemos dividirla en dos partes. <\/p>\n<div class=\"wp-block-image\">\n<figure class=\"aligncenter\"><img decoding=\"async\" src=\"https:\/\/exceladvisor.org\/wp-content\/uploads\/2023\/08\/formule-pour-convertir-le-cas-de-la-phrase-dans-excel-1.png\" sizes=\"\" srcset=\"\" alt=\"\"><\/figure>\n<\/div>\n<p> En la primera parte, la funci\u00f3n izquierda devuelve el primer car\u00e1cter, luego la funci\u00f3n superior lo convierte a may\u00fasculas. <\/p>\n<div class=\"wp-block-image\">\n<figure class=\"aligncenter\"><img decoding=\"async\" src=\"https:\/\/exceladvisor.org\/wp-content\/uploads\/2023\/08\/formule-pour-convertir-le-cas-de-la-phrase-dans-excel-partie-1-1.png\" sizes=\"\" srcset=\"\" alt=\"\"><\/figure>\n<\/div>\n<p> En la segunda parte, convertiremos el resto del texto a min\u00fasculas porque necesitamos el resto de las letras a min\u00fasculas para las oraciones. <\/p>\n<div class=\"wp-block-image\">\n<figure class=\"aligncenter\"><img decoding=\"async\" src=\"https:\/\/exceladvisor.org\/wp-content\/uploads\/2023\/08\/formule-pour-convertir-le-cas-de-la-phrase-dans-excel-partie-2-1.png\" sizes=\"\" srcset=\"\" alt=\"\"><\/figure>\n<\/div>\n<p> Y finalmente, esta combinaci\u00f3n devuelve el texto en may\u00fasculas y min\u00fasculas. <\/p>\n<div class=\"wp-block-image\">\n<figure class=\"aligncenter\"><img decoding=\"async\" src=\"https:\/\/exceladvisor.org\/wp-content\/uploads\/2023\/08\/formule-pour-convertir-le-cas-de-la-phrase-dans-excel-partie-3-1.png\" sizes=\"\" srcset=\"\" alt=\"\"><\/figure>\n<\/div>\n<p> Si eso es.<\/p>\n<h2 id=\"convert-to-sentence-case-for-more-than-one-sentence\" class=\"wp-block-heading\"> Convertir a may\u00fasculas y min\u00fasculas para m\u00e1s de una oraci\u00f3n<\/h2>\n<p> La f\u00f3rmula que aprendimos anteriormente es simple y f\u00e1cil de aplicar. Pero, \u00bftienes en mente el mismo pensamiento que tengo yo ahora mismo?<\/p>\n<p> \u00bfQu\u00e9 haremos si hay m\u00e1s de una frase en una celda? Es una locura: y ya sabes, en esta situaci\u00f3n anterior, la f\u00f3rmula es in\u00fatil, no podemos usarla.<\/p>\n<p> Necesitamos una f\u00f3rmula diferente que pueda convertir texto a may\u00fasculas y min\u00fasculas cuando tenemos m\u00e1s de una oraci\u00f3n. <\/p>\n<pre class=\"wp-block-code\"> <code class=\"language-excel-formula\" lang=\"excel-formula\">=SUBSTITUTE(SUBSTITUTE(PROPER(SUBSTITUTE(SUBSTITUTE(LOWER(C12),\". \",\"9z9\"),\" \",\"zxz\")),\"9Z9\",\". \"),\"zxz\",\" \")<\/code><\/pre>\n<div class=\"wp-block-image\">\n<figure class=\"aligncenter size-full\"><img decoding=\"async\" class=\"wp-image-14007\" src=\"https:\/\/exceladvisor.org\/wp-content\/uploads\/2023\/08\/cas-de-phrase-dans-excel-plusieurs-textes-1.png\" sizes=\"\" srcset=\"\" alt=\"oraci\u00f3n-caso-en-excel-texto-m\u00faltiple\"><\/figure>\n<\/div>\n<h3 id=\"how-it-works\" class=\"wp-block-heading\"> C\u00f3mo funciona<\/h3>\n<p> \u00bfQuieres saber c\u00f3mo funciona esta f\u00f3rmula? \u00bfBIEN?<\/p>\n<p> Bueno, debes controlar los nervios y quedarte conmigo un minuto. Necesitamos dividir esta f\u00f3rmula en tres partes diferentes como lo he hecho a continuaci\u00f3n.<\/p>\n<p> En la primera parte, con la funci\u00f3n inferior y dos funciones de sustituci\u00f3n, convertimos el texto a min\u00fasculas y reemplazamos todos los espacios dentro de las palabras con \u00abzxz\u00bb y el espacio y punto entre dos oraciones con \u00ab9z9\u00bb. <\/p>\n<div class=\"wp-block-image\">\n<figure class=\"aligncenter\"><img decoding=\"async\" src=\"https:\/\/exceladvisor.org\/wp-content\/uploads\/2023\/08\/cas-de-phrase-dans-excel-plusieurs-textes-partie-1-1.png\" sizes=\"\" srcset=\"\" alt=\"\"><\/figure>\n<\/div>\n<p> En este punto no tenemos espacios en nuestro texto.<\/p>\n<p> Hasta ahora, todo bien.<\/p>\n<p> En la segunda parte, convertimos todo el texto al caso apropiado usando la funci\u00f3n apropiada. <\/p>\n<div class=\"wp-block-image\">\n<figure class=\"aligncenter\"><img decoding=\"async\" src=\"https:\/\/exceladvisor.org\/wp-content\/uploads\/2023\/08\/cas-de-phrase-dans-excel-partie-de-texte-multiple-2-2-1.png\" sizes=\"\" srcset=\"\" alt=\"\"><\/figure>\n<\/div>\n<p> Un secreto que debes aprender: siempre que conviertas un texto a may\u00fasculas y min\u00fasculas y tengas un n\u00famero en ese texto, la funci\u00f3n tratar\u00e1 ese texto como palabras separadas. Mira el ejemplo de abajo. <\/p>\n<div class=\"wp-block-image\">\n<figure class=\"aligncenter\"><img decoding=\"async\" src=\"https:\/\/exceladvisor.org\/wp-content\/uploads\/2023\/08\/cas-de-phrase-dans-excel-plusieurs-textes-1.png\" sizes=\"\" srcset=\"\" alt=\"\"><\/figure>\n<\/div>\n<p> En la tercera parte, usamos nuevamente dos funciones de sustituci\u00f3n para reemplazar \u00abzxz\u00bb con un espacio y \u00ab9z9\u00bb con un punto y un espacio. <\/p>\n<div class=\"wp-block-image\">\n<figure class=\"aligncenter\"><img decoding=\"async\" src=\"https:\/\/exceladvisor.org\/wp-content\/uploads\/2023\/08\/cas-de-phrase-dans-excel-plusieurs-textes-partie-3-1.png\" sizes=\"\" srcset=\"\" alt=\"\"><\/figure>\n<\/div>\n<p> De esta manera convertimos nuestro texto de varias oraciones en texto de oraci\u00f3n real. <\/p>\n<div class=\"gb-container gb-container-bafb25cc gb-container-download-2\">\n<div class=\"gb-grid-wrapper gb-grid-wrapper-91201309\">\n<div class=\"gb-grid-column gb-grid-column-15a917ef\">\n<div class=\"gb-container gb-container-15a917ef\">\n<h2 class=\"gb-headline gb-headline-f2deb261 gb-headline-text gb-headline-download-2\"> Obtener el archivo Excel <\/h2>\n<\/div>\n<\/div>\n<div class=\"gb-grid-column gb-grid-column-18357188\">\n<div class=\"gb-container gb-container-18357188\">\n<div class=\"gb-container gb-container-76cbe15e\"> <a class=\"gb-button gb-button-cb63d00a gb-button-text gb-button-download-2\" href=\"https:\/\/exceladvisor.org\/wp-content\/uploads\/2023\/11\/phrase-cas-2.xlsx\" rel=\"nofollow\">Descargar<\/a><\/div>\n<\/div>\n<\/div>\n<\/div>\n<\/div>\n<h2 id=\"conclusion\" class=\"wp-block-heading\"> Conclusi\u00f3n<\/h2>\n<p> En ocasiones utilizamos Excel para escribir alg\u00fan tipo de texto y es probable que lo escribamos en may\u00fasculas y min\u00fasculas incorrectas. Y, si sabe c\u00f3mo convertir texto a may\u00fasculas y min\u00fasculas, puede corregir su texto f\u00e1cilmente.<\/p>\n<p> Si tiene una oraci\u00f3n en la que tiene un signo de interrogaci\u00f3n en lugar de un punto, puede usar el signo de interrogaci\u00f3n en la f\u00f3rmula y el resto de la f\u00f3rmula ser\u00e1 igual. Espero que este consejo de f\u00f3rmula te ayude en tu trabajo. Ahora dime una cosa.<\/p>\n<p> \u00bfTiene otro m\u00e9todo para hacer esta conversi\u00f3n de texto?<\/p>\n<p> Comparta sus pensamientos conmigo en la secci\u00f3n de comentarios, me encantar\u00eda saber de usted. Y no olvides compartir este consejo con tus amigos.<\/p>\n<div class=\"gb-container gb-container-0df56012 gb-container-mt\"> <a class=\"gb-button gb-button-f9f432f4 gb-button-text gb-button-mt-button\" href=\"https:\/\/exceladvisor.org\/es\/formulas\/\">Lista de f\u00f3rmulas de Excel<\/a><\/p>\n<h2 class=\"gb-headline gb-headline-233444e8 gb-headline-text gb-headline-mt-heading\"> F\u00f3rmulas relacionadas <\/h2>\n<div class=\"gb-grid-wrapper gb-grid-wrapper-a16fa65c gb-grid-wrapper-mt-grid\">\n<div class=\"gb-grid-column gb-grid-column-50d07e0d\">\n<div class=\"gb-container gb-container-50d07e0d\">\n<ul>\n<li> <a href=\"https:\/\/exceladvisor.org\/es\/capitalizar-la-primera-letra\/\">Poner en may\u00fascula la primera letra en Excel.<\/a><\/li>\n<li> <a href=\"https:\/\/exceladvisor.org\/es\/columna-a-fila\/\">Cambiar columna a fila (viceversa) en Excel<\/a><\/li>\n<li> <a href=\"https:\/\/exceladvisor.org\/es\/devolver-la-coma-del-primer-nombre-entre\/\">Devuelve el nombre y apellido y agrega un comando<\/a><\/li>\n<li> <a href=\"https:\/\/exceladvisor.org\/es\/cambiar-caso-de-texto\/\">Cambiar may\u00fasculas y min\u00fasculas del texto (may\u00fasculas, min\u00fasculas, propia)<\/a> <\/li>\n<\/ul>\n<\/div>\n<\/div>\n<div class=\"gb-grid-column gb-grid-column-5b4a0cf9\">\n<div class=\"gb-container gb-container-5b4a0cf9\"><\/div>\n<\/div>\n<\/div>\n<\/div>\n","protected":false},"excerpt":{"rendered":"<p>En Excel tenemos tres funciones espec\u00edficas para convertir texto de un caso a otro. Si bien hay otro caso en el que no tenemos ninguna funci\u00f3n ni ninguna otra opci\u00f3n. Esta es \u21e2 Sentencia del caso \u00bfQu\u00e9 es un caso de sanci\u00f3n? En el caso de una oraci\u00f3n, para una oraci\u00f3n completa, la primera letra [&hellip;]<\/p>\n","protected":false},"author":1,"featured_media":0,"parent":0,"menu_order":0,"comment_status":"open","ping_status":"closed","template":"","meta":{"ub_ctt_via":"","footnotes":""},"class_list":["post-257","page","type-page","status-publish","hentry"],"featured_image_src":null,"yoast_head":"<!-- This site is optimized with the Yoast SEO plugin v25.4 - https:\/\/yoast.com\/wordpress\/plugins\/seo\/ -->\n<title>\u00bfc\u00f3mo cambiar el caso de una oraci\u00f3n en excel?<\/title>\n<meta name=\"robots\" content=\"index, follow, max-snippet:-1, max-image-preview:large, max-video-preview:-1\" \/>\n<link rel=\"canonical\" href=\"https:\/\/exceladvisor.org\/es\/caso-de-sentencia\/\" \/>\n<meta property=\"og:locale\" content=\"es_ES\" \/>\n<meta property=\"og:type\" content=\"article\" \/>\n<meta property=\"og:title\" content=\"\u00bfc\u00f3mo cambiar el caso de una oraci\u00f3n en excel?\" \/>\n<meta property=\"og:description\" content=\"En Excel tenemos tres funciones espec\u00edficas para convertir texto de un caso a otro. Si bien hay otro caso en el que no tenemos ninguna funci\u00f3n ni ninguna otra opci\u00f3n. Esta es \u21e2 Sentencia del caso \u00bfQu\u00e9 es un caso de sanci\u00f3n? En el caso de una oraci\u00f3n, para una oraci\u00f3n completa, la primera letra [&hellip;]\" \/>\n<meta property=\"og:url\" content=\"https:\/\/exceladvisor.org\/es\/caso-de-sentencia\/\" \/>\n<meta property=\"og:site_name\" content=\"Excel Advisor\" \/>\n<meta property=\"article:modified_time\" content=\"2023-12-25T10:23:58+00:00\" \/>\n<meta property=\"og:image\" content=\"https:\/\/exceladvisor.org\/wp-content\/uploads\/2023\/08\/le-cas-de-la-phrase-dans-Excel-est-different-des-autres-cas-1.png\" \/>\n<meta name=\"twitter:card\" content=\"summary_large_image\" \/>\n<meta name=\"twitter:label1\" content=\"Tiempo de lectura\" \/>\n\t<meta name=\"twitter:data1\" content=\"4 minutos\" \/>\n<script type=\"application\/ld+json\" class=\"yoast-schema-graph\">{\"@context\":\"https:\/\/schema.org\",\"@graph\":[{\"@type\":\"WebPage\",\"@id\":\"https:\/\/exceladvisor.org\/es\/caso-de-sentencia\/\",\"url\":\"https:\/\/exceladvisor.org\/es\/caso-de-sentencia\/\",\"name\":\"\u00bfc\u00f3mo cambiar el caso de una oraci\u00f3n en excel?\",\"isPartOf\":{\"@id\":\"https:\/\/exceladvisor.org\/es\/#website\"},\"primaryImageOfPage\":{\"@id\":\"https:\/\/exceladvisor.org\/es\/caso-de-sentencia\/#primaryimage\"},\"image\":{\"@id\":\"https:\/\/exceladvisor.org\/es\/caso-de-sentencia\/#primaryimage\"},\"thumbnailUrl\":\"https:\/\/exceladvisor.org\/wp-content\/uploads\/2023\/08\/le-cas-de-la-phrase-dans-Excel-est-different-des-autres-cas-1.png\",\"datePublished\":\"2023-11-08T21:48:39+00:00\",\"dateModified\":\"2023-12-25T10:23:58+00:00\",\"breadcrumb\":{\"@id\":\"https:\/\/exceladvisor.org\/es\/caso-de-sentencia\/#breadcrumb\"},\"inLanguage\":\"es\",\"potentialAction\":[{\"@type\":\"ReadAction\",\"target\":[\"https:\/\/exceladvisor.org\/es\/caso-de-sentencia\/\"]}]},{\"@type\":\"ImageObject\",\"inLanguage\":\"es\",\"@id\":\"https:\/\/exceladvisor.org\/es\/caso-de-sentencia\/#primaryimage\",\"url\":\"https:\/\/exceladvisor.org\/wp-content\/uploads\/2023\/08\/le-cas-de-la-phrase-dans-Excel-est-different-des-autres-cas-1.png\",\"contentUrl\":\"https:\/\/exceladvisor.org\/wp-content\/uploads\/2023\/08\/le-cas-de-la-phrase-dans-Excel-est-different-des-autres-cas-1.png\"},{\"@type\":\"BreadcrumbList\",\"@id\":\"https:\/\/exceladvisor.org\/es\/caso-de-sentencia\/#breadcrumb\",\"itemListElement\":[{\"@type\":\"ListItem\",\"position\":1,\"name\":\"Hogar\",\"item\":\"https:\/\/exceladvisor.org\/es\/\"},{\"@type\":\"ListItem\",\"position\":2,\"name\":\"\u00bfc\u00f3mo cambiar el caso de una oraci\u00f3n en excel?\"}]},{\"@type\":\"WebSite\",\"@id\":\"https:\/\/exceladvisor.org\/es\/#website\",\"url\":\"https:\/\/exceladvisor.org\/es\/\",\"name\":\"Excel Advisor\",\"description\":\"Su gu\u00eda para la dominaci\u00f3n de datos!\",\"publisher\":{\"@id\":\"https:\/\/exceladvisor.org\/es\/#organization\"},\"potentialAction\":[{\"@type\":\"SearchAction\",\"target\":{\"@type\":\"EntryPoint\",\"urlTemplate\":\"https:\/\/exceladvisor.org\/es\/?s={search_term_string}\"},\"query-input\":{\"@type\":\"PropertyValueSpecification\",\"valueRequired\":true,\"valueName\":\"search_term_string\"}}],\"inLanguage\":\"es\"},{\"@type\":\"Organization\",\"@id\":\"https:\/\/exceladvisor.org\/es\/#organization\",\"name\":\"Excel Advisor\",\"url\":\"https:\/\/exceladvisor.org\/es\/\",\"logo\":{\"@type\":\"ImageObject\",\"inLanguage\":\"es\",\"@id\":\"https:\/\/exceladvisor.org\/es\/#\/schema\/logo\/image\/\",\"url\":\"https:\/\/exceladvisor.org\/es\/wp-content\/uploads\/2023\/12\/exceladvisor.org_.png\",\"contentUrl\":\"https:\/\/exceladvisor.org\/es\/wp-content\/uploads\/2023\/12\/exceladvisor.org_.png\",\"width\":105,\"height\":36,\"caption\":\"Excel Advisor\"},\"image\":{\"@id\":\"https:\/\/exceladvisor.org\/es\/#\/schema\/logo\/image\/\"}}]}<\/script>\n<!-- \/ Yoast SEO plugin. -->","yoast_head_json":{"title":"\u00bfc\u00f3mo cambiar el caso de una oraci\u00f3n en excel?","robots":{"index":"index","follow":"follow","max-snippet":"max-snippet:-1","max-image-preview":"max-image-preview:large","max-video-preview":"max-video-preview:-1"},"canonical":"https:\/\/exceladvisor.org\/es\/caso-de-sentencia\/","og_locale":"es_ES","og_type":"article","og_title":"\u00bfc\u00f3mo cambiar el caso de una oraci\u00f3n en excel?","og_description":"En Excel tenemos tres funciones espec\u00edficas para convertir texto de un caso a otro. Si bien hay otro caso en el que no tenemos ninguna funci\u00f3n ni ninguna otra opci\u00f3n. Esta es \u21e2 Sentencia del caso \u00bfQu\u00e9 es un caso de sanci\u00f3n? En el caso de una oraci\u00f3n, para una oraci\u00f3n completa, la primera letra [&hellip;]","og_url":"https:\/\/exceladvisor.org\/es\/caso-de-sentencia\/","og_site_name":"Excel Advisor","article_modified_time":"2023-12-25T10:23:58+00:00","og_image":[{"url":"https:\/\/exceladvisor.org\/wp-content\/uploads\/2023\/08\/le-cas-de-la-phrase-dans-Excel-est-different-des-autres-cas-1.png","type":"","width":"","height":""}],"twitter_card":"summary_large_image","twitter_misc":{"Tiempo de lectura":"4 minutos"},"schema":{"@context":"https:\/\/schema.org","@graph":[{"@type":"WebPage","@id":"https:\/\/exceladvisor.org\/es\/caso-de-sentencia\/","url":"https:\/\/exceladvisor.org\/es\/caso-de-sentencia\/","name":"\u00bfc\u00f3mo cambiar el caso de una oraci\u00f3n en excel?","isPartOf":{"@id":"https:\/\/exceladvisor.org\/es\/#website"},"primaryImageOfPage":{"@id":"https:\/\/exceladvisor.org\/es\/caso-de-sentencia\/#primaryimage"},"image":{"@id":"https:\/\/exceladvisor.org\/es\/caso-de-sentencia\/#primaryimage"},"thumbnailUrl":"https:\/\/exceladvisor.org\/wp-content\/uploads\/2023\/08\/le-cas-de-la-phrase-dans-Excel-est-different-des-autres-cas-1.png","datePublished":"2023-11-08T21:48:39+00:00","dateModified":"2023-12-25T10:23:58+00:00","breadcrumb":{"@id":"https:\/\/exceladvisor.org\/es\/caso-de-sentencia\/#breadcrumb"},"inLanguage":"es","potentialAction":[{"@type":"ReadAction","target":["https:\/\/exceladvisor.org\/es\/caso-de-sentencia\/"]}]},{"@type":"ImageObject","inLanguage":"es","@id":"https:\/\/exceladvisor.org\/es\/caso-de-sentencia\/#primaryimage","url":"https:\/\/exceladvisor.org\/wp-content\/uploads\/2023\/08\/le-cas-de-la-phrase-dans-Excel-est-different-des-autres-cas-1.png","contentUrl":"https:\/\/exceladvisor.org\/wp-content\/uploads\/2023\/08\/le-cas-de-la-phrase-dans-Excel-est-different-des-autres-cas-1.png"},{"@type":"BreadcrumbList","@id":"https:\/\/exceladvisor.org\/es\/caso-de-sentencia\/#breadcrumb","itemListElement":[{"@type":"ListItem","position":1,"name":"Hogar","item":"https:\/\/exceladvisor.org\/es\/"},{"@type":"ListItem","position":2,"name":"\u00bfc\u00f3mo cambiar el caso de una oraci\u00f3n en excel?"}]},{"@type":"WebSite","@id":"https:\/\/exceladvisor.org\/es\/#website","url":"https:\/\/exceladvisor.org\/es\/","name":"Excel Advisor","description":"Su gu\u00eda para la dominaci\u00f3n de datos!","publisher":{"@id":"https:\/\/exceladvisor.org\/es\/#organization"},"potentialAction":[{"@type":"SearchAction","target":{"@type":"EntryPoint","urlTemplate":"https:\/\/exceladvisor.org\/es\/?s={search_term_string}"},"query-input":{"@type":"PropertyValueSpecification","valueRequired":true,"valueName":"search_term_string"}}],"inLanguage":"es"},{"@type":"Organization","@id":"https:\/\/exceladvisor.org\/es\/#organization","name":"Excel Advisor","url":"https:\/\/exceladvisor.org\/es\/","logo":{"@type":"ImageObject","inLanguage":"es","@id":"https:\/\/exceladvisor.org\/es\/#\/schema\/logo\/image\/","url":"https:\/\/exceladvisor.org\/es\/wp-content\/uploads\/2023\/12\/exceladvisor.org_.png","contentUrl":"https:\/\/exceladvisor.org\/es\/wp-content\/uploads\/2023\/12\/exceladvisor.org_.png","width":105,"height":36,"caption":"Excel Advisor"},"image":{"@id":"https:\/\/exceladvisor.org\/es\/#\/schema\/logo\/image\/"}}]}},"yoast_meta":{"yoast_wpseo_title":"","yoast_wpseo_metadesc":"","yoast_wpseo_canonical":""},"_links":{"self":[{"href":"https:\/\/exceladvisor.org\/es\/wp-json\/wp\/v2\/pages\/257","targetHints":{"allow":["GET"]}}],"collection":[{"href":"https:\/\/exceladvisor.org\/es\/wp-json\/wp\/v2\/pages"}],"about":[{"href":"https:\/\/exceladvisor.org\/es\/wp-json\/wp\/v2\/types\/page"}],"author":[{"embeddable":true,"href":"https:\/\/exceladvisor.org\/es\/wp-json\/wp\/v2\/users\/1"}],"replies":[{"embeddable":true,"href":"https:\/\/exceladvisor.org\/es\/wp-json\/wp\/v2\/comments?post=257"}],"version-history":[{"count":1,"href":"https:\/\/exceladvisor.org\/es\/wp-json\/wp\/v2\/pages\/257\/revisions"}],"predecessor-version":[{"id":887,"href":"https:\/\/exceladvisor.org\/es\/wp-json\/wp\/v2\/pages\/257\/revisions\/887"}],"wp:attachment":[{"href":"https:\/\/exceladvisor.org\/es\/wp-json\/wp\/v2\/media?parent=257"}],"curies":[{"name":"wp","href":"https:\/\/api.w.org\/{rel}","templated":true}]}}