{"id":258,"date":"2023-11-08T21:24:45","date_gmt":"2023-11-08T21:24:45","guid":{"rendered":"https:\/\/exceladvisor.org\/es\/fecha-si\/"},"modified":"2023-12-25T10:28:25","modified_gmt":"2023-12-25T10:28:25","slug":"fecha-si","status":"publish","type":"page","link":"https:\/\/exceladvisor.org\/es\/fecha-si\/","title":{"rendered":"\u00bfc\u00f3mo utilizar la funci\u00f3n fecha.si en excel?"},"content":{"rendered":"<div class=\"excel-antes-del-contenido\" id=\"excel-2451621865\"><script type=\"text\/javascript\">\r\n\tatOptions = {\r\n\t\t'key' : 'c1158f160081d6540a8409e6925dab94',\r\n\t\t'format' : 'iframe',\r\n\t\t'height' : 250,\r\n\t\t'width' : 300,\r\n\t\t'params' : {}\r\n\t};\r\n<\/script>\r\n<script type=\"text\/javascript\" src=\"\/\/www.highperformanceformat.com\/c1158f160081d6540a8409e6925dab94\/invoke.js\"><\/script><\/div><p>Intente escribir \u00abDATEDIF\u00bb en una celda de su hoja de c\u00e1lculo; no encontrar\u00e1 nada con ese nombre. <\/p>\n<div class=\"wp-block-image\">\n<figure class=\"aligncenter\"><img decoding=\"async\" src=\"https:\/\/exceladvisor.org\/wp-content\/uploads\/2023\/08\/essayez-de-taper-datedif-dans-une-cellule.png\" sizes=\"\" srcset=\"\" alt=\"intenta escribir fecha si en una celda\"><\/figure>\n<\/div>\n<p> Incluso si miras el sistema de ayuda, no aparece nada con ese nombre. <\/p>\n<div class=\"wp-block-image\">\n<figure class=\"aligncenter\"><img decoding=\"async\" src=\"https:\/\/exceladvisor.org\/wp-content\/uploads\/2023\/08\/essayez-de-rechercher-datedif-dans-la-selection-daide.png\" sizes=\"\" srcset=\"\" alt=\"intenta buscar dateif en la selecci\u00f3n de ayuda\"><\/figure>\n<\/div>\n<p> Pero, si regresa al sistema de ayuda de Excel 2000, encontrar\u00e1 la funci\u00f3n DATEDIF documentada all\u00ed. Bueno, es un misterio por qu\u00e9 Microsoft tiene que ocultar la funci\u00f3n DATEDIF de la <a href=\"https:\/\/exceladvisor.org\/es\/funciones-de-excel\/\">lista de funciones<\/a> .<\/p>\n<p> Si me preguntas, DATEDIF es la mejor funci\u00f3n para obtener la diferencia entre dos fechas. Y uno de sus mejores ejemplos se calcula en edad.<\/p>\n<p> Ahora la pregunta es: si esta funci\u00f3n no existe, \u00bfc\u00f3mo podemos usarla en todas las versiones nuevas de Excel?<\/p>\n<p> Y la respuesta es: podemos usarlo como usamos todas las funciones en Excel. La \u00fanica diferencia es que cuando intentas insertarlo, Excel no muestra sus argumentos de sintaxis. Por eso hoy, en este art\u00edculo, me gustar\u00eda compartir con ustedes todos los detalles sobre la funci\u00f3n DATEDIF.<\/p>\n<h2 id=\"tab-con-1\" class=\"wp-block-heading\"> Sintaxis<\/h2>\n<p> FECHASI(Fecha1,Fecha2,Intervalo)<\/p>\n<ul>\n<li> <strong>Fecha1:<\/strong> La fecha a partir de la cual desea comenzar a calcular su intervalo. En t\u00e9rminos simples, esta es la fecha de inicio del intervalo.<\/li>\n<li> <strong>Fecha2:<\/strong> La fecha en la que desea calcular el intervalo. En t\u00e9rminos simples, esta es la fecha de finalizaci\u00f3n de su intervalo.<\/li>\n<li> <strong>Intervalo:<\/strong> Representa la uni\u00f3n del tiempo, que regresar\u00e1 de la funci\u00f3n. Disponemos de seis cadenas de texto espec\u00edficas para representar diferentes unidades de tiempo.<\/li>\n<\/ul>\n<h2 id=\"tab-con-2\" class=\"wp-block-heading\"> Utilice diferentes intervalos<\/h2>\n<p> Dispones de 6 tipos distintos de intervalos para calcular la diferencia entre dos fechas.<\/p>\n<h3 id=\"tab-con-3\" class=\"wp-block-heading\"> 1. \u201cy\u201d durante a\u00f1os<\/h3>\n<p> Devolver\u00e1 los a\u00f1os completos entre la fecha de inicio y la fecha de finalizaci\u00f3n ignorando los meses y d\u00edas que sobran. <\/p>\n<div class=\"wp-block-image\">\n<figure class=\"aligncenter\"><img decoding=\"async\" src=\"https:\/\/exceladvisor.org\/wp-content\/uploads\/2023\/08\/en-utilisant-lintervalle-y-dans-datedif-pour-obtenir-des-annees.png\" sizes=\"\" srcset=\"\" alt=\"usando el intervalo y en dateif para obtener a\u00f1os\"><\/figure>\n<\/div>\n<p> En el ejemplo anterior, calcul\u00f3 el intervalo entre dos fechas usando \u00aby\u00bb. Si marca la diferencia entre estas dos fechas es superior a 25 a\u00f1os (37 d\u00edas m\u00e1s). Pero s\u00f3lo devolvi\u00f3 los a\u00f1os cumplidos, es decir 25.<\/p>\n<h3 id=\"tab-con-4\" class=\"wp-block-heading\"> 2. \u201cm\u201d durante meses<\/h3>\n<p> Devolver\u00e1 el n\u00famero de meses completos entre la fecha de inicio y la fecha de finalizaci\u00f3n ignorando los d\u00edas excedentes. <\/p>\n<div class=\"wp-block-image\">\n<figure class=\"aligncenter\"><img decoding=\"async\" src=\"https:\/\/exceladvisor.org\/wp-content\/uploads\/2023\/08\/en-utilisant-lintervalle-m-dans-datedif-pour-obtenir-les-mois-1.png\" sizes=\"\" srcset=\"\" alt=\"usando el intervalo m en dateif para obtener meses\"><\/figure>\n<\/div>\n<p> Devolvi\u00f3 301 meses en el resultado, que son el total de meses completos ignorando el exceso de 7 d\u00edas.<\/p>\n<h3 id=\"tab-con-5\" class=\"wp-block-heading\"> 3. \u201cd\u201d por d\u00edas<\/h3>\n<p> Devolver\u00e1 el n\u00famero total de d\u00edas entre la fecha de inicio y la fecha de finalizaci\u00f3n. Como los d\u00edas son las unidades m\u00e1s peque\u00f1as entre dos fechas, aqu\u00ed obtendr\u00e1 el n\u00famero total de d\u00edas. <\/p>\n<div class=\"wp-block-image\">\n<figure class=\"aligncenter\"><img decoding=\"async\" src=\"https:\/\/exceladvisor.org\/wp-content\/uploads\/2023\/08\/en-utilisant-d-intervalle-dans-datedif-pour-obtenir-des-jours.png\" sizes=\"\" srcset=\"\" alt=\"usando el intervalo d en dateif para obtener d\u00edas\"><\/figure>\n<\/div>\n<p> En el ejemplo anterior, tenemos el n\u00famero total de d\u00edas entre las fechas de inicio y finalizaci\u00f3n.<\/p>\n<h3 id=\"tab-con-6\" class=\"wp-block-heading\"> 4. \u201cym\u201d durante meses y a\u00f1os<\/h3>\n<p> Devolver\u00e1 n\u00fameros de meses completos durante a\u00f1os completos. En t\u00e9rminos simples, si tiene un intervalo total de 25 a\u00f1os 1 mes y 7 d\u00edas entre dos fechas, devolver\u00e1 1 mes en el resultado. <\/p>\n<div class=\"wp-block-image\">\n<figure class=\"aligncenter\"><img decoding=\"async\" src=\"https:\/\/exceladvisor.org\/wp-content\/uploads\/2023\/08\/en-utilisant-lintervalle-ym-dans-datedif-pour-obtenir-des-mois-sur-des-annees.png\" sizes=\"\" srcset=\"\" alt=\"usando el intervalo ym en dateif para obtener meses sobre a\u00f1os\"><\/figure>\n<\/div>\n<p> En el ejemplo anterior, calculamos la cantidad de meses completos restantes despu\u00e9s de a\u00f1os simult\u00e1neos entre la fecha de inicio y la fecha de finalizaci\u00f3n.<\/p>\n<h3 id=\"tab-con-7\" class=\"wp-block-heading\"> 5. \u00abyd\u00bb para d\u00edas durante a\u00f1os<\/h3>\n<p> Devolver\u00e1 el n\u00famero de d\u00edas durante los a\u00f1os completos. En t\u00e9rminos simples, si tiene un intervalo total de 25 a\u00f1os y 37 d\u00edas entre dos fechas, devolver\u00e1 37 d\u00edas en el resultado. <\/p>\n<div class=\"wp-block-image\">\n<figure class=\"aligncenter\"><img decoding=\"async\" src=\"https:\/\/exceladvisor.org\/wp-content\/uploads\/2023\/08\/en-utilisant-lintervalle-yd-dans-datedif-pour-obtenir-des-jours-sur-des-annees.png\" sizes=\"\" srcset=\"\" alt=\"usando el intervalo yd en dateif para obtener d\u00edas durante a\u00f1os\"><\/figure>\n<\/div>\n<p> En el ejemplo anterior, calcul\u00f3 la cantidad de d\u00edas restantes despu\u00e9s de los a\u00f1os completos entre la fecha de inicio y la fecha de finalizaci\u00f3n.<\/p>\n<h3 id=\"tab-con-8\" class=\"wp-block-heading\"> 6. \u00abmd\u00bb para d\u00edas o meses<\/h3>\n<p> Devolver\u00e1 el n\u00famero de d\u00edas sobrantes durante el mes completo. En t\u00e9rminos simples, si tiene un intervalo total de 301 meses y 7 d\u00edas entre dos fechas, devolver\u00e1 7 d\u00edas en el resultado. <\/p>\n<div class=\"wp-block-image\">\n<figure class=\"aligncenter\"><img decoding=\"async\" src=\"https:\/\/exceladvisor.org\/wp-content\/uploads\/2023\/08\/en-utilisant-lintervalle-md-dans-datedif-pour-obtenir-des-jours-sur-des-mois.png\" sizes=\"\" srcset=\"\" alt=\"usando el intervalo md en dateif para obtener d\u00edas de meses\"><\/figure>\n<\/div>\n<p> En el ejemplo anterior, calculamos la cantidad de d\u00edas restantes despu\u00e9s de los meses completos entre la fecha de inicio y la fecha de finalizaci\u00f3n. <\/p>\n<div class=\"gb-container gb-container-bafb25cc gb-container-download-2\">\n<div class=\"gb-grid-wrapper gb-grid-wrapper-91201309\">\n<div class=\"gb-grid-column gb-grid-column-15a917ef\">\n<div class=\"gb-container gb-container-15a917ef\">\n<h2 class=\"gb-headline gb-headline-f2deb261 gb-headline-text gb-headline-download-2\"> Obtener el archivo Excel <\/h2>\n<\/div>\n<\/div>\n<div class=\"gb-grid-column gb-grid-column-18357188\">\n<div class=\"gb-container gb-container-18357188\">\n<div class=\"gb-container gb-container-76cbe15e\"> <a class=\"gb-button gb-button-cb63d00a gb-button-text gb-button-download-2\" href=\"https:\/\/exceladvisor.org\/wp-content\/uploads\/2023\/11\/date-si-2.xlsx\" rel=\"nofollow\">Descargar<\/a> <\/div>\n<\/div>\n<\/div>\n<\/div>\n<\/div>\n<h2 id=\"steps-to-calculate-age-in-excel-using-datedif\" class=\"wp-block-heading\"> EJEMPLO: Calcular la edad en Excel usando DATEDIF<\/h2>\n<p> Aqu\u00ed debe calcular la edad en un formato en el que pueda mostrar a\u00f1os, meses y d\u00edas por separado. Por ejemplo, 26 a\u00f1os, 8 meses y 17 d\u00edas. Y para ello necesitamos combinar DATEDIF tres veces. <\/p>\n<div class=\"wp-block-image\">\n<figure class=\"aligncenter\"><img decoding=\"async\" src=\"https:\/\/exceladvisor.org\/wp-content\/uploads\/2023\/08\/calculer-lage-dans-excel-en-utilisant-la-fonction-datedif-et-la-date-de-naissance.gif\" sizes=\"\" srcset=\"\" alt=\"calcular la edad en excel usando la funci\u00f3n dateif y fecha de nacimiento\"><\/figure>\n<\/div>\n<p> Aqu\u00ed est\u00e1n los pasos.<\/p>\n<h3 id=\"1-calculate-completed-years-of-a-person-s-age\" class=\"wp-block-heading\"> 1. Calcular los a\u00f1os cumplidos de la edad de una persona.<\/h3>\n<p> Primero, debe calcular el total de a\u00f1os completados entre la fecha de nacimiento y la fecha de hoy. Y, para ello, la f\u00f3rmula ser\u00e1:<\/p>\n<pre class=\"wp-block-code\"> <code class=\"language-excel-formula\" lang=\"excel-formula\">=DATEDIF(Date-of-Birth,TODAY(),\"y\")<\/code><\/pre>\n<p> Esto devolver\u00e1 los a\u00f1os completados entre dos fechas. <\/p>\n<div class=\"wp-block-image\">\n<figure class=\"aligncenter\"><img decoding=\"async\" src=\"https:\/\/exceladvisor.org\/wp-content\/uploads\/2023\/08\/calculer-lage-dans-Excel-en-utilisant-la-fonction-datedif-en-utilisant-la-date-de-naissance-obtenir-les-annees-revolues.png\" sizes=\"\" srcset=\"\" alt=\"calcular la edad en Excel usando la funci\u00f3n dateif usando la fecha de nacimiento obtener a\u00f1os completos\"><\/figure>\n<\/div>\n<h3 id=\"2-calculate-completed-months-of-a-person-s-age-after-completed-years\" class=\"wp-block-heading\"> 2. Calcular los meses completos de edad de una persona despu\u00e9s de los a\u00f1os completos.<\/h3>\n<p> Lo siguiente es calcular los meses completados. Esto significa que si tu edad es 26 a\u00f1os, 5 meses y 19 d\u00edas, necesitamos recuperar 5 meses.<\/p>\n<p> Se puede utilizar la siguiente f\u00f3rmula:<\/p>\n<pre class=\"wp-block-code\"> <code class=\"language-excel-formula\" lang=\"excel-formula\">=DATEDIF(Date-of-Birth,TODAY(),\"my\")<\/code><\/pre>\n<p> Esto devolver\u00e1 los meses completos entre la fecha de nacimiento y la fecha de hoy despu\u00e9s de los a\u00f1os completos. <\/p>\n<div class=\"wp-block-image\">\n<figure class=\"aligncenter\"><img decoding=\"async\" src=\"https:\/\/exceladvisor.org\/wp-content\/uploads\/2023\/08\/calculer-lage-dans-excel-en-utilisant-la-fonction-datedif-en-utilisant-la-date-de-naissance-obtenir-les-mois-termines-2.png\" sizes=\"\" srcset=\"\" alt=\"calcular la edad en Excel usando la funci\u00f3n dateif usando la fecha de nacimiento obtener meses completos\"><\/figure>\n<\/div>\n<h3 id=\"3-calculate-completed-days-of-a-person-s-age-after-completed-years-and-months\" class=\"wp-block-heading\"> 3. D\u00edas completos de la edad de una persona despu\u00e9s de a\u00f1os y meses completos<\/h3>\n<p> Al final, debes calcular los d\u00edas que quedan despu\u00e9s de completar a\u00f1os y meses. Aqu\u00ed est\u00e1 la f\u00f3rmula:<\/p>\n<pre class=\"wp-block-code\"> <code class=\"language-excel-formula\" lang=\"excel-formula\">=DATEDIF(Date-of-Birth,TODAY(),\"md\")<\/code><\/pre>\n<p> Este devolver\u00e1 el resto de d\u00edas entre la fecha de nacimiento y la fecha de hoy despu\u00e9s de completar los a\u00f1os y meses. <\/p>\n<div class=\"wp-block-image\">\n<figure class=\"aligncenter\"><img decoding=\"async\" src=\"https:\/\/exceladvisor.org\/wp-content\/uploads\/2023\/08\/calculer-lage-dans-Excel-en-utilisant-la-fonction-datedif-en-utilisant-la-date-de-naissance-obtenir-les-jours-complets.png\" sizes=\"\" srcset=\"\" alt=\"calcular la edad en Excel usando la funci\u00f3n dateif usando la fecha de nacimiento y obtener d\u00edas completos\"><\/figure>\n<\/div>\n<h3 id=\"4-combine-all-three-formulas-to-get-actual-age\" class=\"wp-block-heading\"> 4. Combina las tres f\u00f3rmulas para obtener la edad real.<\/h3>\n<p> Ahora es el momento de combinar todo esto para crear una edad precisa. Ingrese la siguiente f\u00f3rmula en una celda de su hoja de c\u00e1lculo y reemplace Fecha de nacimiento con su fecha de nacimiento real. <\/p>\n<pre class=\"wp-block-code\"> <code class=\"language-excel-formula\" lang=\"excel-formula\">=\"You age is \"&amp; DATEDIF(Date-of-Birth,TODAY(),\"y\") &amp;\" Year(s), \"&amp; DATEDIF(Date-of-Birth,TODAY(),\"ym\")&amp; \" Month(s) &amp; \"&amp; DATEDIF(Date-of-Birth,TODAY(),\"md\")&amp; \" Day(s).\"<\/code><\/pre>\n<div class=\"wp-block-image\">\n<figure class=\"aligncenter\"><img decoding=\"async\" src=\"https:\/\/exceladvisor.org\/wp-content\/uploads\/2023\/08\/calculer-lage-dans-Excel-en-utilisant-la-fonction-datedif-en-utilisant-la-formule-combinee-de-date-de-naissance.png\" sizes=\"\" srcset=\"\" alt=\"\"><\/figure>\n<\/div>\n<p> Eso es todo. <\/p>\n<div class=\"gb-container gb-container-887766f9 gb-container-download-2\">\n<div class=\"gb-grid-wrapper gb-grid-wrapper-49604f3e\">\n<div class=\"gb-grid-column gb-grid-column-6b9b731e\">\n<div class=\"gb-container gb-container-6b9b731e\">\n<h2 class=\"gb-headline gb-headline-f2537129 gb-headline-text gb-headline-download-2\"> Obtener el archivo Excel <\/h2>\n<\/div>\n<\/div>\n<div class=\"gb-grid-column gb-grid-column-ba062c0c\">\n<div class=\"gb-container gb-container-ba062c0c\">\n<div class=\"gb-container gb-container-863eb8a3\"> <a class=\"gb-button gb-button-d43e2cad gb-button-text gb-button-download-2\" href=\"https:\/\/exceladvisor.org\/wp-content\/uploads\/2023\/11\/calculer-lage-2.xlsx\" rel=\"nofollow\">Descargar<\/a><\/div>\n<\/div>\n<\/div>\n<\/div>\n<\/div>\n<h2 class=\"wp-block-heading\"> Puntos importantes<\/h2>\n<ul>\n<li> Ignorar\u00e1 la hora en la fecha.<\/li>\n<li> La fecha de finalizaci\u00f3n (Fecha2) debe ser mayor que la fecha de inicio (Fecha1).<\/li>\n<\/ul>\n<div class=\"gb-container gb-container-0df56012 gb-container-mt\"> <a class=\"gb-button gb-button-f9f432f4 gb-button-text gb-button-mt-button\" href=\"https:\/\/exceladvisor.org\/es\/formulas\/\">Lista de f\u00f3rmulas de Excel<\/a><\/p>\n<h2 class=\"gb-headline gb-headline-233444e8 gb-headline-text gb-headline-mt-heading\"> F\u00f3rmulas relacionadas <\/h2>\n<div class=\"gb-grid-wrapper gb-grid-wrapper-a16fa65c gb-grid-wrapper-mt-grid\">\n<div class=\"gb-grid-column gb-grid-column-50d07e0d\">\n<div class=\"gb-container gb-container-50d07e0d\">\n<ul>\n<li> <a href=\"https:\/\/exceladvisor.org\/es\/comparar-dos-fechas\/\">Comparar dos fechas en Excel<\/a><\/li>\n<li> <a href=\"https:\/\/exceladvisor.org\/es\/convertir-fecha-a-numero\/\">Convertir fecha a n\u00famero en Excel<\/a><\/li>\n<li> <a href=\"https:\/\/exceladvisor.org\/es\/texto-hasta-la-fecha\/\">Convertir texto a fecha en Excel<\/a><\/li>\n<li> <a href=\"https:\/\/exceladvisor.org\/es\/rango-de-fechas\/\">Crear un rango de fechas en Excel<\/a><\/li>\n<li> <a href=\"https:\/\/exceladvisor.org\/es\/formatos-de-fecha-personalizados\/\">Formatos de fecha personalizados en Excel<\/a> <\/li>\n<\/ul>\n<\/div>\n<\/div>\n<div class=\"gb-grid-column gb-grid-column-5b4a0cf9\">\n<div class=\"gb-container gb-container-5b4a0cf9\"><\/div>\n<\/div>\n<\/div>\n<\/div>\n","protected":false},"excerpt":{"rendered":"<p>Intente escribir \u00abDATEDIF\u00bb en una celda de su hoja de c\u00e1lculo; no encontrar\u00e1 nada con ese nombre. Incluso si miras el sistema de ayuda, no aparece nada con ese nombre. Pero, si regresa al sistema de ayuda de Excel 2000, encontrar\u00e1 la funci\u00f3n DATEDIF documentada all\u00ed. Bueno, es un misterio por qu\u00e9 Microsoft tiene que [&hellip;]<\/p>\n","protected":false},"author":1,"featured_media":0,"parent":0,"menu_order":0,"comment_status":"open","ping_status":"closed","template":"","meta":{"ub_ctt_via":"","footnotes":""},"class_list":["post-258","page","type-page","status-publish","hentry"],"featured_image_src":null,"yoast_head":"<!-- This site is optimized with the Yoast SEO plugin v25.4 - https:\/\/yoast.com\/wordpress\/plugins\/seo\/ -->\n<title>\u00bfc\u00f3mo utilizar la funci\u00f3n fecha.si en excel?<\/title>\n<meta name=\"robots\" content=\"index, follow, max-snippet:-1, max-image-preview:large, max-video-preview:-1\" \/>\n<link rel=\"canonical\" href=\"https:\/\/exceladvisor.org\/es\/fecha-si\/\" \/>\n<meta property=\"og:locale\" content=\"es_ES\" \/>\n<meta property=\"og:type\" content=\"article\" \/>\n<meta property=\"og:title\" content=\"\u00bfc\u00f3mo utilizar la funci\u00f3n fecha.si en excel?\" \/>\n<meta property=\"og:description\" content=\"Intente escribir \u00abDATEDIF\u00bb en una celda de su hoja de c\u00e1lculo; no encontrar\u00e1 nada con ese nombre. Incluso si miras el sistema de ayuda, no aparece nada con ese nombre. Pero, si regresa al sistema de ayuda de Excel 2000, encontrar\u00e1 la funci\u00f3n DATEDIF documentada all\u00ed. Bueno, es un misterio por qu\u00e9 Microsoft tiene que [&hellip;]\" \/>\n<meta property=\"og:url\" content=\"https:\/\/exceladvisor.org\/es\/fecha-si\/\" \/>\n<meta property=\"og:site_name\" content=\"Excel Advisor\" \/>\n<meta property=\"article:modified_time\" content=\"2023-12-25T10:28:25+00:00\" \/>\n<meta property=\"og:image\" content=\"https:\/\/exceladvisor.org\/wp-content\/uploads\/2023\/08\/essayez-de-taper-datedif-dans-une-cellule.png\" \/>\n<meta name=\"twitter:card\" content=\"summary_large_image\" \/>\n<meta name=\"twitter:label1\" content=\"Tiempo de lectura\" \/>\n\t<meta name=\"twitter:data1\" content=\"5 minutos\" \/>\n<script type=\"application\/ld+json\" class=\"yoast-schema-graph\">{\"@context\":\"https:\/\/schema.org\",\"@graph\":[{\"@type\":\"WebPage\",\"@id\":\"https:\/\/exceladvisor.org\/es\/fecha-si\/\",\"url\":\"https:\/\/exceladvisor.org\/es\/fecha-si\/\",\"name\":\"\u00bfc\u00f3mo utilizar la funci\u00f3n fecha.si en excel?\",\"isPartOf\":{\"@id\":\"https:\/\/exceladvisor.org\/es\/#website\"},\"primaryImageOfPage\":{\"@id\":\"https:\/\/exceladvisor.org\/es\/fecha-si\/#primaryimage\"},\"image\":{\"@id\":\"https:\/\/exceladvisor.org\/es\/fecha-si\/#primaryimage\"},\"thumbnailUrl\":\"https:\/\/exceladvisor.org\/wp-content\/uploads\/2023\/08\/essayez-de-taper-datedif-dans-une-cellule.png\",\"datePublished\":\"2023-11-08T21:24:45+00:00\",\"dateModified\":\"2023-12-25T10:28:25+00:00\",\"breadcrumb\":{\"@id\":\"https:\/\/exceladvisor.org\/es\/fecha-si\/#breadcrumb\"},\"inLanguage\":\"es\",\"potentialAction\":[{\"@type\":\"ReadAction\",\"target\":[\"https:\/\/exceladvisor.org\/es\/fecha-si\/\"]}]},{\"@type\":\"ImageObject\",\"inLanguage\":\"es\",\"@id\":\"https:\/\/exceladvisor.org\/es\/fecha-si\/#primaryimage\",\"url\":\"https:\/\/exceladvisor.org\/wp-content\/uploads\/2023\/08\/essayez-de-taper-datedif-dans-une-cellule.png\",\"contentUrl\":\"https:\/\/exceladvisor.org\/wp-content\/uploads\/2023\/08\/essayez-de-taper-datedif-dans-une-cellule.png\"},{\"@type\":\"BreadcrumbList\",\"@id\":\"https:\/\/exceladvisor.org\/es\/fecha-si\/#breadcrumb\",\"itemListElement\":[{\"@type\":\"ListItem\",\"position\":1,\"name\":\"Hogar\",\"item\":\"https:\/\/exceladvisor.org\/es\/\"},{\"@type\":\"ListItem\",\"position\":2,\"name\":\"\u00bfc\u00f3mo utilizar la funci\u00f3n fecha.si en excel?\"}]},{\"@type\":\"WebSite\",\"@id\":\"https:\/\/exceladvisor.org\/es\/#website\",\"url\":\"https:\/\/exceladvisor.org\/es\/\",\"name\":\"Excel Advisor\",\"description\":\"Su gu\u00eda para la dominaci\u00f3n de datos!\",\"publisher\":{\"@id\":\"https:\/\/exceladvisor.org\/es\/#organization\"},\"potentialAction\":[{\"@type\":\"SearchAction\",\"target\":{\"@type\":\"EntryPoint\",\"urlTemplate\":\"https:\/\/exceladvisor.org\/es\/?s={search_term_string}\"},\"query-input\":{\"@type\":\"PropertyValueSpecification\",\"valueRequired\":true,\"valueName\":\"search_term_string\"}}],\"inLanguage\":\"es\"},{\"@type\":\"Organization\",\"@id\":\"https:\/\/exceladvisor.org\/es\/#organization\",\"name\":\"Excel Advisor\",\"url\":\"https:\/\/exceladvisor.org\/es\/\",\"logo\":{\"@type\":\"ImageObject\",\"inLanguage\":\"es\",\"@id\":\"https:\/\/exceladvisor.org\/es\/#\/schema\/logo\/image\/\",\"url\":\"https:\/\/exceladvisor.org\/es\/wp-content\/uploads\/2023\/12\/exceladvisor.org_.png\",\"contentUrl\":\"https:\/\/exceladvisor.org\/es\/wp-content\/uploads\/2023\/12\/exceladvisor.org_.png\",\"width\":105,\"height\":36,\"caption\":\"Excel Advisor\"},\"image\":{\"@id\":\"https:\/\/exceladvisor.org\/es\/#\/schema\/logo\/image\/\"}}]}<\/script>\n<!-- \/ Yoast SEO plugin. -->","yoast_head_json":{"title":"\u00bfc\u00f3mo utilizar la funci\u00f3n fecha.si en excel?","robots":{"index":"index","follow":"follow","max-snippet":"max-snippet:-1","max-image-preview":"max-image-preview:large","max-video-preview":"max-video-preview:-1"},"canonical":"https:\/\/exceladvisor.org\/es\/fecha-si\/","og_locale":"es_ES","og_type":"article","og_title":"\u00bfc\u00f3mo utilizar la funci\u00f3n fecha.si en excel?","og_description":"Intente escribir \u00abDATEDIF\u00bb en una celda de su hoja de c\u00e1lculo; no encontrar\u00e1 nada con ese nombre. Incluso si miras el sistema de ayuda, no aparece nada con ese nombre. Pero, si regresa al sistema de ayuda de Excel 2000, encontrar\u00e1 la funci\u00f3n DATEDIF documentada all\u00ed. Bueno, es un misterio por qu\u00e9 Microsoft tiene que [&hellip;]","og_url":"https:\/\/exceladvisor.org\/es\/fecha-si\/","og_site_name":"Excel Advisor","article_modified_time":"2023-12-25T10:28:25+00:00","og_image":[{"url":"https:\/\/exceladvisor.org\/wp-content\/uploads\/2023\/08\/essayez-de-taper-datedif-dans-une-cellule.png","type":"","width":"","height":""}],"twitter_card":"summary_large_image","twitter_misc":{"Tiempo de lectura":"5 minutos"},"schema":{"@context":"https:\/\/schema.org","@graph":[{"@type":"WebPage","@id":"https:\/\/exceladvisor.org\/es\/fecha-si\/","url":"https:\/\/exceladvisor.org\/es\/fecha-si\/","name":"\u00bfc\u00f3mo utilizar la funci\u00f3n fecha.si en excel?","isPartOf":{"@id":"https:\/\/exceladvisor.org\/es\/#website"},"primaryImageOfPage":{"@id":"https:\/\/exceladvisor.org\/es\/fecha-si\/#primaryimage"},"image":{"@id":"https:\/\/exceladvisor.org\/es\/fecha-si\/#primaryimage"},"thumbnailUrl":"https:\/\/exceladvisor.org\/wp-content\/uploads\/2023\/08\/essayez-de-taper-datedif-dans-une-cellule.png","datePublished":"2023-11-08T21:24:45+00:00","dateModified":"2023-12-25T10:28:25+00:00","breadcrumb":{"@id":"https:\/\/exceladvisor.org\/es\/fecha-si\/#breadcrumb"},"inLanguage":"es","potentialAction":[{"@type":"ReadAction","target":["https:\/\/exceladvisor.org\/es\/fecha-si\/"]}]},{"@type":"ImageObject","inLanguage":"es","@id":"https:\/\/exceladvisor.org\/es\/fecha-si\/#primaryimage","url":"https:\/\/exceladvisor.org\/wp-content\/uploads\/2023\/08\/essayez-de-taper-datedif-dans-une-cellule.png","contentUrl":"https:\/\/exceladvisor.org\/wp-content\/uploads\/2023\/08\/essayez-de-taper-datedif-dans-une-cellule.png"},{"@type":"BreadcrumbList","@id":"https:\/\/exceladvisor.org\/es\/fecha-si\/#breadcrumb","itemListElement":[{"@type":"ListItem","position":1,"name":"Hogar","item":"https:\/\/exceladvisor.org\/es\/"},{"@type":"ListItem","position":2,"name":"\u00bfc\u00f3mo utilizar la funci\u00f3n fecha.si en excel?"}]},{"@type":"WebSite","@id":"https:\/\/exceladvisor.org\/es\/#website","url":"https:\/\/exceladvisor.org\/es\/","name":"Excel Advisor","description":"Su gu\u00eda para la dominaci\u00f3n de datos!","publisher":{"@id":"https:\/\/exceladvisor.org\/es\/#organization"},"potentialAction":[{"@type":"SearchAction","target":{"@type":"EntryPoint","urlTemplate":"https:\/\/exceladvisor.org\/es\/?s={search_term_string}"},"query-input":{"@type":"PropertyValueSpecification","valueRequired":true,"valueName":"search_term_string"}}],"inLanguage":"es"},{"@type":"Organization","@id":"https:\/\/exceladvisor.org\/es\/#organization","name":"Excel Advisor","url":"https:\/\/exceladvisor.org\/es\/","logo":{"@type":"ImageObject","inLanguage":"es","@id":"https:\/\/exceladvisor.org\/es\/#\/schema\/logo\/image\/","url":"https:\/\/exceladvisor.org\/es\/wp-content\/uploads\/2023\/12\/exceladvisor.org_.png","contentUrl":"https:\/\/exceladvisor.org\/es\/wp-content\/uploads\/2023\/12\/exceladvisor.org_.png","width":105,"height":36,"caption":"Excel Advisor"},"image":{"@id":"https:\/\/exceladvisor.org\/es\/#\/schema\/logo\/image\/"}}]}},"yoast_meta":{"yoast_wpseo_title":"","yoast_wpseo_metadesc":"","yoast_wpseo_canonical":""},"_links":{"self":[{"href":"https:\/\/exceladvisor.org\/es\/wp-json\/wp\/v2\/pages\/258","targetHints":{"allow":["GET"]}}],"collection":[{"href":"https:\/\/exceladvisor.org\/es\/wp-json\/wp\/v2\/pages"}],"about":[{"href":"https:\/\/exceladvisor.org\/es\/wp-json\/wp\/v2\/types\/page"}],"author":[{"embeddable":true,"href":"https:\/\/exceladvisor.org\/es\/wp-json\/wp\/v2\/users\/1"}],"replies":[{"embeddable":true,"href":"https:\/\/exceladvisor.org\/es\/wp-json\/wp\/v2\/comments?post=258"}],"version-history":[{"count":1,"href":"https:\/\/exceladvisor.org\/es\/wp-json\/wp\/v2\/pages\/258\/revisions"}],"predecessor-version":[{"id":1306,"href":"https:\/\/exceladvisor.org\/es\/wp-json\/wp\/v2\/pages\/258\/revisions\/1306"}],"wp:attachment":[{"href":"https:\/\/exceladvisor.org\/es\/wp-json\/wp\/v2\/media?parent=258"}],"curies":[{"name":"wp","href":"https:\/\/api.w.org\/{rel}","templated":true}]}}