{"id":259,"date":"2023-11-08T21:16:36","date_gmt":"2023-11-08T21:16:36","guid":{"rendered":"https:\/\/exceladvisor.org\/es\/suma-si-no-esta-vacia-2\/"},"modified":"2023-12-25T10:22:51","modified_gmt":"2023-12-25T10:22:51","slug":"suma-si-no-esta-vacia-2","status":"publish","type":"page","link":"https:\/\/exceladvisor.org\/es\/suma-si-no-esta-vacia-2\/","title":{"rendered":"\u00bfc\u00f3mo agregar celdas no vac\u00edas?"},"content":{"rendered":"<div class=\"excel-antes-del-contenido\" id=\"excel-1060711966\"><script type=\"text\/javascript\">\r\n\tatOptions = {\r\n\t\t'key' : 'c1158f160081d6540a8409e6925dab94',\r\n\t\t'format' : 'iframe',\r\n\t\t'height' : 250,\r\n\t\t'width' : 300,\r\n\t\t'params' : {}\r\n\t};\r\n<\/script>\r\n<script type=\"text\/javascript\" src=\"\/\/www.highperformanceformat.com\/c1158f160081d6540a8409e6925dab94\/invoke.js\"><\/script><\/div><p>Para sumar el valor de las celdas que no est\u00e1n en blanco, debe especificar un valor que no est\u00e9 en blanco (\u00ab&lt;&gt;\u00bb usando el operador mayor que y menor que) en el argumento de criterio de la funci\u00f3n. Con esto, SUMIF solo buscar\u00e1 celdas que no est\u00e9n en blanco y solo considerar\u00e1 valores de [sum_range] en funci\u00f3n de eso. A continuaci\u00f3n hemos calculado la suma de donaciones con nombres. <\/p>\n<div class=\"wp-block-image\">\n<figure class=\"aligncenter size-full is-resized\"><img loading=\"lazy\" decoding=\"async\" class=\"wp-image-77827\" src=\"https:\/\/exceladvisor.org\/wp-content\/uploads\/2023\/08\/1-somme-si-cellules-non-vides.png\" sizes=\"auto, \" srcset=\"\" alt=\"sumif-celdas-no-vac\u00edas\" width=\"542\" height=\"431\"><\/figure>\n<\/div>\n<h2 class=\"wp-block-heading\"> Usando SUMAR.SI para celdas que no est\u00e1n en blanco<\/h2>\n<ol type=\"1\">\n<li> Primero, en la celda, ingrese =SUMAR.SI(.<\/li>\n<li> Ahora, en los criterios de rango se hace referencia al rango A2:A13.<\/li>\n<li> A continuaci\u00f3n, ingrese los criterios para las celdas que no est\u00e1n en blanco usando \u00ab&lt;&gt;\u00bb.<\/li>\n<li> Despu\u00e9s de eso, en el argumento [sum_range], consulte el rango B2:B13.<\/li>\n<li> Al final, ingrese el par\u00e9ntesis de cierre y presione Enter para obtener el resultado. <\/li>\n<\/ol>\n<div class=\"wp-block-image\">\n<figure class=\"aligncenter size-full is-resized\"><img loading=\"lazy\" decoding=\"async\" class=\"wp-image-77828\" src=\"https:\/\/exceladvisor.org\/wp-content\/uploads\/2023\/08\/2-utiliser-sumif-pour-les-cellules-non-vides.png\" sizes=\"auto, \" srcset=\"\" alt=\"usar-sumif-para-celdas-que-no-en-blanco\" width=\"709\" height=\"201\"><\/figure>\n<\/div>\n<p> Cuando ingresa la f\u00f3rmula y presiona Enter, devuelve la suma de la donaci\u00f3n solo para las celdas donde tiene un nombre en la columna de nombre. <\/p>\n<div class=\"wp-block-image\">\n<figure class=\"aligncenter size-full is-resized\"><img loading=\"lazy\" decoding=\"async\" class=\"wp-image-77829\" src=\"https:\/\/exceladvisor.org\/wp-content\/uploads\/2023\/08\/3-resultats-sumif-pour-les-cellules-non-vides.png\" sizes=\"auto, \" srcset=\"\" alt=\"resultado-sumif-para-celdas-que-no-en-blanco\" width=\"585\" height=\"446\"><\/figure>\n<\/div>\n<pre class=\"wp-block-code\"> <code class=\"language-excel-formula\" lang=\"excel-formula\">=SUMIF(A2:A13,\"&lt;&gt;\",B2:B13)<\/code><\/pre>\n<h2 class=\"wp-block-heading\"> SUMPRODUCT a SUM Celdas reales no vac\u00edas<\/h2>\n<p> Digamos que tienes una celda vac\u00eda y en esa celda tienes un espacio. Ahora esta <a href=\"https:\/\/exceladvisor.org\/es\/eliminar-espacios-adicionales\/\">celda parece una celda vac\u00eda, pero no vac\u00eda<\/a> . <\/p>\n<div class=\"wp-block-image\">\n<figure class=\"aligncenter size-full is-resized\"><img loading=\"lazy\" decoding=\"async\" class=\"wp-image-77830\" src=\"https:\/\/exceladvisor.org\/wp-content\/uploads\/2023\/08\/4-sumproduct-pour-additionner-les-cellules-non-vides-reelles.png\" sizes=\"auto, \" srcset=\"\" alt=\"suma-producto-a-suma-real-celdas-no-vac\u00edas\" width=\"602\" height=\"303\"><\/figure>\n<\/div>\n<p> En esta situaci\u00f3n, SUMAR.SI tambi\u00e9n calcular\u00e1 la suma de esta celda. <\/p>\n<div class=\"wp-block-image\">\n<figure class=\"aligncenter size-full is-resized\"><img loading=\"lazy\" decoding=\"async\" class=\"wp-image-77831\" src=\"https:\/\/exceladvisor.org\/wp-content\/uploads\/2023\/08\/5-comptes-de-sumif.png\" sizes=\"auto, \" srcset=\"\" alt=\"cuenta-sumif\" width=\"672\" height=\"229\"><\/figure>\n<\/div>\n<p> Para resolver este problema, puede utilizar una combinaci\u00f3n de <a href=\"https:\/\/exceladvisor.org\/es\/sumaproducto-2\/\">SUMPRODUCT<\/a> , LEN y TRIM. Con esta combinaci\u00f3n puedes crear una f\u00f3rmula matricial. Vea el ejemplo a continuaci\u00f3n. <\/p>\n<div class=\"wp-block-image\">\n<figure class=\"aligncenter size-full is-resized\"><img loading=\"lazy\" decoding=\"async\" class=\"wp-image-77832\" src=\"https:\/\/exceladvisor.org\/wp-content\/uploads\/2023\/08\/Combinaison-de-garnitures-a-6-sumproduct-len.png\" sizes=\"auto, \" srcset=\"\" alt=\"combinaci\u00f3n-sumproduct-len-trim\" width=\"697\" height=\"347\"><\/figure>\n<\/div>\n<pre class=\"wp-block-code\"> <code class=\"language-excel-formula\" lang=\"excel-formula\">=SUMPRODUCT(--(LEN(TRIM(A2:A13))&gt;0),B2:B13)<\/code><\/pre>\n<p> Cuando ingresa a esta funci\u00f3n, elimina estos espacios en blanco de las celdas usando TRIM. Pero hay una cosa que debes saber sobre SOMMEPROD. Puede ocupar una tabla completa en una sola celda sin usar las teclas CTRL+ALT+ENTER.<\/p>\n<p> Ahora, dividamos esta f\u00f3rmula en cinco peque\u00f1as partes para entenderla y ver c\u00f3mo funciona esta asombrosa f\u00f3rmula.<\/p>\n<p> En la <strong>primera parte<\/strong> , usamos TRIM y nos referimos a toda la columna de nombre. TRIM toma los valores de las columnas y elimina el espacio de las celdas donde solo hay espacios. Estas son aquellas celdas que no tienen valor pero que parecen celdas no vac\u00edas. <\/p>\n<div class=\"wp-block-image\">\n<figure class=\"aligncenter size-full is-resized\"><img loading=\"lazy\" decoding=\"async\" class=\"wp-image-77833\" src=\"https:\/\/exceladvisor.org\/wp-content\/uploads\/2023\/08\/7-premiere-garniture-part1.png\" sizes=\"auto, \" srcset=\"\" alt=\"primera parte\" width=\"460\" height=\"282\"><\/figure>\n<\/div>\n<p> En la <strong>segunda parte<\/strong> tenemos LEN que cuenta la longitud de los caracteres en la columna de nombre. Para todas las celdas donde no tenga valores, el recuento de caracteres ser\u00eda cero. <\/p>\n<div class=\"wp-block-image\">\n<figure class=\"aligncenter size-full is-resized\"><img loading=\"lazy\" decoding=\"async\" class=\"wp-image-77834\" src=\"https:\/\/exceladvisor.org\/wp-content\/uploads\/2023\/08\/partie-de-8-secondes.png\" sizes=\"auto, \" srcset=\"\" alt=\"segunda parte dos\" width=\"463\" height=\"240\"><\/figure>\n<\/div>\n<p> Como puedes ver, tenemos valores mayores que cero para todas las celdas que no est\u00e1n vac\u00edas.<\/p>\n<p> En la <strong>tercera parte<\/strong> , utilizamos un operador mayor que para comparar el resultado devuelto por LEN y TRIM. Y convierte el recuento en VERDADERO y FALSO. Para un n\u00famero mayor que cero, VERDADERO y en caso contrario FALSO. <\/p>\n<div class=\"wp-block-image\">\n<figure class=\"aligncenter size-full is-resized\"><img loading=\"lazy\" decoding=\"async\" class=\"wp-image-77835\" src=\"https:\/\/exceladvisor.org\/wp-content\/uploads\/2023\/08\/9-utilise-plus-grand-que-loperateur.png\" sizes=\"auto, \" srcset=\"\" alt=\"usado-mayor-que-operador\" width=\"554\" height=\"130\"><\/figure>\n<\/div>\n<p> En la <strong>cuarta parte<\/strong> , tenemos un doble signo menos que convierte estos valores VERDADEROS y FALDOS en 0 y 1. Para VERDADERO, un 0 y FALSO un 1. <\/p>\n<div class=\"wp-block-image\">\n<figure class=\"aligncenter size-full is-resized\"><img loading=\"lazy\" decoding=\"async\" class=\"wp-image-77836\" src=\"https:\/\/exceladvisor.org\/wp-content\/uploads\/2023\/08\/10-double-moins-pour-convertir-vrai-et-faux.png\" sizes=\"auto, \" srcset=\"\" alt=\"doble-menos-para-convertir-verdadero-a-falso\" width=\"554\" height=\"134\"><\/figure>\n<\/div>\n<p> Despu\u00e9s de eso, en la quinta parte, tenemos SUMPRODUCTO con dos matrices. Y cuando estas matrices se multiplican entre s\u00ed, se obtiene la suma s\u00f3lo de las celdas que no est\u00e1n vac\u00edas y no tienen espacio invisible. <\/p>\n<div class=\"gb-container gb-container-52dfcee1 gb-container-sample-file\">\n<h2 class=\"gb-headline gb-headline-e289c143 gb-headline-text gb-headline-4f7959c2\"> Obtener el archivo Excel<\/h2>\n<p> <a class=\"gb-button gb-button-e88d6bee gb-button-text gb-button-button1\" href=\"https:\/\/exceladvisor.org\/wp-content\/uploads\/2023\/08\/somme-si-non-vide.xlsx\" rel=\"nofollow\">Descargar<\/a><\/p>\n<\/div>\n<div class=\"gb-container gb-container-0df56012 gb-container-mt\"> <a class=\"gb-button gb-button-f9f432f4 gb-button-text gb-button-mt-button\" href=\"https:\/\/exceladvisor.org\/es\/formulas\/\">Lista de f\u00f3rmulas de Excel<\/a><\/p>\n<h2 class=\"gb-headline gb-headline-233444e8 gb-headline-text gb-headline-mt-heading\"> F\u00f3rmulas relacionadas <\/h2>\n<div class=\"gb-grid-wrapper gb-grid-wrapper-a16fa65c gb-grid-wrapper-mt-grid\">\n<div class=\"gb-grid-column gb-grid-column-50d07e0d\">\n<div class=\"gb-container gb-container-50d07e0d\">\n<ul>\n<li> <a href=\"https:\/\/exceladvisor.org\/es\/suma-si-es-mayor-que\/\">Suma mayor que valores usando SUMAR.SI<\/a><\/li>\n<li> <a href=\"https:\/\/exceladvisor.org\/es\/sumos-no-iguales\/\">Suma de valores no iguales (SUMIFS) en Excel<\/a><\/li>\n<li> <a href=\"https:\/\/exceladvisor.org\/es\/sumif-sumifs-o-logica\/\">SUMAR.SI\/SUMAR.SI con l\u00f3gica OR en Excel<\/a><\/li>\n<li> <a href=\"https:\/\/exceladvisor.org\/es\/sumif-con-comodines\/\">SUMAR.SI con comodines en Excel<\/a><\/li>\n<li> <a href=\"https:\/\/exceladvisor.org\/es\/suma-de-valores-entre-dos-fechas\/\">Rango de fechas SUMIFS (suma de valores entre dos matrices de fechas)<\/a> <\/li>\n<\/ul>\n<\/div>\n<\/div>\n<div class=\"gb-grid-column gb-grid-column-5b4a0cf9\">\n<div class=\"gb-container gb-container-5b4a0cf9\"><\/div>\n<\/div>\n<\/div>\n<\/div>\n","protected":false},"excerpt":{"rendered":"<p>Para sumar el valor de las celdas que no est\u00e1n en blanco, debe especificar un valor que no est\u00e9 en blanco (\u00ab&lt;&gt;\u00bb usando el operador mayor que y menor que) en el argumento de criterio de la funci\u00f3n. Con esto, SUMIF solo buscar\u00e1 celdas que no est\u00e9n en blanco y solo considerar\u00e1 valores de [sum_range] [&hellip;]<\/p>\n","protected":false},"author":1,"featured_media":0,"parent":0,"menu_order":0,"comment_status":"open","ping_status":"closed","template":"","meta":{"ub_ctt_via":"","footnotes":""},"class_list":["post-259","page","type-page","status-publish","hentry"],"featured_image_src":null,"yoast_head":"<!-- This site is optimized with the Yoast SEO plugin v25.4 - https:\/\/yoast.com\/wordpress\/plugins\/seo\/ -->\n<title>\u00bfc\u00f3mo agregar celdas no vac\u00edas?<\/title>\n<meta name=\"robots\" content=\"index, follow, max-snippet:-1, max-image-preview:large, max-video-preview:-1\" \/>\n<link rel=\"canonical\" href=\"https:\/\/exceladvisor.org\/es\/suma-si-no-esta-vacia-2\/\" \/>\n<meta property=\"og:locale\" content=\"es_ES\" \/>\n<meta property=\"og:type\" content=\"article\" \/>\n<meta property=\"og:title\" content=\"\u00bfc\u00f3mo agregar celdas no vac\u00edas?\" \/>\n<meta property=\"og:description\" content=\"Para sumar el valor de las celdas que no est\u00e1n en blanco, debe especificar un valor que no est\u00e9 en blanco (\u00ab&lt;&gt;\u00bb usando el operador mayor que y menor que) en el argumento de criterio de la funci\u00f3n. Con esto, SUMIF solo buscar\u00e1 celdas que no est\u00e9n en blanco y solo considerar\u00e1 valores de [sum_range] [&hellip;]\" \/>\n<meta property=\"og:url\" content=\"https:\/\/exceladvisor.org\/es\/suma-si-no-esta-vacia-2\/\" \/>\n<meta property=\"og:site_name\" content=\"Excel Advisor\" \/>\n<meta property=\"article:modified_time\" content=\"2023-12-25T10:22:51+00:00\" \/>\n<meta property=\"og:image\" content=\"https:\/\/exceladvisor.org\/wp-content\/uploads\/2023\/08\/1-somme-si-cellules-non-vides.png\" \/>\n<meta name=\"twitter:card\" content=\"summary_large_image\" \/>\n<meta name=\"twitter:label1\" content=\"Tiempo de lectura\" \/>\n\t<meta name=\"twitter:data1\" content=\"3 minutos\" \/>\n<script type=\"application\/ld+json\" class=\"yoast-schema-graph\">{\"@context\":\"https:\/\/schema.org\",\"@graph\":[{\"@type\":\"WebPage\",\"@id\":\"https:\/\/exceladvisor.org\/es\/suma-si-no-esta-vacia-2\/\",\"url\":\"https:\/\/exceladvisor.org\/es\/suma-si-no-esta-vacia-2\/\",\"name\":\"\u00bfc\u00f3mo agregar celdas no vac\u00edas?\",\"isPartOf\":{\"@id\":\"https:\/\/exceladvisor.org\/es\/#website\"},\"primaryImageOfPage\":{\"@id\":\"https:\/\/exceladvisor.org\/es\/suma-si-no-esta-vacia-2\/#primaryimage\"},\"image\":{\"@id\":\"https:\/\/exceladvisor.org\/es\/suma-si-no-esta-vacia-2\/#primaryimage\"},\"thumbnailUrl\":\"https:\/\/exceladvisor.org\/wp-content\/uploads\/2023\/08\/1-somme-si-cellules-non-vides.png\",\"datePublished\":\"2023-11-08T21:16:36+00:00\",\"dateModified\":\"2023-12-25T10:22:51+00:00\",\"breadcrumb\":{\"@id\":\"https:\/\/exceladvisor.org\/es\/suma-si-no-esta-vacia-2\/#breadcrumb\"},\"inLanguage\":\"es\",\"potentialAction\":[{\"@type\":\"ReadAction\",\"target\":[\"https:\/\/exceladvisor.org\/es\/suma-si-no-esta-vacia-2\/\"]}]},{\"@type\":\"ImageObject\",\"inLanguage\":\"es\",\"@id\":\"https:\/\/exceladvisor.org\/es\/suma-si-no-esta-vacia-2\/#primaryimage\",\"url\":\"https:\/\/exceladvisor.org\/wp-content\/uploads\/2023\/08\/1-somme-si-cellules-non-vides.png\",\"contentUrl\":\"https:\/\/exceladvisor.org\/wp-content\/uploads\/2023\/08\/1-somme-si-cellules-non-vides.png\"},{\"@type\":\"BreadcrumbList\",\"@id\":\"https:\/\/exceladvisor.org\/es\/suma-si-no-esta-vacia-2\/#breadcrumb\",\"itemListElement\":[{\"@type\":\"ListItem\",\"position\":1,\"name\":\"Hogar\",\"item\":\"https:\/\/exceladvisor.org\/es\/\"},{\"@type\":\"ListItem\",\"position\":2,\"name\":\"\u00bfc\u00f3mo agregar celdas no vac\u00edas?\"}]},{\"@type\":\"WebSite\",\"@id\":\"https:\/\/exceladvisor.org\/es\/#website\",\"url\":\"https:\/\/exceladvisor.org\/es\/\",\"name\":\"Excel Advisor\",\"description\":\"Su gu\u00eda para la dominaci\u00f3n de datos!\",\"publisher\":{\"@id\":\"https:\/\/exceladvisor.org\/es\/#organization\"},\"potentialAction\":[{\"@type\":\"SearchAction\",\"target\":{\"@type\":\"EntryPoint\",\"urlTemplate\":\"https:\/\/exceladvisor.org\/es\/?s={search_term_string}\"},\"query-input\":{\"@type\":\"PropertyValueSpecification\",\"valueRequired\":true,\"valueName\":\"search_term_string\"}}],\"inLanguage\":\"es\"},{\"@type\":\"Organization\",\"@id\":\"https:\/\/exceladvisor.org\/es\/#organization\",\"name\":\"Excel Advisor\",\"url\":\"https:\/\/exceladvisor.org\/es\/\",\"logo\":{\"@type\":\"ImageObject\",\"inLanguage\":\"es\",\"@id\":\"https:\/\/exceladvisor.org\/es\/#\/schema\/logo\/image\/\",\"url\":\"https:\/\/exceladvisor.org\/es\/wp-content\/uploads\/2023\/12\/exceladvisor.org_.png\",\"contentUrl\":\"https:\/\/exceladvisor.org\/es\/wp-content\/uploads\/2023\/12\/exceladvisor.org_.png\",\"width\":105,\"height\":36,\"caption\":\"Excel Advisor\"},\"image\":{\"@id\":\"https:\/\/exceladvisor.org\/es\/#\/schema\/logo\/image\/\"}}]}<\/script>\n<!-- \/ Yoast SEO plugin. -->","yoast_head_json":{"title":"\u00bfc\u00f3mo agregar celdas no vac\u00edas?","robots":{"index":"index","follow":"follow","max-snippet":"max-snippet:-1","max-image-preview":"max-image-preview:large","max-video-preview":"max-video-preview:-1"},"canonical":"https:\/\/exceladvisor.org\/es\/suma-si-no-esta-vacia-2\/","og_locale":"es_ES","og_type":"article","og_title":"\u00bfc\u00f3mo agregar celdas no vac\u00edas?","og_description":"Para sumar el valor de las celdas que no est\u00e1n en blanco, debe especificar un valor que no est\u00e9 en blanco (\u00ab&lt;&gt;\u00bb usando el operador mayor que y menor que) en el argumento de criterio de la funci\u00f3n. Con esto, SUMIF solo buscar\u00e1 celdas que no est\u00e9n en blanco y solo considerar\u00e1 valores de [sum_range] [&hellip;]","og_url":"https:\/\/exceladvisor.org\/es\/suma-si-no-esta-vacia-2\/","og_site_name":"Excel Advisor","article_modified_time":"2023-12-25T10:22:51+00:00","og_image":[{"url":"https:\/\/exceladvisor.org\/wp-content\/uploads\/2023\/08\/1-somme-si-cellules-non-vides.png","type":"","width":"","height":""}],"twitter_card":"summary_large_image","twitter_misc":{"Tiempo de lectura":"3 minutos"},"schema":{"@context":"https:\/\/schema.org","@graph":[{"@type":"WebPage","@id":"https:\/\/exceladvisor.org\/es\/suma-si-no-esta-vacia-2\/","url":"https:\/\/exceladvisor.org\/es\/suma-si-no-esta-vacia-2\/","name":"\u00bfc\u00f3mo agregar celdas no vac\u00edas?","isPartOf":{"@id":"https:\/\/exceladvisor.org\/es\/#website"},"primaryImageOfPage":{"@id":"https:\/\/exceladvisor.org\/es\/suma-si-no-esta-vacia-2\/#primaryimage"},"image":{"@id":"https:\/\/exceladvisor.org\/es\/suma-si-no-esta-vacia-2\/#primaryimage"},"thumbnailUrl":"https:\/\/exceladvisor.org\/wp-content\/uploads\/2023\/08\/1-somme-si-cellules-non-vides.png","datePublished":"2023-11-08T21:16:36+00:00","dateModified":"2023-12-25T10:22:51+00:00","breadcrumb":{"@id":"https:\/\/exceladvisor.org\/es\/suma-si-no-esta-vacia-2\/#breadcrumb"},"inLanguage":"es","potentialAction":[{"@type":"ReadAction","target":["https:\/\/exceladvisor.org\/es\/suma-si-no-esta-vacia-2\/"]}]},{"@type":"ImageObject","inLanguage":"es","@id":"https:\/\/exceladvisor.org\/es\/suma-si-no-esta-vacia-2\/#primaryimage","url":"https:\/\/exceladvisor.org\/wp-content\/uploads\/2023\/08\/1-somme-si-cellules-non-vides.png","contentUrl":"https:\/\/exceladvisor.org\/wp-content\/uploads\/2023\/08\/1-somme-si-cellules-non-vides.png"},{"@type":"BreadcrumbList","@id":"https:\/\/exceladvisor.org\/es\/suma-si-no-esta-vacia-2\/#breadcrumb","itemListElement":[{"@type":"ListItem","position":1,"name":"Hogar","item":"https:\/\/exceladvisor.org\/es\/"},{"@type":"ListItem","position":2,"name":"\u00bfc\u00f3mo agregar celdas no vac\u00edas?"}]},{"@type":"WebSite","@id":"https:\/\/exceladvisor.org\/es\/#website","url":"https:\/\/exceladvisor.org\/es\/","name":"Excel Advisor","description":"Su gu\u00eda para la dominaci\u00f3n de datos!","publisher":{"@id":"https:\/\/exceladvisor.org\/es\/#organization"},"potentialAction":[{"@type":"SearchAction","target":{"@type":"EntryPoint","urlTemplate":"https:\/\/exceladvisor.org\/es\/?s={search_term_string}"},"query-input":{"@type":"PropertyValueSpecification","valueRequired":true,"valueName":"search_term_string"}}],"inLanguage":"es"},{"@type":"Organization","@id":"https:\/\/exceladvisor.org\/es\/#organization","name":"Excel Advisor","url":"https:\/\/exceladvisor.org\/es\/","logo":{"@type":"ImageObject","inLanguage":"es","@id":"https:\/\/exceladvisor.org\/es\/#\/schema\/logo\/image\/","url":"https:\/\/exceladvisor.org\/es\/wp-content\/uploads\/2023\/12\/exceladvisor.org_.png","contentUrl":"https:\/\/exceladvisor.org\/es\/wp-content\/uploads\/2023\/12\/exceladvisor.org_.png","width":105,"height":36,"caption":"Excel Advisor"},"image":{"@id":"https:\/\/exceladvisor.org\/es\/#\/schema\/logo\/image\/"}}]}},"yoast_meta":{"yoast_wpseo_title":"","yoast_wpseo_metadesc":"","yoast_wpseo_canonical":""},"_links":{"self":[{"href":"https:\/\/exceladvisor.org\/es\/wp-json\/wp\/v2\/pages\/259","targetHints":{"allow":["GET"]}}],"collection":[{"href":"https:\/\/exceladvisor.org\/es\/wp-json\/wp\/v2\/pages"}],"about":[{"href":"https:\/\/exceladvisor.org\/es\/wp-json\/wp\/v2\/types\/page"}],"author":[{"embeddable":true,"href":"https:\/\/exceladvisor.org\/es\/wp-json\/wp\/v2\/users\/1"}],"replies":[{"embeddable":true,"href":"https:\/\/exceladvisor.org\/es\/wp-json\/wp\/v2\/comments?post=259"}],"version-history":[{"count":1,"href":"https:\/\/exceladvisor.org\/es\/wp-json\/wp\/v2\/pages\/259\/revisions"}],"predecessor-version":[{"id":796,"href":"https:\/\/exceladvisor.org\/es\/wp-json\/wp\/v2\/pages\/259\/revisions\/796"}],"wp:attachment":[{"href":"https:\/\/exceladvisor.org\/es\/wp-json\/wp\/v2\/media?parent=259"}],"curies":[{"name":"wp","href":"https:\/\/api.w.org\/{rel}","templated":true}]}}