{"id":26,"date":"2023-11-20T05:19:51","date_gmt":"2023-11-20T05:19:51","guid":{"rendered":"https:\/\/exceladvisor.org\/es\/agregar-espacio-2\/"},"modified":"2023-12-25T10:23:00","modified_gmt":"2023-12-25T10:23:00","slug":"agregar-espacio-2","status":"publish","type":"page","link":"https:\/\/exceladvisor.org\/es\/agregar-espacio-2\/","title":{"rendered":"\u00bfc\u00f3mo agregar un espacio a una celda de excel?"},"content":{"rendered":"<div class=\"excel-antes-del-contenido\" id=\"excel-3945518033\"><script type=\"text\/javascript\">\r\n\tatOptions = {\r\n\t\t'key' : 'c1158f160081d6540a8409e6925dab94',\r\n\t\t'format' : 'iframe',\r\n\t\t'height' : 250,\r\n\t\t'width' : 300,\r\n\t\t'params' : {}\r\n\t};\r\n<\/script>\r\n<script type=\"text\/javascript\" src=\"\/\/www.highperformanceformat.com\/c1158f160081d6540a8409e6925dab94\/invoke.js\"><\/script><\/div><p>Cuando combinas dos valores en una sola celda, normalmente es necesario agregar un espacio entre esos valores. Incluso a veces es necesario agregar m\u00e1s de un espacio. Este tutorial lo ayudar\u00e1 a escribir una f\u00f3rmula para agregar espacio o m\u00faltiples espacios en Excel.<\/p>\n<h2 class=\"wp-block-heading\"> A\u00f1ade un solo espacio<\/h2>\n<ol type=\"1\">\n<li> Primero, ingrese (=) en una celda.<\/li>\n<li> Consulte la celda con el primer valor y escriba un signo comercial (&amp;).<\/li>\n<li> Escriba (\u201c\u201d) para especificar el espacio a agregar.<\/li>\n<li> Ahora, consulte la celda con el segundo valor y escriba un signo comercial (&amp;).<\/li>\n<li> Al final, presione Enter para obtener el resultado. <\/li>\n<\/ol>\n<div class=\"wp-block-image\">\n<figure class=\"aligncenter size-full is-resized\"><img loading=\"lazy\" decoding=\"async\" class=\"alignnone wp-image-12824 \" src=\"https:\/\/exceladvisor.org\/wp-content\/uploads\/2023\/11\/1-ajouter-un-espace-unique.png\" alt=\"1 agregar un solo espacio\" width=\"535\" height=\"110\" srcset=\"https:\/\/exceladvisor.org\/wp-content\/uploads\/2023\/11\/1-ajouter-un-espace-unique.png 564w, https:\/\/exceladvisor.org\/wp-content\/uploads\/2023\/11\/1-ajouter-un-espace-unique-300x62.png 300w\" sizes=\"auto, (max-width: 535px) 100vw, 535px\"><\/figure>\n<\/div>\n<p> En el momento en que presiones Enter, obtendr\u00e1s ambos valores en una sola celda con un espacio de por medio. <\/p>\n<div class=\"wp-block-image\">\n<figure class=\"aligncenter size-full is-resized\"><img loading=\"lazy\" decoding=\"async\" class=\"alignnone wp-image-12825 \" src=\"https:\/\/exceladvisor.org\/wp-content\/uploads\/2023\/11\/2-Excel-a-espace-unique.png\" alt=\"2 Excel de un solo espacio\" width=\"542\" height=\"107\" srcset=\"https:\/\/exceladvisor.org\/wp-content\/uploads\/2023\/11\/2-Excel-a-espace-unique.png 557w, https:\/\/exceladvisor.org\/wp-content\/uploads\/2023\/11\/2-Excel-a-espace-unique-300x59.png 300w\" sizes=\"auto, (max-width: 542px) 100vw, 542px\"><\/figure>\n<\/div>\n<pre class=\"wp-block-code\"> <code class=\"language-excel-formula\" lang=\"excel-formula\">=A1&amp;\" \"&amp;B1<\/code><\/pre>\n<h2 class=\"wp-block-heading\"> Agregar m\u00faltiples espacios<\/h2>\n<p> Ahora, si desea agregar m\u00e1s de un espacio entre dos valores, en ese caso puede usar la funci\u00f3n REPT. <\/p>\n<div class=\"wp-block-image\">\n<figure class=\"aligncenter size-full is-resized\"><img loading=\"lazy\" decoding=\"async\" class=\"alignnone  wp-image-12827\" src=\"https:\/\/exceladvisor.org\/wp-content\/uploads\/2023\/11\/4-Excel-a-espaces-multiples.png\" alt=\"4 Excel multiespacio\" width=\"608\" height=\"135\" srcset=\"https:\/\/exceladvisor.org\/wp-content\/uploads\/2023\/11\/4-Excel-a-espaces-multiples.png 693w, https:\/\/exceladvisor.org\/wp-content\/uploads\/2023\/11\/4-Excel-a-espaces-multiples-300x67.png 300w\" sizes=\"auto, (max-width: 608px) 100vw, 608px\"><\/figure>\n<\/div>\n<p> En lugar de utilizar un solo espacio en esta f\u00f3rmula, utilizamos REPT. Y en el REPT especificamos el espacio y el n\u00famero. <\/p>\n<div class=\"wp-block-image\">\n<figure class=\"aligncenter size-full is-resized\"><img loading=\"lazy\" decoding=\"async\" class=\"alignnone  wp-image-12826\" src=\"https:\/\/exceladvisor.org\/wp-content\/uploads\/2023\/11\/3-ajouter-plusieurs-espaces.png\" alt=\"3 agregar muchos espacios\" width=\"605\" height=\"147\" srcset=\"https:\/\/exceladvisor.org\/wp-content\/uploads\/2023\/11\/3-ajouter-plusieurs-espaces.png 691w, https:\/\/exceladvisor.org\/wp-content\/uploads\/2023\/11\/3-ajouter-plusieurs-espaces-300x73.png 300w\" sizes=\"auto, (max-width: 605px) 100vw, 605px\"><\/figure>\n<\/div>\n<p> Como puede ver, tenemos 20 para el argumento n\u00famero_veces, que le indica a la funci\u00f3n que devuelva 20 espacios entre las dos palabras.<\/p>\n<pre class=\"wp-block-code\"> <code class=\"language-excel-formula\" lang=\"excel-formula\">=A1&amp;REPT(\" \",20)&amp;B1<\/code><\/pre>\n<h2 class=\"wp-block-heading\"> Agregue m\u00faltiples espacios para m\u00faltiples valores<\/h2>\n<p> Si tiene varios valores y desea agregar un espacio entre cada uno de los valores al combinarlos, puede usar la funci\u00f3n TEXTJOIN. <\/p>\n<div class=\"wp-block-image\">\n<figure class=\"aligncenter size-full is-resized\"><img loading=\"lazy\" decoding=\"async\" class=\"wp-image-83043\" src=\"https:\/\/exceladvisor.org\/wp-content\/uploads\/2023\/08\/5-ajouter-plusieurs-espaces-pour-plusieurs-valeurs.png\" sizes=\"auto, \" srcset=\"\" alt=\"agregar-m\u00faltiples-espacios-para-m\u00faltiples-valores\" width=\"441\" height=\"319\"><\/figure>\n<\/div>\n<p> En TEXTJOIN necesitas especificar el delimitador que se agregar\u00e1 entre cada valor, y aqu\u00ed tenemos un espacio. Despu\u00e9s de eso, TRUE para ignorar la celda vac\u00eda y, al final, rango para obtener los valores.<\/p>\n<pre class=\"wp-block-code\"> <code class=\"language-excel-formula\" lang=\"excel-formula\">=TEXTJOIN(\" \",TRUE,A1:A5)<\/code><\/pre>\n<div class=\"gb-container gb-container-52dfcee1 gb-container-sample-file\">\n<h2 class=\"gb-headline gb-headline-e289c143 gb-headline-text gb-headline-4f7959c2\"> Obtener el archivo Excel<\/h2>\n<p> <a class=\"gb-button gb-button-e88d6bee gb-button-text gb-button-button1\" href=\"https:\/\/exceladvisor.org\/wp-content\/uploads\/2023\/11\/ajouter-de-lespace-dans-Excel.xlsx\" rel=\"nofollow\">Descargar<\/a><\/div>\n<div class=\"gb-container gb-container-0df56012 gb-container-mt\"> <a class=\"gb-button gb-button-f9f432f4 gb-button-text gb-button-mt-button\" href=\"https:\/\/exceladvisor.org\/es\/formulas\/\">Lista de f\u00f3rmulas de Excel<\/a><\/p>\n<h2 class=\"gb-headline gb-headline-233444e8 gb-headline-text gb-headline-mt-heading\"> F\u00f3rmulas relacionadas <\/h2>\n<div class=\"gb-grid-wrapper gb-grid-wrapper-a16fa65c gb-grid-wrapper-mt-grid\">\n<div class=\"gb-grid-column gb-grid-column-50d07e0d\">\n<div class=\"gb-container gb-container-50d07e0d\">\n<ul>\n<li> <a href=\"https:\/\/exceladvisor.org\/es\/nueva-linea-en-la-celda\/\">Agregar una nueva l\u00ednea a una celda en Excel (salto de l\u00ednea)<\/a><\/li>\n<li> <a href=\"https:\/\/exceladvisor.org\/es\/ceros-a-la-izquierda\/\">Agregue ceros a la izquierda en Excel<\/a><\/li>\n<li> <a href=\"https:\/\/exceladvisor.org\/es\/concatenar-celdas-con-una-coma\/\">Concatenar (combinar) celdas con una coma en Excel<\/a><\/li>\n<li> <a href=\"https:\/\/exceladvisor.org\/es\/concatenar-un-rango-de-celdas\/\">Concatenar (combinar) un rango de celdas en Excel<\/a><\/li>\n<li> <a href=\"https:\/\/exceladvisor.org\/es\/concatenar-un-salto-de-linea\/\">Concatenar con salto de l\u00ednea en Excel<\/a> <\/li>\n<\/ul>\n<\/div>\n<\/div>\n<div class=\"gb-grid-column gb-grid-column-5b4a0cf9\">\n<div class=\"gb-container gb-container-5b4a0cf9\"><\/div>\n<\/div>\n<\/div>\n<\/div>\n","protected":false},"excerpt":{"rendered":"<p>Cuando combinas dos valores en una sola celda, normalmente es necesario agregar un espacio entre esos valores. Incluso a veces es necesario agregar m\u00e1s de un espacio. Este tutorial lo ayudar\u00e1 a escribir una f\u00f3rmula para agregar espacio o m\u00faltiples espacios en Excel. A\u00f1ade un solo espacio Primero, ingrese (=) en una celda. Consulte la [&hellip;]<\/p>\n","protected":false},"author":1,"featured_media":0,"parent":0,"menu_order":0,"comment_status":"open","ping_status":"closed","template":"","meta":{"ub_ctt_via":"","footnotes":""},"class_list":["post-26","page","type-page","status-publish","hentry"],"featured_image_src":null,"yoast_head":"<!-- This site is optimized with the Yoast SEO plugin v25.4 - https:\/\/yoast.com\/wordpress\/plugins\/seo\/ -->\n<title>\u00bfc\u00f3mo agregar un espacio a una celda de excel?<\/title>\n<meta name=\"robots\" content=\"index, follow, max-snippet:-1, max-image-preview:large, max-video-preview:-1\" \/>\n<link rel=\"canonical\" href=\"https:\/\/exceladvisor.org\/es\/agregar-espacio-2\/\" \/>\n<meta property=\"og:locale\" content=\"es_ES\" \/>\n<meta property=\"og:type\" content=\"article\" \/>\n<meta property=\"og:title\" content=\"\u00bfc\u00f3mo agregar un espacio a una celda de excel?\" \/>\n<meta property=\"og:description\" content=\"Cuando combinas dos valores en una sola celda, normalmente es necesario agregar un espacio entre esos valores. Incluso a veces es necesario agregar m\u00e1s de un espacio. Este tutorial lo ayudar\u00e1 a escribir una f\u00f3rmula para agregar espacio o m\u00faltiples espacios en Excel. A\u00f1ade un solo espacio Primero, ingrese (=) en una celda. Consulte la [&hellip;]\" \/>\n<meta property=\"og:url\" content=\"https:\/\/exceladvisor.org\/es\/agregar-espacio-2\/\" \/>\n<meta property=\"og:site_name\" content=\"Excel Advisor\" \/>\n<meta property=\"article:modified_time\" content=\"2023-12-25T10:23:00+00:00\" \/>\n<meta property=\"og:image\" content=\"https:\/\/exceladvisor.org\/wp-content\/uploads\/2023\/11\/1-ajouter-un-espace-unique.png\" \/>\n<meta name=\"twitter:card\" content=\"summary_large_image\" \/>\n<meta name=\"twitter:label1\" content=\"Tiempo de lectura\" \/>\n\t<meta name=\"twitter:data1\" content=\"2 minutos\" \/>\n<script type=\"application\/ld+json\" class=\"yoast-schema-graph\">{\"@context\":\"https:\/\/schema.org\",\"@graph\":[{\"@type\":\"WebPage\",\"@id\":\"https:\/\/exceladvisor.org\/es\/agregar-espacio-2\/\",\"url\":\"https:\/\/exceladvisor.org\/es\/agregar-espacio-2\/\",\"name\":\"\u00bfc\u00f3mo agregar un espacio a una celda de excel?\",\"isPartOf\":{\"@id\":\"https:\/\/exceladvisor.org\/es\/#website\"},\"primaryImageOfPage\":{\"@id\":\"https:\/\/exceladvisor.org\/es\/agregar-espacio-2\/#primaryimage\"},\"image\":{\"@id\":\"https:\/\/exceladvisor.org\/es\/agregar-espacio-2\/#primaryimage\"},\"thumbnailUrl\":\"https:\/\/exceladvisor.org\/wp-content\/uploads\/2023\/11\/1-ajouter-un-espace-unique.png\",\"datePublished\":\"2023-11-20T05:19:51+00:00\",\"dateModified\":\"2023-12-25T10:23:00+00:00\",\"breadcrumb\":{\"@id\":\"https:\/\/exceladvisor.org\/es\/agregar-espacio-2\/#breadcrumb\"},\"inLanguage\":\"es\",\"potentialAction\":[{\"@type\":\"ReadAction\",\"target\":[\"https:\/\/exceladvisor.org\/es\/agregar-espacio-2\/\"]}]},{\"@type\":\"ImageObject\",\"inLanguage\":\"es\",\"@id\":\"https:\/\/exceladvisor.org\/es\/agregar-espacio-2\/#primaryimage\",\"url\":\"https:\/\/exceladvisor.org\/wp-content\/uploads\/2023\/11\/1-ajouter-un-espace-unique.png\",\"contentUrl\":\"https:\/\/exceladvisor.org\/wp-content\/uploads\/2023\/11\/1-ajouter-un-espace-unique.png\"},{\"@type\":\"BreadcrumbList\",\"@id\":\"https:\/\/exceladvisor.org\/es\/agregar-espacio-2\/#breadcrumb\",\"itemListElement\":[{\"@type\":\"ListItem\",\"position\":1,\"name\":\"Hogar\",\"item\":\"https:\/\/exceladvisor.org\/es\/\"},{\"@type\":\"ListItem\",\"position\":2,\"name\":\"\u00bfc\u00f3mo agregar un espacio a una celda de excel?\"}]},{\"@type\":\"WebSite\",\"@id\":\"https:\/\/exceladvisor.org\/es\/#website\",\"url\":\"https:\/\/exceladvisor.org\/es\/\",\"name\":\"Excel Advisor\",\"description\":\"Su gu\u00eda para la dominaci\u00f3n de datos!\",\"publisher\":{\"@id\":\"https:\/\/exceladvisor.org\/es\/#organization\"},\"potentialAction\":[{\"@type\":\"SearchAction\",\"target\":{\"@type\":\"EntryPoint\",\"urlTemplate\":\"https:\/\/exceladvisor.org\/es\/?s={search_term_string}\"},\"query-input\":{\"@type\":\"PropertyValueSpecification\",\"valueRequired\":true,\"valueName\":\"search_term_string\"}}],\"inLanguage\":\"es\"},{\"@type\":\"Organization\",\"@id\":\"https:\/\/exceladvisor.org\/es\/#organization\",\"name\":\"Excel Advisor\",\"url\":\"https:\/\/exceladvisor.org\/es\/\",\"logo\":{\"@type\":\"ImageObject\",\"inLanguage\":\"es\",\"@id\":\"https:\/\/exceladvisor.org\/es\/#\/schema\/logo\/image\/\",\"url\":\"https:\/\/exceladvisor.org\/es\/wp-content\/uploads\/2023\/12\/exceladvisor.org_.png\",\"contentUrl\":\"https:\/\/exceladvisor.org\/es\/wp-content\/uploads\/2023\/12\/exceladvisor.org_.png\",\"width\":105,\"height\":36,\"caption\":\"Excel Advisor\"},\"image\":{\"@id\":\"https:\/\/exceladvisor.org\/es\/#\/schema\/logo\/image\/\"}}]}<\/script>\n<!-- \/ Yoast SEO plugin. -->","yoast_head_json":{"title":"\u00bfc\u00f3mo agregar un espacio a una celda de excel?","robots":{"index":"index","follow":"follow","max-snippet":"max-snippet:-1","max-image-preview":"max-image-preview:large","max-video-preview":"max-video-preview:-1"},"canonical":"https:\/\/exceladvisor.org\/es\/agregar-espacio-2\/","og_locale":"es_ES","og_type":"article","og_title":"\u00bfc\u00f3mo agregar un espacio a una celda de excel?","og_description":"Cuando combinas dos valores en una sola celda, normalmente es necesario agregar un espacio entre esos valores. Incluso a veces es necesario agregar m\u00e1s de un espacio. Este tutorial lo ayudar\u00e1 a escribir una f\u00f3rmula para agregar espacio o m\u00faltiples espacios en Excel. A\u00f1ade un solo espacio Primero, ingrese (=) en una celda. Consulte la [&hellip;]","og_url":"https:\/\/exceladvisor.org\/es\/agregar-espacio-2\/","og_site_name":"Excel Advisor","article_modified_time":"2023-12-25T10:23:00+00:00","og_image":[{"url":"https:\/\/exceladvisor.org\/wp-content\/uploads\/2023\/11\/1-ajouter-un-espace-unique.png","type":"","width":"","height":""}],"twitter_card":"summary_large_image","twitter_misc":{"Tiempo de lectura":"2 minutos"},"schema":{"@context":"https:\/\/schema.org","@graph":[{"@type":"WebPage","@id":"https:\/\/exceladvisor.org\/es\/agregar-espacio-2\/","url":"https:\/\/exceladvisor.org\/es\/agregar-espacio-2\/","name":"\u00bfc\u00f3mo agregar un espacio a una celda de excel?","isPartOf":{"@id":"https:\/\/exceladvisor.org\/es\/#website"},"primaryImageOfPage":{"@id":"https:\/\/exceladvisor.org\/es\/agregar-espacio-2\/#primaryimage"},"image":{"@id":"https:\/\/exceladvisor.org\/es\/agregar-espacio-2\/#primaryimage"},"thumbnailUrl":"https:\/\/exceladvisor.org\/wp-content\/uploads\/2023\/11\/1-ajouter-un-espace-unique.png","datePublished":"2023-11-20T05:19:51+00:00","dateModified":"2023-12-25T10:23:00+00:00","breadcrumb":{"@id":"https:\/\/exceladvisor.org\/es\/agregar-espacio-2\/#breadcrumb"},"inLanguage":"es","potentialAction":[{"@type":"ReadAction","target":["https:\/\/exceladvisor.org\/es\/agregar-espacio-2\/"]}]},{"@type":"ImageObject","inLanguage":"es","@id":"https:\/\/exceladvisor.org\/es\/agregar-espacio-2\/#primaryimage","url":"https:\/\/exceladvisor.org\/wp-content\/uploads\/2023\/11\/1-ajouter-un-espace-unique.png","contentUrl":"https:\/\/exceladvisor.org\/wp-content\/uploads\/2023\/11\/1-ajouter-un-espace-unique.png"},{"@type":"BreadcrumbList","@id":"https:\/\/exceladvisor.org\/es\/agregar-espacio-2\/#breadcrumb","itemListElement":[{"@type":"ListItem","position":1,"name":"Hogar","item":"https:\/\/exceladvisor.org\/es\/"},{"@type":"ListItem","position":2,"name":"\u00bfc\u00f3mo agregar un espacio a una celda de excel?"}]},{"@type":"WebSite","@id":"https:\/\/exceladvisor.org\/es\/#website","url":"https:\/\/exceladvisor.org\/es\/","name":"Excel Advisor","description":"Su gu\u00eda para la dominaci\u00f3n de datos!","publisher":{"@id":"https:\/\/exceladvisor.org\/es\/#organization"},"potentialAction":[{"@type":"SearchAction","target":{"@type":"EntryPoint","urlTemplate":"https:\/\/exceladvisor.org\/es\/?s={search_term_string}"},"query-input":{"@type":"PropertyValueSpecification","valueRequired":true,"valueName":"search_term_string"}}],"inLanguage":"es"},{"@type":"Organization","@id":"https:\/\/exceladvisor.org\/es\/#organization","name":"Excel Advisor","url":"https:\/\/exceladvisor.org\/es\/","logo":{"@type":"ImageObject","inLanguage":"es","@id":"https:\/\/exceladvisor.org\/es\/#\/schema\/logo\/image\/","url":"https:\/\/exceladvisor.org\/es\/wp-content\/uploads\/2023\/12\/exceladvisor.org_.png","contentUrl":"https:\/\/exceladvisor.org\/es\/wp-content\/uploads\/2023\/12\/exceladvisor.org_.png","width":105,"height":36,"caption":"Excel Advisor"},"image":{"@id":"https:\/\/exceladvisor.org\/es\/#\/schema\/logo\/image\/"}}]}},"yoast_meta":{"yoast_wpseo_title":"","yoast_wpseo_metadesc":"","yoast_wpseo_canonical":""},"_links":{"self":[{"href":"https:\/\/exceladvisor.org\/es\/wp-json\/wp\/v2\/pages\/26","targetHints":{"allow":["GET"]}}],"collection":[{"href":"https:\/\/exceladvisor.org\/es\/wp-json\/wp\/v2\/pages"}],"about":[{"href":"https:\/\/exceladvisor.org\/es\/wp-json\/wp\/v2\/types\/page"}],"author":[{"embeddable":true,"href":"https:\/\/exceladvisor.org\/es\/wp-json\/wp\/v2\/users\/1"}],"replies":[{"embeddable":true,"href":"https:\/\/exceladvisor.org\/es\/wp-json\/wp\/v2\/comments?post=26"}],"version-history":[{"count":1,"href":"https:\/\/exceladvisor.org\/es\/wp-json\/wp\/v2\/pages\/26\/revisions"}],"predecessor-version":[{"id":808,"href":"https:\/\/exceladvisor.org\/es\/wp-json\/wp\/v2\/pages\/26\/revisions\/808"}],"wp:attachment":[{"href":"https:\/\/exceladvisor.org\/es\/wp-json\/wp\/v2\/media?parent=26"}],"curies":[{"name":"wp","href":"https:\/\/api.w.org\/{rel}","templated":true}]}}