{"id":261,"date":"2023-11-08T20:50:38","date_gmt":"2023-11-08T20:50:38","guid":{"rendered":"https:\/\/exceladvisor.org\/es\/suma-por-fecha\/"},"modified":"2023-12-25T10:27:33","modified_gmt":"2023-12-25T10:27:33","slug":"suma-por-fecha","status":"publish","type":"page","link":"https:\/\/exceladvisor.org\/es\/suma-por-fecha\/","title":{"rendered":"\u00bfc\u00f3mo sumar valores en funci\u00f3n de una fecha?"},"content":{"rendered":"<div class=\"excel-antes-del-contenido\" id=\"excel-1743462529\"><script type=\"text\/javascript\">\r\n\tatOptions = {\r\n\t\t'key' : 'c1158f160081d6540a8409e6925dab94',\r\n\t\t'format' : 'iframe',\r\n\t\t'height' : 250,\r\n\t\t'width' : 300,\r\n\t\t'params' : {}\r\n\t};\r\n<\/script>\r\n<script type=\"text\/javascript\" src=\"\/\/www.highperformanceformat.com\/c1158f160081d6540a8409e6925dab94\/invoke.js\"><\/script><\/div><p>Para usar SUMAR.SI para agregar valores basados en la fecha como criterio, puede consultar la celda donde tiene la fecha o puede ingresar la fecha directamente en la funci\u00f3n. En SUMIFS tienes el argumento criterio y en ese argumento; debes especificar la fecha para la cual deseas agregar los valores. <\/p>\n<div class=\"wp-block-image\">\n<figure class=\"aligncenter size-full is-resized\"><img loading=\"lazy\" decoding=\"async\" class=\"wp-image-77816\" src=\"https:\/\/exceladvisor.org\/wp-content\/uploads\/2023\/08\/1-somme-des-valeurs-basees-sur-les-dates.png\" sizes=\"auto, \" srcset=\"\" alt=\"suma-valores-basados-en-fechas\" width=\"451\" height=\"474\"><\/figure>\n<\/div>\n<p> En este tutorial, aprenderemos c\u00f3mo usar la funci\u00f3n SUMAR.SI de Excel en una fecha.<\/p>\n<h2 class=\"wp-block-heading\"> Utilice SUMAR.SI por fecha en Excel<\/h2>\n<ol type=\"1\">\n<li> Primero, ingresa <code>=SUMIF(<\/code> la celda donde deseas la suma.<\/li>\n<li> Despu\u00e9s de eso, consulte la columna de fecha, rango A2:A15.<\/li>\n<li> Luego, en el argumento de criterios, haga referencia a la celda donde tiene la fecha.<\/li>\n<li> Ahora, en el \u00faltimo argumento, consulte la columna de suma, rango B2:B15.<\/li>\n<li> Al final, ingrese el par\u00e9ntesis de cierre y presione Enter para obtener el resultado. <\/li>\n<\/ol>\n<div class=\"wp-block-image\">\n<figure class=\"aligncenter size-full is-resized\"><img loading=\"lazy\" decoding=\"async\" class=\"wp-image-77817\" src=\"https:\/\/exceladvisor.org\/wp-content\/uploads\/2023\/08\/2-sumif-par-date-dans-excel.png\" sizes=\"auto, \" srcset=\"\" alt=\"sumif-por-fecha-en-excel\" width=\"549\" height=\"465\"><\/figure>\n<\/div>\n<pre class=\"wp-block-code\"> <code class=\"language-Visual Basic\" lang=\"Visual Basic\">=SUMIF(A2:A15,D4,B2:B15)<\/code><\/pre>\n<p> Con la f\u00f3rmula anterior, obtienes la suma de la fecha \u201c15-Oct-2022\u201d en el resultado. <\/p>\n<div class=\"wp-block-image\">\n<figure class=\"aligncenter size-full is-resized\"><img loading=\"lazy\" decoding=\"async\" class=\"wp-image-77818\" src=\"https:\/\/exceladvisor.org\/wp-content\/uploads\/2023\/08\/3-somme-si-par-date-result1.png\" sizes=\"auto, \" srcset=\"\" alt=\"suma por fecha de resultado\" width=\"457\" height=\"447\"><\/figure>\n<\/div>\n<p> Tambi\u00e9n puede ingresar la fecha en el argumento de la funci\u00f3n como valor.<\/p>\n<pre class=\"wp-block-code\"> <code class=\"language-excel-formula\" lang=\"excel-formula\">=SUMIF(A2:A15,\"15-Oct-2022\",B2:B15) =SUMIF(A2:A15,DATE(2022,10,15),B2:B15) =SUMIF(A2:A15,\"15-10-2022\",B2:B15)<\/code><\/pre>\n<h2 class=\"wp-block-heading\"> SUMA antes o despu\u00e9s de una fecha usando SUMIF<\/h2>\n<p> Tambi\u00e9n puedes usar un operador l\u00f3gico con la fecha para agregar antes o despu\u00e9s de una fecha espec\u00edfica. En el siguiente ejemplo, tenemos un signo mayor que con la fecha. <\/p>\n<div class=\"wp-block-image\">\n<figure class=\"aligncenter size-full is-resized\"><img loading=\"lazy\" decoding=\"async\" class=\"wp-image-77819\" src=\"https:\/\/exceladvisor.org\/wp-content\/uploads\/2023\/08\/4-somme-avant-ou-apres-la-date.png\" sizes=\"auto, \" srcset=\"\" alt=\"suma-antes-o-despu\u00e9s-de-la-fecha\" width=\"683\" height=\"443\"><\/figure>\n<\/div>\n<p> Al presionar Enter regresa, 2028, que es el total de la fecha 15 de noviembre de 2022. <\/p>\n<div class=\"wp-block-image\">\n<figure class=\"aligncenter size-full is-resized\"><img loading=\"lazy\" decoding=\"async\" class=\"wp-image-77820\" src=\"https:\/\/exceladvisor.org\/wp-content\/uploads\/2023\/08\/5-sumif-date-resultat.png\" sizes=\"auto, \" srcset=\"\" alt=\"resultado-fecha-sumif\" width=\"453\" height=\"446\"><\/figure>\n<\/div>\n<p> De manera similar, puede usar un operador menor que (&lt;) para sumar en funci\u00f3n de fechas menores que la fecha en la celda D4. <\/p>\n<div class=\"wp-block-image\">\n<figure class=\"aligncenter size-full\"><img loading=\"lazy\" decoding=\"async\" class=\"wp-image-77821\" src=\"https:\/\/exceladvisor.org\/wp-content\/uploads\/2023\/08\/6-sumif-avec-signe-inferieur.png\" sizes=\"auto, \" srcset=\"\" alt=\"sumif-con-signo-inferior\" width=\"369\" height=\"152\"><\/figure>\n<\/div>\n<p> Aqu\u00ed hay algunos otros operadores que puede utilizar:<\/p>\n<ul>\n<li> Diferente de &lt;&gt;<\/li>\n<li> Mayor o igual a &gt;=<\/li>\n<li> Menor que e igual a &lt;= <\/li>\n<\/ul>\n<div class=\"gb-container gb-container-52dfcee1 gb-container-sample-file\">\n<h2 class=\"gb-headline gb-headline-e289c143 gb-headline-text gb-headline-4f7959c2\"> Obtener el archivo Excel<\/h2>\n<p> <a class=\"gb-button gb-button-e88d6bee gb-button-text gb-button-button1\" href=\"https:\/\/exceladvisor.org\/wp-content\/uploads\/2023\/08\/dates-de-somme.xlsx\" rel=\"nofollow\">Descargar<\/a><\/div>\n<div class=\"gb-container gb-container-0df56012 gb-container-mt\"> <a class=\"gb-button gb-button-f9f432f4 gb-button-text gb-button-mt-button\" href=\"https:\/\/exceladvisor.org\/es\/formulas\/\">Lista de f\u00f3rmulas de Excel<\/a><\/p>\n<h2 class=\"gb-headline gb-headline-233444e8 gb-headline-text gb-headline-mt-heading\"> F\u00f3rmulas relacionadas <\/h2>\n<div class=\"gb-grid-wrapper gb-grid-wrapper-a16fa65c gb-grid-wrapper-mt-grid\">\n<div class=\"gb-grid-column gb-grid-column-50d07e0d\">\n<div class=\"gb-container gb-container-50d07e0d\">\n<ul>\n<li> <a href=\"https:\/\/exceladvisor.org\/es\/suma-si-es-mayor-que\/\">Suma mayor que valores usando SUMAR.SI<\/a><\/li>\n<li> <a href=\"https:\/\/exceladvisor.org\/es\/sumos-no-iguales\/\">Suma de valores no iguales (SUMIFS) en Excel<\/a><\/li>\n<li> <a href=\"https:\/\/exceladvisor.org\/es\/sumif-sumifs-o-logica\/\">SUMAR.SI\/SUMAR.SI con l\u00f3gica OR en Excel<\/a><\/li>\n<li> <a href=\"https:\/\/exceladvisor.org\/es\/sumif-con-comodines\/\">SUMAR.SI con comodines en Excel<\/a><\/li>\n<li> <a href=\"https:\/\/exceladvisor.org\/es\/suma-de-valores-entre-dos-fechas\/\">Rango de fechas SUMIFS (suma de valores entre dos matrices de fechas)<\/a> <\/li>\n<\/ul>\n<\/div>\n<\/div>\n<div class=\"gb-grid-column gb-grid-column-5b4a0cf9\">\n<div class=\"gb-container gb-container-5b4a0cf9\"><\/div>\n<\/div>\n<\/div>\n<\/div>\n","protected":false},"excerpt":{"rendered":"<p>Para usar SUMAR.SI para agregar valores basados en la fecha como criterio, puede consultar la celda donde tiene la fecha o puede ingresar la fecha directamente en la funci\u00f3n. En SUMIFS tienes el argumento criterio y en ese argumento; debes especificar la fecha para la cual deseas agregar los valores. En este tutorial, aprenderemos c\u00f3mo [&hellip;]<\/p>\n","protected":false},"author":1,"featured_media":0,"parent":0,"menu_order":0,"comment_status":"open","ping_status":"closed","template":"","meta":{"ub_ctt_via":"","footnotes":""},"class_list":["post-261","page","type-page","status-publish","hentry"],"featured_image_src":null,"yoast_head":"<!-- This site is optimized with the Yoast SEO plugin v25.4 - https:\/\/yoast.com\/wordpress\/plugins\/seo\/ -->\n<title>\u00bfc\u00f3mo sumar valores en funci\u00f3n de una fecha?<\/title>\n<meta name=\"robots\" content=\"index, follow, max-snippet:-1, max-image-preview:large, max-video-preview:-1\" \/>\n<link rel=\"canonical\" href=\"https:\/\/exceladvisor.org\/es\/suma-por-fecha\/\" \/>\n<meta property=\"og:locale\" content=\"es_ES\" \/>\n<meta property=\"og:type\" content=\"article\" \/>\n<meta property=\"og:title\" content=\"\u00bfc\u00f3mo sumar valores en funci\u00f3n de una fecha?\" \/>\n<meta property=\"og:description\" content=\"Para usar SUMAR.SI para agregar valores basados en la fecha como criterio, puede consultar la celda donde tiene la fecha o puede ingresar la fecha directamente en la funci\u00f3n. En SUMIFS tienes el argumento criterio y en ese argumento; debes especificar la fecha para la cual deseas agregar los valores. En este tutorial, aprenderemos c\u00f3mo [&hellip;]\" \/>\n<meta property=\"og:url\" content=\"https:\/\/exceladvisor.org\/es\/suma-por-fecha\/\" \/>\n<meta property=\"og:site_name\" content=\"Excel Advisor\" \/>\n<meta property=\"article:modified_time\" content=\"2023-12-25T10:27:33+00:00\" \/>\n<meta property=\"og:image\" content=\"https:\/\/exceladvisor.org\/wp-content\/uploads\/2023\/08\/1-somme-des-valeurs-basees-sur-les-dates.png\" \/>\n<meta name=\"twitter:card\" content=\"summary_large_image\" \/>\n<meta name=\"twitter:label1\" content=\"Tiempo de lectura\" \/>\n\t<meta name=\"twitter:data1\" content=\"2 minutos\" \/>\n<script type=\"application\/ld+json\" class=\"yoast-schema-graph\">{\"@context\":\"https:\/\/schema.org\",\"@graph\":[{\"@type\":\"WebPage\",\"@id\":\"https:\/\/exceladvisor.org\/es\/suma-por-fecha\/\",\"url\":\"https:\/\/exceladvisor.org\/es\/suma-por-fecha\/\",\"name\":\"\u00bfc\u00f3mo sumar valores en funci\u00f3n de una fecha?\",\"isPartOf\":{\"@id\":\"https:\/\/exceladvisor.org\/es\/#website\"},\"primaryImageOfPage\":{\"@id\":\"https:\/\/exceladvisor.org\/es\/suma-por-fecha\/#primaryimage\"},\"image\":{\"@id\":\"https:\/\/exceladvisor.org\/es\/suma-por-fecha\/#primaryimage\"},\"thumbnailUrl\":\"https:\/\/exceladvisor.org\/wp-content\/uploads\/2023\/08\/1-somme-des-valeurs-basees-sur-les-dates.png\",\"datePublished\":\"2023-11-08T20:50:38+00:00\",\"dateModified\":\"2023-12-25T10:27:33+00:00\",\"breadcrumb\":{\"@id\":\"https:\/\/exceladvisor.org\/es\/suma-por-fecha\/#breadcrumb\"},\"inLanguage\":\"es\",\"potentialAction\":[{\"@type\":\"ReadAction\",\"target\":[\"https:\/\/exceladvisor.org\/es\/suma-por-fecha\/\"]}]},{\"@type\":\"ImageObject\",\"inLanguage\":\"es\",\"@id\":\"https:\/\/exceladvisor.org\/es\/suma-por-fecha\/#primaryimage\",\"url\":\"https:\/\/exceladvisor.org\/wp-content\/uploads\/2023\/08\/1-somme-des-valeurs-basees-sur-les-dates.png\",\"contentUrl\":\"https:\/\/exceladvisor.org\/wp-content\/uploads\/2023\/08\/1-somme-des-valeurs-basees-sur-les-dates.png\"},{\"@type\":\"BreadcrumbList\",\"@id\":\"https:\/\/exceladvisor.org\/es\/suma-por-fecha\/#breadcrumb\",\"itemListElement\":[{\"@type\":\"ListItem\",\"position\":1,\"name\":\"Hogar\",\"item\":\"https:\/\/exceladvisor.org\/es\/\"},{\"@type\":\"ListItem\",\"position\":2,\"name\":\"\u00bfc\u00f3mo sumar valores en funci\u00f3n de una fecha?\"}]},{\"@type\":\"WebSite\",\"@id\":\"https:\/\/exceladvisor.org\/es\/#website\",\"url\":\"https:\/\/exceladvisor.org\/es\/\",\"name\":\"Excel Advisor\",\"description\":\"Su gu\u00eda para la dominaci\u00f3n de datos!\",\"publisher\":{\"@id\":\"https:\/\/exceladvisor.org\/es\/#organization\"},\"potentialAction\":[{\"@type\":\"SearchAction\",\"target\":{\"@type\":\"EntryPoint\",\"urlTemplate\":\"https:\/\/exceladvisor.org\/es\/?s={search_term_string}\"},\"query-input\":{\"@type\":\"PropertyValueSpecification\",\"valueRequired\":true,\"valueName\":\"search_term_string\"}}],\"inLanguage\":\"es\"},{\"@type\":\"Organization\",\"@id\":\"https:\/\/exceladvisor.org\/es\/#organization\",\"name\":\"Excel Advisor\",\"url\":\"https:\/\/exceladvisor.org\/es\/\",\"logo\":{\"@type\":\"ImageObject\",\"inLanguage\":\"es\",\"@id\":\"https:\/\/exceladvisor.org\/es\/#\/schema\/logo\/image\/\",\"url\":\"https:\/\/exceladvisor.org\/es\/wp-content\/uploads\/2023\/12\/exceladvisor.org_.png\",\"contentUrl\":\"https:\/\/exceladvisor.org\/es\/wp-content\/uploads\/2023\/12\/exceladvisor.org_.png\",\"width\":105,\"height\":36,\"caption\":\"Excel Advisor\"},\"image\":{\"@id\":\"https:\/\/exceladvisor.org\/es\/#\/schema\/logo\/image\/\"}}]}<\/script>\n<!-- \/ Yoast SEO plugin. -->","yoast_head_json":{"title":"\u00bfc\u00f3mo sumar valores en funci\u00f3n de una fecha?","robots":{"index":"index","follow":"follow","max-snippet":"max-snippet:-1","max-image-preview":"max-image-preview:large","max-video-preview":"max-video-preview:-1"},"canonical":"https:\/\/exceladvisor.org\/es\/suma-por-fecha\/","og_locale":"es_ES","og_type":"article","og_title":"\u00bfc\u00f3mo sumar valores en funci\u00f3n de una fecha?","og_description":"Para usar SUMAR.SI para agregar valores basados en la fecha como criterio, puede consultar la celda donde tiene la fecha o puede ingresar la fecha directamente en la funci\u00f3n. En SUMIFS tienes el argumento criterio y en ese argumento; debes especificar la fecha para la cual deseas agregar los valores. En este tutorial, aprenderemos c\u00f3mo [&hellip;]","og_url":"https:\/\/exceladvisor.org\/es\/suma-por-fecha\/","og_site_name":"Excel Advisor","article_modified_time":"2023-12-25T10:27:33+00:00","og_image":[{"url":"https:\/\/exceladvisor.org\/wp-content\/uploads\/2023\/08\/1-somme-des-valeurs-basees-sur-les-dates.png","type":"","width":"","height":""}],"twitter_card":"summary_large_image","twitter_misc":{"Tiempo de lectura":"2 minutos"},"schema":{"@context":"https:\/\/schema.org","@graph":[{"@type":"WebPage","@id":"https:\/\/exceladvisor.org\/es\/suma-por-fecha\/","url":"https:\/\/exceladvisor.org\/es\/suma-por-fecha\/","name":"\u00bfc\u00f3mo sumar valores en funci\u00f3n de una fecha?","isPartOf":{"@id":"https:\/\/exceladvisor.org\/es\/#website"},"primaryImageOfPage":{"@id":"https:\/\/exceladvisor.org\/es\/suma-por-fecha\/#primaryimage"},"image":{"@id":"https:\/\/exceladvisor.org\/es\/suma-por-fecha\/#primaryimage"},"thumbnailUrl":"https:\/\/exceladvisor.org\/wp-content\/uploads\/2023\/08\/1-somme-des-valeurs-basees-sur-les-dates.png","datePublished":"2023-11-08T20:50:38+00:00","dateModified":"2023-12-25T10:27:33+00:00","breadcrumb":{"@id":"https:\/\/exceladvisor.org\/es\/suma-por-fecha\/#breadcrumb"},"inLanguage":"es","potentialAction":[{"@type":"ReadAction","target":["https:\/\/exceladvisor.org\/es\/suma-por-fecha\/"]}]},{"@type":"ImageObject","inLanguage":"es","@id":"https:\/\/exceladvisor.org\/es\/suma-por-fecha\/#primaryimage","url":"https:\/\/exceladvisor.org\/wp-content\/uploads\/2023\/08\/1-somme-des-valeurs-basees-sur-les-dates.png","contentUrl":"https:\/\/exceladvisor.org\/wp-content\/uploads\/2023\/08\/1-somme-des-valeurs-basees-sur-les-dates.png"},{"@type":"BreadcrumbList","@id":"https:\/\/exceladvisor.org\/es\/suma-por-fecha\/#breadcrumb","itemListElement":[{"@type":"ListItem","position":1,"name":"Hogar","item":"https:\/\/exceladvisor.org\/es\/"},{"@type":"ListItem","position":2,"name":"\u00bfc\u00f3mo sumar valores en funci\u00f3n de una fecha?"}]},{"@type":"WebSite","@id":"https:\/\/exceladvisor.org\/es\/#website","url":"https:\/\/exceladvisor.org\/es\/","name":"Excel Advisor","description":"Su gu\u00eda para la dominaci\u00f3n de datos!","publisher":{"@id":"https:\/\/exceladvisor.org\/es\/#organization"},"potentialAction":[{"@type":"SearchAction","target":{"@type":"EntryPoint","urlTemplate":"https:\/\/exceladvisor.org\/es\/?s={search_term_string}"},"query-input":{"@type":"PropertyValueSpecification","valueRequired":true,"valueName":"search_term_string"}}],"inLanguage":"es"},{"@type":"Organization","@id":"https:\/\/exceladvisor.org\/es\/#organization","name":"Excel Advisor","url":"https:\/\/exceladvisor.org\/es\/","logo":{"@type":"ImageObject","inLanguage":"es","@id":"https:\/\/exceladvisor.org\/es\/#\/schema\/logo\/image\/","url":"https:\/\/exceladvisor.org\/es\/wp-content\/uploads\/2023\/12\/exceladvisor.org_.png","contentUrl":"https:\/\/exceladvisor.org\/es\/wp-content\/uploads\/2023\/12\/exceladvisor.org_.png","width":105,"height":36,"caption":"Excel Advisor"},"image":{"@id":"https:\/\/exceladvisor.org\/es\/#\/schema\/logo\/image\/"}}]}},"yoast_meta":{"yoast_wpseo_title":"","yoast_wpseo_metadesc":"","yoast_wpseo_canonical":""},"_links":{"self":[{"href":"https:\/\/exceladvisor.org\/es\/wp-json\/wp\/v2\/pages\/261","targetHints":{"allow":["GET"]}}],"collection":[{"href":"https:\/\/exceladvisor.org\/es\/wp-json\/wp\/v2\/pages"}],"about":[{"href":"https:\/\/exceladvisor.org\/es\/wp-json\/wp\/v2\/types\/page"}],"author":[{"embeddable":true,"href":"https:\/\/exceladvisor.org\/es\/wp-json\/wp\/v2\/users\/1"}],"replies":[{"embeddable":true,"href":"https:\/\/exceladvisor.org\/es\/wp-json\/wp\/v2\/comments?post=261"}],"version-history":[{"count":1,"href":"https:\/\/exceladvisor.org\/es\/wp-json\/wp\/v2\/pages\/261\/revisions"}],"predecessor-version":[{"id":1208,"href":"https:\/\/exceladvisor.org\/es\/wp-json\/wp\/v2\/pages\/261\/revisions\/1208"}],"wp:attachment":[{"href":"https:\/\/exceladvisor.org\/es\/wp-json\/wp\/v2\/media?parent=261"}],"curies":[{"name":"wp","href":"https:\/\/api.w.org\/{rel}","templated":true}]}}