{"id":262,"date":"2023-11-08T20:34:39","date_gmt":"2023-11-08T20:34:39","guid":{"rendered":"https:\/\/exceladvisor.org\/es\/suma-si-contiene\/"},"modified":"2023-12-25T10:22:49","modified_gmt":"2023-12-25T10:22:49","slug":"suma-si-contiene","status":"publish","type":"page","link":"https:\/\/exceladvisor.org\/es\/suma-si-contiene\/","title":{"rendered":"\u00bfc\u00f3mo agregar celdas con texto espec\u00edfico?"},"content":{"rendered":"<div class=\"excel-antes-del-contenido\" id=\"excel-1119222323\"><script type=\"text\/javascript\">\r\n\tatOptions = {\r\n\t\t'key' : 'c1158f160081d6540a8409e6925dab94',\r\n\t\t'format' : 'iframe',\r\n\t\t'height' : 250,\r\n\t\t'width' : 300,\r\n\t\t'params' : {}\r\n\t};\r\n<\/script>\r\n<script type=\"text\/javascript\" src=\"\/\/www.highperformanceformat.com\/c1158f160081d6540a8409e6925dab94\/invoke.js\"><\/script><\/div><p>Para sumar los valores de las celdas donde tienes texto espec\u00edfico o texto parcial, debes usar <a href=\"https:\/\/exceladvisor.org\/es\/comodines-2\/\" data-wpil=\"url\">comodines<\/a> con SUMAR.SI. En el argumento de criterios, debe usar un asterisco antes y despu\u00e9s del texto usando un signo comercial, tal como usamos en el siguiente ejemplo para sumar las celdas donde tiene el texto \u00abM\u00f3vil\u00bb en la columna \u00abProducto\u00bb. <\/p>\n<div class=\"wp-block-image\">\n<figure class=\"aligncenter size-full is-resized\"><img loading=\"lazy\" decoding=\"async\" class=\"wp-image-77808\" src=\"https:\/\/exceladvisor.org\/wp-content\/uploads\/2023\/08\/1-somme-si-texte-partiel.png\" sizes=\"auto, \" srcset=\"\" alt=\"sumif-texto-parcial\" width=\"597\" height=\"298\"><\/figure>\n<\/div>\n<p> En este tutorial, aprenderemos c\u00f3mo escribir esta f\u00f3rmula usando SUMAR.SI.<\/p>\n<h2 class=\"wp-block-heading\"> F\u00f3rmula para agregar SI la celda contiene texto espec\u00edfico<\/h2>\n<ol>\n<li> Primero, en la celda C1, ingrese \u00ab=SUMAR.SI(\u00ab.<\/li>\n<li> Despu\u00e9s de eso, consulte el rango desde el cual debemos verificar los criterios.<\/li>\n<li> Ahora en los criterios ingrese asterisco-criterio-asterisco (\u201c*\u201d&amp;\u201dM\u00f3vil\u201d&amp;\u201d*\u201d).<\/li>\n<li> Luego, en el argumento sum_range, consulte la columna de cantidad.<\/li>\n<li> Al final, presione Enter para obtener el resultado. <\/li>\n<\/ol>\n<div class=\"wp-block-image\">\n<figure class=\"aligncenter size-full is-resized\"><img loading=\"lazy\" decoding=\"async\" class=\"wp-image-77809\" src=\"https:\/\/exceladvisor.org\/wp-content\/uploads\/2023\/08\/2-comprendre-sumif-contient-une-formule-de-texte.png\" sizes=\"auto, \" srcset=\"\" alt=\"entender-sumif-contiene-f\u00f3rmula-de-texto\" width=\"604\" height=\"140\"><\/figure>\n<\/div>\n<p class=\"formula\"> =SUMAR.SI(A2:A10\u201d,*\u201d&amp;\u201dM\u00f3vil\u201d&amp;\u201d*\u201d,B2:B10) <\/p>\n<div class=\"wp-block-image\">\n<figure class=\"aligncenter size-full is-resized\"><img loading=\"lazy\" decoding=\"async\" class=\"wp-image-77810\" src=\"https:\/\/exceladvisor.org\/wp-content\/uploads\/2023\/08\/3-sumif-reference.png\" sizes=\"auto, \" srcset=\"\" alt=\"referencia-sumif\" width=\"609\" height=\"468\"><\/figure>\n<\/div>\n<div class=\"gb-container gb-container-ad6b2fd6 gb-container-sample-file\">\n<h2 class=\"gb-headline gb-headline-ae10a664 gb-headline-text gb-headline-4f7959c2\"> Obtener el archivo Excel<\/h2>\n<p> <a class=\"gb-button gb-button-bd7e9e60 gb-button-text gb-button-button1\" href=\"https:\/\/exceladvisor.org\/wp-content\/uploads\/2023\/08\/sumif-contient-du-texte.xlsx\" rel=\"nofollow\">Descargar<\/a><\/p>\n<\/div>\n<div class=\"gb-container gb-container-0df56012 gb-container-mt\"> <a class=\"gb-button gb-button-f9f432f4 gb-button-text gb-button-mt-button\" href=\"https:\/\/exceladvisor.org\/es\/formulas\/\">Lista de f\u00f3rmulas de Excel<\/a><\/p>\n<h2 class=\"gb-headline gb-headline-233444e8 gb-headline-text gb-headline-mt-heading\"> F\u00f3rmulas relacionadas <\/h2>\n<div class=\"gb-grid-wrapper gb-grid-wrapper-a16fa65c gb-grid-wrapper-mt-grid\">\n<div class=\"gb-grid-column gb-grid-column-50d07e0d\">\n<div class=\"gb-container gb-container-50d07e0d\">\n<ul>\n<li> <a href=\"https:\/\/exceladvisor.org\/es\/suma-si-es-mayor-que\/\">Suma mayor que valores usando SUMAR.SI<\/a><\/li>\n<li> <a href=\"https:\/\/exceladvisor.org\/es\/sumos-no-iguales\/\">Suma de valores no iguales (SUMIFS) en Excel<\/a><\/li>\n<li> <a href=\"https:\/\/exceladvisor.org\/es\/sumif-sumifs-o-logica\/\">SUMAR.SI\/SUMAR.SI con l\u00f3gica OR en Excel<\/a><\/li>\n<li> <a href=\"https:\/\/exceladvisor.org\/es\/sumif-con-comodines\/\">SUMAR.SI con comodines en Excel<\/a><\/li>\n<li> <a href=\"https:\/\/exceladvisor.org\/es\/suma-de-valores-entre-dos-fechas\/\">Rango de fechas SUMIFS (suma de valores entre dos matrices de fechas)<\/a> <\/li>\n<\/ul>\n<\/div>\n<\/div>\n<div class=\"gb-grid-column gb-grid-column-5b4a0cf9\">\n<div class=\"gb-container gb-container-5b4a0cf9\"><\/div>\n<\/div>\n<\/div>\n<\/div>\n","protected":false},"excerpt":{"rendered":"<p>Para sumar los valores de las celdas donde tienes texto espec\u00edfico o texto parcial, debes usar comodines con SUMAR.SI. En el argumento de criterios, debe usar un asterisco antes y despu\u00e9s del texto usando un signo comercial, tal como usamos en el siguiente ejemplo para sumar las celdas donde tiene el texto \u00abM\u00f3vil\u00bb en la [&hellip;]<\/p>\n","protected":false},"author":1,"featured_media":0,"parent":0,"menu_order":0,"comment_status":"open","ping_status":"closed","template":"","meta":{"ub_ctt_via":"","footnotes":""},"class_list":["post-262","page","type-page","status-publish","hentry"],"featured_image_src":null,"yoast_head":"<!-- This site is optimized with the Yoast SEO plugin v25.4 - https:\/\/yoast.com\/wordpress\/plugins\/seo\/ -->\n<title>\u00bfc\u00f3mo agregar celdas con texto espec\u00edfico?<\/title>\n<meta name=\"robots\" content=\"index, follow, max-snippet:-1, max-image-preview:large, max-video-preview:-1\" \/>\n<link rel=\"canonical\" href=\"https:\/\/exceladvisor.org\/es\/suma-si-contiene\/\" \/>\n<meta property=\"og:locale\" content=\"es_ES\" \/>\n<meta property=\"og:type\" content=\"article\" \/>\n<meta property=\"og:title\" content=\"\u00bfc\u00f3mo agregar celdas con texto espec\u00edfico?\" \/>\n<meta property=\"og:description\" content=\"Para sumar los valores de las celdas donde tienes texto espec\u00edfico o texto parcial, debes usar comodines con SUMAR.SI. En el argumento de criterios, debe usar un asterisco antes y despu\u00e9s del texto usando un signo comercial, tal como usamos en el siguiente ejemplo para sumar las celdas donde tiene el texto \u00abM\u00f3vil\u00bb en la [&hellip;]\" \/>\n<meta property=\"og:url\" content=\"https:\/\/exceladvisor.org\/es\/suma-si-contiene\/\" \/>\n<meta property=\"og:site_name\" content=\"Excel Advisor\" \/>\n<meta property=\"article:modified_time\" content=\"2023-12-25T10:22:49+00:00\" \/>\n<meta property=\"og:image\" content=\"https:\/\/exceladvisor.org\/wp-content\/uploads\/2023\/08\/1-somme-si-texte-partiel.png\" \/>\n<meta name=\"twitter:card\" content=\"summary_large_image\" \/>\n<meta name=\"twitter:label1\" content=\"Tiempo de lectura\" \/>\n\t<meta name=\"twitter:data1\" content=\"1 minuto\" \/>\n<script type=\"application\/ld+json\" class=\"yoast-schema-graph\">{\"@context\":\"https:\/\/schema.org\",\"@graph\":[{\"@type\":\"WebPage\",\"@id\":\"https:\/\/exceladvisor.org\/es\/suma-si-contiene\/\",\"url\":\"https:\/\/exceladvisor.org\/es\/suma-si-contiene\/\",\"name\":\"\u00bfc\u00f3mo agregar celdas con texto espec\u00edfico?\",\"isPartOf\":{\"@id\":\"https:\/\/exceladvisor.org\/es\/#website\"},\"primaryImageOfPage\":{\"@id\":\"https:\/\/exceladvisor.org\/es\/suma-si-contiene\/#primaryimage\"},\"image\":{\"@id\":\"https:\/\/exceladvisor.org\/es\/suma-si-contiene\/#primaryimage\"},\"thumbnailUrl\":\"https:\/\/exceladvisor.org\/wp-content\/uploads\/2023\/08\/1-somme-si-texte-partiel.png\",\"datePublished\":\"2023-11-08T20:34:39+00:00\",\"dateModified\":\"2023-12-25T10:22:49+00:00\",\"breadcrumb\":{\"@id\":\"https:\/\/exceladvisor.org\/es\/suma-si-contiene\/#breadcrumb\"},\"inLanguage\":\"es\",\"potentialAction\":[{\"@type\":\"ReadAction\",\"target\":[\"https:\/\/exceladvisor.org\/es\/suma-si-contiene\/\"]}]},{\"@type\":\"ImageObject\",\"inLanguage\":\"es\",\"@id\":\"https:\/\/exceladvisor.org\/es\/suma-si-contiene\/#primaryimage\",\"url\":\"https:\/\/exceladvisor.org\/wp-content\/uploads\/2023\/08\/1-somme-si-texte-partiel.png\",\"contentUrl\":\"https:\/\/exceladvisor.org\/wp-content\/uploads\/2023\/08\/1-somme-si-texte-partiel.png\"},{\"@type\":\"BreadcrumbList\",\"@id\":\"https:\/\/exceladvisor.org\/es\/suma-si-contiene\/#breadcrumb\",\"itemListElement\":[{\"@type\":\"ListItem\",\"position\":1,\"name\":\"Hogar\",\"item\":\"https:\/\/exceladvisor.org\/es\/\"},{\"@type\":\"ListItem\",\"position\":2,\"name\":\"\u00bfc\u00f3mo agregar celdas con texto espec\u00edfico?\"}]},{\"@type\":\"WebSite\",\"@id\":\"https:\/\/exceladvisor.org\/es\/#website\",\"url\":\"https:\/\/exceladvisor.org\/es\/\",\"name\":\"Excel Advisor\",\"description\":\"Su gu\u00eda para la dominaci\u00f3n de datos!\",\"publisher\":{\"@id\":\"https:\/\/exceladvisor.org\/es\/#organization\"},\"potentialAction\":[{\"@type\":\"SearchAction\",\"target\":{\"@type\":\"EntryPoint\",\"urlTemplate\":\"https:\/\/exceladvisor.org\/es\/?s={search_term_string}\"},\"query-input\":{\"@type\":\"PropertyValueSpecification\",\"valueRequired\":true,\"valueName\":\"search_term_string\"}}],\"inLanguage\":\"es\"},{\"@type\":\"Organization\",\"@id\":\"https:\/\/exceladvisor.org\/es\/#organization\",\"name\":\"Excel Advisor\",\"url\":\"https:\/\/exceladvisor.org\/es\/\",\"logo\":{\"@type\":\"ImageObject\",\"inLanguage\":\"es\",\"@id\":\"https:\/\/exceladvisor.org\/es\/#\/schema\/logo\/image\/\",\"url\":\"https:\/\/exceladvisor.org\/es\/wp-content\/uploads\/2023\/12\/exceladvisor.org_.png\",\"contentUrl\":\"https:\/\/exceladvisor.org\/es\/wp-content\/uploads\/2023\/12\/exceladvisor.org_.png\",\"width\":105,\"height\":36,\"caption\":\"Excel Advisor\"},\"image\":{\"@id\":\"https:\/\/exceladvisor.org\/es\/#\/schema\/logo\/image\/\"}}]}<\/script>\n<!-- \/ Yoast SEO plugin. -->","yoast_head_json":{"title":"\u00bfc\u00f3mo agregar celdas con texto espec\u00edfico?","robots":{"index":"index","follow":"follow","max-snippet":"max-snippet:-1","max-image-preview":"max-image-preview:large","max-video-preview":"max-video-preview:-1"},"canonical":"https:\/\/exceladvisor.org\/es\/suma-si-contiene\/","og_locale":"es_ES","og_type":"article","og_title":"\u00bfc\u00f3mo agregar celdas con texto espec\u00edfico?","og_description":"Para sumar los valores de las celdas donde tienes texto espec\u00edfico o texto parcial, debes usar comodines con SUMAR.SI. En el argumento de criterios, debe usar un asterisco antes y despu\u00e9s del texto usando un signo comercial, tal como usamos en el siguiente ejemplo para sumar las celdas donde tiene el texto \u00abM\u00f3vil\u00bb en la [&hellip;]","og_url":"https:\/\/exceladvisor.org\/es\/suma-si-contiene\/","og_site_name":"Excel Advisor","article_modified_time":"2023-12-25T10:22:49+00:00","og_image":[{"url":"https:\/\/exceladvisor.org\/wp-content\/uploads\/2023\/08\/1-somme-si-texte-partiel.png","type":"","width":"","height":""}],"twitter_card":"summary_large_image","twitter_misc":{"Tiempo de lectura":"1 minuto"},"schema":{"@context":"https:\/\/schema.org","@graph":[{"@type":"WebPage","@id":"https:\/\/exceladvisor.org\/es\/suma-si-contiene\/","url":"https:\/\/exceladvisor.org\/es\/suma-si-contiene\/","name":"\u00bfc\u00f3mo agregar celdas con texto espec\u00edfico?","isPartOf":{"@id":"https:\/\/exceladvisor.org\/es\/#website"},"primaryImageOfPage":{"@id":"https:\/\/exceladvisor.org\/es\/suma-si-contiene\/#primaryimage"},"image":{"@id":"https:\/\/exceladvisor.org\/es\/suma-si-contiene\/#primaryimage"},"thumbnailUrl":"https:\/\/exceladvisor.org\/wp-content\/uploads\/2023\/08\/1-somme-si-texte-partiel.png","datePublished":"2023-11-08T20:34:39+00:00","dateModified":"2023-12-25T10:22:49+00:00","breadcrumb":{"@id":"https:\/\/exceladvisor.org\/es\/suma-si-contiene\/#breadcrumb"},"inLanguage":"es","potentialAction":[{"@type":"ReadAction","target":["https:\/\/exceladvisor.org\/es\/suma-si-contiene\/"]}]},{"@type":"ImageObject","inLanguage":"es","@id":"https:\/\/exceladvisor.org\/es\/suma-si-contiene\/#primaryimage","url":"https:\/\/exceladvisor.org\/wp-content\/uploads\/2023\/08\/1-somme-si-texte-partiel.png","contentUrl":"https:\/\/exceladvisor.org\/wp-content\/uploads\/2023\/08\/1-somme-si-texte-partiel.png"},{"@type":"BreadcrumbList","@id":"https:\/\/exceladvisor.org\/es\/suma-si-contiene\/#breadcrumb","itemListElement":[{"@type":"ListItem","position":1,"name":"Hogar","item":"https:\/\/exceladvisor.org\/es\/"},{"@type":"ListItem","position":2,"name":"\u00bfc\u00f3mo agregar celdas con texto espec\u00edfico?"}]},{"@type":"WebSite","@id":"https:\/\/exceladvisor.org\/es\/#website","url":"https:\/\/exceladvisor.org\/es\/","name":"Excel Advisor","description":"Su gu\u00eda para la dominaci\u00f3n de datos!","publisher":{"@id":"https:\/\/exceladvisor.org\/es\/#organization"},"potentialAction":[{"@type":"SearchAction","target":{"@type":"EntryPoint","urlTemplate":"https:\/\/exceladvisor.org\/es\/?s={search_term_string}"},"query-input":{"@type":"PropertyValueSpecification","valueRequired":true,"valueName":"search_term_string"}}],"inLanguage":"es"},{"@type":"Organization","@id":"https:\/\/exceladvisor.org\/es\/#organization","name":"Excel Advisor","url":"https:\/\/exceladvisor.org\/es\/","logo":{"@type":"ImageObject","inLanguage":"es","@id":"https:\/\/exceladvisor.org\/es\/#\/schema\/logo\/image\/","url":"https:\/\/exceladvisor.org\/es\/wp-content\/uploads\/2023\/12\/exceladvisor.org_.png","contentUrl":"https:\/\/exceladvisor.org\/es\/wp-content\/uploads\/2023\/12\/exceladvisor.org_.png","width":105,"height":36,"caption":"Excel Advisor"},"image":{"@id":"https:\/\/exceladvisor.org\/es\/#\/schema\/logo\/image\/"}}]}},"yoast_meta":{"yoast_wpseo_title":"","yoast_wpseo_metadesc":"","yoast_wpseo_canonical":""},"_links":{"self":[{"href":"https:\/\/exceladvisor.org\/es\/wp-json\/wp\/v2\/pages\/262","targetHints":{"allow":["GET"]}}],"collection":[{"href":"https:\/\/exceladvisor.org\/es\/wp-json\/wp\/v2\/pages"}],"about":[{"href":"https:\/\/exceladvisor.org\/es\/wp-json\/wp\/v2\/types\/page"}],"author":[{"embeddable":true,"href":"https:\/\/exceladvisor.org\/es\/wp-json\/wp\/v2\/users\/1"}],"replies":[{"embeddable":true,"href":"https:\/\/exceladvisor.org\/es\/wp-json\/wp\/v2\/comments?post=262"}],"version-history":[{"count":1,"href":"https:\/\/exceladvisor.org\/es\/wp-json\/wp\/v2\/pages\/262\/revisions"}],"predecessor-version":[{"id":794,"href":"https:\/\/exceladvisor.org\/es\/wp-json\/wp\/v2\/pages\/262\/revisions\/794"}],"wp:attachment":[{"href":"https:\/\/exceladvisor.org\/es\/wp-json\/wp\/v2\/media?parent=262"}],"curies":[{"name":"wp","href":"https:\/\/api.w.org\/{rel}","templated":true}]}}