{"id":264,"date":"2023-11-08T19:50:50","date_gmt":"2023-11-08T19:50:50","guid":{"rendered":"https:\/\/exceladvisor.org\/es\/si-la-celda-contiene-una-parte\/"},"modified":"2023-12-25T10:24:23","modified_gmt":"2023-12-25T10:24:23","slug":"si-la-celda-contiene-una-parte","status":"publish","type":"page","link":"https:\/\/exceladvisor.org\/es\/si-la-celda-contiene-una-parte\/","title":{"rendered":"\u00bfc\u00f3mo comprobar si una celda contiene texto parcial?"},"content":{"rendered":"<div class=\"excel-antes-del-contenido\" id=\"excel-1396440034\"><script type=\"text\/javascript\">\r\n\tatOptions = {\r\n\t\t'key' : 'c1158f160081d6540a8409e6925dab94',\r\n\t\t'format' : 'iframe',\r\n\t\t'height' : 250,\r\n\t\t'width' : 300,\r\n\t\t'params' : {}\r\n\t};\r\n<\/script>\r\n<script type=\"text\/javascript\" src=\"\/\/www.highperformanceformat.com\/c1158f160081d6540a8409e6925dab94\/invoke.js\"><\/script><\/div><p>Para comprobar si una celda contiene texto parcial en Excel, debe crear una f\u00f3rmula usando SI, CONTAR.SI y comodines. Los comodines lo ayudan a configurar el texto parcial, luego CONTAR.SI verifica el valor parcial y SI devuelve el resultado basado en eso. Esta combinaci\u00f3n de funciones funciona perfectamente. <\/p>\n<div class=\"wp-block-image\">\n<figure class=\"aligncenter size-full is-resized\"><img loading=\"lazy\" decoding=\"async\" class=\"wp-image-77750\" src=\"https:\/\/exceladvisor.org\/wp-content\/uploads\/2023\/08\/1-verifier-si-la-cellule-contient-du-texte-partiel.png\" sizes=\"auto, \" srcset=\"\" alt=\"comprobar si la celda contiene texto parcial\" width=\"558\" height=\"275\"><\/figure>\n<\/div>\n<p> En este tutorial, aprenderemos c\u00f3mo escribir esta f\u00f3rmula.<\/p>\n<h2 class=\"wp-block-heading\"> F\u00f3rmula de Excel: SI una celda contiene texto parcial<\/h2>\n<ol type=\"1\">\n<li> Primero, en la celda B1, ingrese \u00ab=SI(\u00ab.<\/li>\n<li> Despu\u00e9s de eso, ingrese \u00abCONTAR.SI(\u00ab.<\/li>\n<li> Luego, en el primer argumento de CONTAR.SI, consulte la celda A1.<\/li>\n<li> Ahora ingrese el valor que desea verificar usando un asterisco antes y despu\u00e9s de este valor y cierre la funci\u00f3n.<\/li>\n<li> Al final, ingrese \u00abY\u00bb para valor_si_verdadero, \u00abN\u00bb para valor_si_falso\u00bb, ingrese los par\u00e9ntesis de cierre y presione Entrar. <\/li>\n<\/ol>\n<div class=\"wp-block-image\">\n<figure class=\"aligncenter size-full is-resized\"><img loading=\"lazy\" decoding=\"async\" class=\"wp-image-77751\" src=\"https:\/\/exceladvisor.org\/wp-content\/uploads\/2023\/08\/2-si-formule-pour-trouver-du-texte-partiel.png\" sizes=\"auto, \" srcset=\"\" alt=\"f\u00f3rmula-si-para-encontrar-texto-parcial\" width=\"741\" height=\"167\"><\/figure>\n<\/div>\n<p class=\"formula\"> =SI(CONTAR.SI(A1\u201d,*Excel*\u201d)\u201d,\u201dY\u201d,\u201dN\u201d)<\/p>\n<p> En el siguiente ejemplo, puede ver que en el primer valor tiene \u00abExcel\u00bb y devolvi\u00f3 \u00abY\u00bb. Pero en el segundo valor, no tiene este valor y devolvi\u00f3 \u00abN\u00bb en el resultado. <\/p>\n<div class=\"wp-block-image\">\n<figure class=\"aligncenter size-full is-resized\"><img loading=\"lazy\" decoding=\"async\" class=\"wp-image-77752\" src=\"https:\/\/exceladvisor.org\/wp-content\/uploads\/2023\/08\/3-resultats-de-valeur-partielle.png\" sizes=\"auto, \" srcset=\"\" alt=\"resultados de valores parciales\" width=\"527\" height=\"272\"><\/figure>\n<\/div>\n<p> Para entender esta f\u00f3rmula, es necesario dividirla en dos partes: <\/p>\n<div class=\"wp-block-image\">\n<figure class=\"aligncenter size-full is-resized\"><img loading=\"lazy\" decoding=\"async\" class=\"wp-image-77753\" src=\"https:\/\/exceladvisor.org\/wp-content\/uploads\/2023\/08\/4-formule-de-rupture-en-deux-parties.png\" sizes=\"auto, \" srcset=\"\" alt=\"dividir-la-f\u00f3rmula-en-dos-partes\" width=\"624\" height=\"352\"><\/figure>\n<\/div>\n<ul>\n<li> En la primera parte, CONTAR.SI utiliza comodines que verifican el valor parcial de la celda. Y si el valor est\u00e1 ah\u00ed devuelve 1 en el resultado, y si no, devuelve 2.<\/li>\n<li> En la segunda parte, SI toma el resultado de CONTAR.SI y usa 1 como VERDADERO y 0 como FALSO. Entonces, si es VERDADERO, devuelve Y, y si es FALSO, entonces N.<\/li>\n<\/ul>\n<h2 class=\"wp-block-heading\"> SI una celda contiene texto parcial (BUSCAR + ESTNUM)<\/h2>\n<p> Tambi\u00e9n puede utilizar una f\u00f3rmula que combine BUSCAR, ISNUM y SI para comprobar si hay un valor parcial en una celda. <\/p>\n<div class=\"wp-block-image\">\n<figure class=\"aligncenter size-full is-resized\"><img loading=\"lazy\" decoding=\"async\" class=\"wp-image-77755\" src=\"https:\/\/exceladvisor.org\/wp-content\/uploads\/2023\/08\/5-si-la-recherche-est-un-nombre-pour-trouver-une-partie-du-texte.png\" sizes=\"auto, \" srcset=\"\" alt=\"si-la-busqueda-es-un-numero-para-encontrar-texto-parcial\" width=\"553\" height=\"387\"><\/figure>\n<\/div>\n<p id=\"formula\"> =SI(ESN\u00daMERO(BUSCAR(\u201cExcel*\u201d, A1))\u201d,Y\u201d,\u201dN\u201d)<\/p>\n<p> Esta f\u00f3rmula utiliza B\u00daSQUEDA y <a href=\"https:\/\/exceladvisor.org\/es\/comodines-2\/\" data-wpil=\"url\">comodines<\/a> para verificar el valor. Si el valor est\u00e1 ah\u00ed, devuelve un n\u00famero y si el valor no est\u00e1 ah\u00ed, devuelve un #\u00a1VALOR! error.<\/p>\n<p> Para manejar este error necesitas usar ISNUMBER y IF. ISNUMBER comprueba si el resultado de la B\u00daSQUEDA es un n\u00famero o no y devuelve VERDADERO o FALSO.<\/p>\n<p> Ahora, si el resultado de ESN\u00daMERO es VERDADERO, entonces SI devuelve &#8216;Y&#8217; y si es FALSO, entonces SI devuelve &#8216;N&#8217;. <\/p>\n<div class=\"gb-container gb-container-52dfcee1 gb-container-sample-file\">\n<h2 class=\"gb-headline gb-headline-e289c143 gb-headline-text gb-headline-4f7959c2\"> Obtener el archivo Excel<\/h2>\n<p> <a class=\"gb-button gb-button-e88d6bee gb-button-text gb-button-button1\" href=\"https:\/\/exceladvisor.org\/wp-content\/uploads\/2023\/11\/si-les-cellules-contiennent-du-texte-partiel.xlsx\" rel=\"nofollow\">Descargar<\/a><\/p>\n<\/div>\n<div class=\"gb-container gb-container-0df56012 gb-container-mt\"> <a class=\"gb-button gb-button-f9f432f4 gb-button-text gb-button-mt-button\" href=\"https:\/\/exceladvisor.org\/es\/formulas\/\">Lista de f\u00f3rmulas de Excel<\/a><\/p>\n<h2 class=\"gb-headline gb-headline-233444e8 gb-headline-text gb-headline-mt-heading\"> F\u00f3rmulas relacionadas <\/h2>\n<div class=\"gb-grid-wrapper gb-grid-wrapper-a16fa65c gb-grid-wrapper-mt-grid\">\n<div class=\"gb-grid-column gb-grid-column-50d07e0d\">\n<div class=\"gb-container gb-container-50d07e0d\">\n<ul>\n<li> Marque IF 0 (cero) y luego en blanco en Excel<\/li>\n<li> <a href=\"https:\/\/exceladvisor.org\/es\/comprobar-si-existe-un-valor-en-un-rango\/\">Comprobar si existe un valor en un rango en Excel<\/a><\/li>\n<li> <a href=\"https:\/\/exceladvisor.org\/es\/si-y-1\/\">Combina funciones IF y AND en Excel<\/a><\/li>\n<li> <a href=\"https:\/\/exceladvisor.org\/es\/si-o-1\/\">Combina funciones SI y O en Excel<\/a><\/li>\n<li> <a href=\"https:\/\/exceladvisor.org\/es\/si-la-celda-esta-vacia\/\">SI la celda est\u00e1 vac\u00eda usando IF + ESBLANCO en Excel<\/a><\/li>\n<li> <a href=\"https:\/\/exceladvisor.org\/es\/si-es-negativo-entonces-cero\/\">SI es negativo, entonces cero (0) en Excel<\/a> <\/li>\n<\/ul>\n<\/div>\n<\/div>\n<div class=\"gb-grid-column gb-grid-column-5b4a0cf9\">\n<div class=\"gb-container gb-container-5b4a0cf9\"><\/div>\n<\/div>\n<\/div>\n<\/div>\n","protected":false},"excerpt":{"rendered":"<p>Para comprobar si una celda contiene texto parcial en Excel, debe crear una f\u00f3rmula usando SI, CONTAR.SI y comodines. Los comodines lo ayudan a configurar el texto parcial, luego CONTAR.SI verifica el valor parcial y SI devuelve el resultado basado en eso. Esta combinaci\u00f3n de funciones funciona perfectamente. En este tutorial, aprenderemos c\u00f3mo escribir esta [&hellip;]<\/p>\n","protected":false},"author":1,"featured_media":0,"parent":0,"menu_order":0,"comment_status":"open","ping_status":"closed","template":"","meta":{"ub_ctt_via":"","footnotes":""},"class_list":["post-264","page","type-page","status-publish","hentry"],"featured_image_src":null,"yoast_head":"<!-- This site is optimized with the Yoast SEO plugin v25.4 - https:\/\/yoast.com\/wordpress\/plugins\/seo\/ -->\n<title>\u00bfc\u00f3mo comprobar si una celda contiene texto parcial?<\/title>\n<meta name=\"robots\" content=\"index, follow, max-snippet:-1, max-image-preview:large, max-video-preview:-1\" \/>\n<link rel=\"canonical\" href=\"https:\/\/exceladvisor.org\/es\/si-la-celda-contiene-una-parte\/\" \/>\n<meta property=\"og:locale\" content=\"es_ES\" \/>\n<meta property=\"og:type\" content=\"article\" \/>\n<meta property=\"og:title\" content=\"\u00bfc\u00f3mo comprobar si una celda contiene texto parcial?\" \/>\n<meta property=\"og:description\" content=\"Para comprobar si una celda contiene texto parcial en Excel, debe crear una f\u00f3rmula usando SI, CONTAR.SI y comodines. Los comodines lo ayudan a configurar el texto parcial, luego CONTAR.SI verifica el valor parcial y SI devuelve el resultado basado en eso. Esta combinaci\u00f3n de funciones funciona perfectamente. En este tutorial, aprenderemos c\u00f3mo escribir esta [&hellip;]\" \/>\n<meta property=\"og:url\" content=\"https:\/\/exceladvisor.org\/es\/si-la-celda-contiene-una-parte\/\" \/>\n<meta property=\"og:site_name\" content=\"Excel Advisor\" \/>\n<meta property=\"article:modified_time\" content=\"2023-12-25T10:24:23+00:00\" \/>\n<meta property=\"og:image\" content=\"https:\/\/exceladvisor.org\/wp-content\/uploads\/2023\/08\/1-verifier-si-la-cellule-contient-du-texte-partiel.png\" \/>\n<meta name=\"twitter:card\" content=\"summary_large_image\" \/>\n<meta name=\"twitter:label1\" content=\"Tiempo de lectura\" \/>\n\t<meta name=\"twitter:data1\" content=\"2 minutos\" \/>\n<script type=\"application\/ld+json\" class=\"yoast-schema-graph\">{\"@context\":\"https:\/\/schema.org\",\"@graph\":[{\"@type\":\"WebPage\",\"@id\":\"https:\/\/exceladvisor.org\/es\/si-la-celda-contiene-una-parte\/\",\"url\":\"https:\/\/exceladvisor.org\/es\/si-la-celda-contiene-una-parte\/\",\"name\":\"\u00bfc\u00f3mo comprobar si una celda contiene texto parcial?\",\"isPartOf\":{\"@id\":\"https:\/\/exceladvisor.org\/es\/#website\"},\"primaryImageOfPage\":{\"@id\":\"https:\/\/exceladvisor.org\/es\/si-la-celda-contiene-una-parte\/#primaryimage\"},\"image\":{\"@id\":\"https:\/\/exceladvisor.org\/es\/si-la-celda-contiene-una-parte\/#primaryimage\"},\"thumbnailUrl\":\"https:\/\/exceladvisor.org\/wp-content\/uploads\/2023\/08\/1-verifier-si-la-cellule-contient-du-texte-partiel.png\",\"datePublished\":\"2023-11-08T19:50:50+00:00\",\"dateModified\":\"2023-12-25T10:24:23+00:00\",\"breadcrumb\":{\"@id\":\"https:\/\/exceladvisor.org\/es\/si-la-celda-contiene-una-parte\/#breadcrumb\"},\"inLanguage\":\"es\",\"potentialAction\":[{\"@type\":\"ReadAction\",\"target\":[\"https:\/\/exceladvisor.org\/es\/si-la-celda-contiene-una-parte\/\"]}]},{\"@type\":\"ImageObject\",\"inLanguage\":\"es\",\"@id\":\"https:\/\/exceladvisor.org\/es\/si-la-celda-contiene-una-parte\/#primaryimage\",\"url\":\"https:\/\/exceladvisor.org\/wp-content\/uploads\/2023\/08\/1-verifier-si-la-cellule-contient-du-texte-partiel.png\",\"contentUrl\":\"https:\/\/exceladvisor.org\/wp-content\/uploads\/2023\/08\/1-verifier-si-la-cellule-contient-du-texte-partiel.png\"},{\"@type\":\"BreadcrumbList\",\"@id\":\"https:\/\/exceladvisor.org\/es\/si-la-celda-contiene-una-parte\/#breadcrumb\",\"itemListElement\":[{\"@type\":\"ListItem\",\"position\":1,\"name\":\"Hogar\",\"item\":\"https:\/\/exceladvisor.org\/es\/\"},{\"@type\":\"ListItem\",\"position\":2,\"name\":\"\u00bfc\u00f3mo comprobar si una celda contiene texto parcial?\"}]},{\"@type\":\"WebSite\",\"@id\":\"https:\/\/exceladvisor.org\/es\/#website\",\"url\":\"https:\/\/exceladvisor.org\/es\/\",\"name\":\"Excel Advisor\",\"description\":\"Su gu\u00eda para la dominaci\u00f3n de datos!\",\"publisher\":{\"@id\":\"https:\/\/exceladvisor.org\/es\/#organization\"},\"potentialAction\":[{\"@type\":\"SearchAction\",\"target\":{\"@type\":\"EntryPoint\",\"urlTemplate\":\"https:\/\/exceladvisor.org\/es\/?s={search_term_string}\"},\"query-input\":{\"@type\":\"PropertyValueSpecification\",\"valueRequired\":true,\"valueName\":\"search_term_string\"}}],\"inLanguage\":\"es\"},{\"@type\":\"Organization\",\"@id\":\"https:\/\/exceladvisor.org\/es\/#organization\",\"name\":\"Excel Advisor\",\"url\":\"https:\/\/exceladvisor.org\/es\/\",\"logo\":{\"@type\":\"ImageObject\",\"inLanguage\":\"es\",\"@id\":\"https:\/\/exceladvisor.org\/es\/#\/schema\/logo\/image\/\",\"url\":\"https:\/\/exceladvisor.org\/es\/wp-content\/uploads\/2023\/12\/exceladvisor.org_.png\",\"contentUrl\":\"https:\/\/exceladvisor.org\/es\/wp-content\/uploads\/2023\/12\/exceladvisor.org_.png\",\"width\":105,\"height\":36,\"caption\":\"Excel Advisor\"},\"image\":{\"@id\":\"https:\/\/exceladvisor.org\/es\/#\/schema\/logo\/image\/\"}}]}<\/script>\n<!-- \/ Yoast SEO plugin. -->","yoast_head_json":{"title":"\u00bfc\u00f3mo comprobar si una celda contiene texto parcial?","robots":{"index":"index","follow":"follow","max-snippet":"max-snippet:-1","max-image-preview":"max-image-preview:large","max-video-preview":"max-video-preview:-1"},"canonical":"https:\/\/exceladvisor.org\/es\/si-la-celda-contiene-una-parte\/","og_locale":"es_ES","og_type":"article","og_title":"\u00bfc\u00f3mo comprobar si una celda contiene texto parcial?","og_description":"Para comprobar si una celda contiene texto parcial en Excel, debe crear una f\u00f3rmula usando SI, CONTAR.SI y comodines. Los comodines lo ayudan a configurar el texto parcial, luego CONTAR.SI verifica el valor parcial y SI devuelve el resultado basado en eso. Esta combinaci\u00f3n de funciones funciona perfectamente. En este tutorial, aprenderemos c\u00f3mo escribir esta [&hellip;]","og_url":"https:\/\/exceladvisor.org\/es\/si-la-celda-contiene-una-parte\/","og_site_name":"Excel Advisor","article_modified_time":"2023-12-25T10:24:23+00:00","og_image":[{"url":"https:\/\/exceladvisor.org\/wp-content\/uploads\/2023\/08\/1-verifier-si-la-cellule-contient-du-texte-partiel.png","type":"","width":"","height":""}],"twitter_card":"summary_large_image","twitter_misc":{"Tiempo de lectura":"2 minutos"},"schema":{"@context":"https:\/\/schema.org","@graph":[{"@type":"WebPage","@id":"https:\/\/exceladvisor.org\/es\/si-la-celda-contiene-una-parte\/","url":"https:\/\/exceladvisor.org\/es\/si-la-celda-contiene-una-parte\/","name":"\u00bfc\u00f3mo comprobar si una celda contiene texto parcial?","isPartOf":{"@id":"https:\/\/exceladvisor.org\/es\/#website"},"primaryImageOfPage":{"@id":"https:\/\/exceladvisor.org\/es\/si-la-celda-contiene-una-parte\/#primaryimage"},"image":{"@id":"https:\/\/exceladvisor.org\/es\/si-la-celda-contiene-una-parte\/#primaryimage"},"thumbnailUrl":"https:\/\/exceladvisor.org\/wp-content\/uploads\/2023\/08\/1-verifier-si-la-cellule-contient-du-texte-partiel.png","datePublished":"2023-11-08T19:50:50+00:00","dateModified":"2023-12-25T10:24:23+00:00","breadcrumb":{"@id":"https:\/\/exceladvisor.org\/es\/si-la-celda-contiene-una-parte\/#breadcrumb"},"inLanguage":"es","potentialAction":[{"@type":"ReadAction","target":["https:\/\/exceladvisor.org\/es\/si-la-celda-contiene-una-parte\/"]}]},{"@type":"ImageObject","inLanguage":"es","@id":"https:\/\/exceladvisor.org\/es\/si-la-celda-contiene-una-parte\/#primaryimage","url":"https:\/\/exceladvisor.org\/wp-content\/uploads\/2023\/08\/1-verifier-si-la-cellule-contient-du-texte-partiel.png","contentUrl":"https:\/\/exceladvisor.org\/wp-content\/uploads\/2023\/08\/1-verifier-si-la-cellule-contient-du-texte-partiel.png"},{"@type":"BreadcrumbList","@id":"https:\/\/exceladvisor.org\/es\/si-la-celda-contiene-una-parte\/#breadcrumb","itemListElement":[{"@type":"ListItem","position":1,"name":"Hogar","item":"https:\/\/exceladvisor.org\/es\/"},{"@type":"ListItem","position":2,"name":"\u00bfc\u00f3mo comprobar si una celda contiene texto parcial?"}]},{"@type":"WebSite","@id":"https:\/\/exceladvisor.org\/es\/#website","url":"https:\/\/exceladvisor.org\/es\/","name":"Excel Advisor","description":"Su gu\u00eda para la dominaci\u00f3n de datos!","publisher":{"@id":"https:\/\/exceladvisor.org\/es\/#organization"},"potentialAction":[{"@type":"SearchAction","target":{"@type":"EntryPoint","urlTemplate":"https:\/\/exceladvisor.org\/es\/?s={search_term_string}"},"query-input":{"@type":"PropertyValueSpecification","valueRequired":true,"valueName":"search_term_string"}}],"inLanguage":"es"},{"@type":"Organization","@id":"https:\/\/exceladvisor.org\/es\/#organization","name":"Excel Advisor","url":"https:\/\/exceladvisor.org\/es\/","logo":{"@type":"ImageObject","inLanguage":"es","@id":"https:\/\/exceladvisor.org\/es\/#\/schema\/logo\/image\/","url":"https:\/\/exceladvisor.org\/es\/wp-content\/uploads\/2023\/12\/exceladvisor.org_.png","contentUrl":"https:\/\/exceladvisor.org\/es\/wp-content\/uploads\/2023\/12\/exceladvisor.org_.png","width":105,"height":36,"caption":"Excel Advisor"},"image":{"@id":"https:\/\/exceladvisor.org\/es\/#\/schema\/logo\/image\/"}}]}},"yoast_meta":{"yoast_wpseo_title":"","yoast_wpseo_metadesc":"","yoast_wpseo_canonical":""},"_links":{"self":[{"href":"https:\/\/exceladvisor.org\/es\/wp-json\/wp\/v2\/pages\/264","targetHints":{"allow":["GET"]}}],"collection":[{"href":"https:\/\/exceladvisor.org\/es\/wp-json\/wp\/v2\/pages"}],"about":[{"href":"https:\/\/exceladvisor.org\/es\/wp-json\/wp\/v2\/types\/page"}],"author":[{"embeddable":true,"href":"https:\/\/exceladvisor.org\/es\/wp-json\/wp\/v2\/users\/1"}],"replies":[{"embeddable":true,"href":"https:\/\/exceladvisor.org\/es\/wp-json\/wp\/v2\/comments?post=264"}],"version-history":[{"count":1,"href":"https:\/\/exceladvisor.org\/es\/wp-json\/wp\/v2\/pages\/264\/revisions"}],"predecessor-version":[{"id":924,"href":"https:\/\/exceladvisor.org\/es\/wp-json\/wp\/v2\/pages\/264\/revisions\/924"}],"wp:attachment":[{"href":"https:\/\/exceladvisor.org\/es\/wp-json\/wp\/v2\/media?parent=264"}],"curies":[{"name":"wp","href":"https:\/\/api.w.org\/{rel}","templated":true}]}}