{"id":265,"date":"2023-11-08T13:20:18","date_gmt":"2023-11-08T13:20:18","guid":{"rendered":"https:\/\/exceladvisor.org\/es\/reporte-de-ventas\/"},"modified":"2023-12-25T10:33:42","modified_gmt":"2023-12-25T10:33:42","slug":"reporte-de-ventas","status":"publish","type":"page","link":"https:\/\/exceladvisor.org\/es\/reporte-de-ventas\/","title":{"rendered":"Plantilla de informe de ventas en excel"},"content":{"rendered":"<div class=\"excel-antes-del-contenido\" id=\"excel-1278825869\"><script type=\"text\/javascript\">\r\n\tatOptions = {\r\n\t\t'key' : 'c1158f160081d6540a8409e6925dab94',\r\n\t\t'format' : 'iframe',\r\n\t\t'height' : 250,\r\n\t\t'width' : 300,\r\n\t\t'params' : {}\r\n\t};\r\n<\/script>\r\n<script type=\"text\/javascript\" src=\"\/\/www.highperformanceformat.com\/c1158f160081d6540a8409e6925dab94\/invoke.js\"><\/script><\/div><div class=\"wp-block-image\">\n<figure class=\"aligncenter\">Una de las primeras plantillas que cre\u00e9 en Excel fue para un informe de ventas diario. Y al hacerlo, aprend\u00ed una cosa: necesitas un formato que sea r\u00e1pido y f\u00e1cil de usar.<\/figure>\n<\/div>\n<p> <em>Hoy me gustar\u00eda compartir con ustedes uno de mis dise\u00f1os favoritos que sol\u00eda compartir con mi jefe. Estoy bastante seguro de que este patr\u00f3n de ventas diario har\u00e1 sonre\u00edr a su jefe, incluso si las ventas bajan. \u00bfY sabes lo mejor?<\/em><\/p>\n<p> Esta es una plantilla de una p\u00e1gina con un formato f\u00e1cil de entender. Pero antes de descargarla, d\u00e9jame decirte c\u00f3mo usarla y cu\u00e1les son las caracter\u00edsticas de esta plantilla.<\/p>\n<h2 id=\"tab-con-1\" class=\"wp-block-heading\"> Caracter\u00edsticas<\/h2>\n<p> Algunas caracter\u00edsticas clave hacen que esta plantilla sea f\u00e1cil de usar. Contin\u00fae leyendo para obtener una vista detallada de estas funciones.<\/p>\n<h3 class=\"wp-block-heading\"> 1. Ventas diarias versus objetivo mensual<\/h3>\n<p> Para realizar un seguimiento del rendimiento diario, tiene un gr\u00e1fico y en este gr\u00e1fico puede obtener el rendimiento diario frente al objetivo. Para comparar las ventas diarias con el objetivo, tenemos una l\u00ednea de objetivo en este gr\u00e1fico. <\/p>\n<div class=\"wp-block-image\">\n<figure class=\"aligncenter\"><img decoding=\"async\" src=\"https:\/\/exceladvisor.org\/wp-content\/uploads\/2023\/08\/tableau-des-ventes-par-jour-dans-le-modele-de-rapport-des-ventes-quotidiennes-1.png\" sizes=\"\" srcset=\"\" alt=\"gr\u00e1fico de ventas por d\u00eda en la plantilla de informe de ventas diario\"><\/figure>\n<\/div>\n<p> Cuando ingresa su objetivo mensual, esta plantilla lo convierte en un promedio diario. Y este objetivo ser\u00e1 un punto de referencia para tu desempe\u00f1o diario. Un peque\u00f1o cuadro de mensaje en la parte superior le recordar\u00e1 el promedio diario que necesita durante todo el mes.<\/p>\n<h3 class=\"wp-block-heading\"> 2. Meta total versus logro real [Porcentaje]<\/h3>\n<p> Al lado de nuestro gr\u00e1fico de ventas diarias, hay un <a style=\"outline: none;\" href=\"https:\/\/exceladvisor.org\/es\/mesa-de-termometro\/\">gr\u00e1fico de term\u00f3metro<\/a> que muestra el porcentaje total alcanzado. <\/p>\n<div class=\"wp-block-image\">\n<figure class=\"aligncenter\"><img decoding=\"async\" src=\"https:\/\/exceladvisor.org\/wp-content\/uploads\/2023\/08\/tableau-des-realisations-totales-dans-le-modele-de-rapport-des-ventes-quotidiennes-1.png\" sizes=\"\" srcset=\"\" alt=\"tabla de logros totales en la plantilla de informe de ventas diario\"><\/figure>\n<\/div>\n<p> Este sencillo cuadro le ayudar\u00e1 a realizar un seguimiento de lo que ha logrado desde principios de mes.<\/p>\n<h3 class=\"wp-block-heading\"> 3. Ventas realizadas<\/h3>\n<p> El primer cuadro de la secci\u00f3n brindar\u00e1 una descripci\u00f3n general r\u00e1pida de las ventas que realiz\u00f3 en comparaci\u00f3n con el objetivo total. <\/p>\n<div class=\"wp-block-image\">\n<figure class=\"aligncenter\"><img decoding=\"async\" src=\"https:\/\/exceladvisor.org\/wp-content\/uploads\/2023\/08\/note-liminaire-sur-la-realisation-du-montant-dans-le-modele-de-rapport-de-vente-quotidien.png\" sizes=\"\" srcset=\"\" alt=\"Keynote de logro de cantidad en la plantilla de informe de ventas diario\"><\/figure>\n<\/div>\n<h3 class=\"wp-block-heading\"> 4. Promedio por d\u00eda para llegar a la meta<\/h3>\n<p> El siguiente cuadro te alerta del promedio diario que debes gestionar para el resto de d\u00edas del mes.<\/p>\n<p> Este n\u00famero cambiar\u00e1 cada d\u00eda seg\u00fan su desempe\u00f1o hasta el momento en el mes. <\/p>\n<div class=\"wp-block-image\">\n<figure class=\"aligncenter\"><img decoding=\"async\" src=\"https:\/\/exceladvisor.org\/wp-content\/uploads\/2023\/08\/moyenne-requise-dans-le-modele-de-rapport-de-ventes-quotidien-1.png\" sizes=\"\" srcset=\"\" alt=\"promedio requerido en la plantilla de informe de ventas diario\"><\/figure>\n<\/div>\n<p> Si su venta diaria es inferior al objetivo diario esperado, esta cifra aumentar\u00e1 o viceversa.<\/p>\n<h3 class=\"wp-block-heading\"> 5. D\u00edas restantes del mes<\/h3>\n<p> Este cuadro te mostrar\u00e1 los d\u00edas que quedan del mes, lo cual es un factor determinante para tu desempe\u00f1o. <\/p>\n<div class=\"wp-block-image\">\n<figure class=\"aligncenter\"><img decoding=\"async\" src=\"https:\/\/exceladvisor.org\/wp-content\/uploads\/2023\/08\/jours-restants-dans-le-mois-dans-le-modele-de-rapport-des-ventes-quotidiennes-1.png\" sizes=\"\" srcset=\"\" alt=\"d\u00edas restantes en meses en la plantilla de informe de ventas diario\"><\/figure>\n<\/div>\n<p> El c\u00e1lculo estos d\u00edas es din\u00e1mico.<\/p>\n<h3 class=\"wp-block-heading\"> 6. Secci\u00f3n de Comentarios Especiales<\/h3>\n<p> Tambi\u00e9n disponemos de un buz\u00f3n especial para notas y comentarios. Puede utilizar esta secci\u00f3n para agregar notas especiales. <\/p>\n<div class=\"wp-block-image\">\n<figure class=\"aligncenter\"><img decoding=\"async\" src=\"https:\/\/exceladvisor.org\/wp-content\/uploads\/2023\/08\/autres-remarques-dans-le-modele-de-rapport-de-ventes-quotidien-1.png\" sizes=\"\" srcset=\"\" alt=\"otras notas en la plantilla de informe de ventas diario\"><\/figure>\n<\/div>\n<p> Sol\u00eda recopilar comentarios de mi equipo de ventas antes de enviar este informe a mi jefe. Puedes hacer esta secci\u00f3n a tu manera.<\/p>\n<h2 id=\"tab-con-3\" class=\"wp-block-heading\"> Datos de entrada<\/h2>\n<p> Como te dije, es muy f\u00e1cil preparar esta plantilla, lo \u00fanico que debes hacer es ingresar tus siguientes datos.<\/p>\n<h3 class=\"wp-block-heading\"> 1. mes actual<\/h3>\n<p> Antes de comenzar a realizar un seguimiento de sus ventas diarias, aseg\u00farese de seleccionar el mes actual. Seleccionar el mes actual es importante ya que esto definir\u00e1 el n\u00famero total de d\u00edas. Digamos que seleccion\u00f3 \u00abseptiembre\u00bb, entonces el n\u00famero total de d\u00edas del mes ser\u00e1 30 y, si selecciona \u00aboctubre\u00bb, ser\u00e1 \u00ab31\u00bb.<\/p>\n<p> Para hacer esto, simplemente use este men\u00fa desplegable para seleccionar el mes actual. <\/p>\n<div class=\"wp-block-image\">\n<figure class=\"aligncenter\"><img decoding=\"async\" src=\"https:\/\/exceladvisor.org\/wp-content\/uploads\/2023\/08\/deroulant-pour-selectionner-le-mois-dans-le-modele-de-rapport-des-ventes-quotidiennes-1.png\" sizes=\"\" srcset=\"\" alt=\"lista desplegable para seleccionar el mes en la plantilla de informe de ventas diario\"><\/figure>\n<\/div>\n<h3 class=\"wp-block-heading\"> 2. Objetivos mensuales<\/h3>\n<p> Una vez que haya seleccionado su mes actual, lo siguiente que debe ingresar es su meta mensual. Existe un v\u00ednculo directo entre su objetivo mensual y el n\u00famero total de d\u00edas del mes.<\/p>\n<p> Tan pronto como ingresas tu meta mensual, calcula el promedio diario que necesitamos para alcanzar la meta total.<\/p>\n<p> Si tienes una meta mensual de $50,000 y los d\u00edas del mes son 31, el promedio diario ser\u00e1 de $1,613 por d\u00eda.<\/p>\n<p> Entonces, simplemente ingresa tu meta mensual en la celda A34. <\/p>\n<div class=\"wp-block-image\">\n<figure class=\"aligncenter\"><img decoding=\"async\" src=\"https:\/\/exceladvisor.org\/wp-content\/uploads\/2023\/08\/objectif-mensuel-dans-le-modele-de-rapport-de-ventes-quotidien-1.png\" sizes=\"\" srcset=\"\" alt=\"objetivo mensual en la plantilla de informe de ventas diario\"><\/figure>\n<\/div>\n<p> \u00bfConoces lo mejor de lo mejor de este formato de ventas? Necesita poco esfuerzo para ingresar datos.<\/p>\n<h3 class=\"wp-block-heading\"> 3. Ventas diarias<\/h3>\n<p> Ahora esto es lo principal que necesita para participar en la \u201cOferta Day Wise\u201d. En la siguiente tabla puede ingresar sus ventas diarias. Y, una vez que haga eso, el c\u00e1lculo se actualizar\u00e1 en todo el modelo. <\/p>\n<div class=\"wp-block-image\">\n<figure class=\"aligncenter\"><img decoding=\"async\" src=\"https:\/\/exceladvisor.org\/wp-content\/uploads\/2023\/08\/entree-des-ventes-par-jour-dans-le-modele-de-rapport-des-ventes-quotidiennes-1.png\" sizes=\"\" srcset=\"\" alt=\"ingresar ventas por d\u00eda en la plantilla de informe de ventas diario\"><\/figure>\n<\/div>\n<p> Esto es lo \u00fanico que debes hacer todos los d\u00edas porque los dem\u00e1s son entradas \u00fanicas.<\/p>\n<p> Si seleccion\u00f3 un mes de 30 d\u00edas, solo necesita ingresar las ventas de 30 d\u00edas. Y, durante 31 d\u00edas, ventas de entrada durante 31 d\u00edas. Esta plantilla de informe de ventas diario es completamente din\u00e1mica. No es necesario que realice ning\u00fan cambio. Pero, si a\u00fan quieres personalizarlo, s\u00edgueme.<\/p>\n<h2 id=\"tab-con-6\" class=\"wp-block-heading\"> Personalizaci\u00f3n<\/h2>\n<p> Antes de personalizar esta plantilla, aseg\u00farese de desbloquear la hoja de c\u00e1lculo. Y aqu\u00ed tengo algunos puntos esenciales para ti si quieres personalizar esta plantilla de informe de ventas diario.<\/p>\n<h3 class=\"wp-block-heading\"> 1. Cambiar formato de moneda<\/h3>\n<p> Utilic\u00e9 d\u00f3lares como formato de moneda en esta plantilla. Pero si quieres cambiar este formato, s\u00f3lo haz este peque\u00f1o ajuste.<\/p>\n<ul>\n<li> Vaya a la celda A40, donde pegu\u00e9 el formato $. <\/li>\n<\/ul>\n<figure class=\"wp-block-image\"><img decoding=\"async\" src=\"https:\/\/exceladvisor.org\/wp-content\/uploads\/2023\/08\/changer-le-format-de-la-devise-dans-le-modele-de-rapport-des-ventes-quotidiennes-1.png\" sizes=\"\" srcset=\"\" alt=\"cambiar el formato de moneda en la plantilla de informe de ventas diario\"><\/figure>\n<ul>\n<li> Simplemente cambia el formato del d\u00f3lar al que quieras.<\/li>\n<\/ul>\n<p> Aseg\u00farese de mantener el formato de celda de la celda A40 como texto.<\/p>\n<h3 class=\"wp-block-heading\"> 2. Editar mensajes de apertura<\/h3>\n<p> Para cambiar algunos mensajes clave, simplemente cambie AG26:AG37 para esto. Este rango de celdas contiene todos los mensajes utilizados en esta plantilla. Oculto mensajes cambiando el color de fuente a blanco, asegur\u00e1ndome de hacerlo visible.<\/p>\n<h2 id=\"tab-con-4\" class=\"wp-block-heading\"> [Descargar]<\/h2>\n<p> <a style=\"outline: none;\" href=\"https:\/\/exceladvisor.org\/wp-content\/uploads\/2023\/11\/modele-de-rapport-de-vente-quotidien-v2023.xlsx\" rel=\"nofollow\">Descargue esta plantilla desde aqu\u00ed<\/a> para probarla usted mismo.<\/p>\n<h3 id=\"tab-con-2\" class=\"wp-block-heading\"> Conclusi\u00f3n<\/h3>\n<p> Esta plantilla de informe de ventas diario le dar\u00e1 a su jefe una impresi\u00f3n r\u00e1pida de las ventas diarias. Es un hecho que cualquiera puede entender este formato en segundos, pero lo cierto es que es s\u00faper f\u00e1cil de preparar.<\/p>\n<p> No olvides compartir esta plantilla con tus amigos.<\/p>\n<h2 class=\"wp-block-heading\"> M\u00e1s modelos<\/h2>\n<ul>\n<li> <a style=\"outline: none;\" href=\"https:\/\/exceladvisor.org\/es\/plantilla-de-gestion-de-inventario-formularios-de-usuario-excel-vba\/\">Seguimiento de inventario en Excel<\/a><\/li>\n<li> <a style=\"outline: none;\" href=\"https:\/\/exceladvisor.org\/es\/grafico-de-gantt\/\">Plantilla de diagrama de Gantt en Excel<\/a><\/li>\n<li><a style=\"outline: none;\" href=\"https:\/\/exceladvisor.org\/es\/seguimiento-de-gastos\/\" data-wpil=\"url\">Plantilla de seguimiento de gastos mensuales en Excel<\/a><\/li>\n<\/ul>\n","protected":false},"excerpt":{"rendered":"<p>Una de las primeras plantillas que cre\u00e9 en Excel fue para un informe de ventas diario. Y al hacerlo, aprend\u00ed una cosa: necesitas un formato que sea r\u00e1pido y f\u00e1cil de usar. Hoy me gustar\u00eda compartir con ustedes uno de mis dise\u00f1os favoritos que sol\u00eda compartir con mi jefe. Estoy bastante seguro de que este [&hellip;]<\/p>\n","protected":false},"author":1,"featured_media":0,"parent":0,"menu_order":0,"comment_status":"open","ping_status":"closed","template":"","meta":{"ub_ctt_via":"","footnotes":""},"class_list":["post-265","page","type-page","status-publish","hentry"],"featured_image_src":null,"yoast_head":"<!-- This site is optimized with the Yoast SEO plugin v25.4 - https:\/\/yoast.com\/wordpress\/plugins\/seo\/ -->\n<title>Plantilla de informe de ventas en excel<\/title>\n<meta name=\"robots\" content=\"index, follow, max-snippet:-1, max-image-preview:large, max-video-preview:-1\" \/>\n<link rel=\"canonical\" href=\"https:\/\/exceladvisor.org\/es\/reporte-de-ventas\/\" \/>\n<meta property=\"og:locale\" content=\"es_ES\" \/>\n<meta property=\"og:type\" content=\"article\" \/>\n<meta property=\"og:title\" content=\"Plantilla de informe de ventas en excel\" \/>\n<meta property=\"og:description\" content=\"Una de las primeras plantillas que cre\u00e9 en Excel fue para un informe de ventas diario. Y al hacerlo, aprend\u00ed una cosa: necesitas un formato que sea r\u00e1pido y f\u00e1cil de usar. Hoy me gustar\u00eda compartir con ustedes uno de mis dise\u00f1os favoritos que sol\u00eda compartir con mi jefe. Estoy bastante seguro de que este [&hellip;]\" \/>\n<meta property=\"og:url\" content=\"https:\/\/exceladvisor.org\/es\/reporte-de-ventas\/\" \/>\n<meta property=\"og:site_name\" content=\"Excel Advisor\" \/>\n<meta property=\"article:modified_time\" content=\"2023-12-25T10:33:42+00:00\" \/>\n<meta property=\"og:image\" content=\"https:\/\/exceladvisor.org\/wp-content\/uploads\/2023\/08\/tableau-des-ventes-par-jour-dans-le-modele-de-rapport-des-ventes-quotidiennes-1.png\" \/>\n<meta name=\"twitter:card\" content=\"summary_large_image\" \/>\n<meta name=\"twitter:label1\" content=\"Tiempo de lectura\" \/>\n\t<meta name=\"twitter:data1\" content=\"5 minutos\" \/>\n<script type=\"application\/ld+json\" class=\"yoast-schema-graph\">{\"@context\":\"https:\/\/schema.org\",\"@graph\":[{\"@type\":\"WebPage\",\"@id\":\"https:\/\/exceladvisor.org\/es\/reporte-de-ventas\/\",\"url\":\"https:\/\/exceladvisor.org\/es\/reporte-de-ventas\/\",\"name\":\"Plantilla de informe de ventas en excel\",\"isPartOf\":{\"@id\":\"https:\/\/exceladvisor.org\/es\/#website\"},\"primaryImageOfPage\":{\"@id\":\"https:\/\/exceladvisor.org\/es\/reporte-de-ventas\/#primaryimage\"},\"image\":{\"@id\":\"https:\/\/exceladvisor.org\/es\/reporte-de-ventas\/#primaryimage\"},\"thumbnailUrl\":\"https:\/\/exceladvisor.org\/wp-content\/uploads\/2023\/08\/tableau-des-ventes-par-jour-dans-le-modele-de-rapport-des-ventes-quotidiennes-1.png\",\"datePublished\":\"2023-11-08T13:20:18+00:00\",\"dateModified\":\"2023-12-25T10:33:42+00:00\",\"breadcrumb\":{\"@id\":\"https:\/\/exceladvisor.org\/es\/reporte-de-ventas\/#breadcrumb\"},\"inLanguage\":\"es\",\"potentialAction\":[{\"@type\":\"ReadAction\",\"target\":[\"https:\/\/exceladvisor.org\/es\/reporte-de-ventas\/\"]}]},{\"@type\":\"ImageObject\",\"inLanguage\":\"es\",\"@id\":\"https:\/\/exceladvisor.org\/es\/reporte-de-ventas\/#primaryimage\",\"url\":\"https:\/\/exceladvisor.org\/wp-content\/uploads\/2023\/08\/tableau-des-ventes-par-jour-dans-le-modele-de-rapport-des-ventes-quotidiennes-1.png\",\"contentUrl\":\"https:\/\/exceladvisor.org\/wp-content\/uploads\/2023\/08\/tableau-des-ventes-par-jour-dans-le-modele-de-rapport-des-ventes-quotidiennes-1.png\"},{\"@type\":\"BreadcrumbList\",\"@id\":\"https:\/\/exceladvisor.org\/es\/reporte-de-ventas\/#breadcrumb\",\"itemListElement\":[{\"@type\":\"ListItem\",\"position\":1,\"name\":\"Hogar\",\"item\":\"https:\/\/exceladvisor.org\/es\/\"},{\"@type\":\"ListItem\",\"position\":2,\"name\":\"Plantilla de informe de ventas en excel\"}]},{\"@type\":\"WebSite\",\"@id\":\"https:\/\/exceladvisor.org\/es\/#website\",\"url\":\"https:\/\/exceladvisor.org\/es\/\",\"name\":\"Excel Advisor\",\"description\":\"Su gu\u00eda para la dominaci\u00f3n de datos!\",\"publisher\":{\"@id\":\"https:\/\/exceladvisor.org\/es\/#organization\"},\"potentialAction\":[{\"@type\":\"SearchAction\",\"target\":{\"@type\":\"EntryPoint\",\"urlTemplate\":\"https:\/\/exceladvisor.org\/es\/?s={search_term_string}\"},\"query-input\":{\"@type\":\"PropertyValueSpecification\",\"valueRequired\":true,\"valueName\":\"search_term_string\"}}],\"inLanguage\":\"es\"},{\"@type\":\"Organization\",\"@id\":\"https:\/\/exceladvisor.org\/es\/#organization\",\"name\":\"Excel Advisor\",\"url\":\"https:\/\/exceladvisor.org\/es\/\",\"logo\":{\"@type\":\"ImageObject\",\"inLanguage\":\"es\",\"@id\":\"https:\/\/exceladvisor.org\/es\/#\/schema\/logo\/image\/\",\"url\":\"https:\/\/exceladvisor.org\/es\/wp-content\/uploads\/2023\/12\/exceladvisor.org_.png\",\"contentUrl\":\"https:\/\/exceladvisor.org\/es\/wp-content\/uploads\/2023\/12\/exceladvisor.org_.png\",\"width\":105,\"height\":36,\"caption\":\"Excel Advisor\"},\"image\":{\"@id\":\"https:\/\/exceladvisor.org\/es\/#\/schema\/logo\/image\/\"}}]}<\/script>\n<!-- \/ Yoast SEO plugin. -->","yoast_head_json":{"title":"Plantilla de informe de ventas en excel","robots":{"index":"index","follow":"follow","max-snippet":"max-snippet:-1","max-image-preview":"max-image-preview:large","max-video-preview":"max-video-preview:-1"},"canonical":"https:\/\/exceladvisor.org\/es\/reporte-de-ventas\/","og_locale":"es_ES","og_type":"article","og_title":"Plantilla de informe de ventas en excel","og_description":"Una de las primeras plantillas que cre\u00e9 en Excel fue para un informe de ventas diario. Y al hacerlo, aprend\u00ed una cosa: necesitas un formato que sea r\u00e1pido y f\u00e1cil de usar. Hoy me gustar\u00eda compartir con ustedes uno de mis dise\u00f1os favoritos que sol\u00eda compartir con mi jefe. Estoy bastante seguro de que este [&hellip;]","og_url":"https:\/\/exceladvisor.org\/es\/reporte-de-ventas\/","og_site_name":"Excel Advisor","article_modified_time":"2023-12-25T10:33:42+00:00","og_image":[{"url":"https:\/\/exceladvisor.org\/wp-content\/uploads\/2023\/08\/tableau-des-ventes-par-jour-dans-le-modele-de-rapport-des-ventes-quotidiennes-1.png","type":"","width":"","height":""}],"twitter_card":"summary_large_image","twitter_misc":{"Tiempo de lectura":"5 minutos"},"schema":{"@context":"https:\/\/schema.org","@graph":[{"@type":"WebPage","@id":"https:\/\/exceladvisor.org\/es\/reporte-de-ventas\/","url":"https:\/\/exceladvisor.org\/es\/reporte-de-ventas\/","name":"Plantilla de informe de ventas en excel","isPartOf":{"@id":"https:\/\/exceladvisor.org\/es\/#website"},"primaryImageOfPage":{"@id":"https:\/\/exceladvisor.org\/es\/reporte-de-ventas\/#primaryimage"},"image":{"@id":"https:\/\/exceladvisor.org\/es\/reporte-de-ventas\/#primaryimage"},"thumbnailUrl":"https:\/\/exceladvisor.org\/wp-content\/uploads\/2023\/08\/tableau-des-ventes-par-jour-dans-le-modele-de-rapport-des-ventes-quotidiennes-1.png","datePublished":"2023-11-08T13:20:18+00:00","dateModified":"2023-12-25T10:33:42+00:00","breadcrumb":{"@id":"https:\/\/exceladvisor.org\/es\/reporte-de-ventas\/#breadcrumb"},"inLanguage":"es","potentialAction":[{"@type":"ReadAction","target":["https:\/\/exceladvisor.org\/es\/reporte-de-ventas\/"]}]},{"@type":"ImageObject","inLanguage":"es","@id":"https:\/\/exceladvisor.org\/es\/reporte-de-ventas\/#primaryimage","url":"https:\/\/exceladvisor.org\/wp-content\/uploads\/2023\/08\/tableau-des-ventes-par-jour-dans-le-modele-de-rapport-des-ventes-quotidiennes-1.png","contentUrl":"https:\/\/exceladvisor.org\/wp-content\/uploads\/2023\/08\/tableau-des-ventes-par-jour-dans-le-modele-de-rapport-des-ventes-quotidiennes-1.png"},{"@type":"BreadcrumbList","@id":"https:\/\/exceladvisor.org\/es\/reporte-de-ventas\/#breadcrumb","itemListElement":[{"@type":"ListItem","position":1,"name":"Hogar","item":"https:\/\/exceladvisor.org\/es\/"},{"@type":"ListItem","position":2,"name":"Plantilla de informe de ventas en excel"}]},{"@type":"WebSite","@id":"https:\/\/exceladvisor.org\/es\/#website","url":"https:\/\/exceladvisor.org\/es\/","name":"Excel Advisor","description":"Su gu\u00eda para la dominaci\u00f3n de datos!","publisher":{"@id":"https:\/\/exceladvisor.org\/es\/#organization"},"potentialAction":[{"@type":"SearchAction","target":{"@type":"EntryPoint","urlTemplate":"https:\/\/exceladvisor.org\/es\/?s={search_term_string}"},"query-input":{"@type":"PropertyValueSpecification","valueRequired":true,"valueName":"search_term_string"}}],"inLanguage":"es"},{"@type":"Organization","@id":"https:\/\/exceladvisor.org\/es\/#organization","name":"Excel Advisor","url":"https:\/\/exceladvisor.org\/es\/","logo":{"@type":"ImageObject","inLanguage":"es","@id":"https:\/\/exceladvisor.org\/es\/#\/schema\/logo\/image\/","url":"https:\/\/exceladvisor.org\/es\/wp-content\/uploads\/2023\/12\/exceladvisor.org_.png","contentUrl":"https:\/\/exceladvisor.org\/es\/wp-content\/uploads\/2023\/12\/exceladvisor.org_.png","width":105,"height":36,"caption":"Excel Advisor"},"image":{"@id":"https:\/\/exceladvisor.org\/es\/#\/schema\/logo\/image\/"}}]}},"yoast_meta":{"yoast_wpseo_title":"","yoast_wpseo_metadesc":"","yoast_wpseo_canonical":""},"_links":{"self":[{"href":"https:\/\/exceladvisor.org\/es\/wp-json\/wp\/v2\/pages\/265","targetHints":{"allow":["GET"]}}],"collection":[{"href":"https:\/\/exceladvisor.org\/es\/wp-json\/wp\/v2\/pages"}],"about":[{"href":"https:\/\/exceladvisor.org\/es\/wp-json\/wp\/v2\/types\/page"}],"author":[{"embeddable":true,"href":"https:\/\/exceladvisor.org\/es\/wp-json\/wp\/v2\/users\/1"}],"replies":[{"embeddable":true,"href":"https:\/\/exceladvisor.org\/es\/wp-json\/wp\/v2\/comments?post=265"}],"version-history":[{"count":1,"href":"https:\/\/exceladvisor.org\/es\/wp-json\/wp\/v2\/pages\/265\/revisions"}],"predecessor-version":[{"id":1491,"href":"https:\/\/exceladvisor.org\/es\/wp-json\/wp\/v2\/pages\/265\/revisions\/1491"}],"wp:attachment":[{"href":"https:\/\/exceladvisor.org\/es\/wp-json\/wp\/v2\/media?parent=265"}],"curies":[{"name":"wp","href":"https:\/\/api.w.org\/{rel}","templated":true}]}}