{"id":266,"date":"2023-11-08T13:03:25","date_gmt":"2023-11-08T13:03:25","guid":{"rendered":"https:\/\/exceladvisor.org\/es\/seguimiento-de-gastos\/"},"modified":"2023-12-25T10:33:40","modified_gmt":"2023-12-25T10:33:40","slug":"seguimiento-de-gastos","status":"publish","type":"page","link":"https:\/\/exceladvisor.org\/es\/seguimiento-de-gastos\/","title":{"rendered":"Plantilla de excel para seguimiento de gastos mensuales"},"content":{"rendered":"<div class=\"excel-antes-del-contenido\" id=\"excel-3052554586\"><script type=\"text\/javascript\">\r\n\tatOptions = {\r\n\t\t'key' : 'c1158f160081d6540a8409e6925dab94',\r\n\t\t'format' : 'iframe',\r\n\t\t'height' : 250,\r\n\t\t'width' : 300,\r\n\t\t'params' : {}\r\n\t};\r\n<\/script>\r\n<script type=\"text\/javascript\" src=\"\/\/www.highperformanceformat.com\/c1158f160081d6540a8409e6925dab94\/invoke.js\"><\/script><\/div><p>El seguimiento de sus gastos es una de las cosas m\u00e1s importantes para tener \u00e9xito. Pero a veces es muy dif\u00edcil seguirles la pista a todos.<\/p>\n<p> Cada vez que gastamos nuestro dinero en alguna parte, lo olvidamos al cabo de unos d\u00edas. Y luego, al final del mes, nos quedamos completamente vac\u00edos de gastos. <\/p>\n<figure class=\"wp-block-image\"><img decoding=\"async\" src=\"https:\/\/exceladvisor.org\/wp-content\/uploads\/2023\/08\/tableau-de-bord-principal-pour-le-modele-de-suivi-des-depenses-excel-1.png\" sizes=\"\" srcset=\"\" alt=\"Descarga gratuita de la plantilla de seguimiento de gastos de Excel.\"><\/figure>\n<p> As\u00ed que aqu\u00ed est\u00e1 el problema: como usuario de Excel, pasas la mayor parte de tu tiempo trabajando en Excel. \u00bfBIEN?<\/p>\n<p> Lo mejor es tener una plantilla de seguimiento de gastos en Excel para que podamos acceder a ella con tan solo unos pocos clics. Y aqu\u00ed tengo un rastreador de gastos de una p\u00e1gina para usted.<\/p>\n<p> La mejor parte es que esta plantilla es espec\u00edficamente para personas que desean realizar un seguimiento de sus gastos pero a\u00fan tienen dificultades para mantenerse al d\u00eda.<\/p>\n<p> <em><strong><span style=\"color: #ff0000;\">Oye, espera un momento,<\/span> al igual que esta plantilla, aqu\u00ed tienes otras plantillas que pueden sorprenderte:<\/strong><\/em><\/p>\n<ul>\n<li> <a href=\"https:\/\/exceladvisor.org\/es\/grafico-de-gantt\/\">Plantilla de diagrama de Gantt para directores de proyectos<\/a><\/li>\n<li> <a href=\"https:\/\/exceladvisor.org\/es\/interes-compuesto\/\">Calculadora de inter\u00e9s compuesto<\/a><\/li>\n<li> <a href=\"https:\/\/exceladvisor.org\/es\/reporte-de-ventas\/\">Formato de informe de ventas diario<\/a><\/li>\n<li> <a href=\"https:\/\/exceladvisor.org\/es\/plantilla-de-gestion-de-inventario-formularios-de-usuario-excel-vba\/\">Plantilla de gesti\u00f3n de inventario de Excel lista para usar<\/a><\/li>\n<\/ul>\n<h2 id=\"tab-con-1\" class=\"wp-block-heading\"> Caracter\u00edsticas<\/h2>\n<p> Como te dije, es una plantilla de una p\u00e1gina, pero es lo suficientemente potente como para realizar un seguimiento de tus gastos. S\u00edgueme para descubrir sus caracter\u00edsticas.<\/p>\n<h3 id=\"tab-con-2\" class=\"wp-block-heading\"> 1. Presupuesto mensual<\/h3>\n<p> En esta plantilla, puede ingresar un presupuesto mensual para usarlo como referencia para sus gastos mensuales. <\/p>\n<div class=\"wp-block-image\">\n<figure class=\"aligncenter\"><img decoding=\"async\" src=\"https:\/\/exceladvisor.org\/wp-content\/uploads\/2023\/08\/section-budget-dans-le-modele-de-suivi-des-depenses-excel-1.png\" sizes=\"\" srcset=\"\" alt=\"secci\u00f3n de presupuesto en la plantilla de seguimiento de gastos de Excel\"><\/figure>\n<\/div>\n<p> Esta secci\u00f3n le mostrar\u00e1 el presupuesto del mes actual que tiene disponible y junto con eso, le mostrar\u00e1 el aumento en el presupuesto del mes actual en comparaci\u00f3n con el presupuesto del mes pasado.<\/p>\n<h3 id=\"tab-con-3\" class=\"wp-block-heading\"> 2. Gastos corrientes<\/h3>\n<p> Esta secci\u00f3n le brindar\u00e1 una descripci\u00f3n general del monto total gastado en gastos del mes actual. <\/p>\n<div class=\"wp-block-image\">\n<figure class=\"aligncenter\"><img decoding=\"async\" src=\"https:\/\/exceladvisor.org\/wp-content\/uploads\/2023\/08\/section-des-depenses-reelles-dans-le-modele-de-suivi-des-depenses-excel-1.png\" sizes=\"\" srcset=\"\" alt=\"secci\u00f3n de gastos reales en la plantilla de seguimiento de gastos de Excel\"><\/figure>\n<\/div>\n<p> El monto se actualizar\u00e1 instant\u00e1neamente despu\u00e9s de ingresar una nueva entrada de gasto. Y debajo tambi\u00e9n hay un peque\u00f1o mensaje referente al porcentaje del presupuesto que has consumido.<\/p>\n<h3 id=\"tab-con-4\" class=\"wp-block-heading\"> 3. Gastos inesperados<\/h3>\n<p> Si a veces enfrenta gastos inesperados, puede realizar un seguimiento de estos gastos en esta plantilla. <\/p>\n<div class=\"wp-block-image\">\n<figure class=\"aligncenter\"><img decoding=\"async\" src=\"https:\/\/exceladvisor.org\/wp-content\/uploads\/2023\/08\/section-des-depenses-non-planifiees-dans-le-modele-de-suivi-des-depenses-excel-1.png\" sizes=\"\" srcset=\"\" alt=\"secci\u00f3n de gastos no planificados en la plantilla de seguimiento de gastos de Excel\"><\/figure>\n<\/div>\n<p> En esta secci\u00f3n obtendr\u00e1 una descripci\u00f3n general r\u00e1pida del porcentaje de gastos inesperados en comparaci\u00f3n con sus gastos totales. Y tambi\u00e9n un mensajito sobre la cantidad de gastos inesperados.<\/p>\n<h3 id=\"tab-con-5\" class=\"wp-block-heading\"> 4. Gasto por categor\u00edas<\/h3>\n<p> S\u00ed, tambi\u00e9n puede realizar un seguimiento de sus gastos en categor\u00edas. <\/p>\n<div class=\"wp-block-image\">\n<figure class=\"aligncenter\"><img decoding=\"async\" src=\"https:\/\/exceladvisor.org\/wp-content\/uploads\/2023\/08\/repartition-des-depenses-par-categorie-dans-le-modele-de-suivi-des-depenses-Excel-1.png\" sizes=\"\" srcset=\"\" alt=\"Desglose de gastos por categor\u00eda en la plantilla de seguimiento de gastos de Excel\"><\/figure>\n<\/div>\n<p> Esta secci\u00f3n le mostrar\u00e1 un resumen por categor\u00eda de porcentaje de participaci\u00f3n.<\/p>\n<h3 id=\"tab-con-6\" class=\"wp-block-heading\"> 5. Gastos diarios<\/h3>\n<p> Aqu\u00ed podr\u00e1s consultar el importe de tus gastos diarios. <\/p>\n<div class=\"wp-block-image\">\n<figure class=\"aligncenter\"><img decoding=\"async\" src=\"https:\/\/exceladvisor.org\/wp-content\/uploads\/2023\/08\/depenses-mensuelles-quotidiennes-dans-le-modele-de-suivi-des-depenses-excel-1.png\" sizes=\"\" srcset=\"\" alt=\"gastos mensuales diarios en la plantilla de seguimiento de gastos de Excel\"><\/figure>\n<\/div>\n<p> Le mostrar\u00e1 su gasto diario en sus gastos. Esto le ayudar\u00e1 a realizar un seguimiento de la frecuencia con la que gasta en un mes.<\/p>\n<h2 id=\"tab-con-7\" class=\"wp-block-heading\"> C\u00f3mo usarlo<\/h2>\n<p> S\u00edganme para aprender c\u00f3mo utilizar esta plantilla para realizar un seguimiento de sus gastos:<\/p>\n<h3 id=\"tab-con-8\" class=\"wp-block-heading\"> 1. Ingrese los gastos<\/h3>\n<p> Es muy f\u00e1cil ingresar un gasto. Aqu\u00ed est\u00e1n los pasos.<\/p>\n<ul>\n<li> Desde la hoja de su modelo principal, haga clic en el bot\u00f3n \u00abDatos\u00bb. <\/li>\n<\/ul>\n<div class=\"wp-block-image\">\n<figure class=\"aligncenter\"><img decoding=\"async\" src=\"https:\/\/exceladvisor.org\/wp-content\/uploads\/2023\/08\/bouton-de-saisie-de-donnees-dans-le-modele-de-suivi-des-depenses-Excel-1.png\" sizes=\"\" srcset=\"\" alt=\"bot\u00f3n de entrada de datos en la plantilla de seguimiento de gastos de Excel\"><\/figure>\n<\/div>\n<ul>\n<li> Le dirigir\u00e1 a la hoja de entrada de datos. <\/li>\n<\/ul>\n<div class=\"wp-block-image\">\n<figure class=\"aligncenter\"><img decoding=\"async\" src=\"https:\/\/exceladvisor.org\/wp-content\/uploads\/2023\/08\/feuille-de-saisie-de-donnees-dans-excel-feuille-de-suivi-des-depenses-1.png\" sizes=\"\" srcset=\"\" alt=\"hoja de ingreso de datos en hoja de seguimiento de gastos de excel\"><\/figure>\n<\/div>\n<ul>\n<li> Ahora ingrese lo siguiente en la hoja de datos.\n<ol>\n<li> ID Exp. [Entrada manual]<\/li>\n<li> Datos de gastos [Entrada manual]<\/li>\n<li> Categor\u00eda de gastos [lista desplegable]<\/li>\n<li> Descripci\u00f3n del gasto [Entrada manual]<\/li>\n<li> M\u00e9todo de pago [lista desplegable]<\/li>\n<li> Tipo de gasto [Lista desplegable]<\/li>\n<li> Importe [entrada manual]<\/li>\n<\/ol>\n<\/li>\n<li> Una vez que haya ingresado sus datos de gastos, haga clic en el bot\u00f3n \u201cPlantilla\u201d para regresar a su plantilla principal. <\/li>\n<\/ul>\n<div class=\"wp-block-image\">\n<figure class=\"aligncenter\"><img decoding=\"async\" src=\"https:\/\/exceladvisor.org\/wp-content\/uploads\/2023\/08\/bouton-de-retour-au-modele-principal-dans-le-modele-de-suivi-des-depenses-Excel-1.png\" sizes=\"\" srcset=\"\" alt=\"Volver al bot\u00f3n de plantilla principal en la plantilla de seguimiento de gastos de Excel\"><\/figure>\n<\/div>\n<p> Este modelo es s\u00faper f\u00e1cil de administrar. Cuando ingresa un gasto, su plantilla se actualiza autom\u00e1ticamente.<\/p>\n<h3 id=\"tab-con-9\" class=\"wp-block-heading\"> 2. Cambiar meses y a\u00f1os<\/h3>\n<p> Supongamos que desea verificar la informaci\u00f3n de cualquier mes anterior, puede usar la lista desplegable en la secci\u00f3n principal de la plantilla para seleccionar meses y a\u00f1os anteriores.<\/p>\n<p> <strong>Lista desplegable de meses<\/strong> <\/p>\n<div class=\"wp-block-image\">\n<figure class=\"aligncenter\"><img decoding=\"async\" src=\"https:\/\/exceladvisor.org\/wp-content\/uploads\/2023\/08\/selectionner-le-mois-dans-le-modele-de-suivi-des-depenses-Excel-1.png\" sizes=\"\" srcset=\"\" alt=\"seleccione el mes en la plantilla de seguimiento de gastos de Excel\"><\/figure>\n<\/div>\n<p> <strong>Lista desplegable de a\u00f1o<\/strong> <\/p>\n<div class=\"wp-block-image\">\n<figure class=\"aligncenter\"><img decoding=\"async\" src=\"https:\/\/exceladvisor.org\/wp-content\/uploads\/2023\/08\/selectionnez-lannee-dans-le-modele-de-suivi-des-depenses-Excel-1.png\" sizes=\"\" srcset=\"\" alt=\"seleccione el a\u00f1o en la plantilla de seguimiento de gastos de Excel\"><\/figure>\n<\/div>\n<h3 id=\"tab-con-10\" class=\"wp-block-heading\"> 3. Agrega una meta mensual<\/h3>\n<p> Si tiene una meta mensual para sus gastos, puede ingresar esa meta en su hoja. Utilice el cuadro a continuaci\u00f3n para agregar su objetivo mensual. <\/p>\n<div class=\"wp-block-image\">\n<figure class=\"aligncenter\"><img decoding=\"async\" src=\"https:\/\/exceladvisor.org\/wp-content\/uploads\/2023\/08\/tableau-pour-entrer-le-budget-mensuel-dans-le-modele-de-suivi-des-depenses-Excel-1.png\" sizes=\"\" srcset=\"\" alt=\"tabla para ingresar el presupuesto mensual en la plantilla de seguimiento de gastos de Excel\"><\/figure>\n<\/div>\n<h3 id=\"tab-con-11\" class=\"wp-block-heading\"> 4. Agregue una nueva categor\u00eda de gastos<\/h3>\n<p> He utilizado algunas categor\u00edas de gastos comunes en esta plantilla de gastos. Y si desea agregar una nueva categor\u00eda, actual\u00edcela en la tabla de categor\u00edas. <\/p>\n<div class=\"wp-block-image\">\n<figure class=\"aligncenter\"><img decoding=\"async\" src=\"https:\/\/exceladvisor.org\/wp-content\/uploads\/2023\/08\/ajouter-une-nouvelle-categorie-de-depenses-dans-le-modele-de-suivi-des-depenses-Excel-1.png\" sizes=\"\" srcset=\"\" alt=\"agregue una nueva categor\u00eda de gastos en la plantilla de seguimiento de gastos de Excel\"><\/figure>\n<\/div>\n<p> Una vez que agregue su nueva categor\u00eda a la tabla, se actualizar\u00e1 autom\u00e1ticamente en la lista desplegable en la hoja de entrada de datos y en la tabla de categor\u00edas.<\/p>\n<h3 id=\"tab-con-12\" class=\"wp-block-heading\"> 5. Agrega un nuevo m\u00e9todo de pago<\/h3>\n<p> Al igual que las categor\u00edas de gastos, puedes actualizar un nuevo m\u00e9todo de pago en la siguiente tabla. <\/p>\n<div class=\"wp-block-image\">\n<figure class=\"aligncenter\"><img decoding=\"async\" src=\"https:\/\/exceladvisor.org\/wp-content\/uploads\/2023\/08\/paiement-en-mode-dans-le-modele-de-suivi-des-depenses-excel-1.png\" sizes=\"\" srcset=\"\" alt=\"modo de pago en la plantilla de seguimiento de gastos de Excel\"><\/figure>\n<\/div>\n<p> Una vez que agregue su nuevo pago a la tabla, se actualizar\u00e1 autom\u00e1ticamente en la lista desplegable de la hoja de entrada de datos. Utilice el bot\u00f3n \u00abConfiguraci\u00f3n\u00bb en su plantilla principal para acceder a las tablas mencionadas anteriormente. <\/p>\n<div class=\"gb-container gb-container-52dfcee1 gb-container-sample-file\">\n<h2 class=\"gb-headline gb-headline-e289c143 gb-headline-text gb-headline-4f7959c2\"> Obtener el archivo Excel<\/h2>\n<p> <a class=\"gb-button gb-button-e88d6bee gb-button-text gb-button-button1\" href=\"https:\/\/exceladvisor.org\/wp-content\/uploads\/2023\/11\/modele-de-suivi-des-depenses-excel-version-2023-24.xlsx\" rel=\"nofollow\">Descargar<\/a><\/div>\n<h2 class=\"wp-block-heading\"> Ultimas palabras<\/h2>\n<p> Este <span style=\"color: #000000;\">rastreador de gastos de una p\u00e1gina<\/span> es una herramienta \u00fatil si desea realizar un seguimiento de sus gastos. Esto no s\u00f3lo le ayudar\u00e1 a realizar un seguimiento sino que tambi\u00e9n le brindar\u00e1 informaci\u00f3n \u00fatil. Y lo mejor es que podr\u00e1s consultar todo lo que gastaste en los \u00faltimos meses y tu gasto diario.<\/p>\n<p> Espero que esta plantilla te ayude a mejorar tus finanzas, pero ahora dime una cosa. <strong>\u00bfTenemos algo m\u00e1s que podamos incluir en este modelo para mejorarlo?<\/strong><\/p>\n<p> Aseg\u00farese de compartir sus pensamientos conmigo en la secci\u00f3n de comentarios, me encantar\u00eda saber de usted. Y no olvides compartir este patr\u00f3n con tus amigos, estoy segura de que les gustar\u00e1.<\/p>\n","protected":false},"excerpt":{"rendered":"<p>El seguimiento de sus gastos es una de las cosas m\u00e1s importantes para tener \u00e9xito. Pero a veces es muy dif\u00edcil seguirles la pista a todos. Cada vez que gastamos nuestro dinero en alguna parte, lo olvidamos al cabo de unos d\u00edas. Y luego, al final del mes, nos quedamos completamente vac\u00edos de gastos. As\u00ed [&hellip;]<\/p>\n","protected":false},"author":1,"featured_media":0,"parent":0,"menu_order":0,"comment_status":"open","ping_status":"closed","template":"","meta":{"ub_ctt_via":"","footnotes":""},"class_list":["post-266","page","type-page","status-publish","hentry"],"featured_image_src":null,"yoast_head":"<!-- This site is optimized with the Yoast SEO plugin v25.4 - https:\/\/yoast.com\/wordpress\/plugins\/seo\/ -->\n<title>Plantilla de excel para seguimiento de gastos mensuales<\/title>\n<meta name=\"robots\" content=\"index, follow, max-snippet:-1, max-image-preview:large, max-video-preview:-1\" \/>\n<link rel=\"canonical\" href=\"https:\/\/exceladvisor.org\/es\/seguimiento-de-gastos\/\" \/>\n<meta property=\"og:locale\" content=\"es_ES\" \/>\n<meta property=\"og:type\" content=\"article\" \/>\n<meta property=\"og:title\" content=\"Plantilla de excel para seguimiento de gastos mensuales\" \/>\n<meta property=\"og:description\" content=\"El seguimiento de sus gastos es una de las cosas m\u00e1s importantes para tener \u00e9xito. Pero a veces es muy dif\u00edcil seguirles la pista a todos. Cada vez que gastamos nuestro dinero en alguna parte, lo olvidamos al cabo de unos d\u00edas. Y luego, al final del mes, nos quedamos completamente vac\u00edos de gastos. As\u00ed [&hellip;]\" \/>\n<meta property=\"og:url\" content=\"https:\/\/exceladvisor.org\/es\/seguimiento-de-gastos\/\" \/>\n<meta property=\"og:site_name\" content=\"Excel Advisor\" \/>\n<meta property=\"article:modified_time\" content=\"2023-12-25T10:33:40+00:00\" \/>\n<meta property=\"og:image\" content=\"https:\/\/exceladvisor.org\/wp-content\/uploads\/2023\/08\/tableau-de-bord-principal-pour-le-modele-de-suivi-des-depenses-excel-1.png\" \/>\n<meta name=\"twitter:card\" content=\"summary_large_image\" \/>\n<meta name=\"twitter:label1\" content=\"Tiempo de lectura\" \/>\n\t<meta name=\"twitter:data1\" content=\"5 minutos\" \/>\n<script type=\"application\/ld+json\" class=\"yoast-schema-graph\">{\"@context\":\"https:\/\/schema.org\",\"@graph\":[{\"@type\":\"WebPage\",\"@id\":\"https:\/\/exceladvisor.org\/es\/seguimiento-de-gastos\/\",\"url\":\"https:\/\/exceladvisor.org\/es\/seguimiento-de-gastos\/\",\"name\":\"Plantilla de excel para seguimiento de gastos mensuales\",\"isPartOf\":{\"@id\":\"https:\/\/exceladvisor.org\/es\/#website\"},\"primaryImageOfPage\":{\"@id\":\"https:\/\/exceladvisor.org\/es\/seguimiento-de-gastos\/#primaryimage\"},\"image\":{\"@id\":\"https:\/\/exceladvisor.org\/es\/seguimiento-de-gastos\/#primaryimage\"},\"thumbnailUrl\":\"https:\/\/exceladvisor.org\/wp-content\/uploads\/2023\/08\/tableau-de-bord-principal-pour-le-modele-de-suivi-des-depenses-excel-1.png\",\"datePublished\":\"2023-11-08T13:03:25+00:00\",\"dateModified\":\"2023-12-25T10:33:40+00:00\",\"breadcrumb\":{\"@id\":\"https:\/\/exceladvisor.org\/es\/seguimiento-de-gastos\/#breadcrumb\"},\"inLanguage\":\"es\",\"potentialAction\":[{\"@type\":\"ReadAction\",\"target\":[\"https:\/\/exceladvisor.org\/es\/seguimiento-de-gastos\/\"]}]},{\"@type\":\"ImageObject\",\"inLanguage\":\"es\",\"@id\":\"https:\/\/exceladvisor.org\/es\/seguimiento-de-gastos\/#primaryimage\",\"url\":\"https:\/\/exceladvisor.org\/wp-content\/uploads\/2023\/08\/tableau-de-bord-principal-pour-le-modele-de-suivi-des-depenses-excel-1.png\",\"contentUrl\":\"https:\/\/exceladvisor.org\/wp-content\/uploads\/2023\/08\/tableau-de-bord-principal-pour-le-modele-de-suivi-des-depenses-excel-1.png\"},{\"@type\":\"BreadcrumbList\",\"@id\":\"https:\/\/exceladvisor.org\/es\/seguimiento-de-gastos\/#breadcrumb\",\"itemListElement\":[{\"@type\":\"ListItem\",\"position\":1,\"name\":\"Hogar\",\"item\":\"https:\/\/exceladvisor.org\/es\/\"},{\"@type\":\"ListItem\",\"position\":2,\"name\":\"Plantilla de excel para seguimiento de gastos mensuales\"}]},{\"@type\":\"WebSite\",\"@id\":\"https:\/\/exceladvisor.org\/es\/#website\",\"url\":\"https:\/\/exceladvisor.org\/es\/\",\"name\":\"Excel Advisor\",\"description\":\"Su gu\u00eda para la dominaci\u00f3n de datos!\",\"publisher\":{\"@id\":\"https:\/\/exceladvisor.org\/es\/#organization\"},\"potentialAction\":[{\"@type\":\"SearchAction\",\"target\":{\"@type\":\"EntryPoint\",\"urlTemplate\":\"https:\/\/exceladvisor.org\/es\/?s={search_term_string}\"},\"query-input\":{\"@type\":\"PropertyValueSpecification\",\"valueRequired\":true,\"valueName\":\"search_term_string\"}}],\"inLanguage\":\"es\"},{\"@type\":\"Organization\",\"@id\":\"https:\/\/exceladvisor.org\/es\/#organization\",\"name\":\"Excel Advisor\",\"url\":\"https:\/\/exceladvisor.org\/es\/\",\"logo\":{\"@type\":\"ImageObject\",\"inLanguage\":\"es\",\"@id\":\"https:\/\/exceladvisor.org\/es\/#\/schema\/logo\/image\/\",\"url\":\"https:\/\/exceladvisor.org\/es\/wp-content\/uploads\/2023\/12\/exceladvisor.org_.png\",\"contentUrl\":\"https:\/\/exceladvisor.org\/es\/wp-content\/uploads\/2023\/12\/exceladvisor.org_.png\",\"width\":105,\"height\":36,\"caption\":\"Excel Advisor\"},\"image\":{\"@id\":\"https:\/\/exceladvisor.org\/es\/#\/schema\/logo\/image\/\"}}]}<\/script>\n<!-- \/ Yoast SEO plugin. -->","yoast_head_json":{"title":"Plantilla de excel para seguimiento de gastos mensuales","robots":{"index":"index","follow":"follow","max-snippet":"max-snippet:-1","max-image-preview":"max-image-preview:large","max-video-preview":"max-video-preview:-1"},"canonical":"https:\/\/exceladvisor.org\/es\/seguimiento-de-gastos\/","og_locale":"es_ES","og_type":"article","og_title":"Plantilla de excel para seguimiento de gastos mensuales","og_description":"El seguimiento de sus gastos es una de las cosas m\u00e1s importantes para tener \u00e9xito. Pero a veces es muy dif\u00edcil seguirles la pista a todos. Cada vez que gastamos nuestro dinero en alguna parte, lo olvidamos al cabo de unos d\u00edas. Y luego, al final del mes, nos quedamos completamente vac\u00edos de gastos. As\u00ed [&hellip;]","og_url":"https:\/\/exceladvisor.org\/es\/seguimiento-de-gastos\/","og_site_name":"Excel Advisor","article_modified_time":"2023-12-25T10:33:40+00:00","og_image":[{"url":"https:\/\/exceladvisor.org\/wp-content\/uploads\/2023\/08\/tableau-de-bord-principal-pour-le-modele-de-suivi-des-depenses-excel-1.png","type":"","width":"","height":""}],"twitter_card":"summary_large_image","twitter_misc":{"Tiempo de lectura":"5 minutos"},"schema":{"@context":"https:\/\/schema.org","@graph":[{"@type":"WebPage","@id":"https:\/\/exceladvisor.org\/es\/seguimiento-de-gastos\/","url":"https:\/\/exceladvisor.org\/es\/seguimiento-de-gastos\/","name":"Plantilla de excel para seguimiento de gastos mensuales","isPartOf":{"@id":"https:\/\/exceladvisor.org\/es\/#website"},"primaryImageOfPage":{"@id":"https:\/\/exceladvisor.org\/es\/seguimiento-de-gastos\/#primaryimage"},"image":{"@id":"https:\/\/exceladvisor.org\/es\/seguimiento-de-gastos\/#primaryimage"},"thumbnailUrl":"https:\/\/exceladvisor.org\/wp-content\/uploads\/2023\/08\/tableau-de-bord-principal-pour-le-modele-de-suivi-des-depenses-excel-1.png","datePublished":"2023-11-08T13:03:25+00:00","dateModified":"2023-12-25T10:33:40+00:00","breadcrumb":{"@id":"https:\/\/exceladvisor.org\/es\/seguimiento-de-gastos\/#breadcrumb"},"inLanguage":"es","potentialAction":[{"@type":"ReadAction","target":["https:\/\/exceladvisor.org\/es\/seguimiento-de-gastos\/"]}]},{"@type":"ImageObject","inLanguage":"es","@id":"https:\/\/exceladvisor.org\/es\/seguimiento-de-gastos\/#primaryimage","url":"https:\/\/exceladvisor.org\/wp-content\/uploads\/2023\/08\/tableau-de-bord-principal-pour-le-modele-de-suivi-des-depenses-excel-1.png","contentUrl":"https:\/\/exceladvisor.org\/wp-content\/uploads\/2023\/08\/tableau-de-bord-principal-pour-le-modele-de-suivi-des-depenses-excel-1.png"},{"@type":"BreadcrumbList","@id":"https:\/\/exceladvisor.org\/es\/seguimiento-de-gastos\/#breadcrumb","itemListElement":[{"@type":"ListItem","position":1,"name":"Hogar","item":"https:\/\/exceladvisor.org\/es\/"},{"@type":"ListItem","position":2,"name":"Plantilla de excel para seguimiento de gastos mensuales"}]},{"@type":"WebSite","@id":"https:\/\/exceladvisor.org\/es\/#website","url":"https:\/\/exceladvisor.org\/es\/","name":"Excel Advisor","description":"Su gu\u00eda para la dominaci\u00f3n de datos!","publisher":{"@id":"https:\/\/exceladvisor.org\/es\/#organization"},"potentialAction":[{"@type":"SearchAction","target":{"@type":"EntryPoint","urlTemplate":"https:\/\/exceladvisor.org\/es\/?s={search_term_string}"},"query-input":{"@type":"PropertyValueSpecification","valueRequired":true,"valueName":"search_term_string"}}],"inLanguage":"es"},{"@type":"Organization","@id":"https:\/\/exceladvisor.org\/es\/#organization","name":"Excel Advisor","url":"https:\/\/exceladvisor.org\/es\/","logo":{"@type":"ImageObject","inLanguage":"es","@id":"https:\/\/exceladvisor.org\/es\/#\/schema\/logo\/image\/","url":"https:\/\/exceladvisor.org\/es\/wp-content\/uploads\/2023\/12\/exceladvisor.org_.png","contentUrl":"https:\/\/exceladvisor.org\/es\/wp-content\/uploads\/2023\/12\/exceladvisor.org_.png","width":105,"height":36,"caption":"Excel Advisor"},"image":{"@id":"https:\/\/exceladvisor.org\/es\/#\/schema\/logo\/image\/"}}]}},"yoast_meta":{"yoast_wpseo_title":"","yoast_wpseo_metadesc":"","yoast_wpseo_canonical":""},"_links":{"self":[{"href":"https:\/\/exceladvisor.org\/es\/wp-json\/wp\/v2\/pages\/266","targetHints":{"allow":["GET"]}}],"collection":[{"href":"https:\/\/exceladvisor.org\/es\/wp-json\/wp\/v2\/pages"}],"about":[{"href":"https:\/\/exceladvisor.org\/es\/wp-json\/wp\/v2\/types\/page"}],"author":[{"embeddable":true,"href":"https:\/\/exceladvisor.org\/es\/wp-json\/wp\/v2\/users\/1"}],"replies":[{"embeddable":true,"href":"https:\/\/exceladvisor.org\/es\/wp-json\/wp\/v2\/comments?post=266"}],"version-history":[{"count":1,"href":"https:\/\/exceladvisor.org\/es\/wp-json\/wp\/v2\/pages\/266\/revisions"}],"predecessor-version":[{"id":1489,"href":"https:\/\/exceladvisor.org\/es\/wp-json\/wp\/v2\/pages\/266\/revisions\/1489"}],"wp:attachment":[{"href":"https:\/\/exceladvisor.org\/es\/wp-json\/wp\/v2\/media?parent=266"}],"curies":[{"name":"wp","href":"https:\/\/api.w.org\/{rel}","templated":true}]}}