{"id":267,"date":"2023-11-08T12:16:26","date_gmt":"2023-11-08T12:16:26","guid":{"rendered":"https:\/\/exceladvisor.org\/es\/lista-dinamica\/"},"modified":"2023-12-25T10:25:27","modified_gmt":"2023-12-25T10:25:27","slug":"lista-dinamica","status":"publish","type":"page","link":"https:\/\/exceladvisor.org\/es\/lista-dinamica\/","title":{"rendered":"\u00bfc\u00f3mo crear una lista desplegable din\u00e1mica en excel?"},"content":{"rendered":"<div class=\"excel-antes-del-contenido\" id=\"excel-462359558\"><script type=\"text\/javascript\">\r\n\tatOptions = {\r\n\t\t'key' : 'c1158f160081d6540a8409e6925dab94',\r\n\t\t'format' : 'iframe',\r\n\t\t'height' : 250,\r\n\t\t'width' : 300,\r\n\t\t'params' : {}\r\n\t};\r\n<\/script>\r\n<script type=\"text\/javascript\" src=\"\/\/www.highperformanceformat.com\/c1158f160081d6540a8409e6925dab94\/invoke.js\"><\/script><\/div><p>Una lista es una herramienta poderosa. Puede ayudarle a que la entrada de datos sea sencilla y r\u00e1pida. Puede utilizar una lista desplegable con sus paneles, gr\u00e1ficos o incluso con datos normales.<\/p>\n<p> Si bien usarlo siempre me volvi\u00f3 loco, debes actualizar su fuente de datos cada vez que agregas una nueva entrada. Cuantos m\u00e1s datos agregue, m\u00e1s frecuentemente necesitar\u00e1 actualizarlos.<\/p>\n<p> La mejor soluci\u00f3n para esto es utilizar una lista <span style=\"background-color: #ffff00;\"><strong><span style=\"color: #000000;\">din\u00e1mica<\/span><\/strong><\/span> en la que no sea necesario actualizar la fuente de datos una y otra vez. Pero primero, d\u00e9jame mostrarte un ejemplo que explica por qu\u00e9 tu men\u00fa desplegable deber\u00eda ser din\u00e1mico. En el siguiente ejemplo tenemos dos men\u00fas desplegables diferentes donde hemos utilizado la misma fuente de datos. <\/p>\n<div class=\"wp-block-image\">\n<figure class=\"aligncenter\"><img decoding=\"async\" src=\"https:\/\/exceladvisor.org\/wp-content\/uploads\/2023\/08\/Difference-entre-la-liste-deroulante-dynamique-dans-Excel-et-la-liste-deroulante-normale-1.gif\" sizes=\"\" srcset=\"\" alt=\"Diferencia entre lista desplegable din\u00e1mica en Excel y lista desplegable normal\"><\/figure>\n<\/div>\n<p> Cuando agrega una nueva entrada en la lista de fuentes, esa entrada se actualiza autom\u00e1ticamente en la segunda lista desplegable.<\/p>\n<p> Sin embargo, no hay ning\u00fan cambio en la lista desplegable normal. Y, si desea actualizar su lista, debe actualizar su rango de fuente de datos.<\/p>\n<p class=\"mynote\"> Si usa Excel 2007 o posterior, puede usar una tabla de Excel y si todav\u00eda usa Excel 2003, puede usar un rango con nombre.<\/p>\n<h2 class=\"wp-block-heading\"> 1. Uso de una tabla de Excel para crear una lista desplegable din\u00e1mica<\/h2>\n<p> El mejor m\u00e9todo para crear una lista desplegable din\u00e1mica es utilizar una tabla de Excel para los datos de origen. <\/p>\n<div class=\"wp-block-image\">\n<figure class=\"aligncenter\"><img decoding=\"async\" src=\"https:\/\/exceladvisor.org\/wp-content\/uploads\/2023\/08\/liste-a-utiliser-pour-creer-une-liste-deroulante-dynamique-dans-Excel-1.png\" sizes=\"\" srcset=\"\" alt=\"lista que se utilizar\u00e1 para crear una lista desplegable din\u00e1mica en Excel.\"><\/figure>\n<\/div>\n<p> Estos son los pasos simples para crear una lista desplegable din\u00e1mica en Excel.<\/p>\n<ul>\n<li> Primero, cambie su rango normal a una matriz.\n<ul>\n<li> Seleccione su lista.<\/li>\n<li> Vaya a \u279c Insertar tabla \u279c Tablas \u279c Tabla.<\/li>\n<li> Haga clic en Aceptar. <\/li>\n<\/ul>\n<\/li>\n<\/ul>\n<div class=\"wp-block-image\">\n<figure class=\"aligncenter\"><img decoding=\"async\" src=\"https:\/\/exceladvisor.org\/wp-content\/uploads\/2023\/08\/appliquer-un-tableau-pour-creer-une-liste-deroulante-dynamique-dans-Excel-1.png\" sizes=\"\" srcset=\"\" alt=\"aplicar una tabla para crear una lista desplegable din\u00e1mica en Excel\"><\/figure>\n<\/div>\n<ul>\n<li> Ahora el siguiente paso es consultar la fuente de datos del rango de la tabla y para ello necesitamos usar la siguiente f\u00f3rmula. <\/li>\n<\/ul>\n<div class=\"wp-block-image\">\n<figure class=\"aligncenter\"><img decoding=\"async\" src=\"https:\/\/exceladvisor.org\/wp-content\/uploads\/2023\/08\/utiliser-la-fonction-indirecte-pour-faire-reference-a-la-plage-de-la-table-pour-creer-une-liste-deroulante-dynamique-1.png\" sizes=\"\" srcset=\"\" alt=\"use la funci\u00f3n indirecta para hacer referencia al rango de la tabla para crear una lista desplegable din\u00e1mica\"><\/figure>\n<\/div>\n<p> =INDIRECTO(\u201cTabla5[Mes]\u201d)<\/p>\n<ul>\n<li> Al final, haga clic en Aceptar.<\/li>\n<\/ul>\n<p> Ahora tiene una lista din\u00e1mica que se actualizar\u00e1 instant\u00e1neamente cuando actualice su lista de fuentes.<\/p>\n<p class=\"myalert\"> Si intenta hacer referencia directamente al rango de la tabla como fuente, se devolver\u00e1 un error como el siguiente. <\/p>\n<div class=\"wp-block-image\">\n<figure class=\"aligncenter\"><img decoding=\"async\" src=\"https:\/\/exceladvisor.org\/wp-content\/uploads\/2023\/08\/erreur-lors-de-la-reference-a-la-plage-du-tableau-pour-creer-une-liste-deroulante-dynamique-1.png\" sizes=\"\" srcset=\"\" alt=\"error al hacer referencia al rango de matriz para crear un men\u00fa desplegable din\u00e1mico\"><\/figure>\n<\/div>\n<h2 class=\"wp-block-heading\"> 2. Rango din\u00e1mico para una lista desplegable con funci\u00f3n OFFSET<\/h2>\n<p> Si todav\u00eda usa Excel 2003 o una versi\u00f3n anterior, puede usar la funci\u00f3n May\u00fas para crear un rango din\u00e1mico y luego puede usar este rango din\u00e1mico para crear una lista desplegable. Estos son los pasos simples para crear una lista desplegable usando el rango din\u00e1mico.<\/p>\n<ul>\n<li> Vaya a F\u00f3rmulas \u279c Nombres definidos \u279c Administrador de nombres \u279c Haga clic en Nuevo.<\/li>\n<li> En el cuadro de entrada del nombre, ingrese un nombre para el rango nombrado (aqu\u00ed uso \u201cmonthList2003\u201d).<\/li>\n<li> Ingrese la siguiente f\u00f3rmula en \u201cSe refiere a\u201d y haga clic en Aceptar. <\/li>\n<\/ul>\n<div class=\"wp-block-image\">\n<figure class=\"aligncenter\"><img decoding=\"async\" src=\"https:\/\/exceladvisor.org\/wp-content\/uploads\/2023\/08\/creer-une-plage-dynamique-pour-creer-une-liste-deroulante-pour-Excel-2003-1.png\" sizes=\"\" srcset=\"\" alt=\"crear rango din\u00e1mico para crear una lista desplegable para Excel 2003\"><\/figure>\n<\/div>\n<ul>\n<li> Ahora tiene un rango din\u00e1mico \u00abmonthList2003\u00bb y puede usar este nombre de rango para crear una lista desplegable din\u00e1mica. <\/li>\n<\/ul>\n<div class=\"wp-block-image\">\n<figure class=\"aligncenter\"><img decoding=\"async\" src=\"https:\/\/exceladvisor.org\/wp-content\/uploads\/2023\/08\/utiliser-la-plage-dynamique-pour-creer-une-liste-deroulante-dynamique-pour-2003-1.png\" sizes=\"\" srcset=\"\" alt=\"use el rango din\u00e1mico para crear un men\u00fa desplegable din\u00e1mico para 2003\"><\/figure>\n<\/div>\n<h3 class=\"wp-block-heading\"> C\u00f3mo funciona esto<\/h3>\n<p> La f\u00f3rmula que usamos para crear un rango din\u00e1mico contar\u00e1 los valores en la lista y expandir\u00e1 el rango de origen en consecuencia. Esto har\u00e1 que su men\u00fa desplegable sea din\u00e1mico.<\/p>\n<p> <a href=\"https:\/\/exceladvisor.org\/wp-content\/uploads\/2023\/11\/liste-deroulante-dynamique-dans-excel.xlsx\" rel=\"nofollow\"><em>archivo de muestra<\/em><\/a><\/p>\n<div class=\"gb-container gb-container-4db6181c gb-container-mt\"> <a class=\"gb-button gb-button-c5897111 gb-button-text gb-button-mt-button\" href=\"https:\/\/exceladvisor.org\/es\/avance-de-excel\/\">Tutoriales avanzados de Excel<\/a><\/p>\n<h2 class=\"gb-headline gb-headline-665e5f6b gb-headline-text gb-headline-mt-heading\"> Tutoriales relacionados <\/h2>\n<div class=\"gb-grid-wrapper gb-grid-wrapper-a20baf7c gb-grid-wrapper-mt-grid\">\n<div class=\"gb-grid-column gb-grid-column-65ddf67e\">\n<div class=\"gb-container gb-container-65ddf67e\">\n<ul>\n<li> <a href=\"https:\/\/exceladvisor.org\/es\/rango-de-fechas-de-validacion-de-datos\/\">Validaci\u00f3n de datos con rango de fechas.<\/a><\/li>\n<li> <a href=\"https:\/\/exceladvisor.org\/es\/lista-desplegable-dependiente\/\">Lista desplegable dependiente en Excel<\/a><\/li>\n<li> <a href=\"https:\/\/exceladvisor.org\/es\/si-no-lista-desplegable\/\">Cree una lista desplegable S\u00ed \u2013 No en Excel<\/a><\/li>\n<li> <a href=\"https:\/\/exceladvisor.org\/es\/eliminar-lista-desplegable\/\">Eliminar lista desplegable (validaci\u00f3n de datos) en Excel<\/a><\/li>\n<\/ul>\n<\/div>\n<\/div>\n<\/div>\n<\/div>\n","protected":false},"excerpt":{"rendered":"<p>Una lista es una herramienta poderosa. Puede ayudarle a que la entrada de datos sea sencilla y r\u00e1pida. Puede utilizar una lista desplegable con sus paneles, gr\u00e1ficos o incluso con datos normales. Si bien usarlo siempre me volvi\u00f3 loco, debes actualizar su fuente de datos cada vez que agregas una nueva entrada. Cuantos m\u00e1s datos [&hellip;]<\/p>\n","protected":false},"author":1,"featured_media":0,"parent":0,"menu_order":0,"comment_status":"open","ping_status":"closed","template":"","meta":{"ub_ctt_via":"","footnotes":""},"class_list":["post-267","page","type-page","status-publish","hentry"],"featured_image_src":null,"yoast_head":"<!-- This site is optimized with the Yoast SEO plugin v25.4 - https:\/\/yoast.com\/wordpress\/plugins\/seo\/ -->\n<title>\u00bfc\u00f3mo crear una lista desplegable din\u00e1mica en excel?<\/title>\n<meta name=\"robots\" content=\"index, follow, max-snippet:-1, max-image-preview:large, max-video-preview:-1\" \/>\n<link rel=\"canonical\" href=\"https:\/\/exceladvisor.org\/es\/lista-dinamica\/\" \/>\n<meta property=\"og:locale\" content=\"es_ES\" \/>\n<meta property=\"og:type\" content=\"article\" \/>\n<meta property=\"og:title\" content=\"\u00bfc\u00f3mo crear una lista desplegable din\u00e1mica en excel?\" \/>\n<meta property=\"og:description\" content=\"Una lista es una herramienta poderosa. Puede ayudarle a que la entrada de datos sea sencilla y r\u00e1pida. Puede utilizar una lista desplegable con sus paneles, gr\u00e1ficos o incluso con datos normales. Si bien usarlo siempre me volvi\u00f3 loco, debes actualizar su fuente de datos cada vez que agregas una nueva entrada. Cuantos m\u00e1s datos [&hellip;]\" \/>\n<meta property=\"og:url\" content=\"https:\/\/exceladvisor.org\/es\/lista-dinamica\/\" \/>\n<meta property=\"og:site_name\" content=\"Excel Advisor\" \/>\n<meta property=\"article:modified_time\" content=\"2023-12-25T10:25:27+00:00\" \/>\n<meta property=\"og:image\" content=\"https:\/\/exceladvisor.org\/wp-content\/uploads\/2023\/08\/Difference-entre-la-liste-deroulante-dynamique-dans-Excel-et-la-liste-deroulante-normale-1.gif\" \/>\n<meta name=\"twitter:card\" content=\"summary_large_image\" \/>\n<meta name=\"twitter:label1\" content=\"Tiempo de lectura\" \/>\n\t<meta name=\"twitter:data1\" content=\"3 minutos\" \/>\n<script type=\"application\/ld+json\" class=\"yoast-schema-graph\">{\"@context\":\"https:\/\/schema.org\",\"@graph\":[{\"@type\":\"WebPage\",\"@id\":\"https:\/\/exceladvisor.org\/es\/lista-dinamica\/\",\"url\":\"https:\/\/exceladvisor.org\/es\/lista-dinamica\/\",\"name\":\"\u00bfc\u00f3mo crear una lista desplegable din\u00e1mica en excel?\",\"isPartOf\":{\"@id\":\"https:\/\/exceladvisor.org\/es\/#website\"},\"primaryImageOfPage\":{\"@id\":\"https:\/\/exceladvisor.org\/es\/lista-dinamica\/#primaryimage\"},\"image\":{\"@id\":\"https:\/\/exceladvisor.org\/es\/lista-dinamica\/#primaryimage\"},\"thumbnailUrl\":\"https:\/\/exceladvisor.org\/wp-content\/uploads\/2023\/08\/Difference-entre-la-liste-deroulante-dynamique-dans-Excel-et-la-liste-deroulante-normale-1.gif\",\"datePublished\":\"2023-11-08T12:16:26+00:00\",\"dateModified\":\"2023-12-25T10:25:27+00:00\",\"breadcrumb\":{\"@id\":\"https:\/\/exceladvisor.org\/es\/lista-dinamica\/#breadcrumb\"},\"inLanguage\":\"es\",\"potentialAction\":[{\"@type\":\"ReadAction\",\"target\":[\"https:\/\/exceladvisor.org\/es\/lista-dinamica\/\"]}]},{\"@type\":\"ImageObject\",\"inLanguage\":\"es\",\"@id\":\"https:\/\/exceladvisor.org\/es\/lista-dinamica\/#primaryimage\",\"url\":\"https:\/\/exceladvisor.org\/wp-content\/uploads\/2023\/08\/Difference-entre-la-liste-deroulante-dynamique-dans-Excel-et-la-liste-deroulante-normale-1.gif\",\"contentUrl\":\"https:\/\/exceladvisor.org\/wp-content\/uploads\/2023\/08\/Difference-entre-la-liste-deroulante-dynamique-dans-Excel-et-la-liste-deroulante-normale-1.gif\"},{\"@type\":\"BreadcrumbList\",\"@id\":\"https:\/\/exceladvisor.org\/es\/lista-dinamica\/#breadcrumb\",\"itemListElement\":[{\"@type\":\"ListItem\",\"position\":1,\"name\":\"Hogar\",\"item\":\"https:\/\/exceladvisor.org\/es\/\"},{\"@type\":\"ListItem\",\"position\":2,\"name\":\"\u00bfc\u00f3mo crear una lista desplegable din\u00e1mica en excel?\"}]},{\"@type\":\"WebSite\",\"@id\":\"https:\/\/exceladvisor.org\/es\/#website\",\"url\":\"https:\/\/exceladvisor.org\/es\/\",\"name\":\"Excel Advisor\",\"description\":\"Su gu\u00eda para la dominaci\u00f3n de datos!\",\"publisher\":{\"@id\":\"https:\/\/exceladvisor.org\/es\/#organization\"},\"potentialAction\":[{\"@type\":\"SearchAction\",\"target\":{\"@type\":\"EntryPoint\",\"urlTemplate\":\"https:\/\/exceladvisor.org\/es\/?s={search_term_string}\"},\"query-input\":{\"@type\":\"PropertyValueSpecification\",\"valueRequired\":true,\"valueName\":\"search_term_string\"}}],\"inLanguage\":\"es\"},{\"@type\":\"Organization\",\"@id\":\"https:\/\/exceladvisor.org\/es\/#organization\",\"name\":\"Excel Advisor\",\"url\":\"https:\/\/exceladvisor.org\/es\/\",\"logo\":{\"@type\":\"ImageObject\",\"inLanguage\":\"es\",\"@id\":\"https:\/\/exceladvisor.org\/es\/#\/schema\/logo\/image\/\",\"url\":\"https:\/\/exceladvisor.org\/es\/wp-content\/uploads\/2023\/12\/exceladvisor.org_.png\",\"contentUrl\":\"https:\/\/exceladvisor.org\/es\/wp-content\/uploads\/2023\/12\/exceladvisor.org_.png\",\"width\":105,\"height\":36,\"caption\":\"Excel Advisor\"},\"image\":{\"@id\":\"https:\/\/exceladvisor.org\/es\/#\/schema\/logo\/image\/\"}}]}<\/script>\n<!-- \/ Yoast SEO plugin. -->","yoast_head_json":{"title":"\u00bfc\u00f3mo crear una lista desplegable din\u00e1mica en excel?","robots":{"index":"index","follow":"follow","max-snippet":"max-snippet:-1","max-image-preview":"max-image-preview:large","max-video-preview":"max-video-preview:-1"},"canonical":"https:\/\/exceladvisor.org\/es\/lista-dinamica\/","og_locale":"es_ES","og_type":"article","og_title":"\u00bfc\u00f3mo crear una lista desplegable din\u00e1mica en excel?","og_description":"Una lista es una herramienta poderosa. Puede ayudarle a que la entrada de datos sea sencilla y r\u00e1pida. Puede utilizar una lista desplegable con sus paneles, gr\u00e1ficos o incluso con datos normales. Si bien usarlo siempre me volvi\u00f3 loco, debes actualizar su fuente de datos cada vez que agregas una nueva entrada. Cuantos m\u00e1s datos [&hellip;]","og_url":"https:\/\/exceladvisor.org\/es\/lista-dinamica\/","og_site_name":"Excel Advisor","article_modified_time":"2023-12-25T10:25:27+00:00","og_image":[{"url":"https:\/\/exceladvisor.org\/wp-content\/uploads\/2023\/08\/Difference-entre-la-liste-deroulante-dynamique-dans-Excel-et-la-liste-deroulante-normale-1.gif","type":"","width":"","height":""}],"twitter_card":"summary_large_image","twitter_misc":{"Tiempo de lectura":"3 minutos"},"schema":{"@context":"https:\/\/schema.org","@graph":[{"@type":"WebPage","@id":"https:\/\/exceladvisor.org\/es\/lista-dinamica\/","url":"https:\/\/exceladvisor.org\/es\/lista-dinamica\/","name":"\u00bfc\u00f3mo crear una lista desplegable din\u00e1mica en excel?","isPartOf":{"@id":"https:\/\/exceladvisor.org\/es\/#website"},"primaryImageOfPage":{"@id":"https:\/\/exceladvisor.org\/es\/lista-dinamica\/#primaryimage"},"image":{"@id":"https:\/\/exceladvisor.org\/es\/lista-dinamica\/#primaryimage"},"thumbnailUrl":"https:\/\/exceladvisor.org\/wp-content\/uploads\/2023\/08\/Difference-entre-la-liste-deroulante-dynamique-dans-Excel-et-la-liste-deroulante-normale-1.gif","datePublished":"2023-11-08T12:16:26+00:00","dateModified":"2023-12-25T10:25:27+00:00","breadcrumb":{"@id":"https:\/\/exceladvisor.org\/es\/lista-dinamica\/#breadcrumb"},"inLanguage":"es","potentialAction":[{"@type":"ReadAction","target":["https:\/\/exceladvisor.org\/es\/lista-dinamica\/"]}]},{"@type":"ImageObject","inLanguage":"es","@id":"https:\/\/exceladvisor.org\/es\/lista-dinamica\/#primaryimage","url":"https:\/\/exceladvisor.org\/wp-content\/uploads\/2023\/08\/Difference-entre-la-liste-deroulante-dynamique-dans-Excel-et-la-liste-deroulante-normale-1.gif","contentUrl":"https:\/\/exceladvisor.org\/wp-content\/uploads\/2023\/08\/Difference-entre-la-liste-deroulante-dynamique-dans-Excel-et-la-liste-deroulante-normale-1.gif"},{"@type":"BreadcrumbList","@id":"https:\/\/exceladvisor.org\/es\/lista-dinamica\/#breadcrumb","itemListElement":[{"@type":"ListItem","position":1,"name":"Hogar","item":"https:\/\/exceladvisor.org\/es\/"},{"@type":"ListItem","position":2,"name":"\u00bfc\u00f3mo crear una lista desplegable din\u00e1mica en excel?"}]},{"@type":"WebSite","@id":"https:\/\/exceladvisor.org\/es\/#website","url":"https:\/\/exceladvisor.org\/es\/","name":"Excel Advisor","description":"Su gu\u00eda para la dominaci\u00f3n de datos!","publisher":{"@id":"https:\/\/exceladvisor.org\/es\/#organization"},"potentialAction":[{"@type":"SearchAction","target":{"@type":"EntryPoint","urlTemplate":"https:\/\/exceladvisor.org\/es\/?s={search_term_string}"},"query-input":{"@type":"PropertyValueSpecification","valueRequired":true,"valueName":"search_term_string"}}],"inLanguage":"es"},{"@type":"Organization","@id":"https:\/\/exceladvisor.org\/es\/#organization","name":"Excel Advisor","url":"https:\/\/exceladvisor.org\/es\/","logo":{"@type":"ImageObject","inLanguage":"es","@id":"https:\/\/exceladvisor.org\/es\/#\/schema\/logo\/image\/","url":"https:\/\/exceladvisor.org\/es\/wp-content\/uploads\/2023\/12\/exceladvisor.org_.png","contentUrl":"https:\/\/exceladvisor.org\/es\/wp-content\/uploads\/2023\/12\/exceladvisor.org_.png","width":105,"height":36,"caption":"Excel Advisor"},"image":{"@id":"https:\/\/exceladvisor.org\/es\/#\/schema\/logo\/image\/"}}]}},"yoast_meta":{"yoast_wpseo_title":"","yoast_wpseo_metadesc":"","yoast_wpseo_canonical":""},"_links":{"self":[{"href":"https:\/\/exceladvisor.org\/es\/wp-json\/wp\/v2\/pages\/267","targetHints":{"allow":["GET"]}}],"collection":[{"href":"https:\/\/exceladvisor.org\/es\/wp-json\/wp\/v2\/pages"}],"about":[{"href":"https:\/\/exceladvisor.org\/es\/wp-json\/wp\/v2\/types\/page"}],"author":[{"embeddable":true,"href":"https:\/\/exceladvisor.org\/es\/wp-json\/wp\/v2\/users\/1"}],"replies":[{"embeddable":true,"href":"https:\/\/exceladvisor.org\/es\/wp-json\/wp\/v2\/comments?post=267"}],"version-history":[{"count":1,"href":"https:\/\/exceladvisor.org\/es\/wp-json\/wp\/v2\/pages\/267\/revisions"}],"predecessor-version":[{"id":1061,"href":"https:\/\/exceladvisor.org\/es\/wp-json\/wp\/v2\/pages\/267\/revisions\/1061"}],"wp:attachment":[{"href":"https:\/\/exceladvisor.org\/es\/wp-json\/wp\/v2\/media?parent=267"}],"curies":[{"name":"wp","href":"https:\/\/api.w.org\/{rel}","templated":true}]}}