{"id":268,"date":"2023-11-08T10:24:09","date_gmt":"2023-11-08T10:24:09","guid":{"rendered":"https:\/\/exceladvisor.org\/es\/lista-desplegable-dependiente\/"},"modified":"2023-12-25T10:25:26","modified_gmt":"2023-12-25T10:25:26","slug":"lista-desplegable-dependiente","status":"publish","type":"page","link":"https:\/\/exceladvisor.org\/es\/lista-desplegable-dependiente\/","title":{"rendered":"\u00bfc\u00f3mo crear una lista desplegable dependiente en excel?"},"content":{"rendered":"<div class=\"excel-antes-del-contenido\" id=\"excel-3529093610\"><script type=\"text\/javascript\">\r\n\tatOptions = {\r\n\t\t'key' : 'c1158f160081d6540a8409e6925dab94',\r\n\t\t'format' : 'iframe',\r\n\t\t'height' : 250,\r\n\t\t'width' : 300,\r\n\t\t'params' : {}\r\n\t};\r\n<\/script>\r\n<script type=\"text\/javascript\" src=\"\/\/www.highperformanceformat.com\/c1158f160081d6540a8409e6925dab94\/invoke.js\"><\/script><\/div><p>El men\u00fa desplegable dependiente implica mostrar valores en un men\u00fa desplegable en funci\u00f3n de la selecci\u00f3n del valor en otro men\u00fa desplegable.<\/p>\n<p> Hoy en este art\u00edculo me gustar\u00eda compartir con ustedes un proceso simple de 7 pasos para crear esta lista desplegable. Pero primero, d\u00e9jame decirte por qu\u00e9 esto es importante. En el siguiente ejemplo tiene dos listas desplegables. El men\u00fa desplegable de tama\u00f1o depende del men\u00fa desplegable del producto. <\/p>\n<div class=\"wp-block-image\">\n<figure class=\"aligncenter\"><img decoding=\"async\" src=\"https:\/\/exceladvisor.org\/wp-content\/uploads\/2023\/08\/liste-deroulante-dependante-a-deux-niveaux-1.gif\" sizes=\"\" srcset=\"\" alt=\"lista desplegable dependiente de dos niveles\"><\/figure>\n<\/div>\n<p> Si selecciona papel blanco en la celda del producto, la lista desplegable de tama\u00f1os mostrar\u00e1 peque\u00f1o y mediano. Pero, si eliges papel gris, su tama\u00f1o ser\u00e1 mediano y grande.<\/p>\n<p> Entonces, aqu\u00ed la idea b\u00e1sica para crear un men\u00fa desplegable dependiente es obtener el tama\u00f1o correcto seg\u00fan el nombre del producto. Empecemos.<\/p>\n<h2 class=\"wp-block-heading\"> Pasos para crear una lista desplegable dependiente en Excel<\/h2>\n<p> Para crear un men\u00fa desplegable dependiente, necesitamos usar <a style=\"outline: none;\" href=\"http:\/\/www.exceltrick.com\/how_to\/named-range-in-excel\/\" target=\"_blank\" rel=\"noopener\">rangos con nombre<\/a> y funciones indirectas.<\/p>\n<ul>\n<li> Primero, debe crear rangos con nombres para las listas desplegables. Para hacer esto, seleccione la lista de productos. Vaya a -&gt; F\u00f3rmulas -&gt; Nombres definidos -&gt; Crear a partir de selecci\u00f3n. <\/li>\n<\/ul>\n<div class=\"wp-block-image\">\n<figure class=\"aligncenter\"><img decoding=\"async\" src=\"https:\/\/exceladvisor.org\/wp-content\/uploads\/2023\/08\/comment-creer-une-liste-deroulante-dependante-dans-Excel-creer-une-plage-nommee-1.png\" sizes=\"\" srcset=\"\" alt=\"c\u00f3mo crear una lista desplegable dependiente en Excel crear un rango con nombre\"><\/figure>\n<\/div>\n<ul>\n<li> Obtendr\u00e1 una ventana emergente. Marca de verificaci\u00f3n \u00abL\u00ednea superior\u00bb<\/li>\n<li><\/li>\n<li> &amp; haga clic en Aceptar. <\/li>\n<\/ul>\n<div class=\"wp-block-image\">\n<figure class=\"aligncenter\"><img decoding=\"async\" src=\"https:\/\/exceladvisor.org\/wp-content\/uploads\/2023\/08\/comment-creer-une-liste-deroulante-dependante-dans-Excel-creer-une-plage-nommee-cliquez-sur-OK-1.png\" sizes=\"\" srcset=\"\" alt=\"c\u00f3mo crear una lista desplegable dependiente en Excel crear un rango con nombre, haga clic en Aceptar\"><\/figure>\n<\/div>\n<ul>\n<li> Siguiendo los mismos pasos, cree dos rangos con nombre m\u00e1s para los tama\u00f1os. Uno es para papel blanco y el segundo es para papel gris. <\/li>\n<\/ul>\n<div class=\"wp-block-image\">\n<figure class=\"aligncenter\"><img decoding=\"async\" src=\"https:\/\/exceladvisor.org\/wp-content\/uploads\/2023\/08\/comment-creer-une-liste-deroulante-dependante-dans-Excel-trois-plages-nommees-1.png\" sizes=\"\" srcset=\"\" alt=\"c\u00f3mo crear una lista desplegable dependiente en Excel tres rangos con nombre\"><\/figure>\n<\/div>\n<p> Consejo: Al utilizar este m\u00e9todo para crear un rango con nombre, el valor de la primera celda se considerar\u00e1 el nombre y el resto de los valores como el rango. Tambi\u00e9n puede utilizar un rango con nombre din\u00e1mico para esto.<\/p>\n<ul>\n<li> Ahora seleccione la celda donde desea agregar el men\u00fa desplegable del producto y navegue hasta -&gt; Datos -&gt; Herramientas de datos -&gt; Validaci\u00f3n de datos. <\/li>\n<\/ul>\n<div class=\"wp-block-image\">\n<figure class=\"aligncenter\"><img decoding=\"async\" src=\"https:\/\/exceladvisor.org\/wp-content\/uploads\/2023\/08\/comment-creer-une-liste-deroulante-dependante-dans-Excel-creer-une-liste-deroulante-pour-les-produits-1.png\" sizes=\"\" srcset=\"\" alt=\"c\u00f3mo crear una lista desplegable dependiente en Excel crear una lista desplegable para productos\"><\/figure>\n<\/div>\n<ul>\n<li> En la ventana de Validaci\u00f3n de datos, seleccione \u00abLista\u00bb y en \u00abFuente\u00bb, ingrese la f\u00f3rmula a continuaci\u00f3n y luego haga clic en Aceptar. <\/li>\n<\/ul>\n<div class=\"wp-block-image\">\n<figure class=\"aligncenter\"><img decoding=\"async\" src=\"https:\/\/exceladvisor.org\/wp-content\/uploads\/2023\/08\/comment-creer-une-liste-deroulante-dependante-dans-la-fenetre-deroulante-Excel-1.png\" sizes=\"\" srcset=\"\" alt=\"c\u00f3mo crear una lista desplegable dependiente en la ventana desplegable de Excel\"><\/figure>\n<\/div>\n<p> =Indirecto(\u201cProducto\u201d)<\/p>\n<ul>\n<li> Seleccione la celda donde desea agregar una lista desplegable de tama\u00f1o. Vaya a -&gt; Datos -&gt; Herramientas de datos -&gt; Validaci\u00f3n de datos.<\/li>\n<li> En la ventana de validaci\u00f3n de datos, seleccione \u00abLista\u00bb y en \u00abFuente\u00bb, ingrese la f\u00f3rmula a continuaci\u00f3n y haga clic en Aceptar. <\/li>\n<\/ul>\n<div class=\"wp-block-image\">\n<figure class=\"aligncenter\"><img decoding=\"async\" src=\"https:\/\/exceladvisor.org\/wp-content\/uploads\/2023\/08\/comment-creer-une-liste-deroulante-dependante-dans-la-fenetre-deroulante-Excel-1.png\" sizes=\"\" srcset=\"\" alt=\"c\u00f3mo crear una lista desplegable dependiente en la ventana desplegable de Excel\"><\/figure>\n<\/div>\n<p> =Indirecto(\u201cA5\u201d)<\/p>\n<p> Finalmente, su men\u00fa desplegable de dependientes est\u00e1 listo. <\/p>\n<div class=\"wp-block-image\">\n<figure class=\"aligncenter\"><img decoding=\"async\" src=\"https:\/\/exceladvisor.org\/wp-content\/uploads\/2023\/08\/liste-deroulante-dependante-a-deux-niveaux-1.gif\" sizes=\"\" srcset=\"\" alt=\"lista desplegable dependiente de dos niveles\"><\/figure>\n<\/div>\n<h3 class=\"wp-block-heading\"> C\u00f3mo funciona<\/h3>\n<p> Primero, cre\u00f3 tres rangos con nombre. A continuaci\u00f3n, utilizamos un rango con nombre para crear una lista desplegable de productos. Despu\u00e9s de eso, para el segundo men\u00fa desplegable, utiliz\u00f3 la funci\u00f3n indirecta y hizo referencia al valor en la celda del producto.<\/p>\n<p> Si te fijas, nuestros rangos de tallas tienen un nombre igual a los valores que tenemos en el men\u00fa desplegable de productos.<\/p>\n<p> Cuando seleccionamos \u00abWhitePaperSheet\u00bb en la celda del producto y luego en la celda de tama\u00f1o, la funci\u00f3n indirecta se referir\u00e1 al rango llamado \u00abWhitePaperSheet\u00bb y cuando seleccione \u00abGreyPaperSheet\u00bb, se referir\u00e1 al rango llamado \u00abGreyPaperSheet\u00bb.<\/p>\n<h2 class=\"wp-block-heading\"> Lista desplegable dependiente de tres niveles<\/h2>\n<p> En el ejemplo anterior, cre\u00f3 una lista desplegable dependiente de dos niveles. Pero a veces necesitamos crear una lista con dependencias de tres niveles. Para hacer esto, simplemente cree una tercera lista desplegable que depende de la selecci\u00f3n de la segunda lista desplegable.<\/p>\n<p> Digamos que queremos agregar una lista desplegable con tama\u00f1os de \u00abLargo x Ancho\u00bb para las hojas de papel. <\/p>\n<div class=\"wp-block-image\">\n<figure class=\"aligncenter\"><img decoding=\"async\" src=\"https:\/\/exceladvisor.org\/wp-content\/uploads\/2023\/08\/comment-creer-une-liste-deroulante-dependante-dans-Excel-avec-des-donnees-a-trois-niveaux-1.png\" sizes=\"\" srcset=\"\" alt=\"c\u00f3mo crear una lista desplegable dependiente en Excel con datos de tres niveles\"><\/figure>\n<\/div>\n<p> Y, para ello, debe crear una tercera lista desplegable que mostrar\u00e1 \u201cLargo X Ancho\u201d seg\u00fan la selecci\u00f3n de tama\u00f1o.<\/p>\n<p> Aqu\u00ed est\u00e1n los pasos:<\/p>\n<ul>\n<li> Cree tres rangos con nombre m\u00e1s usando el mismo m\u00e9todo que usamos anteriormente. <\/li>\n<\/ul>\n<div class=\"wp-block-image\">\n<figure class=\"aligncenter\"><img decoding=\"async\" src=\"https:\/\/exceladvisor.org\/wp-content\/uploads\/2023\/08\/comment-creer-une-liste-deroulante-dependante-dans-Excel-avec-de-nouvelles-plages-nommees-de-donnees-a-trois-niveaux-1.png\" sizes=\"\" srcset=\"\" alt=\"c\u00f3mo crear una lista desplegable dependiente en Excel con nuevos rangos con nombre de datos de tres niveles\"><\/figure>\n<\/div>\n<ul>\n<li> Seleccione la celda donde desea insertar su tercera lista desplegable.<\/li>\n<li> Abra las opciones desplegables e inserte la siguiente f\u00f3rmula en la fuente. <\/li>\n<\/ul>\n<div class=\"wp-block-image\">\n<figure class=\"aligncenter\"><img decoding=\"async\" src=\"https:\/\/exceladvisor.org\/wp-content\/uploads\/2023\/08\/comment-creer-une-liste-deroulante-dependante-dans-Excel-avec-une-liste-deroulante-a-trois-niveaux-1.png\" sizes=\"\" srcset=\"\" alt=\"c\u00f3mo crear una lista desplegable dependiente en Excel con una lista desplegable de tres niveles\"><\/figure>\n<\/div>\n<p> =Indirecto(\u201cC5\u201d)<\/p>\n<ul>\n<li> Haga clic en Aceptar.<\/li>\n<\/ul>\n<p> Ahora su lista desplegable de tres niveles est\u00e1 lista <\/p>\n<div class=\"wp-block-image\">\n<figure class=\"aligncenter\"><img decoding=\"async\" src=\"https:\/\/exceladvisor.org\/wp-content\/uploads\/2023\/08\/liste-deroulante-dependante-a-trois-niveaux-dans-Excel-pret.gif\" sizes=\"\" srcset=\"\" alt=\"lista desplegable dependiente de tres niveles en Excel lista\"><\/figure>\n<\/div>\n<p> <a href=\"https:\/\/exceladvisor.org\/wp-content\/uploads\/2023\/11\/liste-deroulante-dependante-a-trois-niveaux.xlsx\" target=\"_blank\" rel=\"noreferrer noopener nofollow\"><em>Descargar un archivo de muestra<\/em><\/a><\/p>\n<div class=\"gb-container gb-container-4db6181c gb-container-mt\"> <a class=\"gb-button gb-button-c5897111 gb-button-text gb-button-mt-button\" href=\"https:\/\/exceladvisor.org\/es\/avance-de-excel\/\">Tutoriales avanzados de Excel<\/a><\/p>\n<h2 class=\"gb-headline gb-headline-665e5f6b gb-headline-text gb-headline-mt-heading\"> Tutoriales relacionados <\/h2>\n<div class=\"gb-grid-wrapper gb-grid-wrapper-a20baf7c gb-grid-wrapper-mt-grid\">\n<div class=\"gb-grid-column gb-grid-column-65ddf67e\">\n<div class=\"gb-container gb-container-65ddf67e\">\n<ul>\n<li> <a href=\"https:\/\/exceladvisor.org\/es\/rango-de-fechas-de-validacion-de-datos\/\">Validaci\u00f3n de datos con rango de fechas.<\/a><\/li>\n<li> <a href=\"https:\/\/exceladvisor.org\/es\/lista-dinamica\/\">Lista desplegable din\u00e1mica en Excel<\/a><\/li>\n<li> <a href=\"https:\/\/exceladvisor.org\/es\/si-no-lista-desplegable\/\">Cree una lista desplegable S\u00ed \u2013 No en Excel<\/a><\/li>\n<li> <a href=\"https:\/\/exceladvisor.org\/es\/eliminar-lista-desplegable\/\">Eliminar lista desplegable (validaci\u00f3n de datos) en Excel<\/a> <\/li>\n<\/ul>\n<\/div>\n<\/div>\n<div class=\"gb-grid-column gb-grid-column-50067b57\">\n<div class=\"gb-container gb-container-50067b57\"><\/div>\n<\/div>\n<\/div>\n<\/div>\n","protected":false},"excerpt":{"rendered":"<p>El men\u00fa desplegable dependiente implica mostrar valores en un men\u00fa desplegable en funci\u00f3n de la selecci\u00f3n del valor en otro men\u00fa desplegable. Hoy en este art\u00edculo me gustar\u00eda compartir con ustedes un proceso simple de 7 pasos para crear esta lista desplegable. Pero primero, d\u00e9jame decirte por qu\u00e9 esto es importante. En el siguiente ejemplo [&hellip;]<\/p>\n","protected":false},"author":1,"featured_media":0,"parent":0,"menu_order":0,"comment_status":"open","ping_status":"closed","template":"","meta":{"ub_ctt_via":"","footnotes":""},"class_list":["post-268","page","type-page","status-publish","hentry"],"featured_image_src":null,"yoast_head":"<!-- This site is optimized with the Yoast SEO plugin v25.4 - https:\/\/yoast.com\/wordpress\/plugins\/seo\/ -->\n<title>\u00bfc\u00f3mo crear una lista desplegable dependiente en excel?<\/title>\n<meta name=\"robots\" content=\"index, follow, max-snippet:-1, max-image-preview:large, max-video-preview:-1\" \/>\n<link rel=\"canonical\" href=\"https:\/\/exceladvisor.org\/es\/lista-desplegable-dependiente\/\" \/>\n<meta property=\"og:locale\" content=\"es_ES\" \/>\n<meta property=\"og:type\" content=\"article\" \/>\n<meta property=\"og:title\" content=\"\u00bfc\u00f3mo crear una lista desplegable dependiente en excel?\" \/>\n<meta property=\"og:description\" content=\"El men\u00fa desplegable dependiente implica mostrar valores en un men\u00fa desplegable en funci\u00f3n de la selecci\u00f3n del valor en otro men\u00fa desplegable. Hoy en este art\u00edculo me gustar\u00eda compartir con ustedes un proceso simple de 7 pasos para crear esta lista desplegable. Pero primero, d\u00e9jame decirte por qu\u00e9 esto es importante. En el siguiente ejemplo [&hellip;]\" \/>\n<meta property=\"og:url\" content=\"https:\/\/exceladvisor.org\/es\/lista-desplegable-dependiente\/\" \/>\n<meta property=\"og:site_name\" content=\"Excel Advisor\" \/>\n<meta property=\"article:modified_time\" content=\"2023-12-25T10:25:26+00:00\" \/>\n<meta property=\"og:image\" content=\"https:\/\/exceladvisor.org\/wp-content\/uploads\/2023\/08\/liste-deroulante-dependante-a-deux-niveaux-1.gif\" \/>\n<meta name=\"twitter:card\" content=\"summary_large_image\" \/>\n<meta name=\"twitter:label1\" content=\"Tiempo de lectura\" \/>\n\t<meta name=\"twitter:data1\" content=\"3 minutos\" \/>\n<script type=\"application\/ld+json\" class=\"yoast-schema-graph\">{\"@context\":\"https:\/\/schema.org\",\"@graph\":[{\"@type\":\"WebPage\",\"@id\":\"https:\/\/exceladvisor.org\/es\/lista-desplegable-dependiente\/\",\"url\":\"https:\/\/exceladvisor.org\/es\/lista-desplegable-dependiente\/\",\"name\":\"\u00bfc\u00f3mo crear una lista desplegable dependiente en excel?\",\"isPartOf\":{\"@id\":\"https:\/\/exceladvisor.org\/es\/#website\"},\"primaryImageOfPage\":{\"@id\":\"https:\/\/exceladvisor.org\/es\/lista-desplegable-dependiente\/#primaryimage\"},\"image\":{\"@id\":\"https:\/\/exceladvisor.org\/es\/lista-desplegable-dependiente\/#primaryimage\"},\"thumbnailUrl\":\"https:\/\/exceladvisor.org\/wp-content\/uploads\/2023\/08\/liste-deroulante-dependante-a-deux-niveaux-1.gif\",\"datePublished\":\"2023-11-08T10:24:09+00:00\",\"dateModified\":\"2023-12-25T10:25:26+00:00\",\"breadcrumb\":{\"@id\":\"https:\/\/exceladvisor.org\/es\/lista-desplegable-dependiente\/#breadcrumb\"},\"inLanguage\":\"es\",\"potentialAction\":[{\"@type\":\"ReadAction\",\"target\":[\"https:\/\/exceladvisor.org\/es\/lista-desplegable-dependiente\/\"]}]},{\"@type\":\"ImageObject\",\"inLanguage\":\"es\",\"@id\":\"https:\/\/exceladvisor.org\/es\/lista-desplegable-dependiente\/#primaryimage\",\"url\":\"https:\/\/exceladvisor.org\/wp-content\/uploads\/2023\/08\/liste-deroulante-dependante-a-deux-niveaux-1.gif\",\"contentUrl\":\"https:\/\/exceladvisor.org\/wp-content\/uploads\/2023\/08\/liste-deroulante-dependante-a-deux-niveaux-1.gif\"},{\"@type\":\"BreadcrumbList\",\"@id\":\"https:\/\/exceladvisor.org\/es\/lista-desplegable-dependiente\/#breadcrumb\",\"itemListElement\":[{\"@type\":\"ListItem\",\"position\":1,\"name\":\"Hogar\",\"item\":\"https:\/\/exceladvisor.org\/es\/\"},{\"@type\":\"ListItem\",\"position\":2,\"name\":\"\u00bfc\u00f3mo crear una lista desplegable dependiente en excel?\"}]},{\"@type\":\"WebSite\",\"@id\":\"https:\/\/exceladvisor.org\/es\/#website\",\"url\":\"https:\/\/exceladvisor.org\/es\/\",\"name\":\"Excel Advisor\",\"description\":\"Su gu\u00eda para la dominaci\u00f3n de datos!\",\"publisher\":{\"@id\":\"https:\/\/exceladvisor.org\/es\/#organization\"},\"potentialAction\":[{\"@type\":\"SearchAction\",\"target\":{\"@type\":\"EntryPoint\",\"urlTemplate\":\"https:\/\/exceladvisor.org\/es\/?s={search_term_string}\"},\"query-input\":{\"@type\":\"PropertyValueSpecification\",\"valueRequired\":true,\"valueName\":\"search_term_string\"}}],\"inLanguage\":\"es\"},{\"@type\":\"Organization\",\"@id\":\"https:\/\/exceladvisor.org\/es\/#organization\",\"name\":\"Excel Advisor\",\"url\":\"https:\/\/exceladvisor.org\/es\/\",\"logo\":{\"@type\":\"ImageObject\",\"inLanguage\":\"es\",\"@id\":\"https:\/\/exceladvisor.org\/es\/#\/schema\/logo\/image\/\",\"url\":\"https:\/\/exceladvisor.org\/es\/wp-content\/uploads\/2023\/12\/exceladvisor.org_.png\",\"contentUrl\":\"https:\/\/exceladvisor.org\/es\/wp-content\/uploads\/2023\/12\/exceladvisor.org_.png\",\"width\":105,\"height\":36,\"caption\":\"Excel Advisor\"},\"image\":{\"@id\":\"https:\/\/exceladvisor.org\/es\/#\/schema\/logo\/image\/\"}}]}<\/script>\n<!-- \/ Yoast SEO plugin. -->","yoast_head_json":{"title":"\u00bfc\u00f3mo crear una lista desplegable dependiente en excel?","robots":{"index":"index","follow":"follow","max-snippet":"max-snippet:-1","max-image-preview":"max-image-preview:large","max-video-preview":"max-video-preview:-1"},"canonical":"https:\/\/exceladvisor.org\/es\/lista-desplegable-dependiente\/","og_locale":"es_ES","og_type":"article","og_title":"\u00bfc\u00f3mo crear una lista desplegable dependiente en excel?","og_description":"El men\u00fa desplegable dependiente implica mostrar valores en un men\u00fa desplegable en funci\u00f3n de la selecci\u00f3n del valor en otro men\u00fa desplegable. Hoy en este art\u00edculo me gustar\u00eda compartir con ustedes un proceso simple de 7 pasos para crear esta lista desplegable. Pero primero, d\u00e9jame decirte por qu\u00e9 esto es importante. En el siguiente ejemplo [&hellip;]","og_url":"https:\/\/exceladvisor.org\/es\/lista-desplegable-dependiente\/","og_site_name":"Excel Advisor","article_modified_time":"2023-12-25T10:25:26+00:00","og_image":[{"url":"https:\/\/exceladvisor.org\/wp-content\/uploads\/2023\/08\/liste-deroulante-dependante-a-deux-niveaux-1.gif","type":"","width":"","height":""}],"twitter_card":"summary_large_image","twitter_misc":{"Tiempo de lectura":"3 minutos"},"schema":{"@context":"https:\/\/schema.org","@graph":[{"@type":"WebPage","@id":"https:\/\/exceladvisor.org\/es\/lista-desplegable-dependiente\/","url":"https:\/\/exceladvisor.org\/es\/lista-desplegable-dependiente\/","name":"\u00bfc\u00f3mo crear una lista desplegable dependiente en excel?","isPartOf":{"@id":"https:\/\/exceladvisor.org\/es\/#website"},"primaryImageOfPage":{"@id":"https:\/\/exceladvisor.org\/es\/lista-desplegable-dependiente\/#primaryimage"},"image":{"@id":"https:\/\/exceladvisor.org\/es\/lista-desplegable-dependiente\/#primaryimage"},"thumbnailUrl":"https:\/\/exceladvisor.org\/wp-content\/uploads\/2023\/08\/liste-deroulante-dependante-a-deux-niveaux-1.gif","datePublished":"2023-11-08T10:24:09+00:00","dateModified":"2023-12-25T10:25:26+00:00","breadcrumb":{"@id":"https:\/\/exceladvisor.org\/es\/lista-desplegable-dependiente\/#breadcrumb"},"inLanguage":"es","potentialAction":[{"@type":"ReadAction","target":["https:\/\/exceladvisor.org\/es\/lista-desplegable-dependiente\/"]}]},{"@type":"ImageObject","inLanguage":"es","@id":"https:\/\/exceladvisor.org\/es\/lista-desplegable-dependiente\/#primaryimage","url":"https:\/\/exceladvisor.org\/wp-content\/uploads\/2023\/08\/liste-deroulante-dependante-a-deux-niveaux-1.gif","contentUrl":"https:\/\/exceladvisor.org\/wp-content\/uploads\/2023\/08\/liste-deroulante-dependante-a-deux-niveaux-1.gif"},{"@type":"BreadcrumbList","@id":"https:\/\/exceladvisor.org\/es\/lista-desplegable-dependiente\/#breadcrumb","itemListElement":[{"@type":"ListItem","position":1,"name":"Hogar","item":"https:\/\/exceladvisor.org\/es\/"},{"@type":"ListItem","position":2,"name":"\u00bfc\u00f3mo crear una lista desplegable dependiente en excel?"}]},{"@type":"WebSite","@id":"https:\/\/exceladvisor.org\/es\/#website","url":"https:\/\/exceladvisor.org\/es\/","name":"Excel Advisor","description":"Su gu\u00eda para la dominaci\u00f3n de datos!","publisher":{"@id":"https:\/\/exceladvisor.org\/es\/#organization"},"potentialAction":[{"@type":"SearchAction","target":{"@type":"EntryPoint","urlTemplate":"https:\/\/exceladvisor.org\/es\/?s={search_term_string}"},"query-input":{"@type":"PropertyValueSpecification","valueRequired":true,"valueName":"search_term_string"}}],"inLanguage":"es"},{"@type":"Organization","@id":"https:\/\/exceladvisor.org\/es\/#organization","name":"Excel Advisor","url":"https:\/\/exceladvisor.org\/es\/","logo":{"@type":"ImageObject","inLanguage":"es","@id":"https:\/\/exceladvisor.org\/es\/#\/schema\/logo\/image\/","url":"https:\/\/exceladvisor.org\/es\/wp-content\/uploads\/2023\/12\/exceladvisor.org_.png","contentUrl":"https:\/\/exceladvisor.org\/es\/wp-content\/uploads\/2023\/12\/exceladvisor.org_.png","width":105,"height":36,"caption":"Excel Advisor"},"image":{"@id":"https:\/\/exceladvisor.org\/es\/#\/schema\/logo\/image\/"}}]}},"yoast_meta":{"yoast_wpseo_title":"","yoast_wpseo_metadesc":"","yoast_wpseo_canonical":""},"_links":{"self":[{"href":"https:\/\/exceladvisor.org\/es\/wp-json\/wp\/v2\/pages\/268","targetHints":{"allow":["GET"]}}],"collection":[{"href":"https:\/\/exceladvisor.org\/es\/wp-json\/wp\/v2\/pages"}],"about":[{"href":"https:\/\/exceladvisor.org\/es\/wp-json\/wp\/v2\/types\/page"}],"author":[{"embeddable":true,"href":"https:\/\/exceladvisor.org\/es\/wp-json\/wp\/v2\/users\/1"}],"replies":[{"embeddable":true,"href":"https:\/\/exceladvisor.org\/es\/wp-json\/wp\/v2\/comments?post=268"}],"version-history":[{"count":1,"href":"https:\/\/exceladvisor.org\/es\/wp-json\/wp\/v2\/pages\/268\/revisions"}],"predecessor-version":[{"id":1059,"href":"https:\/\/exceladvisor.org\/es\/wp-json\/wp\/v2\/pages\/268\/revisions\/1059"}],"wp:attachment":[{"href":"https:\/\/exceladvisor.org\/es\/wp-json\/wp\/v2\/media?parent=268"}],"curies":[{"name":"wp","href":"https:\/\/api.w.org\/{rel}","templated":true}]}}