{"id":269,"date":"2023-11-08T04:15:58","date_gmt":"2023-11-08T04:15:58","guid":{"rendered":"https:\/\/exceladvisor.org\/es\/total-acumula-1\/"},"modified":"2023-12-25T10:23:50","modified_gmt":"2023-12-25T10:23:50","slug":"total-acumula-1","status":"publish","type":"page","link":"https:\/\/exceladvisor.org\/es\/total-acumula-1\/","title":{"rendered":"\u00bfc\u00f3mo calcular el total acumulado en excel?"},"content":{"rendered":"<div class=\"excel-antes-del-contenido\" id=\"excel-3537071907\"><script type=\"text\/javascript\">\r\n\tatOptions = {\r\n\t\t'key' : 'c1158f160081d6540a8409e6925dab94',\r\n\t\t'format' : 'iframe',\r\n\t\t'height' : 250,\r\n\t\t'width' : 300,\r\n\t\t'params' : {}\r\n\t};\r\n<\/script>\r\n<script type=\"text\/javascript\" src=\"\/\/www.highperformanceformat.com\/c1158f160081d6540a8409e6925dab94\/invoke.js\"><\/script><\/div><p>En Excel, si desea crear un total acumulado, debe crear una columna dedicada. Tal como lo tenemos en el siguiente ejemplo: <\/p>\n<div class=\"wp-block-image\">\n<figure class=\"aligncenter size-full is-resized\"><img loading=\"lazy\" decoding=\"async\" class=\"wp-image-83690\" src=\"https:\/\/exceladvisor.org\/wp-content\/uploads\/2023\/08\/1-total-cumule.png\" sizes=\"auto, \" srcset=\"\" alt=\"carrera total\" width=\"412\" height=\"383\"><\/figure>\n<\/div>\n<p> Puede ver en la columna C que tenemos un total acumulado para cada mes. Entonces, por ejemplo, el total acumulado de marzo es la suma de los meses de enero, febrero y marzo.<\/p>\n<h2 id=\"h-formula-to-create-a-running-total-in-excel\" class=\"wp-block-heading\"> F\u00f3rmula para crear un total acumulado en Excel<\/h2>\n<ol>\n<li> Primero, cree una nueva columna con la columna de cantidad. <br \/><img loading=\"lazy\" decoding=\"async\" title=\"2-crear-total-actual\" src=\"https:\/\/exceladvisor.org\/wp-content\/uploads\/2023\/08\/2-creer-un-total-cumule.png\" sizes=\"auto, \" srcset=\"\" alt=\"create-running-total\" width=\"452\" height=\"333\"><\/li>\n<li> Despu\u00e9s de eso, ingrese la funci\u00f3n de suma y consulte el rango B2:B2. <br \/><img loading=\"lazy\" decoding=\"async\" title=\"Funci\u00f3n de suma de 3 entradas\" src=\"https:\/\/exceladvisor.org\/wp-content\/uploads\/2023\/08\/3-entrer-la-fonction-somme.png\" sizes=\"auto, \" srcset=\"\" alt=\"enter-sum-function\" width=\"451\" height=\"299\"><\/li>\n<li> Ahora, desde la referencia del rango, bloquee la primera celda usando el signo de d\u00f3lar. <br \/><img loading=\"lazy\" decoding=\"async\" title=\"4-bloquear-la-primera-celda-usando-el-signo-de-d\u00f3lar\" src=\"https:\/\/exceladvisor.org\/wp-content\/uploads\/2023\/08\/4-verrouiller-la-premiere-cellule-en-utilisant-le-signe-dollar.png\" sizes=\"auto, \" srcset=\"\" alt=\"lock-the-first-cell-using-dollar-sign\" width=\"449\" height=\"313\"><\/li>\n<li> Luego arrastre la f\u00f3rmula a la \u00faltima celda de la columna. <br \/><img loading=\"lazy\" decoding=\"async\" title=\"5-arrastrar-la-f\u00f3rmula-hasta-la-\u00faltima-celda\" src=\"https:\/\/exceladvisor.org\/wp-content\/uploads\/2023\/08\/5-faites-glisser-la-formule-jusqua-la-derniere-cellule.png\" sizes=\"auto, \" srcset=\"\" alt=\"drag-formula-to-the-last-cell\" width=\"468\" height=\"473\"><\/li>\n<\/ol>\n<p> Cuando arrastras esta f\u00f3rmula, la celda inicial del rango referenciado permanece B2 y la \u00faltima celda contin\u00faa avanzando con el arrastre. As\u00ed que puedes ver en el total acumulado de mayo que la referencia es para el rango $B$2:B6, pero con diciembre es $B$2:B13. <\/p>\n<div class=\"wp-block-image\">\n<figure class=\"aligncenter size-full is-resized\"><img loading=\"lazy\" decoding=\"async\" class=\"wp-image-83695\" src=\"https:\/\/exceladvisor.org\/wp-content\/uploads\/2023\/08\/6-signe-dollar-verrouille-la-cellule-de-reference-de-depart.png\" sizes=\"auto, \" srcset=\"\" alt=\"El signo de d\u00f3lar bloquea la celda de referencia inicial.\" width=\"570\" height=\"515\"><\/figure>\n<\/div>\n<h2 id=\"h-absolute-cell-running-total\" class=\"wp-block-heading\"> Total acumulado absoluto de c\u00e9lulas<\/h2>\n<p> Usamos un signo de d\u00f3lar para bloquear la primera celda del rango, convirti\u00e9ndola en una referencia de celda absoluta para la celda B2. Y cuando arrastras la f\u00f3rmula, B2 permanece fijo y la celda inferior del rango cambia constantemente. <\/p>\n<div class=\"wp-block-image\">\n<figure class=\"aligncenter size-full is-resized\"><img loading=\"lazy\" decoding=\"async\" class=\"wp-image-83696\" src=\"https:\/\/exceladvisor.org\/wp-content\/uploads\/2023\/08\/Total-cumule-de-7-cellules-absolues.png\" sizes=\"auto, \" srcset=\"\" alt=\"ejecutable-total-absoluto-de-celdas\" width=\"515\" height=\"360\"><\/figure>\n<\/div>\n<div class=\"gb-container gb-container-52dfcee1 gb-container-sample-file\">\n<h2 class=\"gb-headline gb-headline-e289c143 gb-headline-text gb-headline-4f7959c2\"> Obtener el archivo Excel<\/h2>\n<p> <a class=\"gb-button gb-button-e88d6bee gb-button-text gb-button-button1\" href=\"https:\/\/exceladvisor.org\/wp-content\/uploads\/2023\/11\/total-cumule-2.xlsx\" rel=\"nofollow\">Descargar<\/a><\/div>\n<div class=\"gb-container gb-container-0df56012 gb-container-mt\"> <a class=\"gb-button gb-button-f9f432f4 gb-button-text gb-button-mt-button\" href=\"https:\/\/exceladvisor.org\/es\/formulas\/\">Lista de f\u00f3rmulas de Excel<\/a><\/p>\n<h2 class=\"gb-headline gb-headline-233444e8 gb-headline-text gb-headline-mt-heading\"> F\u00f3rmulas relacionadas <\/h2>\n<div class=\"gb-grid-wrapper gb-grid-wrapper-a16fa65c gb-grid-wrapper-mt-grid\">\n<div class=\"gb-grid-column gb-grid-column-50d07e0d\">\n<div class=\"gb-container gb-container-50d07e0d\">\n<ul>\n<li> <a href=\"https:\/\/exceladvisor.org\/es\/agregar-toda-la-columna\/\">Agregue una columna o fila completa en Excel<\/a><\/li>\n<li> <a href=\"https:\/\/exceladvisor.org\/es\/agregar-solo-celdas-visibles\/\">Suma solo celdas visibles en Excel<\/a><\/li>\n<li> <a href=\"https:\/\/exceladvisor.org\/es\/agregar-celdas-aleatorias\/\">Suma de celdas aleatorias en Excel<\/a><\/li>\n<li> <a href=\"https:\/\/exceladvisor.org\/es\/linea-total\/\">Agregar una fila total en Excel<\/a><\/li>\n<li> <a href=\"https:\/\/exceladvisor.org\/es\/suma-automatica-1\/\">Utilice r\u00e1pidamente Autosuma en Excel<\/a> <\/li>\n<\/ul>\n<\/div>\n<\/div>\n<div class=\"gb-grid-column gb-grid-column-5b4a0cf9\">\n<div class=\"gb-container gb-container-5b4a0cf9\"><\/div>\n<\/div>\n<\/div>\n<\/div>\n","protected":false},"excerpt":{"rendered":"<p>En Excel, si desea crear un total acumulado, debe crear una columna dedicada. Tal como lo tenemos en el siguiente ejemplo: Puede ver en la columna C que tenemos un total acumulado para cada mes. Entonces, por ejemplo, el total acumulado de marzo es la suma de los meses de enero, febrero y marzo. F\u00f3rmula [&hellip;]<\/p>\n","protected":false},"author":1,"featured_media":0,"parent":0,"menu_order":0,"comment_status":"open","ping_status":"closed","template":"","meta":{"ub_ctt_via":"","footnotes":""},"class_list":["post-269","page","type-page","status-publish","hentry"],"featured_image_src":null,"yoast_head":"<!-- This site is optimized with the Yoast SEO plugin v25.4 - https:\/\/yoast.com\/wordpress\/plugins\/seo\/ -->\n<title>\u00bfc\u00f3mo calcular el total acumulado en excel?<\/title>\n<meta name=\"robots\" content=\"index, follow, max-snippet:-1, max-image-preview:large, max-video-preview:-1\" \/>\n<link rel=\"canonical\" href=\"https:\/\/exceladvisor.org\/es\/total-acumula-1\/\" \/>\n<meta property=\"og:locale\" content=\"es_ES\" \/>\n<meta property=\"og:type\" content=\"article\" \/>\n<meta property=\"og:title\" content=\"\u00bfc\u00f3mo calcular el total acumulado en excel?\" \/>\n<meta property=\"og:description\" content=\"En Excel, si desea crear un total acumulado, debe crear una columna dedicada. Tal como lo tenemos en el siguiente ejemplo: Puede ver en la columna C que tenemos un total acumulado para cada mes. Entonces, por ejemplo, el total acumulado de marzo es la suma de los meses de enero, febrero y marzo. F\u00f3rmula [&hellip;]\" \/>\n<meta property=\"og:url\" content=\"https:\/\/exceladvisor.org\/es\/total-acumula-1\/\" \/>\n<meta property=\"og:site_name\" content=\"Excel Advisor\" \/>\n<meta property=\"article:modified_time\" content=\"2023-12-25T10:23:50+00:00\" \/>\n<meta property=\"og:image\" content=\"https:\/\/exceladvisor.org\/wp-content\/uploads\/2023\/08\/1-total-cumule.png\" \/>\n<meta name=\"twitter:card\" content=\"summary_large_image\" \/>\n<meta name=\"twitter:label1\" content=\"Tiempo de lectura\" \/>\n\t<meta name=\"twitter:data1\" content=\"1 minuto\" \/>\n<script type=\"application\/ld+json\" class=\"yoast-schema-graph\">{\"@context\":\"https:\/\/schema.org\",\"@graph\":[{\"@type\":\"WebPage\",\"@id\":\"https:\/\/exceladvisor.org\/es\/total-acumula-1\/\",\"url\":\"https:\/\/exceladvisor.org\/es\/total-acumula-1\/\",\"name\":\"\u00bfc\u00f3mo calcular el total acumulado en excel?\",\"isPartOf\":{\"@id\":\"https:\/\/exceladvisor.org\/es\/#website\"},\"primaryImageOfPage\":{\"@id\":\"https:\/\/exceladvisor.org\/es\/total-acumula-1\/#primaryimage\"},\"image\":{\"@id\":\"https:\/\/exceladvisor.org\/es\/total-acumula-1\/#primaryimage\"},\"thumbnailUrl\":\"https:\/\/exceladvisor.org\/wp-content\/uploads\/2023\/08\/1-total-cumule.png\",\"datePublished\":\"2023-11-08T04:15:58+00:00\",\"dateModified\":\"2023-12-25T10:23:50+00:00\",\"breadcrumb\":{\"@id\":\"https:\/\/exceladvisor.org\/es\/total-acumula-1\/#breadcrumb\"},\"inLanguage\":\"es\",\"potentialAction\":[{\"@type\":\"ReadAction\",\"target\":[\"https:\/\/exceladvisor.org\/es\/total-acumula-1\/\"]}]},{\"@type\":\"ImageObject\",\"inLanguage\":\"es\",\"@id\":\"https:\/\/exceladvisor.org\/es\/total-acumula-1\/#primaryimage\",\"url\":\"https:\/\/exceladvisor.org\/wp-content\/uploads\/2023\/08\/1-total-cumule.png\",\"contentUrl\":\"https:\/\/exceladvisor.org\/wp-content\/uploads\/2023\/08\/1-total-cumule.png\"},{\"@type\":\"BreadcrumbList\",\"@id\":\"https:\/\/exceladvisor.org\/es\/total-acumula-1\/#breadcrumb\",\"itemListElement\":[{\"@type\":\"ListItem\",\"position\":1,\"name\":\"Hogar\",\"item\":\"https:\/\/exceladvisor.org\/es\/\"},{\"@type\":\"ListItem\",\"position\":2,\"name\":\"\u00bfc\u00f3mo calcular el total acumulado en excel?\"}]},{\"@type\":\"WebSite\",\"@id\":\"https:\/\/exceladvisor.org\/es\/#website\",\"url\":\"https:\/\/exceladvisor.org\/es\/\",\"name\":\"Excel Advisor\",\"description\":\"Su gu\u00eda para la dominaci\u00f3n de datos!\",\"publisher\":{\"@id\":\"https:\/\/exceladvisor.org\/es\/#organization\"},\"potentialAction\":[{\"@type\":\"SearchAction\",\"target\":{\"@type\":\"EntryPoint\",\"urlTemplate\":\"https:\/\/exceladvisor.org\/es\/?s={search_term_string}\"},\"query-input\":{\"@type\":\"PropertyValueSpecification\",\"valueRequired\":true,\"valueName\":\"search_term_string\"}}],\"inLanguage\":\"es\"},{\"@type\":\"Organization\",\"@id\":\"https:\/\/exceladvisor.org\/es\/#organization\",\"name\":\"Excel Advisor\",\"url\":\"https:\/\/exceladvisor.org\/es\/\",\"logo\":{\"@type\":\"ImageObject\",\"inLanguage\":\"es\",\"@id\":\"https:\/\/exceladvisor.org\/es\/#\/schema\/logo\/image\/\",\"url\":\"https:\/\/exceladvisor.org\/es\/wp-content\/uploads\/2023\/12\/exceladvisor.org_.png\",\"contentUrl\":\"https:\/\/exceladvisor.org\/es\/wp-content\/uploads\/2023\/12\/exceladvisor.org_.png\",\"width\":105,\"height\":36,\"caption\":\"Excel Advisor\"},\"image\":{\"@id\":\"https:\/\/exceladvisor.org\/es\/#\/schema\/logo\/image\/\"}}]}<\/script>\n<!-- \/ Yoast SEO plugin. -->","yoast_head_json":{"title":"\u00bfc\u00f3mo calcular el total acumulado en excel?","robots":{"index":"index","follow":"follow","max-snippet":"max-snippet:-1","max-image-preview":"max-image-preview:large","max-video-preview":"max-video-preview:-1"},"canonical":"https:\/\/exceladvisor.org\/es\/total-acumula-1\/","og_locale":"es_ES","og_type":"article","og_title":"\u00bfc\u00f3mo calcular el total acumulado en excel?","og_description":"En Excel, si desea crear un total acumulado, debe crear una columna dedicada. Tal como lo tenemos en el siguiente ejemplo: Puede ver en la columna C que tenemos un total acumulado para cada mes. Entonces, por ejemplo, el total acumulado de marzo es la suma de los meses de enero, febrero y marzo. F\u00f3rmula [&hellip;]","og_url":"https:\/\/exceladvisor.org\/es\/total-acumula-1\/","og_site_name":"Excel Advisor","article_modified_time":"2023-12-25T10:23:50+00:00","og_image":[{"url":"https:\/\/exceladvisor.org\/wp-content\/uploads\/2023\/08\/1-total-cumule.png","type":"","width":"","height":""}],"twitter_card":"summary_large_image","twitter_misc":{"Tiempo de lectura":"1 minuto"},"schema":{"@context":"https:\/\/schema.org","@graph":[{"@type":"WebPage","@id":"https:\/\/exceladvisor.org\/es\/total-acumula-1\/","url":"https:\/\/exceladvisor.org\/es\/total-acumula-1\/","name":"\u00bfc\u00f3mo calcular el total acumulado en excel?","isPartOf":{"@id":"https:\/\/exceladvisor.org\/es\/#website"},"primaryImageOfPage":{"@id":"https:\/\/exceladvisor.org\/es\/total-acumula-1\/#primaryimage"},"image":{"@id":"https:\/\/exceladvisor.org\/es\/total-acumula-1\/#primaryimage"},"thumbnailUrl":"https:\/\/exceladvisor.org\/wp-content\/uploads\/2023\/08\/1-total-cumule.png","datePublished":"2023-11-08T04:15:58+00:00","dateModified":"2023-12-25T10:23:50+00:00","breadcrumb":{"@id":"https:\/\/exceladvisor.org\/es\/total-acumula-1\/#breadcrumb"},"inLanguage":"es","potentialAction":[{"@type":"ReadAction","target":["https:\/\/exceladvisor.org\/es\/total-acumula-1\/"]}]},{"@type":"ImageObject","inLanguage":"es","@id":"https:\/\/exceladvisor.org\/es\/total-acumula-1\/#primaryimage","url":"https:\/\/exceladvisor.org\/wp-content\/uploads\/2023\/08\/1-total-cumule.png","contentUrl":"https:\/\/exceladvisor.org\/wp-content\/uploads\/2023\/08\/1-total-cumule.png"},{"@type":"BreadcrumbList","@id":"https:\/\/exceladvisor.org\/es\/total-acumula-1\/#breadcrumb","itemListElement":[{"@type":"ListItem","position":1,"name":"Hogar","item":"https:\/\/exceladvisor.org\/es\/"},{"@type":"ListItem","position":2,"name":"\u00bfc\u00f3mo calcular el total acumulado en excel?"}]},{"@type":"WebSite","@id":"https:\/\/exceladvisor.org\/es\/#website","url":"https:\/\/exceladvisor.org\/es\/","name":"Excel Advisor","description":"Su gu\u00eda para la dominaci\u00f3n de datos!","publisher":{"@id":"https:\/\/exceladvisor.org\/es\/#organization"},"potentialAction":[{"@type":"SearchAction","target":{"@type":"EntryPoint","urlTemplate":"https:\/\/exceladvisor.org\/es\/?s={search_term_string}"},"query-input":{"@type":"PropertyValueSpecification","valueRequired":true,"valueName":"search_term_string"}}],"inLanguage":"es"},{"@type":"Organization","@id":"https:\/\/exceladvisor.org\/es\/#organization","name":"Excel Advisor","url":"https:\/\/exceladvisor.org\/es\/","logo":{"@type":"ImageObject","inLanguage":"es","@id":"https:\/\/exceladvisor.org\/es\/#\/schema\/logo\/image\/","url":"https:\/\/exceladvisor.org\/es\/wp-content\/uploads\/2023\/12\/exceladvisor.org_.png","contentUrl":"https:\/\/exceladvisor.org\/es\/wp-content\/uploads\/2023\/12\/exceladvisor.org_.png","width":105,"height":36,"caption":"Excel Advisor"},"image":{"@id":"https:\/\/exceladvisor.org\/es\/#\/schema\/logo\/image\/"}}]}},"yoast_meta":{"yoast_wpseo_title":"","yoast_wpseo_metadesc":"","yoast_wpseo_canonical":""},"_links":{"self":[{"href":"https:\/\/exceladvisor.org\/es\/wp-json\/wp\/v2\/pages\/269","targetHints":{"allow":["GET"]}}],"collection":[{"href":"https:\/\/exceladvisor.org\/es\/wp-json\/wp\/v2\/pages"}],"about":[{"href":"https:\/\/exceladvisor.org\/es\/wp-json\/wp\/v2\/types\/page"}],"author":[{"embeddable":true,"href":"https:\/\/exceladvisor.org\/es\/wp-json\/wp\/v2\/users\/1"}],"replies":[{"embeddable":true,"href":"https:\/\/exceladvisor.org\/es\/wp-json\/wp\/v2\/comments?post=269"}],"version-history":[{"count":1,"href":"https:\/\/exceladvisor.org\/es\/wp-json\/wp\/v2\/pages\/269\/revisions"}],"predecessor-version":[{"id":877,"href":"https:\/\/exceladvisor.org\/es\/wp-json\/wp\/v2\/pages\/269\/revisions\/877"}],"wp:attachment":[{"href":"https:\/\/exceladvisor.org\/es\/wp-json\/wp\/v2\/media?parent=269"}],"curies":[{"name":"wp","href":"https:\/\/api.w.org\/{rel}","templated":true}]}}