{"id":27,"date":"2023-11-20T03:23:44","date_gmt":"2023-11-20T03:23:44","guid":{"rendered":"https:\/\/exceladvisor.org\/es\/cita-en-juliana-2\/"},"modified":"2023-12-25T10:24:55","modified_gmt":"2023-12-25T10:24:55","slug":"cita-en-juliana-2","status":"publish","type":"page","link":"https:\/\/exceladvisor.org\/es\/cita-en-juliana-2\/","title":{"rendered":"\u00bfc\u00f3mo convertir una fecha a una fecha juliana?"},"content":{"rendered":"<div class=\"excel-antes-del-contenido\" id=\"excel-897107865\"><script type=\"text\/javascript\">\r\n\tatOptions = {\r\n\t\t'key' : 'c1158f160081d6540a8409e6925dab94',\r\n\t\t'format' : 'iframe',\r\n\t\t'height' : 250,\r\n\t\t'width' : 300,\r\n\t\t'params' : {}\r\n\t};\r\n<\/script>\r\n<script type=\"text\/javascript\" src=\"\/\/www.highperformanceformat.com\/c1158f160081d6540a8409e6925dab94\/invoke.js\"><\/script><\/div><p>Si desea convertir una fecha normal a una fecha juliana en Excel, debe obtener el n\u00famero de a\u00f1o y d\u00eda de la fecha. Y luego combine los dos donde el a\u00f1o ocupa el primer lugar y el n\u00famero del d\u00eda ocupa el segundo lugar. A continuaci\u00f3n se muestra el formato de una fecha juliana. <\/p>\n<div class=\"wp-block-image\">\n<figure class=\"aligncenter size-full is-resized\"><img loading=\"lazy\" decoding=\"async\" class=\"wp-image-83047\" src=\"https:\/\/exceladvisor.org\/wp-content\/uploads\/2023\/08\/1-format-de-date-julien.png\" sizes=\"auto, \" srcset=\"\" alt=\"formato-fecha-julien\" width=\"501\" height=\"174\"><\/figure>\n<\/div>\n<p> Aparte de esto, tambi\u00e9n puedes utilizar el formato siguiente. Hay varios formatos para la fecha de Julian que puedes usar. <\/p>\n<div class=\"wp-block-image\">\n<figure class=\"aligncenter size-full is-resized\"><img loading=\"lazy\" decoding=\"async\" class=\"wp-image-83048\" src=\"https:\/\/exceladvisor.org\/wp-content\/uploads\/2023\/08\/2-format-supplementaire-de-date-julienne.png\" sizes=\"auto, \" srcset=\"\" alt=\"formato-adicional-de-la-fecha-juliana\" width=\"498\" height=\"172\"><\/figure>\n<\/div>\n<h2 class=\"wp-block-heading\"> F\u00f3rmula de Excel para la fecha juliana<\/h2>\n<p> Estos son los pasos para escribir esta f\u00f3rmula:<\/p>\n<ol type=\"1\">\n<li> Primero, ingrese la funci\u00f3n TEXTO en una celda para obtener el a\u00f1o a partir de la fecha TEXTO(A1,\u00bbAAAA\u00bb).<\/li>\n<li> Despu\u00e9s de eso, ingrese un signo (&amp;) para ingresar la segunda f\u00f3rmula y obtener el d\u00eda del a\u00f1o.<\/li>\n<li> Ahora aqu\u00ed tienes que usar TEXTO nuevamente con FECHA y A\u00d1O.<\/li>\n<li> Por lo tanto, ingrese esta f\u00f3rmula TEXT(A1-DATE(YEAR(A1),1,0), \u00bb000\u2033) despu\u00e9s de este signo para <a href=\"https:\/\/exceladvisor.org\/es\/obtener-el-numero-del-dia-del-ano\/\">obtener el d\u00eda del a\u00f1o<\/a> . <\/li>\n<\/ol>\n<div class=\"wp-block-image\">\n<figure class=\"aligncenter size-full is-resized\"><img loading=\"lazy\" decoding=\"async\" class=\"wp-image-83049\" src=\"https:\/\/exceladvisor.org\/wp-content\/uploads\/2023\/08\/3-formule-pour-la-date-julienne.png\" sizes=\"auto, \" srcset=\"\" alt=\"f\u00f3rmula-para-la-fecha-juliana\" width=\"628\" height=\"140\"><\/figure>\n<\/div>\n<p> En el momento en que presiona la tecla Enter para obtenerlo, se devuelve un n\u00famero, una fecha juliana. Y en esta fecha, los primeros cuatro d\u00edgitos son el a\u00f1o y los tres d\u00edgitos siguientes son el n\u00famero del d\u00eda del a\u00f1o. <\/p>\n<div class=\"wp-block-image\">\n<figure class=\"aligncenter size-full is-resized\"><img loading=\"lazy\" decoding=\"async\" class=\"wp-image-83050\" src=\"https:\/\/exceladvisor.org\/wp-content\/uploads\/2023\/08\/4-nombre-comme-date-julienne.png\" sizes=\"auto, \" srcset=\"\" alt=\"n\u00famero-como-fecha-juliana\" width=\"590\" height=\"162\"><\/figure>\n<\/div>\n<pre class=\"wp-block-code\"> <code class=\"language-excel-formula\" lang=\"excel-formula\">=TEXT(A1,\"YYYY\")&amp;TEXT(A1-DATE(YEAR(A1),1,0),\"000\")<\/code><\/pre>\n<p> Para entender esta f\u00f3rmula, es necesario dividirla en dos partes: <\/p>\n<div class=\"wp-block-image\">\n<figure class=\"aligncenter size-full is-resized\"><img loading=\"lazy\" decoding=\"async\" class=\"wp-image-83051\" src=\"https:\/\/exceladvisor.org\/wp-content\/uploads\/2023\/08\/5-formule-divisee-en-deux-parties.png\" sizes=\"auto, \" srcset=\"\" alt=\"f\u00f3rmula-dividida-en-dos-partes\" width=\"622\" height=\"94\"><\/figure>\n<\/div>\n<p> En la primera parte, utiliz\u00f3 la funci\u00f3n TEXTO para obtener el a\u00f1o a partir de la fecha en formato \u201cAAAA\u201d. <\/p>\n<div class=\"wp-block-image\">\n<figure class=\"aligncenter size-full is-resized\"><img loading=\"lazy\" decoding=\"async\" class=\"wp-image-83052\" src=\"https:\/\/exceladvisor.org\/wp-content\/uploads\/2023\/08\/6-fonction-de-texte-pour-obtenir-lannee.png\" sizes=\"auto, \" srcset=\"\" alt=\"funci\u00f3n-texto-para-obtener-a\u00f1o\" width=\"679\" height=\"141\"><\/figure>\n<\/div>\n<p> Y en la segunda parte combinamos tres funciones, TEXTO, FECHA y A\u00d1O. A\u00d1O devuelve el a\u00f1o desde la fecha original; con esto, FECHA crea el <sup>1er<\/sup> d\u00eda del a\u00f1o. <\/p>\n<div class=\"wp-block-image\">\n<figure class=\"aligncenter size-full is-resized\"><img loading=\"lazy\" decoding=\"async\" class=\"wp-image-83053\" src=\"https:\/\/exceladvisor.org\/wp-content\/uploads\/2023\/08\/7-deuxieme-partie-a-des-fonctions-de-date-et-dannee-de-texte.png\" sizes=\"auto, \" srcset=\"\" alt=\"la segunda parte tiene funciones de fecha y a\u00f1o de texto\" width=\"686\" height=\"73\"><\/figure>\n<\/div>\n<p> Despu\u00e9s de eso, TEXTO usa esta fecha y la resta de la fecha original. Y al final, usando el formato \u00ab000\u00bb lo convierte a un n\u00famero de tres d\u00edgitos, el n\u00famero del d\u00eda del a\u00f1o. <\/p>\n<div class=\"wp-block-image\">\n<figure class=\"aligncenter size-full is-resized\"><img loading=\"lazy\" decoding=\"async\" class=\"wp-image-83055\" src=\"https:\/\/exceladvisor.org\/wp-content\/uploads\/2023\/08\/8-texte-utilise-cette-date.png\" sizes=\"auto, \" srcset=\"\" alt=\"texto-usar-esta-fecha\" width=\"699\" height=\"161\"><\/figure>\n<\/div>\n<p> Y, en general, esta f\u00f3rmula le proporciona el n\u00famero de a\u00f1o y d\u00eda en una sola celda como fecha juliana.<\/p>\n<h2 class=\"wp-block-heading\"> Fecha juliana en otros formatos<\/h2>\n<p> Como dije al principio, existen varios formatos de fecha juliana. Y puedes usar cualquiera de ellos. Por ejemplo, con la siguiente f\u00f3rmula puedes crear una fecha juliana donde tienes el a\u00f1o como un n\u00famero de dos d\u00edgitos y luego el d\u00eda como un n\u00famero de tres d\u00edgitos. <\/p>\n<div class=\"wp-block-image\">\n<figure class=\"aligncenter size-full is-resized\"><img loading=\"lazy\" decoding=\"async\" class=\"wp-image-83056\" src=\"https:\/\/exceladvisor.org\/wp-content\/uploads\/2023\/08\/Date-du-9-julien-dans-dautres-formats.png\" sizes=\"auto, \" srcset=\"\" alt=\"fecha-juliana-en-otros-formatos\" width=\"683\" height=\"176\"><\/figure>\n<\/div>\n<pre class=\"wp-block-code\"> <code class=\"language-excel-formula\" lang=\"excel-formula\">=TEXT(A1,\"YY\")&amp;TEXT(A1-DATE(YEAR(A1),1,0),\"000\")<\/code><\/pre>\n<h2 class=\"wp-block-heading\"> Conversi\u00f3n de fecha juliana<\/h2>\n<p> Si ya tiene una fecha juliana y desea convertirla nuevamente a una fecha normal, puede usar la siguiente f\u00f3rmula: <\/p>\n<div class=\"wp-block-image\">\n<figure class=\"aligncenter size-full is-resized\"><img loading=\"lazy\" decoding=\"async\" class=\"wp-image-83057\" src=\"https:\/\/exceladvisor.org\/wp-content\/uploads\/2023\/08\/10-reconvertir-a-la-date-normale.png\" sizes=\"auto, \" srcset=\"\" alt=\"reconvertir a fecha normal\" width=\"473\" height=\"274\"><\/figure>\n<\/div>\n<pre class=\"wp-block-code\"> <code class=\"language-excel-formula\" lang=\"excel-formula\">=DATE(LEFT(A2,4),1,RIGHT(A2,3))<\/code><\/pre>\n<p> Para comprender esta f\u00f3rmula, debe comprender la funci\u00f3n FECHA porque la funci\u00f3n principal es la funci\u00f3n FECHA. <\/p>\n<div class=\"wp-block-image\">\n<figure class=\"aligncenter size-full is-resized\"><img loading=\"lazy\" decoding=\"async\" class=\"wp-image-83058\" src=\"https:\/\/exceladvisor.org\/wp-content\/uploads\/2023\/08\/11-formule-pour-revenir-a-la-date-normale.png\" sizes=\"auto, \" srcset=\"\" alt=\"f\u00f3rmula-para-convertir-a-fecha-normal\" width=\"570\" height=\"86\"><\/figure>\n<\/div>\n<p> IZQUIERDA devuelve el a\u00f1o a partir de la fecha extrayendo cuatro d\u00edgitos de la izquierda. Por ejemplo, en el segundo argumento (mes), tienes 1, lo que significa el primer mes (enero).<\/p>\n<p> Ahora en el tercer argumento tenemos DERECHA, que devuelve el n\u00famero del d\u00eda del a\u00f1o. El n\u00famero de d\u00edas aqu\u00ed es 324, m\u00e1s que el n\u00famero total de d\u00edas que suele tener un mes (30\/31). Y la funci\u00f3n FECHA es lo suficientemente inteligente como para ajustar estos d\u00edas a meses y dar una fecha correcta. <\/p>\n<div class=\"wp-block-image\">\n<figure class=\"aligncenter size-full is-resized\"><img loading=\"lazy\" decoding=\"async\" class=\"wp-image-83059\" src=\"https:\/\/exceladvisor.org\/wp-content\/uploads\/2023\/08\/Date-du-12-julien-convertie-en-date-normale.png\" sizes=\"auto, \" srcset=\"\" alt=\"fecha-juliana-convertida-a-fecha-normal\" width=\"544\" height=\"276\"><\/figure>\n<\/div>\n<div class=\"gb-container gb-container-0df56012 gb-container-mt\"> <a class=\"gb-button gb-button-f9f432f4 gb-button-text gb-button-mt-button\" href=\"https:\/\/exceladvisor.org\/es\/formulas\/\">Lista de f\u00f3rmulas de Excel<\/a><\/p>\n<h2 class=\"gb-headline gb-headline-233444e8 gb-headline-text gb-headline-mt-heading\"> F\u00f3rmulas relacionadas <\/h2>\n<div class=\"gb-grid-wrapper gb-grid-wrapper-a16fa65c gb-grid-wrapper-mt-grid\">\n<div class=\"gb-grid-column gb-grid-column-50d07e0d\">\n<div class=\"gb-container gb-container-50d07e0d\">\n<ul>\n<li> <a href=\"https:\/\/exceladvisor.org\/es\/agregar-la-fecha-de-la-semana\/\">Semana de suma y resta de una fecha en Excel<\/a><\/li>\n<li> <a href=\"https:\/\/exceladvisor.org\/es\/obtener-el-nombre-del-dia\/\">Obtener el nombre del d\u00eda a partir de una fecha en Excel<\/a><\/li>\n<li> <a href=\"https:\/\/exceladvisor.org\/es\/dias-del-mes\/\">Obtener el n\u00famero total de d\u00edas de meses en Excel<\/a> <\/li>\n<\/ul>\n<\/div>\n<\/div>\n<div class=\"gb-grid-column gb-grid-column-5b4a0cf9\">\n<div class=\"gb-container gb-container-5b4a0cf9\">\n<ul>\n<li> <a href=\"https:\/\/exceladvisor.org\/es\/dias-de-cuenta-regresiva\/\">D\u00edas de cuenta regresiva<\/a><\/li>\n<li> <a href=\"https:\/\/exceladvisor.org\/es\/dias-entre-dos-fechas\/\">Cuente los d\u00edas entre dos fechas.<\/a><\/li>\n<li> <a href=\"https:\/\/exceladvisor.org\/es\/domingo-anterior-2\/\">Obtener el domingo anterior<\/a><\/li>\n<\/ul>\n<\/div>\n<\/div>\n<\/div>\n<\/div>\n","protected":false},"excerpt":{"rendered":"<p>Si desea convertir una fecha normal a una fecha juliana en Excel, debe obtener el n\u00famero de a\u00f1o y d\u00eda de la fecha. Y luego combine los dos donde el a\u00f1o ocupa el primer lugar y el n\u00famero del d\u00eda ocupa el segundo lugar. A continuaci\u00f3n se muestra el formato de una fecha juliana. Aparte [&hellip;]<\/p>\n","protected":false},"author":1,"featured_media":0,"parent":0,"menu_order":0,"comment_status":"open","ping_status":"closed","template":"","meta":{"ub_ctt_via":"","footnotes":""},"class_list":["post-27","page","type-page","status-publish","hentry"],"featured_image_src":null,"yoast_head":"<!-- This site is optimized with the Yoast SEO plugin v25.4 - https:\/\/yoast.com\/wordpress\/plugins\/seo\/ -->\n<title>\u00bfc\u00f3mo convertir una fecha a una fecha juliana?<\/title>\n<meta name=\"robots\" content=\"index, follow, max-snippet:-1, max-image-preview:large, max-video-preview:-1\" \/>\n<link rel=\"canonical\" href=\"https:\/\/exceladvisor.org\/es\/cita-en-juliana-2\/\" \/>\n<meta property=\"og:locale\" content=\"es_ES\" \/>\n<meta property=\"og:type\" content=\"article\" \/>\n<meta property=\"og:title\" content=\"\u00bfc\u00f3mo convertir una fecha a una fecha juliana?\" \/>\n<meta property=\"og:description\" content=\"Si desea convertir una fecha normal a una fecha juliana en Excel, debe obtener el n\u00famero de a\u00f1o y d\u00eda de la fecha. Y luego combine los dos donde el a\u00f1o ocupa el primer lugar y el n\u00famero del d\u00eda ocupa el segundo lugar. A continuaci\u00f3n se muestra el formato de una fecha juliana. Aparte [&hellip;]\" \/>\n<meta property=\"og:url\" content=\"https:\/\/exceladvisor.org\/es\/cita-en-juliana-2\/\" \/>\n<meta property=\"og:site_name\" content=\"Excel Advisor\" \/>\n<meta property=\"article:modified_time\" content=\"2023-12-25T10:24:55+00:00\" \/>\n<meta property=\"og:image\" content=\"https:\/\/exceladvisor.org\/wp-content\/uploads\/2023\/08\/1-format-de-date-julien.png\" \/>\n<meta name=\"twitter:card\" content=\"summary_large_image\" \/>\n<meta name=\"twitter:label1\" content=\"Tiempo de lectura\" \/>\n\t<meta name=\"twitter:data1\" content=\"3 minutos\" \/>\n<script type=\"application\/ld+json\" class=\"yoast-schema-graph\">{\"@context\":\"https:\/\/schema.org\",\"@graph\":[{\"@type\":\"WebPage\",\"@id\":\"https:\/\/exceladvisor.org\/es\/cita-en-juliana-2\/\",\"url\":\"https:\/\/exceladvisor.org\/es\/cita-en-juliana-2\/\",\"name\":\"\u00bfc\u00f3mo convertir una fecha a una fecha juliana?\",\"isPartOf\":{\"@id\":\"https:\/\/exceladvisor.org\/es\/#website\"},\"primaryImageOfPage\":{\"@id\":\"https:\/\/exceladvisor.org\/es\/cita-en-juliana-2\/#primaryimage\"},\"image\":{\"@id\":\"https:\/\/exceladvisor.org\/es\/cita-en-juliana-2\/#primaryimage\"},\"thumbnailUrl\":\"https:\/\/exceladvisor.org\/wp-content\/uploads\/2023\/08\/1-format-de-date-julien.png\",\"datePublished\":\"2023-11-20T03:23:44+00:00\",\"dateModified\":\"2023-12-25T10:24:55+00:00\",\"breadcrumb\":{\"@id\":\"https:\/\/exceladvisor.org\/es\/cita-en-juliana-2\/#breadcrumb\"},\"inLanguage\":\"es\",\"potentialAction\":[{\"@type\":\"ReadAction\",\"target\":[\"https:\/\/exceladvisor.org\/es\/cita-en-juliana-2\/\"]}]},{\"@type\":\"ImageObject\",\"inLanguage\":\"es\",\"@id\":\"https:\/\/exceladvisor.org\/es\/cita-en-juliana-2\/#primaryimage\",\"url\":\"https:\/\/exceladvisor.org\/wp-content\/uploads\/2023\/08\/1-format-de-date-julien.png\",\"contentUrl\":\"https:\/\/exceladvisor.org\/wp-content\/uploads\/2023\/08\/1-format-de-date-julien.png\"},{\"@type\":\"BreadcrumbList\",\"@id\":\"https:\/\/exceladvisor.org\/es\/cita-en-juliana-2\/#breadcrumb\",\"itemListElement\":[{\"@type\":\"ListItem\",\"position\":1,\"name\":\"Hogar\",\"item\":\"https:\/\/exceladvisor.org\/es\/\"},{\"@type\":\"ListItem\",\"position\":2,\"name\":\"\u00bfc\u00f3mo convertir una fecha a una fecha juliana?\"}]},{\"@type\":\"WebSite\",\"@id\":\"https:\/\/exceladvisor.org\/es\/#website\",\"url\":\"https:\/\/exceladvisor.org\/es\/\",\"name\":\"Excel Advisor\",\"description\":\"Su gu\u00eda para la dominaci\u00f3n de datos!\",\"publisher\":{\"@id\":\"https:\/\/exceladvisor.org\/es\/#organization\"},\"potentialAction\":[{\"@type\":\"SearchAction\",\"target\":{\"@type\":\"EntryPoint\",\"urlTemplate\":\"https:\/\/exceladvisor.org\/es\/?s={search_term_string}\"},\"query-input\":{\"@type\":\"PropertyValueSpecification\",\"valueRequired\":true,\"valueName\":\"search_term_string\"}}],\"inLanguage\":\"es\"},{\"@type\":\"Organization\",\"@id\":\"https:\/\/exceladvisor.org\/es\/#organization\",\"name\":\"Excel Advisor\",\"url\":\"https:\/\/exceladvisor.org\/es\/\",\"logo\":{\"@type\":\"ImageObject\",\"inLanguage\":\"es\",\"@id\":\"https:\/\/exceladvisor.org\/es\/#\/schema\/logo\/image\/\",\"url\":\"https:\/\/exceladvisor.org\/es\/wp-content\/uploads\/2023\/12\/exceladvisor.org_.png\",\"contentUrl\":\"https:\/\/exceladvisor.org\/es\/wp-content\/uploads\/2023\/12\/exceladvisor.org_.png\",\"width\":105,\"height\":36,\"caption\":\"Excel Advisor\"},\"image\":{\"@id\":\"https:\/\/exceladvisor.org\/es\/#\/schema\/logo\/image\/\"}}]}<\/script>\n<!-- \/ Yoast SEO plugin. -->","yoast_head_json":{"title":"\u00bfc\u00f3mo convertir una fecha a una fecha juliana?","robots":{"index":"index","follow":"follow","max-snippet":"max-snippet:-1","max-image-preview":"max-image-preview:large","max-video-preview":"max-video-preview:-1"},"canonical":"https:\/\/exceladvisor.org\/es\/cita-en-juliana-2\/","og_locale":"es_ES","og_type":"article","og_title":"\u00bfc\u00f3mo convertir una fecha a una fecha juliana?","og_description":"Si desea convertir una fecha normal a una fecha juliana en Excel, debe obtener el n\u00famero de a\u00f1o y d\u00eda de la fecha. Y luego combine los dos donde el a\u00f1o ocupa el primer lugar y el n\u00famero del d\u00eda ocupa el segundo lugar. A continuaci\u00f3n se muestra el formato de una fecha juliana. Aparte [&hellip;]","og_url":"https:\/\/exceladvisor.org\/es\/cita-en-juliana-2\/","og_site_name":"Excel Advisor","article_modified_time":"2023-12-25T10:24:55+00:00","og_image":[{"url":"https:\/\/exceladvisor.org\/wp-content\/uploads\/2023\/08\/1-format-de-date-julien.png","type":"","width":"","height":""}],"twitter_card":"summary_large_image","twitter_misc":{"Tiempo de lectura":"3 minutos"},"schema":{"@context":"https:\/\/schema.org","@graph":[{"@type":"WebPage","@id":"https:\/\/exceladvisor.org\/es\/cita-en-juliana-2\/","url":"https:\/\/exceladvisor.org\/es\/cita-en-juliana-2\/","name":"\u00bfc\u00f3mo convertir una fecha a una fecha juliana?","isPartOf":{"@id":"https:\/\/exceladvisor.org\/es\/#website"},"primaryImageOfPage":{"@id":"https:\/\/exceladvisor.org\/es\/cita-en-juliana-2\/#primaryimage"},"image":{"@id":"https:\/\/exceladvisor.org\/es\/cita-en-juliana-2\/#primaryimage"},"thumbnailUrl":"https:\/\/exceladvisor.org\/wp-content\/uploads\/2023\/08\/1-format-de-date-julien.png","datePublished":"2023-11-20T03:23:44+00:00","dateModified":"2023-12-25T10:24:55+00:00","breadcrumb":{"@id":"https:\/\/exceladvisor.org\/es\/cita-en-juliana-2\/#breadcrumb"},"inLanguage":"es","potentialAction":[{"@type":"ReadAction","target":["https:\/\/exceladvisor.org\/es\/cita-en-juliana-2\/"]}]},{"@type":"ImageObject","inLanguage":"es","@id":"https:\/\/exceladvisor.org\/es\/cita-en-juliana-2\/#primaryimage","url":"https:\/\/exceladvisor.org\/wp-content\/uploads\/2023\/08\/1-format-de-date-julien.png","contentUrl":"https:\/\/exceladvisor.org\/wp-content\/uploads\/2023\/08\/1-format-de-date-julien.png"},{"@type":"BreadcrumbList","@id":"https:\/\/exceladvisor.org\/es\/cita-en-juliana-2\/#breadcrumb","itemListElement":[{"@type":"ListItem","position":1,"name":"Hogar","item":"https:\/\/exceladvisor.org\/es\/"},{"@type":"ListItem","position":2,"name":"\u00bfc\u00f3mo convertir una fecha a una fecha juliana?"}]},{"@type":"WebSite","@id":"https:\/\/exceladvisor.org\/es\/#website","url":"https:\/\/exceladvisor.org\/es\/","name":"Excel Advisor","description":"Su gu\u00eda para la dominaci\u00f3n de datos!","publisher":{"@id":"https:\/\/exceladvisor.org\/es\/#organization"},"potentialAction":[{"@type":"SearchAction","target":{"@type":"EntryPoint","urlTemplate":"https:\/\/exceladvisor.org\/es\/?s={search_term_string}"},"query-input":{"@type":"PropertyValueSpecification","valueRequired":true,"valueName":"search_term_string"}}],"inLanguage":"es"},{"@type":"Organization","@id":"https:\/\/exceladvisor.org\/es\/#organization","name":"Excel Advisor","url":"https:\/\/exceladvisor.org\/es\/","logo":{"@type":"ImageObject","inLanguage":"es","@id":"https:\/\/exceladvisor.org\/es\/#\/schema\/logo\/image\/","url":"https:\/\/exceladvisor.org\/es\/wp-content\/uploads\/2023\/12\/exceladvisor.org_.png","contentUrl":"https:\/\/exceladvisor.org\/es\/wp-content\/uploads\/2023\/12\/exceladvisor.org_.png","width":105,"height":36,"caption":"Excel Advisor"},"image":{"@id":"https:\/\/exceladvisor.org\/es\/#\/schema\/logo\/image\/"}}]}},"yoast_meta":{"yoast_wpseo_title":"","yoast_wpseo_metadesc":"","yoast_wpseo_canonical":""},"_links":{"self":[{"href":"https:\/\/exceladvisor.org\/es\/wp-json\/wp\/v2\/pages\/27","targetHints":{"allow":["GET"]}}],"collection":[{"href":"https:\/\/exceladvisor.org\/es\/wp-json\/wp\/v2\/pages"}],"about":[{"href":"https:\/\/exceladvisor.org\/es\/wp-json\/wp\/v2\/types\/page"}],"author":[{"embeddable":true,"href":"https:\/\/exceladvisor.org\/es\/wp-json\/wp\/v2\/users\/1"}],"replies":[{"embeddable":true,"href":"https:\/\/exceladvisor.org\/es\/wp-json\/wp\/v2\/comments?post=27"}],"version-history":[{"count":1,"href":"https:\/\/exceladvisor.org\/es\/wp-json\/wp\/v2\/pages\/27\/revisions"}],"predecessor-version":[{"id":977,"href":"https:\/\/exceladvisor.org\/es\/wp-json\/wp\/v2\/pages\/27\/revisions\/977"}],"wp:attachment":[{"href":"https:\/\/exceladvisor.org\/es\/wp-json\/wp\/v2\/media?parent=27"}],"curies":[{"name":"wp","href":"https:\/\/api.w.org\/{rel}","templated":true}]}}