{"id":270,"date":"2023-11-08T00:26:59","date_gmt":"2023-11-08T00:26:59","guid":{"rendered":"https:\/\/exceladvisor.org\/es\/cambiar-caso-de-texto\/"},"modified":"2023-12-25T10:23:58","modified_gmt":"2023-12-25T10:23:58","slug":"cambiar-caso-de-texto","status":"publish","type":"page","link":"https:\/\/exceladvisor.org\/es\/cambiar-caso-de-texto\/","title":{"rendered":"\u00bfc\u00f3mo cambiar el caso del texto en excel?"},"content":{"rendered":"<div class=\"excel-antes-del-contenido\" id=\"excel-921508771\"><script type=\"text\/javascript\">\r\n\tatOptions = {\r\n\t\t'key' : 'c1158f160081d6540a8409e6925dab94',\r\n\t\t'format' : 'iframe',\r\n\t\t'height' : 250,\r\n\t\t'width' : 300,\r\n\t\t'params' : {}\r\n\t};\r\n<\/script>\r\n<script type=\"text\/javascript\" src=\"\/\/www.highperformanceformat.com\/c1158f160081d6540a8409e6925dab94\/invoke.js\"><\/script><\/div><p>En Excel, hay tres funciones principales que puede utilizar para cambiar el caso de una cadena.<\/p>\n<ul>\n<li> UPPER para cambiar el caso a superior.<\/li>\n<li> BAJAR para cambiar la carcasa a bajar.<\/li>\n<li> PROPIO para cambiar el caso en el que la primera letra de cada palabra est\u00e1 en may\u00fascula.<\/li>\n<\/ul>\n<p> En este tutorial, aprenderemos c\u00f3mo usar todas estas funciones para escribir nuestras f\u00f3rmulas.<\/p>\n<h2 class=\"wp-block-heading\"> MAY\u00daSCULAS<\/h2>\n<p> En Excel, existe una funci\u00f3n llamada MAY\u00daSCULAS que le permite cambiar el caso de una cadena a MAY\u00daSCULAS. <\/p>\n<div class=\"wp-block-image\">\n<figure class=\"aligncenter size-full is-resized\"><img loading=\"lazy\" decoding=\"async\" class=\"wp-image-84417\" src=\"https:\/\/exceladvisor.org\/wp-content\/uploads\/2023\/08\/1-majuscule.png\" sizes=\"auto, \" srcset=\"\" alt=\"letra may\u00fascula\" width=\"409\" height=\"380\"><\/figure>\n<\/div>\n<p> En el ejemplo anterior, la columna A contiene diferentes cadenas (valores de texto). Y cuando usas UPPER y haces referencia a la celda, convierte ese valor en un texto en may\u00fascula.<\/p>\n<pre class=\"wp-block-code\"> <code class=\"language-excel-formula\" lang=\"excel-formula\">=UPPER(A1)<\/code><\/pre>\n<h2 class=\"wp-block-heading\"> LETRAS INFERIORES<\/h2>\n<p> De manera similar, tambi\u00e9n tienes una funci\u00f3n llamada Inferior para convertir texto a min\u00fasculas. <\/p>\n<div class=\"wp-block-image\">\n<figure class=\"aligncenter size-full is-resized\"><img loading=\"lazy\" decoding=\"async\" class=\"wp-image-84418\" src=\"https:\/\/exceladvisor.org\/wp-content\/uploads\/2023\/08\/2-minuscules.png\" sizes=\"auto, \" srcset=\"\" alt=\"diminuto\" width=\"391\" height=\"367\"><\/figure>\n<\/div>\n<p> En el ejemplo anterior, cuando usamos la funci\u00f3n \u00abmin\u00fasculas\u00bb y obtenemos todos los caracteres en el valor del resultado en min\u00fasculas. Esta funci\u00f3n funciona exactamente al rev\u00e9s de la funci\u00f3n \u00abSuperior\u00bb que usamos en el primer ejemplo.<\/p>\n<pre class=\"wp-block-code\"> <code class=\"language-excel-formula\" lang=\"excel-formula\">=LOWER(A1)<\/code><\/pre>\n<h2 class=\"wp-block-heading\"> BUEN CASO<\/h2>\n<p> Y luego tenemos la funci\u00f3n PROPER, que convierte el texto a may\u00fasculas y min\u00fasculas, donde la primera letra de cada palabra est\u00e1 en may\u00fascula y el resto en min\u00fasculas. <\/p>\n<div class=\"wp-block-image\">\n<figure class=\"aligncenter size-full is-resized\"><img loading=\"lazy\" decoding=\"async\" class=\"wp-image-84419\" src=\"https:\/\/exceladvisor.org\/wp-content\/uploads\/2023\/08\/3-bon-cas.png\" sizes=\"auto, \" srcset=\"\" alt=\"propio caso\" width=\"423\" height=\"395\"><\/figure>\n<\/div>\n<pre class=\"wp-block-code\"> <code class=\"language-excel-formula\" lang=\"excel-formula\">=PROPER(A1)<\/code><\/pre>\n<p> Puedes ver en el ejemplo anterior; La primera letra de la palabra est\u00e1 en may\u00fascula y las dem\u00e1s en min\u00fascula. Y si tienes dos palabras, funciona de la misma manera.<\/p>\n<p> Y si desea que la primera letra de la primera palabra est\u00e9 en may\u00fascula y el resto de las letras y todas las dem\u00e1s palabras en min\u00fasculas, puede utilizar la siguiente f\u00f3rmula.<\/p>\n<pre class=\"wp-block-code\"> <code class=\"language-excel-formula\" lang=\"excel-formula\">=UPPER(LEFT(A1,1))&amp;LOWER(RIGHT(A1,LEN(A1)-1))<\/code><\/pre>\n<div class=\"gb-container gb-container-52dfcee1 gb-container-sample-file\">\n<h2 class=\"gb-headline gb-headline-e289c143 gb-headline-text gb-headline-4f7959c2\"> Obtener el archivo Excel<\/h2>\n<p> <a class=\"gb-button gb-button-e88d6bee gb-button-text gb-button-button1\" href=\"https:\/\/exceladvisor.org\/wp-content\/uploads\/2023\/11\/changer-de-cas.xlsx\" rel=\"nofollow\">Descargar<\/a><\/div>\n<div class=\"gb-container gb-container-0df56012 gb-container-mt\"> <a class=\"gb-button gb-button-f9f432f4 gb-button-text gb-button-mt-button\" href=\"https:\/\/exceladvisor.org\/es\/formulas\/\">Lista de f\u00f3rmulas de Excel<\/a><\/p>\n<h2 class=\"gb-headline gb-headline-233444e8 gb-headline-text gb-headline-mt-heading\"> F\u00f3rmulas relacionadas <\/h2>\n<div class=\"gb-grid-wrapper gb-grid-wrapper-a16fa65c gb-grid-wrapper-mt-grid\">\n<div class=\"gb-grid-column gb-grid-column-50d07e0d\">\n<div class=\"gb-container gb-container-50d07e0d\">\n<ul>\n<li> <a href=\"https:\/\/exceladvisor.org\/es\/capitalizar-la-primera-letra\/\">Poner en may\u00fascula la primera letra en Excel.<\/a><\/li>\n<li> <a href=\"https:\/\/exceladvisor.org\/es\/columna-a-fila\/\">Cambiar columna a fila (viceversa) en Excel<\/a><\/li>\n<li> <a href=\"https:\/\/exceladvisor.org\/es\/caso-de-sentencia\/\">Cambiar a caso de oraci\u00f3n en Excel<\/a><\/li>\n<li> <a href=\"https:\/\/exceladvisor.org\/es\/devolver-la-coma-del-primer-nombre-entre\/\">Devuelve el nombre y apellido y agrega una coma entre<\/a> <\/li>\n<\/ul>\n<\/div>\n<\/div>\n<div class=\"gb-grid-column gb-grid-column-5b4a0cf9\">\n<div class=\"gb-container gb-container-5b4a0cf9\"><\/div>\n<\/div>\n<\/div>\n<\/div>\n","protected":false},"excerpt":{"rendered":"<p>En Excel, hay tres funciones principales que puede utilizar para cambiar el caso de una cadena. UPPER para cambiar el caso a superior. BAJAR para cambiar la carcasa a bajar. PROPIO para cambiar el caso en el que la primera letra de cada palabra est\u00e1 en may\u00fascula. En este tutorial, aprenderemos c\u00f3mo usar todas estas [&hellip;]<\/p>\n","protected":false},"author":1,"featured_media":0,"parent":0,"menu_order":0,"comment_status":"open","ping_status":"closed","template":"","meta":{"ub_ctt_via":"","footnotes":""},"class_list":["post-270","page","type-page","status-publish","hentry"],"featured_image_src":null,"yoast_head":"<!-- This site is optimized with the Yoast SEO plugin v25.4 - https:\/\/yoast.com\/wordpress\/plugins\/seo\/ -->\n<title>\u00bfc\u00f3mo cambiar el caso del texto en excel?<\/title>\n<meta name=\"robots\" content=\"index, follow, max-snippet:-1, max-image-preview:large, max-video-preview:-1\" \/>\n<link rel=\"canonical\" href=\"https:\/\/exceladvisor.org\/es\/cambiar-caso-de-texto\/\" \/>\n<meta property=\"og:locale\" content=\"es_ES\" \/>\n<meta property=\"og:type\" content=\"article\" \/>\n<meta property=\"og:title\" content=\"\u00bfc\u00f3mo cambiar el caso del texto en excel?\" \/>\n<meta property=\"og:description\" content=\"En Excel, hay tres funciones principales que puede utilizar para cambiar el caso de una cadena. UPPER para cambiar el caso a superior. BAJAR para cambiar la carcasa a bajar. PROPIO para cambiar el caso en el que la primera letra de cada palabra est\u00e1 en may\u00fascula. En este tutorial, aprenderemos c\u00f3mo usar todas estas [&hellip;]\" \/>\n<meta property=\"og:url\" content=\"https:\/\/exceladvisor.org\/es\/cambiar-caso-de-texto\/\" \/>\n<meta property=\"og:site_name\" content=\"Excel Advisor\" \/>\n<meta property=\"article:modified_time\" content=\"2023-12-25T10:23:58+00:00\" \/>\n<meta property=\"og:image\" content=\"https:\/\/exceladvisor.org\/wp-content\/uploads\/2023\/08\/1-majuscule.png\" \/>\n<meta name=\"twitter:card\" content=\"summary_large_image\" \/>\n<meta name=\"twitter:label1\" content=\"Tiempo de lectura\" \/>\n\t<meta name=\"twitter:data1\" content=\"2 minutos\" \/>\n<script type=\"application\/ld+json\" class=\"yoast-schema-graph\">{\"@context\":\"https:\/\/schema.org\",\"@graph\":[{\"@type\":\"WebPage\",\"@id\":\"https:\/\/exceladvisor.org\/es\/cambiar-caso-de-texto\/\",\"url\":\"https:\/\/exceladvisor.org\/es\/cambiar-caso-de-texto\/\",\"name\":\"\u00bfc\u00f3mo cambiar el caso del texto en excel?\",\"isPartOf\":{\"@id\":\"https:\/\/exceladvisor.org\/es\/#website\"},\"primaryImageOfPage\":{\"@id\":\"https:\/\/exceladvisor.org\/es\/cambiar-caso-de-texto\/#primaryimage\"},\"image\":{\"@id\":\"https:\/\/exceladvisor.org\/es\/cambiar-caso-de-texto\/#primaryimage\"},\"thumbnailUrl\":\"https:\/\/exceladvisor.org\/wp-content\/uploads\/2023\/08\/1-majuscule.png\",\"datePublished\":\"2023-11-08T00:26:59+00:00\",\"dateModified\":\"2023-12-25T10:23:58+00:00\",\"breadcrumb\":{\"@id\":\"https:\/\/exceladvisor.org\/es\/cambiar-caso-de-texto\/#breadcrumb\"},\"inLanguage\":\"es\",\"potentialAction\":[{\"@type\":\"ReadAction\",\"target\":[\"https:\/\/exceladvisor.org\/es\/cambiar-caso-de-texto\/\"]}]},{\"@type\":\"ImageObject\",\"inLanguage\":\"es\",\"@id\":\"https:\/\/exceladvisor.org\/es\/cambiar-caso-de-texto\/#primaryimage\",\"url\":\"https:\/\/exceladvisor.org\/wp-content\/uploads\/2023\/08\/1-majuscule.png\",\"contentUrl\":\"https:\/\/exceladvisor.org\/wp-content\/uploads\/2023\/08\/1-majuscule.png\"},{\"@type\":\"BreadcrumbList\",\"@id\":\"https:\/\/exceladvisor.org\/es\/cambiar-caso-de-texto\/#breadcrumb\",\"itemListElement\":[{\"@type\":\"ListItem\",\"position\":1,\"name\":\"Hogar\",\"item\":\"https:\/\/exceladvisor.org\/es\/\"},{\"@type\":\"ListItem\",\"position\":2,\"name\":\"\u00bfc\u00f3mo cambiar el caso del texto en excel?\"}]},{\"@type\":\"WebSite\",\"@id\":\"https:\/\/exceladvisor.org\/es\/#website\",\"url\":\"https:\/\/exceladvisor.org\/es\/\",\"name\":\"Excel Advisor\",\"description\":\"Su gu\u00eda para la dominaci\u00f3n de datos!\",\"publisher\":{\"@id\":\"https:\/\/exceladvisor.org\/es\/#organization\"},\"potentialAction\":[{\"@type\":\"SearchAction\",\"target\":{\"@type\":\"EntryPoint\",\"urlTemplate\":\"https:\/\/exceladvisor.org\/es\/?s={search_term_string}\"},\"query-input\":{\"@type\":\"PropertyValueSpecification\",\"valueRequired\":true,\"valueName\":\"search_term_string\"}}],\"inLanguage\":\"es\"},{\"@type\":\"Organization\",\"@id\":\"https:\/\/exceladvisor.org\/es\/#organization\",\"name\":\"Excel Advisor\",\"url\":\"https:\/\/exceladvisor.org\/es\/\",\"logo\":{\"@type\":\"ImageObject\",\"inLanguage\":\"es\",\"@id\":\"https:\/\/exceladvisor.org\/es\/#\/schema\/logo\/image\/\",\"url\":\"https:\/\/exceladvisor.org\/es\/wp-content\/uploads\/2023\/12\/exceladvisor.org_.png\",\"contentUrl\":\"https:\/\/exceladvisor.org\/es\/wp-content\/uploads\/2023\/12\/exceladvisor.org_.png\",\"width\":105,\"height\":36,\"caption\":\"Excel Advisor\"},\"image\":{\"@id\":\"https:\/\/exceladvisor.org\/es\/#\/schema\/logo\/image\/\"}}]}<\/script>\n<!-- \/ Yoast SEO plugin. -->","yoast_head_json":{"title":"\u00bfc\u00f3mo cambiar el caso del texto en excel?","robots":{"index":"index","follow":"follow","max-snippet":"max-snippet:-1","max-image-preview":"max-image-preview:large","max-video-preview":"max-video-preview:-1"},"canonical":"https:\/\/exceladvisor.org\/es\/cambiar-caso-de-texto\/","og_locale":"es_ES","og_type":"article","og_title":"\u00bfc\u00f3mo cambiar el caso del texto en excel?","og_description":"En Excel, hay tres funciones principales que puede utilizar para cambiar el caso de una cadena. UPPER para cambiar el caso a superior. BAJAR para cambiar la carcasa a bajar. PROPIO para cambiar el caso en el que la primera letra de cada palabra est\u00e1 en may\u00fascula. En este tutorial, aprenderemos c\u00f3mo usar todas estas [&hellip;]","og_url":"https:\/\/exceladvisor.org\/es\/cambiar-caso-de-texto\/","og_site_name":"Excel Advisor","article_modified_time":"2023-12-25T10:23:58+00:00","og_image":[{"url":"https:\/\/exceladvisor.org\/wp-content\/uploads\/2023\/08\/1-majuscule.png","type":"","width":"","height":""}],"twitter_card":"summary_large_image","twitter_misc":{"Tiempo de lectura":"2 minutos"},"schema":{"@context":"https:\/\/schema.org","@graph":[{"@type":"WebPage","@id":"https:\/\/exceladvisor.org\/es\/cambiar-caso-de-texto\/","url":"https:\/\/exceladvisor.org\/es\/cambiar-caso-de-texto\/","name":"\u00bfc\u00f3mo cambiar el caso del texto en excel?","isPartOf":{"@id":"https:\/\/exceladvisor.org\/es\/#website"},"primaryImageOfPage":{"@id":"https:\/\/exceladvisor.org\/es\/cambiar-caso-de-texto\/#primaryimage"},"image":{"@id":"https:\/\/exceladvisor.org\/es\/cambiar-caso-de-texto\/#primaryimage"},"thumbnailUrl":"https:\/\/exceladvisor.org\/wp-content\/uploads\/2023\/08\/1-majuscule.png","datePublished":"2023-11-08T00:26:59+00:00","dateModified":"2023-12-25T10:23:58+00:00","breadcrumb":{"@id":"https:\/\/exceladvisor.org\/es\/cambiar-caso-de-texto\/#breadcrumb"},"inLanguage":"es","potentialAction":[{"@type":"ReadAction","target":["https:\/\/exceladvisor.org\/es\/cambiar-caso-de-texto\/"]}]},{"@type":"ImageObject","inLanguage":"es","@id":"https:\/\/exceladvisor.org\/es\/cambiar-caso-de-texto\/#primaryimage","url":"https:\/\/exceladvisor.org\/wp-content\/uploads\/2023\/08\/1-majuscule.png","contentUrl":"https:\/\/exceladvisor.org\/wp-content\/uploads\/2023\/08\/1-majuscule.png"},{"@type":"BreadcrumbList","@id":"https:\/\/exceladvisor.org\/es\/cambiar-caso-de-texto\/#breadcrumb","itemListElement":[{"@type":"ListItem","position":1,"name":"Hogar","item":"https:\/\/exceladvisor.org\/es\/"},{"@type":"ListItem","position":2,"name":"\u00bfc\u00f3mo cambiar el caso del texto en excel?"}]},{"@type":"WebSite","@id":"https:\/\/exceladvisor.org\/es\/#website","url":"https:\/\/exceladvisor.org\/es\/","name":"Excel Advisor","description":"Su gu\u00eda para la dominaci\u00f3n de datos!","publisher":{"@id":"https:\/\/exceladvisor.org\/es\/#organization"},"potentialAction":[{"@type":"SearchAction","target":{"@type":"EntryPoint","urlTemplate":"https:\/\/exceladvisor.org\/es\/?s={search_term_string}"},"query-input":{"@type":"PropertyValueSpecification","valueRequired":true,"valueName":"search_term_string"}}],"inLanguage":"es"},{"@type":"Organization","@id":"https:\/\/exceladvisor.org\/es\/#organization","name":"Excel Advisor","url":"https:\/\/exceladvisor.org\/es\/","logo":{"@type":"ImageObject","inLanguage":"es","@id":"https:\/\/exceladvisor.org\/es\/#\/schema\/logo\/image\/","url":"https:\/\/exceladvisor.org\/es\/wp-content\/uploads\/2023\/12\/exceladvisor.org_.png","contentUrl":"https:\/\/exceladvisor.org\/es\/wp-content\/uploads\/2023\/12\/exceladvisor.org_.png","width":105,"height":36,"caption":"Excel Advisor"},"image":{"@id":"https:\/\/exceladvisor.org\/es\/#\/schema\/logo\/image\/"}}]}},"yoast_meta":{"yoast_wpseo_title":"","yoast_wpseo_metadesc":"","yoast_wpseo_canonical":""},"_links":{"self":[{"href":"https:\/\/exceladvisor.org\/es\/wp-json\/wp\/v2\/pages\/270","targetHints":{"allow":["GET"]}}],"collection":[{"href":"https:\/\/exceladvisor.org\/es\/wp-json\/wp\/v2\/pages"}],"about":[{"href":"https:\/\/exceladvisor.org\/es\/wp-json\/wp\/v2\/types\/page"}],"author":[{"embeddable":true,"href":"https:\/\/exceladvisor.org\/es\/wp-json\/wp\/v2\/users\/1"}],"replies":[{"embeddable":true,"href":"https:\/\/exceladvisor.org\/es\/wp-json\/wp\/v2\/comments?post=270"}],"version-history":[{"count":1,"href":"https:\/\/exceladvisor.org\/es\/wp-json\/wp\/v2\/pages\/270\/revisions"}],"predecessor-version":[{"id":888,"href":"https:\/\/exceladvisor.org\/es\/wp-json\/wp\/v2\/pages\/270\/revisions\/888"}],"wp:attachment":[{"href":"https:\/\/exceladvisor.org\/es\/wp-json\/wp\/v2\/media?parent=270"}],"curies":[{"name":"wp","href":"https:\/\/api.w.org\/{rel}","templated":true}]}}