{"id":271,"date":"2023-11-07T22:26:40","date_gmt":"2023-11-07T22:26:40","guid":{"rendered":"https:\/\/exceladvisor.org\/es\/comodines-2\/"},"modified":"2023-12-25T10:32:45","modified_gmt":"2023-12-25T10:32:45","slug":"comodines-2","status":"publish","type":"page","link":"https:\/\/exceladvisor.org\/es\/comodines-2\/","title":{"rendered":"Comodines de excel: \u00bfasterisco*, signo de interrogaci\u00f3n?"},"content":{"rendered":"<div class=\"excel-antes-del-contenido\" id=\"excel-604998972\"><script type=\"text\/javascript\">\r\n\tatOptions = {\r\n\t\t'key' : 'c1158f160081d6540a8409e6925dab94',\r\n\t\t'format' : 'iframe',\r\n\t\t'height' : 250,\r\n\t\t'width' : 300,\r\n\t\t'params' : {}\r\n\t};\r\n<\/script>\r\n<script type=\"text\/javascript\" src=\"\/\/www.highperformanceformat.com\/c1158f160081d6540a8409e6925dab94\/invoke.js\"><\/script><\/div><p>A veces trabajar con datos no es tan f\u00e1cil, a veces nos enfrentamos a problemas complejos.<\/p>\n<div class=\"gb-container gb-container-ab70ac7a\">\n<p> Suponga que desea buscar el texto \u00abDelhi\u00bb en los datos. Pero en estos datos aparece la palabra \u201cNueva Delhi\u201d y no \u201cDelhi\u201d. Ahora bien, en esta situaci\u00f3n no puedes hacer coincidencias ni buscar. Aqu\u00ed necesita una forma que le permita utilizar solo el valor disponible o el valor parcial (Delhi) para hacer coincidir o buscar el valor real (Nueva Delhi).<\/p>\n<p> Bueno, los comodines de Excel est\u00e1n pensados para eso. Estos comodines le permiten buscar\/encontrar texto con una coincidencia parcial. En Excel, el mayor beneficio de estos caracteres est\u00e1 en las funciones de b\u00fasqueda y texto. Esto le brinda m\u00e1s flexibilidad cuando el valor es desconocido o est\u00e1 parcialmente disponible.<\/p>\n<\/div>\n<p> Por eso hoy en este art\u00edculo me gustar\u00eda contarte qu\u00e9 son los comodines, c\u00f3mo usarlos, sus tipos y ejemplos para usarlos con diferentes funciones. Empecemos.<\/p>\n<h2 id=\"tab-con-3\" class=\"wp-block-heading\"> \u00bfQu\u00e9 son los comodines de Excel?<\/h2>\n<p> Los comodines de Excel son tipos especiales de caracteres que representan uno o m\u00e1s caracteres. Se utiliza en expresiones regulares, reemplaz\u00e1ndolas con caracteres desconocidos. En pocas palabras, cuando no est\u00e9 seguro del car\u00e1cter exacto que debe utilizar, puede utilizar un comod\u00edn all\u00ed.<\/p>\n<h2 id=\"tab-con-1\" class=\"wp-block-heading\"> Tipos de caracteres comod\u00edn de Excel<\/h2>\n<p> En Excel tienes 3 comodines diferentes <strong><span style=\"background-color: #fff44f;\">Asterisco, Signo de Interrogaci\u00f3n y Tilde<\/span><\/strong> . Y cada uno de ellos tiene su propio significado y uso.<\/p>\n<p> A continuaci\u00f3n, analizaremos en detalle cada uno de estos personajes para que puedas usarlos en diferentes situaciones.<\/p>\n<h3 id=\"tab-con-5\" class=\"wp-block-heading\"> 1. Asterisco (*)<\/h3>\n<p> El asterisco es uno de los comodines m\u00e1s populares. Puede encontrar cualquier n\u00famero de caracteres (en secuencia) de un texto. Por ejemplo, si usa Pi*, le dar\u00e1 palabras como Pivote, Imagen, Picnic, etc.<\/p>\n<p> Si te fijas, todas estas palabras tienen Pi al principio y luego caracteres diferentes. Entendamos c\u00f3mo funciona con un ejemplo. A continuaci\u00f3n tienes datos donde tienes los nombres de las ciudades y su clasificaci\u00f3n en una sola celda. <\/p>\n<div class=\"wp-block-image\">\n<figure class=\"aligncenter\"><img decoding=\"async\" src=\"https:\/\/exceladvisor.org\/wp-content\/uploads\/2023\/08\/donnees-de-ville-a-utiliser-avec-des-caracteres-generiques-asterisque-dans-Excel.png\" sizes=\"\" srcset=\"\" alt=\"datos de la ciudad para usar con comodines de asterisco en excel1\"><\/figure>\n<\/div>\n<p> Ahora desde aqu\u00ed necesitas contar el n\u00famero de ciudades en cada clasificaci\u00f3n. y para esto puedes usar un asterisco con CONTAR.SI.<\/p>\n<p> =CONTAR.SI(Ciudad,Clasificaci\u00f3n&amp;\u201d*\u201d) <\/p>\n<div class=\"wp-block-image\">\n<figure class=\"aligncenter\"><img decoding=\"async\" src=\"https:\/\/exceladvisor.org\/wp-content\/uploads\/2023\/08\/formule-a-utiliser-avec-les-caracteres-generiques-asterisque-dans-Excel.png\" sizes=\"\" srcset=\"\" alt=\"f\u00f3rmula para usar con comodines de asterisco en Excel\"><\/figure>\n<\/div>\n<p> En esta f\u00f3rmula, ha combinado el texto de clasificaci\u00f3n de celdas con un asterisco. Entonces la f\u00f3rmula solo coincide con el texto de clasificaci\u00f3n en la celda y el asterisco funciona como el resto de los caracteres. Y al final obtienes el recuento de ciudades seg\u00fan la clasificaci\u00f3n.<\/p>\n<h3 class=\"wp-block-heading\"> 2. Signo de interrogaci\u00f3n<\/h3>\n<p> Con un signo de interrogaci\u00f3n puedes reemplazar un solo car\u00e1cter en un texto. En pocas palabras, le ayuda a ser m\u00e1s preciso, a\u00fan utilizando coincidencias parciales. Por ejemplo, si usa campeones, devolver\u00e1 campeones y chimpanc\u00e9s a partir de los datos.<\/p>\n<h3 class=\"wp-block-heading\"> 3. Tilde (~)<\/h3>\n<p> El verdadero uso de una tilde es deshacer el efecto de un comod\u00edn. Por ejemplo, supongamos que desea encontrar la expresi\u00f3n exacta pivote*. Si usa pivot* como cadena, le dar\u00e1 cualquier palabra que tenga campos al principio (como una tabla din\u00e1mica o una tabla din\u00e1mica).<\/p>\n<p> Espec\u00edficamente para la cadena pivot*, debes usar ~. Entonces tu canal ser\u00eda pivote~*. Aqu\u00ed, ~ garantiza que Excel lea el siguiente car\u00e1cter tal cual, no como un comod\u00edn.<\/p>\n<h2 id=\"tab-con-2\" class=\"wp-block-heading\"> Comodines con funciones de Excel<\/h2>\n<p> Podemos utilizar f\u00e1cilmente los tres comodines con todas las <a style=\"outline: none;\" href=\"https:\/\/exceladvisor.org\/es\/funciones-de-excel\/\">funciones principales<\/a> . Funciones como BUSCARV, BUSCARH, SUMAR.SI, SUMAR.SI, CONTAR.SI, CONTAR.SI, BUSCAR, ENCONTRAR y <a href=\"https:\/\/exceladvisor.org\/es\/busqueda-inversa\/\">B\u00daSQUEDA inversa<\/a> .<\/p>\n<p> Puede ampliar esta lista con cualquier funci\u00f3n que utilice para hacer coincidir un valor, realizar b\u00fasquedas o encontrar texto. Antes, compartir\u00e9 contigo algunos ejemplos con funciones + opciones de buscar y reemplazar + formato condicional + con n\u00fameros.<\/p>\n<h3 class=\"wp-block-heading\"> 1. Con SUMAR.SI<\/h3>\n<p> A continuaci\u00f3n tienes datos donde tienes n\u00fameros de factura y su importe. Y necesitamos sumar los montos donde los n\u00fameros de factura comienzan con \u00abProducto-A\u00bb. <\/p>\n<div class=\"wp-block-image\">\n<figure class=\"aligncenter\"><img decoding=\"async\" src=\"https:\/\/exceladvisor.org\/wp-content\/uploads\/2023\/08\/donnees-pour-utiliser-des-caracteres-generiques-avec-sumif-excel.png\" sizes=\"\" srcset=\"\" alt=\"datos para usar comodines con sumif excel\"><\/figure>\n<\/div>\n<p> Para hacer esto podemos usar SUMAR.SI con comodines. Y la f\u00f3rmula ser\u00e1:<\/p>\n<p> =SUMAR.SI(F2:F11,\u201dProducto-A*\u201d,G2:G11) <\/p>\n<div class=\"wp-block-image\">\n<figure class=\"aligncenter\"><img decoding=\"async\" src=\"https:\/\/exceladvisor.org\/wp-content\/uploads\/2023\/08\/formule-pour-utiliser-des-caracteres-generiques-avec-sumif-excel.png\" sizes=\"\" srcset=\"\" alt=\"f\u00f3rmula para usar comodines con sumif excel\"><\/figure>\n<\/div>\n<p> En el ejemplo anterior, utilizamos un asterisco con los criterios al final. Como aprendimos, un asterisco puede encontrar texto parcial con cualquier n\u00famero de caracteres de secuencia.<\/p>\n<p> Y aqu\u00ed lo usamos con \u00abProducto-A\u00bb. Por lo tanto, coincidir\u00e1 con los valores donde \u00abProducto-A\u00bb est\u00e9 al comienzo del valor.<\/p>\n<h3 id=\"tab-con-7\" class=\"wp-block-heading\"> 2. <a href=\"https:\/\/exceladvisor.org\/es\/comodines-con-vlookup\/\">Con VOOKUP<\/a><\/h3>\n<p> Digamos que tiene una lista de estudiantes con sus nombres completos y calificaciones. Ahora desea utilizar BUSCARV para obtener marcas en otra lista donde solo tiene sus nombres. <\/p>\n<div class=\"wp-block-image\">\n<figure class=\"aligncenter\"><img decoding=\"async\" src=\"https:\/\/exceladvisor.org\/wp-content\/uploads\/2023\/08\/utilisation-de-caracteres-generiques-Excel-avec-des-donnees-vlookup.png\" sizes=\"\" srcset=\"\" alt=\"\"><\/figure>\n<\/div>\n<p> Y para ello la f\u00f3rmula ser\u00e1:<\/p>\n<p> = <a href=\"https:\/\/exceladvisor.org\/es\/funciones-de-busqueda-de-excel\/\" target=\"_blank\" rel=\"noopener\">BUSCARV<\/a> (primer_nombre&amp;\u201d*\u201d,marcas_tabla,2,0) <\/p>\n<div class=\"wp-block-image\">\n<figure class=\"aligncenter\"><img decoding=\"async\" src=\"https:\/\/exceladvisor.org\/wp-content\/uploads\/2023\/08\/utilisation-de-caracteres-generiques-Excel-avec-la-formule-vlookup.png\" sizes=\"\" srcset=\"\" alt=\"\"><\/figure>\n<\/div>\n<p> En el ejemplo anterior, us\u00f3 vlookup con un asterisco para obtener marcas usando solo el nombre.<\/p>\n<h3 id=\"tab-con-8\" class=\"wp-block-heading\"> 3. Para buscar y reemplazar<\/h3>\n<p> El uso de comodines con Buscar y reemplazar puede hacer maravillas con sus datos. <\/p>\n<div class=\"wp-block-image\">\n<figure class=\"aligncenter\"><img decoding=\"async\" src=\"https:\/\/exceladvisor.org\/wp-content\/uploads\/2023\/08\/utiliser-des-caracteres-generiques-Excel-avec-les-options-de-remplacement-de-recherche.gif\" sizes=\"\" srcset=\"\" alt=\"use comodines de Excel con opciones de reemplazo de b\u00fasqueda\"><\/figure>\n<\/div>\n<p> En el ejemplo anterior, tiene la palabra \u00abExceladvisor\u00bb que tiene diferentes caracteres entre s\u00ed.<\/p>\n<p> Y deseas reemplazar estos caracteres con un solo espacio. Incluso puedes hacer esto usando la opci\u00f3n reemplazar, pero en este caso debes reemplazar cada car\u00e1cter uno por uno. Pero puedes usar un signo de interrogaci\u00f3n (?) para reemplazar todos los dem\u00e1s caracteres con un espacio.<\/p>\n<p> Busque \u00abExcel? Advisor\u00bb y c\u00e1mbielo a \u00abExcel Advisor\u00bb para eliminar todos los caracteres no deseados.<\/p>\n<h3 id=\"tab-con-9\" class=\"wp-block-heading\"> 4. En formato condicional<\/h3>\n<p> Tambi\u00e9n puedes utilizar estos comodines con formato condicional. Digamos que en una lista desea resaltar los nombres de ciudades que comienzan con la letra A.<\/p>\n<ul>\n<li> Primero, seleccione la primera entrada de la lista, luego vaya a Inicio \u2192 Estilos \u2192 Formato condicional.<\/li>\n<li> Ahora, haga clic en la opci\u00f3n \u00abNueva regla\u00bb y seleccione \u00abUsar una f\u00f3rmula para determinar qu\u00e9 celdas formatear\u00bb.<\/li>\n<li> En el cuadro de entrada de la f\u00f3rmula, ingrese =SI(CONTAR.SI(E2,\u00bbA*\u00bb),VERDADERO,FALSO).<\/li>\n<li> Establezca el formato deseado que desea utilizar para resaltar. <\/li>\n<\/ul>\n<div class=\"wp-block-image\">\n<figure class=\"aligncenter\"><img decoding=\"async\" src=\"https:\/\/exceladvisor.org\/wp-content\/uploads\/2023\/08\/Caracteres-generiques-dans-Excel-8-1.png\" sizes=\"\" srcset=\"\" alt=\"\"><\/figure>\n<\/div>\n<ul>\n<li> Ahora utilic\u00e9 formato condicional en la primera celda de la lista y necesito aplicarlo a toda la lista.<\/li>\n<li> Seleccione la primera celda en la que aplic\u00f3 su regla de formato.<\/li>\n<li> Vaya a Inicio \u2192 Portapapeles \u2192 Copiar formato.<\/li>\n<li> Seleccione la lista completa y se resaltar\u00e1n todos los nombres que comiencen con la letra A. <\/li>\n<\/ul>\n<div class=\"wp-block-image\">\n<figure class=\"aligncenter\"><img decoding=\"async\" src=\"https:\/\/exceladvisor.org\/wp-content\/uploads\/2023\/08\/Caracteres-generiques-dans-Excel-9-1.png\" sizes=\"\" srcset=\"\" alt=\"\"><\/figure>\n<\/div>\n<h3 id=\"tab-con-10\" class=\"wp-block-heading\"> 5. Filtrar valores<\/h3>\n<p> Los comodines funcionan como magia en los filtros. Supongamos que tiene una lista de ciudades y desea filtrar los nombres de ciudades que comienzan con A, B, C o cualquier otra letra. Puede utilizar A*, B* o C* para esto. <\/p>\n<div class=\"wp-block-image\">\n<figure class=\"aligncenter\"><img decoding=\"async\" src=\"https:\/\/exceladvisor.org\/wp-content\/uploads\/2023\/08\/utiliser-des-caracteres-generiques-Excel-avec-des-filtres.gif\" sizes=\"\" srcset=\"\" alt=\"utilizar comodines de Excel con filtros\"><\/figure>\n<\/div>\n<p> Esto te dar\u00e1 el nombre exacto de las ciudades que comienzan con esa letra. Y, si desea buscar un car\u00e1cter que termine con una letra espec\u00edfica, puede usarlo antes de esa letra (*A, *B,*C, etc.).<\/p>\n<h3 id=\"tab-con-11\" class=\"wp-block-heading\"> 6. Con n\u00fameros<\/h3>\n<p> Puede utilizar estos comodines con n\u00fameros, pero debe convertirlos en texto. <\/p>\n<div class=\"wp-block-image\">\n<figure class=\"aligncenter\"><img decoding=\"async\" src=\"https:\/\/exceladvisor.org\/wp-content\/uploads\/2023\/08\/utiliser-des-caracteres-generiques-dans-Excel-lorsque-vous-navez-que-des-chiffres.png\" sizes=\"\" srcset=\"\" alt=\"use comodines en Excel cuando solo tenga n\u00fameros\"><\/figure>\n<\/div>\n<p> En el ejemplo anterior, utiliz\u00f3 la funci\u00f3n de coincidencia y la funci\u00f3n de texto para realizar una coincidencia parcial. La funci\u00f3n de texto devuelve una matriz al convertir todo el rango en texto y despu\u00e9s de esta funci\u00f3n de coincidencia busca un valor que comience desde 98.<\/p>\n<h2 id=\"tab-con-4\" class=\"wp-block-heading\"> Archivo de ejemplo<\/h2>\n<p> <a style=\"outline: none;\" href=\"https:\/\/exceladvisor.org\/wp-content\/uploads\/2023\/11\/caracteres-generiques.xlsx\" rel=\"nofollow\">Descargue este archivo de muestra aqu\u00ed<\/a> para obtener m\u00e1s informaci\u00f3n.<\/p>\n<h2 id=\"tab-con-12\" class=\"wp-block-heading\"> Conclusi\u00f3n<\/h2>\n<p> Con comodines, puede mejorar la potencia de las funciones cuando sus datos no est\u00e1n en el formato correcto.<\/p>\n<p> Estos caracteres le ayudan a encontrar o hacer coincidir un valor mediante una coincidencia parcial, lo que le permite trabajar con valores de texto irregulares. Y lo mejor es que tienes tres personajes diferentes para usar.<\/p>\n<p> <strong>\u00bfAlguna vez has usado estos comodines antes?<\/strong><\/p>\n<p> Comparta sus pensamientos conmigo en la secci\u00f3n de comentarios, me encantar\u00eda saber de usted. Y no olvides compartir este consejo con tus amigos.<\/p>\n<div class=\"gb-container gb-container-0df56012 gb-container-mt\"> <a class=\"gb-button gb-button-f9f432f4 gb-button-text gb-button-mt-button\" href=\"https:\/\/exceladvisor.org\/es\/formulas\/\">Lista de f\u00f3rmulas de Excel<\/a><\/p>\n<h2 class=\"gb-headline gb-headline-233444e8 gb-headline-text gb-headline-mt-heading\"> F\u00f3rmulas relacionadas <\/h2>\n<div class=\"gb-grid-wrapper gb-grid-wrapper-a16fa65c gb-grid-wrapper-mt-grid\">\n<div class=\"gb-grid-column gb-grid-column-50d07e0d\">\n<div class=\"gb-container gb-container-50d07e0d\">\n<ul>\n<li> <a href=\"https:\/\/exceladvisor.org\/es\/referencia-3d\/\">Referencia 3D en Excel<\/a><\/li>\n<li> <a href=\"https:\/\/exceladvisor.org\/es\/ocultar-formula\/\">Ocultar f\u00f3rmula en Excel<\/a><\/li>\n<li> <a href=\"https:\/\/exceladvisor.org\/es\/r1c1\/\">Estilo de referencia R1C1 en Excel<\/a><\/li>\n<\/ul>\n<\/div>\n<\/div>\n<\/div>\n<\/div>\n","protected":false},"excerpt":{"rendered":"<p>A veces trabajar con datos no es tan f\u00e1cil, a veces nos enfrentamos a problemas complejos. Suponga que desea buscar el texto \u00abDelhi\u00bb en los datos. Pero en estos datos aparece la palabra \u201cNueva Delhi\u201d y no \u201cDelhi\u201d. Ahora bien, en esta situaci\u00f3n no puedes hacer coincidencias ni buscar. Aqu\u00ed necesita una forma que le [&hellip;]<\/p>\n","protected":false},"author":1,"featured_media":0,"parent":0,"menu_order":0,"comment_status":"open","ping_status":"closed","template":"","meta":{"ub_ctt_via":"","footnotes":""},"class_list":["post-271","page","type-page","status-publish","hentry"],"featured_image_src":null,"yoast_head":"<!-- This site is optimized with the Yoast SEO plugin v25.4 - https:\/\/yoast.com\/wordpress\/plugins\/seo\/ -->\n<title>Comodines de excel: \u00bfasterisco*, signo de interrogaci\u00f3n?<\/title>\n<meta name=\"robots\" content=\"index, follow, max-snippet:-1, max-image-preview:large, max-video-preview:-1\" \/>\n<link rel=\"canonical\" href=\"https:\/\/exceladvisor.org\/es\/comodines-2\/\" \/>\n<meta property=\"og:locale\" content=\"es_ES\" \/>\n<meta property=\"og:type\" content=\"article\" \/>\n<meta property=\"og:title\" content=\"Comodines de excel: \u00bfasterisco*, signo de interrogaci\u00f3n?\" \/>\n<meta property=\"og:description\" content=\"A veces trabajar con datos no es tan f\u00e1cil, a veces nos enfrentamos a problemas complejos. Suponga que desea buscar el texto \u00abDelhi\u00bb en los datos. Pero en estos datos aparece la palabra \u201cNueva Delhi\u201d y no \u201cDelhi\u201d. Ahora bien, en esta situaci\u00f3n no puedes hacer coincidencias ni buscar. Aqu\u00ed necesita una forma que le [&hellip;]\" \/>\n<meta property=\"og:url\" content=\"https:\/\/exceladvisor.org\/es\/comodines-2\/\" \/>\n<meta property=\"og:site_name\" content=\"Excel Advisor\" \/>\n<meta property=\"article:modified_time\" content=\"2023-12-25T10:32:45+00:00\" \/>\n<meta property=\"og:image\" content=\"https:\/\/exceladvisor.org\/wp-content\/uploads\/2023\/08\/donnees-de-ville-a-utiliser-avec-des-caracteres-generiques-asterisque-dans-Excel.png\" \/>\n<meta name=\"twitter:card\" content=\"summary_large_image\" \/>\n<meta name=\"twitter:label1\" content=\"Tiempo de lectura\" \/>\n\t<meta name=\"twitter:data1\" content=\"6 minutos\" \/>\n<script type=\"application\/ld+json\" class=\"yoast-schema-graph\">{\"@context\":\"https:\/\/schema.org\",\"@graph\":[{\"@type\":\"WebPage\",\"@id\":\"https:\/\/exceladvisor.org\/es\/comodines-2\/\",\"url\":\"https:\/\/exceladvisor.org\/es\/comodines-2\/\",\"name\":\"Comodines de excel: \u00bfasterisco*, signo de interrogaci\u00f3n?\",\"isPartOf\":{\"@id\":\"https:\/\/exceladvisor.org\/es\/#website\"},\"primaryImageOfPage\":{\"@id\":\"https:\/\/exceladvisor.org\/es\/comodines-2\/#primaryimage\"},\"image\":{\"@id\":\"https:\/\/exceladvisor.org\/es\/comodines-2\/#primaryimage\"},\"thumbnailUrl\":\"https:\/\/exceladvisor.org\/wp-content\/uploads\/2023\/08\/donnees-de-ville-a-utiliser-avec-des-caracteres-generiques-asterisque-dans-Excel.png\",\"datePublished\":\"2023-11-07T22:26:40+00:00\",\"dateModified\":\"2023-12-25T10:32:45+00:00\",\"breadcrumb\":{\"@id\":\"https:\/\/exceladvisor.org\/es\/comodines-2\/#breadcrumb\"},\"inLanguage\":\"es\",\"potentialAction\":[{\"@type\":\"ReadAction\",\"target\":[\"https:\/\/exceladvisor.org\/es\/comodines-2\/\"]}]},{\"@type\":\"ImageObject\",\"inLanguage\":\"es\",\"@id\":\"https:\/\/exceladvisor.org\/es\/comodines-2\/#primaryimage\",\"url\":\"https:\/\/exceladvisor.org\/wp-content\/uploads\/2023\/08\/donnees-de-ville-a-utiliser-avec-des-caracteres-generiques-asterisque-dans-Excel.png\",\"contentUrl\":\"https:\/\/exceladvisor.org\/wp-content\/uploads\/2023\/08\/donnees-de-ville-a-utiliser-avec-des-caracteres-generiques-asterisque-dans-Excel.png\"},{\"@type\":\"BreadcrumbList\",\"@id\":\"https:\/\/exceladvisor.org\/es\/comodines-2\/#breadcrumb\",\"itemListElement\":[{\"@type\":\"ListItem\",\"position\":1,\"name\":\"Hogar\",\"item\":\"https:\/\/exceladvisor.org\/es\/\"},{\"@type\":\"ListItem\",\"position\":2,\"name\":\"Comodines de excel: \u00bfasterisco*, signo de interrogaci\u00f3n?\"}]},{\"@type\":\"WebSite\",\"@id\":\"https:\/\/exceladvisor.org\/es\/#website\",\"url\":\"https:\/\/exceladvisor.org\/es\/\",\"name\":\"Excel Advisor\",\"description\":\"Su gu\u00eda para la dominaci\u00f3n de datos!\",\"publisher\":{\"@id\":\"https:\/\/exceladvisor.org\/es\/#organization\"},\"potentialAction\":[{\"@type\":\"SearchAction\",\"target\":{\"@type\":\"EntryPoint\",\"urlTemplate\":\"https:\/\/exceladvisor.org\/es\/?s={search_term_string}\"},\"query-input\":{\"@type\":\"PropertyValueSpecification\",\"valueRequired\":true,\"valueName\":\"search_term_string\"}}],\"inLanguage\":\"es\"},{\"@type\":\"Organization\",\"@id\":\"https:\/\/exceladvisor.org\/es\/#organization\",\"name\":\"Excel Advisor\",\"url\":\"https:\/\/exceladvisor.org\/es\/\",\"logo\":{\"@type\":\"ImageObject\",\"inLanguage\":\"es\",\"@id\":\"https:\/\/exceladvisor.org\/es\/#\/schema\/logo\/image\/\",\"url\":\"https:\/\/exceladvisor.org\/es\/wp-content\/uploads\/2023\/12\/exceladvisor.org_.png\",\"contentUrl\":\"https:\/\/exceladvisor.org\/es\/wp-content\/uploads\/2023\/12\/exceladvisor.org_.png\",\"width\":105,\"height\":36,\"caption\":\"Excel Advisor\"},\"image\":{\"@id\":\"https:\/\/exceladvisor.org\/es\/#\/schema\/logo\/image\/\"}}]}<\/script>\n<!-- \/ Yoast SEO plugin. -->","yoast_head_json":{"title":"Comodines de excel: \u00bfasterisco*, signo de interrogaci\u00f3n?","robots":{"index":"index","follow":"follow","max-snippet":"max-snippet:-1","max-image-preview":"max-image-preview:large","max-video-preview":"max-video-preview:-1"},"canonical":"https:\/\/exceladvisor.org\/es\/comodines-2\/","og_locale":"es_ES","og_type":"article","og_title":"Comodines de excel: \u00bfasterisco*, signo de interrogaci\u00f3n?","og_description":"A veces trabajar con datos no es tan f\u00e1cil, a veces nos enfrentamos a problemas complejos. Suponga que desea buscar el texto \u00abDelhi\u00bb en los datos. Pero en estos datos aparece la palabra \u201cNueva Delhi\u201d y no \u201cDelhi\u201d. Ahora bien, en esta situaci\u00f3n no puedes hacer coincidencias ni buscar. Aqu\u00ed necesita una forma que le [&hellip;]","og_url":"https:\/\/exceladvisor.org\/es\/comodines-2\/","og_site_name":"Excel Advisor","article_modified_time":"2023-12-25T10:32:45+00:00","og_image":[{"url":"https:\/\/exceladvisor.org\/wp-content\/uploads\/2023\/08\/donnees-de-ville-a-utiliser-avec-des-caracteres-generiques-asterisque-dans-Excel.png","type":"","width":"","height":""}],"twitter_card":"summary_large_image","twitter_misc":{"Tiempo de lectura":"6 minutos"},"schema":{"@context":"https:\/\/schema.org","@graph":[{"@type":"WebPage","@id":"https:\/\/exceladvisor.org\/es\/comodines-2\/","url":"https:\/\/exceladvisor.org\/es\/comodines-2\/","name":"Comodines de excel: \u00bfasterisco*, signo de interrogaci\u00f3n?","isPartOf":{"@id":"https:\/\/exceladvisor.org\/es\/#website"},"primaryImageOfPage":{"@id":"https:\/\/exceladvisor.org\/es\/comodines-2\/#primaryimage"},"image":{"@id":"https:\/\/exceladvisor.org\/es\/comodines-2\/#primaryimage"},"thumbnailUrl":"https:\/\/exceladvisor.org\/wp-content\/uploads\/2023\/08\/donnees-de-ville-a-utiliser-avec-des-caracteres-generiques-asterisque-dans-Excel.png","datePublished":"2023-11-07T22:26:40+00:00","dateModified":"2023-12-25T10:32:45+00:00","breadcrumb":{"@id":"https:\/\/exceladvisor.org\/es\/comodines-2\/#breadcrumb"},"inLanguage":"es","potentialAction":[{"@type":"ReadAction","target":["https:\/\/exceladvisor.org\/es\/comodines-2\/"]}]},{"@type":"ImageObject","inLanguage":"es","@id":"https:\/\/exceladvisor.org\/es\/comodines-2\/#primaryimage","url":"https:\/\/exceladvisor.org\/wp-content\/uploads\/2023\/08\/donnees-de-ville-a-utiliser-avec-des-caracteres-generiques-asterisque-dans-Excel.png","contentUrl":"https:\/\/exceladvisor.org\/wp-content\/uploads\/2023\/08\/donnees-de-ville-a-utiliser-avec-des-caracteres-generiques-asterisque-dans-Excel.png"},{"@type":"BreadcrumbList","@id":"https:\/\/exceladvisor.org\/es\/comodines-2\/#breadcrumb","itemListElement":[{"@type":"ListItem","position":1,"name":"Hogar","item":"https:\/\/exceladvisor.org\/es\/"},{"@type":"ListItem","position":2,"name":"Comodines de excel: \u00bfasterisco*, signo de interrogaci\u00f3n?"}]},{"@type":"WebSite","@id":"https:\/\/exceladvisor.org\/es\/#website","url":"https:\/\/exceladvisor.org\/es\/","name":"Excel Advisor","description":"Su gu\u00eda para la dominaci\u00f3n de datos!","publisher":{"@id":"https:\/\/exceladvisor.org\/es\/#organization"},"potentialAction":[{"@type":"SearchAction","target":{"@type":"EntryPoint","urlTemplate":"https:\/\/exceladvisor.org\/es\/?s={search_term_string}"},"query-input":{"@type":"PropertyValueSpecification","valueRequired":true,"valueName":"search_term_string"}}],"inLanguage":"es"},{"@type":"Organization","@id":"https:\/\/exceladvisor.org\/es\/#organization","name":"Excel Advisor","url":"https:\/\/exceladvisor.org\/es\/","logo":{"@type":"ImageObject","inLanguage":"es","@id":"https:\/\/exceladvisor.org\/es\/#\/schema\/logo\/image\/","url":"https:\/\/exceladvisor.org\/es\/wp-content\/uploads\/2023\/12\/exceladvisor.org_.png","contentUrl":"https:\/\/exceladvisor.org\/es\/wp-content\/uploads\/2023\/12\/exceladvisor.org_.png","width":105,"height":36,"caption":"Excel Advisor"},"image":{"@id":"https:\/\/exceladvisor.org\/es\/#\/schema\/logo\/image\/"}}]}},"yoast_meta":{"yoast_wpseo_title":"","yoast_wpseo_metadesc":"","yoast_wpseo_canonical":""},"_links":{"self":[{"href":"https:\/\/exceladvisor.org\/es\/wp-json\/wp\/v2\/pages\/271","targetHints":{"allow":["GET"]}}],"collection":[{"href":"https:\/\/exceladvisor.org\/es\/wp-json\/wp\/v2\/pages"}],"about":[{"href":"https:\/\/exceladvisor.org\/es\/wp-json\/wp\/v2\/types\/page"}],"author":[{"embeddable":true,"href":"https:\/\/exceladvisor.org\/es\/wp-json\/wp\/v2\/users\/1"}],"replies":[{"embeddable":true,"href":"https:\/\/exceladvisor.org\/es\/wp-json\/wp\/v2\/comments?post=271"}],"version-history":[{"count":1,"href":"https:\/\/exceladvisor.org\/es\/wp-json\/wp\/v2\/pages\/271\/revisions"}],"predecessor-version":[{"id":1436,"href":"https:\/\/exceladvisor.org\/es\/wp-json\/wp\/v2\/pages\/271\/revisions\/1436"}],"wp:attachment":[{"href":"https:\/\/exceladvisor.org\/es\/wp-json\/wp\/v2\/media?parent=271"}],"curies":[{"name":"wp","href":"https:\/\/api.w.org\/{rel}","templated":true}]}}