{"id":272,"date":"2023-11-07T22:12:22","date_gmt":"2023-11-07T22:12:22","guid":{"rendered":"https:\/\/exceladvisor.org\/es\/extraer-ano-mes\/"},"modified":"2023-12-25T10:25:17","modified_gmt":"2023-12-25T10:25:17","slug":"extraer-ano-mes","status":"publish","type":"page","link":"https:\/\/exceladvisor.org\/es\/extraer-ano-mes\/","title":{"rendered":"\u00bfc\u00f3mo extraer el a\u00f1o o mes de una fecha?"},"content":{"rendered":"<div class=\"excel-antes-del-contenido\" id=\"excel-2443065065\"><script type=\"text\/javascript\">\r\n\tatOptions = {\r\n\t\t'key' : 'c1158f160081d6540a8409e6925dab94',\r\n\t\t'format' : 'iframe',\r\n\t\t'height' : 250,\r\n\t\t'width' : 300,\r\n\t\t'params' : {}\r\n\t};\r\n<\/script>\r\n<script type=\"text\/javascript\" src=\"\/\/www.highperformanceformat.com\/c1158f160081d6540a8409e6925dab94\/invoke.js\"><\/script><\/div><p>Cuando trabaje en Excel, es posible que necesite obtener el a\u00f1o solo a partir de una fecha. Bueno, existe una f\u00f3rmula sencilla que puedes utilizar para hacer esto. En este tutorial, buscaremos extraer un a\u00f1o o un mes de una fecha en Excel. <\/p>\n<div class=\"wp-block-image\">\n<figure class=\"aligncenter size-full is-resized\"><img loading=\"lazy\" decoding=\"async\" class=\"wp-image-74940\" src=\"https:\/\/exceladvisor.org\/wp-content\/uploads\/2023\/08\/1-an-a-compter-de-la-date.png\" sizes=\"auto, \" srcset=\"\" alt=\"a\u00f1o desde la fecha\" width=\"473\" height=\"270\"><\/figure>\n<\/div>\n<h2 class=\"wp-block-heading\"> Extraer el a\u00f1o de una fecha.<\/h2>\n<p> Para obtener el a\u00f1o a partir de la fecha en la celda A1, siga estos pasos:<\/p>\n<ol type=\"1\">\n<li> Primero, <a href=\"https:\/\/exceladvisor.org\/es\/editar-celda\/\">edite la celda B1<\/a> e ingrese \u201c=\u00bb.<\/li>\n<li> Despu\u00e9s de eso, ingrese la funci\u00f3n A\u00d1O y los par\u00e9ntesis iniciales.<\/li>\n<li> Ahora consulta la celda A1 donde tienes la fecha.<\/li>\n<li> Al final, ingrese los par\u00e9ntesis de cierre y presione Enter para obtener el resultado. <\/li>\n<\/ol>\n<div class=\"wp-block-image\">\n<figure class=\"aligncenter size-full is-resized\"><img loading=\"lazy\" decoding=\"async\" class=\"wp-image-74941\" src=\"https:\/\/exceladvisor.org\/wp-content\/uploads\/2023\/08\/2-extraire-lannee-a-partir-de-la-date.png\" sizes=\"auto, \" srcset=\"\" alt=\"extracto-a\u00f1o-desde-fecha\" width=\"266\" height=\"101\"><\/figure>\n<\/div>\n<pre class=\"wp-block-code\"> <code class=\"language-excel-formula\" lang=\"excel-formula\">=YEAR(A1)<\/code><\/pre>\n<h2 class=\"wp-block-heading\"> Extraer el mes de una fecha<\/h2>\n<p> Si tiene una fecha en la celda A1 y desea extraer el mes de ella, siga estos pasos:<\/p>\n<ol>\n<li> Primero, en la celda B1, ingrese \u00ab=\u00bb.<\/li>\n<li> Despu\u00e9s de eso, ingrese la funci\u00f3n MES y comience los par\u00e9ntesis.<\/li>\n<li> Ahora consulta la celda A1 donde tienes la fecha.<\/li>\n<li> Al final, ingrese los par\u00e9ntesis de cierre y presione Enter para obtener el resultado. <\/li>\n<\/ol>\n<div class=\"wp-block-image\">\n<figure class=\"aligncenter size-full is-resized\"><img loading=\"lazy\" decoding=\"async\" class=\"wp-image-74942\" src=\"https:\/\/exceladvisor.org\/wp-content\/uploads\/2023\/08\/3-extrait-mois-a-partir-de-la-date.png\" sizes=\"auto, \" srcset=\"\" alt=\"extracto del mes a partir de la fecha\" width=\"501\" height=\"251\"><\/figure>\n<\/div>\n<pre class=\"wp-block-code\"> <code class=\"language-excel-formula\" lang=\"excel-formula\">=MONTH(A1)<\/code><\/pre>\n<h2 class=\"wp-block-heading\"> Utilice la funci\u00f3n TEXTO para obtener el a\u00f1o o mes a partir de la fecha<\/h2>\n<p> Adem\u00e1s de las funciones que comentamos anteriormente, puede utilizar TEXTO para obtener el a\u00f1o y el mes a partir de la fecha. En la funci\u00f3n de texto tienes dos argumentos para configurar, el primero es la fecha y el segundo es el formato_texto que deseas extraer de la fecha.<\/p>\n<p> En el siguiente ejemplo, tiene la funci\u00f3n de texto con formato de texto \u00abAAAA\u00bb que devuelve el a\u00f1o en cuatro d\u00edgitos. <\/p>\n<div class=\"wp-block-image\">\n<figure class=\"aligncenter size-full is-resized\"><img loading=\"lazy\" decoding=\"async\" class=\"wp-image-74943\" src=\"https:\/\/exceladvisor.org\/wp-content\/uploads\/2023\/08\/4-fonction-de-texte-pour-obtenir-lannee.png\" sizes=\"auto, \" srcset=\"\" alt=\"funci\u00f3n-texto-para-obtener-a\u00f1o\" width=\"478\" height=\"227\"><\/figure>\n<\/div>\n<p> Y si desea obtener un a\u00f1o de dos d\u00edgitos, puede utilizar el siguiente formato_texto. <\/p>\n<div class=\"wp-block-image\">\n<figure class=\"aligncenter size-full is-resized\"><img loading=\"lazy\" decoding=\"async\" class=\"wp-image-74944\" src=\"https:\/\/exceladvisor.org\/wp-content\/uploads\/2023\/08\/5-fonction-de-texte-annee-a-deux-chiffres.png\" sizes=\"auto, \" srcset=\"\" alt=\"funci\u00f3n-texto-a\u00f1o-dos-d\u00edgitos\" width=\"472\" height=\"273\"><\/figure>\n<\/div>\n<p> De manera similar, puede usar format_text \u00abMMM\u00bb para obtener el valor del mes a partir de la fecha. <\/p>\n<div class=\"wp-block-image\">\n<figure class=\"aligncenter size-full is-resized\"><img loading=\"lazy\" decoding=\"async\" class=\"wp-image-74945\" src=\"https:\/\/exceladvisor.org\/wp-content\/uploads\/2023\/08\/6-fonction-de-texte-pour-obtenir-le-mois.png\" sizes=\"auto, \" srcset=\"\" alt=\"funci\u00f3n-texto-para-obtener-mes\" width=\"472\" height=\"275\"><\/figure>\n<\/div>\n<p> Para obtener un mes con el nombre completo. <\/p>\n<div class=\"wp-block-image\">\n<figure class=\"aligncenter size-full is-resized\"><img loading=\"lazy\" decoding=\"async\" class=\"wp-image-74946\" src=\"https:\/\/exceladvisor.org\/wp-content\/uploads\/2023\/08\/7-mois-complet.png\" sizes=\"auto, \" srcset=\"\" alt=\"nombre del mes completo\" width=\"482\" height=\"252\"><\/figure>\n<\/div>\n<p> Y para obtener s\u00f3lo el n\u00famero en el resultado. <\/p>\n<div class=\"wp-block-image\">\n<figure class=\"aligncenter size-full is-resized\"><img loading=\"lazy\" decoding=\"async\" class=\"wp-image-74947\" src=\"https:\/\/exceladvisor.org\/wp-content\/uploads\/2023\/08\/8-obtenir-le-mois-en-nombre.png\" sizes=\"auto, \" srcset=\"\" alt=\"obtener mes como n\u00famero\" width=\"474\" height=\"246\"><\/figure>\n<\/div>\n<h2 class=\"wp-block-heading\"> Usar formato personalizado Obtener un a\u00f1o o mes en una fecha<\/h2>\n<p> Tambi\u00e9n puede utilizar un formato personalizado para convertir una fecha en un a\u00f1o o mes. Este m\u00e9todo solo muestra el a\u00f1o o mes de una fecha que tiene en la celda. <\/p>\n<div class=\"wp-block-image\">\n<figure class=\"aligncenter size-full is-resized\"><img loading=\"lazy\" decoding=\"async\" class=\"wp-image-74948\" src=\"https:\/\/exceladvisor.org\/wp-content\/uploads\/2023\/08\/9-formatage-personnalise-pour-obtenir-lannee.png\" sizes=\"auto, \" srcset=\"\" alt=\"formato personalizado para obtener el a\u00f1o\" width=\"641\" height=\"391\"><\/figure>\n<\/div>\n<ol type=\"1\">\n<li> Seleccione la celda o rango de celdas donde se encuentran las fechas.<\/li>\n<li> Abra las opciones de formato <a href=\"https:\/\/exceladvisor.org\/es\/opciones-de-celda-de-formato-abierto\/\">usando Ctrl + 1<\/a> .<\/li>\n<li> Haga clic en la opci\u00f3n Personalizado y luego haga clic en el tipo de barra de entrada \u00abAAAA\u00bb.<\/li>\n<li> Y luego haga clic en Aceptar.<\/li>\n<\/ol>\n<p> En el momento en que hace clic en Aceptar, le muestra el a\u00f1o en lugar de la fecha completa. <\/p>\n<div class=\"wp-block-image\">\n<figure class=\"aligncenter size-full is-resized\"><img loading=\"lazy\" decoding=\"async\" class=\"wp-image-74949\" src=\"https:\/\/exceladvisor.org\/wp-content\/uploads\/2023\/08\/10-annee-de-spectacle-seulement.png\" sizes=\"auto, \" srcset=\"\" alt=\"solo a\u00f1o de exposici\u00f3n\" width=\"380\" height=\"264\"><\/figure>\n<\/div>\n<p> Y de manera similar, puede ingresar el formato del mes en la barra de entrada \u00abTipo\u00bb para mostrar el mes en lugar de la fecha. <\/p>\n<div class=\"wp-block-image\">\n<figure class=\"aligncenter size-full is-resized\"><img loading=\"lazy\" decoding=\"async\" class=\"wp-image-74950\" src=\"https:\/\/exceladvisor.org\/wp-content\/uploads\/2023\/08\/11-saisir-le-mois-dans-la-barre-de-saisie.png\" sizes=\"auto, \" srcset=\"\" alt=\"ingrese el mes en la barra de entrada\" width=\"619\" height=\"367\"><\/figure>\n<\/div>\n<div class=\"gb-container gb-container-52dfcee1 gb-container-sample-file\">\n<h2 class=\"gb-headline gb-headline-e289c143 gb-headline-text gb-headline-4f7959c2\"> Obtener el archivo Excel<\/h2>\n<p> <a class=\"gb-button gb-button-e88d6bee gb-button-text gb-button-button1\" href=\"https:\/\/exceladvisor.org\/wp-content\/uploads\/2023\/08\/extraire-lannee.xlsx\" rel=\"nofollow\">Descargar<\/a><\/p>\n<\/div>\n<div class=\"gb-container gb-container-0df56012 gb-container-mt\"> <a class=\"gb-button gb-button-f9f432f4 gb-button-text gb-button-mt-button\" href=\"https:\/\/exceladvisor.org\/es\/formulas\/\">Lista de f\u00f3rmulas de Excel<\/a><\/p>\n<h2 class=\"gb-headline gb-headline-233444e8 gb-headline-text gb-headline-mt-heading\"> F\u00f3rmulas relacionadas <\/h2>\n<div class=\"gb-grid-wrapper gb-grid-wrapper-a16fa65c gb-grid-wrapper-mt-grid\">\n<div class=\"gb-grid-column gb-grid-column-50d07e0d\">\n<div class=\"gb-container gb-container-50d07e0d\">\n<ul>\n<li> <a href=\"https:\/\/exceladvisor.org\/es\/agregar-anos-hasta-la-fecha\/\">Agregar a\u00f1os hasta la fecha en Excel<\/a><\/li>\n<li> <a href=\"https:\/\/exceladvisor.org\/es\/contar-los-anos-entre-dos-fechas\/\">Contar a\u00f1os entre dos fechas en Excel<\/a><\/li>\n<li> <a href=\"https:\/\/exceladvisor.org\/es\/obtener-el-numero-del-dia-del-ano\/\">Obtener el n\u00famero de d\u00edas del a\u00f1o en Excel.<\/a><\/li>\n<li> <a href=\"https:\/\/exceladvisor.org\/es\/obtenga-2-anos-de-servicio\/\">Obtenga a\u00f1os de servicio en Excel<\/a><\/li>\n<li> <a href=\"https:\/\/exceladvisor.org\/es\/anos-entre-fechas\/\">A\u00f1os entre fechas en Excel<\/a> <\/li>\n<\/ul>\n<\/div>\n<\/div>\n<div class=\"gb-grid-column gb-grid-column-5b4a0cf9\">\n<div class=\"gb-container gb-container-5b4a0cf9\"><\/div>\n<\/div>\n<\/div>\n<\/div>\n","protected":false},"excerpt":{"rendered":"<p>Cuando trabaje en Excel, es posible que necesite obtener el a\u00f1o solo a partir de una fecha. Bueno, existe una f\u00f3rmula sencilla que puedes utilizar para hacer esto. En este tutorial, buscaremos extraer un a\u00f1o o un mes de una fecha en Excel. Extraer el a\u00f1o de una fecha. Para obtener el a\u00f1o a partir [&hellip;]<\/p>\n","protected":false},"author":1,"featured_media":0,"parent":0,"menu_order":0,"comment_status":"open","ping_status":"closed","template":"","meta":{"ub_ctt_via":"","footnotes":""},"class_list":["post-272","page","type-page","status-publish","hentry"],"featured_image_src":null,"yoast_head":"<!-- This site is optimized with the Yoast SEO plugin v25.4 - https:\/\/yoast.com\/wordpress\/plugins\/seo\/ -->\n<title>\u00bfc\u00f3mo extraer el a\u00f1o o mes de una fecha?<\/title>\n<meta name=\"robots\" content=\"index, follow, max-snippet:-1, max-image-preview:large, max-video-preview:-1\" \/>\n<link rel=\"canonical\" href=\"https:\/\/exceladvisor.org\/es\/extraer-ano-mes\/\" \/>\n<meta property=\"og:locale\" content=\"es_ES\" \/>\n<meta property=\"og:type\" content=\"article\" \/>\n<meta property=\"og:title\" content=\"\u00bfc\u00f3mo extraer el a\u00f1o o mes de una fecha?\" \/>\n<meta property=\"og:description\" content=\"Cuando trabaje en Excel, es posible que necesite obtener el a\u00f1o solo a partir de una fecha. Bueno, existe una f\u00f3rmula sencilla que puedes utilizar para hacer esto. En este tutorial, buscaremos extraer un a\u00f1o o un mes de una fecha en Excel. Extraer el a\u00f1o de una fecha. Para obtener el a\u00f1o a partir [&hellip;]\" \/>\n<meta property=\"og:url\" content=\"https:\/\/exceladvisor.org\/es\/extraer-ano-mes\/\" \/>\n<meta property=\"og:site_name\" content=\"Excel Advisor\" \/>\n<meta property=\"article:modified_time\" content=\"2023-12-25T10:25:17+00:00\" \/>\n<meta property=\"og:image\" content=\"https:\/\/exceladvisor.org\/wp-content\/uploads\/2023\/08\/1-an-a-compter-de-la-date.png\" \/>\n<meta name=\"twitter:card\" content=\"summary_large_image\" \/>\n<meta name=\"twitter:label1\" content=\"Tiempo de lectura\" \/>\n\t<meta name=\"twitter:data1\" content=\"3 minutos\" \/>\n<script type=\"application\/ld+json\" class=\"yoast-schema-graph\">{\"@context\":\"https:\/\/schema.org\",\"@graph\":[{\"@type\":\"WebPage\",\"@id\":\"https:\/\/exceladvisor.org\/es\/extraer-ano-mes\/\",\"url\":\"https:\/\/exceladvisor.org\/es\/extraer-ano-mes\/\",\"name\":\"\u00bfc\u00f3mo extraer el a\u00f1o o mes de una fecha?\",\"isPartOf\":{\"@id\":\"https:\/\/exceladvisor.org\/es\/#website\"},\"primaryImageOfPage\":{\"@id\":\"https:\/\/exceladvisor.org\/es\/extraer-ano-mes\/#primaryimage\"},\"image\":{\"@id\":\"https:\/\/exceladvisor.org\/es\/extraer-ano-mes\/#primaryimage\"},\"thumbnailUrl\":\"https:\/\/exceladvisor.org\/wp-content\/uploads\/2023\/08\/1-an-a-compter-de-la-date.png\",\"datePublished\":\"2023-11-07T22:12:22+00:00\",\"dateModified\":\"2023-12-25T10:25:17+00:00\",\"breadcrumb\":{\"@id\":\"https:\/\/exceladvisor.org\/es\/extraer-ano-mes\/#breadcrumb\"},\"inLanguage\":\"es\",\"potentialAction\":[{\"@type\":\"ReadAction\",\"target\":[\"https:\/\/exceladvisor.org\/es\/extraer-ano-mes\/\"]}]},{\"@type\":\"ImageObject\",\"inLanguage\":\"es\",\"@id\":\"https:\/\/exceladvisor.org\/es\/extraer-ano-mes\/#primaryimage\",\"url\":\"https:\/\/exceladvisor.org\/wp-content\/uploads\/2023\/08\/1-an-a-compter-de-la-date.png\",\"contentUrl\":\"https:\/\/exceladvisor.org\/wp-content\/uploads\/2023\/08\/1-an-a-compter-de-la-date.png\"},{\"@type\":\"BreadcrumbList\",\"@id\":\"https:\/\/exceladvisor.org\/es\/extraer-ano-mes\/#breadcrumb\",\"itemListElement\":[{\"@type\":\"ListItem\",\"position\":1,\"name\":\"Hogar\",\"item\":\"https:\/\/exceladvisor.org\/es\/\"},{\"@type\":\"ListItem\",\"position\":2,\"name\":\"\u00bfc\u00f3mo extraer el a\u00f1o o mes de una fecha?\"}]},{\"@type\":\"WebSite\",\"@id\":\"https:\/\/exceladvisor.org\/es\/#website\",\"url\":\"https:\/\/exceladvisor.org\/es\/\",\"name\":\"Excel Advisor\",\"description\":\"Su gu\u00eda para la dominaci\u00f3n de datos!\",\"publisher\":{\"@id\":\"https:\/\/exceladvisor.org\/es\/#organization\"},\"potentialAction\":[{\"@type\":\"SearchAction\",\"target\":{\"@type\":\"EntryPoint\",\"urlTemplate\":\"https:\/\/exceladvisor.org\/es\/?s={search_term_string}\"},\"query-input\":{\"@type\":\"PropertyValueSpecification\",\"valueRequired\":true,\"valueName\":\"search_term_string\"}}],\"inLanguage\":\"es\"},{\"@type\":\"Organization\",\"@id\":\"https:\/\/exceladvisor.org\/es\/#organization\",\"name\":\"Excel Advisor\",\"url\":\"https:\/\/exceladvisor.org\/es\/\",\"logo\":{\"@type\":\"ImageObject\",\"inLanguage\":\"es\",\"@id\":\"https:\/\/exceladvisor.org\/es\/#\/schema\/logo\/image\/\",\"url\":\"https:\/\/exceladvisor.org\/es\/wp-content\/uploads\/2023\/12\/exceladvisor.org_.png\",\"contentUrl\":\"https:\/\/exceladvisor.org\/es\/wp-content\/uploads\/2023\/12\/exceladvisor.org_.png\",\"width\":105,\"height\":36,\"caption\":\"Excel Advisor\"},\"image\":{\"@id\":\"https:\/\/exceladvisor.org\/es\/#\/schema\/logo\/image\/\"}}]}<\/script>\n<!-- \/ Yoast SEO plugin. -->","yoast_head_json":{"title":"\u00bfc\u00f3mo extraer el a\u00f1o o mes de una fecha?","robots":{"index":"index","follow":"follow","max-snippet":"max-snippet:-1","max-image-preview":"max-image-preview:large","max-video-preview":"max-video-preview:-1"},"canonical":"https:\/\/exceladvisor.org\/es\/extraer-ano-mes\/","og_locale":"es_ES","og_type":"article","og_title":"\u00bfc\u00f3mo extraer el a\u00f1o o mes de una fecha?","og_description":"Cuando trabaje en Excel, es posible que necesite obtener el a\u00f1o solo a partir de una fecha. Bueno, existe una f\u00f3rmula sencilla que puedes utilizar para hacer esto. En este tutorial, buscaremos extraer un a\u00f1o o un mes de una fecha en Excel. Extraer el a\u00f1o de una fecha. Para obtener el a\u00f1o a partir [&hellip;]","og_url":"https:\/\/exceladvisor.org\/es\/extraer-ano-mes\/","og_site_name":"Excel Advisor","article_modified_time":"2023-12-25T10:25:17+00:00","og_image":[{"url":"https:\/\/exceladvisor.org\/wp-content\/uploads\/2023\/08\/1-an-a-compter-de-la-date.png","type":"","width":"","height":""}],"twitter_card":"summary_large_image","twitter_misc":{"Tiempo de lectura":"3 minutos"},"schema":{"@context":"https:\/\/schema.org","@graph":[{"@type":"WebPage","@id":"https:\/\/exceladvisor.org\/es\/extraer-ano-mes\/","url":"https:\/\/exceladvisor.org\/es\/extraer-ano-mes\/","name":"\u00bfc\u00f3mo extraer el a\u00f1o o mes de una fecha?","isPartOf":{"@id":"https:\/\/exceladvisor.org\/es\/#website"},"primaryImageOfPage":{"@id":"https:\/\/exceladvisor.org\/es\/extraer-ano-mes\/#primaryimage"},"image":{"@id":"https:\/\/exceladvisor.org\/es\/extraer-ano-mes\/#primaryimage"},"thumbnailUrl":"https:\/\/exceladvisor.org\/wp-content\/uploads\/2023\/08\/1-an-a-compter-de-la-date.png","datePublished":"2023-11-07T22:12:22+00:00","dateModified":"2023-12-25T10:25:17+00:00","breadcrumb":{"@id":"https:\/\/exceladvisor.org\/es\/extraer-ano-mes\/#breadcrumb"},"inLanguage":"es","potentialAction":[{"@type":"ReadAction","target":["https:\/\/exceladvisor.org\/es\/extraer-ano-mes\/"]}]},{"@type":"ImageObject","inLanguage":"es","@id":"https:\/\/exceladvisor.org\/es\/extraer-ano-mes\/#primaryimage","url":"https:\/\/exceladvisor.org\/wp-content\/uploads\/2023\/08\/1-an-a-compter-de-la-date.png","contentUrl":"https:\/\/exceladvisor.org\/wp-content\/uploads\/2023\/08\/1-an-a-compter-de-la-date.png"},{"@type":"BreadcrumbList","@id":"https:\/\/exceladvisor.org\/es\/extraer-ano-mes\/#breadcrumb","itemListElement":[{"@type":"ListItem","position":1,"name":"Hogar","item":"https:\/\/exceladvisor.org\/es\/"},{"@type":"ListItem","position":2,"name":"\u00bfc\u00f3mo extraer el a\u00f1o o mes de una fecha?"}]},{"@type":"WebSite","@id":"https:\/\/exceladvisor.org\/es\/#website","url":"https:\/\/exceladvisor.org\/es\/","name":"Excel Advisor","description":"Su gu\u00eda para la dominaci\u00f3n de datos!","publisher":{"@id":"https:\/\/exceladvisor.org\/es\/#organization"},"potentialAction":[{"@type":"SearchAction","target":{"@type":"EntryPoint","urlTemplate":"https:\/\/exceladvisor.org\/es\/?s={search_term_string}"},"query-input":{"@type":"PropertyValueSpecification","valueRequired":true,"valueName":"search_term_string"}}],"inLanguage":"es"},{"@type":"Organization","@id":"https:\/\/exceladvisor.org\/es\/#organization","name":"Excel Advisor","url":"https:\/\/exceladvisor.org\/es\/","logo":{"@type":"ImageObject","inLanguage":"es","@id":"https:\/\/exceladvisor.org\/es\/#\/schema\/logo\/image\/","url":"https:\/\/exceladvisor.org\/es\/wp-content\/uploads\/2023\/12\/exceladvisor.org_.png","contentUrl":"https:\/\/exceladvisor.org\/es\/wp-content\/uploads\/2023\/12\/exceladvisor.org_.png","width":105,"height":36,"caption":"Excel Advisor"},"image":{"@id":"https:\/\/exceladvisor.org\/es\/#\/schema\/logo\/image\/"}}]}},"yoast_meta":{"yoast_wpseo_title":"","yoast_wpseo_metadesc":"","yoast_wpseo_canonical":""},"_links":{"self":[{"href":"https:\/\/exceladvisor.org\/es\/wp-json\/wp\/v2\/pages\/272","targetHints":{"allow":["GET"]}}],"collection":[{"href":"https:\/\/exceladvisor.org\/es\/wp-json\/wp\/v2\/pages"}],"about":[{"href":"https:\/\/exceladvisor.org\/es\/wp-json\/wp\/v2\/types\/page"}],"author":[{"embeddable":true,"href":"https:\/\/exceladvisor.org\/es\/wp-json\/wp\/v2\/users\/1"}],"replies":[{"embeddable":true,"href":"https:\/\/exceladvisor.org\/es\/wp-json\/wp\/v2\/comments?post=272"}],"version-history":[{"count":1,"href":"https:\/\/exceladvisor.org\/es\/wp-json\/wp\/v2\/pages\/272\/revisions"}],"predecessor-version":[{"id":1034,"href":"https:\/\/exceladvisor.org\/es\/wp-json\/wp\/v2\/pages\/272\/revisions\/1034"}],"wp:attachment":[{"href":"https:\/\/exceladvisor.org\/es\/wp-json\/wp\/v2\/media?parent=272"}],"curies":[{"name":"wp","href":"https:\/\/api.w.org\/{rel}","templated":true}]}}