{"id":273,"date":"2023-11-07T21:54:41","date_gmt":"2023-11-07T21:54:41","guid":{"rendered":"https:\/\/exceladvisor.org\/es\/correcto-incorrecto\/"},"modified":"2023-12-25T10:34:04","modified_gmt":"2023-12-25T10:34:04","slug":"correcto-incorrecto","status":"publish","type":"page","link":"https:\/\/exceladvisor.org\/es\/correcto-incorrecto\/","title":{"rendered":"Verdadero y falso en excel (valores booleanos)"},"content":{"rendered":"<div class=\"excel-antes-del-contenido\" id=\"excel-4081398990\"><script type=\"text\/javascript\">\r\n\tatOptions = {\r\n\t\t'key' : 'c1158f160081d6540a8409e6925dab94',\r\n\t\t'format' : 'iframe',\r\n\t\t'height' : 250,\r\n\t\t'width' : 300,\r\n\t\t'params' : {}\r\n\t};\r\n<\/script>\r\n<script type=\"text\/javascript\" src=\"\/\/www.highperformanceformat.com\/c1158f160081d6540a8409e6925dab94\/invoke.js\"><\/script><\/div><p>VERDADERO y FALSO son valores booleanos. Ambos valores representan el resultado de una condici\u00f3n. Por ejemplo, 1 = 1 es VERDADERO y 1 = 2 es FALSO. En ambos casos tenemos un valor booleano que te ayuda a entender el resultado. Estos tambi\u00e9n se llaman valores de verdad.<\/p>\n<p> En Excel, hay dos formas de utilizar estos valores booleanos.<\/p>\n<ul>\n<li> Los ingresas en una celda.<\/li>\n<li> Los recuperar\u00e1s en consecuencia.<\/li>\n<\/ul>\n<p> En la mayor\u00eda de los casos (cuando se trabaja en Excel), no es necesario ingresarlos manualmente en una celda. Y hay varias otras formas que puede utilizar para obtener VERDADERO y FALSO en una celda en consecuencia.<\/p>\n<p class=\"qt-tip\"> <strong>Nota:<\/strong> VERDADERO y FALSO equivalen a 1 y 0, respectivamente.<\/p>\n<h2 class=\"wp-block-heading\"> Utilice las funciones VERDADERO y FALSO<\/h2>\n<p> Tienes dos funciones espec\u00edficas en Excel, VERDADERO y FALSO, para obtener los dos valores booleanos. <\/p>\n<div class=\"wp-block-image\">\n<figure class=\"aligncenter size-full is-resized\"><img loading=\"lazy\" decoding=\"async\" class=\"wp-image-89018\" src=\"https:\/\/exceladvisor.org\/wp-content\/uploads\/2023\/08\/1-vrai-ou-faux-dans-excel.png\" sizes=\"auto, \" srcset=\"\" alt=\"verdadero o falso en excel\" width=\"378\" height=\"256\"><\/figure>\n<\/div>\n<p> En estas funciones, no es necesario especificar ning\u00fan argumento en la funci\u00f3n.<\/p>\n<pre class=\"wp-block-preformatted\"> =TRUE()\n=FALSE()<\/pre>\n<h2 class=\"wp-block-heading\"> Obtenga el resultado probando en condiciones.<\/h2>\n<p> Cuando pruebas una condici\u00f3n, el resultado siempre es VERDADERO o FALSO. Y estas son las situaciones en las que se trata mucho de VERDADERO y FALSO en Excel.<\/p>\n<p> Si prueba 1 = 1, su f\u00f3rmula devuelve VERDADERO. <\/p>\n<div class=\"wp-block-image\">\n<figure class=\"aligncenter size-full is-resized\"><img loading=\"lazy\" decoding=\"async\" class=\"wp-image-89019\" src=\"https:\/\/exceladvisor.org\/wp-content\/uploads\/2023\/08\/2-formule-renvoie-vrai.png\" sizes=\"auto, \" srcset=\"\" alt=\"la f\u00f3rmula devuelve verdadero\" width=\"427\" height=\"239\"><\/figure>\n<\/div>\n<p> Pero si prueba 1=2, su f\u00f3rmula devuelve FALSO. <\/p>\n<div class=\"wp-block-image\">\n<figure class=\"aligncenter size-full is-resized\"><img loading=\"lazy\" decoding=\"async\" class=\"wp-image-89020\" src=\"https:\/\/exceladvisor.org\/wp-content\/uploads\/2023\/08\/3-formule-renvoie-faux.png\" sizes=\"auto, \" srcset=\"\" alt=\"f\u00f3rmula-devuelve-falso\" width=\"423\" height=\"201\"><\/figure>\n<\/div>\n<p> VERDADERO y FALSO son las bases para expresar el resultado de una condici\u00f3n en Excel. Aunque la funci\u00f3n SI en Excel tambi\u00e9n funciona con VERDADERO y FALSO. <\/p>\n<div class=\"wp-block-image\">\n<figure class=\"aligncenter size-full is-resized\"><img loading=\"lazy\" decoding=\"async\" class=\"wp-image-89021\" src=\"https:\/\/exceladvisor.org\/wp-content\/uploads\/2023\/08\/4-vrai-et-faux-expriment-le-resultat-de-la-condition.png\" sizes=\"auto, \" srcset=\"\" alt=\"verdadero-y-falso-expresa-el-resultado-de-la-condici\u00f3n\" width=\"266\" height=\"128\"><\/figure>\n<\/div>\n<p> Todo el trabajo de la funci\u00f3n SI se basa en los valores VERDADERO y FALSO.<\/p>\n<h2 class=\"wp-block-heading\"> Usando operadores l\u00f3gicos<\/h2>\n<p> En Excel, tienes operadores l\u00f3gicos que te ayudan a obtener las condiciones de prueba. Estos operadores l\u00f3gicos tambi\u00e9n devuelven resultados en valores VERDADEROS y FALDOS.<\/p>\n<ul>\n<li> Mayor que &lt;<\/li>\n<li> Menos de &gt;<\/li>\n<li> <a href=\"https:\/\/exceladvisor.org\/es\/no-es-igual\/\">No es igual a<\/a> &lt;&gt; <\/li>\n<\/ul>\n<div class=\"wp-block-image\">\n<figure class=\"aligncenter size-full is-resized\"><img loading=\"lazy\" decoding=\"async\" class=\"wp-image-89022\" src=\"https:\/\/exceladvisor.org\/wp-content\/uploads\/2023\/08\/5-utiliser-des-operations-logiques.png\" sizes=\"auto, \" srcset=\"\" alt=\"usar operaciones l\u00f3gicas\" width=\"530\" height=\"306\"><\/figure>\n<\/div>\n<p> Incluso probando los valores de prueba entre s\u00ed obtenemos el resultado VERDADERO o FALSO.<\/p>\n<h2 class=\"wp-block-heading\"> Conversi\u00f3n VERDADERO-FALSO a 1-0<\/h2>\n<p> Hay dos formas de convertir valores booleanos a 0 y 1.<\/p>\n<ul>\n<li> Funci\u00f3n norte<\/li>\n<li> Doble signo menos <\/li>\n<\/ul>\n<div class=\"wp-block-image\">\n<figure class=\"aligncenter size-full is-resized\"><img loading=\"lazy\" decoding=\"async\" class=\"wp-image-89023\" src=\"https:\/\/exceladvisor.org\/wp-content\/uploads\/2023\/08\/6-convertir-vrai-faux.png\" sizes=\"auto, \" srcset=\"\" alt=\"convertir-verdadero-falso\" width=\"732\" height=\"160\"><\/figure>\n<\/div>\n<p> En el ejemplo anterior, primero usamos la funci\u00f3n N, luego el doble signo menos (\u2013), y ambos convertimos VERDADERO y FALSO a 1 y 0.<\/p>\n<p> De los dos m\u00e9todos, el uso de un doble signo menos ofrece pocos beneficios. Por ejemplo, si desea contar celdas con VERDADERO, puede usarlo con SUMA. <\/p>\n<div class=\"wp-block-image\">\n<figure class=\"aligncenter size-full is-resized\"><img loading=\"lazy\" decoding=\"async\" class=\"wp-image-89024\" src=\"https:\/\/exceladvisor.org\/wp-content\/uploads\/2023\/08\/7-converti-vrai-et-faux-en-1-et-0.png\" sizes=\"auto, \" srcset=\"\" alt=\"convertido-verdadero-y-falso-a-1-y-0\" width=\"448\" height=\"321\"><\/figure>\n<\/div>\n<figure class=\"wp-block-embed\">\n<div class=\"wp-block-embed__wrapper\"> &gt; <a href=\"https:\/\/exceladvisor.org\/wp-content\/uploads\/2023\/11\/FAUX.xlsx\"><strong>Descargue el archivo de muestra<\/strong><\/a><\/div>\n<\/figure>\n","protected":false},"excerpt":{"rendered":"<p>VERDADERO y FALSO son valores booleanos. Ambos valores representan el resultado de una condici\u00f3n. Por ejemplo, 1 = 1 es VERDADERO y 1 = 2 es FALSO. En ambos casos tenemos un valor booleano que te ayuda a entender el resultado. Estos tambi\u00e9n se llaman valores de verdad. En Excel, hay dos formas de utilizar [&hellip;]<\/p>\n","protected":false},"author":1,"featured_media":0,"parent":0,"menu_order":0,"comment_status":"open","ping_status":"closed","template":"","meta":{"ub_ctt_via":"","footnotes":""},"class_list":["post-273","page","type-page","status-publish","hentry"],"featured_image_src":null,"yoast_head":"<!-- This site is optimized with the Yoast SEO plugin v25.4 - https:\/\/yoast.com\/wordpress\/plugins\/seo\/ -->\n<title>Verdadero y falso en excel (valores booleanos)<\/title>\n<meta name=\"robots\" content=\"index, follow, max-snippet:-1, max-image-preview:large, max-video-preview:-1\" \/>\n<link rel=\"canonical\" href=\"https:\/\/exceladvisor.org\/es\/correcto-incorrecto\/\" \/>\n<meta property=\"og:locale\" content=\"es_ES\" \/>\n<meta property=\"og:type\" content=\"article\" \/>\n<meta property=\"og:title\" content=\"Verdadero y falso en excel (valores booleanos)\" \/>\n<meta property=\"og:description\" content=\"VERDADERO y FALSO son valores booleanos. Ambos valores representan el resultado de una condici\u00f3n. Por ejemplo, 1 = 1 es VERDADERO y 1 = 2 es FALSO. En ambos casos tenemos un valor booleano que te ayuda a entender el resultado. Estos tambi\u00e9n se llaman valores de verdad. En Excel, hay dos formas de utilizar [&hellip;]\" \/>\n<meta property=\"og:url\" content=\"https:\/\/exceladvisor.org\/es\/correcto-incorrecto\/\" \/>\n<meta property=\"og:site_name\" content=\"Excel Advisor\" \/>\n<meta property=\"article:modified_time\" content=\"2023-12-25T10:34:04+00:00\" \/>\n<meta property=\"og:image\" content=\"https:\/\/exceladvisor.org\/wp-content\/uploads\/2023\/08\/1-vrai-ou-faux-dans-excel.png\" \/>\n<meta name=\"twitter:card\" content=\"summary_large_image\" \/>\n<meta name=\"twitter:label1\" content=\"Tiempo de lectura\" \/>\n\t<meta name=\"twitter:data1\" content=\"2 minutos\" \/>\n<script type=\"application\/ld+json\" class=\"yoast-schema-graph\">{\"@context\":\"https:\/\/schema.org\",\"@graph\":[{\"@type\":\"WebPage\",\"@id\":\"https:\/\/exceladvisor.org\/es\/correcto-incorrecto\/\",\"url\":\"https:\/\/exceladvisor.org\/es\/correcto-incorrecto\/\",\"name\":\"Verdadero y falso en excel (valores booleanos)\",\"isPartOf\":{\"@id\":\"https:\/\/exceladvisor.org\/es\/#website\"},\"primaryImageOfPage\":{\"@id\":\"https:\/\/exceladvisor.org\/es\/correcto-incorrecto\/#primaryimage\"},\"image\":{\"@id\":\"https:\/\/exceladvisor.org\/es\/correcto-incorrecto\/#primaryimage\"},\"thumbnailUrl\":\"https:\/\/exceladvisor.org\/wp-content\/uploads\/2023\/08\/1-vrai-ou-faux-dans-excel.png\",\"datePublished\":\"2023-11-07T21:54:41+00:00\",\"dateModified\":\"2023-12-25T10:34:04+00:00\",\"breadcrumb\":{\"@id\":\"https:\/\/exceladvisor.org\/es\/correcto-incorrecto\/#breadcrumb\"},\"inLanguage\":\"es\",\"potentialAction\":[{\"@type\":\"ReadAction\",\"target\":[\"https:\/\/exceladvisor.org\/es\/correcto-incorrecto\/\"]}]},{\"@type\":\"ImageObject\",\"inLanguage\":\"es\",\"@id\":\"https:\/\/exceladvisor.org\/es\/correcto-incorrecto\/#primaryimage\",\"url\":\"https:\/\/exceladvisor.org\/wp-content\/uploads\/2023\/08\/1-vrai-ou-faux-dans-excel.png\",\"contentUrl\":\"https:\/\/exceladvisor.org\/wp-content\/uploads\/2023\/08\/1-vrai-ou-faux-dans-excel.png\"},{\"@type\":\"BreadcrumbList\",\"@id\":\"https:\/\/exceladvisor.org\/es\/correcto-incorrecto\/#breadcrumb\",\"itemListElement\":[{\"@type\":\"ListItem\",\"position\":1,\"name\":\"Hogar\",\"item\":\"https:\/\/exceladvisor.org\/es\/\"},{\"@type\":\"ListItem\",\"position\":2,\"name\":\"Verdadero y falso en excel (valores booleanos)\"}]},{\"@type\":\"WebSite\",\"@id\":\"https:\/\/exceladvisor.org\/es\/#website\",\"url\":\"https:\/\/exceladvisor.org\/es\/\",\"name\":\"Excel Advisor\",\"description\":\"Su gu\u00eda para la dominaci\u00f3n de datos!\",\"publisher\":{\"@id\":\"https:\/\/exceladvisor.org\/es\/#organization\"},\"potentialAction\":[{\"@type\":\"SearchAction\",\"target\":{\"@type\":\"EntryPoint\",\"urlTemplate\":\"https:\/\/exceladvisor.org\/es\/?s={search_term_string}\"},\"query-input\":{\"@type\":\"PropertyValueSpecification\",\"valueRequired\":true,\"valueName\":\"search_term_string\"}}],\"inLanguage\":\"es\"},{\"@type\":\"Organization\",\"@id\":\"https:\/\/exceladvisor.org\/es\/#organization\",\"name\":\"Excel Advisor\",\"url\":\"https:\/\/exceladvisor.org\/es\/\",\"logo\":{\"@type\":\"ImageObject\",\"inLanguage\":\"es\",\"@id\":\"https:\/\/exceladvisor.org\/es\/#\/schema\/logo\/image\/\",\"url\":\"https:\/\/exceladvisor.org\/es\/wp-content\/uploads\/2023\/12\/exceladvisor.org_.png\",\"contentUrl\":\"https:\/\/exceladvisor.org\/es\/wp-content\/uploads\/2023\/12\/exceladvisor.org_.png\",\"width\":105,\"height\":36,\"caption\":\"Excel Advisor\"},\"image\":{\"@id\":\"https:\/\/exceladvisor.org\/es\/#\/schema\/logo\/image\/\"}}]}<\/script>\n<!-- \/ Yoast SEO plugin. -->","yoast_head_json":{"title":"Verdadero y falso en excel (valores booleanos)","robots":{"index":"index","follow":"follow","max-snippet":"max-snippet:-1","max-image-preview":"max-image-preview:large","max-video-preview":"max-video-preview:-1"},"canonical":"https:\/\/exceladvisor.org\/es\/correcto-incorrecto\/","og_locale":"es_ES","og_type":"article","og_title":"Verdadero y falso en excel (valores booleanos)","og_description":"VERDADERO y FALSO son valores booleanos. Ambos valores representan el resultado de una condici\u00f3n. Por ejemplo, 1 = 1 es VERDADERO y 1 = 2 es FALSO. En ambos casos tenemos un valor booleano que te ayuda a entender el resultado. Estos tambi\u00e9n se llaman valores de verdad. En Excel, hay dos formas de utilizar [&hellip;]","og_url":"https:\/\/exceladvisor.org\/es\/correcto-incorrecto\/","og_site_name":"Excel Advisor","article_modified_time":"2023-12-25T10:34:04+00:00","og_image":[{"url":"https:\/\/exceladvisor.org\/wp-content\/uploads\/2023\/08\/1-vrai-ou-faux-dans-excel.png","type":"","width":"","height":""}],"twitter_card":"summary_large_image","twitter_misc":{"Tiempo de lectura":"2 minutos"},"schema":{"@context":"https:\/\/schema.org","@graph":[{"@type":"WebPage","@id":"https:\/\/exceladvisor.org\/es\/correcto-incorrecto\/","url":"https:\/\/exceladvisor.org\/es\/correcto-incorrecto\/","name":"Verdadero y falso en excel (valores booleanos)","isPartOf":{"@id":"https:\/\/exceladvisor.org\/es\/#website"},"primaryImageOfPage":{"@id":"https:\/\/exceladvisor.org\/es\/correcto-incorrecto\/#primaryimage"},"image":{"@id":"https:\/\/exceladvisor.org\/es\/correcto-incorrecto\/#primaryimage"},"thumbnailUrl":"https:\/\/exceladvisor.org\/wp-content\/uploads\/2023\/08\/1-vrai-ou-faux-dans-excel.png","datePublished":"2023-11-07T21:54:41+00:00","dateModified":"2023-12-25T10:34:04+00:00","breadcrumb":{"@id":"https:\/\/exceladvisor.org\/es\/correcto-incorrecto\/#breadcrumb"},"inLanguage":"es","potentialAction":[{"@type":"ReadAction","target":["https:\/\/exceladvisor.org\/es\/correcto-incorrecto\/"]}]},{"@type":"ImageObject","inLanguage":"es","@id":"https:\/\/exceladvisor.org\/es\/correcto-incorrecto\/#primaryimage","url":"https:\/\/exceladvisor.org\/wp-content\/uploads\/2023\/08\/1-vrai-ou-faux-dans-excel.png","contentUrl":"https:\/\/exceladvisor.org\/wp-content\/uploads\/2023\/08\/1-vrai-ou-faux-dans-excel.png"},{"@type":"BreadcrumbList","@id":"https:\/\/exceladvisor.org\/es\/correcto-incorrecto\/#breadcrumb","itemListElement":[{"@type":"ListItem","position":1,"name":"Hogar","item":"https:\/\/exceladvisor.org\/es\/"},{"@type":"ListItem","position":2,"name":"Verdadero y falso en excel (valores booleanos)"}]},{"@type":"WebSite","@id":"https:\/\/exceladvisor.org\/es\/#website","url":"https:\/\/exceladvisor.org\/es\/","name":"Excel Advisor","description":"Su gu\u00eda para la dominaci\u00f3n de datos!","publisher":{"@id":"https:\/\/exceladvisor.org\/es\/#organization"},"potentialAction":[{"@type":"SearchAction","target":{"@type":"EntryPoint","urlTemplate":"https:\/\/exceladvisor.org\/es\/?s={search_term_string}"},"query-input":{"@type":"PropertyValueSpecification","valueRequired":true,"valueName":"search_term_string"}}],"inLanguage":"es"},{"@type":"Organization","@id":"https:\/\/exceladvisor.org\/es\/#organization","name":"Excel Advisor","url":"https:\/\/exceladvisor.org\/es\/","logo":{"@type":"ImageObject","inLanguage":"es","@id":"https:\/\/exceladvisor.org\/es\/#\/schema\/logo\/image\/","url":"https:\/\/exceladvisor.org\/es\/wp-content\/uploads\/2023\/12\/exceladvisor.org_.png","contentUrl":"https:\/\/exceladvisor.org\/es\/wp-content\/uploads\/2023\/12\/exceladvisor.org_.png","width":105,"height":36,"caption":"Excel Advisor"},"image":{"@id":"https:\/\/exceladvisor.org\/es\/#\/schema\/logo\/image\/"}}]}},"yoast_meta":{"yoast_wpseo_title":"","yoast_wpseo_metadesc":"","yoast_wpseo_canonical":""},"_links":{"self":[{"href":"https:\/\/exceladvisor.org\/es\/wp-json\/wp\/v2\/pages\/273","targetHints":{"allow":["GET"]}}],"collection":[{"href":"https:\/\/exceladvisor.org\/es\/wp-json\/wp\/v2\/pages"}],"about":[{"href":"https:\/\/exceladvisor.org\/es\/wp-json\/wp\/v2\/types\/page"}],"author":[{"embeddable":true,"href":"https:\/\/exceladvisor.org\/es\/wp-json\/wp\/v2\/users\/1"}],"replies":[{"embeddable":true,"href":"https:\/\/exceladvisor.org\/es\/wp-json\/wp\/v2\/comments?post=273"}],"version-history":[{"count":1,"href":"https:\/\/exceladvisor.org\/es\/wp-json\/wp\/v2\/pages\/273\/revisions"}],"predecessor-version":[{"id":1511,"href":"https:\/\/exceladvisor.org\/es\/wp-json\/wp\/v2\/pages\/273\/revisions\/1511"}],"wp:attachment":[{"href":"https:\/\/exceladvisor.org\/es\/wp-json\/wp\/v2\/media?parent=273"}],"curies":[{"name":"wp","href":"https:\/\/api.w.org\/{rel}","templated":true}]}}