{"id":275,"date":"2023-11-07T15:58:06","date_gmt":"2023-11-07T15:58:06","guid":{"rendered":"https:\/\/exceladvisor.org\/es\/resaltar-lineas\/"},"modified":"2023-12-25T10:27:00","modified_gmt":"2023-12-25T10:27:00","slug":"resaltar-lineas","status":"publish","type":"page","link":"https:\/\/exceladvisor.org\/es\/resaltar-lineas\/","title":{"rendered":"\u00bfc\u00f3mo resaltar filas en excel?"},"content":{"rendered":"<div class=\"excel-antes-del-contenido\" id=\"excel-1067040453\"><script type=\"text\/javascript\">\r\n\tatOptions = {\r\n\t\t'key' : 'c1158f160081d6540a8409e6925dab94',\r\n\t\t'format' : 'iframe',\r\n\t\t'height' : 250,\r\n\t\t'width' : 300,\r\n\t\t'params' : {}\r\n\t};\r\n<\/script>\r\n<script type=\"text\/javascript\" src=\"\/\/www.highperformanceformat.com\/c1158f160081d6540a8409e6925dab94\/invoke.js\"><\/script><\/div><p>En Excel, al utilizar formato condicional, puede utilizar el resaltado de filas completas. Cuando una condici\u00f3n es verdadera, la fila debe resaltarse con el color especificado. Por ejemplo, a continuaci\u00f3n tenemos una tabla con datos burs\u00e1tiles. <\/p>\n<div class=\"wp-block-image\">\n<figure class=\"aligncenter size-full is-resized\"><img loading=\"lazy\" decoding=\"async\" class=\"wp-image-90896\" src=\"https:\/\/exceladvisor.org\/wp-content\/uploads\/2023\/08\/1-mettre-en-surbrillance-les-lignes-a-laide-de-la-mise-en-forme-conditionnelle.png\" sizes=\"auto, \" srcset=\"\" alt=\"resaltar-l\u00edneas-usando-formato-condicional\" width=\"544\" height=\"304\"><\/figure>\n<\/div>\n<h2 class=\"wp-block-heading\"> 1. Resalte una fila seg\u00fan un valor (texto)<\/h2>\n<ol>\n<li> Seleccione toda la tabla, todas las filas y columnas. <br \/><img loading=\"lazy\" decoding=\"async\" title=\"2-seleccionar-todas-las-filas-y-columnas\" src=\"https:\/\/exceladvisor.org\/wp-content\/uploads\/2023\/08\/2-selectionner-toutes-les-lignes-et-colonnes.png\" sizes=\"auto, \" srcset=\"\" alt=\"2-select-all-rows-and-columns\" width=\"493\" height=\"273\"><\/li>\n<li> Vaya a Formato condicional &gt; Nueva regla. <br \/><img loading=\"lazy\" decoding=\"async\" title=\"3-formato-condicional-nueva-regla\" src=\"https:\/\/exceladvisor.org\/wp-content\/uploads\/2023\/08\/3-mise-en-forme-conditionnelle-nouvelle-regle-2.png\" sizes=\"auto, \" srcset=\"\" alt=\"3-conditional-formatting-new-rule\" width=\"424\" height=\"431\"><\/li>\n<li> En el cuadro de di\u00e1logo de nueva regla, haga clic en \u00abUsar una f\u00f3rmula para determinar a qu\u00e9 celda formatear&#8230;\u00bb. <br \/><img loading=\"lazy\" decoding=\"async\" title=\"4-selecciona-usa-una-f\u00f3rmula-para-determinar\" src=\"https:\/\/exceladvisor.org\/wp-content\/uploads\/2023\/08\/4-selectionner-utiliser-une-formule-pour-determiner.png\" sizes=\"auto, \" srcset=\"\" alt=\"4-select-use-a-formaula-to-determine\" width=\"568\" height=\"178\"><\/li>\n<li> En \u201cFormato de valores donde esta f\u00f3rmula es verdadera\u201d, ingrese la f\u00f3rmula =$B2= \u201cCanap\u00e9s\u201d. <br \/><img loading=\"lazy\" decoding=\"async\" title=\"5-ingrese-la-f\u00f3rmula-en-formato-de-valores\" src=\"https:\/\/exceladvisor.org\/wp-content\/uploads\/2023\/08\/5-entrer-la-formule-dans-les-valeurs-de-format.png\" sizes=\"auto, \" srcset=\"\" alt=\"5-enter-formula-in-format-values\" width=\"596\" height=\"114\"><\/li>\n<li> Despu\u00e9s de eso, haga clic en el bot\u00f3n de formato para especificar la columna que desea aplicar a las filas. <br \/><img loading=\"lazy\" decoding=\"async\" title=\"Bot\u00f3n de formato de 6 clics\" src=\"https:\/\/exceladvisor.org\/wp-content\/uploads\/2023\/08\/bouton-format-6-clics-2.png\" sizes=\"auto, \" srcset=\"\" alt=\"6-click-format-button\" width=\"571\" height=\"211\"><\/li>\n<li> Al final, haga clic en Aceptar y luego en Aceptar nuevamente para aplicar el formato condicional.<\/li>\n<\/ol>\n<p> Al hacer clic en Aceptar, se resaltar\u00e1n las filas donde el nombre del producto es \u00abSof\u00e1s\u00bb. <\/p>\n<div class=\"wp-block-image\">\n<figure class=\"aligncenter size-full is-resized\"><img loading=\"lazy\" decoding=\"async\" class=\"wp-image-90902\" src=\"https:\/\/exceladvisor.org\/wp-content\/uploads\/2023\/08\/7-mettre-en-evidence-les-lignes.png\" sizes=\"auto, \" srcset=\"\" alt=\"resaltar l\u00edneas\" width=\"534\" height=\"294\"><\/figure>\n<\/div>\n<h2 class=\"wp-block-heading\"> 2. Resalte una fila seg\u00fan un valor (texto parcial)<\/h2>\n<p> Y si desea escribir una f\u00f3rmula para verificar texto parcial, use la funci\u00f3n B\u00daSQUEDA. En el siguiente ejemplo, debemos resaltar todas las filas donde tiene \u00abHS-\u00bb en la columna del producto. <\/p>\n<div class=\"wp-block-image\">\n<figure class=\"aligncenter size-full is-resized\"><img loading=\"lazy\" decoding=\"async\" class=\"wp-image-90903\" src=\"https:\/\/exceladvisor.org\/wp-content\/uploads\/2023\/08\/8-lignes-en-surbrillance-basees-sur-du-texte-partiel.png\" sizes=\"auto, \" srcset=\"\" alt=\"resaltado de l\u00ednea basado en texto parcial\" width=\"551\" height=\"398\"><\/figure>\n<\/div>\n<p> Y en el momento en que hace clic en Aceptar, resalta todas las l\u00edneas donde se encuentra el texto parcial \u00abHS-\u00ab. <\/p>\n<div class=\"wp-block-image\">\n<figure class=\"aligncenter size-full is-resized\"><img loading=\"lazy\" decoding=\"async\" class=\"wp-image-90904\" src=\"https:\/\/exceladvisor.org\/wp-content\/uploads\/2023\/08\/9-mettre-en-surbrillance-toutes-les-lignes-avec-du-texte-partiel.png\" sizes=\"auto, \" srcset=\"\" alt=\"resaltar-todas-las-l\u00edneas-con-texto-parcial\" width=\"476\" height=\"274\"><\/figure>\n<\/div>\n<h2 class=\"wp-block-heading\"> 3. Resalte una fila seg\u00fan un valor (n\u00famero)<\/h2>\n<p> Ahora digamos que desea resaltar filas donde los d\u00edas de antig\u00fcedad son mayores a 25 d\u00edas. En este caso, debe seguir los mismos pasos que utilizamos anteriormente. Pero la f\u00f3rmula debe ser otra. <\/p>\n<div class=\"wp-block-image\">\n<figure class=\"aligncenter size-full is-resized\"><img loading=\"lazy\" decoding=\"async\" class=\"wp-image-90905\" src=\"https:\/\/exceladvisor.org\/wp-content\/uploads\/2023\/08\/10-lignes-de-surbrillance-basees-sur-des-nombres.png\" sizes=\"auto, \" srcset=\"\" alt=\"resaltado de l\u00edneas basadas en n\u00fameros\" width=\"501\" height=\"362\"><\/figure>\n<\/div>\n<p> Debes utilizar la f\u00f3rmula =$D2&gt;=25. Esta f\u00f3rmula verifica si el valor de la celda es <a href=\"https:\/\/exceladvisor.org\/es\/mayor-que-igual-a\/\">mayor e igual a<\/a> 25. Y si es as\u00ed, resalta toda la fila de la tabla. <\/p>\n<div class=\"wp-block-image\">\n<figure class=\"aligncenter size-full is-resized\"><img loading=\"lazy\" decoding=\"async\" class=\"wp-image-90906\" src=\"https:\/\/exceladvisor.org\/wp-content\/uploads\/2023\/08\/11-mettre-en-surbrillance-toutes-les-lignes-avec-le-numero-de-reference-donne.png\" sizes=\"auto, \" srcset=\"\" alt=\"resaltar-todas-las-l\u00edneas-con-el-n\u00famero-de-referencia-dado\" width=\"452\" height=\"288\"><\/figure>\n<\/div>\n<h2 class=\"wp-block-heading\"> 4. Resalte filas seg\u00fan m\u00faltiples condiciones<\/h2>\n<p> Tambi\u00e9n puede crear una f\u00f3rmula para probar m\u00faltiples condiciones. Puede utilizar funciones AND-OR en la f\u00f3rmula. <\/p>\n<pre class=\"wp-block-code\"> <code class=\"language-excel-formula\" lang=\"excel-formula\">=AND($D2&gt;=25,$C2&gt;=15)<\/code><\/pre>\n<div class=\"wp-block-image\">\n<figure class=\"aligncenter size-full is-resized\"><img loading=\"lazy\" decoding=\"async\" class=\"wp-image-90907\" src=\"https:\/\/exceladvisor.org\/wp-content\/uploads\/2023\/08\/12-lignes-de-surbrillance-basees-sur-plusieurs-conditions.png\" sizes=\"auto, \" srcset=\"\" alt=\"resaltar filas en funci\u00f3n de m\u00faltiples condiciones\" width=\"537\" height=\"388\"><\/figure>\n<\/div>\n<p> Cuando ingresa esta f\u00f3rmula en el cuadro de di\u00e1logo Nueva regla, resalta las filas seg\u00fan dos condiciones:<\/p>\n<ul>\n<li> La antig\u00fcedad en d\u00edas debe ser mayor o igual a 25.<\/li>\n<li> La cantidad debe ser mayor o igual a 15.<\/li>\n<\/ul>\n<p> Es por eso que en la f\u00f3rmula hemos usado AND, que le ayuda a probar dos o m\u00e1s condiciones simult\u00e1neamente y devuelve VERDADERO solo cuando ambas condiciones son VERDADERAS.<\/p>\n<h2 class=\"wp-block-heading\"> 5. Resalte la fila SI alguna de las celdas est\u00e1 vac\u00eda.<\/h2>\n<p> Supongamos que desea crear una condici\u00f3n seg\u00fan la cual, si una de las celdas de una fila est\u00e1 vac\u00eda, toda la fila debe resaltarse con un color que usted defina.<\/p>\n<p> Seleccione los datos, luego vaya a la pesta\u00f1a Inicio &gt; Formato condicional &gt; Nueva regla &gt; Usar una f\u00f3rmula para determinar qu\u00e9 celdas formatear; ingrese la f\u00f3rmula =CONTAR.SI($A2:$D2,\u201d\u201d)&gt;0 y luego haga clic en el bot\u00f3n Formato para especificar el formato. <\/p>\n<div class=\"wp-block-image\">\n<figure class=\"aligncenter size-full is-resized\"><img loading=\"lazy\" decoding=\"async\" class=\"wp-image-90908\" src=\"https:\/\/exceladvisor.org\/wp-content\/uploads\/2023\/08\/13-ligne-en-surbrillance-si-une-cellule-est-vide.png\" sizes=\"auto, \" srcset=\"\" alt=\"resaltar-fila-si-una-celda-est\u00e1-vac\u00eda\" width=\"521\" height=\"376\"><\/figure>\n<\/div>\n<p> Y una vez que haga clic en Aceptar, se resaltar\u00e1n todas las filas donde incluso una sola celda est\u00e9 vac\u00eda. <\/p>\n<div class=\"wp-block-image\">\n<figure class=\"aligncenter size-full is-resized\"><img loading=\"lazy\" decoding=\"async\" class=\"wp-image-90909\" src=\"https:\/\/exceladvisor.org\/wp-content\/uploads\/2023\/08\/14-lignes-en-surbrillance-avec-une-cellule-vide.png\" sizes=\"auto, \" srcset=\"\" alt=\"l\u00edneas resaltadas con celda vac\u00eda\" width=\"408\" height=\"277\"><\/figure>\n<\/div>\n<h2 class=\"wp-block-heading\"> 6. Resalte una fila con valor din\u00e1mico con la lista desplegable<\/h2>\n<p> Tambi\u00e9n puede crear una lista desplegable desde la cual puede seleccionar el valor, y el formato condicional usar\u00e1 ese valor para resaltar las filas. Primero, cree una lista desplegable. A continuaci\u00f3n, vaya a la pesta\u00f1a Datos &gt; Validaci\u00f3n de datos. <\/p>\n<div class=\"wp-block-image\">\n<figure class=\"aligncenter size-full is-resized\"><img loading=\"lazy\" decoding=\"async\" class=\"wp-image-90910\" src=\"https:\/\/exceladvisor.org\/wp-content\/uploads\/2023\/08\/15-lignes-de-surbrillance-avec-valeur-dynamique.png\" sizes=\"auto, \" srcset=\"\" alt=\"resaltar-filas-con-valor-din\u00e1mico\" width=\"622\" height=\"199\"><\/figure>\n<\/div>\n<p> En el cuadro de di\u00e1logo Validaci\u00f3n de datos, seleccione la lista del men\u00fa desplegable \u00abPermitir\u00bb e ingrese la siguiente f\u00f3rmula: <\/p>\n<pre class=\"wp-block-code\"> <code class=\"language-excel-formula\" lang=\"excel-formula\">=OFFSET($B$2, 0, 0, COUNTA($B$2:$B$11), 1)<\/code><\/pre>\n<div class=\"wp-block-image\">\n<figure class=\"aligncenter size-full is-resized\"><img loading=\"lazy\" decoding=\"async\" class=\"wp-image-90911\" src=\"https:\/\/exceladvisor.org\/wp-content\/uploads\/2023\/08\/16-boite-de-dialogue-de-validation-des-donnees.png\" sizes=\"auto, \" srcset=\"\" alt=\"di\u00e1logo de validaci\u00f3n de datos\" width=\"600\" height=\"396\"><\/figure>\n<\/div>\n<p> Finalmente, haga clic en Aceptar para ver una lista desplegable con el nombre del producto. <\/p>\n<div class=\"wp-block-image\">\n<figure class=\"aligncenter size-full is-resized\"><img loading=\"lazy\" decoding=\"async\" class=\"wp-image-90912\" src=\"https:\/\/exceladvisor.org\/wp-content\/uploads\/2023\/08\/17-liste-deroulante.png\" sizes=\"auto, \" srcset=\"\" alt=\"la lista desplegable\" width=\"250\" height=\"184\"><\/figure>\n<\/div>\n<p> Despu\u00e9s de eso, seleccione los datos y abra el cuadro de di\u00e1logo de la nueva regla de formato de condici\u00f3n. A continuaci\u00f3n, haga clic en \u00abUsar una f\u00f3rmula para determinar qu\u00e9 celdas formatear y luego ingrese la siguiente f\u00f3rmula en\u00bb Formatear valores donde esta f\u00f3rmula es verdadera \u00ab.<\/p>\n<p> Y aseg\u00farese de hacer clic en el bot\u00f3n Formato para especificar el color que desea especificar para resaltar la l\u00ednea. <\/p>\n<div class=\"wp-block-image\">\n<figure class=\"aligncenter size-full is-resized\"><img loading=\"lazy\" decoding=\"async\" class=\"wp-image-90913\" src=\"https:\/\/exceladvisor.org\/wp-content\/uploads\/2023\/08\/18-bouton-de-format-pour-specifier-la-couleur.png\" sizes=\"auto, \" srcset=\"\" alt=\"bot\u00f3n-formato-para-especificar-color\" width=\"642\" height=\"370\"><\/figure>\n<\/div>\n<p> Al final, haga clic para aplicar la regla. Y cuando cambia el valor en el men\u00fa desplegable, las filas se resaltan seg\u00fan el valor en el men\u00fa desplegable. Por lo tanto, esta regla de formato condicional utiliza los valores de la lista desplegable de la celda F1 de la celda. <\/p>\n<div class=\"wp-block-image\">\n<figure class=\"aligncenter size-full is-resized\"><img loading=\"lazy\" decoding=\"async\" class=\"wp-image-90914\" src=\"https:\/\/exceladvisor.org\/wp-content\/uploads\/2023\/08\/19-lignes-mises-en-surbrillance-en-fonction-des-valeurs-deroulantes.png\" sizes=\"auto, \" srcset=\"\" alt=\"l\u00edneas resaltadas basadas en valores desplegables\" width=\"588\" height=\"298\"><\/figure>\n<\/div>\n<div class=\"gb-container gb-container-52dfcee1 gb-container-sample-file\">\n<h2 class=\"gb-headline gb-headline-e289c143 gb-headline-text gb-headline-4f7959c2\"> Obtener el archivo Excel<\/h2>\n<p> <a class=\"gb-button gb-button-e88d6bee gb-button-text gb-button-button1\" href=\"https:\/\/exceladvisor.org\/wp-content\/uploads\/2023\/08\/mise-en-surbrillance-des-lignes-mise-en-forme-conditionnelle.xlsx\" rel=\"nofollow\">Descargar<\/a><\/div>\n<div class=\"gb-container gb-container-6076ba72 gb-container-mt\"> <a class=\"gb-button gb-button-76e6a499 gb-button-text gb-button-mt-button\" href=\"https:\/\/exceladvisor.org\/es\/conceptos-basicos-de-excel\/\">Aprende los conceptos b\u00e1sicos de Excel<\/a><\/p>\n<h2 class=\"gb-headline gb-headline-a9e9e206 gb-headline-text gb-headline-mt-heading\"> Obtenga m\u00e1s informaci\u00f3n sobre <a href=\"https:\/\/exceladvisor.org\/es\/formato-condicional\/\">el formato condicional<\/a> <\/h2>\n<div class=\"gb-grid-wrapper gb-grid-wrapper-790317cb gb-grid-wrapper-mt-grid\">\n<div class=\"gb-grid-column gb-grid-column-a9845ede\">\n<div class=\"gb-container gb-container-a9845ede\">\n<ul>\n<li> <a href=\"https:\/\/exceladvisor.org\/es\/aplicar-formato-condicional\/\">Aplicar formato condicional a una tabla din\u00e1mica<\/a><\/li>\n<li> <a href=\"https:\/\/exceladvisor.org\/es\/retirar\/\">Eliminar formato condicional<\/a><\/li>\n<li> <a href=\"https:\/\/exceladvisor.org\/es\/celdas-vacias\/\">Aplicar formato condicional en celdas en blanco en Excel<\/a><\/li>\n<li> <a href=\"https:\/\/exceladvisor.org\/es\/comparar-columnas\/\">Compare dos columnas usando formato condicional<\/a><\/li>\n<li> <a href=\"https:\/\/exceladvisor.org\/es\/otra-celda\/\">Aplicar formato condicional basado en otra celda<\/a> <\/li>\n<\/ul>\n<\/div>\n<\/div>\n<div class=\"gb-grid-column gb-grid-column-ec8ff319\">\n<div class=\"gb-container gb-container-ec8ff319\"><\/div>\n<\/div>\n<\/div>\n<\/div>\n","protected":false},"excerpt":{"rendered":"<p>En Excel, al utilizar formato condicional, puede utilizar el resaltado de filas completas. Cuando una condici\u00f3n es verdadera, la fila debe resaltarse con el color especificado. Por ejemplo, a continuaci\u00f3n tenemos una tabla con datos burs\u00e1tiles. 1. Resalte una fila seg\u00fan un valor (texto) Seleccione toda la tabla, todas las filas y columnas. Vaya a [&hellip;]<\/p>\n","protected":false},"author":1,"featured_media":0,"parent":0,"menu_order":0,"comment_status":"open","ping_status":"closed","template":"","meta":{"ub_ctt_via":"","footnotes":""},"class_list":["post-275","page","type-page","status-publish","hentry"],"featured_image_src":null,"yoast_head":"<!-- This site is optimized with the Yoast SEO plugin v25.4 - https:\/\/yoast.com\/wordpress\/plugins\/seo\/ -->\n<title>\u00bfc\u00f3mo resaltar filas en excel?<\/title>\n<meta name=\"robots\" content=\"index, follow, max-snippet:-1, max-image-preview:large, max-video-preview:-1\" \/>\n<link rel=\"canonical\" href=\"https:\/\/exceladvisor.org\/es\/resaltar-lineas\/\" \/>\n<meta property=\"og:locale\" content=\"es_ES\" \/>\n<meta property=\"og:type\" content=\"article\" \/>\n<meta property=\"og:title\" content=\"\u00bfc\u00f3mo resaltar filas en excel?\" \/>\n<meta property=\"og:description\" content=\"En Excel, al utilizar formato condicional, puede utilizar el resaltado de filas completas. Cuando una condici\u00f3n es verdadera, la fila debe resaltarse con el color especificado. Por ejemplo, a continuaci\u00f3n tenemos una tabla con datos burs\u00e1tiles. 1. Resalte una fila seg\u00fan un valor (texto) Seleccione toda la tabla, todas las filas y columnas. Vaya a [&hellip;]\" \/>\n<meta property=\"og:url\" content=\"https:\/\/exceladvisor.org\/es\/resaltar-lineas\/\" \/>\n<meta property=\"og:site_name\" content=\"Excel Advisor\" \/>\n<meta property=\"article:modified_time\" content=\"2023-12-25T10:27:00+00:00\" \/>\n<meta property=\"og:image\" content=\"https:\/\/exceladvisor.org\/wp-content\/uploads\/2023\/08\/1-mettre-en-surbrillance-les-lignes-a-laide-de-la-mise-en-forme-conditionnelle.png\" \/>\n<meta name=\"twitter:card\" content=\"summary_large_image\" \/>\n<meta name=\"twitter:label1\" content=\"Tiempo de lectura\" \/>\n\t<meta name=\"twitter:data1\" content=\"4 minutos\" \/>\n<script type=\"application\/ld+json\" class=\"yoast-schema-graph\">{\"@context\":\"https:\/\/schema.org\",\"@graph\":[{\"@type\":\"WebPage\",\"@id\":\"https:\/\/exceladvisor.org\/es\/resaltar-lineas\/\",\"url\":\"https:\/\/exceladvisor.org\/es\/resaltar-lineas\/\",\"name\":\"\u00bfc\u00f3mo resaltar filas en excel?\",\"isPartOf\":{\"@id\":\"https:\/\/exceladvisor.org\/es\/#website\"},\"primaryImageOfPage\":{\"@id\":\"https:\/\/exceladvisor.org\/es\/resaltar-lineas\/#primaryimage\"},\"image\":{\"@id\":\"https:\/\/exceladvisor.org\/es\/resaltar-lineas\/#primaryimage\"},\"thumbnailUrl\":\"https:\/\/exceladvisor.org\/wp-content\/uploads\/2023\/08\/1-mettre-en-surbrillance-les-lignes-a-laide-de-la-mise-en-forme-conditionnelle.png\",\"datePublished\":\"2023-11-07T15:58:06+00:00\",\"dateModified\":\"2023-12-25T10:27:00+00:00\",\"breadcrumb\":{\"@id\":\"https:\/\/exceladvisor.org\/es\/resaltar-lineas\/#breadcrumb\"},\"inLanguage\":\"es\",\"potentialAction\":[{\"@type\":\"ReadAction\",\"target\":[\"https:\/\/exceladvisor.org\/es\/resaltar-lineas\/\"]}]},{\"@type\":\"ImageObject\",\"inLanguage\":\"es\",\"@id\":\"https:\/\/exceladvisor.org\/es\/resaltar-lineas\/#primaryimage\",\"url\":\"https:\/\/exceladvisor.org\/wp-content\/uploads\/2023\/08\/1-mettre-en-surbrillance-les-lignes-a-laide-de-la-mise-en-forme-conditionnelle.png\",\"contentUrl\":\"https:\/\/exceladvisor.org\/wp-content\/uploads\/2023\/08\/1-mettre-en-surbrillance-les-lignes-a-laide-de-la-mise-en-forme-conditionnelle.png\"},{\"@type\":\"BreadcrumbList\",\"@id\":\"https:\/\/exceladvisor.org\/es\/resaltar-lineas\/#breadcrumb\",\"itemListElement\":[{\"@type\":\"ListItem\",\"position\":1,\"name\":\"Hogar\",\"item\":\"https:\/\/exceladvisor.org\/es\/\"},{\"@type\":\"ListItem\",\"position\":2,\"name\":\"\u00bfc\u00f3mo resaltar filas en excel?\"}]},{\"@type\":\"WebSite\",\"@id\":\"https:\/\/exceladvisor.org\/es\/#website\",\"url\":\"https:\/\/exceladvisor.org\/es\/\",\"name\":\"Excel Advisor\",\"description\":\"Su gu\u00eda para la dominaci\u00f3n de datos!\",\"publisher\":{\"@id\":\"https:\/\/exceladvisor.org\/es\/#organization\"},\"potentialAction\":[{\"@type\":\"SearchAction\",\"target\":{\"@type\":\"EntryPoint\",\"urlTemplate\":\"https:\/\/exceladvisor.org\/es\/?s={search_term_string}\"},\"query-input\":{\"@type\":\"PropertyValueSpecification\",\"valueRequired\":true,\"valueName\":\"search_term_string\"}}],\"inLanguage\":\"es\"},{\"@type\":\"Organization\",\"@id\":\"https:\/\/exceladvisor.org\/es\/#organization\",\"name\":\"Excel Advisor\",\"url\":\"https:\/\/exceladvisor.org\/es\/\",\"logo\":{\"@type\":\"ImageObject\",\"inLanguage\":\"es\",\"@id\":\"https:\/\/exceladvisor.org\/es\/#\/schema\/logo\/image\/\",\"url\":\"https:\/\/exceladvisor.org\/es\/wp-content\/uploads\/2023\/12\/exceladvisor.org_.png\",\"contentUrl\":\"https:\/\/exceladvisor.org\/es\/wp-content\/uploads\/2023\/12\/exceladvisor.org_.png\",\"width\":105,\"height\":36,\"caption\":\"Excel Advisor\"},\"image\":{\"@id\":\"https:\/\/exceladvisor.org\/es\/#\/schema\/logo\/image\/\"}}]}<\/script>\n<!-- \/ Yoast SEO plugin. -->","yoast_head_json":{"title":"\u00bfc\u00f3mo resaltar filas en excel?","robots":{"index":"index","follow":"follow","max-snippet":"max-snippet:-1","max-image-preview":"max-image-preview:large","max-video-preview":"max-video-preview:-1"},"canonical":"https:\/\/exceladvisor.org\/es\/resaltar-lineas\/","og_locale":"es_ES","og_type":"article","og_title":"\u00bfc\u00f3mo resaltar filas en excel?","og_description":"En Excel, al utilizar formato condicional, puede utilizar el resaltado de filas completas. Cuando una condici\u00f3n es verdadera, la fila debe resaltarse con el color especificado. Por ejemplo, a continuaci\u00f3n tenemos una tabla con datos burs\u00e1tiles. 1. Resalte una fila seg\u00fan un valor (texto) Seleccione toda la tabla, todas las filas y columnas. Vaya a [&hellip;]","og_url":"https:\/\/exceladvisor.org\/es\/resaltar-lineas\/","og_site_name":"Excel Advisor","article_modified_time":"2023-12-25T10:27:00+00:00","og_image":[{"url":"https:\/\/exceladvisor.org\/wp-content\/uploads\/2023\/08\/1-mettre-en-surbrillance-les-lignes-a-laide-de-la-mise-en-forme-conditionnelle.png","type":"","width":"","height":""}],"twitter_card":"summary_large_image","twitter_misc":{"Tiempo de lectura":"4 minutos"},"schema":{"@context":"https:\/\/schema.org","@graph":[{"@type":"WebPage","@id":"https:\/\/exceladvisor.org\/es\/resaltar-lineas\/","url":"https:\/\/exceladvisor.org\/es\/resaltar-lineas\/","name":"\u00bfc\u00f3mo resaltar filas en excel?","isPartOf":{"@id":"https:\/\/exceladvisor.org\/es\/#website"},"primaryImageOfPage":{"@id":"https:\/\/exceladvisor.org\/es\/resaltar-lineas\/#primaryimage"},"image":{"@id":"https:\/\/exceladvisor.org\/es\/resaltar-lineas\/#primaryimage"},"thumbnailUrl":"https:\/\/exceladvisor.org\/wp-content\/uploads\/2023\/08\/1-mettre-en-surbrillance-les-lignes-a-laide-de-la-mise-en-forme-conditionnelle.png","datePublished":"2023-11-07T15:58:06+00:00","dateModified":"2023-12-25T10:27:00+00:00","breadcrumb":{"@id":"https:\/\/exceladvisor.org\/es\/resaltar-lineas\/#breadcrumb"},"inLanguage":"es","potentialAction":[{"@type":"ReadAction","target":["https:\/\/exceladvisor.org\/es\/resaltar-lineas\/"]}]},{"@type":"ImageObject","inLanguage":"es","@id":"https:\/\/exceladvisor.org\/es\/resaltar-lineas\/#primaryimage","url":"https:\/\/exceladvisor.org\/wp-content\/uploads\/2023\/08\/1-mettre-en-surbrillance-les-lignes-a-laide-de-la-mise-en-forme-conditionnelle.png","contentUrl":"https:\/\/exceladvisor.org\/wp-content\/uploads\/2023\/08\/1-mettre-en-surbrillance-les-lignes-a-laide-de-la-mise-en-forme-conditionnelle.png"},{"@type":"BreadcrumbList","@id":"https:\/\/exceladvisor.org\/es\/resaltar-lineas\/#breadcrumb","itemListElement":[{"@type":"ListItem","position":1,"name":"Hogar","item":"https:\/\/exceladvisor.org\/es\/"},{"@type":"ListItem","position":2,"name":"\u00bfc\u00f3mo resaltar filas en excel?"}]},{"@type":"WebSite","@id":"https:\/\/exceladvisor.org\/es\/#website","url":"https:\/\/exceladvisor.org\/es\/","name":"Excel Advisor","description":"Su gu\u00eda para la dominaci\u00f3n de datos!","publisher":{"@id":"https:\/\/exceladvisor.org\/es\/#organization"},"potentialAction":[{"@type":"SearchAction","target":{"@type":"EntryPoint","urlTemplate":"https:\/\/exceladvisor.org\/es\/?s={search_term_string}"},"query-input":{"@type":"PropertyValueSpecification","valueRequired":true,"valueName":"search_term_string"}}],"inLanguage":"es"},{"@type":"Organization","@id":"https:\/\/exceladvisor.org\/es\/#organization","name":"Excel Advisor","url":"https:\/\/exceladvisor.org\/es\/","logo":{"@type":"ImageObject","inLanguage":"es","@id":"https:\/\/exceladvisor.org\/es\/#\/schema\/logo\/image\/","url":"https:\/\/exceladvisor.org\/es\/wp-content\/uploads\/2023\/12\/exceladvisor.org_.png","contentUrl":"https:\/\/exceladvisor.org\/es\/wp-content\/uploads\/2023\/12\/exceladvisor.org_.png","width":105,"height":36,"caption":"Excel Advisor"},"image":{"@id":"https:\/\/exceladvisor.org\/es\/#\/schema\/logo\/image\/"}}]}},"yoast_meta":{"yoast_wpseo_title":"","yoast_wpseo_metadesc":"","yoast_wpseo_canonical":""},"_links":{"self":[{"href":"https:\/\/exceladvisor.org\/es\/wp-json\/wp\/v2\/pages\/275","targetHints":{"allow":["GET"]}}],"collection":[{"href":"https:\/\/exceladvisor.org\/es\/wp-json\/wp\/v2\/pages"}],"about":[{"href":"https:\/\/exceladvisor.org\/es\/wp-json\/wp\/v2\/types\/page"}],"author":[{"embeddable":true,"href":"https:\/\/exceladvisor.org\/es\/wp-json\/wp\/v2\/users\/1"}],"replies":[{"embeddable":true,"href":"https:\/\/exceladvisor.org\/es\/wp-json\/wp\/v2\/comments?post=275"}],"version-history":[{"count":1,"href":"https:\/\/exceladvisor.org\/es\/wp-json\/wp\/v2\/pages\/275\/revisions"}],"predecessor-version":[{"id":1174,"href":"https:\/\/exceladvisor.org\/es\/wp-json\/wp\/v2\/pages\/275\/revisions\/1174"}],"wp:attachment":[{"href":"https:\/\/exceladvisor.org\/es\/wp-json\/wp\/v2\/media?parent=275"}],"curies":[{"name":"wp","href":"https:\/\/api.w.org\/{rel}","templated":true}]}}