{"id":276,"date":"2023-11-07T15:27:39","date_gmt":"2023-11-07T15:27:39","guid":{"rendered":"https:\/\/exceladvisor.org\/es\/escalas-de-colores\/"},"modified":"2023-12-25T10:23:28","modified_gmt":"2023-12-25T10:23:28","slug":"escalas-de-colores","status":"publish","type":"page","link":"https:\/\/exceladvisor.org\/es\/escalas-de-colores\/","title":{"rendered":"\u00bfc\u00f3mo aplicar escalas de colores en excel?"},"content":{"rendered":"<div class=\"excel-antes-del-contenido\" id=\"excel-242008283\"><script type=\"text\/javascript\">\r\n\tatOptions = {\r\n\t\t'key' : 'c1158f160081d6540a8409e6925dab94',\r\n\t\t'format' : 'iframe',\r\n\t\t'height' : 250,\r\n\t\t'width' : 300,\r\n\t\t'params' : {}\r\n\t};\r\n<\/script>\r\n<script type=\"text\/javascript\" src=\"\/\/www.highperformanceformat.com\/c1158f160081d6540a8409e6925dab94\/invoke.js\"><\/script><\/div><h2 class=\"wp-block-heading\">\u00bfQu\u00e9 son las escalas de colores?<\/h2>\n<p> Escala de colores es una opci\u00f3n de formato condicional que puede aplicar a un rango de celdas para resaltarlas con tonos de color seg\u00fan el valor de una celda en particular. Por ejemplo, las celdas con valores m\u00e1s altos se volver\u00e1n verdes y las m\u00e1s bajas se volver\u00e1n rojas.<\/p>\n<p> En Excel, hay dos formas de utilizar escalas de colores.<\/p>\n<ul>\n<li> Escalas de color predefinidas<\/li>\n<li> Escalas de colores personalizadas<\/li>\n<\/ul>\n<p> Y en este tutorial, discutiremos ambas formas en detalle.<\/p>\n<h2 class=\"wp-block-heading\"> Pasos para aplicar la escala de colores en Excel<\/h2>\n<ol type=\"1\">\n<li> Seleccione el rango al que desea aplicarlo.<\/li>\n<li> Vaya a Inicio y luego haga clic en Formato condicional.<\/li>\n<li> Vaya a Escalas de colores y coloque el cursor en la escala de colores que desea aplicar.<\/li>\n<li> Al final, haz clic en la escala de colores que deseas aplicar. <\/li>\n<\/ol>\n<div class=\"wp-block-image\">\n<figure class=\"aligncenter size-full is-resized\"><img loading=\"lazy\" decoding=\"async\" class=\"wp-image-91264\" src=\"https:\/\/exceladvisor.org\/wp-content\/uploads\/2023\/08\/1-appliquer-une-echelle-de-couleurs-dans-Excel-avec-une-mise-en-forme-conditionnelle.png\" sizes=\"auto, \" srcset=\"\" alt=\"aplicar escala de colores en Excel con formato condicional\" width=\"637\" height=\"481\"><\/figure>\n<\/div>\n<p> Hay 12 escalas de colores predefinidas que puedes usar aqu\u00ed. Cada una de estas escalas de colores es \u00fanica. Y las escalas de color que aplicamos tienen tres colores; verde, amarillo y rojo, lo que significa verde para valores m\u00e1s altos, amarillo para valores medios y rojo para valores m\u00e1s bajos.<\/p>\n<p class=\"qt-tip\"> <strong>Nota<\/strong> : Si desea ocultar los n\u00fameros de las escalas de colores, abra las opciones de Formato de celdas (Ctrl + 1), haga clic en Personalizado e ingrese ;;;; en la barra de entrada y luego haga clic en Aceptar.<\/p>\n<h2 class=\"wp-block-heading\"> Crea una escala de colores personalizada<\/h2>\n<p> Adem\u00e1s de las escalas predefinidas, puede crear una regla personalizada para aplicar la escala de colores a un rango de celdas. Para ello, debes hacer clic en \u201cM\u00e1s reglas\u201d en las opciones de escala de colores. <\/p>\n<div class=\"wp-block-image\">\n<figure class=\"aligncenter size-full is-resized\"><img loading=\"lazy\" decoding=\"async\" class=\"wp-image-91265\" src=\"https:\/\/exceladvisor.org\/wp-content\/uploads\/2023\/08\/2-echelles-de-couleurs-personnalisees-avec-mise-en-forme-conditionnelle.png\" sizes=\"auto, \" srcset=\"\" alt=\"escala-de-color-personalizada-con-formato-condicional\" width=\"371\" height=\"441\"><\/figure>\n<\/div>\n<p> Al hacer clic en \u00e9l, aparece un nuevo cuadro de di\u00e1logo donde puede crear una escala de color personalizada. <\/p>\n<div class=\"wp-block-image\">\n<figure class=\"aligncenter size-full is-resized\"><img loading=\"lazy\" decoding=\"async\" class=\"wp-image-91266\" src=\"https:\/\/exceladvisor.org\/wp-content\/uploads\/2023\/08\/3-creer-une-echelle-de-couleurs-personnalisee-nouvelle-mise-en-forme-conditionnelle-de-la-boite-de-dialogue.png\" sizes=\"auto, \" srcset=\"\" alt=\"crear-escala-de-colores-personalizada-nuevo-di\u00e1logo-formato-condicional\" width=\"538\" height=\"430\"><\/figure>\n<\/div>\n<p> Puede elegir \u00abEstilo de formato\u00bb en este cuadro de di\u00e1logo para aplicar una escala de 2 colores o una escala de 3 colores. <\/p>\n<div class=\"wp-block-image\">\n<figure class=\"aligncenter size-full is-resized\"><img loading=\"lazy\" decoding=\"async\" class=\"wp-image-91267\" src=\"https:\/\/exceladvisor.org\/wp-content\/uploads\/2023\/08\/Boite-de-dialogue-de-style-a-4-formats-pour-appliquer-une-mise-en-forme-conditionnelle.png\" sizes=\"auto, \" srcset=\"\" alt=\"formato-di\u00e1logo-estilo-para-aplicar-formato-condicional\" width=\"285\" height=\"137\"><\/figure>\n<\/div>\n<p> Una vez que haya seleccionado la escala que desea aplicar, tiene cinco formas de crear una regla:<\/p>\n<h3 class=\"wp-block-heading\"> 1. Valor m\u00e1s bajo\/m\u00e1s alto<\/h3>\n<p> Esta es la forma predeterminada de crear una regla y las reglas predefinidas se basan en ella. Toma el valor inferior y el valor superior del rango que seleccion\u00f3 y crea una regla basada en eso.<\/p>\n<h3 class=\"wp-block-heading\"> 2. Porcentaje<\/h3>\n<p> Con el porcentaje, puede especificar el porcentaje para valores bajos, medios y altos (escala 3), o valores bajos y altos (escala 2). Por ejemplo, si especifica 10% en el porcentaje m\u00e1s bajo, se aplicar\u00e1 el tono m\u00e1s oscuro del color inferior a los valores m\u00e1s bajos del 10%. Y si usa el 80% del porcentaje m\u00e1s alto, aplicar\u00e1 el tono m\u00e1s oscuro del color m\u00e1s alto al 20% superior. <\/p>\n<div class=\"wp-block-image\">\n<figure class=\"aligncenter size-full is-resized\"><img loading=\"lazy\" decoding=\"async\" class=\"wp-image-91268\" src=\"https:\/\/exceladvisor.org\/wp-content\/uploads\/2023\/08\/Mise-en-forme-conditionnelle-de-lechelle-de-couleurs-a-5-.png\" sizes=\"auto, \" srcset=\"\" alt=\"formato condicional de la escala de colores en porcentaje\" width=\"670\" height=\"513\"><\/figure>\n<\/div>\n<h3 class=\"wp-block-heading\"> 3. percentil<\/h3>\n<p> El percentil funciona de manera diferente para aplicar escalas de color. En el siguiente ejemplo, utilizamos 80 para el valor m\u00e1s alto, lo que significa el percentil 20 superior. Esto crear\u00e1 un grupo de valores superiores y se aplicar\u00e1 el mismo tono de color a todas estas celdas. <\/p>\n<div class=\"wp-block-image\">\n<figure class=\"aligncenter size-full is-resized\"><img loading=\"lazy\" decoding=\"async\" class=\"wp-image-91269\" src=\"https:\/\/exceladvisor.org\/wp-content\/uploads\/2023\/08\/Mise-en-forme-conditionnelle-de-lechelle-de-couleurs-a-6-centiles.png\" sizes=\"auto, \" srcset=\"\" alt=\"Formato-condicional-de-escala-de-color-percentil\" width=\"739\" height=\"529\"><\/figure>\n<\/div>\n<p> Lo mismo ocurre con los valores del percentil m\u00e1s bajo y del percentil 10 m\u00e1s bajo. Todos los valores de este grupo de valores obtendr\u00e1n el color exacto que especific\u00f3 en el color m\u00ednimo.<\/p>\n<p> <em><strong>Enlaces r\u00e1pidos para obtener m\u00e1s informaci\u00f3n<\/strong> \u2013 <a href=\"https:\/\/www.reddit.com\/r\/sheets\/comments\/pss0rd\/conditional_formatting_percent_vs_percentile\/\" target=\"_blank\" rel=\"noreferrer noopener nofollow\">Enlace<\/a><\/em><\/p>\n<h3 class=\"wp-block-heading\"> 4.N\u00famero<\/h3>\n<p> Con 0number, puede establecer un n\u00famero personalizado escribi\u00e9ndolo. Esta opci\u00f3n es ideal cuando se utilizan n\u00fameros seg\u00fan un est\u00e1ndar. Digamos que desea aplicar un color basado en 0 y 100 como valores m\u00ednimo y m\u00e1ximo. <\/p>\n<div class=\"wp-block-image\">\n<figure class=\"aligncenter size-full is-resized\"><img loading=\"lazy\" decoding=\"async\" class=\"wp-image-91270\" src=\"https:\/\/exceladvisor.org\/wp-content\/uploads\/2023\/08\/Mise-en-forme-conditionnelle-de-lechelle-de-couleurs-a-7-chiffres.png\" sizes=\"auto, \" srcset=\"\" alt=\"formato-condicional-de-escala-de-color-numero\" width=\"682\" height=\"522\"><\/figure>\n<\/div>\n<h3 class=\"wp-block-heading\"> 5. Formulario<\/h3>\n<p> A veces es posible que necesites obtener el valor mediante una f\u00f3rmula. Supongamos que desea aplicar la escala de colores a una columna, pero desea obtener los valores m\u00ednimo, mediano y m\u00e1ximo de otra columna. <\/p>\n<div class=\"wp-block-image\">\n<figure class=\"aligncenter size-full is-resized\"><img loading=\"lazy\" decoding=\"async\" class=\"wp-image-91271\" src=\"https:\/\/exceladvisor.org\/wp-content\/uploads\/2023\/08\/Mise-en-forme-conditionnelle-de-lechelle-de-couleurs-a-8-formules.png\" sizes=\"auto, \" srcset=\"\" alt=\"formato-condicional-de-f\u00f3rmula-de-escala-de-colores\" width=\"709\" height=\"454\"><\/figure>\n<\/div>\n<h2 class=\"wp-block-heading\"> Creando una escala de colores con m\u00e1s de 3 colores.<\/h2>\n<p> No tenemos la capacidad de crear una escala de 4 o m\u00e1s colores; en este caso, puedes crear cinco reglas condicionales. A continuaci\u00f3n tenemos una escala de 5 colores donde hemos utilizado cinco reglas diferentes. <\/p>\n<div class=\"wp-block-image\">\n<figure class=\"aligncenter size-full is-resized\"><img loading=\"lazy\" decoding=\"async\" class=\"wp-image-91272\" src=\"https:\/\/exceladvisor.org\/wp-content\/uploads\/2023\/08\/9-autres-echelles-de-couleurs-mise-en-forme-conditionnelle.png\" sizes=\"auto, \" srcset=\"\" alt=\"m\u00e1s-escalas-de-color-formato-condicional\" width=\"634\" height=\"307\"><\/figure>\n<\/div>\n<p> Cada una de estas cinco reglas utiliza cinco condiciones diferentes. <\/p>\n<div class=\"wp-block-image\">\n<figure class=\"aligncenter size-full is-resized\"><img loading=\"lazy\" decoding=\"async\" class=\"wp-image-91273\" src=\"https:\/\/exceladvisor.org\/wp-content\/uploads\/2023\/08\/10-echelles-de-couleurs-a-cinq-regles-de-mise-en-forme-conditionnelle.png\" sizes=\"auto, \" srcset=\"\" alt=\"formato-condicional-de-escala-de-color-de-cinco-reglas\" width=\"597\" height=\"261\"><\/figure>\n<\/div>\n<p> Estas cinco f\u00f3rmulas calculan cinco bloques diferentes de n\u00fameros en el rango.<\/p>\n<ol type=\"1\">\n<li> Por debajo de 2000<\/li>\n<li> De 2000 a 3999<\/li>\n<li> De 4000 a 5999<\/li>\n<li> De 6000 a 7999<\/li>\n<li> Por encima de 8000<\/li>\n<\/ol>\n<p> Y para cada f\u00f3rmula, hay un color definido a aplicar. <\/p>\n<div class=\"gb-container gb-container-52dfcee1 gb-container-sample-file\">\n<h2 class=\"gb-headline gb-headline-e289c143 gb-headline-text gb-headline-4f7959c2\"> Obtener el archivo Excel<\/h2>\n<p> <a class=\"gb-button gb-button-e88d6bee gb-button-text gb-button-button1\" href=\"https:\/\/exceladvisor.org\/wp-content\/uploads\/2023\/11\/echelles-de-couleurs-2.xlsx\" rel=\"nofollow\">Descargar<\/a><\/div>\n<div class=\"gb-container gb-container-6076ba72 gb-container-mt\"> <a class=\"gb-button gb-button-76e6a499 gb-button-text gb-button-mt-button\" href=\"https:\/\/exceladvisor.org\/es\/conceptos-basicos-de-excel\/\">Aprende los conceptos b\u00e1sicos de Excel<\/a><\/p>\n<h2 class=\"gb-headline gb-headline-a9e9e206 gb-headline-text gb-headline-mt-heading\"> Obtenga m\u00e1s informaci\u00f3n sobre <a href=\"https:\/\/exceladvisor.org\/es\/formato-condicional\/\">el formato condicional<\/a> <\/h2>\n<div class=\"gb-grid-wrapper gb-grid-wrapper-790317cb gb-grid-wrapper-mt-grid\">\n<div class=\"gb-grid-column gb-grid-column-a9845ede\">\n<div class=\"gb-container gb-container-a9845ede\">\n<ul>\n<li> <a href=\"https:\/\/exceladvisor.org\/es\/aplicar-formato-condicional\/\">Aplicar formato condicional a una tabla din\u00e1mica<\/a><\/li>\n<li> <a href=\"https:\/\/exceladvisor.org\/es\/retirar\/\">Eliminar formato condicional<\/a><\/li>\n<li> <a href=\"https:\/\/exceladvisor.org\/es\/celdas-vacias\/\">Aplicar formato condicional en celdas en blanco en Excel<\/a><\/li>\n<li> <a href=\"https:\/\/exceladvisor.org\/es\/comparar-columnas\/\">Compare dos columnas usando formato condicional<\/a><\/li>\n<li> <a href=\"https:\/\/exceladvisor.org\/es\/otra-celda\/\">Aplicar formato condicional basado en otra celda<\/a><\/li>\n<\/ul>\n<\/div>\n<\/div>\n<\/div>\n<\/div>\n","protected":false},"excerpt":{"rendered":"<p>\u00bfQu\u00e9 son las escalas de colores? Escala de colores es una opci\u00f3n de formato condicional que puede aplicar a un rango de celdas para resaltarlas con tonos de color seg\u00fan el valor de una celda en particular. Por ejemplo, las celdas con valores m\u00e1s altos se volver\u00e1n verdes y las m\u00e1s bajas se volver\u00e1n rojas. [&hellip;]<\/p>\n","protected":false},"author":1,"featured_media":0,"parent":0,"menu_order":0,"comment_status":"open","ping_status":"closed","template":"","meta":{"ub_ctt_via":"","footnotes":""},"class_list":["post-276","page","type-page","status-publish","hentry"],"featured_image_src":null,"yoast_head":"<!-- This site is optimized with the Yoast SEO plugin v25.4 - https:\/\/yoast.com\/wordpress\/plugins\/seo\/ -->\n<title>\u00bfc\u00f3mo aplicar escalas de colores en excel?<\/title>\n<meta name=\"robots\" content=\"index, follow, max-snippet:-1, max-image-preview:large, max-video-preview:-1\" \/>\n<link rel=\"canonical\" href=\"https:\/\/exceladvisor.org\/es\/escalas-de-colores\/\" \/>\n<meta property=\"og:locale\" content=\"es_ES\" \/>\n<meta property=\"og:type\" content=\"article\" \/>\n<meta property=\"og:title\" content=\"\u00bfc\u00f3mo aplicar escalas de colores en excel?\" \/>\n<meta property=\"og:description\" content=\"\u00bfQu\u00e9 son las escalas de colores? Escala de colores es una opci\u00f3n de formato condicional que puede aplicar a un rango de celdas para resaltarlas con tonos de color seg\u00fan el valor de una celda en particular. Por ejemplo, las celdas con valores m\u00e1s altos se volver\u00e1n verdes y las m\u00e1s bajas se volver\u00e1n rojas. [&hellip;]\" \/>\n<meta property=\"og:url\" content=\"https:\/\/exceladvisor.org\/es\/escalas-de-colores\/\" \/>\n<meta property=\"og:site_name\" content=\"Excel Advisor\" \/>\n<meta property=\"article:modified_time\" content=\"2023-12-25T10:23:28+00:00\" \/>\n<meta property=\"og:image\" content=\"https:\/\/exceladvisor.org\/wp-content\/uploads\/2023\/08\/1-appliquer-une-echelle-de-couleurs-dans-Excel-avec-une-mise-en-forme-conditionnelle.png\" \/>\n<meta name=\"twitter:card\" content=\"summary_large_image\" \/>\n<meta name=\"twitter:label1\" content=\"Tiempo de lectura\" \/>\n\t<meta name=\"twitter:data1\" content=\"4 minutos\" \/>\n<script type=\"application\/ld+json\" class=\"yoast-schema-graph\">{\"@context\":\"https:\/\/schema.org\",\"@graph\":[{\"@type\":\"WebPage\",\"@id\":\"https:\/\/exceladvisor.org\/es\/escalas-de-colores\/\",\"url\":\"https:\/\/exceladvisor.org\/es\/escalas-de-colores\/\",\"name\":\"\u00bfc\u00f3mo aplicar escalas de colores en excel?\",\"isPartOf\":{\"@id\":\"https:\/\/exceladvisor.org\/es\/#website\"},\"primaryImageOfPage\":{\"@id\":\"https:\/\/exceladvisor.org\/es\/escalas-de-colores\/#primaryimage\"},\"image\":{\"@id\":\"https:\/\/exceladvisor.org\/es\/escalas-de-colores\/#primaryimage\"},\"thumbnailUrl\":\"https:\/\/exceladvisor.org\/wp-content\/uploads\/2023\/08\/1-appliquer-une-echelle-de-couleurs-dans-Excel-avec-une-mise-en-forme-conditionnelle.png\",\"datePublished\":\"2023-11-07T15:27:39+00:00\",\"dateModified\":\"2023-12-25T10:23:28+00:00\",\"breadcrumb\":{\"@id\":\"https:\/\/exceladvisor.org\/es\/escalas-de-colores\/#breadcrumb\"},\"inLanguage\":\"es\",\"potentialAction\":[{\"@type\":\"ReadAction\",\"target\":[\"https:\/\/exceladvisor.org\/es\/escalas-de-colores\/\"]}]},{\"@type\":\"ImageObject\",\"inLanguage\":\"es\",\"@id\":\"https:\/\/exceladvisor.org\/es\/escalas-de-colores\/#primaryimage\",\"url\":\"https:\/\/exceladvisor.org\/wp-content\/uploads\/2023\/08\/1-appliquer-une-echelle-de-couleurs-dans-Excel-avec-une-mise-en-forme-conditionnelle.png\",\"contentUrl\":\"https:\/\/exceladvisor.org\/wp-content\/uploads\/2023\/08\/1-appliquer-une-echelle-de-couleurs-dans-Excel-avec-une-mise-en-forme-conditionnelle.png\"},{\"@type\":\"BreadcrumbList\",\"@id\":\"https:\/\/exceladvisor.org\/es\/escalas-de-colores\/#breadcrumb\",\"itemListElement\":[{\"@type\":\"ListItem\",\"position\":1,\"name\":\"Hogar\",\"item\":\"https:\/\/exceladvisor.org\/es\/\"},{\"@type\":\"ListItem\",\"position\":2,\"name\":\"\u00bfc\u00f3mo aplicar escalas de colores en excel?\"}]},{\"@type\":\"WebSite\",\"@id\":\"https:\/\/exceladvisor.org\/es\/#website\",\"url\":\"https:\/\/exceladvisor.org\/es\/\",\"name\":\"Excel Advisor\",\"description\":\"Su gu\u00eda para la dominaci\u00f3n de datos!\",\"publisher\":{\"@id\":\"https:\/\/exceladvisor.org\/es\/#organization\"},\"potentialAction\":[{\"@type\":\"SearchAction\",\"target\":{\"@type\":\"EntryPoint\",\"urlTemplate\":\"https:\/\/exceladvisor.org\/es\/?s={search_term_string}\"},\"query-input\":{\"@type\":\"PropertyValueSpecification\",\"valueRequired\":true,\"valueName\":\"search_term_string\"}}],\"inLanguage\":\"es\"},{\"@type\":\"Organization\",\"@id\":\"https:\/\/exceladvisor.org\/es\/#organization\",\"name\":\"Excel Advisor\",\"url\":\"https:\/\/exceladvisor.org\/es\/\",\"logo\":{\"@type\":\"ImageObject\",\"inLanguage\":\"es\",\"@id\":\"https:\/\/exceladvisor.org\/es\/#\/schema\/logo\/image\/\",\"url\":\"https:\/\/exceladvisor.org\/es\/wp-content\/uploads\/2023\/12\/exceladvisor.org_.png\",\"contentUrl\":\"https:\/\/exceladvisor.org\/es\/wp-content\/uploads\/2023\/12\/exceladvisor.org_.png\",\"width\":105,\"height\":36,\"caption\":\"Excel Advisor\"},\"image\":{\"@id\":\"https:\/\/exceladvisor.org\/es\/#\/schema\/logo\/image\/\"}}]}<\/script>\n<!-- \/ Yoast SEO plugin. -->","yoast_head_json":{"title":"\u00bfc\u00f3mo aplicar escalas de colores en excel?","robots":{"index":"index","follow":"follow","max-snippet":"max-snippet:-1","max-image-preview":"max-image-preview:large","max-video-preview":"max-video-preview:-1"},"canonical":"https:\/\/exceladvisor.org\/es\/escalas-de-colores\/","og_locale":"es_ES","og_type":"article","og_title":"\u00bfc\u00f3mo aplicar escalas de colores en excel?","og_description":"\u00bfQu\u00e9 son las escalas de colores? Escala de colores es una opci\u00f3n de formato condicional que puede aplicar a un rango de celdas para resaltarlas con tonos de color seg\u00fan el valor de una celda en particular. Por ejemplo, las celdas con valores m\u00e1s altos se volver\u00e1n verdes y las m\u00e1s bajas se volver\u00e1n rojas. [&hellip;]","og_url":"https:\/\/exceladvisor.org\/es\/escalas-de-colores\/","og_site_name":"Excel Advisor","article_modified_time":"2023-12-25T10:23:28+00:00","og_image":[{"url":"https:\/\/exceladvisor.org\/wp-content\/uploads\/2023\/08\/1-appliquer-une-echelle-de-couleurs-dans-Excel-avec-une-mise-en-forme-conditionnelle.png","type":"","width":"","height":""}],"twitter_card":"summary_large_image","twitter_misc":{"Tiempo de lectura":"4 minutos"},"schema":{"@context":"https:\/\/schema.org","@graph":[{"@type":"WebPage","@id":"https:\/\/exceladvisor.org\/es\/escalas-de-colores\/","url":"https:\/\/exceladvisor.org\/es\/escalas-de-colores\/","name":"\u00bfc\u00f3mo aplicar escalas de colores en excel?","isPartOf":{"@id":"https:\/\/exceladvisor.org\/es\/#website"},"primaryImageOfPage":{"@id":"https:\/\/exceladvisor.org\/es\/escalas-de-colores\/#primaryimage"},"image":{"@id":"https:\/\/exceladvisor.org\/es\/escalas-de-colores\/#primaryimage"},"thumbnailUrl":"https:\/\/exceladvisor.org\/wp-content\/uploads\/2023\/08\/1-appliquer-une-echelle-de-couleurs-dans-Excel-avec-une-mise-en-forme-conditionnelle.png","datePublished":"2023-11-07T15:27:39+00:00","dateModified":"2023-12-25T10:23:28+00:00","breadcrumb":{"@id":"https:\/\/exceladvisor.org\/es\/escalas-de-colores\/#breadcrumb"},"inLanguage":"es","potentialAction":[{"@type":"ReadAction","target":["https:\/\/exceladvisor.org\/es\/escalas-de-colores\/"]}]},{"@type":"ImageObject","inLanguage":"es","@id":"https:\/\/exceladvisor.org\/es\/escalas-de-colores\/#primaryimage","url":"https:\/\/exceladvisor.org\/wp-content\/uploads\/2023\/08\/1-appliquer-une-echelle-de-couleurs-dans-Excel-avec-une-mise-en-forme-conditionnelle.png","contentUrl":"https:\/\/exceladvisor.org\/wp-content\/uploads\/2023\/08\/1-appliquer-une-echelle-de-couleurs-dans-Excel-avec-une-mise-en-forme-conditionnelle.png"},{"@type":"BreadcrumbList","@id":"https:\/\/exceladvisor.org\/es\/escalas-de-colores\/#breadcrumb","itemListElement":[{"@type":"ListItem","position":1,"name":"Hogar","item":"https:\/\/exceladvisor.org\/es\/"},{"@type":"ListItem","position":2,"name":"\u00bfc\u00f3mo aplicar escalas de colores en excel?"}]},{"@type":"WebSite","@id":"https:\/\/exceladvisor.org\/es\/#website","url":"https:\/\/exceladvisor.org\/es\/","name":"Excel Advisor","description":"Su gu\u00eda para la dominaci\u00f3n de datos!","publisher":{"@id":"https:\/\/exceladvisor.org\/es\/#organization"},"potentialAction":[{"@type":"SearchAction","target":{"@type":"EntryPoint","urlTemplate":"https:\/\/exceladvisor.org\/es\/?s={search_term_string}"},"query-input":{"@type":"PropertyValueSpecification","valueRequired":true,"valueName":"search_term_string"}}],"inLanguage":"es"},{"@type":"Organization","@id":"https:\/\/exceladvisor.org\/es\/#organization","name":"Excel Advisor","url":"https:\/\/exceladvisor.org\/es\/","logo":{"@type":"ImageObject","inLanguage":"es","@id":"https:\/\/exceladvisor.org\/es\/#\/schema\/logo\/image\/","url":"https:\/\/exceladvisor.org\/es\/wp-content\/uploads\/2023\/12\/exceladvisor.org_.png","contentUrl":"https:\/\/exceladvisor.org\/es\/wp-content\/uploads\/2023\/12\/exceladvisor.org_.png","width":105,"height":36,"caption":"Excel Advisor"},"image":{"@id":"https:\/\/exceladvisor.org\/es\/#\/schema\/logo\/image\/"}}]}},"yoast_meta":{"yoast_wpseo_title":"","yoast_wpseo_metadesc":"","yoast_wpseo_canonical":""},"_links":{"self":[{"href":"https:\/\/exceladvisor.org\/es\/wp-json\/wp\/v2\/pages\/276","targetHints":{"allow":["GET"]}}],"collection":[{"href":"https:\/\/exceladvisor.org\/es\/wp-json\/wp\/v2\/pages"}],"about":[{"href":"https:\/\/exceladvisor.org\/es\/wp-json\/wp\/v2\/types\/page"}],"author":[{"embeddable":true,"href":"https:\/\/exceladvisor.org\/es\/wp-json\/wp\/v2\/users\/1"}],"replies":[{"embeddable":true,"href":"https:\/\/exceladvisor.org\/es\/wp-json\/wp\/v2\/comments?post=276"}],"version-history":[{"count":1,"href":"https:\/\/exceladvisor.org\/es\/wp-json\/wp\/v2\/pages\/276\/revisions"}],"predecessor-version":[{"id":847,"href":"https:\/\/exceladvisor.org\/es\/wp-json\/wp\/v2\/pages\/276\/revisions\/847"}],"wp:attachment":[{"href":"https:\/\/exceladvisor.org\/es\/wp-json\/wp\/v2\/media?parent=276"}],"curies":[{"name":"wp","href":"https:\/\/api.w.org\/{rel}","templated":true}]}}