{"id":277,"date":"2023-11-07T15:19:24","date_gmt":"2023-11-07T15:19:24","guid":{"rendered":"https:\/\/exceladvisor.org\/es\/barras-de-datos\/"},"modified":"2023-12-25T10:22:48","modified_gmt":"2023-12-25T10:22:48","slug":"barras-de-datos","status":"publish","type":"page","link":"https:\/\/exceladvisor.org\/es\/barras-de-datos\/","title":{"rendered":"\u00bfc\u00f3mo agregar barras de datos en excel?"},"content":{"rendered":"<div class=\"excel-antes-del-contenido\" id=\"excel-1364849797\"><script type=\"text\/javascript\">\r\n\tatOptions = {\r\n\t\t'key' : 'c1158f160081d6540a8409e6925dab94',\r\n\t\t'format' : 'iframe',\r\n\t\t'height' : 250,\r\n\t\t'width' : 300,\r\n\t\t'params' : {}\r\n\t};\r\n<\/script>\r\n<script type=\"text\/javascript\" src=\"\/\/www.highperformanceformat.com\/c1158f160081d6540a8409e6925dab94\/invoke.js\"><\/script><\/div><p>En Excel, puede agregar barras de datos a una o m\u00e1s celdas usando formato condicional. Con el formato condicional, tienes dos opciones para agregarlos:<\/p>\n<ul>\n<li> Barras de datos predefinidas<\/li>\n<li> Barras de datos personalizadas<\/li>\n<\/ul>\n<p> En este tutorial, veremos ambos m\u00e9todos y aprenderemos c\u00f3mo usarlos para analizar datos r\u00e1pidamente.<\/p>\n<h2 class=\"wp-block-heading\"> Pasos para agregar barras de datos en Excel desde formato condicional<\/h2>\n<ol type=\"1\">\n<li> Primero, seleccione los datos que desea agregar a la barra de datos.<\/li>\n<li> Vaya a la p\u00e1gina de inicio y haga clic en el men\u00fa desplegable Formato condicional.<\/li>\n<li> Desde all\u00ed, navegue hasta la opci\u00f3n Barra de datos.<\/li>\n<li> Finalmente, haga clic en el estilo de barra de datos que desea aplicar. <\/li>\n<\/ol>\n<div class=\"wp-block-image\">\n<figure class=\"aligncenter size-full is-resized\"><img loading=\"lazy\" decoding=\"async\" class=\"wp-image-91289\" src=\"https:\/\/exceladvisor.org\/wp-content\/uploads\/2023\/08\/1-barres-de-donnees-dans-Excel-a-partir-de-la-mise-en-forme-conditionnelle.png\" sizes=\"auto, \" srcset=\"\" alt=\"barras de datos en Excel desde formato condicional\" width=\"672\" height=\"494\"><\/figure>\n<\/div>\n<p> Y en el momento en que haces clic en la nueva barra de datos que deseas aplicar a los datos; lo obtendr\u00e1s al instante. Estas reglas de barra de datos predefinidas son bastante f\u00e1ciles de aplicar.<\/p>\n<p> Cuando seleccionas uno de ellos, toma los valores m\u00e1s altos de los datos seleccionados y agrega una barra de datos completa. Y luego use este valor para agregar barras al resto de las celdas. <\/p>\n<div class=\"wp-block-image\">\n<figure class=\"aligncenter size-full is-resized\"><img loading=\"lazy\" decoding=\"async\" class=\"wp-image-91290\" src=\"https:\/\/exceladvisor.org\/wp-content\/uploads\/2023\/08\/2-valeurs-les-plus-elevees-de-la-mise-en-forme-conditionnelle-des-donnees-selectionnees.png\" sizes=\"auto, \" srcset=\"\" alt=\"valores-m\u00e1s-altos-de-formato-condicional-datos-seleccionados\" width=\"327\" height=\"290\"><\/figure>\n<\/div>\n<p> Hay 12 barras de datos que puedes aplicar r\u00e1pidamente a los datos.<\/p>\n<h2 class=\"wp-block-heading\"> Agregue barras de datos con configuraciones personalizadas (m\u00e1s reglas)<\/h2>\n<p> Primero, vaya a Inicio &gt; Formato condicional &gt; Barras de datos &gt; M\u00e1s reglas. <\/p>\n<div class=\"wp-block-image\">\n<figure class=\"aligncenter size-full is-resized\"><img loading=\"lazy\" decoding=\"async\" class=\"wp-image-91291\" src=\"https:\/\/exceladvisor.org\/wp-content\/uploads\/2023\/08\/3-barres-de-donnees-avec-mise-en-forme-conditionnelle-des-parametres-personnalises.png\" sizes=\"auto, \" srcset=\"\" alt=\"barras-de-datos-con-par\u00e1metros-personalizados-formato-condicional\" width=\"368\" height=\"402\"><\/figure>\n<\/div>\n<p> Una vez que haga clic en \u00e9l, aparecer\u00e1 un cuadro de di\u00e1logo para usar configuraciones personalizadas para agregar barras de datos. <\/p>\n<div class=\"wp-block-image\">\n<figure class=\"aligncenter size-full is-resized\"><img loading=\"lazy\" decoding=\"async\" class=\"wp-image-91292\" src=\"https:\/\/exceladvisor.org\/wp-content\/uploads\/2023\/08\/4-utiliser-les-parametres-personnalises-pour-ajouter-la-mise-en-forme-conditionnelle-des-barres-de-donnees.png\" sizes=\"auto, \" srcset=\"\" alt=\"use-par\u00e1metros-personalizados-para-agregar-formato-de-barra-de-datos-condicional\" width=\"557\" height=\"539\"><\/figure>\n<\/div>\n<p> En este cuadro de di\u00e1logo, tiene muchas opciones para crear una regla de barra de datos personalizada. Por ejemplo, puede cambiar la forma en que aplica las barras de datos desde el men\u00fa desplegable \u00abTipo\u00bb. <\/p>\n<div class=\"wp-block-image\">\n<figure class=\"aligncenter size-full is-resized\"><img loading=\"lazy\" decoding=\"async\" class=\"wp-image-91293\" src=\"https:\/\/exceladvisor.org\/wp-content\/uploads\/2023\/08\/5-changer-la-facon-dont-vous-appliquez-la-mise-en-forme-conditionnelle-des-barres-de-donnees.png\" sizes=\"auto, \" srcset=\"\" alt=\"cambiar-c\u00f3mo-aplicar-el-formato-de-barra-de-datos-condicional\" width=\"585\" height=\"149\"><\/figure>\n<\/div>\n<h3 class=\"wp-block-heading\"> 1. M\u00e1s bajo y m\u00e1s alto<\/h3>\n<p> Con esta opci\u00f3n, Excel tomar\u00e1 el n\u00famero m\u00e1s bajo y m\u00e1s alto de los propios datos. Como puede ver en el ejemplo siguiente, el n\u00famero m\u00e1s bajo de los datos no tiene barra de datos y el n\u00famero m\u00e1s alto de los datos tiene una barra de datos completa. <\/p>\n<div class=\"wp-block-image\">\n<figure class=\"aligncenter size-full is-resized\"><img loading=\"lazy\" decoding=\"async\" class=\"wp-image-91294\" src=\"https:\/\/exceladvisor.org\/wp-content\/uploads\/2023\/08\/6-nombre-le-plus-eleve-dans-la-mise-en-forme-conditionnelle-des-donnees.png\" sizes=\"auto, \" srcset=\"\" alt=\"n\u00famero m\u00e1s alto en formato de datos condicional\" width=\"664\" height=\"320\"><\/figure>\n<\/div>\n<h3 class=\"wp-block-heading\"> 2.N\u00fameros<\/h3>\n<p> Con la opci\u00f3n N\u00fameros, usted mismo puede establecer el n\u00famero m\u00e1s bajo y m\u00e1s alto. Y tendr\u00e1 en cuenta este rango de n\u00fameros para agregar la barra de datos.<\/p>\n<p> En el siguiente ejemplo, el n\u00famero m\u00e1s bajo es 0 y el n\u00famero m\u00e1s alto es 4000, raz\u00f3n por la cual todas las barras de datos son considerablemente peque\u00f1as en comparaci\u00f3n con el ancho de la celda. <\/p>\n<div class=\"wp-block-image\">\n<figure class=\"aligncenter size-full is-resized\"><img loading=\"lazy\" decoding=\"async\" class=\"wp-image-91295\" src=\"https:\/\/exceladvisor.org\/wp-content\/uploads\/2023\/08\/Mise-en-forme-conditionnelle-des-barres-de-donnees-a-7-chiffres.png\" sizes=\"auto, \" srcset=\"\" alt=\"n\u00fameros-barras-de-datos-formato-condicional\" width=\"705\" height=\"337\"><\/figure>\n<\/div>\n<h3 class=\"wp-block-heading\"> 3. Porcentaje<\/h3>\n<p> Con el porcentaje, puede establecer el valor equivalente m\u00e1s bajo y m\u00e1s alto de un porcentaje. En el siguiente ejemplo tenemos 20% para el m\u00ednimo y 80% para el m\u00e1ximo. <\/p>\n<div class=\"wp-block-image\">\n<figure class=\"aligncenter size-full is-resized\"><img loading=\"lazy\" decoding=\"async\" class=\"wp-image-91296\" src=\"https:\/\/exceladvisor.org\/wp-content\/uploads\/2023\/08\/Mise-en-forme-conditionnelle-de-8-barres-de-donnees-de-pourcentage.png\" sizes=\"auto, \" srcset=\"\" alt=\"formato-condicional-de-barras-de-datos-de-porcentaje\" width=\"740\" height=\"349\"><\/figure>\n<\/div>\n<p> La suma total de los valores es 14733 y el 20% es 2946,6. Ahora, si ve los dos valores m\u00e1s bajos, 1161 y 1201, que es 2362, eso cubre la mayor parte del 20% inferior de la moneda. Por eso no tienes barra en estas dos celdas.<\/p>\n<p> Cuando utiliza el 80% para el m\u00e1ximo, eso tambi\u00e9n significa tener en cuenta el 20% m\u00e1s alto de los valores. Y los dos primeros valores son 1874 y 1651, y el total de ambos es 3525, y 3525 es mayor que el 20% de la suma de los valores.<\/p>\n<p> Es por eso que tienes una barra s\u00f3lida en la celda con 1874, y la celda con el valor 1651 tiene una barra considerablemente m\u00e1s ancha que los otros valores.<\/p>\n<h3 class=\"wp-block-heading\"> 4. percentil<\/h3>\n<p> Con percentil puedes crear un grupo de valores superiores e inferiores y tener una barra de datos exacta. Ponerse&#8217; <\/p>\n<div class=\"wp-block-image\">\n<figure class=\"aligncenter size-full is-resized\"><img loading=\"lazy\" decoding=\"async\" class=\"wp-image-91297\" src=\"https:\/\/exceladvisor.org\/wp-content\/uploads\/2023\/08\/Mise-en-forme-conditionnelle-des-barres-de-donnees-a-9-centiles.png\" sizes=\"auto, \" srcset=\"\" alt=\"formato condicional de barras de datos de percentiles\" width=\"695\" height=\"378\"><\/figure>\n<\/div>\n<p> Supongamos que especifica el percentil 70 para la parte superior, lo que significa los primeros 30 valores del percentil. Nuestros datos tienen diez valores, y los 30 percentiles superiores ser\u00e1n los 3 primeros. Y es por eso que puedes ver en los datos que las celdas con los primeros tres valores tienen barras de datos de ancho completo.<\/p>\n<p> Para el m\u00ednimo utilizamos 30 con un promedio de 30 percentiles de los valores m\u00e1s bajos. Y como tenemos diez valores en los datos, los 30 valores percentiles inferiores ser\u00e1n 3. Y es por eso que los tres valores inferiores no tienen una barra de datos.<\/p>\n<p> Y otras celdas tienen barras de datos basadas en valores.<\/p>\n<h3 class=\"wp-block-heading\"> 5. Formulario<\/h3>\n<p> Tambi\u00e9n puede utilizar una f\u00f3rmula para establecer el n\u00famero m\u00ednimo y m\u00e1ximo de barras de datos. Por lo general, no es necesario hacer esto la mayor parte del tiempo, pero hay situaciones espec\u00edficas en las que es necesario hacerlo. <\/p>\n<div class=\"wp-block-image\">\n<figure class=\"aligncenter size-full is-resized\"><img loading=\"lazy\" decoding=\"async\" class=\"wp-image-91298\" src=\"https:\/\/exceladvisor.org\/wp-content\/uploads\/2023\/08\/10-barres-de-donnees-de-formule-mise-en-forme-conditionnelle.png\" sizes=\"auto, \" srcset=\"\" alt=\"formato-condicional-de-f\u00f3rmula-de-barra-de-datos\" width=\"732\" height=\"398\"><\/figure>\n<\/div>\n<p> Puedes ver en el ejemplo anterior; Usamos funciones MIN y MAX para crear f\u00f3rmulas para obtener los valores m\u00ednimo y m\u00e1ximo de la columna B para aplicar las barras de datos en la columna A.<\/p>\n<h3 class=\"wp-block-heading\"> 6. Autom\u00e1tico<\/h3>\n<p> Usamos el mismo m\u00e9todo aplicando barras de datos con las reglas predefinidas.<\/p>\n<h2 class=\"wp-block-heading\"> Formato personalizado para la barra de datos.<\/h2>\n<p> Tambi\u00e9n tiene opciones para cambiar el formato de las barras de datos seg\u00fan sea necesario. <\/p>\n<div class=\"wp-block-image\">\n<figure class=\"aligncenter size-full is-resized\"><img loading=\"lazy\" decoding=\"async\" class=\"wp-image-91299\" src=\"https:\/\/exceladvisor.org\/wp-content\/uploads\/2023\/08\/11-mises-en-forme-personnalisees-des-barres-de-donnees-mise-en-forme-conditionnelle.png\" sizes=\"auto, \" srcset=\"\" alt=\"formato-personalizado-barras-de-datos-formato-condicional\" width=\"514\" height=\"174\"><\/figure>\n<\/div>\n<ol type=\"1\">\n<li> Puede cambiar el tipo de color de s\u00f3lido a degradado y de degradado a s\u00f3lido.<\/li>\n<li> Hay una opci\u00f3n para agregar un borde alrededor de la barra.<\/li>\n<li> Y puedes cambiar la direcci\u00f3n de la barra de izquierda a derecha o de derecha a izquierda.<\/li>\n<\/ol>\n<p> Y si de alguna manera solo quieres mostrar las barras y ocultar los n\u00fameros, puedes marcar la casilla \u201cMostrar solo barras\u201d. <\/p>\n<div class=\"wp-block-image\">\n<figure class=\"aligncenter size-full is-resized\"><img loading=\"lazy\" decoding=\"async\" class=\"wp-image-91300\" src=\"https:\/\/exceladvisor.org\/wp-content\/uploads\/2023\/08\/12-masquer-les-nombres-barres-de-donnees-mise-en-forme-conditionnelle.png\" sizes=\"auto, \" srcset=\"\" alt=\"ocultar-n\u00fameros-barras-de-datos-formato-condicional\" width=\"697\" height=\"341\"><\/figure>\n<\/div>\n<div class=\"gb-container gb-container-52dfcee1 gb-container-sample-file\">\n<h2 class=\"gb-headline gb-headline-e289c143 gb-headline-text gb-headline-4f7959c2\"> Obtener el archivo Excel<\/h2>\n<p> <a class=\"gb-button gb-button-e88d6bee gb-button-text gb-button-button1\" href=\"https:\/\/exceladvisor.org\/wp-content\/uploads\/2023\/11\/barre-de-donnees.xlsx\" rel=\"nofollow\">Descargar<\/a><\/div>\n<div class=\"gb-container gb-container-6076ba72 gb-container-mt\"> <a class=\"gb-button gb-button-76e6a499 gb-button-text gb-button-mt-button\" href=\"https:\/\/exceladvisor.org\/es\/conceptos-basicos-de-excel\/\">Aprende los conceptos b\u00e1sicos de Excel<\/a><\/p>\n<h2 class=\"gb-headline gb-headline-a9e9e206 gb-headline-text gb-headline-mt-heading\"> Obtenga m\u00e1s informaci\u00f3n sobre <a href=\"https:\/\/exceladvisor.org\/es\/formato-condicional\/\">el formato condicional<\/a> <\/h2>\n<div class=\"gb-grid-wrapper gb-grid-wrapper-790317cb gb-grid-wrapper-mt-grid\">\n<div class=\"gb-grid-column gb-grid-column-a9845ede\">\n<div class=\"gb-container gb-container-a9845ede\">\n<ul>\n<li> <a href=\"https:\/\/exceladvisor.org\/es\/aplicar-formato-condicional\/\">Aplicar formato condicional a una tabla din\u00e1mica<\/a><\/li>\n<li> <a href=\"https:\/\/exceladvisor.org\/es\/retirar\/\">Eliminar formato condicional<\/a><\/li>\n<li> <a href=\"https:\/\/exceladvisor.org\/es\/celdas-vacias\/\">Aplicar formato condicional en celdas en blanco en Excel<\/a><\/li>\n<li> <a href=\"https:\/\/exceladvisor.org\/es\/comparar-columnas\/\">Compare dos columnas usando formato condicional<\/a><\/li>\n<li> <a href=\"https:\/\/exceladvisor.org\/es\/otra-celda\/\">Aplicar formato condicional basado en otra celda<\/a><\/li>\n<\/ul>\n<\/div>\n<\/div>\n<\/div>\n<\/div>\n","protected":false},"excerpt":{"rendered":"<p>En Excel, puede agregar barras de datos a una o m\u00e1s celdas usando formato condicional. Con el formato condicional, tienes dos opciones para agregarlos: Barras de datos predefinidas Barras de datos personalizadas En este tutorial, veremos ambos m\u00e9todos y aprenderemos c\u00f3mo usarlos para analizar datos r\u00e1pidamente. Pasos para agregar barras de datos en Excel desde [&hellip;]<\/p>\n","protected":false},"author":1,"featured_media":0,"parent":0,"menu_order":0,"comment_status":"open","ping_status":"closed","template":"","meta":{"ub_ctt_via":"","footnotes":""},"class_list":["post-277","page","type-page","status-publish","hentry"],"featured_image_src":null,"yoast_head":"<!-- This site is optimized with the Yoast SEO plugin v25.4 - https:\/\/yoast.com\/wordpress\/plugins\/seo\/ -->\n<title>\u00bfc\u00f3mo agregar barras de datos en excel?<\/title>\n<meta name=\"robots\" content=\"index, follow, max-snippet:-1, max-image-preview:large, max-video-preview:-1\" \/>\n<link rel=\"canonical\" href=\"https:\/\/exceladvisor.org\/es\/barras-de-datos\/\" \/>\n<meta property=\"og:locale\" content=\"es_ES\" \/>\n<meta property=\"og:type\" content=\"article\" \/>\n<meta property=\"og:title\" content=\"\u00bfc\u00f3mo agregar barras de datos en excel?\" \/>\n<meta property=\"og:description\" content=\"En Excel, puede agregar barras de datos a una o m\u00e1s celdas usando formato condicional. Con el formato condicional, tienes dos opciones para agregarlos: Barras de datos predefinidas Barras de datos personalizadas En este tutorial, veremos ambos m\u00e9todos y aprenderemos c\u00f3mo usarlos para analizar datos r\u00e1pidamente. Pasos para agregar barras de datos en Excel desde [&hellip;]\" \/>\n<meta property=\"og:url\" content=\"https:\/\/exceladvisor.org\/es\/barras-de-datos\/\" \/>\n<meta property=\"og:site_name\" content=\"Excel Advisor\" \/>\n<meta property=\"article:modified_time\" content=\"2023-12-25T10:22:48+00:00\" \/>\n<meta property=\"og:image\" content=\"https:\/\/exceladvisor.org\/wp-content\/uploads\/2023\/08\/1-barres-de-donnees-dans-Excel-a-partir-de-la-mise-en-forme-conditionnelle.png\" \/>\n<meta name=\"twitter:card\" content=\"summary_large_image\" \/>\n<meta name=\"twitter:label1\" content=\"Tiempo de lectura\" \/>\n\t<meta name=\"twitter:data1\" content=\"5 minutos\" \/>\n<script type=\"application\/ld+json\" class=\"yoast-schema-graph\">{\"@context\":\"https:\/\/schema.org\",\"@graph\":[{\"@type\":\"WebPage\",\"@id\":\"https:\/\/exceladvisor.org\/es\/barras-de-datos\/\",\"url\":\"https:\/\/exceladvisor.org\/es\/barras-de-datos\/\",\"name\":\"\u00bfc\u00f3mo agregar barras de datos en excel?\",\"isPartOf\":{\"@id\":\"https:\/\/exceladvisor.org\/es\/#website\"},\"primaryImageOfPage\":{\"@id\":\"https:\/\/exceladvisor.org\/es\/barras-de-datos\/#primaryimage\"},\"image\":{\"@id\":\"https:\/\/exceladvisor.org\/es\/barras-de-datos\/#primaryimage\"},\"thumbnailUrl\":\"https:\/\/exceladvisor.org\/wp-content\/uploads\/2023\/08\/1-barres-de-donnees-dans-Excel-a-partir-de-la-mise-en-forme-conditionnelle.png\",\"datePublished\":\"2023-11-07T15:19:24+00:00\",\"dateModified\":\"2023-12-25T10:22:48+00:00\",\"breadcrumb\":{\"@id\":\"https:\/\/exceladvisor.org\/es\/barras-de-datos\/#breadcrumb\"},\"inLanguage\":\"es\",\"potentialAction\":[{\"@type\":\"ReadAction\",\"target\":[\"https:\/\/exceladvisor.org\/es\/barras-de-datos\/\"]}]},{\"@type\":\"ImageObject\",\"inLanguage\":\"es\",\"@id\":\"https:\/\/exceladvisor.org\/es\/barras-de-datos\/#primaryimage\",\"url\":\"https:\/\/exceladvisor.org\/wp-content\/uploads\/2023\/08\/1-barres-de-donnees-dans-Excel-a-partir-de-la-mise-en-forme-conditionnelle.png\",\"contentUrl\":\"https:\/\/exceladvisor.org\/wp-content\/uploads\/2023\/08\/1-barres-de-donnees-dans-Excel-a-partir-de-la-mise-en-forme-conditionnelle.png\"},{\"@type\":\"BreadcrumbList\",\"@id\":\"https:\/\/exceladvisor.org\/es\/barras-de-datos\/#breadcrumb\",\"itemListElement\":[{\"@type\":\"ListItem\",\"position\":1,\"name\":\"Hogar\",\"item\":\"https:\/\/exceladvisor.org\/es\/\"},{\"@type\":\"ListItem\",\"position\":2,\"name\":\"\u00bfc\u00f3mo agregar barras de datos en excel?\"}]},{\"@type\":\"WebSite\",\"@id\":\"https:\/\/exceladvisor.org\/es\/#website\",\"url\":\"https:\/\/exceladvisor.org\/es\/\",\"name\":\"Excel Advisor\",\"description\":\"Su gu\u00eda para la dominaci\u00f3n de datos!\",\"publisher\":{\"@id\":\"https:\/\/exceladvisor.org\/es\/#organization\"},\"potentialAction\":[{\"@type\":\"SearchAction\",\"target\":{\"@type\":\"EntryPoint\",\"urlTemplate\":\"https:\/\/exceladvisor.org\/es\/?s={search_term_string}\"},\"query-input\":{\"@type\":\"PropertyValueSpecification\",\"valueRequired\":true,\"valueName\":\"search_term_string\"}}],\"inLanguage\":\"es\"},{\"@type\":\"Organization\",\"@id\":\"https:\/\/exceladvisor.org\/es\/#organization\",\"name\":\"Excel Advisor\",\"url\":\"https:\/\/exceladvisor.org\/es\/\",\"logo\":{\"@type\":\"ImageObject\",\"inLanguage\":\"es\",\"@id\":\"https:\/\/exceladvisor.org\/es\/#\/schema\/logo\/image\/\",\"url\":\"https:\/\/exceladvisor.org\/es\/wp-content\/uploads\/2023\/12\/exceladvisor.org_.png\",\"contentUrl\":\"https:\/\/exceladvisor.org\/es\/wp-content\/uploads\/2023\/12\/exceladvisor.org_.png\",\"width\":105,\"height\":36,\"caption\":\"Excel Advisor\"},\"image\":{\"@id\":\"https:\/\/exceladvisor.org\/es\/#\/schema\/logo\/image\/\"}}]}<\/script>\n<!-- \/ Yoast SEO plugin. -->","yoast_head_json":{"title":"\u00bfc\u00f3mo agregar barras de datos en excel?","robots":{"index":"index","follow":"follow","max-snippet":"max-snippet:-1","max-image-preview":"max-image-preview:large","max-video-preview":"max-video-preview:-1"},"canonical":"https:\/\/exceladvisor.org\/es\/barras-de-datos\/","og_locale":"es_ES","og_type":"article","og_title":"\u00bfc\u00f3mo agregar barras de datos en excel?","og_description":"En Excel, puede agregar barras de datos a una o m\u00e1s celdas usando formato condicional. Con el formato condicional, tienes dos opciones para agregarlos: Barras de datos predefinidas Barras de datos personalizadas En este tutorial, veremos ambos m\u00e9todos y aprenderemos c\u00f3mo usarlos para analizar datos r\u00e1pidamente. Pasos para agregar barras de datos en Excel desde [&hellip;]","og_url":"https:\/\/exceladvisor.org\/es\/barras-de-datos\/","og_site_name":"Excel Advisor","article_modified_time":"2023-12-25T10:22:48+00:00","og_image":[{"url":"https:\/\/exceladvisor.org\/wp-content\/uploads\/2023\/08\/1-barres-de-donnees-dans-Excel-a-partir-de-la-mise-en-forme-conditionnelle.png","type":"","width":"","height":""}],"twitter_card":"summary_large_image","twitter_misc":{"Tiempo de lectura":"5 minutos"},"schema":{"@context":"https:\/\/schema.org","@graph":[{"@type":"WebPage","@id":"https:\/\/exceladvisor.org\/es\/barras-de-datos\/","url":"https:\/\/exceladvisor.org\/es\/barras-de-datos\/","name":"\u00bfc\u00f3mo agregar barras de datos en excel?","isPartOf":{"@id":"https:\/\/exceladvisor.org\/es\/#website"},"primaryImageOfPage":{"@id":"https:\/\/exceladvisor.org\/es\/barras-de-datos\/#primaryimage"},"image":{"@id":"https:\/\/exceladvisor.org\/es\/barras-de-datos\/#primaryimage"},"thumbnailUrl":"https:\/\/exceladvisor.org\/wp-content\/uploads\/2023\/08\/1-barres-de-donnees-dans-Excel-a-partir-de-la-mise-en-forme-conditionnelle.png","datePublished":"2023-11-07T15:19:24+00:00","dateModified":"2023-12-25T10:22:48+00:00","breadcrumb":{"@id":"https:\/\/exceladvisor.org\/es\/barras-de-datos\/#breadcrumb"},"inLanguage":"es","potentialAction":[{"@type":"ReadAction","target":["https:\/\/exceladvisor.org\/es\/barras-de-datos\/"]}]},{"@type":"ImageObject","inLanguage":"es","@id":"https:\/\/exceladvisor.org\/es\/barras-de-datos\/#primaryimage","url":"https:\/\/exceladvisor.org\/wp-content\/uploads\/2023\/08\/1-barres-de-donnees-dans-Excel-a-partir-de-la-mise-en-forme-conditionnelle.png","contentUrl":"https:\/\/exceladvisor.org\/wp-content\/uploads\/2023\/08\/1-barres-de-donnees-dans-Excel-a-partir-de-la-mise-en-forme-conditionnelle.png"},{"@type":"BreadcrumbList","@id":"https:\/\/exceladvisor.org\/es\/barras-de-datos\/#breadcrumb","itemListElement":[{"@type":"ListItem","position":1,"name":"Hogar","item":"https:\/\/exceladvisor.org\/es\/"},{"@type":"ListItem","position":2,"name":"\u00bfc\u00f3mo agregar barras de datos en excel?"}]},{"@type":"WebSite","@id":"https:\/\/exceladvisor.org\/es\/#website","url":"https:\/\/exceladvisor.org\/es\/","name":"Excel Advisor","description":"Su gu\u00eda para la dominaci\u00f3n de datos!","publisher":{"@id":"https:\/\/exceladvisor.org\/es\/#organization"},"potentialAction":[{"@type":"SearchAction","target":{"@type":"EntryPoint","urlTemplate":"https:\/\/exceladvisor.org\/es\/?s={search_term_string}"},"query-input":{"@type":"PropertyValueSpecification","valueRequired":true,"valueName":"search_term_string"}}],"inLanguage":"es"},{"@type":"Organization","@id":"https:\/\/exceladvisor.org\/es\/#organization","name":"Excel Advisor","url":"https:\/\/exceladvisor.org\/es\/","logo":{"@type":"ImageObject","inLanguage":"es","@id":"https:\/\/exceladvisor.org\/es\/#\/schema\/logo\/image\/","url":"https:\/\/exceladvisor.org\/es\/wp-content\/uploads\/2023\/12\/exceladvisor.org_.png","contentUrl":"https:\/\/exceladvisor.org\/es\/wp-content\/uploads\/2023\/12\/exceladvisor.org_.png","width":105,"height":36,"caption":"Excel Advisor"},"image":{"@id":"https:\/\/exceladvisor.org\/es\/#\/schema\/logo\/image\/"}}]}},"yoast_meta":{"yoast_wpseo_title":"","yoast_wpseo_metadesc":"","yoast_wpseo_canonical":""},"_links":{"self":[{"href":"https:\/\/exceladvisor.org\/es\/wp-json\/wp\/v2\/pages\/277","targetHints":{"allow":["GET"]}}],"collection":[{"href":"https:\/\/exceladvisor.org\/es\/wp-json\/wp\/v2\/pages"}],"about":[{"href":"https:\/\/exceladvisor.org\/es\/wp-json\/wp\/v2\/types\/page"}],"author":[{"embeddable":true,"href":"https:\/\/exceladvisor.org\/es\/wp-json\/wp\/v2\/users\/1"}],"replies":[{"embeddable":true,"href":"https:\/\/exceladvisor.org\/es\/wp-json\/wp\/v2\/comments?post=277"}],"version-history":[{"count":1,"href":"https:\/\/exceladvisor.org\/es\/wp-json\/wp\/v2\/pages\/277\/revisions"}],"predecessor-version":[{"id":792,"href":"https:\/\/exceladvisor.org\/es\/wp-json\/wp\/v2\/pages\/277\/revisions\/792"}],"wp:attachment":[{"href":"https:\/\/exceladvisor.org\/es\/wp-json\/wp\/v2\/media?parent=277"}],"curies":[{"name":"wp","href":"https:\/\/api.w.org\/{rel}","templated":true}]}}