{"id":278,"date":"2023-11-07T14:55:12","date_gmt":"2023-11-07T14:55:12","guid":{"rendered":"https:\/\/exceladvisor.org\/es\/encontrar-duplicados-2\/"},"modified":"2023-12-25T10:25:13","modified_gmt":"2023-12-25T10:25:13","slug":"encontrar-duplicados-2","status":"publish","type":"page","link":"https:\/\/exceladvisor.org\/es\/encontrar-duplicados-2\/","title":{"rendered":"\u00bfc\u00f3mo encontrar y resaltar duplicados?"},"content":{"rendered":"<div class=\"excel-antes-del-contenido\" id=\"excel-2900851520\"><script type=\"text\/javascript\">\r\n\tatOptions = {\r\n\t\t'key' : 'c1158f160081d6540a8409e6925dab94',\r\n\t\t'format' : 'iframe',\r\n\t\t'height' : 250,\r\n\t\t'width' : 300,\r\n\t\t'params' : {}\r\n\t};\r\n<\/script>\r\n<script type=\"text\/javascript\" src=\"\/\/www.highperformanceformat.com\/c1158f160081d6540a8409e6925dab94\/invoke.js\"><\/script><\/div><p>Usar formato condicional es la mejor manera de resaltar r\u00e1pidamente valores duplicados en Excel. Y en este tutorial, aprenderemos estos pasos en detalle.<\/p>\n<h2 id=\"0-steps-to-highlight-the-duplicates\" class=\"wp-block-heading\"> Pasos para resaltar duplicados<\/h2>\n<ol>\n<li> Selecciona el rango de celdas donde tienes los datos. <br \/><img loading=\"lazy\" decoding=\"async\" title=\"1-seleccionar-rango-buscar-y-resaltar-duplicados\" src=\"https:\/\/exceladvisor.org\/wp-content\/uploads\/2023\/08\/1-selectionnez-la-gamme-trouver-et-mettre-en-surbrillance-les-doublons.png\" sizes=\"auto, \" srcset=\"\" alt=\"1-select-the-range-find-and-highlight-duplicates\" width=\"488\" height=\"168\"><\/li>\n<li> A continuaci\u00f3n, vaya a Inicio &gt; Formato condicional &gt; Reglas de resaltado de celdas &gt; Valores duplicados. <br \/><img loading=\"lazy\" decoding=\"async\" title=\"2-ir-a-casa-buscar-y-duplicar-los-duplicados\" src=\"https:\/\/exceladvisor.org\/wp-content\/uploads\/2023\/08\/2-aller-a-laccueil-trouver-et-mettre-en-surbrillance-les-doublons.png\" sizes=\"auto, \" srcset=\"\" alt=\"2-go-to-home-find-and-highlight-duplicates\" width=\"339\" height=\"392\"><\/li>\n<li> Ahora tiene un cuadro de di\u00e1logo para especificar el color que desea aplicar a las celdas con valores duplicados. <br \/><img loading=\"lazy\" decoding=\"async\" title=\"3-un-cuadro-de-di\u00e1logo-para-especificar-color-buscar-y-resaltar-duplicados\" src=\"https:\/\/exceladvisor.org\/wp-content\/uploads\/2023\/08\/3-une-boite-de-dialogue-pour-specifier-la-couleur-trouver-et-mettre-en-evidence-les-doublons.png\" sizes=\"auto, \" srcset=\"\" alt=\"3-a-dialog-box-to-specify-the-color-find-and-highlight-duplicates\" width=\"579\" height=\"210\"><\/li>\n<li> Y en el momento en que haces clic en Aceptar, todas las celdas se resaltan en color rojo. <br \/><img loading=\"lazy\" decoding=\"async\" title=\"4-todas-las-celdas-resaltadas-buscar-y-resaltar-duplicados\" src=\"https:\/\/exceladvisor.org\/wp-content\/uploads\/2023\/08\/4-toutes-les-cellules-en-surbrillance-trouvent-et-mettent-en-surbrillance-les-doublons.png\" sizes=\"auto, \" srcset=\"\" alt=\"4-all-the-cells-highlighted-find-and-highlight-duplicates\" width=\"494\" height=\"171\"><\/li>\n<\/ol>\n<p> Como dije, esta es la forma m\u00e1s r\u00e1pida de resaltar y encontrar valores duplicados en un rango de celdas. Esta es la regla predefinida en formato condicional que puede utilizar. Desde la misma opci\u00f3n tambi\u00e9n podr\u00e1s encontrar valores \u00fanicos. Puedes cambiarlo desde el men\u00fa desplegable. <\/p>\n<div class=\"wp-block-image\">\n<figure class=\"aligncenter size-full is-resized\"><img loading=\"lazy\" decoding=\"async\" class=\"wp-image-91375\" src=\"https:\/\/exceladvisor.org\/wp-content\/uploads\/2023\/08\/5-regles-predefinies-pour-trouver-et-mettre-en-evidence-les-doublons.png\" sizes=\"auto, \" srcset=\"\" alt=\"regla predefinida para buscar y resaltar duplicados\" width=\"378\" height=\"121\"><\/figure>\n<\/div>\n<p> Y tambi\u00e9n puedes usar diferentes formatos si lo deseas. Hay seis formatos predefinidos que puede usar, o puede elegir el formato desde la opci\u00f3n de formato personalizado. <\/p>\n<div class=\"wp-block-image\">\n<figure class=\"aligncenter size-full is-resized\"><img loading=\"lazy\" decoding=\"async\" class=\"wp-image-91376\" src=\"https:\/\/exceladvisor.org\/wp-content\/uploads\/2023\/08\/6-options-de-formatage-personnalisees-pour-trouver-et-mettre-en-surbrillance-les-doublons.png\" sizes=\"auto, \" srcset=\"\" alt=\"opci\u00f3n de formato personalizado buscar y resaltar duplicados\" width=\"443\" height=\"251\"><\/figure>\n<\/div>\n<h2 id=\"1-highlighting-triplicates-with-conditional-formatting\" class=\"wp-block-heading\"> Resaltando triplicados con formato condicional<\/h2>\n<p> Tambi\u00e9n puede utilizar valores resaltados que sean triples, no solo triples, sino cualquier valor que se encuentre m\u00e1s de 3 veces en los datos. No tenemos una regla predefinida, pero podemos crear una regla personalizada usando una f\u00f3rmula.<\/p>\n<ol type=\"1\">\n<li> Seleccione los datos de los que desea resaltar valores.<\/li>\n<li> Vaya a Inicio &gt; Formato condicional &gt; Nueva regla.<\/li>\n<li> Y luego haga clic en \u00abUsar una f\u00f3rmula para determinar qu\u00e9 celdas formatear\u00bb.<\/li>\n<li> Ingrese la f\u00f3rmula (=CONTAR.SI($A$1:$E$7,A1)&gt;2) y haga clic en el bot\u00f3n de formato para aplicar el formato de celda.<\/li>\n<li> Al final, presione Enter para aplicar la regla. <\/li>\n<\/ol>\n<div class=\"wp-block-image\">\n<figure class=\"aligncenter size-full is-resized\"><img loading=\"lazy\" decoding=\"async\" class=\"wp-image-91377\" src=\"https:\/\/exceladvisor.org\/wp-content\/uploads\/2023\/08\/7-surlignage-en-trois-exemplaires-avec-mise-en-forme-conditionnelle.png\" sizes=\"auto, \" srcset=\"\" alt=\"resaltado-triplicado-con-formato-condicional\" width=\"543\" height=\"357\"><\/figure>\n<\/div>\n<p> Y en el momento en que presionas Enter, resalta todos los lugares donde has ocurrido m\u00e1s de dos veces. <\/p>\n<div class=\"wp-block-image\">\n<figure class=\"aligncenter size-full is-resized\"><img loading=\"lazy\" decoding=\"async\" class=\"wp-image-91378\" src=\"https:\/\/exceladvisor.org\/wp-content\/uploads\/2023\/08\/8-se-sont-produites-plus-de-deux-fois-trouver-et-mettre-en-evidence-les-doublons.png\" sizes=\"auto, \" srcset=\"\" alt=\"produce m\u00e1s del doble de buscar y resaltar duplicados\" width=\"584\" height=\"202\"><\/figure>\n<\/div>\n<p> En el ejemplo anterior, puede ver que tenemos todos los valores cuya aparici\u00f3n es mayor que 2 en todo el conjunto de datos. Y la f\u00f3rmula que utilizamos es bastante simple.<\/p>\n<pre class=\"wp-block-code\"> <code class=\"language-excel-formula\" lang=\"excel-formula\">=COUNTIF($A$1:$E$7,A1)&gt;2<\/code><\/pre>\n<p> En esta f\u00f3rmula, hemos usado CONTAR.SI para contar el valor de cada celda con todo el rango. Y si el n\u00famero de valores es mayor que 2, devuelve VERDADERO en el resultado. Y cuando es cierto, aplica la regla de formato condicional.<\/p>\n<p> Aqu\u00ed hay otro ejemplo en el que usamos una referencia de celda a la celda G3. Ahora la regla es din\u00e1mica y cuando cambia el valor en la celda, usa ese n\u00famero para probar la aparici\u00f3n del valor en el rango. <\/p>\n<div class=\"wp-block-image\">\n<figure class=\"aligncenter size-full is-resized\"><img loading=\"lazy\" decoding=\"async\" class=\"wp-image-91379\" src=\"https:\/\/exceladvisor.org\/wp-content\/uploads\/2023\/08\/9-tester-loccurrence-pour-trouver-et-mettre-en-evidence-les-doublons.png\" sizes=\"auto, \" srcset=\"\" alt=\"prueba-ocurrencia-para-buscar-y-resaltar-duplicados\" width=\"643\" height=\"421\"><\/figure>\n<\/div>\n<p> La mejor parte de utilizar el formato condicional para buscar y resaltar duplicados es que es r\u00e1pido y est\u00e1 predefinido. No es necesario hacer ning\u00fan esfuerzo adicional para usarlo. <\/p>\n<div class=\"gb-container gb-container-52dfcee1 gb-container-sample-file\">\n<h2 id=\"2-get-the-excel-file\" class=\"gb-headline gb-headline-e289c143 gb-headline-text gb-headline-4f7959c2\"> Obtener el archivo Excel<\/h2>\n<p> <a class=\"gb-button gb-button-e88d6bee gb-button-text gb-button-button1\" href=\"https:\/\/exceladvisor.org\/wp-content\/uploads\/2023\/08\/trouver-des-doublons.xlsx\" rel=\"nofollow\">Descargar<\/a><\/div>\n<div class=\"gb-container gb-container-6076ba72 gb-container-mt\"> <a class=\"gb-button gb-button-76e6a499 gb-button-text gb-button-mt-button\" href=\"https:\/\/exceladvisor.org\/es\/conceptos-basicos-de-excel\/\">Aprende los conceptos b\u00e1sicos de Excel<\/a><\/p>\n<h2 class=\"gb-headline gb-headline-a9e9e206 gb-headline-text gb-headline-mt-heading\"> Obtenga m\u00e1s informaci\u00f3n sobre <a href=\"https:\/\/exceladvisor.org\/es\/formato-condicional\/\">el formato condicional<\/a> <\/h2>\n<div class=\"gb-grid-wrapper gb-grid-wrapper-790317cb gb-grid-wrapper-mt-grid\">\n<div class=\"gb-grid-column gb-grid-column-a9845ede\">\n<div class=\"gb-container gb-container-a9845ede\">\n<ul>\n<li> <a href=\"https:\/\/exceladvisor.org\/es\/aplicar-formato-condicional\/\">Aplicar formato condicional a una tabla din\u00e1mica<\/a><\/li>\n<li> <a href=\"https:\/\/exceladvisor.org\/es\/retirar\/\">Eliminar formato condicional<\/a><\/li>\n<li> <a href=\"https:\/\/exceladvisor.org\/es\/celdas-vacias\/\">Aplicar formato condicional en celdas en blanco en Excel<\/a><\/li>\n<li> <a href=\"https:\/\/exceladvisor.org\/es\/comparar-columnas\/\">Compare dos columnas usando formato condicional<\/a><\/li>\n<li> <a href=\"https:\/\/exceladvisor.org\/es\/otra-celda\/\">Aplicar formato condicional basado en otra celda<\/a> <\/li>\n<\/ul>\n<\/div>\n<\/div>\n<div class=\"gb-grid-column gb-grid-column-ec8ff319\">\n<div class=\"gb-container gb-container-ec8ff319\"><\/div>\n<\/div>\n<\/div>\n<\/div>\n","protected":false},"excerpt":{"rendered":"<p>Usar formato condicional es la mejor manera de resaltar r\u00e1pidamente valores duplicados en Excel. Y en este tutorial, aprenderemos estos pasos en detalle. Pasos para resaltar duplicados Selecciona el rango de celdas donde tienes los datos. A continuaci\u00f3n, vaya a Inicio &gt; Formato condicional &gt; Reglas de resaltado de celdas &gt; Valores duplicados. Ahora tiene [&hellip;]<\/p>\n","protected":false},"author":1,"featured_media":0,"parent":0,"menu_order":0,"comment_status":"open","ping_status":"closed","template":"","meta":{"ub_ctt_via":"","footnotes":""},"class_list":["post-278","page","type-page","status-publish","hentry"],"featured_image_src":null,"yoast_head":"<!-- This site is optimized with the Yoast SEO plugin v25.4 - https:\/\/yoast.com\/wordpress\/plugins\/seo\/ -->\n<title>\u00bfc\u00f3mo encontrar y resaltar duplicados?<\/title>\n<meta name=\"robots\" content=\"index, follow, max-snippet:-1, max-image-preview:large, max-video-preview:-1\" \/>\n<link rel=\"canonical\" href=\"https:\/\/exceladvisor.org\/es\/encontrar-duplicados-2\/\" \/>\n<meta property=\"og:locale\" content=\"es_ES\" \/>\n<meta property=\"og:type\" content=\"article\" \/>\n<meta property=\"og:title\" content=\"\u00bfc\u00f3mo encontrar y resaltar duplicados?\" \/>\n<meta property=\"og:description\" content=\"Usar formato condicional es la mejor manera de resaltar r\u00e1pidamente valores duplicados en Excel. Y en este tutorial, aprenderemos estos pasos en detalle. Pasos para resaltar duplicados Selecciona el rango de celdas donde tienes los datos. A continuaci\u00f3n, vaya a Inicio &gt; Formato condicional &gt; Reglas de resaltado de celdas &gt; Valores duplicados. Ahora tiene [&hellip;]\" \/>\n<meta property=\"og:url\" content=\"https:\/\/exceladvisor.org\/es\/encontrar-duplicados-2\/\" \/>\n<meta property=\"og:site_name\" content=\"Excel Advisor\" \/>\n<meta property=\"article:modified_time\" content=\"2023-12-25T10:25:13+00:00\" \/>\n<meta property=\"og:image\" content=\"https:\/\/exceladvisor.org\/wp-content\/uploads\/2023\/08\/1-selectionnez-la-gamme-trouver-et-mettre-en-surbrillance-les-doublons.png\" \/>\n<meta name=\"twitter:card\" content=\"summary_large_image\" \/>\n<meta name=\"twitter:label1\" content=\"Tiempo de lectura\" \/>\n\t<meta name=\"twitter:data1\" content=\"3 minutos\" \/>\n<script type=\"application\/ld+json\" class=\"yoast-schema-graph\">{\"@context\":\"https:\/\/schema.org\",\"@graph\":[{\"@type\":\"WebPage\",\"@id\":\"https:\/\/exceladvisor.org\/es\/encontrar-duplicados-2\/\",\"url\":\"https:\/\/exceladvisor.org\/es\/encontrar-duplicados-2\/\",\"name\":\"\u00bfc\u00f3mo encontrar y resaltar duplicados?\",\"isPartOf\":{\"@id\":\"https:\/\/exceladvisor.org\/es\/#website\"},\"primaryImageOfPage\":{\"@id\":\"https:\/\/exceladvisor.org\/es\/encontrar-duplicados-2\/#primaryimage\"},\"image\":{\"@id\":\"https:\/\/exceladvisor.org\/es\/encontrar-duplicados-2\/#primaryimage\"},\"thumbnailUrl\":\"https:\/\/exceladvisor.org\/wp-content\/uploads\/2023\/08\/1-selectionnez-la-gamme-trouver-et-mettre-en-surbrillance-les-doublons.png\",\"datePublished\":\"2023-11-07T14:55:12+00:00\",\"dateModified\":\"2023-12-25T10:25:13+00:00\",\"breadcrumb\":{\"@id\":\"https:\/\/exceladvisor.org\/es\/encontrar-duplicados-2\/#breadcrumb\"},\"inLanguage\":\"es\",\"potentialAction\":[{\"@type\":\"ReadAction\",\"target\":[\"https:\/\/exceladvisor.org\/es\/encontrar-duplicados-2\/\"]}]},{\"@type\":\"ImageObject\",\"inLanguage\":\"es\",\"@id\":\"https:\/\/exceladvisor.org\/es\/encontrar-duplicados-2\/#primaryimage\",\"url\":\"https:\/\/exceladvisor.org\/wp-content\/uploads\/2023\/08\/1-selectionnez-la-gamme-trouver-et-mettre-en-surbrillance-les-doublons.png\",\"contentUrl\":\"https:\/\/exceladvisor.org\/wp-content\/uploads\/2023\/08\/1-selectionnez-la-gamme-trouver-et-mettre-en-surbrillance-les-doublons.png\"},{\"@type\":\"BreadcrumbList\",\"@id\":\"https:\/\/exceladvisor.org\/es\/encontrar-duplicados-2\/#breadcrumb\",\"itemListElement\":[{\"@type\":\"ListItem\",\"position\":1,\"name\":\"Hogar\",\"item\":\"https:\/\/exceladvisor.org\/es\/\"},{\"@type\":\"ListItem\",\"position\":2,\"name\":\"\u00bfc\u00f3mo encontrar y resaltar duplicados?\"}]},{\"@type\":\"WebSite\",\"@id\":\"https:\/\/exceladvisor.org\/es\/#website\",\"url\":\"https:\/\/exceladvisor.org\/es\/\",\"name\":\"Excel Advisor\",\"description\":\"Su gu\u00eda para la dominaci\u00f3n de datos!\",\"publisher\":{\"@id\":\"https:\/\/exceladvisor.org\/es\/#organization\"},\"potentialAction\":[{\"@type\":\"SearchAction\",\"target\":{\"@type\":\"EntryPoint\",\"urlTemplate\":\"https:\/\/exceladvisor.org\/es\/?s={search_term_string}\"},\"query-input\":{\"@type\":\"PropertyValueSpecification\",\"valueRequired\":true,\"valueName\":\"search_term_string\"}}],\"inLanguage\":\"es\"},{\"@type\":\"Organization\",\"@id\":\"https:\/\/exceladvisor.org\/es\/#organization\",\"name\":\"Excel Advisor\",\"url\":\"https:\/\/exceladvisor.org\/es\/\",\"logo\":{\"@type\":\"ImageObject\",\"inLanguage\":\"es\",\"@id\":\"https:\/\/exceladvisor.org\/es\/#\/schema\/logo\/image\/\",\"url\":\"https:\/\/exceladvisor.org\/es\/wp-content\/uploads\/2023\/12\/exceladvisor.org_.png\",\"contentUrl\":\"https:\/\/exceladvisor.org\/es\/wp-content\/uploads\/2023\/12\/exceladvisor.org_.png\",\"width\":105,\"height\":36,\"caption\":\"Excel Advisor\"},\"image\":{\"@id\":\"https:\/\/exceladvisor.org\/es\/#\/schema\/logo\/image\/\"}}]}<\/script>\n<!-- \/ Yoast SEO plugin. -->","yoast_head_json":{"title":"\u00bfc\u00f3mo encontrar y resaltar duplicados?","robots":{"index":"index","follow":"follow","max-snippet":"max-snippet:-1","max-image-preview":"max-image-preview:large","max-video-preview":"max-video-preview:-1"},"canonical":"https:\/\/exceladvisor.org\/es\/encontrar-duplicados-2\/","og_locale":"es_ES","og_type":"article","og_title":"\u00bfc\u00f3mo encontrar y resaltar duplicados?","og_description":"Usar formato condicional es la mejor manera de resaltar r\u00e1pidamente valores duplicados en Excel. Y en este tutorial, aprenderemos estos pasos en detalle. Pasos para resaltar duplicados Selecciona el rango de celdas donde tienes los datos. A continuaci\u00f3n, vaya a Inicio &gt; Formato condicional &gt; Reglas de resaltado de celdas &gt; Valores duplicados. Ahora tiene [&hellip;]","og_url":"https:\/\/exceladvisor.org\/es\/encontrar-duplicados-2\/","og_site_name":"Excel Advisor","article_modified_time":"2023-12-25T10:25:13+00:00","og_image":[{"url":"https:\/\/exceladvisor.org\/wp-content\/uploads\/2023\/08\/1-selectionnez-la-gamme-trouver-et-mettre-en-surbrillance-les-doublons.png","type":"","width":"","height":""}],"twitter_card":"summary_large_image","twitter_misc":{"Tiempo de lectura":"3 minutos"},"schema":{"@context":"https:\/\/schema.org","@graph":[{"@type":"WebPage","@id":"https:\/\/exceladvisor.org\/es\/encontrar-duplicados-2\/","url":"https:\/\/exceladvisor.org\/es\/encontrar-duplicados-2\/","name":"\u00bfc\u00f3mo encontrar y resaltar duplicados?","isPartOf":{"@id":"https:\/\/exceladvisor.org\/es\/#website"},"primaryImageOfPage":{"@id":"https:\/\/exceladvisor.org\/es\/encontrar-duplicados-2\/#primaryimage"},"image":{"@id":"https:\/\/exceladvisor.org\/es\/encontrar-duplicados-2\/#primaryimage"},"thumbnailUrl":"https:\/\/exceladvisor.org\/wp-content\/uploads\/2023\/08\/1-selectionnez-la-gamme-trouver-et-mettre-en-surbrillance-les-doublons.png","datePublished":"2023-11-07T14:55:12+00:00","dateModified":"2023-12-25T10:25:13+00:00","breadcrumb":{"@id":"https:\/\/exceladvisor.org\/es\/encontrar-duplicados-2\/#breadcrumb"},"inLanguage":"es","potentialAction":[{"@type":"ReadAction","target":["https:\/\/exceladvisor.org\/es\/encontrar-duplicados-2\/"]}]},{"@type":"ImageObject","inLanguage":"es","@id":"https:\/\/exceladvisor.org\/es\/encontrar-duplicados-2\/#primaryimage","url":"https:\/\/exceladvisor.org\/wp-content\/uploads\/2023\/08\/1-selectionnez-la-gamme-trouver-et-mettre-en-surbrillance-les-doublons.png","contentUrl":"https:\/\/exceladvisor.org\/wp-content\/uploads\/2023\/08\/1-selectionnez-la-gamme-trouver-et-mettre-en-surbrillance-les-doublons.png"},{"@type":"BreadcrumbList","@id":"https:\/\/exceladvisor.org\/es\/encontrar-duplicados-2\/#breadcrumb","itemListElement":[{"@type":"ListItem","position":1,"name":"Hogar","item":"https:\/\/exceladvisor.org\/es\/"},{"@type":"ListItem","position":2,"name":"\u00bfc\u00f3mo encontrar y resaltar duplicados?"}]},{"@type":"WebSite","@id":"https:\/\/exceladvisor.org\/es\/#website","url":"https:\/\/exceladvisor.org\/es\/","name":"Excel Advisor","description":"Su gu\u00eda para la dominaci\u00f3n de datos!","publisher":{"@id":"https:\/\/exceladvisor.org\/es\/#organization"},"potentialAction":[{"@type":"SearchAction","target":{"@type":"EntryPoint","urlTemplate":"https:\/\/exceladvisor.org\/es\/?s={search_term_string}"},"query-input":{"@type":"PropertyValueSpecification","valueRequired":true,"valueName":"search_term_string"}}],"inLanguage":"es"},{"@type":"Organization","@id":"https:\/\/exceladvisor.org\/es\/#organization","name":"Excel Advisor","url":"https:\/\/exceladvisor.org\/es\/","logo":{"@type":"ImageObject","inLanguage":"es","@id":"https:\/\/exceladvisor.org\/es\/#\/schema\/logo\/image\/","url":"https:\/\/exceladvisor.org\/es\/wp-content\/uploads\/2023\/12\/exceladvisor.org_.png","contentUrl":"https:\/\/exceladvisor.org\/es\/wp-content\/uploads\/2023\/12\/exceladvisor.org_.png","width":105,"height":36,"caption":"Excel Advisor"},"image":{"@id":"https:\/\/exceladvisor.org\/es\/#\/schema\/logo\/image\/"}}]}},"yoast_meta":{"yoast_wpseo_title":"","yoast_wpseo_metadesc":"","yoast_wpseo_canonical":""},"_links":{"self":[{"href":"https:\/\/exceladvisor.org\/es\/wp-json\/wp\/v2\/pages\/278","targetHints":{"allow":["GET"]}}],"collection":[{"href":"https:\/\/exceladvisor.org\/es\/wp-json\/wp\/v2\/pages"}],"about":[{"href":"https:\/\/exceladvisor.org\/es\/wp-json\/wp\/v2\/types\/page"}],"author":[{"embeddable":true,"href":"https:\/\/exceladvisor.org\/es\/wp-json\/wp\/v2\/users\/1"}],"replies":[{"embeddable":true,"href":"https:\/\/exceladvisor.org\/es\/wp-json\/wp\/v2\/comments?post=278"}],"version-history":[{"count":1,"href":"https:\/\/exceladvisor.org\/es\/wp-json\/wp\/v2\/pages\/278\/revisions"}],"predecessor-version":[{"id":1024,"href":"https:\/\/exceladvisor.org\/es\/wp-json\/wp\/v2\/pages\/278\/revisions\/1024"}],"wp:attachment":[{"href":"https:\/\/exceladvisor.org\/es\/wp-json\/wp\/v2\/media?parent=278"}],"curies":[{"name":"wp","href":"https:\/\/api.w.org\/{rel}","templated":true}]}}