{"id":280,"date":"2023-11-07T01:38:23","date_gmt":"2023-11-07T01:38:23","guid":{"rendered":"https:\/\/exceladvisor.org\/es\/subtotal-si-2\/"},"modified":"2023-12-25T10:31:44","modified_gmt":"2023-12-25T10:31:44","slug":"subtotal-si-2","status":"publish","type":"page","link":"https:\/\/exceladvisor.org\/es\/subtotal-si-2\/","title":{"rendered":"\u00bfc\u00f3mo utilizar subtotal con si en excel?"},"content":{"rendered":"<div class=\"excel-antes-del-contenido\" id=\"excel-252659540\"><script type=\"text\/javascript\">\r\n\tatOptions = {\r\n\t\t'key' : 'c1158f160081d6540a8409e6925dab94',\r\n\t\t'format' : 'iframe',\r\n\t\t'height' : 250,\r\n\t\t'width' : 300,\r\n\t\t'params' : {}\r\n\t};\r\n<\/script>\r\n<script type=\"text\/javascript\" src=\"\/\/www.highperformanceformat.com\/c1158f160081d6540a8409e6925dab94\/invoke.js\"><\/script><\/div><p><strong>ESTA F\u00d3RMULA ES PURA MAGIA.<\/strong><\/p>\n<p> Si desea escribir una f\u00f3rmula SUBTOTAL en Excel con IF (condici\u00f3n), necesita usar varias funciones para hacerlo. Pero antes de hacer eso, comprendamos los datos que tenemos para este ejemplo. <\/p>\n<div class=\"wp-block-image\">\n<figure class=\"aligncenter size-full is-resized\"><img loading=\"lazy\" decoding=\"async\" class=\"wp-image-82611\" src=\"https:\/\/exceladvisor.org\/wp-content\/uploads\/2023\/08\/1-sous-total-avec-if.png\" sizes=\"auto, \" srcset=\"\" alt=\"subtotal-con-si\" width=\"720\" height=\"334\"><\/figure>\n<\/div>\n<p> En el ejemplo anterior, tiene tres columnas:<\/p>\n<ul>\n<li> Nombre<\/li>\n<li> losa de edad<\/li>\n<li> G\u00e9nero<\/li>\n<\/ul>\n<p> Y cuando filtra una losa de la columna Edad Losa, muestra la cantidad de mujeres en la celda F1. Esto significa que tenemos una f\u00f3rmula que muestra la cantidad de valores filtrados pero con una condici\u00f3n.<\/p>\n<p> La f\u00f3rmula tenemos:<\/p>\n<pre class=\"wp-block-code\"> <code class=\"language-excel-formula\" lang=\"excel-formula\">=SUMPRODUCT((C2:C41=E1)*(SUBTOTAL(3,OFFSET(C2,ROW(C2:C41)-MIN(ROW(C2:C41)),0))))<\/code><\/pre>\n<h2 class=\"wp-block-heading\"> Comprender la f\u00f3rmula SUBTOTAL SI<\/h2>\n<p> Esta f\u00f3rmula utiliza cinco funciones: SUMAPRODUCTO, SUBTOTAL, COMPENSACI\u00d3N, FILA y MAX. Por tanto, para entender esta f\u00f3rmula, debemos dividirla en varias partes.<\/p>\n<h3 class=\"wp-block-heading\"> 1.L\u00cdNEA(C2:C41)-2.0)<\/h3>\n<p> Esta parte de la f\u00f3rmula utiliza las funciones MIN y FILA. <\/p>\n<div class=\"wp-block-image\">\n<figure class=\"aligncenter size-full is-resized\"><img loading=\"lazy\" decoding=\"async\" class=\"wp-image-82621\" src=\"https:\/\/exceladvisor.org\/wp-content\/uploads\/2023\/08\/2-min-et-fonction-rangee1.png\" sizes=\"auto, \" srcset=\"\" alt=\"funci\u00f3n de m\u00ednimo y fila\" width=\"780\" height=\"110\"><\/figure>\n<\/div>\n<ul>\n<li> En la FILA, hemos hecho referencia a las columnas \u00abG\u00e9nero\u00bb y devuelve una matriz de n\u00fameros de fila.<\/li>\n<li> Despu\u00e9s de eso, MIN toma esa matriz o n\u00fameros de fila y devuelve el n\u00famero m\u00ednimo de fila. Por eso tenemos 2 en esta parte de la f\u00f3rmula.<\/li>\n<\/ul>\n<h3 class=\"wp-block-heading\"> 2.L\u00cdNEA (C2:C41)<\/h3>\n<p> En esta parte, solo tenemos la funci\u00f3n FILA, que devuelve una matriz de n\u00fameros de fila. <\/p>\n<div class=\"wp-block-image\">\n<figure class=\"aligncenter size-full is-resized\"><img loading=\"lazy\" decoding=\"async\" class=\"wp-image-82612\" src=\"https:\/\/exceladvisor.org\/wp-content\/uploads\/2023\/08\/Fonction-a-3-lignes-pour-renvoyer-un-tableau-de-numeros-de-lignes.png\" sizes=\"auto, \" srcset=\"\" alt=\"funci\u00f3n-fila-para-devolver-matriz-de-n\u00fameros-fila\" width=\"726\" height=\"136\"><\/figure>\n<\/div>\n<h3 class=\"wp-block-heading\"> 3. DESPLAZAMIENTO(C2,L\u00cdNEA(C2:C41)-MIN(L\u00cdNEA(C2:C41)),0)<\/h3>\n<p> Ahora tenemos la funci\u00f3n OFFSET. Le ayuda a crear una referencia a un rango utilizando una referencia de celda como punto de partida. En el argumento <strong>de referencia<\/strong> , nos referimos a la celda C2, la primera celda desde la que comienza nuestro rango de g\u00e9nero. <\/p>\n<div class=\"wp-block-image\">\n<figure class=\"aligncenter size-full is-resized\"><img loading=\"lazy\" decoding=\"async\" class=\"wp-image-82613\" src=\"https:\/\/exceladvisor.org\/wp-content\/uploads\/2023\/08\/4-fonction-decalage.png\" sizes=\"auto, \" srcset=\"\" alt=\"funci\u00f3n de compensaci\u00f3n\" width=\"489\" height=\"94\"><\/figure>\n<\/div>\n<p> En el argumento de las l\u00edneas tenemos esta parte de la f\u00f3rmula discutida anteriormente en las dos primeras partes. Despu\u00e9s de eso, en el argumento cols usamos 0. Con todo esto, OFFSET devuelve una matriz de todos los valores en la columna \u00abSexo\u00bb. <\/p>\n<div class=\"wp-block-image\">\n<figure class=\"aligncenter size-full is-resized\"><img loading=\"lazy\" decoding=\"async\" class=\"wp-image-82614\" src=\"https:\/\/exceladvisor.org\/wp-content\/uploads\/2023\/08\/5-decalage-renvoie-la-valeur-des-colonnes-de-sexe.png\" sizes=\"auto, \" srcset=\"\" alt=\"columnas-de-valor-de-rendimiento-compensado-de-sexo\" width=\"619\" height=\"207\"><\/figure>\n<\/div>\n<h3 class=\"wp-block-heading\"> 4. SUBTOTAL(3,DESPLAZAMIENTO(C2,L\u00cdNEA(C2:C41)-MIN(L\u00cdNEA(C2:C41)),0))<\/h3>\n<p> Usamos la matriz devuelta por OFFSET en el SUBTOTAL. Y en function_num usamos 3, que le dice a SUBTOTAL que use la funci\u00f3n CONTARA para el c\u00e1lculo.<\/p>\n<p> Cuando utiliza un filtro en la columna \u00abEdad de losa\u00bb, esta parte SUBTOTAL de la f\u00f3rmula devuelve una matriz que contiene 0 y 1. <\/p>\n<div class=\"wp-block-image\">\n<figure class=\"aligncenter size-full is-resized\"><img loading=\"lazy\" decoding=\"async\" class=\"wp-image-82615\" src=\"https:\/\/exceladvisor.org\/wp-content\/uploads\/2023\/08\/6-sous-total-a-utiliser-counta.png\" sizes=\"auto, \" srcset=\"\" alt=\"subtotal a utilizar\" width=\"635\" height=\"140\"><\/figure>\n<\/div>\n<p> En esta tabla tenemos 1 para valores equivalentes al valor al que aplicamos el filtro. Vea el ejemplo a continuaci\u00f3n: <\/p>\n<div class=\"wp-block-image\">\n<figure class=\"aligncenter size-full is-resized\"><img loading=\"lazy\" decoding=\"async\" class=\"wp-image-82616\" src=\"https:\/\/exceladvisor.org\/wp-content\/uploads\/2023\/08\/7-valeurs-equivalentes-aux-valeurs-appliquees.png\" sizes=\"auto, \" srcset=\"\" alt=\"valores-equivalentes-a-valores-aplicados\" width=\"552\" height=\"247\"><\/figure>\n<\/div>\n<h3 class=\"wp-block-heading\"> 5. (C2:C41=E1)<\/h3>\n<p> Esta parte de la f\u00f3rmula devuelve una matriz al probar una condici\u00f3n. En esta condici\u00f3n, probamos si el valor del rango es \u00abMujer\u00bb y devuelve VERDADERO y FALSO en la matriz. <\/p>\n<div class=\"wp-block-image\">\n<figure class=\"aligncenter size-full is-resized\"><img loading=\"lazy\" decoding=\"async\" class=\"wp-image-82617\" src=\"https:\/\/exceladvisor.org\/wp-content\/uploads\/2023\/08\/8-renvoie-vrai-et-faux-dans-le-tableau.png\" sizes=\"auto, \" srcset=\"\" alt=\"devuelve verdadero y falso en una matriz\" width=\"448\" height=\"320\"><\/figure>\n<\/div>\n<p> En esta tabla, tenemos VERDADERO para el valor \u00abFemenino\u00bb y FALSO para los dem\u00e1s.<\/p>\n<h3 class=\"wp-block-heading\"> 7. \u00daltima parte<\/h3>\n<p> Al final, tenemos dos tablas en SUMPRODUCT. Y tambi\u00e9n tenemos un operador de asterisco entre estas matrices. <\/p>\n<div class=\"wp-block-image\">\n<figure class=\"aligncenter size-full is-resized\"><img loading=\"lazy\" decoding=\"async\" class=\"wp-image-82618\" src=\"https:\/\/exceladvisor.org\/wp-content\/uploads\/2023\/08\/9-deux-tableaux-en-sumproduct.png\" sizes=\"auto, \" srcset=\"\" alt=\"dos pinturas en suma producidas\" width=\"659\" height=\"151\"><\/figure>\n<\/div>\n<p> Cuando multiplicamos las dos tablas entre s\u00ed, tenemos una sola tabla con 0 y 1. En esta tabla, uno (1) es para el valor \u00abMujer\u00bb en g\u00e9nero y 21-30 para \u00abEdad Losa\u00bb. <\/p>\n<div class=\"wp-block-image\">\n<figure class=\"aligncenter size-full is-resized\"><img loading=\"lazy\" decoding=\"async\" class=\"wp-image-82619\" src=\"https:\/\/exceladvisor.org\/wp-content\/uploads\/2023\/08\/10-tableau-unique-avec-zero-et-un.png\" sizes=\"auto, \" srcset=\"\" alt=\"matriz \u00fanica con cero y uno\" width=\"572\" height=\"84\"><\/figure>\n<\/div>\n<p> Al final, SUMPRODUCT devuelve la suma usando esta matriz. Y esta suma es la cantidad de celdas con el valor \u00abMujer\u00bb en la columna de g\u00e9nero cuando filtra por 21-30 en la columna \u00abRango de edad\u00bb. <\/p>\n<div class=\"wp-block-image\">\n<figure class=\"aligncenter size-full is-resized\"><img loading=\"lazy\" decoding=\"async\" class=\"wp-image-82620\" src=\"https:\/\/exceladvisor.org\/wp-content\/uploads\/2023\/08\/11-sumproduct-renvoie-la-somme-en-utilisant-arroay1.png\" sizes=\"auto, \" srcset=\"\" alt=\"sumaproducto-devoluciones-suma-usando-matriz\" width=\"733\" height=\"340\"><\/figure>\n<\/div>\n<div class=\"gb-container gb-container-52dfcee1 gb-container-sample-file\">\n<h2 class=\"gb-headline gb-headline-e289c143 gb-headline-text gb-headline-4f7959c2\"> Obtener el archivo Excel<\/h2>\n<p> <a class=\"gb-button gb-button-e88d6bee gb-button-text gb-button-button1\" href=\"https:\/\/exceladvisor.org\/wp-content\/uploads\/2023\/08\/sous-total-si.xlsx\" rel=\"nofollow\">Descargar<\/a><\/div>\n<div class=\"gb-container gb-container-0df56012 gb-container-mt\"> <a class=\"gb-button gb-button-f9f432f4 gb-button-text gb-button-mt-button\" href=\"https:\/\/exceladvisor.org\/es\/formulas\/\">Lista de f\u00f3rmulas de Excel<\/a><\/p>\n<h2 class=\"gb-headline gb-headline-233444e8 gb-headline-text gb-headline-mt-heading\"> F\u00f3rmulas relacionadas <\/h2>\n<div class=\"gb-grid-wrapper gb-grid-wrapper-a16fa65c gb-grid-wrapper-mt-grid\">\n<div class=\"gb-grid-column gb-grid-column-50d07e0d\">\n<div class=\"gb-container gb-container-50d07e0d\">\n<ul>\n<li> Marque IF 0 (cero) y luego en blanco en Excel<\/li>\n<li> <a href=\"https:\/\/exceladvisor.org\/es\/comprobar-si-existe-un-valor-en-un-rango\/\">Comprobar si existe un valor en un rango en Excel<\/a><\/li>\n<li> <a href=\"https:\/\/exceladvisor.org\/es\/si-y-1\/\">Combina funciones IF y AND en Excel<\/a><\/li>\n<li> <a href=\"https:\/\/exceladvisor.org\/es\/si-o-1\/\">Combina funciones SI y O en Excel<\/a><\/li>\n<li> <a href=\"https:\/\/exceladvisor.org\/es\/si-la-celda-esta-vacia\/\">SI la celda est\u00e1 vac\u00eda usando IF + ESBLANCO en Excel<\/a><\/li>\n<\/ul>\n<\/div>\n<\/div>\n<\/div>\n<\/div>\n","protected":false},"excerpt":{"rendered":"<p>ESTA F\u00d3RMULA ES PURA MAGIA. Si desea escribir una f\u00f3rmula SUBTOTAL en Excel con IF (condici\u00f3n), necesita usar varias funciones para hacerlo. Pero antes de hacer eso, comprendamos los datos que tenemos para este ejemplo. En el ejemplo anterior, tiene tres columnas: Nombre losa de edad G\u00e9nero Y cuando filtra una losa de la columna [&hellip;]<\/p>\n","protected":false},"author":1,"featured_media":0,"parent":0,"menu_order":0,"comment_status":"open","ping_status":"closed","template":"","meta":{"ub_ctt_via":"","footnotes":""},"class_list":["post-280","page","type-page","status-publish","hentry"],"featured_image_src":null,"yoast_head":"<!-- This site is optimized with the Yoast SEO plugin v25.4 - https:\/\/yoast.com\/wordpress\/plugins\/seo\/ -->\n<title>\u00bfc\u00f3mo utilizar subtotal con si en excel?<\/title>\n<meta name=\"robots\" content=\"index, follow, max-snippet:-1, max-image-preview:large, max-video-preview:-1\" \/>\n<link rel=\"canonical\" href=\"https:\/\/exceladvisor.org\/es\/subtotal-si-2\/\" \/>\n<meta property=\"og:locale\" content=\"es_ES\" \/>\n<meta property=\"og:type\" content=\"article\" \/>\n<meta property=\"og:title\" content=\"\u00bfc\u00f3mo utilizar subtotal con si en excel?\" \/>\n<meta property=\"og:description\" content=\"ESTA F\u00d3RMULA ES PURA MAGIA. Si desea escribir una f\u00f3rmula SUBTOTAL en Excel con IF (condici\u00f3n), necesita usar varias funciones para hacerlo. Pero antes de hacer eso, comprendamos los datos que tenemos para este ejemplo. En el ejemplo anterior, tiene tres columnas: Nombre losa de edad G\u00e9nero Y cuando filtra una losa de la columna [&hellip;]\" \/>\n<meta property=\"og:url\" content=\"https:\/\/exceladvisor.org\/es\/subtotal-si-2\/\" \/>\n<meta property=\"og:site_name\" content=\"Excel Advisor\" \/>\n<meta property=\"article:modified_time\" content=\"2023-12-25T10:31:44+00:00\" \/>\n<meta property=\"og:image\" content=\"https:\/\/exceladvisor.org\/wp-content\/uploads\/2023\/08\/1-sous-total-avec-if.png\" \/>\n<meta name=\"twitter:card\" content=\"summary_large_image\" \/>\n<meta name=\"twitter:label1\" content=\"Tiempo de lectura\" \/>\n\t<meta name=\"twitter:data1\" content=\"3 minutos\" \/>\n<script type=\"application\/ld+json\" class=\"yoast-schema-graph\">{\"@context\":\"https:\/\/schema.org\",\"@graph\":[{\"@type\":\"WebPage\",\"@id\":\"https:\/\/exceladvisor.org\/es\/subtotal-si-2\/\",\"url\":\"https:\/\/exceladvisor.org\/es\/subtotal-si-2\/\",\"name\":\"\u00bfc\u00f3mo utilizar subtotal con si en excel?\",\"isPartOf\":{\"@id\":\"https:\/\/exceladvisor.org\/es\/#website\"},\"primaryImageOfPage\":{\"@id\":\"https:\/\/exceladvisor.org\/es\/subtotal-si-2\/#primaryimage\"},\"image\":{\"@id\":\"https:\/\/exceladvisor.org\/es\/subtotal-si-2\/#primaryimage\"},\"thumbnailUrl\":\"https:\/\/exceladvisor.org\/wp-content\/uploads\/2023\/08\/1-sous-total-avec-if.png\",\"datePublished\":\"2023-11-07T01:38:23+00:00\",\"dateModified\":\"2023-12-25T10:31:44+00:00\",\"breadcrumb\":{\"@id\":\"https:\/\/exceladvisor.org\/es\/subtotal-si-2\/#breadcrumb\"},\"inLanguage\":\"es\",\"potentialAction\":[{\"@type\":\"ReadAction\",\"target\":[\"https:\/\/exceladvisor.org\/es\/subtotal-si-2\/\"]}]},{\"@type\":\"ImageObject\",\"inLanguage\":\"es\",\"@id\":\"https:\/\/exceladvisor.org\/es\/subtotal-si-2\/#primaryimage\",\"url\":\"https:\/\/exceladvisor.org\/wp-content\/uploads\/2023\/08\/1-sous-total-avec-if.png\",\"contentUrl\":\"https:\/\/exceladvisor.org\/wp-content\/uploads\/2023\/08\/1-sous-total-avec-if.png\"},{\"@type\":\"BreadcrumbList\",\"@id\":\"https:\/\/exceladvisor.org\/es\/subtotal-si-2\/#breadcrumb\",\"itemListElement\":[{\"@type\":\"ListItem\",\"position\":1,\"name\":\"Hogar\",\"item\":\"https:\/\/exceladvisor.org\/es\/\"},{\"@type\":\"ListItem\",\"position\":2,\"name\":\"\u00bfc\u00f3mo utilizar subtotal con si en excel?\"}]},{\"@type\":\"WebSite\",\"@id\":\"https:\/\/exceladvisor.org\/es\/#website\",\"url\":\"https:\/\/exceladvisor.org\/es\/\",\"name\":\"Excel Advisor\",\"description\":\"Su gu\u00eda para la dominaci\u00f3n de datos!\",\"publisher\":{\"@id\":\"https:\/\/exceladvisor.org\/es\/#organization\"},\"potentialAction\":[{\"@type\":\"SearchAction\",\"target\":{\"@type\":\"EntryPoint\",\"urlTemplate\":\"https:\/\/exceladvisor.org\/es\/?s={search_term_string}\"},\"query-input\":{\"@type\":\"PropertyValueSpecification\",\"valueRequired\":true,\"valueName\":\"search_term_string\"}}],\"inLanguage\":\"es\"},{\"@type\":\"Organization\",\"@id\":\"https:\/\/exceladvisor.org\/es\/#organization\",\"name\":\"Excel Advisor\",\"url\":\"https:\/\/exceladvisor.org\/es\/\",\"logo\":{\"@type\":\"ImageObject\",\"inLanguage\":\"es\",\"@id\":\"https:\/\/exceladvisor.org\/es\/#\/schema\/logo\/image\/\",\"url\":\"https:\/\/exceladvisor.org\/es\/wp-content\/uploads\/2023\/12\/exceladvisor.org_.png\",\"contentUrl\":\"https:\/\/exceladvisor.org\/es\/wp-content\/uploads\/2023\/12\/exceladvisor.org_.png\",\"width\":105,\"height\":36,\"caption\":\"Excel Advisor\"},\"image\":{\"@id\":\"https:\/\/exceladvisor.org\/es\/#\/schema\/logo\/image\/\"}}]}<\/script>\n<!-- \/ Yoast SEO plugin. -->","yoast_head_json":{"title":"\u00bfc\u00f3mo utilizar subtotal con si en excel?","robots":{"index":"index","follow":"follow","max-snippet":"max-snippet:-1","max-image-preview":"max-image-preview:large","max-video-preview":"max-video-preview:-1"},"canonical":"https:\/\/exceladvisor.org\/es\/subtotal-si-2\/","og_locale":"es_ES","og_type":"article","og_title":"\u00bfc\u00f3mo utilizar subtotal con si en excel?","og_description":"ESTA F\u00d3RMULA ES PURA MAGIA. Si desea escribir una f\u00f3rmula SUBTOTAL en Excel con IF (condici\u00f3n), necesita usar varias funciones para hacerlo. Pero antes de hacer eso, comprendamos los datos que tenemos para este ejemplo. En el ejemplo anterior, tiene tres columnas: Nombre losa de edad G\u00e9nero Y cuando filtra una losa de la columna [&hellip;]","og_url":"https:\/\/exceladvisor.org\/es\/subtotal-si-2\/","og_site_name":"Excel Advisor","article_modified_time":"2023-12-25T10:31:44+00:00","og_image":[{"url":"https:\/\/exceladvisor.org\/wp-content\/uploads\/2023\/08\/1-sous-total-avec-if.png","type":"","width":"","height":""}],"twitter_card":"summary_large_image","twitter_misc":{"Tiempo de lectura":"3 minutos"},"schema":{"@context":"https:\/\/schema.org","@graph":[{"@type":"WebPage","@id":"https:\/\/exceladvisor.org\/es\/subtotal-si-2\/","url":"https:\/\/exceladvisor.org\/es\/subtotal-si-2\/","name":"\u00bfc\u00f3mo utilizar subtotal con si en excel?","isPartOf":{"@id":"https:\/\/exceladvisor.org\/es\/#website"},"primaryImageOfPage":{"@id":"https:\/\/exceladvisor.org\/es\/subtotal-si-2\/#primaryimage"},"image":{"@id":"https:\/\/exceladvisor.org\/es\/subtotal-si-2\/#primaryimage"},"thumbnailUrl":"https:\/\/exceladvisor.org\/wp-content\/uploads\/2023\/08\/1-sous-total-avec-if.png","datePublished":"2023-11-07T01:38:23+00:00","dateModified":"2023-12-25T10:31:44+00:00","breadcrumb":{"@id":"https:\/\/exceladvisor.org\/es\/subtotal-si-2\/#breadcrumb"},"inLanguage":"es","potentialAction":[{"@type":"ReadAction","target":["https:\/\/exceladvisor.org\/es\/subtotal-si-2\/"]}]},{"@type":"ImageObject","inLanguage":"es","@id":"https:\/\/exceladvisor.org\/es\/subtotal-si-2\/#primaryimage","url":"https:\/\/exceladvisor.org\/wp-content\/uploads\/2023\/08\/1-sous-total-avec-if.png","contentUrl":"https:\/\/exceladvisor.org\/wp-content\/uploads\/2023\/08\/1-sous-total-avec-if.png"},{"@type":"BreadcrumbList","@id":"https:\/\/exceladvisor.org\/es\/subtotal-si-2\/#breadcrumb","itemListElement":[{"@type":"ListItem","position":1,"name":"Hogar","item":"https:\/\/exceladvisor.org\/es\/"},{"@type":"ListItem","position":2,"name":"\u00bfc\u00f3mo utilizar subtotal con si en excel?"}]},{"@type":"WebSite","@id":"https:\/\/exceladvisor.org\/es\/#website","url":"https:\/\/exceladvisor.org\/es\/","name":"Excel Advisor","description":"Su gu\u00eda para la dominaci\u00f3n de datos!","publisher":{"@id":"https:\/\/exceladvisor.org\/es\/#organization"},"potentialAction":[{"@type":"SearchAction","target":{"@type":"EntryPoint","urlTemplate":"https:\/\/exceladvisor.org\/es\/?s={search_term_string}"},"query-input":{"@type":"PropertyValueSpecification","valueRequired":true,"valueName":"search_term_string"}}],"inLanguage":"es"},{"@type":"Organization","@id":"https:\/\/exceladvisor.org\/es\/#organization","name":"Excel Advisor","url":"https:\/\/exceladvisor.org\/es\/","logo":{"@type":"ImageObject","inLanguage":"es","@id":"https:\/\/exceladvisor.org\/es\/#\/schema\/logo\/image\/","url":"https:\/\/exceladvisor.org\/es\/wp-content\/uploads\/2023\/12\/exceladvisor.org_.png","contentUrl":"https:\/\/exceladvisor.org\/es\/wp-content\/uploads\/2023\/12\/exceladvisor.org_.png","width":105,"height":36,"caption":"Excel Advisor"},"image":{"@id":"https:\/\/exceladvisor.org\/es\/#\/schema\/logo\/image\/"}}]}},"yoast_meta":{"yoast_wpseo_title":"","yoast_wpseo_metadesc":"","yoast_wpseo_canonical":""},"_links":{"self":[{"href":"https:\/\/exceladvisor.org\/es\/wp-json\/wp\/v2\/pages\/280","targetHints":{"allow":["GET"]}}],"collection":[{"href":"https:\/\/exceladvisor.org\/es\/wp-json\/wp\/v2\/pages"}],"about":[{"href":"https:\/\/exceladvisor.org\/es\/wp-json\/wp\/v2\/types\/page"}],"author":[{"embeddable":true,"href":"https:\/\/exceladvisor.org\/es\/wp-json\/wp\/v2\/users\/1"}],"replies":[{"embeddable":true,"href":"https:\/\/exceladvisor.org\/es\/wp-json\/wp\/v2\/comments?post=280"}],"version-history":[{"count":1,"href":"https:\/\/exceladvisor.org\/es\/wp-json\/wp\/v2\/pages\/280\/revisions"}],"predecessor-version":[{"id":1378,"href":"https:\/\/exceladvisor.org\/es\/wp-json\/wp\/v2\/pages\/280\/revisions\/1378"}],"wp:attachment":[{"href":"https:\/\/exceladvisor.org\/es\/wp-json\/wp\/v2\/media?parent=280"}],"curies":[{"name":"wp","href":"https:\/\/api.w.org\/{rel}","templated":true}]}}