{"id":281,"date":"2023-11-06T23:45:43","date_gmt":"2023-11-06T23:45:43","guid":{"rendered":"https:\/\/exceladvisor.org\/es\/comparar-dos-celdas\/"},"modified":"2023-12-25T10:24:17","modified_gmt":"2023-12-25T10:24:17","slug":"comparar-dos-celdas","status":"publish","type":"page","link":"https:\/\/exceladvisor.org\/es\/comparar-dos-celdas\/","title":{"rendered":"\u00bfc\u00f3mo comparar dos celdas en excel?"},"content":{"rendered":"<div class=\"excel-antes-del-contenido\" id=\"excel-1339901386\"><script type=\"text\/javascript\">\r\n\tatOptions = {\r\n\t\t'key' : 'c1158f160081d6540a8409e6925dab94',\r\n\t\t'format' : 'iframe',\r\n\t\t'height' : 250,\r\n\t\t'width' : 300,\r\n\t\t'params' : {}\r\n\t};\r\n<\/script>\r\n<script type=\"text\/javascript\" src=\"\/\/www.highperformanceformat.com\/c1158f160081d6540a8409e6925dab94\/invoke.js\"><\/script><\/div><p>Para comparar dos celdas en Excel, puede utilizar el operador igual cuando haga referencia a ambas celdas. Y en el resultado obtendr\u00e1s VERDADERO si ambos valores son iguales y si los valores no son iguales obtendr\u00e1s FALSO en el resultado.<\/p>\n<p> En el siguiente ejemplo, tenemos dos valores en las celdas A1 y B1 respectivamente, y ahora necesitas comparar las dos celdas. <\/p>\n<div class=\"wp-block-image\">\n<figure class=\"aligncenter size-full is-resized\"><img loading=\"lazy\" decoding=\"async\" class=\"wp-image-70595\" src=\"https:\/\/exceladvisor.org\/wp-content\/uploads\/2023\/08\/1-comparer-deux-cellules.png\" sizes=\"auto, \" srcset=\"\" alt=\"comparar-dos-celdas\" width=\"383\" height=\"276\"><\/figure>\n<\/div>\n<p> En este tutorial, descubriremos los diferentes m\u00e9todos que puedes utilizar.<\/p>\n<h2 class=\"wp-block-heading\"> Compara dos celdas usando el operador igual<\/h2>\n<ol type=\"1\">\n<li> Primero, en la celda C1, ingrese el operador igual para iniciar la f\u00f3rmula.<\/li>\n<li> Despu\u00e9s de eso, consulte la celda A1 donde tenemos los primeros valores.<\/li>\n<li> Luego, ingrese el operador igual para comparar los valores de las celdas.<\/li>\n<li> Ahora consulte la celda B1 donde tiene el segundo valor.<\/li>\n<li> Al final, presione Enter para obtener el resultado. <\/li>\n<\/ol>\n<div class=\"wp-block-image\">\n<figure class=\"aligncenter size-full is-resized\"><img loading=\"lazy\" decoding=\"async\" class=\"wp-image-70596\" src=\"https:\/\/exceladvisor.org\/wp-content\/uploads\/2023\/08\/2-comparer-les-cellules-en-utilisant-loperateur-egal.png\" sizes=\"auto, \" srcset=\"\" alt=\"comparar-celdas-usando-operador-igual\" width=\"394\" height=\"283\"><\/figure>\n<\/div>\n<p> Como puedes ver, en el resultado tenemos FALSO, lo que significa que los dos valores en las celdas no son iguales. Pero si cambia el valor de la celda B1 a \u00abS\u00ed\u00bb, obtendr\u00e1 VERDADERO en el resultado. <\/p>\n<div class=\"wp-block-image\">\n<figure class=\"aligncenter size-full is-resized\"><img loading=\"lazy\" decoding=\"async\" class=\"wp-image-70597\" src=\"https:\/\/exceladvisor.org\/wp-content\/uploads\/2023\/08\/Resultat-de-3-cellules-comparees.png\" sizes=\"auto, \" srcset=\"\" alt=\"resultado de las c\u00e9lulas comparadas\" width=\"417\" height=\"277\"><\/figure>\n<\/div>\n<p> Por tanto, es una forma r\u00e1pida y sencilla de comparar dos celdas y obtener el resultado VERDADERO o FALSO.<\/p>\n<pre class=\"wp-block-code\"> <code class=\"language-excel-formula\" lang=\"excel-formula\">=A1=B1<\/code><\/pre>\n<h2 class=\"wp-block-heading\"> Usando la funci\u00f3n EXACTA para hacer coincidir los valores de texto de dos celdas<\/h2>\n<p> Tambi\u00e9n hay una funci\u00f3n en Excel que puedes usar y es EXACTA. Con la funci\u00f3n EXACTA, haga coincidir los valores de texto de dos celdas y podr\u00e1 hacer referencia a las celdas que desea comparar, y devolver\u00e1 VERDADERO o FALSO en el resultado.<\/p>\n<p> Usamos el mismo ejemplo:<\/p>\n<ol type=\"1\">\n<li> Primero, en la celda C1, ingrese la funci\u00f3n EXACTA.<\/li>\n<li> Despu\u00e9s de eso, consulte la celda A1.<\/li>\n<li> Luego ingrese un comando.<\/li>\n<li> Ahora consulte la celda B1.<\/li>\n<li> Al final, ingrese el par\u00e9ntesis de cierre y presione Enter para obtener el resultado. <\/li>\n<\/ol>\n<div class=\"wp-block-image\">\n<figure class=\"aligncenter size-full is-resized\"><img loading=\"lazy\" decoding=\"async\" class=\"wp-image-70598\" src=\"https:\/\/exceladvisor.org\/wp-content\/uploads\/2023\/08\/4-fonctions-exactes-a-comparer.png\" sizes=\"auto, \" srcset=\"\" alt=\"funci\u00f3n-exacta-para-comparar\" width=\"446\" height=\"252\"><\/figure>\n<\/div>\n<p> Puedes ver que tenemos FALSO en el resultado porque los valores en las celdas A1 y B1 no son iguales.<\/p>\n<pre class=\"wp-block-code\"> <code class=\"language-excel-formula\" lang=\"excel-formula\">=EXACT(A1,B1)<\/code><\/pre>\n<h2 class=\"wp-block-heading\"> Uso de la funci\u00f3n IF Create Condition para comparar dos valores<\/h2>\n<p> En ambos m\u00e9todos que comentamos anteriormente, obtenemos el resultado VERDADERO o FALSO, pero \u00bfqu\u00e9 sucede si desea tener un resultado personalizado para ambos casos? En este caso, puede utilizar la funci\u00f3n SI para crear una condici\u00f3n y obtener un resultado personalizado.<\/p>\n<ol type=\"1\">\n<li> Primero, en la celda C1, ingrese la funci\u00f3n SI.<\/li>\n<li> Despu\u00e9s de eso, use el mismo m\u00e9todo para comparar celdas que usamos en el primer m\u00e9todo.<\/li>\n<li> Luego, en el segundo argumento de la funci\u00f3n, ingresa el valor que deseas obtener si los dos valores coinciden.<\/li>\n<li> Ahora, en el tercer argumento de la funci\u00f3n, ingresa el valor que deseas obtener si los dos valores no coinciden.<\/li>\n<li> Al final, ingrese el par\u00e9ntesis de cierre y cierre la funci\u00f3n. <\/li>\n<\/ol>\n<div class=\"wp-block-image\">\n<figure class=\"aligncenter size-full is-resized\"><img loading=\"lazy\" decoding=\"async\" class=\"wp-image-70599\" src=\"https:\/\/exceladvisor.org\/wp-content\/uploads\/2023\/08\/5-utilisation-si-comparaison-de-cellules.png\" sizes=\"auto, \" srcset=\"\" alt=\"usar-si-celdas-de-comparaci\u00f3n\" width=\"537\" height=\"252\"><\/figure>\n<\/div>\n<p> Como puedes ver, en el resultado tenemos el valor \u201cNo match\u201d porque los valores de las dos celdas no son iguales.<\/p>\n<pre class=\"wp-block-code\"> <code class=\"language-excel-formula\" lang=\"excel-formula\">=IF(A1=B1,\"Matched\",\"Not Matched\")<\/code><\/pre>\n<div class=\"gb-container gb-container-52dfcee1 gb-container-sample-file\">\n<h2 class=\"gb-headline gb-headline-e289c143 gb-headline-text gb-headline-4f7959c2\"> Obtener el archivo Excel<\/h2>\n<p> <a class=\"gb-button gb-button-e88d6bee gb-button-text gb-button-button1\" href=\"https:\/\/exceladvisor.org\/wp-content\/uploads\/2023\/11\/9-comparer-deux-cellules.xlsx\" rel=\"nofollow\">Descargar<\/a><\/div>\n<div class=\"gb-container gb-container-0df56012 gb-container-mt\"> <a class=\"gb-button gb-button-f9f432f4 gb-button-text gb-button-mt-button\" href=\"https:\/\/exceladvisor.org\/es\/formulas\/\">Lista de f\u00f3rmulas de Excel<\/a><\/p>\n<h2 class=\"gb-headline gb-headline-233444e8 gb-headline-text gb-headline-mt-heading\"> F\u00f3rmulas relacionadas <\/h2>\n<div class=\"gb-grid-wrapper gb-grid-wrapper-a16fa65c gb-grid-wrapper-mt-grid\">\n<div class=\"gb-grid-column gb-grid-column-50d07e0d\">\n<div class=\"gb-container gb-container-50d07e0d\">\n<ul>\n<li> <a href=\"https:\/\/exceladvisor.org\/es\/clasificacion-condicional-clasificacion-sumaproducto-si\/\">Clasificaci\u00f3n condicional en Excel usando la funci\u00f3n SUMPRODUCT [RANKIF]<\/a><\/li>\n<li> <a href=\"https:\/\/exceladvisor.org\/es\/condicion-en-producto-suma\/\">SUMAPRODUCTO SI para crear una f\u00f3rmula condicional en Excel<\/a> <\/li>\n<\/ul>\n<\/div>\n<\/div>\n<div class=\"gb-grid-column gb-grid-column-5b4a0cf9\">\n<div class=\"gb-container gb-container-5b4a0cf9\"><\/div>\n<\/div>\n<\/div>\n<\/div>\n","protected":false},"excerpt":{"rendered":"<p>Para comparar dos celdas en Excel, puede utilizar el operador igual cuando haga referencia a ambas celdas. Y en el resultado obtendr\u00e1s VERDADERO si ambos valores son iguales y si los valores no son iguales obtendr\u00e1s FALSO en el resultado. En el siguiente ejemplo, tenemos dos valores en las celdas A1 y B1 respectivamente, y [&hellip;]<\/p>\n","protected":false},"author":1,"featured_media":0,"parent":0,"menu_order":0,"comment_status":"open","ping_status":"closed","template":"","meta":{"ub_ctt_via":"","footnotes":""},"class_list":["post-281","page","type-page","status-publish","hentry"],"featured_image_src":null,"yoast_head":"<!-- This site is optimized with the Yoast SEO plugin v25.4 - https:\/\/yoast.com\/wordpress\/plugins\/seo\/ -->\n<title>\u00bfc\u00f3mo comparar dos celdas en excel?<\/title>\n<meta name=\"robots\" content=\"index, follow, max-snippet:-1, max-image-preview:large, max-video-preview:-1\" \/>\n<link rel=\"canonical\" href=\"https:\/\/exceladvisor.org\/es\/comparar-dos-celdas\/\" \/>\n<meta property=\"og:locale\" content=\"es_ES\" \/>\n<meta property=\"og:type\" content=\"article\" \/>\n<meta property=\"og:title\" content=\"\u00bfc\u00f3mo comparar dos celdas en excel?\" \/>\n<meta property=\"og:description\" content=\"Para comparar dos celdas en Excel, puede utilizar el operador igual cuando haga referencia a ambas celdas. Y en el resultado obtendr\u00e1s VERDADERO si ambos valores son iguales y si los valores no son iguales obtendr\u00e1s FALSO en el resultado. En el siguiente ejemplo, tenemos dos valores en las celdas A1 y B1 respectivamente, y [&hellip;]\" \/>\n<meta property=\"og:url\" content=\"https:\/\/exceladvisor.org\/es\/comparar-dos-celdas\/\" \/>\n<meta property=\"og:site_name\" content=\"Excel Advisor\" \/>\n<meta property=\"article:modified_time\" content=\"2023-12-25T10:24:17+00:00\" \/>\n<meta property=\"og:image\" content=\"https:\/\/exceladvisor.org\/wp-content\/uploads\/2023\/08\/1-comparer-deux-cellules.png\" \/>\n<meta name=\"twitter:card\" content=\"summary_large_image\" \/>\n<meta name=\"twitter:label1\" content=\"Tiempo de lectura\" \/>\n\t<meta name=\"twitter:data1\" content=\"3 minutos\" \/>\n<script type=\"application\/ld+json\" class=\"yoast-schema-graph\">{\"@context\":\"https:\/\/schema.org\",\"@graph\":[{\"@type\":\"WebPage\",\"@id\":\"https:\/\/exceladvisor.org\/es\/comparar-dos-celdas\/\",\"url\":\"https:\/\/exceladvisor.org\/es\/comparar-dos-celdas\/\",\"name\":\"\u00bfc\u00f3mo comparar dos celdas en excel?\",\"isPartOf\":{\"@id\":\"https:\/\/exceladvisor.org\/es\/#website\"},\"primaryImageOfPage\":{\"@id\":\"https:\/\/exceladvisor.org\/es\/comparar-dos-celdas\/#primaryimage\"},\"image\":{\"@id\":\"https:\/\/exceladvisor.org\/es\/comparar-dos-celdas\/#primaryimage\"},\"thumbnailUrl\":\"https:\/\/exceladvisor.org\/wp-content\/uploads\/2023\/08\/1-comparer-deux-cellules.png\",\"datePublished\":\"2023-11-06T23:45:43+00:00\",\"dateModified\":\"2023-12-25T10:24:17+00:00\",\"breadcrumb\":{\"@id\":\"https:\/\/exceladvisor.org\/es\/comparar-dos-celdas\/#breadcrumb\"},\"inLanguage\":\"es\",\"potentialAction\":[{\"@type\":\"ReadAction\",\"target\":[\"https:\/\/exceladvisor.org\/es\/comparar-dos-celdas\/\"]}]},{\"@type\":\"ImageObject\",\"inLanguage\":\"es\",\"@id\":\"https:\/\/exceladvisor.org\/es\/comparar-dos-celdas\/#primaryimage\",\"url\":\"https:\/\/exceladvisor.org\/wp-content\/uploads\/2023\/08\/1-comparer-deux-cellules.png\",\"contentUrl\":\"https:\/\/exceladvisor.org\/wp-content\/uploads\/2023\/08\/1-comparer-deux-cellules.png\"},{\"@type\":\"BreadcrumbList\",\"@id\":\"https:\/\/exceladvisor.org\/es\/comparar-dos-celdas\/#breadcrumb\",\"itemListElement\":[{\"@type\":\"ListItem\",\"position\":1,\"name\":\"Hogar\",\"item\":\"https:\/\/exceladvisor.org\/es\/\"},{\"@type\":\"ListItem\",\"position\":2,\"name\":\"\u00bfc\u00f3mo comparar dos celdas en excel?\"}]},{\"@type\":\"WebSite\",\"@id\":\"https:\/\/exceladvisor.org\/es\/#website\",\"url\":\"https:\/\/exceladvisor.org\/es\/\",\"name\":\"Excel Advisor\",\"description\":\"Su gu\u00eda para la dominaci\u00f3n de datos!\",\"publisher\":{\"@id\":\"https:\/\/exceladvisor.org\/es\/#organization\"},\"potentialAction\":[{\"@type\":\"SearchAction\",\"target\":{\"@type\":\"EntryPoint\",\"urlTemplate\":\"https:\/\/exceladvisor.org\/es\/?s={search_term_string}\"},\"query-input\":{\"@type\":\"PropertyValueSpecification\",\"valueRequired\":true,\"valueName\":\"search_term_string\"}}],\"inLanguage\":\"es\"},{\"@type\":\"Organization\",\"@id\":\"https:\/\/exceladvisor.org\/es\/#organization\",\"name\":\"Excel Advisor\",\"url\":\"https:\/\/exceladvisor.org\/es\/\",\"logo\":{\"@type\":\"ImageObject\",\"inLanguage\":\"es\",\"@id\":\"https:\/\/exceladvisor.org\/es\/#\/schema\/logo\/image\/\",\"url\":\"https:\/\/exceladvisor.org\/es\/wp-content\/uploads\/2023\/12\/exceladvisor.org_.png\",\"contentUrl\":\"https:\/\/exceladvisor.org\/es\/wp-content\/uploads\/2023\/12\/exceladvisor.org_.png\",\"width\":105,\"height\":36,\"caption\":\"Excel Advisor\"},\"image\":{\"@id\":\"https:\/\/exceladvisor.org\/es\/#\/schema\/logo\/image\/\"}}]}<\/script>\n<!-- \/ Yoast SEO plugin. -->","yoast_head_json":{"title":"\u00bfc\u00f3mo comparar dos celdas en excel?","robots":{"index":"index","follow":"follow","max-snippet":"max-snippet:-1","max-image-preview":"max-image-preview:large","max-video-preview":"max-video-preview:-1"},"canonical":"https:\/\/exceladvisor.org\/es\/comparar-dos-celdas\/","og_locale":"es_ES","og_type":"article","og_title":"\u00bfc\u00f3mo comparar dos celdas en excel?","og_description":"Para comparar dos celdas en Excel, puede utilizar el operador igual cuando haga referencia a ambas celdas. Y en el resultado obtendr\u00e1s VERDADERO si ambos valores son iguales y si los valores no son iguales obtendr\u00e1s FALSO en el resultado. En el siguiente ejemplo, tenemos dos valores en las celdas A1 y B1 respectivamente, y [&hellip;]","og_url":"https:\/\/exceladvisor.org\/es\/comparar-dos-celdas\/","og_site_name":"Excel Advisor","article_modified_time":"2023-12-25T10:24:17+00:00","og_image":[{"url":"https:\/\/exceladvisor.org\/wp-content\/uploads\/2023\/08\/1-comparer-deux-cellules.png","type":"","width":"","height":""}],"twitter_card":"summary_large_image","twitter_misc":{"Tiempo de lectura":"3 minutos"},"schema":{"@context":"https:\/\/schema.org","@graph":[{"@type":"WebPage","@id":"https:\/\/exceladvisor.org\/es\/comparar-dos-celdas\/","url":"https:\/\/exceladvisor.org\/es\/comparar-dos-celdas\/","name":"\u00bfc\u00f3mo comparar dos celdas en excel?","isPartOf":{"@id":"https:\/\/exceladvisor.org\/es\/#website"},"primaryImageOfPage":{"@id":"https:\/\/exceladvisor.org\/es\/comparar-dos-celdas\/#primaryimage"},"image":{"@id":"https:\/\/exceladvisor.org\/es\/comparar-dos-celdas\/#primaryimage"},"thumbnailUrl":"https:\/\/exceladvisor.org\/wp-content\/uploads\/2023\/08\/1-comparer-deux-cellules.png","datePublished":"2023-11-06T23:45:43+00:00","dateModified":"2023-12-25T10:24:17+00:00","breadcrumb":{"@id":"https:\/\/exceladvisor.org\/es\/comparar-dos-celdas\/#breadcrumb"},"inLanguage":"es","potentialAction":[{"@type":"ReadAction","target":["https:\/\/exceladvisor.org\/es\/comparar-dos-celdas\/"]}]},{"@type":"ImageObject","inLanguage":"es","@id":"https:\/\/exceladvisor.org\/es\/comparar-dos-celdas\/#primaryimage","url":"https:\/\/exceladvisor.org\/wp-content\/uploads\/2023\/08\/1-comparer-deux-cellules.png","contentUrl":"https:\/\/exceladvisor.org\/wp-content\/uploads\/2023\/08\/1-comparer-deux-cellules.png"},{"@type":"BreadcrumbList","@id":"https:\/\/exceladvisor.org\/es\/comparar-dos-celdas\/#breadcrumb","itemListElement":[{"@type":"ListItem","position":1,"name":"Hogar","item":"https:\/\/exceladvisor.org\/es\/"},{"@type":"ListItem","position":2,"name":"\u00bfc\u00f3mo comparar dos celdas en excel?"}]},{"@type":"WebSite","@id":"https:\/\/exceladvisor.org\/es\/#website","url":"https:\/\/exceladvisor.org\/es\/","name":"Excel Advisor","description":"Su gu\u00eda para la dominaci\u00f3n de datos!","publisher":{"@id":"https:\/\/exceladvisor.org\/es\/#organization"},"potentialAction":[{"@type":"SearchAction","target":{"@type":"EntryPoint","urlTemplate":"https:\/\/exceladvisor.org\/es\/?s={search_term_string}"},"query-input":{"@type":"PropertyValueSpecification","valueRequired":true,"valueName":"search_term_string"}}],"inLanguage":"es"},{"@type":"Organization","@id":"https:\/\/exceladvisor.org\/es\/#organization","name":"Excel Advisor","url":"https:\/\/exceladvisor.org\/es\/","logo":{"@type":"ImageObject","inLanguage":"es","@id":"https:\/\/exceladvisor.org\/es\/#\/schema\/logo\/image\/","url":"https:\/\/exceladvisor.org\/es\/wp-content\/uploads\/2023\/12\/exceladvisor.org_.png","contentUrl":"https:\/\/exceladvisor.org\/es\/wp-content\/uploads\/2023\/12\/exceladvisor.org_.png","width":105,"height":36,"caption":"Excel Advisor"},"image":{"@id":"https:\/\/exceladvisor.org\/es\/#\/schema\/logo\/image\/"}}]}},"yoast_meta":{"yoast_wpseo_title":"","yoast_wpseo_metadesc":"","yoast_wpseo_canonical":""},"_links":{"self":[{"href":"https:\/\/exceladvisor.org\/es\/wp-json\/wp\/v2\/pages\/281","targetHints":{"allow":["GET"]}}],"collection":[{"href":"https:\/\/exceladvisor.org\/es\/wp-json\/wp\/v2\/pages"}],"about":[{"href":"https:\/\/exceladvisor.org\/es\/wp-json\/wp\/v2\/types\/page"}],"author":[{"embeddable":true,"href":"https:\/\/exceladvisor.org\/es\/wp-json\/wp\/v2\/users\/1"}],"replies":[{"embeddable":true,"href":"https:\/\/exceladvisor.org\/es\/wp-json\/wp\/v2\/comments?post=281"}],"version-history":[{"count":1,"href":"https:\/\/exceladvisor.org\/es\/wp-json\/wp\/v2\/pages\/281\/revisions"}],"predecessor-version":[{"id":915,"href":"https:\/\/exceladvisor.org\/es\/wp-json\/wp\/v2\/pages\/281\/revisions\/915"}],"wp:attachment":[{"href":"https:\/\/exceladvisor.org\/es\/wp-json\/wp\/v2\/media?parent=281"}],"curies":[{"name":"wp","href":"https:\/\/api.w.org\/{rel}","templated":true}]}}