{"id":282,"date":"2023-11-06T23:37:18","date_gmt":"2023-11-06T23:37:18","guid":{"rendered":"https:\/\/exceladvisor.org\/es\/redondear-al-millar-mas-cercano\/"},"modified":"2023-12-25T10:26:54","modified_gmt":"2023-12-25T10:26:54","slug":"redondear-al-millar-mas-cercano","status":"publish","type":"page","link":"https:\/\/exceladvisor.org\/es\/redondear-al-millar-mas-cercano\/","title":{"rendered":"\u00bfc\u00f3mo redondear un n\u00famero a la centena y a la decena m\u00e1s cercanas?"},"content":{"rendered":"<div class=\"excel-antes-del-contenido\" id=\"excel-470022049\"><script type=\"text\/javascript\">\r\n\tatOptions = {\r\n\t\t'key' : 'c1158f160081d6540a8409e6925dab94',\r\n\t\t'format' : 'iframe',\r\n\t\t'height' : 250,\r\n\t\t'width' : 300,\r\n\t\t'params' : {}\r\n\t};\r\n<\/script>\r\n<script type=\"text\/javascript\" src=\"\/\/www.highperformanceformat.com\/c1158f160081d6540a8409e6925dab94\/invoke.js\"><\/script><\/div><p>Si eres de esas personas que trabajan con datos estad\u00edsticos o analizan muchos datos, esta f\u00f3rmula podr\u00eda resultarte \u00fatil de muchas maneras. Aqu\u00ed aprenderemos c\u00f3mo redondear un n\u00famero al 1000, 100 y 10 m\u00e1s cercano.<\/p>\n<h2 class=\"wp-block-heading\"> Redondear un n\u00famero al millar m\u00e1s cercano<\/h2>\n<p> En Excel, existe una funci\u00f3n llamada REDONDEAR que puedes usar para redondear un n\u00famero al millar m\u00e1s cercano. Aqu\u00ed tengo el n\u00famero \u00ab123456789\u00bb y quiero redondear este n\u00famero. <\/p>\n<div class=\"wp-block-image\">\n<figure class=\"aligncenter size-full is-resized\"><img loading=\"lazy\" decoding=\"async\" class=\"wp-image-67143\" src=\"https:\/\/exceladvisor.org\/wp-content\/uploads\/2023\/08\/1-cellule-avec-valeur-numerique.png\" sizes=\"auto, \" srcset=\"\" alt=\"celda-con-valor-num\u00e9rico\" width=\"457\" height=\"175\"><\/figure>\n<\/div>\n<p> Puede utilizar los siguientes pasos.<\/p>\n<ol type=\"1\">\n<li> Primero, <a href=\"https:\/\/exceladvisor.org\/es\/editar-celda\/\">edite la celda<\/a> B1 y comience a escribir la funci\u00f3n REDONDEAR \u201c=REDONDEAR(\u201c.<\/li>\n<li> Ahora consulta la celda A1 donde tenemos el n\u00famero que deseas redondear.<\/li>\n<li> Luego, en el segundo argumento, ingrese -3.<\/li>\n<li> Al final, ingrese el par\u00e9ntesis de cierre y presione Enter para obtener el resultado. <\/li>\n<\/ol>\n<div class=\"wp-block-image\">\n<figure class=\"aligncenter size-full is-resized\"><img loading=\"lazy\" decoding=\"async\" class=\"wp-image-67144\" src=\"https:\/\/exceladvisor.org\/wp-content\/uploads\/2023\/08\/2-fonction-darrondi-au-1000-le-plus-proche.png\" sizes=\"auto, \" srcset=\"\" alt=\"funci\u00f3n de redondeo al 1000 m\u00e1s cercano\" width=\"522\" height=\"209\"><\/figure>\n<\/div>\n<pre class=\"wp-block-code\"> <code class=\"language-excel-formula\" lang=\"excel-formula\">=ROUND(A1,-3)<\/code><\/pre>\n<p> En el momento en que presiona Enter, devuelve 123457000 que luego se redondea a la versi\u00f3n 1000 de 123456789. Como tiene los \u00faltimos cuatro d\u00edgitos 6789, se redonde\u00f3 a 7000. <\/p>\n<div class=\"wp-block-image\">\n<figure class=\"aligncenter size-full is-resized\"><img loading=\"lazy\" decoding=\"async\" class=\"wp-image-67145\" src=\"https:\/\/exceladvisor.org\/wp-content\/uploads\/2023\/08\/Resultat-de-la-fonction-3-tours.png\" sizes=\"auto, \" srcset=\"\" alt=\"resultado de la funci\u00f3n redonda\" width=\"544\" height=\"178\"><\/figure>\n<\/div>\n<p> Pero si cambias este n\u00famero a 123456489 donde tienes 6489 al final, la misma funci\u00f3n lo redondea a 123456000. <\/p>\n<div class=\"wp-block-image\">\n<figure class=\"aligncenter size-full is-resized\"><img loading=\"lazy\" decoding=\"async\" class=\"wp-image-67146\" src=\"https:\/\/exceladvisor.org\/wp-content\/uploads\/2023\/08\/4-types-de-resultats-de-fonction-ronde.png\" sizes=\"auto, \" srcset=\"\" alt=\"tipos de resultados de funciones redondas\" width=\"534\" height=\"192\"><\/figure>\n<\/div>\n<p> La funci\u00f3n REDONDEAR es lo suficientemente inteligente como para identificar a qu\u00e9 lado se debe redondear el n\u00famero. Pero puede haber ocasiones en las que necesites REDONDEAR hacia abajo o hacia arriba un n\u00famero al millar m\u00e1s cercano.<\/p>\n<pre class=\"wp-block-code\"> <code class=\"language-excel-formula\" lang=\"excel-formula\">=ROUNDDOWN(123456789,-3) = 123456000 =ROUNDUP(123456489,-3) = 123457000<\/code><\/pre>\n<h2 class=\"wp-block-heading\"> Otros m\u00e9todos para redondear un n\u00famero al millar m\u00e1s cercano<\/h2>\n<p> Hay varias formas de utilizarlo:<\/p>\n<ul>\n<li> <strong>Funci\u00f3n PISO<\/strong> : PISO(123456789,1000) = 123457000\n<ul>\n<li> En esta funci\u00f3n, debes usar un 1000 positivo para redondear un n\u00famero positivo y un -1000 negativo para redondear un n\u00famero negativo.<\/li>\n<\/ul>\n<\/li>\n<li> <strong>Funci\u00f3n TECHO<\/strong> : TECHO (C1,1000) = 123457000\n<ul>\n<li> En esta funci\u00f3n, debes usar un 1000 positivo para redondear un n\u00famero positivo y un -1000 negativo para redondear un n\u00famero negativo.<\/li>\n<\/ul>\n<\/li>\n<\/ul>\n<h2 class=\"wp-block-heading\"> REDONDEAR un n\u00famero a la centena m\u00e1s cercana<\/h2>\n<p> De manera similar, puedes usar la funci\u00f3n REDONDEAR para redondear un n\u00famero a la centena m\u00e1s cercana. Para hacer esto, simplemente use -2 en el argumento num_digit. <\/p>\n<pre class=\"wp-block-code\"> <code class=\"language-excel-formula\" lang=\"excel-formula\">=ROUND(A1,-2)<\/code><\/pre>\n<div class=\"wp-block-image\">\n<figure class=\"aligncenter size-full is-resized\"><img loading=\"lazy\" decoding=\"async\" class=\"wp-image-67147\" src=\"https:\/\/exceladvisor.org\/wp-content\/uploads\/2023\/08\/5-arrondir-un-nombre-au-100-le-plus-proche.png\" sizes=\"auto, \" srcset=\"\" alt=\"n\u00famero-redondeado-al-100-m\u00e1s cercano\" width=\"466\" height=\"201\"><\/figure>\n<\/div>\n<h2 class=\"wp-block-heading\"> REDONDEAR un n\u00famero a la decena m\u00e1s cercana<\/h2>\n<p> Y si quieres redondear un n\u00famero a la decena m\u00e1s cercana, utilizas la funci\u00f3n REDONDEAR de la siguiente manera. <\/p>\n<div class=\"wp-block-image\">\n<figure class=\"aligncenter size-full is-resized\"><img loading=\"lazy\" decoding=\"async\" class=\"wp-image-67148\" src=\"https:\/\/exceladvisor.org\/wp-content\/uploads\/2023\/08\/6-arrondir-un-nombre-au-10-le-plus-proche.png\" sizes=\"auto, \" srcset=\"\" alt=\"redondear un n\u00famero a la decena m\u00e1s cercana\" width=\"483\" height=\"189\"><\/figure>\n<\/div>\n<pre class=\"wp-block-code\"> <code class=\"language-excel-formula\" lang=\"excel-formula\">=ROUND(A1,-1)<\/code><\/pre>\n<div class=\"gb-container gb-container-52dfcee1 gb-container-sample-file\">\n<h2 class=\"gb-headline gb-headline-e289c143 gb-headline-text gb-headline-4f7959c2\"> Obtener el archivo Excel<\/h2>\n<p> <a class=\"gb-button gb-button-e88d6bee gb-button-text gb-button-button1\" href=\"https:\/\/exceladvisor.org\/wp-content\/uploads\/2023\/11\/arrondir-au-millier-le-plus-proche-100-10.xlsx\" rel=\"nofollow\">Descargar<\/a><\/p>\n<\/div>\n<div class=\"gb-container gb-container-0df56012 gb-container-mt\"> <a class=\"gb-button gb-button-f9f432f4 gb-button-text gb-button-mt-button\" href=\"https:\/\/exceladvisor.org\/es\/formulas\/\">Lista de f\u00f3rmulas de Excel<\/a><\/p>\n<h2 class=\"gb-headline gb-headline-233444e8 gb-headline-text gb-headline-mt-heading\"> F\u00f3rmulas relacionadas <\/h2>\n<div class=\"gb-grid-wrapper gb-grid-wrapper-a16fa65c gb-grid-wrapper-mt-grid\">\n<div class=\"gb-grid-column gb-grid-column-50d07e0d\">\n<div class=\"gb-container gb-container-50d07e0d\">\n<ul>\n<li> <a href=\"https:\/\/exceladvisor.org\/es\/redondear-al-5-mas-cercano\/\">Redondear al 0,5, 5,50 (abajo-arriba) m\u00e1s cercano en Excel<\/a><\/li>\n<li> <a href=\"https:\/\/exceladvisor.org\/es\/porcentaje-redondo-2\/\">Porcentaje de valores redondos<\/a> <\/li>\n<\/ul>\n<\/div>\n<\/div>\n<div class=\"gb-grid-column gb-grid-column-5b4a0cf9\">\n<div class=\"gb-container gb-container-5b4a0cf9\"><\/div>\n<\/div>\n<\/div>\n<\/div>\n","protected":false},"excerpt":{"rendered":"<p>Si eres de esas personas que trabajan con datos estad\u00edsticos o analizan muchos datos, esta f\u00f3rmula podr\u00eda resultarte \u00fatil de muchas maneras. Aqu\u00ed aprenderemos c\u00f3mo redondear un n\u00famero al 1000, 100 y 10 m\u00e1s cercano. Redondear un n\u00famero al millar m\u00e1s cercano En Excel, existe una funci\u00f3n llamada REDONDEAR que puedes usar para redondear un [&hellip;]<\/p>\n","protected":false},"author":1,"featured_media":0,"parent":0,"menu_order":0,"comment_status":"open","ping_status":"closed","template":"","meta":{"ub_ctt_via":"","footnotes":""},"class_list":["post-282","page","type-page","status-publish","hentry"],"featured_image_src":null,"yoast_head":"<!-- This site is optimized with the Yoast SEO plugin v25.4 - https:\/\/yoast.com\/wordpress\/plugins\/seo\/ -->\n<title>\u00bfc\u00f3mo redondear un n\u00famero a la centena y a la decena m\u00e1s cercanas?<\/title>\n<meta name=\"robots\" content=\"index, follow, max-snippet:-1, max-image-preview:large, max-video-preview:-1\" \/>\n<link rel=\"canonical\" href=\"https:\/\/exceladvisor.org\/es\/redondear-al-millar-mas-cercano\/\" \/>\n<meta property=\"og:locale\" content=\"es_ES\" \/>\n<meta property=\"og:type\" content=\"article\" \/>\n<meta property=\"og:title\" content=\"\u00bfc\u00f3mo redondear un n\u00famero a la centena y a la decena m\u00e1s cercanas?\" \/>\n<meta property=\"og:description\" content=\"Si eres de esas personas que trabajan con datos estad\u00edsticos o analizan muchos datos, esta f\u00f3rmula podr\u00eda resultarte \u00fatil de muchas maneras. Aqu\u00ed aprenderemos c\u00f3mo redondear un n\u00famero al 1000, 100 y 10 m\u00e1s cercano. Redondear un n\u00famero al millar m\u00e1s cercano En Excel, existe una funci\u00f3n llamada REDONDEAR que puedes usar para redondear un [&hellip;]\" \/>\n<meta property=\"og:url\" content=\"https:\/\/exceladvisor.org\/es\/redondear-al-millar-mas-cercano\/\" \/>\n<meta property=\"og:site_name\" content=\"Excel Advisor\" \/>\n<meta property=\"article:modified_time\" content=\"2023-12-25T10:26:54+00:00\" \/>\n<meta property=\"og:image\" content=\"https:\/\/exceladvisor.org\/wp-content\/uploads\/2023\/08\/1-cellule-avec-valeur-numerique.png\" \/>\n<meta name=\"twitter:card\" content=\"summary_large_image\" \/>\n<meta name=\"twitter:label1\" content=\"Tiempo de lectura\" \/>\n\t<meta name=\"twitter:data1\" content=\"2 minutos\" \/>\n<script type=\"application\/ld+json\" class=\"yoast-schema-graph\">{\"@context\":\"https:\/\/schema.org\",\"@graph\":[{\"@type\":\"WebPage\",\"@id\":\"https:\/\/exceladvisor.org\/es\/redondear-al-millar-mas-cercano\/\",\"url\":\"https:\/\/exceladvisor.org\/es\/redondear-al-millar-mas-cercano\/\",\"name\":\"\u00bfc\u00f3mo redondear un n\u00famero a la centena y a la decena m\u00e1s cercanas?\",\"isPartOf\":{\"@id\":\"https:\/\/exceladvisor.org\/es\/#website\"},\"primaryImageOfPage\":{\"@id\":\"https:\/\/exceladvisor.org\/es\/redondear-al-millar-mas-cercano\/#primaryimage\"},\"image\":{\"@id\":\"https:\/\/exceladvisor.org\/es\/redondear-al-millar-mas-cercano\/#primaryimage\"},\"thumbnailUrl\":\"https:\/\/exceladvisor.org\/wp-content\/uploads\/2023\/08\/1-cellule-avec-valeur-numerique.png\",\"datePublished\":\"2023-11-06T23:37:18+00:00\",\"dateModified\":\"2023-12-25T10:26:54+00:00\",\"breadcrumb\":{\"@id\":\"https:\/\/exceladvisor.org\/es\/redondear-al-millar-mas-cercano\/#breadcrumb\"},\"inLanguage\":\"es\",\"potentialAction\":[{\"@type\":\"ReadAction\",\"target\":[\"https:\/\/exceladvisor.org\/es\/redondear-al-millar-mas-cercano\/\"]}]},{\"@type\":\"ImageObject\",\"inLanguage\":\"es\",\"@id\":\"https:\/\/exceladvisor.org\/es\/redondear-al-millar-mas-cercano\/#primaryimage\",\"url\":\"https:\/\/exceladvisor.org\/wp-content\/uploads\/2023\/08\/1-cellule-avec-valeur-numerique.png\",\"contentUrl\":\"https:\/\/exceladvisor.org\/wp-content\/uploads\/2023\/08\/1-cellule-avec-valeur-numerique.png\"},{\"@type\":\"BreadcrumbList\",\"@id\":\"https:\/\/exceladvisor.org\/es\/redondear-al-millar-mas-cercano\/#breadcrumb\",\"itemListElement\":[{\"@type\":\"ListItem\",\"position\":1,\"name\":\"Hogar\",\"item\":\"https:\/\/exceladvisor.org\/es\/\"},{\"@type\":\"ListItem\",\"position\":2,\"name\":\"\u00bfc\u00f3mo redondear un n\u00famero a la centena y a la decena m\u00e1s cercanas?\"}]},{\"@type\":\"WebSite\",\"@id\":\"https:\/\/exceladvisor.org\/es\/#website\",\"url\":\"https:\/\/exceladvisor.org\/es\/\",\"name\":\"Excel Advisor\",\"description\":\"Su gu\u00eda para la dominaci\u00f3n de datos!\",\"publisher\":{\"@id\":\"https:\/\/exceladvisor.org\/es\/#organization\"},\"potentialAction\":[{\"@type\":\"SearchAction\",\"target\":{\"@type\":\"EntryPoint\",\"urlTemplate\":\"https:\/\/exceladvisor.org\/es\/?s={search_term_string}\"},\"query-input\":{\"@type\":\"PropertyValueSpecification\",\"valueRequired\":true,\"valueName\":\"search_term_string\"}}],\"inLanguage\":\"es\"},{\"@type\":\"Organization\",\"@id\":\"https:\/\/exceladvisor.org\/es\/#organization\",\"name\":\"Excel Advisor\",\"url\":\"https:\/\/exceladvisor.org\/es\/\",\"logo\":{\"@type\":\"ImageObject\",\"inLanguage\":\"es\",\"@id\":\"https:\/\/exceladvisor.org\/es\/#\/schema\/logo\/image\/\",\"url\":\"https:\/\/exceladvisor.org\/es\/wp-content\/uploads\/2023\/12\/exceladvisor.org_.png\",\"contentUrl\":\"https:\/\/exceladvisor.org\/es\/wp-content\/uploads\/2023\/12\/exceladvisor.org_.png\",\"width\":105,\"height\":36,\"caption\":\"Excel Advisor\"},\"image\":{\"@id\":\"https:\/\/exceladvisor.org\/es\/#\/schema\/logo\/image\/\"}}]}<\/script>\n<!-- \/ Yoast SEO plugin. -->","yoast_head_json":{"title":"\u00bfc\u00f3mo redondear un n\u00famero a la centena y a la decena m\u00e1s cercanas?","robots":{"index":"index","follow":"follow","max-snippet":"max-snippet:-1","max-image-preview":"max-image-preview:large","max-video-preview":"max-video-preview:-1"},"canonical":"https:\/\/exceladvisor.org\/es\/redondear-al-millar-mas-cercano\/","og_locale":"es_ES","og_type":"article","og_title":"\u00bfc\u00f3mo redondear un n\u00famero a la centena y a la decena m\u00e1s cercanas?","og_description":"Si eres de esas personas que trabajan con datos estad\u00edsticos o analizan muchos datos, esta f\u00f3rmula podr\u00eda resultarte \u00fatil de muchas maneras. Aqu\u00ed aprenderemos c\u00f3mo redondear un n\u00famero al 1000, 100 y 10 m\u00e1s cercano. Redondear un n\u00famero al millar m\u00e1s cercano En Excel, existe una funci\u00f3n llamada REDONDEAR que puedes usar para redondear un [&hellip;]","og_url":"https:\/\/exceladvisor.org\/es\/redondear-al-millar-mas-cercano\/","og_site_name":"Excel Advisor","article_modified_time":"2023-12-25T10:26:54+00:00","og_image":[{"url":"https:\/\/exceladvisor.org\/wp-content\/uploads\/2023\/08\/1-cellule-avec-valeur-numerique.png","type":"","width":"","height":""}],"twitter_card":"summary_large_image","twitter_misc":{"Tiempo de lectura":"2 minutos"},"schema":{"@context":"https:\/\/schema.org","@graph":[{"@type":"WebPage","@id":"https:\/\/exceladvisor.org\/es\/redondear-al-millar-mas-cercano\/","url":"https:\/\/exceladvisor.org\/es\/redondear-al-millar-mas-cercano\/","name":"\u00bfc\u00f3mo redondear un n\u00famero a la centena y a la decena m\u00e1s cercanas?","isPartOf":{"@id":"https:\/\/exceladvisor.org\/es\/#website"},"primaryImageOfPage":{"@id":"https:\/\/exceladvisor.org\/es\/redondear-al-millar-mas-cercano\/#primaryimage"},"image":{"@id":"https:\/\/exceladvisor.org\/es\/redondear-al-millar-mas-cercano\/#primaryimage"},"thumbnailUrl":"https:\/\/exceladvisor.org\/wp-content\/uploads\/2023\/08\/1-cellule-avec-valeur-numerique.png","datePublished":"2023-11-06T23:37:18+00:00","dateModified":"2023-12-25T10:26:54+00:00","breadcrumb":{"@id":"https:\/\/exceladvisor.org\/es\/redondear-al-millar-mas-cercano\/#breadcrumb"},"inLanguage":"es","potentialAction":[{"@type":"ReadAction","target":["https:\/\/exceladvisor.org\/es\/redondear-al-millar-mas-cercano\/"]}]},{"@type":"ImageObject","inLanguage":"es","@id":"https:\/\/exceladvisor.org\/es\/redondear-al-millar-mas-cercano\/#primaryimage","url":"https:\/\/exceladvisor.org\/wp-content\/uploads\/2023\/08\/1-cellule-avec-valeur-numerique.png","contentUrl":"https:\/\/exceladvisor.org\/wp-content\/uploads\/2023\/08\/1-cellule-avec-valeur-numerique.png"},{"@type":"BreadcrumbList","@id":"https:\/\/exceladvisor.org\/es\/redondear-al-millar-mas-cercano\/#breadcrumb","itemListElement":[{"@type":"ListItem","position":1,"name":"Hogar","item":"https:\/\/exceladvisor.org\/es\/"},{"@type":"ListItem","position":2,"name":"\u00bfc\u00f3mo redondear un n\u00famero a la centena y a la decena m\u00e1s cercanas?"}]},{"@type":"WebSite","@id":"https:\/\/exceladvisor.org\/es\/#website","url":"https:\/\/exceladvisor.org\/es\/","name":"Excel Advisor","description":"Su gu\u00eda para la dominaci\u00f3n de datos!","publisher":{"@id":"https:\/\/exceladvisor.org\/es\/#organization"},"potentialAction":[{"@type":"SearchAction","target":{"@type":"EntryPoint","urlTemplate":"https:\/\/exceladvisor.org\/es\/?s={search_term_string}"},"query-input":{"@type":"PropertyValueSpecification","valueRequired":true,"valueName":"search_term_string"}}],"inLanguage":"es"},{"@type":"Organization","@id":"https:\/\/exceladvisor.org\/es\/#organization","name":"Excel Advisor","url":"https:\/\/exceladvisor.org\/es\/","logo":{"@type":"ImageObject","inLanguage":"es","@id":"https:\/\/exceladvisor.org\/es\/#\/schema\/logo\/image\/","url":"https:\/\/exceladvisor.org\/es\/wp-content\/uploads\/2023\/12\/exceladvisor.org_.png","contentUrl":"https:\/\/exceladvisor.org\/es\/wp-content\/uploads\/2023\/12\/exceladvisor.org_.png","width":105,"height":36,"caption":"Excel Advisor"},"image":{"@id":"https:\/\/exceladvisor.org\/es\/#\/schema\/logo\/image\/"}}]}},"yoast_meta":{"yoast_wpseo_title":"","yoast_wpseo_metadesc":"","yoast_wpseo_canonical":""},"_links":{"self":[{"href":"https:\/\/exceladvisor.org\/es\/wp-json\/wp\/v2\/pages\/282","targetHints":{"allow":["GET"]}}],"collection":[{"href":"https:\/\/exceladvisor.org\/es\/wp-json\/wp\/v2\/pages"}],"about":[{"href":"https:\/\/exceladvisor.org\/es\/wp-json\/wp\/v2\/types\/page"}],"author":[{"embeddable":true,"href":"https:\/\/exceladvisor.org\/es\/wp-json\/wp\/v2\/users\/1"}],"replies":[{"embeddable":true,"href":"https:\/\/exceladvisor.org\/es\/wp-json\/wp\/v2\/comments?post=282"}],"version-history":[{"count":1,"href":"https:\/\/exceladvisor.org\/es\/wp-json\/wp\/v2\/pages\/282\/revisions"}],"predecessor-version":[{"id":1168,"href":"https:\/\/exceladvisor.org\/es\/wp-json\/wp\/v2\/pages\/282\/revisions\/1168"}],"wp:attachment":[{"href":"https:\/\/exceladvisor.org\/es\/wp-json\/wp\/v2\/media?parent=282"}],"curies":[{"name":"wp","href":"https:\/\/api.w.org\/{rel}","templated":true}]}}