{"id":283,"date":"2023-11-06T23:16:52","date_gmt":"2023-11-06T23:16:52","guid":{"rendered":"https:\/\/exceladvisor.org\/es\/ignorar-errores\/"},"modified":"2023-12-25T10:25:40","modified_gmt":"2023-12-25T10:25:40","slug":"ignorar-errores","status":"publish","type":"page","link":"https:\/\/exceladvisor.org\/es\/ignorar-errores\/","title":{"rendered":"\u00bfc\u00f3mo ignorar todos los errores en excel?"},"content":{"rendered":"<div class=\"excel-antes-del-contenido\" id=\"excel-588628950\"><script type=\"text\/javascript\">\r\n\tatOptions = {\r\n\t\t'key' : 'c1158f160081d6540a8409e6925dab94',\r\n\t\t'format' : 'iframe',\r\n\t\t'height' : 250,\r\n\t\t'width' : 300,\r\n\t\t'params' : {}\r\n\t};\r\n<\/script>\r\n<script type=\"text\/javascript\" src=\"\/\/www.highperformanceformat.com\/c1158f160081d6540a8409e6925dab94\/invoke.js\"><\/script><\/div><p>En Excel, para ignorar cualquier error que obtenga al usar f\u00f3rmulas, puede usar una funci\u00f3n de manejo de errores. Puede ajustar su f\u00f3rmula original con una funci\u00f3n de manejo de errores que muestra un resultado significativo cuando ocurre un error. Aparte de esto, tambi\u00e9n puedes <strong>usar la opci\u00f3n Ignorar el error<\/strong> que tienes en Excel. <\/p>\n<div class=\"wp-block-image\">\n<figure class=\"aligncenter size-full is-resized\"><img loading=\"lazy\" decoding=\"async\" class=\"wp-image-72420\" src=\"https:\/\/exceladvisor.org\/wp-content\/uploads\/2023\/08\/1-ignorer-toutes-les-erreurs.png\" sizes=\"auto, \" srcset=\"\" alt=\"ignorar todos los errores\" width=\"669\" height=\"300\"><\/figure>\n<\/div>\n<p> En este tutorial veremos todos los m\u00e9todos que podemos utilizar.<\/p>\n<h2 class=\"wp-block-heading\"> Utilice IFERROR para ignorar errores y reemplazarlos con un mensaje significativo<\/h2>\n<p> La mejor manera de manejar los errores es utilizar la funci\u00f3n SI.ERROR. En esta funci\u00f3n tienes dos argumentos para definir. El primero es el valor real que necesita para comprobar si hay errores y luego el valor que desea obtener si ocurre un error. <\/p>\n<div class=\"wp-block-image\">\n<figure class=\"aligncenter size-full is-resized\"><img loading=\"lazy\" decoding=\"async\" class=\"wp-image-72421\" src=\"https:\/\/exceladvisor.org\/wp-content\/uploads\/2023\/08\/2-iferror-pour-ignorer-les-erreurs-de-remplacement.png\" sizes=\"auto, \" srcset=\"\" alt=\"iferror-para-ignorar-reemplazar-errores\" width=\"515\" height=\"292\"><\/figure>\n<\/div>\n<p> En el siguiente ejemplo, puede ver que usamos la misma f\u00f3rmula, pero la envolvimos en IFERROR y devolvi\u00f3 el valor que establecimos. <\/p>\n<div class=\"wp-block-image\">\n<figure class=\"aligncenter size-full is-resized\"><img loading=\"lazy\" decoding=\"async\" class=\"wp-image-72422\" src=\"https:\/\/exceladvisor.org\/wp-content\/uploads\/2023\/08\/3-iferror-pour-remplacer-toutes-les-erreurs.png\" sizes=\"auto, \" srcset=\"\" alt=\"iferror-para-reemplazar-todos-los-errores\" width=\"629\" height=\"282\"><\/figure>\n<\/div>\n<pre class=\"wp-block-code\"> <code class=\"language-excel-formula\" lang=\"excel-formula\">=IFERROR(1\/0,\"There's an error.\")<\/code><\/pre>\n<h2 class=\"wp-block-heading\"> Funci\u00f3n IFNA para ignorar el error #N\/A<\/h2>\n<p> Si desea ignorar espec\u00edficamente el error #N\/A y reemplazarlo con un mensaje significativo, puede usar la funci\u00f3n IFNA que solo procesa el #N\/A. Esta funci\u00f3n tambi\u00e9n tiene dos argumentos que debes definir.<\/p>\n<p> Como puedes ver en el siguiente ejemplo, tenemos el error en la celda D1 que proviene de la funci\u00f3n BUSCARV. <\/p>\n<div class=\"wp-block-image\">\n<figure class=\"aligncenter size-full is-resized\"><img loading=\"lazy\" decoding=\"async\" class=\"wp-image-72423\" src=\"https:\/\/exceladvisor.org\/wp-content\/uploads\/2023\/08\/4-ignorer-aucune-erreur.png\" sizes=\"auto, \" srcset=\"\" alt=\"ignorar-#na-error\" width=\"417\" height=\"330\"><\/figure>\n<\/div>\n<p> Ahora, para solucionar este error, puede usar IFNA (tambi\u00e9n puede usar <a href=\"https:\/\/exceladvisor.org\/es\/si-error-busqueda-virtual\/\">IFERROR con BUSCARV<\/a> , pero usaremos IFNA aqu\u00ed). <\/p>\n<div class=\"wp-block-image\">\n<figure class=\"aligncenter size-full is-resized\"><img loading=\"lazy\" decoding=\"async\" class=\"wp-image-72424\" src=\"https:\/\/exceladvisor.org\/wp-content\/uploads\/2023\/08\/5-ifna-pour-ignorer-aucune-erreur.png\" sizes=\"auto, \" srcset=\"\" alt=\"ifna-para-ignorar-#na-error\" width=\"586\" height=\"326\"><\/figure>\n<\/div>\n<pre class=\"wp-block-code\"> <code class=\"language-excel-formula\" lang=\"excel-formula\">=IFNA(VLOOKUP(\"E\",A1:B5,2,0),\"Value is available.\")<\/code><\/pre>\n<h2 class=\"wp-block-heading\"> Ignorar error de opciones<\/h2>\n<p> Cuando recibe un error en una celda, Excel le ofrece una opci\u00f3n con esa celda donde puede usar la opci\u00f3n \u00abIgnorar error\u00bb. Como puedes ver en el siguiente ejemplo, \u00a1tienes un #DIV\/0! error en la celda A1. <\/p>\n<div class=\"wp-block-image\">\n<figure class=\"aligncenter size-full is-resized\"><img loading=\"lazy\" decoding=\"async\" class=\"wp-image-72425\" src=\"https:\/\/exceladvisor.org\/wp-content\/uploads\/2023\/08\/6-ignorer-lerreur-des-options.png\" sizes=\"auto, \" srcset=\"\" alt=\"ignorar-opciones-error\" width=\"350\" height=\"272\"><\/figure>\n<\/div>\n<p> Ahora, con la celda A1, tiene un peque\u00f1o \u00edcono en el lado derecho, y cuando hace clic en este \u00edcono, le brinda una lista de opciones. Y entre estas opciones, puedes seleccionar la opci\u00f3n \u201cIgnorar error\u201d. <\/p>\n<div class=\"wp-block-image\">\n<figure class=\"aligncenter size-full is-resized\"><img loading=\"lazy\" decoding=\"async\" class=\"wp-image-72426\" src=\"https:\/\/exceladvisor.org\/wp-content\/uploads\/2023\/08\/7-ignorer-les-options-derreur.png\" sizes=\"auto, \" srcset=\"\" alt=\"ignorar las opciones de error\" width=\"340\" height=\"375\"><\/figure>\n<\/div>\n<p> Y una vez que haces clic en esta opci\u00f3n, Excel deja de marcar esa celda como una celda de error. <\/p>\n<div class=\"wp-block-image\">\n<figure class=\"aligncenter size-full is-resized\"><img loading=\"lazy\" decoding=\"async\" class=\"wp-image-72427\" src=\"https:\/\/exceladvisor.org\/wp-content\/uploads\/2023\/08\/8-erreurs-de-cellule-darret.png\" sizes=\"auto, \" srcset=\"\" alt=\"error de parada de fabricaci\u00f3n de c\u00e9lulas\" width=\"381\" height=\"316\"><\/figure>\n<\/div>\n<h2 class=\"wp-block-heading\"> Activar\/desactivar opciones de comprobaci\u00f3n de errores<\/h2>\n<p> Aparte de esto, puede utilizar las opciones de comprobaci\u00f3n de errores de Opciones de Excel para solucionar errores en Excel e ignorarlos. <\/p>\n<div class=\"wp-block-image\">\n<figure class=\"aligncenter size-full is-resized\"><img loading=\"lazy\" decoding=\"async\" class=\"wp-image-72428\" src=\"https:\/\/exceladvisor.org\/wp-content\/uploads\/2023\/08\/9-option-de-verification-des-erreurs.png\" sizes=\"auto, \" srcset=\"\" alt=\"opci\u00f3n de comprobaci\u00f3n de errores\" width=\"409\" height=\"380\"><\/figure>\n<\/div>\n<p> Cuando hace clic en \u00abOpciones de verificaci\u00f3n de errores\u00bb, aparece el cuadro de di\u00e1logo Opciones de Excel, desde donde puede habilitar y deshabilitar las opciones de verificaci\u00f3n de errores. <\/p>\n<div class=\"wp-block-image\">\n<figure class=\"aligncenter size-full is-resized\"><img loading=\"lazy\" decoding=\"async\" class=\"wp-image-72429\" src=\"https:\/\/exceladvisor.org\/wp-content\/uploads\/2023\/08\/10-decochez-activer-la-verification-des-erreurs-en-arriere-plan.png\" sizes=\"auto, \" srcset=\"\" alt=\"desmarcar-habilitar-comprobaci\u00f3n-de-errores-en-fondo\" width=\"718\" height=\"400\"><\/figure>\n<\/div>\n<p> De estas opciones, <strong>debe desmarcar \u00abHabilitar verificaci\u00f3n de errores en segundo plano<\/strong> \u00bb para deshabilitar las opciones de verificaci\u00f3n de errores. En el momento en que haga esto, deshabilitar\u00e1 la verificaci\u00f3n de errores para toda la aplicaci\u00f3n Excel. <\/p>\n<div class=\"gb-container gb-container-52dfcee1 gb-container-sample-file\">\n<h2 class=\"gb-headline gb-headline-e289c143 gb-headline-text gb-headline-4f7959c2\"> Obtener el archivo Excel<\/h2>\n<p> <a class=\"gb-button gb-button-e88d6bee gb-button-text gb-button-button1\" href=\"https:\/\/exceladvisor.org\/wp-content\/uploads\/2023\/08\/ignorer-toutes-les-erreurs.xlsx\" rel=\"nofollow\">Descargar<\/a><\/div>\n<div class=\"gb-container gb-container-0df56012 gb-container-mt\"> <a class=\"gb-button gb-button-f9f432f4 gb-button-text gb-button-mt-button\" href=\"https:\/\/exceladvisor.org\/es\/formulas\/\">Lista de f\u00f3rmulas de Excel<\/a><\/p>\n<h2 class=\"gb-headline gb-headline-233444e8 gb-headline-text gb-headline-mt-heading\"> F\u00f3rmulas relacionadas <\/h2>\n<div class=\"gb-grid-wrapper gb-grid-wrapper-a16fa65c gb-grid-wrapper-mt-grid\">\n<div class=\"gb-grid-column gb-grid-column-50d07e0d\">\n<div class=\"gb-container gb-container-50d07e0d\">\n<ul>\n<li> <a href=\"https:\/\/exceladvisor.org\/es\/error-de-division\/\">Error #DIV\/0<\/a><\/li>\n<li> <a href=\"https:\/\/exceladvisor.org\/es\/error-de-derrame\/\">#\u00a1DESPARRAMAR! Error<\/a><\/li>\n<li> <a href=\"https:\/\/exceladvisor.org\/es\/error-de-valor\/\">#VALORError<\/a><\/li>\n<li> <a href=\"https:\/\/exceladvisor.org\/es\/sin-error\/\">#N\/A Error en Excel<\/a><\/li>\n<li> <a href=\"https:\/\/exceladvisor.org\/es\/error-de-referencia\/\">#\u00a1\u00c1RBITRO! error en excel<\/a> <\/li>\n<\/ul>\n<\/div>\n<\/div>\n<div class=\"gb-grid-column gb-grid-column-5b4a0cf9\">\n<div class=\"gb-container gb-container-5b4a0cf9\"><\/div>\n<\/div>\n<\/div>\n<\/div>\n","protected":false},"excerpt":{"rendered":"<p>En Excel, para ignorar cualquier error que obtenga al usar f\u00f3rmulas, puede usar una funci\u00f3n de manejo de errores. Puede ajustar su f\u00f3rmula original con una funci\u00f3n de manejo de errores que muestra un resultado significativo cuando ocurre un error. Aparte de esto, tambi\u00e9n puedes usar la opci\u00f3n Ignorar el error que tienes en Excel. [&hellip;]<\/p>\n","protected":false},"author":1,"featured_media":0,"parent":0,"menu_order":0,"comment_status":"open","ping_status":"closed","template":"","meta":{"ub_ctt_via":"","footnotes":""},"class_list":["post-283","page","type-page","status-publish","hentry"],"featured_image_src":null,"yoast_head":"<!-- This site is optimized with the Yoast SEO plugin v25.4 - https:\/\/yoast.com\/wordpress\/plugins\/seo\/ -->\n<title>\u00bfc\u00f3mo ignorar todos los errores en excel?<\/title>\n<meta name=\"robots\" content=\"index, follow, max-snippet:-1, max-image-preview:large, max-video-preview:-1\" \/>\n<link rel=\"canonical\" href=\"https:\/\/exceladvisor.org\/es\/ignorar-errores\/\" \/>\n<meta property=\"og:locale\" content=\"es_ES\" \/>\n<meta property=\"og:type\" content=\"article\" \/>\n<meta property=\"og:title\" content=\"\u00bfc\u00f3mo ignorar todos los errores en excel?\" \/>\n<meta property=\"og:description\" content=\"En Excel, para ignorar cualquier error que obtenga al usar f\u00f3rmulas, puede usar una funci\u00f3n de manejo de errores. Puede ajustar su f\u00f3rmula original con una funci\u00f3n de manejo de errores que muestra un resultado significativo cuando ocurre un error. Aparte de esto, tambi\u00e9n puedes usar la opci\u00f3n Ignorar el error que tienes en Excel. [&hellip;]\" \/>\n<meta property=\"og:url\" content=\"https:\/\/exceladvisor.org\/es\/ignorar-errores\/\" \/>\n<meta property=\"og:site_name\" content=\"Excel Advisor\" \/>\n<meta property=\"article:modified_time\" content=\"2023-12-25T10:25:40+00:00\" \/>\n<meta property=\"og:image\" content=\"https:\/\/exceladvisor.org\/wp-content\/uploads\/2023\/08\/1-ignorer-toutes-les-erreurs.png\" \/>\n<meta name=\"twitter:card\" content=\"summary_large_image\" \/>\n<meta name=\"twitter:label1\" content=\"Tiempo de lectura\" \/>\n\t<meta name=\"twitter:data1\" content=\"2 minutos\" \/>\n<script type=\"application\/ld+json\" class=\"yoast-schema-graph\">{\"@context\":\"https:\/\/schema.org\",\"@graph\":[{\"@type\":\"WebPage\",\"@id\":\"https:\/\/exceladvisor.org\/es\/ignorar-errores\/\",\"url\":\"https:\/\/exceladvisor.org\/es\/ignorar-errores\/\",\"name\":\"\u00bfc\u00f3mo ignorar todos los errores en excel?\",\"isPartOf\":{\"@id\":\"https:\/\/exceladvisor.org\/es\/#website\"},\"primaryImageOfPage\":{\"@id\":\"https:\/\/exceladvisor.org\/es\/ignorar-errores\/#primaryimage\"},\"image\":{\"@id\":\"https:\/\/exceladvisor.org\/es\/ignorar-errores\/#primaryimage\"},\"thumbnailUrl\":\"https:\/\/exceladvisor.org\/wp-content\/uploads\/2023\/08\/1-ignorer-toutes-les-erreurs.png\",\"datePublished\":\"2023-11-06T23:16:52+00:00\",\"dateModified\":\"2023-12-25T10:25:40+00:00\",\"breadcrumb\":{\"@id\":\"https:\/\/exceladvisor.org\/es\/ignorar-errores\/#breadcrumb\"},\"inLanguage\":\"es\",\"potentialAction\":[{\"@type\":\"ReadAction\",\"target\":[\"https:\/\/exceladvisor.org\/es\/ignorar-errores\/\"]}]},{\"@type\":\"ImageObject\",\"inLanguage\":\"es\",\"@id\":\"https:\/\/exceladvisor.org\/es\/ignorar-errores\/#primaryimage\",\"url\":\"https:\/\/exceladvisor.org\/wp-content\/uploads\/2023\/08\/1-ignorer-toutes-les-erreurs.png\",\"contentUrl\":\"https:\/\/exceladvisor.org\/wp-content\/uploads\/2023\/08\/1-ignorer-toutes-les-erreurs.png\"},{\"@type\":\"BreadcrumbList\",\"@id\":\"https:\/\/exceladvisor.org\/es\/ignorar-errores\/#breadcrumb\",\"itemListElement\":[{\"@type\":\"ListItem\",\"position\":1,\"name\":\"Hogar\",\"item\":\"https:\/\/exceladvisor.org\/es\/\"},{\"@type\":\"ListItem\",\"position\":2,\"name\":\"\u00bfc\u00f3mo ignorar todos los errores en excel?\"}]},{\"@type\":\"WebSite\",\"@id\":\"https:\/\/exceladvisor.org\/es\/#website\",\"url\":\"https:\/\/exceladvisor.org\/es\/\",\"name\":\"Excel Advisor\",\"description\":\"Su gu\u00eda para la dominaci\u00f3n de datos!\",\"publisher\":{\"@id\":\"https:\/\/exceladvisor.org\/es\/#organization\"},\"potentialAction\":[{\"@type\":\"SearchAction\",\"target\":{\"@type\":\"EntryPoint\",\"urlTemplate\":\"https:\/\/exceladvisor.org\/es\/?s={search_term_string}\"},\"query-input\":{\"@type\":\"PropertyValueSpecification\",\"valueRequired\":true,\"valueName\":\"search_term_string\"}}],\"inLanguage\":\"es\"},{\"@type\":\"Organization\",\"@id\":\"https:\/\/exceladvisor.org\/es\/#organization\",\"name\":\"Excel Advisor\",\"url\":\"https:\/\/exceladvisor.org\/es\/\",\"logo\":{\"@type\":\"ImageObject\",\"inLanguage\":\"es\",\"@id\":\"https:\/\/exceladvisor.org\/es\/#\/schema\/logo\/image\/\",\"url\":\"https:\/\/exceladvisor.org\/es\/wp-content\/uploads\/2023\/12\/exceladvisor.org_.png\",\"contentUrl\":\"https:\/\/exceladvisor.org\/es\/wp-content\/uploads\/2023\/12\/exceladvisor.org_.png\",\"width\":105,\"height\":36,\"caption\":\"Excel Advisor\"},\"image\":{\"@id\":\"https:\/\/exceladvisor.org\/es\/#\/schema\/logo\/image\/\"}}]}<\/script>\n<!-- \/ Yoast SEO plugin. -->","yoast_head_json":{"title":"\u00bfc\u00f3mo ignorar todos los errores en excel?","robots":{"index":"index","follow":"follow","max-snippet":"max-snippet:-1","max-image-preview":"max-image-preview:large","max-video-preview":"max-video-preview:-1"},"canonical":"https:\/\/exceladvisor.org\/es\/ignorar-errores\/","og_locale":"es_ES","og_type":"article","og_title":"\u00bfc\u00f3mo ignorar todos los errores en excel?","og_description":"En Excel, para ignorar cualquier error que obtenga al usar f\u00f3rmulas, puede usar una funci\u00f3n de manejo de errores. Puede ajustar su f\u00f3rmula original con una funci\u00f3n de manejo de errores que muestra un resultado significativo cuando ocurre un error. Aparte de esto, tambi\u00e9n puedes usar la opci\u00f3n Ignorar el error que tienes en Excel. [&hellip;]","og_url":"https:\/\/exceladvisor.org\/es\/ignorar-errores\/","og_site_name":"Excel Advisor","article_modified_time":"2023-12-25T10:25:40+00:00","og_image":[{"url":"https:\/\/exceladvisor.org\/wp-content\/uploads\/2023\/08\/1-ignorer-toutes-les-erreurs.png","type":"","width":"","height":""}],"twitter_card":"summary_large_image","twitter_misc":{"Tiempo de lectura":"2 minutos"},"schema":{"@context":"https:\/\/schema.org","@graph":[{"@type":"WebPage","@id":"https:\/\/exceladvisor.org\/es\/ignorar-errores\/","url":"https:\/\/exceladvisor.org\/es\/ignorar-errores\/","name":"\u00bfc\u00f3mo ignorar todos los errores en excel?","isPartOf":{"@id":"https:\/\/exceladvisor.org\/es\/#website"},"primaryImageOfPage":{"@id":"https:\/\/exceladvisor.org\/es\/ignorar-errores\/#primaryimage"},"image":{"@id":"https:\/\/exceladvisor.org\/es\/ignorar-errores\/#primaryimage"},"thumbnailUrl":"https:\/\/exceladvisor.org\/wp-content\/uploads\/2023\/08\/1-ignorer-toutes-les-erreurs.png","datePublished":"2023-11-06T23:16:52+00:00","dateModified":"2023-12-25T10:25:40+00:00","breadcrumb":{"@id":"https:\/\/exceladvisor.org\/es\/ignorar-errores\/#breadcrumb"},"inLanguage":"es","potentialAction":[{"@type":"ReadAction","target":["https:\/\/exceladvisor.org\/es\/ignorar-errores\/"]}]},{"@type":"ImageObject","inLanguage":"es","@id":"https:\/\/exceladvisor.org\/es\/ignorar-errores\/#primaryimage","url":"https:\/\/exceladvisor.org\/wp-content\/uploads\/2023\/08\/1-ignorer-toutes-les-erreurs.png","contentUrl":"https:\/\/exceladvisor.org\/wp-content\/uploads\/2023\/08\/1-ignorer-toutes-les-erreurs.png"},{"@type":"BreadcrumbList","@id":"https:\/\/exceladvisor.org\/es\/ignorar-errores\/#breadcrumb","itemListElement":[{"@type":"ListItem","position":1,"name":"Hogar","item":"https:\/\/exceladvisor.org\/es\/"},{"@type":"ListItem","position":2,"name":"\u00bfc\u00f3mo ignorar todos los errores en excel?"}]},{"@type":"WebSite","@id":"https:\/\/exceladvisor.org\/es\/#website","url":"https:\/\/exceladvisor.org\/es\/","name":"Excel Advisor","description":"Su gu\u00eda para la dominaci\u00f3n de datos!","publisher":{"@id":"https:\/\/exceladvisor.org\/es\/#organization"},"potentialAction":[{"@type":"SearchAction","target":{"@type":"EntryPoint","urlTemplate":"https:\/\/exceladvisor.org\/es\/?s={search_term_string}"},"query-input":{"@type":"PropertyValueSpecification","valueRequired":true,"valueName":"search_term_string"}}],"inLanguage":"es"},{"@type":"Organization","@id":"https:\/\/exceladvisor.org\/es\/#organization","name":"Excel Advisor","url":"https:\/\/exceladvisor.org\/es\/","logo":{"@type":"ImageObject","inLanguage":"es","@id":"https:\/\/exceladvisor.org\/es\/#\/schema\/logo\/image\/","url":"https:\/\/exceladvisor.org\/es\/wp-content\/uploads\/2023\/12\/exceladvisor.org_.png","contentUrl":"https:\/\/exceladvisor.org\/es\/wp-content\/uploads\/2023\/12\/exceladvisor.org_.png","width":105,"height":36,"caption":"Excel Advisor"},"image":{"@id":"https:\/\/exceladvisor.org\/es\/#\/schema\/logo\/image\/"}}]}},"yoast_meta":{"yoast_wpseo_title":"","yoast_wpseo_metadesc":"","yoast_wpseo_canonical":""},"_links":{"self":[{"href":"https:\/\/exceladvisor.org\/es\/wp-json\/wp\/v2\/pages\/283","targetHints":{"allow":["GET"]}}],"collection":[{"href":"https:\/\/exceladvisor.org\/es\/wp-json\/wp\/v2\/pages"}],"about":[{"href":"https:\/\/exceladvisor.org\/es\/wp-json\/wp\/v2\/types\/page"}],"author":[{"embeddable":true,"href":"https:\/\/exceladvisor.org\/es\/wp-json\/wp\/v2\/users\/1"}],"replies":[{"embeddable":true,"href":"https:\/\/exceladvisor.org\/es\/wp-json\/wp\/v2\/comments?post=283"}],"version-history":[{"count":1,"href":"https:\/\/exceladvisor.org\/es\/wp-json\/wp\/v2\/pages\/283\/revisions"}],"predecessor-version":[{"id":1093,"href":"https:\/\/exceladvisor.org\/es\/wp-json\/wp\/v2\/pages\/283\/revisions\/1093"}],"wp:attachment":[{"href":"https:\/\/exceladvisor.org\/es\/wp-json\/wp\/v2\/media?parent=283"}],"curies":[{"name":"wp","href":"https:\/\/api.w.org\/{rel}","templated":true}]}}