{"id":284,"date":"2023-11-06T22:52:07","date_gmt":"2023-11-06T22:52:07","guid":{"rendered":"https:\/\/exceladvisor.org\/es\/error-de-derrame\/"},"modified":"2023-12-25T10:22:32","modified_gmt":"2023-12-25T10:22:32","slug":"error-de-derrame","status":"publish","type":"page","link":"https:\/\/exceladvisor.org\/es\/error-de-derrame\/","title":{"rendered":"\u00a1c\u00f3mo solucionar #difusi\u00f3n! \u00bferror en excel?"},"content":{"rendered":"<div class=\"excel-antes-del-contenido\" id=\"excel-612254176\"><script type=\"text\/javascript\">\r\n\tatOptions = {\r\n\t\t'key' : 'c1158f160081d6540a8409e6925dab94',\r\n\t\t'format' : 'iframe',\r\n\t\t'height' : 250,\r\n\t\t'width' : 300,\r\n\t\t'params' : {}\r\n\t};\r\n<\/script>\r\n<script type=\"text\/javascript\" src=\"\/\/www.highperformanceformat.com\/c1158f160081d6540a8409e6925dab94\/invoke.js\"><\/script><\/div><h2 id=\"h-spill-range-is-not-blank\" class=\"wp-block-heading\">El rango de derrame no est\u00e1 vac\u00edo<\/h2>\n<p> En Excel obtendr\u00e1s el #DERRAME! error cuando usas una funci\u00f3n din\u00e1mica que devuelve el resultado en un rango de varias celdas, pero ese rango ya contiene valores, y ahora esta funci\u00f3n din\u00e1mica no puede sobrescribir los valores para devolver el resultado en ese rango. Ahora, para obtener el resultado, debe borrar los valores del rango. <\/p>\n<div class=\"wp-block-image\">\n<figure class=\"aligncenter size-full is-resized\"><img loading=\"lazy\" decoding=\"async\" class=\"wp-image-72518\" src=\"https:\/\/exceladvisor.org\/wp-content\/uploads\/2023\/08\/1-plage-de-deversement.png\" sizes=\"auto, \" srcset=\"\" alt=\"rango de descarga\" width=\"462\" height=\"317\"><\/figure>\n<\/div>\n<p> En el ejemplo anterior, puede ver que estamos usando la funci\u00f3n RANDARRAY que devuelve valores aleatorios en un rango espec\u00edfico de celdas que usted define. Y en la funci\u00f3n, defino cinco filas y cinco columnas para los valores del resultado, que es el rango A1:E5.<\/p>\n<p> Ahora, como pueden ver en la celda B3, ya tengo un valor all\u00ed y esa es la raz\u00f3n por la cual esta f\u00f3rmula din\u00e1mica no puede expandir su resultado y devuelve el mensaje #SPILL! Error. <\/p>\n<div class=\"wp-block-image\">\n<figure class=\"aligncenter size-full is-resized\"><img loading=\"lazy\" decoding=\"async\" class=\"wp-image-72519\" src=\"https:\/\/exceladvisor.org\/wp-content\/uploads\/2023\/08\/2-valeur-dans-la-plage-de-deversement.png\" sizes=\"auto, \" srcset=\"\" alt=\"rango de valores de derrame\" width=\"395\" height=\"414\"><\/figure>\n<\/div>\n<p> Para resolver este problema, debe eliminar el valor de la celda B3 y la funci\u00f3n din\u00e1mica (RANDARRAY) se expande y devuelve el resultado en el rango A1:E5, que es de cinco filas y cinco columnas.<\/p>\n<h2 id=\"h-spill-range-error-in-a-table\" class=\"wp-block-heading\"> Error de rango de derrame en una matriz<\/h2>\n<p> Si est\u00e1 utilizando matrices din\u00e1micas, en este caso existe la posibilidad de que obtenga el mensaje #SPILL. error. La raz\u00f3n es que <strong><mark class=\"has-inline-color\" style=\"background-color: #fdde6c;\">las tablas a\u00fan no admiten f\u00f3rmulas din\u00e1micas<\/mark><\/strong> . <\/p>\n<div class=\"wp-block-image\">\n<figure class=\"aligncenter size-full is-resized\"><img loading=\"lazy\" decoding=\"async\" class=\"wp-image-72520\" src=\"https:\/\/exceladvisor.org\/wp-content\/uploads\/2023\/08\/3-erreur-de-plage-de-deversement-dans-le-tableau.png\" sizes=\"auto, \" srcset=\"\" alt=\"error de rango de derrame en la tabla\" width=\"501\" height=\"466\"><\/figure>\n<\/div>\n<p> En el ejemplo anterior tenemos la Tabla 1 donde intentamos obtener el n\u00famero aleatorio en una columna y diez filas, pero al usar la tabla devolvi\u00f3 un error de desbordamiento.<\/p>\n<p> Seg\u00fan Microsoft, todav\u00eda no hay soporte para funciones din\u00e1micas en tablas de Excel. La soluci\u00f3n es convertir la tabla a un rango normal o mover su f\u00f3rmula a un rango normal.<\/p>\n<p class=\"myalert\"> Y cuando convierta su tabla a un rango normal, aseg\u00farese de eliminar y volver a ingresar la f\u00f3rmula; de lo contrario, siempre le mostrar\u00e1 el error para todos los valores excepto el \u00faltimo valor. <\/p>\n<div class=\"wp-block-image\">\n<figure class=\"aligncenter size-full is-resized\"><img loading=\"lazy\" decoding=\"async\" class=\"wp-image-72521\" src=\"https:\/\/exceladvisor.org\/wp-content\/uploads\/2023\/08\/4-supprimer-et-saisir-a-nouveau-la-formule.png\" sizes=\"auto, \" srcset=\"\" alt=\"borrar-y-volver-a-ingresar-la-f\u00f3rmula\" width=\"387\" height=\"550\"><\/figure>\n<\/div>\n<p> Cuando convierte la tabla a un rango normal, Excel intenta extender la f\u00f3rmula din\u00e1mica a otras celdas, pero esas celdas a\u00fan tienen el error de derrame (aparte de la \u00faltima celda con la f\u00f3rmula) y es por eso que la f\u00f3rmula din\u00e1mica no podr\u00e1 obtenga el resultado para usted.<\/p>\n<h2 id=\"h-spill-error-problem-with-vlookup\" class=\"wp-block-heading\"> #\u00a1DESPARRAMAR! Problema de error con BUSCARV<\/h2>\n<p> Puede suceder que obtenga el error de derrame con BUSCARV. Bueno, no es com\u00fan recibir este <a href=\"https:\/\/exceladvisor.org\/es\/si-error-busqueda-virtual\/\">error con BUSCARV<\/a> , pero existe la posibilidad de que ocurra. Para entenderlo, necesitas entender la situaci\u00f3n y c\u00f3mo est\u00e1s usando la f\u00f3rmula de manera incorrecta. <\/p>\n<div class=\"wp-block-image\">\n<figure class=\"aligncenter size-full is-resized\"><img loading=\"lazy\" decoding=\"async\" class=\"wp-image-72522\" src=\"https:\/\/exceladvisor.org\/wp-content\/uploads\/2023\/08\/5-erreur-de-deversement-avec-vlookup.png\" sizes=\"auto, \" srcset=\"\" alt=\"error-de-derrame-con-vlookup\" width=\"410\" height=\"395\"><\/figure>\n<\/div>\n<p> En la f\u00f3rmula anterior, en el valor de b\u00fasqueda, en lugar de hacer referencia a una sola celda, me he referido a toda la columna, convirti\u00e9ndola en una f\u00f3rmula din\u00e1mica.<\/p>\n<p> Ahora como me refer\u00ed a toda la columna donde tengo un total de 1048576 celdas, y con la f\u00f3rmula din\u00e1mica Excel arrojar\u00e1 1048576 resultados. \u00bfCorrecto?<\/p>\n<p><mark class=\"has-inline-color\" style=\"background-color: #fdde6c;\"> <strong>Ahora el problema es<\/strong><\/mark> para obtener los resultados 1048576 necesito tener 1048576 celdas, pero me falta una celda porque mi f\u00f3rmula comienza desde D2. <\/p>\n<div class=\"wp-block-image\">\n<figure class=\"aligncenter size-full is-resized\"><img loading=\"lazy\" decoding=\"async\" class=\"wp-image-72523\" src=\"https:\/\/exceladvisor.org\/wp-content\/uploads\/2023\/08\/6-formule-de-recherche-v.png\" sizes=\"auto, \" srcset=\"\" alt=\"f\u00f3rmula de b\u00fasqueda-v\" width=\"447\" height=\"414\"><\/figure>\n<\/div>\n<p> Y cuando uso la misma f\u00f3rmula desde la primera celda de una columna, obtengo todas las f\u00f3rmulas con precisi\u00f3n.<\/p>\n<h2 id=\"h-merge-cell-can-also-cause-a-spill-error\" class=\"wp-block-heading\"> \u00a1La fusi\u00f3n de celdas tambi\u00e9n puede provocar un #DERRAME! Error<\/h2>\n<p> Si tiene una celda fusionada en el rango de derrame mientras ingresa una f\u00f3rmula din\u00e1mica, en este caso tambi\u00e9n obtendr\u00e1 el error de derrame en el resultado. <\/p>\n<div class=\"wp-block-image\">\n<figure class=\"aligncenter size-full is-resized\"><img loading=\"lazy\" decoding=\"async\" class=\"wp-image-72524\" src=\"https:\/\/exceladvisor.org\/wp-content\/uploads\/2023\/08\/7-cellule-de-fusion-provoque-une-erreur-de-debordement.png\" sizes=\"auto, \" srcset=\"\" alt=\"fusionar-celda-causa-error-derrame\" width=\"465\" height=\"357\"><\/figure>\n<\/div>\n<p> En el ejemplo anterior tenemos una celda combinada para el rango B2:C3 y cuando intentamos ingresar RANDARRAY en la celda A1, devuelve el error de derrame en la celda A1 porque no puede reescribir un resultado en una celda combinada.<\/p>\n<h2 id=\"h-selecting-obstructing-cells-to-fix-the-spill-error\" class=\"wp-block-heading\"> \u00a1Selecci\u00f3n de c\u00e9lulas obstructoras para reparar el #DERRAME! Error<\/h2>\n<p> Al hacer clic en la celda donde tienes el mensaje #DERRAME! error, muestra un men\u00fa desplegable donde tiene algunas opciones para solucionarlo. <\/p>\n<div class=\"wp-block-image\">\n<figure class=\"aligncenter size-full is-resized\"><img loading=\"lazy\" decoding=\"async\" class=\"wp-image-72525\" src=\"https:\/\/exceladvisor.org\/wp-content\/uploads\/2023\/08\/8-cellules-obstruantes-selectionnees.png\" sizes=\"auto, \" srcset=\"\" alt=\"seleccionar-celulas-obstructoras\" width=\"389\" height=\"377\"><\/figure>\n<\/div>\n<p> En tercera posici\u00f3n muestra una opci\u00f3n para seleccionar celdas obstructoras, celdas que bloquean el resultado. Y en el momento en que hagas clic en esta opci\u00f3n, se seleccionar\u00e1n todas las celdas que tengan un valor. <\/p>\n<div class=\"wp-block-image\">\n<figure class=\"aligncenter size-full is-resized\"><img loading=\"lazy\" decoding=\"async\" class=\"wp-image-72526\" src=\"https:\/\/exceladvisor.org\/wp-content\/uploads\/2023\/08\/9-cellules-ont-deja-une-valeur.png\" sizes=\"auto, \" srcset=\"\" alt=\"valores-ya-de-celda\" width=\"429\" height=\"212\"><\/figure>\n<\/div>\n<p> Si tiene varias celdas, seleccionar\u00e1 todas esas celdas y podr\u00e1 eliminar los valores de esas celdas para obtener el resultado dentro del rango definido en la f\u00f3rmula. <\/p>\n<div class=\"wp-block-image\">\n<figure class=\"aligncenter size-full is-resized\"><img loading=\"lazy\" decoding=\"async\" class=\"wp-image-72527\" src=\"https:\/\/exceladvisor.org\/wp-content\/uploads\/2023\/08\/10-cellules-multiples-ayant-une-valeur.png\" sizes=\"auto, \" srcset=\"\" alt=\"varias celdas con un valor\" width=\"476\" height=\"204\"><\/figure>\n<\/div>\n<h2 id=\"h-use-for-implicit-intersection\" class=\"wp-block-heading\"> Utilice @ para intersecci\u00f3n impl\u00edcita<\/h2>\n<p> Cuando se utiliza una funci\u00f3n din\u00e1mica que utiliza un rango de desbordamiento (el resultado se devuelve en varias celdas), para evitar #SPILL. error, puede usar el operador @ al comienzo de la f\u00f3rmula para que la f\u00f3rmula devuelva los resultados en una sola celda en lugar de una matriz para varias celdas. <\/p>\n<div class=\"wp-block-image\">\n<figure class=\"aligncenter size-full is-resized\"><img loading=\"lazy\" decoding=\"async\" class=\"wp-image-72528\" src=\"https:\/\/exceladvisor.org\/wp-content\/uploads\/2023\/08\/11-utilisation-pour-intersection-implicite.png\" sizes=\"auto, \" srcset=\"\" alt=\"use-@-para-intersecci\u00f3n-impl\u00edcita\" width=\"497\" height=\"328\"><\/figure>\n<\/div>\n<div class=\"gb-container gb-container-52dfcee1 gb-container-sample-file\">\n<h2 class=\"gb-headline gb-headline-e289c143 gb-headline-text gb-headline-4f7959c2\"> Obtener el archivo Excel<\/h2>\n<p> <a class=\"gb-button gb-button-e88d6bee gb-button-text gb-button-button1\" href=\"https:\/\/exceladvisor.org\/wp-content\/uploads\/2023\/11\/erreur-de-deversement-2.xlsx\" rel=\"nofollow\">Descargar<\/a><\/div>\n<div class=\"gb-container gb-container-0df56012 gb-container-mt\"> <a class=\"gb-button gb-button-f9f432f4 gb-button-text gb-button-mt-button\" href=\"https:\/\/exceladvisor.org\/es\/formulas\/\">Lista de f\u00f3rmulas de Excel<\/a><\/p>\n<h2 class=\"gb-headline gb-headline-233444e8 gb-headline-text gb-headline-mt-heading\"> F\u00f3rmulas relacionadas <\/h2>\n<div class=\"gb-grid-wrapper gb-grid-wrapper-a16fa65c gb-grid-wrapper-mt-grid\">\n<div class=\"gb-grid-column gb-grid-column-50d07e0d\">\n<div class=\"gb-container gb-container-50d07e0d\">\n<ul>\n<li> <a href=\"https:\/\/exceladvisor.org\/es\/error-de-division\/\">Error #DIV\/0<\/a><\/li>\n<li> <a href=\"https:\/\/exceladvisor.org\/es\/error-de-valor\/\">#VALORError<\/a><\/li>\n<li> <a href=\"https:\/\/exceladvisor.org\/es\/ignorar-errores\/\">Ignorar todos los errores en Excel<\/a> <\/li>\n<\/ul>\n<\/div>\n<\/div>\n<div class=\"gb-grid-column gb-grid-column-5b4a0cf9\">\n<div class=\"gb-container gb-container-5b4a0cf9\">\n<ul>\n<li> <a href=\"https:\/\/exceladvisor.org\/es\/sin-error\/\">#N\/A Error en Excel<\/a><\/li>\n<li> <a href=\"https:\/\/exceladvisor.org\/es\/error-de-referencia\/\">#\u00a1\u00c1RBITRO! error en excel<\/a><\/li>\n<\/ul>\n<\/div>\n<\/div>\n<\/div>\n<\/div>\n","protected":false},"excerpt":{"rendered":"<p>El rango de derrame no est\u00e1 vac\u00edo En Excel obtendr\u00e1s el #DERRAME! error cuando usas una funci\u00f3n din\u00e1mica que devuelve el resultado en un rango de varias celdas, pero ese rango ya contiene valores, y ahora esta funci\u00f3n din\u00e1mica no puede sobrescribir los valores para devolver el resultado en ese rango. Ahora, para obtener el [&hellip;]<\/p>\n","protected":false},"author":1,"featured_media":0,"parent":0,"menu_order":0,"comment_status":"open","ping_status":"closed","template":"","meta":{"ub_ctt_via":"","footnotes":""},"class_list":["post-284","page","type-page","status-publish","hentry"],"featured_image_src":null,"yoast_head":"<!-- This site is optimized with the Yoast SEO plugin v25.4 - https:\/\/yoast.com\/wordpress\/plugins\/seo\/ -->\n<title>\u00a1c\u00f3mo solucionar #difusi\u00f3n! \u00bferror en excel?<\/title>\n<meta name=\"robots\" content=\"index, follow, max-snippet:-1, max-image-preview:large, max-video-preview:-1\" \/>\n<link rel=\"canonical\" href=\"https:\/\/exceladvisor.org\/es\/error-de-derrame\/\" \/>\n<meta property=\"og:locale\" content=\"es_ES\" \/>\n<meta property=\"og:type\" content=\"article\" \/>\n<meta property=\"og:title\" content=\"\u00a1c\u00f3mo solucionar #difusi\u00f3n! \u00bferror en excel?\" \/>\n<meta property=\"og:description\" content=\"El rango de derrame no est\u00e1 vac\u00edo En Excel obtendr\u00e1s el #DERRAME! error cuando usas una funci\u00f3n din\u00e1mica que devuelve el resultado en un rango de varias celdas, pero ese rango ya contiene valores, y ahora esta funci\u00f3n din\u00e1mica no puede sobrescribir los valores para devolver el resultado en ese rango. Ahora, para obtener el [&hellip;]\" \/>\n<meta property=\"og:url\" content=\"https:\/\/exceladvisor.org\/es\/error-de-derrame\/\" \/>\n<meta property=\"og:site_name\" content=\"Excel Advisor\" \/>\n<meta property=\"article:modified_time\" content=\"2023-12-25T10:22:32+00:00\" \/>\n<meta property=\"og:image\" content=\"https:\/\/exceladvisor.org\/wp-content\/uploads\/2023\/08\/1-plage-de-deversement.png\" \/>\n<meta name=\"twitter:card\" content=\"summary_large_image\" \/>\n<meta name=\"twitter:label1\" content=\"Tiempo de lectura\" \/>\n\t<meta name=\"twitter:data1\" content=\"4 minutos\" \/>\n<script type=\"application\/ld+json\" class=\"yoast-schema-graph\">{\"@context\":\"https:\/\/schema.org\",\"@graph\":[{\"@type\":\"WebPage\",\"@id\":\"https:\/\/exceladvisor.org\/es\/error-de-derrame\/\",\"url\":\"https:\/\/exceladvisor.org\/es\/error-de-derrame\/\",\"name\":\"\u00a1c\u00f3mo solucionar #difusi\u00f3n! \u00bferror en excel?\",\"isPartOf\":{\"@id\":\"https:\/\/exceladvisor.org\/es\/#website\"},\"primaryImageOfPage\":{\"@id\":\"https:\/\/exceladvisor.org\/es\/error-de-derrame\/#primaryimage\"},\"image\":{\"@id\":\"https:\/\/exceladvisor.org\/es\/error-de-derrame\/#primaryimage\"},\"thumbnailUrl\":\"https:\/\/exceladvisor.org\/wp-content\/uploads\/2023\/08\/1-plage-de-deversement.png\",\"datePublished\":\"2023-11-06T22:52:07+00:00\",\"dateModified\":\"2023-12-25T10:22:32+00:00\",\"breadcrumb\":{\"@id\":\"https:\/\/exceladvisor.org\/es\/error-de-derrame\/#breadcrumb\"},\"inLanguage\":\"es\",\"potentialAction\":[{\"@type\":\"ReadAction\",\"target\":[\"https:\/\/exceladvisor.org\/es\/error-de-derrame\/\"]}]},{\"@type\":\"ImageObject\",\"inLanguage\":\"es\",\"@id\":\"https:\/\/exceladvisor.org\/es\/error-de-derrame\/#primaryimage\",\"url\":\"https:\/\/exceladvisor.org\/wp-content\/uploads\/2023\/08\/1-plage-de-deversement.png\",\"contentUrl\":\"https:\/\/exceladvisor.org\/wp-content\/uploads\/2023\/08\/1-plage-de-deversement.png\"},{\"@type\":\"BreadcrumbList\",\"@id\":\"https:\/\/exceladvisor.org\/es\/error-de-derrame\/#breadcrumb\",\"itemListElement\":[{\"@type\":\"ListItem\",\"position\":1,\"name\":\"Hogar\",\"item\":\"https:\/\/exceladvisor.org\/es\/\"},{\"@type\":\"ListItem\",\"position\":2,\"name\":\"\u00a1c\u00f3mo solucionar #difusi\u00f3n! \u00bferror en excel?\"}]},{\"@type\":\"WebSite\",\"@id\":\"https:\/\/exceladvisor.org\/es\/#website\",\"url\":\"https:\/\/exceladvisor.org\/es\/\",\"name\":\"Excel Advisor\",\"description\":\"Su gu\u00eda para la dominaci\u00f3n de datos!\",\"publisher\":{\"@id\":\"https:\/\/exceladvisor.org\/es\/#organization\"},\"potentialAction\":[{\"@type\":\"SearchAction\",\"target\":{\"@type\":\"EntryPoint\",\"urlTemplate\":\"https:\/\/exceladvisor.org\/es\/?s={search_term_string}\"},\"query-input\":{\"@type\":\"PropertyValueSpecification\",\"valueRequired\":true,\"valueName\":\"search_term_string\"}}],\"inLanguage\":\"es\"},{\"@type\":\"Organization\",\"@id\":\"https:\/\/exceladvisor.org\/es\/#organization\",\"name\":\"Excel Advisor\",\"url\":\"https:\/\/exceladvisor.org\/es\/\",\"logo\":{\"@type\":\"ImageObject\",\"inLanguage\":\"es\",\"@id\":\"https:\/\/exceladvisor.org\/es\/#\/schema\/logo\/image\/\",\"url\":\"https:\/\/exceladvisor.org\/es\/wp-content\/uploads\/2023\/12\/exceladvisor.org_.png\",\"contentUrl\":\"https:\/\/exceladvisor.org\/es\/wp-content\/uploads\/2023\/12\/exceladvisor.org_.png\",\"width\":105,\"height\":36,\"caption\":\"Excel Advisor\"},\"image\":{\"@id\":\"https:\/\/exceladvisor.org\/es\/#\/schema\/logo\/image\/\"}}]}<\/script>\n<!-- \/ Yoast SEO plugin. -->","yoast_head_json":{"title":"\u00a1c\u00f3mo solucionar #difusi\u00f3n! \u00bferror en excel?","robots":{"index":"index","follow":"follow","max-snippet":"max-snippet:-1","max-image-preview":"max-image-preview:large","max-video-preview":"max-video-preview:-1"},"canonical":"https:\/\/exceladvisor.org\/es\/error-de-derrame\/","og_locale":"es_ES","og_type":"article","og_title":"\u00a1c\u00f3mo solucionar #difusi\u00f3n! \u00bferror en excel?","og_description":"El rango de derrame no est\u00e1 vac\u00edo En Excel obtendr\u00e1s el #DERRAME! error cuando usas una funci\u00f3n din\u00e1mica que devuelve el resultado en un rango de varias celdas, pero ese rango ya contiene valores, y ahora esta funci\u00f3n din\u00e1mica no puede sobrescribir los valores para devolver el resultado en ese rango. Ahora, para obtener el [&hellip;]","og_url":"https:\/\/exceladvisor.org\/es\/error-de-derrame\/","og_site_name":"Excel Advisor","article_modified_time":"2023-12-25T10:22:32+00:00","og_image":[{"url":"https:\/\/exceladvisor.org\/wp-content\/uploads\/2023\/08\/1-plage-de-deversement.png","type":"","width":"","height":""}],"twitter_card":"summary_large_image","twitter_misc":{"Tiempo de lectura":"4 minutos"},"schema":{"@context":"https:\/\/schema.org","@graph":[{"@type":"WebPage","@id":"https:\/\/exceladvisor.org\/es\/error-de-derrame\/","url":"https:\/\/exceladvisor.org\/es\/error-de-derrame\/","name":"\u00a1c\u00f3mo solucionar #difusi\u00f3n! \u00bferror en excel?","isPartOf":{"@id":"https:\/\/exceladvisor.org\/es\/#website"},"primaryImageOfPage":{"@id":"https:\/\/exceladvisor.org\/es\/error-de-derrame\/#primaryimage"},"image":{"@id":"https:\/\/exceladvisor.org\/es\/error-de-derrame\/#primaryimage"},"thumbnailUrl":"https:\/\/exceladvisor.org\/wp-content\/uploads\/2023\/08\/1-plage-de-deversement.png","datePublished":"2023-11-06T22:52:07+00:00","dateModified":"2023-12-25T10:22:32+00:00","breadcrumb":{"@id":"https:\/\/exceladvisor.org\/es\/error-de-derrame\/#breadcrumb"},"inLanguage":"es","potentialAction":[{"@type":"ReadAction","target":["https:\/\/exceladvisor.org\/es\/error-de-derrame\/"]}]},{"@type":"ImageObject","inLanguage":"es","@id":"https:\/\/exceladvisor.org\/es\/error-de-derrame\/#primaryimage","url":"https:\/\/exceladvisor.org\/wp-content\/uploads\/2023\/08\/1-plage-de-deversement.png","contentUrl":"https:\/\/exceladvisor.org\/wp-content\/uploads\/2023\/08\/1-plage-de-deversement.png"},{"@type":"BreadcrumbList","@id":"https:\/\/exceladvisor.org\/es\/error-de-derrame\/#breadcrumb","itemListElement":[{"@type":"ListItem","position":1,"name":"Hogar","item":"https:\/\/exceladvisor.org\/es\/"},{"@type":"ListItem","position":2,"name":"\u00a1c\u00f3mo solucionar #difusi\u00f3n! \u00bferror en excel?"}]},{"@type":"WebSite","@id":"https:\/\/exceladvisor.org\/es\/#website","url":"https:\/\/exceladvisor.org\/es\/","name":"Excel Advisor","description":"Su gu\u00eda para la dominaci\u00f3n de datos!","publisher":{"@id":"https:\/\/exceladvisor.org\/es\/#organization"},"potentialAction":[{"@type":"SearchAction","target":{"@type":"EntryPoint","urlTemplate":"https:\/\/exceladvisor.org\/es\/?s={search_term_string}"},"query-input":{"@type":"PropertyValueSpecification","valueRequired":true,"valueName":"search_term_string"}}],"inLanguage":"es"},{"@type":"Organization","@id":"https:\/\/exceladvisor.org\/es\/#organization","name":"Excel Advisor","url":"https:\/\/exceladvisor.org\/es\/","logo":{"@type":"ImageObject","inLanguage":"es","@id":"https:\/\/exceladvisor.org\/es\/#\/schema\/logo\/image\/","url":"https:\/\/exceladvisor.org\/es\/wp-content\/uploads\/2023\/12\/exceladvisor.org_.png","contentUrl":"https:\/\/exceladvisor.org\/es\/wp-content\/uploads\/2023\/12\/exceladvisor.org_.png","width":105,"height":36,"caption":"Excel Advisor"},"image":{"@id":"https:\/\/exceladvisor.org\/es\/#\/schema\/logo\/image\/"}}]}},"yoast_meta":{"yoast_wpseo_title":"","yoast_wpseo_metadesc":"","yoast_wpseo_canonical":""},"_links":{"self":[{"href":"https:\/\/exceladvisor.org\/es\/wp-json\/wp\/v2\/pages\/284","targetHints":{"allow":["GET"]}}],"collection":[{"href":"https:\/\/exceladvisor.org\/es\/wp-json\/wp\/v2\/pages"}],"about":[{"href":"https:\/\/exceladvisor.org\/es\/wp-json\/wp\/v2\/types\/page"}],"author":[{"embeddable":true,"href":"https:\/\/exceladvisor.org\/es\/wp-json\/wp\/v2\/users\/1"}],"replies":[{"embeddable":true,"href":"https:\/\/exceladvisor.org\/es\/wp-json\/wp\/v2\/comments?post=284"}],"version-history":[{"count":1,"href":"https:\/\/exceladvisor.org\/es\/wp-json\/wp\/v2\/pages\/284\/revisions"}],"predecessor-version":[{"id":772,"href":"https:\/\/exceladvisor.org\/es\/wp-json\/wp\/v2\/pages\/284\/revisions\/772"}],"wp:attachment":[{"href":"https:\/\/exceladvisor.org\/es\/wp-json\/wp\/v2\/media?parent=284"}],"curies":[{"name":"wp","href":"https:\/\/api.w.org\/{rel}","templated":true}]}}