{"id":285,"date":"2023-11-06T22:45:58","date_gmt":"2023-11-06T22:45:58","guid":{"rendered":"https:\/\/exceladvisor.org\/es\/calcular-la-diferencia-horaria\/"},"modified":"2023-12-25T10:23:51","modified_gmt":"2023-12-25T10:23:51","slug":"calcular-la-diferencia-horaria","status":"publish","type":"page","link":"https:\/\/exceladvisor.org\/es\/calcular-la-diferencia-horaria\/","title":{"rendered":"\u00bfc\u00f3mo calcular la diferencia horaria entre dos horas?"},"content":{"rendered":"<div class=\"excel-antes-del-contenido\" id=\"excel-444277362\"><script type=\"text\/javascript\">\r\n\tatOptions = {\r\n\t\t'key' : 'c1158f160081d6540a8409e6925dab94',\r\n\t\t'format' : 'iframe',\r\n\t\t'height' : 250,\r\n\t\t'width' : 300,\r\n\t\t'params' : {}\r\n\t};\r\n<\/script>\r\n<script type=\"text\/javascript\" src=\"\/\/www.highperformanceformat.com\/c1158f160081d6540a8409e6925dab94\/invoke.js\"><\/script><\/div><p>Si est\u00e1 trabajando con datos en los que tiene valores de tiempo, los consejos que voy a compartir hoy pueden resultarle \u00fatiles. Ahora escucha.<\/p>\n<p> En Excel <a href=\"https:\/\/exceladvisor.org\/es\/funciones-de-excel\/\">existen muchas funciones<\/a> para gestionar la fecha y la hora. Pero no existe una funci\u00f3n espec\u00edfica que pueda utilizar para obtener la diferencia entre los valores de tiempo.<\/p>\n<p> Como sabes, un valor de tiempo es un valor num\u00e9rico formateado como tiempo, pero cuando deduces un valor de otro, devuelve un n\u00famero decimal y debes formatearlo nuevamente como tiempo.<\/p>\n<p> Pero aqu\u00ed est\u00e1 el dolor:<\/p>\n<p> Cuando formatea este valor de resultado, muestra estos valores en horas y minutos (a partir de las 00:00) en lugar de mostrar la diferencia real en horas y minutos.<\/p>\n<p> Entonces si tienes una diferencia de 5 horas y 30 minutos, te mostrar\u00e1 como 05:00. Ya no tienes que preocuparte.<\/p>\n<h2 id=\"tab-con-0\" class=\"wp-block-heading\"> 1. Obt\u00e9n la diferencia en horas y minutos<\/h2>\n<p> Esta es una de las formas m\u00e1s comunes de obtener la diferencia entre dos tiempos. Suponga que tiene una hora de inicio y finalizaci\u00f3n (como a continuaci\u00f3n) donde necesita obtener la diferencia entre las dos. <\/p>\n<div class=\"wp-block-image\">\n<figure class=\"aligncenter\"><img decoding=\"async\" src=\"https:\/\/exceladvisor.org\/wp-content\/uploads\/2023\/08\/calculer-la-difference-de-temps-entre-le-debut-et-la-fin-min.png\" sizes=\"\" srcset=\"\" alt=\"calcular la diferencia horaria entre el inicio y el final\"><\/figure>\n<\/div>\n<ol>\n<li> Primero, simplemente puede deducir la hora de finalizaci\u00f3n de la hora de inicio y obtendr\u00e1 algo como lo siguiente. <br \/><img decoding=\"async\" title=\"calcular-diferencia-de-tiempo-deducir-inicio-fin-min\" src=\"https:\/\/exceladvisor.org\/wp-content\/uploads\/2023\/08\/calculer-le-decalage-horaire-deduire-debut-fin-min-1.png\" sizes=\"\" srcset=\"\" alt=\"calculate time difference deduct start end\"><\/li>\n<li> Ahora necesitas convertir este tiempo en horas y minutos.<\/li>\n<li> Para hacer esto, seleccione la celda y abra las opciones de formato (Ctrl + 1).<\/li>\n<li> Despu\u00e9s de eso, seleccione la categor\u00eda \u00abHora\u00bb y seleccione el segundo formato de hora. <br \/><img decoding=\"async\" title=\"calcular-la-diferencia-de-tiempo-formato-en-horas-y-minutos-min\" src=\"https:\/\/exceladvisor.org\/wp-content\/uploads\/2023\/08\/calculer-le-format-de-difference-de-temps-en-heure-et-miutes-min.png\" sizes=\"\" srcset=\"\" alt=\"calculate time difference format into hour and minutes\"><\/li>\n<li> Al final, haga clic en Aceptar. <br \/><img decoding=\"async\" title=\"calcular-el-cambio-de-horas-minutos-min\" src=\"https:\/\/exceladvisor.org\/wp-content\/uploads\/2023\/08\/calculer-le-decalage-horaire-heures-miutes-min.png\" sizes=\"\" srcset=\"\" alt=\"calculate time difference hours minutes\"><\/li>\n<\/ol>\n<p> Una vez hecho esto, convertir\u00e1 (formatear\u00e1) esta diferencia horaria en horas y minutos en lugar del formato de hora normal.<\/p>\n<h2 id=\"tab-con-1\" class=\"wp-block-heading\"> 2. Ser diferente en horas en n\u00fameros<\/h2>\n<p> Esta no es una forma com\u00fan de obtener la diferencia horaria, pero sigue siendo \u00fatil e importante. Supongamos que desea obtener la diferencia entre la hora de inicio y la hora de finalizaci\u00f3n en horas, pero no en n\u00fameros normales.<\/p>\n<p> Por ejemplo, si la diferencia entre la hora de inicio y la hora de finalizaci\u00f3n es de 4 horas y 30 minutos, deber\u00eda ser de 4,5 horas. Aqu\u00ed est\u00e1 la f\u00f3rmula que debes utilizar. <\/p>\n<pre class=\"wp-block-code\"> <code class=\"language-excel-formula\" lang=\"excel-formula\">=(end_time-start_time)*24<\/code><\/pre>\n<div class=\"wp-block-image\">\n<figure class=\"aligncenter\"><img decoding=\"async\" src=\"https:\/\/exceladvisor.org\/wp-content\/uploads\/2023\/08\/calculer-le-decalage-horaire-en-nombre-dheures-min.png\" sizes=\"\" srcset=\"\" alt=\"calcular la diferencia horaria en n\u00famero de horas\"><\/figure>\n<\/div>\n<p> Una vez que ingresa esta f\u00f3rmula, devuelve las horas como d\u00edgitos y los minutos (si los tiene) como decimales.<\/p>\n<h3 class=\"wp-block-heading\"> \u00bfC\u00f3mo funciona esta f\u00f3rmula?<\/h3>\n<p> Como dije antes, Excel almacena la fecha y la hora en n\u00fameros, y cuando restas la hora de finalizaci\u00f3n de la hora de inicio, devuelve un decimal. Y cuando lo multiplicas por 24 (el n\u00famero total de horas de un d\u00eda), convierte ese decimal en el n\u00famero de horas y minutos.<\/p>\n<h2 id=\"tab-con-2\" class=\"wp-block-heading\"> 3. Ser diferente en las horas cumplidas<\/h2>\n<p> Tambi\u00e9n puedes calcular las horas completadas entre dos tiempos con esta sencilla f\u00f3rmula. <\/p>\n<pre class=\"wp-block-code\"> <code class=\"language-excel-formula\" lang=\"excel-formula\">=INT((end_time-start_time)*24)<\/code><\/pre>\n<p class=\"has-text-align-center\"><img loading=\"lazy\" decoding=\"async\" src=\"https:\/\/exceladvisor.org\/wp-content\/uploads\/2023\/08\/calculer-le-decalage-horaire-heures-completes-min-1.png\" sizes=\"auto, \" srcset=\"\" alt=\"calcular la diferencia horaria horas completas\" width=\"476\" height=\"125\" data-id=\"20762\"><\/p>\n<h3 class=\"wp-block-heading\"> \u00bfC\u00f3mo funciona esta f\u00f3rmula?<\/h3>\n<p> Esta f\u00f3rmula es la misma que usamos en el segundo m\u00e9todo, la \u00fanica diferencia aqu\u00ed es que la hemos envuelto en INT.<\/p>\n<p> La funci\u00f3n INT devuelve el lugar decimal de la parte entera redonde\u00e1ndola hacia abajo. Puedes encontrar mas aqui. Entonces, cuando ingresas esta f\u00f3rmula, primero devuelve un n\u00famero decimal para las horas, luego INT elimina la parte fraccionaria y te da las horas completas.<\/p>\n<h2 id=\"tab-con-3\" class=\"wp-block-heading\"> 4. Obt\u00e9n la diferencia en minutos<\/h2>\n<p> Hay ocasiones en las que es necesario realizar un seguimiento de la diferencia horaria en minutos en lugar de horas y, en este caso, la mejor manera es utilizar la siguiente f\u00f3rmula. <\/p>\n<pre class=\"wp-block-code\"> <code class=\"language-excel-formula\" lang=\"excel-formula\">=(end_time-start_time)*1440<\/code><\/pre>\n<div class=\"wp-block-image\">\n<figure class=\"aligncenter\"><img decoding=\"async\" src=\"https:\/\/exceladvisor.org\/wp-content\/uploads\/2023\/08\/calculer-le-decalage-horaire-en-minutes-min.png\" sizes=\"\" srcset=\"\" alt=\"calcular la diferencia horaria en minutos\"><\/figure>\n<\/div>\n<p> En esta f\u00f3rmula, despu\u00e9s de restar la hora de inicio a la hora de finalizaci\u00f3n, la multiplicamos por 1440, que es el n\u00famero total de minutos que tenemos en 24 horas. Y cuando ingresas esta f\u00f3rmula, obtienes la diferencia entre dos valores en tan solo unos minutos.<\/p>\n<p class=\"qt-tip\"> <strong><span style=\"color: #000000;\">Consejo<\/span><\/strong> <span style=\"color: #000000;\">:<\/span> si de alguna manera tiene segundos en sus valores de tiempo, use la siguiente f\u00f3rmula para obtener el n\u00famero total de minutos completos entre la hora de inicio y la hora de finalizaci\u00f3n.<\/p>\n<h2 id=\"tab-con-4\" class=\"wp-block-heading\"> 5. Obt\u00e9n la diferencia en segundos<\/h2>\n<p> Al igual que los minutos, tambi\u00e9n podemos obtener la diferencia en segundos. Todo lo que tienes que hacer es utilizar la siguiente f\u00f3rmula. <\/p>\n<pre class=\"wp-block-code\"> <code class=\"language-excel-formula\" lang=\"excel-formula\">=(end_time-start_time)*86400<\/code><\/pre>\n<div class=\"wp-block-image\">\n<figure class=\"aligncenter\"><img decoding=\"async\" src=\"https:\/\/exceladvisor.org\/wp-content\/uploads\/2023\/08\/calculer-la-difference-de-temps-en-secondes-min.png\" sizes=\"\" srcset=\"\" alt=\"calcular la diferencia horaria en segundos\"><\/figure>\n<\/div>\n<p> Aqu\u00ed 86400 es el segundo total en 24 horas y cuando ingresa esta f\u00f3rmula devolver\u00e1 la diferencia entre la hora de inicio y finalizaci\u00f3n en segundos.<\/p>\n<h2 id=\"tab-con-5\" class=\"wp-block-heading\"> 6. Calcula la diferencia como un valor negativo.<\/h2>\n<p> En todos los ejemplos anteriores, tenemos la hora de finalizaci\u00f3n que es mayor (m\u00e1s tarde) que la hora de inicio.<\/p>\n<p> Supongamos que tiene dos valores de tiempo donde la hora de finalizaci\u00f3n es anterior a la hora de inicio. En t\u00e9rminos simples, si la hora de inicio son las 11:00 p. m. del d\u00eda 1 y la hora de finalizaci\u00f3n son las 5:00 a. m. del d\u00eda 2.<\/p>\n<p> La hora de finalizaci\u00f3n es en realidad menor que la hora de inicio y la f\u00f3rmula de resta simple no funcionar\u00e1 y devolver\u00e1 un valor negativo que har\u00e1 que Excel muestre una cadena hash (es decir, digamos ########). <\/p>\n<div class=\"wp-block-image\">\n<figure class=\"aligncenter\"><img decoding=\"async\" src=\"https:\/\/exceladvisor.org\/wp-content\/uploads\/2023\/08\/calculer-lerreur-de-difference-de-temps-min.png\" sizes=\"\" srcset=\"\" alt=\"calcular el error de diferencia horaria\"><\/figure>\n<\/div>\n<p> No te preocupes, puedes usar una f\u00f3rmula mejor para esto. Por tanto la f\u00f3rmula ser\u00e1: <\/p>\n<pre class=\"wp-block-code\"> <code class=\"language-excel-formula\" lang=\"excel-formula\">=IF(end&gt;start, end-start, 1-start+end)<\/code><\/pre>\n<p class=\"has-text-align-center\"><img loading=\"lazy\" decoding=\"async\" src=\"https:\/\/exceladvisor.org\/wp-content\/uploads\/2023\/08\/calculer-la-difference-de-temps-valeur-negative-min.png\" sizes=\"auto, \" srcset=\"\" alt=\"calcular el valor negativo de la diferencia horaria\" width=\"474\" height=\"124\" data-id=\"20771\"><\/p>\n<h3 class=\"wp-block-heading\"> \u00bfC\u00f3mo funciona esta f\u00f3rmula?<\/h3>\n<p> En esta f\u00f3rmula, tiene una condici\u00f3n: si la hora de finalizaci\u00f3n es mayor que la hora de inicio, simplemente deducir\u00e1 la hora de finalizaci\u00f3n de la hora de inicio; de lo contrario, primero deducir\u00e1 la hora de inicio de 1 y luego la agregar\u00e1 a la hora de finalizaci\u00f3n.<\/p>\n<p> Restar la hora de inicio de 1 te dar\u00e1 el tiempo total del d\u00eda 1 y cuando lo sumas a la hora de finalizaci\u00f3n obtendr\u00e1s el tiempo total del d\u00eda 1 y el d\u00eda 2, que es la diferencia total. <\/p>\n<div class=\"gb-container gb-container-52dfcee1 gb-container-sample-file\">\n<h2 class=\"gb-headline gb-headline-e289c143 gb-headline-text gb-headline-4f7959c2\"> Obtener el archivo Excel<\/h2>\n<p> <a class=\"gb-button gb-button-e88d6bee gb-button-text gb-button-button1\" href=\"https:\/\/exceladvisor.org\/wp-content\/uploads\/2023\/11\/decalage-horaire-2.xlsx\" rel=\"nofollow\">Descargar<\/a><\/p>\n<\/div>\n<h2 class=\"wp-block-heading\"> Conclusi\u00f3n<\/h2>\n<p> Para los usuarios de Excel que manejan datos de tiempo, es muy importante conocer diferentes m\u00e9todos para obtener la diferencia entre dos tiempos.<\/p>\n<p> Y todos los m\u00e9todos que utilizamos anteriormente se pueden utilizar en diferentes situaciones y estoy seguro de que todos los has encontrado \u00fatiles.<\/p>\n<p> Pero tienes que decirme una cosa.<\/p>\n<p> <em>\u00bfConoce otro m\u00e9todo que pueda utilizar para obtener la diferencia entre la hora de inicio y la hora de finalizaci\u00f3n?<\/em><\/p>\n<p> Comparte tus pensamientos conmigo en la secci\u00f3n de comentarios. Me encantar\u00eda saber de ti y asegurarme de compartir este consejo con tus amigos. <\/p>\n<div class=\"wp-block-group more-tutorials is-layout-flow\">\n<div class=\"wp-block-group__inner-container\">\n<h2 class=\"wp-block-heading\"> M\u00e1s f\u00f3rmulas <\/h2>\n<div class=\"wp-block-columns is-layout-flex wp-container-135\">\n<div class=\"wp-block-column is-layout-flow\">\n<ul>\n<li> <a href=\"https:\/\/exceladvisor.org\/es\/agregar-horas-en-el-tiempo\/\">Agregar horas al tiempo en Excel<\/a><\/li>\n<li> <a href=\"https:\/\/exceladvisor.org\/es\/agregar-minutos-al-tiempo\/\">Agregar minutos al tiempo en Excel<\/a><\/li>\n<li> <a href=\"https:\/\/exceladvisor.org\/es\/cambiar-formato-de-hora\/\">Cambiar formato de hora en Excel<\/a><\/li>\n<li> <a href=\"https:\/\/exceladvisor.org\/es\/tiempo-militar\/\">Hora militar (obtener y restar) en Excel<\/a><\/li>\n<li> <a href=\"https:\/\/exceladvisor.org\/es\/fecha-y-hora-separadas-2\/\">Separar fecha y hora en Excel<\/a><\/li>\n<\/ul>\n<\/div>\n<\/div>\n<\/div>\n<\/div>\n","protected":false},"excerpt":{"rendered":"<p>Si est\u00e1 trabajando con datos en los que tiene valores de tiempo, los consejos que voy a compartir hoy pueden resultarle \u00fatiles. Ahora escucha. En Excel existen muchas funciones para gestionar la fecha y la hora. Pero no existe una funci\u00f3n espec\u00edfica que pueda utilizar para obtener la diferencia entre los valores de tiempo. Como [&hellip;]<\/p>\n","protected":false},"author":1,"featured_media":0,"parent":0,"menu_order":0,"comment_status":"open","ping_status":"closed","template":"","meta":{"ub_ctt_via":"","footnotes":""},"class_list":["post-285","page","type-page","status-publish","hentry"],"featured_image_src":null,"yoast_head":"<!-- This site is optimized with the Yoast SEO plugin v25.4 - https:\/\/yoast.com\/wordpress\/plugins\/seo\/ -->\n<title>\u00bfc\u00f3mo calcular la diferencia horaria entre dos horas?<\/title>\n<meta name=\"robots\" content=\"index, follow, max-snippet:-1, max-image-preview:large, max-video-preview:-1\" \/>\n<link rel=\"canonical\" href=\"https:\/\/exceladvisor.org\/es\/calcular-la-diferencia-horaria\/\" \/>\n<meta property=\"og:locale\" content=\"es_ES\" \/>\n<meta property=\"og:type\" content=\"article\" \/>\n<meta property=\"og:title\" content=\"\u00bfc\u00f3mo calcular la diferencia horaria entre dos horas?\" \/>\n<meta property=\"og:description\" content=\"Si est\u00e1 trabajando con datos en los que tiene valores de tiempo, los consejos que voy a compartir hoy pueden resultarle \u00fatiles. Ahora escucha. En Excel existen muchas funciones para gestionar la fecha y la hora. Pero no existe una funci\u00f3n espec\u00edfica que pueda utilizar para obtener la diferencia entre los valores de tiempo. Como [&hellip;]\" \/>\n<meta property=\"og:url\" content=\"https:\/\/exceladvisor.org\/es\/calcular-la-diferencia-horaria\/\" \/>\n<meta property=\"og:site_name\" content=\"Excel Advisor\" \/>\n<meta property=\"article:modified_time\" content=\"2023-12-25T10:23:51+00:00\" \/>\n<meta property=\"og:image\" content=\"https:\/\/exceladvisor.org\/wp-content\/uploads\/2023\/08\/calculer-la-difference-de-temps-entre-le-debut-et-la-fin-min.png\" \/>\n<meta name=\"twitter:card\" content=\"summary_large_image\" \/>\n<meta name=\"twitter:label1\" content=\"Tiempo de lectura\" \/>\n\t<meta name=\"twitter:data1\" content=\"6 minutos\" \/>\n<script type=\"application\/ld+json\" class=\"yoast-schema-graph\">{\"@context\":\"https:\/\/schema.org\",\"@graph\":[{\"@type\":\"WebPage\",\"@id\":\"https:\/\/exceladvisor.org\/es\/calcular-la-diferencia-horaria\/\",\"url\":\"https:\/\/exceladvisor.org\/es\/calcular-la-diferencia-horaria\/\",\"name\":\"\u00bfc\u00f3mo calcular la diferencia horaria entre dos horas?\",\"isPartOf\":{\"@id\":\"https:\/\/exceladvisor.org\/es\/#website\"},\"primaryImageOfPage\":{\"@id\":\"https:\/\/exceladvisor.org\/es\/calcular-la-diferencia-horaria\/#primaryimage\"},\"image\":{\"@id\":\"https:\/\/exceladvisor.org\/es\/calcular-la-diferencia-horaria\/#primaryimage\"},\"thumbnailUrl\":\"https:\/\/exceladvisor.org\/wp-content\/uploads\/2023\/08\/calculer-la-difference-de-temps-entre-le-debut-et-la-fin-min.png\",\"datePublished\":\"2023-11-06T22:45:58+00:00\",\"dateModified\":\"2023-12-25T10:23:51+00:00\",\"breadcrumb\":{\"@id\":\"https:\/\/exceladvisor.org\/es\/calcular-la-diferencia-horaria\/#breadcrumb\"},\"inLanguage\":\"es\",\"potentialAction\":[{\"@type\":\"ReadAction\",\"target\":[\"https:\/\/exceladvisor.org\/es\/calcular-la-diferencia-horaria\/\"]}]},{\"@type\":\"ImageObject\",\"inLanguage\":\"es\",\"@id\":\"https:\/\/exceladvisor.org\/es\/calcular-la-diferencia-horaria\/#primaryimage\",\"url\":\"https:\/\/exceladvisor.org\/wp-content\/uploads\/2023\/08\/calculer-la-difference-de-temps-entre-le-debut-et-la-fin-min.png\",\"contentUrl\":\"https:\/\/exceladvisor.org\/wp-content\/uploads\/2023\/08\/calculer-la-difference-de-temps-entre-le-debut-et-la-fin-min.png\"},{\"@type\":\"BreadcrumbList\",\"@id\":\"https:\/\/exceladvisor.org\/es\/calcular-la-diferencia-horaria\/#breadcrumb\",\"itemListElement\":[{\"@type\":\"ListItem\",\"position\":1,\"name\":\"Hogar\",\"item\":\"https:\/\/exceladvisor.org\/es\/\"},{\"@type\":\"ListItem\",\"position\":2,\"name\":\"\u00bfc\u00f3mo calcular la diferencia horaria entre dos horas?\"}]},{\"@type\":\"WebSite\",\"@id\":\"https:\/\/exceladvisor.org\/es\/#website\",\"url\":\"https:\/\/exceladvisor.org\/es\/\",\"name\":\"Excel Advisor\",\"description\":\"Su gu\u00eda para la dominaci\u00f3n de datos!\",\"publisher\":{\"@id\":\"https:\/\/exceladvisor.org\/es\/#organization\"},\"potentialAction\":[{\"@type\":\"SearchAction\",\"target\":{\"@type\":\"EntryPoint\",\"urlTemplate\":\"https:\/\/exceladvisor.org\/es\/?s={search_term_string}\"},\"query-input\":{\"@type\":\"PropertyValueSpecification\",\"valueRequired\":true,\"valueName\":\"search_term_string\"}}],\"inLanguage\":\"es\"},{\"@type\":\"Organization\",\"@id\":\"https:\/\/exceladvisor.org\/es\/#organization\",\"name\":\"Excel Advisor\",\"url\":\"https:\/\/exceladvisor.org\/es\/\",\"logo\":{\"@type\":\"ImageObject\",\"inLanguage\":\"es\",\"@id\":\"https:\/\/exceladvisor.org\/es\/#\/schema\/logo\/image\/\",\"url\":\"https:\/\/exceladvisor.org\/es\/wp-content\/uploads\/2023\/12\/exceladvisor.org_.png\",\"contentUrl\":\"https:\/\/exceladvisor.org\/es\/wp-content\/uploads\/2023\/12\/exceladvisor.org_.png\",\"width\":105,\"height\":36,\"caption\":\"Excel Advisor\"},\"image\":{\"@id\":\"https:\/\/exceladvisor.org\/es\/#\/schema\/logo\/image\/\"}}]}<\/script>\n<!-- \/ Yoast SEO plugin. -->","yoast_head_json":{"title":"\u00bfc\u00f3mo calcular la diferencia horaria entre dos horas?","robots":{"index":"index","follow":"follow","max-snippet":"max-snippet:-1","max-image-preview":"max-image-preview:large","max-video-preview":"max-video-preview:-1"},"canonical":"https:\/\/exceladvisor.org\/es\/calcular-la-diferencia-horaria\/","og_locale":"es_ES","og_type":"article","og_title":"\u00bfc\u00f3mo calcular la diferencia horaria entre dos horas?","og_description":"Si est\u00e1 trabajando con datos en los que tiene valores de tiempo, los consejos que voy a compartir hoy pueden resultarle \u00fatiles. Ahora escucha. En Excel existen muchas funciones para gestionar la fecha y la hora. Pero no existe una funci\u00f3n espec\u00edfica que pueda utilizar para obtener la diferencia entre los valores de tiempo. Como [&hellip;]","og_url":"https:\/\/exceladvisor.org\/es\/calcular-la-diferencia-horaria\/","og_site_name":"Excel Advisor","article_modified_time":"2023-12-25T10:23:51+00:00","og_image":[{"url":"https:\/\/exceladvisor.org\/wp-content\/uploads\/2023\/08\/calculer-la-difference-de-temps-entre-le-debut-et-la-fin-min.png","type":"","width":"","height":""}],"twitter_card":"summary_large_image","twitter_misc":{"Tiempo de lectura":"6 minutos"},"schema":{"@context":"https:\/\/schema.org","@graph":[{"@type":"WebPage","@id":"https:\/\/exceladvisor.org\/es\/calcular-la-diferencia-horaria\/","url":"https:\/\/exceladvisor.org\/es\/calcular-la-diferencia-horaria\/","name":"\u00bfc\u00f3mo calcular la diferencia horaria entre dos horas?","isPartOf":{"@id":"https:\/\/exceladvisor.org\/es\/#website"},"primaryImageOfPage":{"@id":"https:\/\/exceladvisor.org\/es\/calcular-la-diferencia-horaria\/#primaryimage"},"image":{"@id":"https:\/\/exceladvisor.org\/es\/calcular-la-diferencia-horaria\/#primaryimage"},"thumbnailUrl":"https:\/\/exceladvisor.org\/wp-content\/uploads\/2023\/08\/calculer-la-difference-de-temps-entre-le-debut-et-la-fin-min.png","datePublished":"2023-11-06T22:45:58+00:00","dateModified":"2023-12-25T10:23:51+00:00","breadcrumb":{"@id":"https:\/\/exceladvisor.org\/es\/calcular-la-diferencia-horaria\/#breadcrumb"},"inLanguage":"es","potentialAction":[{"@type":"ReadAction","target":["https:\/\/exceladvisor.org\/es\/calcular-la-diferencia-horaria\/"]}]},{"@type":"ImageObject","inLanguage":"es","@id":"https:\/\/exceladvisor.org\/es\/calcular-la-diferencia-horaria\/#primaryimage","url":"https:\/\/exceladvisor.org\/wp-content\/uploads\/2023\/08\/calculer-la-difference-de-temps-entre-le-debut-et-la-fin-min.png","contentUrl":"https:\/\/exceladvisor.org\/wp-content\/uploads\/2023\/08\/calculer-la-difference-de-temps-entre-le-debut-et-la-fin-min.png"},{"@type":"BreadcrumbList","@id":"https:\/\/exceladvisor.org\/es\/calcular-la-diferencia-horaria\/#breadcrumb","itemListElement":[{"@type":"ListItem","position":1,"name":"Hogar","item":"https:\/\/exceladvisor.org\/es\/"},{"@type":"ListItem","position":2,"name":"\u00bfc\u00f3mo calcular la diferencia horaria entre dos horas?"}]},{"@type":"WebSite","@id":"https:\/\/exceladvisor.org\/es\/#website","url":"https:\/\/exceladvisor.org\/es\/","name":"Excel Advisor","description":"Su gu\u00eda para la dominaci\u00f3n de datos!","publisher":{"@id":"https:\/\/exceladvisor.org\/es\/#organization"},"potentialAction":[{"@type":"SearchAction","target":{"@type":"EntryPoint","urlTemplate":"https:\/\/exceladvisor.org\/es\/?s={search_term_string}"},"query-input":{"@type":"PropertyValueSpecification","valueRequired":true,"valueName":"search_term_string"}}],"inLanguage":"es"},{"@type":"Organization","@id":"https:\/\/exceladvisor.org\/es\/#organization","name":"Excel Advisor","url":"https:\/\/exceladvisor.org\/es\/","logo":{"@type":"ImageObject","inLanguage":"es","@id":"https:\/\/exceladvisor.org\/es\/#\/schema\/logo\/image\/","url":"https:\/\/exceladvisor.org\/es\/wp-content\/uploads\/2023\/12\/exceladvisor.org_.png","contentUrl":"https:\/\/exceladvisor.org\/es\/wp-content\/uploads\/2023\/12\/exceladvisor.org_.png","width":105,"height":36,"caption":"Excel Advisor"},"image":{"@id":"https:\/\/exceladvisor.org\/es\/#\/schema\/logo\/image\/"}}]}},"yoast_meta":{"yoast_wpseo_title":"","yoast_wpseo_metadesc":"","yoast_wpseo_canonical":""},"_links":{"self":[{"href":"https:\/\/exceladvisor.org\/es\/wp-json\/wp\/v2\/pages\/285","targetHints":{"allow":["GET"]}}],"collection":[{"href":"https:\/\/exceladvisor.org\/es\/wp-json\/wp\/v2\/pages"}],"about":[{"href":"https:\/\/exceladvisor.org\/es\/wp-json\/wp\/v2\/types\/page"}],"author":[{"embeddable":true,"href":"https:\/\/exceladvisor.org\/es\/wp-json\/wp\/v2\/users\/1"}],"replies":[{"embeddable":true,"href":"https:\/\/exceladvisor.org\/es\/wp-json\/wp\/v2\/comments?post=285"}],"version-history":[{"count":1,"href":"https:\/\/exceladvisor.org\/es\/wp-json\/wp\/v2\/pages\/285\/revisions"}],"predecessor-version":[{"id":878,"href":"https:\/\/exceladvisor.org\/es\/wp-json\/wp\/v2\/pages\/285\/revisions\/878"}],"wp:attachment":[{"href":"https:\/\/exceladvisor.org\/es\/wp-json\/wp\/v2\/media?parent=285"}],"curies":[{"name":"wp","href":"https:\/\/api.w.org\/{rel}","templated":true}]}}