{"id":286,"date":"2023-11-06T18:01:27","date_gmt":"2023-11-06T18:01:27","guid":{"rendered":"https:\/\/exceladvisor.org\/es\/la-celda-contiene-texto\/"},"modified":"2023-12-25T10:27:02","modified_gmt":"2023-12-25T10:27:02","slug":"la-celda-contiene-texto","status":"publish","type":"page","link":"https:\/\/exceladvisor.org\/es\/la-celda-contiene-texto\/","title":{"rendered":"\u00bfc\u00f3mo resaltar texto espec\u00edfico en excel?"},"content":{"rendered":"<div class=\"excel-antes-del-contenido\" id=\"excel-1980480060\"><script type=\"text\/javascript\">\r\n\tatOptions = {\r\n\t\t'key' : 'c1158f160081d6540a8409e6925dab94',\r\n\t\t'format' : 'iframe',\r\n\t\t'height' : 250,\r\n\t\t'width' : 300,\r\n\t\t'params' : {}\r\n\t};\r\n<\/script>\r\n<script type=\"text\/javascript\" src=\"\/\/www.highperformanceformat.com\/c1158f160081d6540a8409e6925dab94\/invoke.js\"><\/script><\/div><p>En Excel, al igual que con una f\u00f3rmula, puedes usar formato condicional para resaltar una celda si contiene texto espec\u00edfico. Hay dos maneras de hacer esto:<\/p>\n<ul>\n<li> Opci\u00f3n predefinida<\/li>\n<li> F\u00f3rmula personalizada<\/li>\n<\/ul>\n<p> Y en este tutorial, aprenderemos ambos m\u00e9todos.<\/p>\n<h2 class=\"wp-block-heading\"> Celdas que contienen texto<\/h2>\n<ol>\n<li> Seleccione el rango al que desea aplicar formato condicional. <br \/><img loading=\"lazy\" decoding=\"async\" class=\"alignnone  wp-image-11894\" src=\"https:\/\/exceladvisor.org\/wp-content\/uploads\/2023\/11\/cellules-contenant-un-textes.jpg\" alt=\"celdas que contienen texto\" width=\"245\" height=\"231\"><\/li>\n<li> A continuaci\u00f3n, vaya a la pesta\u00f1a Inicio &gt; Formato condicional &gt; Regla de resaltado de celda &gt; Que contiene texto. <br \/><img loading=\"lazy\" decoding=\"async\" title=\"2-resaltar-el-texto-de-regla-celda-que-contiene\" src=\"https:\/\/exceladvisor.org\/wp-content\/uploads\/2023\/08\/2-mettez-en-surbrillance-le-texte-de-la-regle-de-cellule-qui-contient.png\" sizes=\"auto, \" srcset=\"\" alt=\"2-highlight-cell-rule-text-that-contains\" width=\"507\" height=\"431\"><\/li>\n<li> Luego, en el cuadro de di\u00e1logo, ingrese el texto que desea buscar en los datos y seleccione el formato que desea aplicar a las celdas correspondientes.<\/li>\n<li> Al final, haga clic en Aceptar para aplicar el formato condicional.<\/li>\n<\/ol>\n<p> Y cuando haga clic en Aceptar, se resaltar\u00e1n todas las celdas que contengan el texto \u00abDatos\u00bb.<\/p>\n<h2 class=\"wp-block-heading\"> Resalte celdas que contienen texto usando una f\u00f3rmula personalizada<\/h2>\n<p> Y se puede realizar el mismo formato utilizando una f\u00f3rmula personalizada, y este m\u00e9todo tiene una ventaja.<\/p>\n<p> Puede especificar una celda para el texto que desea buscar en los datos. Esto lo convierte en un m\u00e9todo din\u00e1mico; no es necesario abrir la opci\u00f3n de formato condicional para editarlo.<\/p>\n<ol>\n<li> Seleccione los datos y vaya a la pesta\u00f1a Inicio &gt; Formato condicional &gt; Nueva regla. <br \/><img loading=\"lazy\" decoding=\"async\" title=\"5-selecci\u00f3n-rango-nueva-regla\" src=\"https:\/\/exceladvisor.org\/wp-content\/uploads\/2023\/08\/5-selectionner-une-nouvelle-regle-de-plage.png\" sizes=\"auto, \" srcset=\"\" alt=\"5-select-range-new-rule\" width=\"351\" height=\"436\"><\/li>\n<li> En el cuadro de di\u00e1logo de nueva regla, haga clic en \u00abUsar f\u00f3rmula para determinar qu\u00e9 celda formatear\u00bb e ingrese esta f\u00f3rmula en la barra de entrada de f\u00f3rmulas =AND($C$1&lt;&gt; \u00bb\u00bb,SEARCH($C $1,A1) &gt;0) <br \/><img loading=\"lazy\" decoding=\"async\" title=\"6-elija-usar-una-f\u00f3rmula-para-determinar-e-ingresar-la-f\u00f3rmula\" src=\"https:\/\/exceladvisor.org\/wp-content\/uploads\/2023\/08\/6-choisir-utiliser-une-formule-pour-determiner-et-entrer-la-formule.png\" sizes=\"auto, \" srcset=\"\" alt=\"6-choose-use-a-formula-to-determine-and-enter-formula\" width=\"540\" height=\"390\"><\/li>\n<li> A continuaci\u00f3n, haga clic en \u00abFormato&#8230;\u00bb para especificar el formato que desea aplicar a las celdas correspondientes. <br \/><img loading=\"lazy\" decoding=\"async\" title=\"Formatear en 7 clics para aplicar el formato.\" src=\"https:\/\/exceladvisor.org\/wp-content\/uploads\/2023\/08\/Format-en-7-clics-pour-appliquer-le-format.png\" sizes=\"auto, \" srcset=\"\" alt=\"7-click-format-to-apply-format\" width=\"554\" height=\"203\"><\/li>\n<li> Al final, haga clic en Aceptar en el cuadro de di\u00e1logo y luego haga clic en Aceptar nuevamente para aplicar el formato.<\/li>\n<\/ol>\n<p> Cuando edita el texto en la celda A1, cambia el formato condicional de los datos.<\/p>\n<p> La f\u00f3rmula que utilizamos establece dos condiciones:<\/p>\n<ul>\n<li> Si la celda C1 est\u00e1 vac\u00eda o no.<\/li>\n<li> \u00bfEl texto especificado est\u00e1 en los datos o no?<\/li>\n<\/ul>\n<p> Cuando ambas condiciones son verdaderas, resalta las celdas que contienen este texto. <\/p>\n<div class=\"gb-container gb-container-52dfcee1 gb-container-sample-file\">\n<h2 class=\"gb-headline gb-headline-e289c143 gb-headline-text gb-headline-4f7959c2\"> Obtener el archivo Excel<\/h2>\n<p> <a class=\"gb-button gb-button-e88d6bee gb-button-text gb-button-button1\" href=\"https:\/\/exceladvisor.org\/wp-content\/uploads\/2023\/11\/mise-en-forme-conditionnelle-de-texte-specifique.xlsx\" rel=\"nofollow\">Descargar<\/a><\/p>\n<\/div>\n<div class=\"gb-container gb-container-6076ba72 gb-container-mt\"> <a class=\"gb-button gb-button-76e6a499 gb-button-text gb-button-mt-button\" href=\"https:\/\/exceladvisor.org\/es\/conceptos-basicos-de-excel\/\">Aprende los conceptos b\u00e1sicos de Excel<\/a><\/p>\n<h2 class=\"gb-headline gb-headline-a9e9e206 gb-headline-text gb-headline-mt-heading\"> Obtenga m\u00e1s informaci\u00f3n sobre <a href=\"https:\/\/exceladvisor.org\/es\/formato-condicional\/\">el formato condicional<\/a> <\/h2>\n<div class=\"gb-grid-wrapper gb-grid-wrapper-790317cb gb-grid-wrapper-mt-grid\">\n<div class=\"gb-grid-column gb-grid-column-a9845ede\">\n<div class=\"gb-container gb-container-a9845ede\">\n<ul>\n<li> <a href=\"https:\/\/exceladvisor.org\/es\/aplicar-formato-condicional\/\">Aplicar formato condicional a una tabla din\u00e1mica<\/a><\/li>\n<li> <a href=\"https:\/\/exceladvisor.org\/es\/retirar\/\">Eliminar formato condicional<\/a><\/li>\n<li> <a href=\"https:\/\/exceladvisor.org\/es\/celdas-vacias\/\">Aplicar formato condicional en celdas en blanco en Excel<\/a> <\/li>\n<\/ul>\n<\/div>\n<\/div>\n<div class=\"gb-grid-column gb-grid-column-ec8ff319\">\n<div class=\"gb-container gb-container-ec8ff319\">\n<ul>\n<li> <a href=\"https:\/\/exceladvisor.org\/es\/no-funciona\/\">Por qu\u00e9 el formato condicional no funciona en Excel<\/a><\/li>\n<li> <a href=\"https:\/\/exceladvisor.org\/es\/basado-en-la-fecha-2\/\">Aplicar formato condicional basado en una fecha<\/a><\/li>\n<li> <a href=\"https:\/\/exceladvisor.org\/es\/escalas-de-colores\/\">Aplicar escalas de color usando formato condicional<\/a><\/li>\n<\/ul>\n<\/div>\n<\/div>\n<\/div>\n<\/div>\n","protected":false},"excerpt":{"rendered":"<p>En Excel, al igual que con una f\u00f3rmula, puedes usar formato condicional para resaltar una celda si contiene texto espec\u00edfico. Hay dos maneras de hacer esto: Opci\u00f3n predefinida F\u00f3rmula personalizada Y en este tutorial, aprenderemos ambos m\u00e9todos. Celdas que contienen texto Seleccione el rango al que desea aplicar formato condicional. A continuaci\u00f3n, vaya a la [&hellip;]<\/p>\n","protected":false},"author":1,"featured_media":0,"parent":0,"menu_order":0,"comment_status":"open","ping_status":"closed","template":"","meta":{"ub_ctt_via":"","footnotes":""},"class_list":["post-286","page","type-page","status-publish","hentry"],"featured_image_src":null,"yoast_head":"<!-- This site is optimized with the Yoast SEO plugin v25.4 - https:\/\/yoast.com\/wordpress\/plugins\/seo\/ -->\n<title>\u00bfc\u00f3mo resaltar texto espec\u00edfico en excel?<\/title>\n<meta name=\"robots\" content=\"index, follow, max-snippet:-1, max-image-preview:large, max-video-preview:-1\" \/>\n<link rel=\"canonical\" href=\"https:\/\/exceladvisor.org\/es\/la-celda-contiene-texto\/\" \/>\n<meta property=\"og:locale\" content=\"es_ES\" \/>\n<meta property=\"og:type\" content=\"article\" \/>\n<meta property=\"og:title\" content=\"\u00bfc\u00f3mo resaltar texto espec\u00edfico en excel?\" \/>\n<meta property=\"og:description\" content=\"En Excel, al igual que con una f\u00f3rmula, puedes usar formato condicional para resaltar una celda si contiene texto espec\u00edfico. Hay dos maneras de hacer esto: Opci\u00f3n predefinida F\u00f3rmula personalizada Y en este tutorial, aprenderemos ambos m\u00e9todos. Celdas que contienen texto Seleccione el rango al que desea aplicar formato condicional. A continuaci\u00f3n, vaya a la [&hellip;]\" \/>\n<meta property=\"og:url\" content=\"https:\/\/exceladvisor.org\/es\/la-celda-contiene-texto\/\" \/>\n<meta property=\"og:site_name\" content=\"Excel Advisor\" \/>\n<meta property=\"article:modified_time\" content=\"2023-12-25T10:27:02+00:00\" \/>\n<meta property=\"og:image\" content=\"https:\/\/exceladvisor.org\/wp-content\/uploads\/2023\/11\/cellules-contenant-un-textes.jpg\" \/>\n<meta name=\"twitter:card\" content=\"summary_large_image\" \/>\n<meta name=\"twitter:label1\" content=\"Tiempo de lectura\" \/>\n\t<meta name=\"twitter:data1\" content=\"2 minutos\" \/>\n<script type=\"application\/ld+json\" class=\"yoast-schema-graph\">{\"@context\":\"https:\/\/schema.org\",\"@graph\":[{\"@type\":\"WebPage\",\"@id\":\"https:\/\/exceladvisor.org\/es\/la-celda-contiene-texto\/\",\"url\":\"https:\/\/exceladvisor.org\/es\/la-celda-contiene-texto\/\",\"name\":\"\u00bfc\u00f3mo resaltar texto espec\u00edfico en excel?\",\"isPartOf\":{\"@id\":\"https:\/\/exceladvisor.org\/es\/#website\"},\"primaryImageOfPage\":{\"@id\":\"https:\/\/exceladvisor.org\/es\/la-celda-contiene-texto\/#primaryimage\"},\"image\":{\"@id\":\"https:\/\/exceladvisor.org\/es\/la-celda-contiene-texto\/#primaryimage\"},\"thumbnailUrl\":\"https:\/\/exceladvisor.org\/wp-content\/uploads\/2023\/11\/cellules-contenant-un-textes.jpg\",\"datePublished\":\"2023-11-06T18:01:27+00:00\",\"dateModified\":\"2023-12-25T10:27:02+00:00\",\"breadcrumb\":{\"@id\":\"https:\/\/exceladvisor.org\/es\/la-celda-contiene-texto\/#breadcrumb\"},\"inLanguage\":\"es\",\"potentialAction\":[{\"@type\":\"ReadAction\",\"target\":[\"https:\/\/exceladvisor.org\/es\/la-celda-contiene-texto\/\"]}]},{\"@type\":\"ImageObject\",\"inLanguage\":\"es\",\"@id\":\"https:\/\/exceladvisor.org\/es\/la-celda-contiene-texto\/#primaryimage\",\"url\":\"https:\/\/exceladvisor.org\/wp-content\/uploads\/2023\/11\/cellules-contenant-un-textes.jpg\",\"contentUrl\":\"https:\/\/exceladvisor.org\/wp-content\/uploads\/2023\/11\/cellules-contenant-un-textes.jpg\"},{\"@type\":\"BreadcrumbList\",\"@id\":\"https:\/\/exceladvisor.org\/es\/la-celda-contiene-texto\/#breadcrumb\",\"itemListElement\":[{\"@type\":\"ListItem\",\"position\":1,\"name\":\"Hogar\",\"item\":\"https:\/\/exceladvisor.org\/es\/\"},{\"@type\":\"ListItem\",\"position\":2,\"name\":\"\u00bfc\u00f3mo resaltar texto espec\u00edfico en excel?\"}]},{\"@type\":\"WebSite\",\"@id\":\"https:\/\/exceladvisor.org\/es\/#website\",\"url\":\"https:\/\/exceladvisor.org\/es\/\",\"name\":\"Excel Advisor\",\"description\":\"Su gu\u00eda para la dominaci\u00f3n de datos!\",\"publisher\":{\"@id\":\"https:\/\/exceladvisor.org\/es\/#organization\"},\"potentialAction\":[{\"@type\":\"SearchAction\",\"target\":{\"@type\":\"EntryPoint\",\"urlTemplate\":\"https:\/\/exceladvisor.org\/es\/?s={search_term_string}\"},\"query-input\":{\"@type\":\"PropertyValueSpecification\",\"valueRequired\":true,\"valueName\":\"search_term_string\"}}],\"inLanguage\":\"es\"},{\"@type\":\"Organization\",\"@id\":\"https:\/\/exceladvisor.org\/es\/#organization\",\"name\":\"Excel Advisor\",\"url\":\"https:\/\/exceladvisor.org\/es\/\",\"logo\":{\"@type\":\"ImageObject\",\"inLanguage\":\"es\",\"@id\":\"https:\/\/exceladvisor.org\/es\/#\/schema\/logo\/image\/\",\"url\":\"https:\/\/exceladvisor.org\/es\/wp-content\/uploads\/2023\/12\/exceladvisor.org_.png\",\"contentUrl\":\"https:\/\/exceladvisor.org\/es\/wp-content\/uploads\/2023\/12\/exceladvisor.org_.png\",\"width\":105,\"height\":36,\"caption\":\"Excel Advisor\"},\"image\":{\"@id\":\"https:\/\/exceladvisor.org\/es\/#\/schema\/logo\/image\/\"}}]}<\/script>\n<!-- \/ Yoast SEO plugin. -->","yoast_head_json":{"title":"\u00bfc\u00f3mo resaltar texto espec\u00edfico en excel?","robots":{"index":"index","follow":"follow","max-snippet":"max-snippet:-1","max-image-preview":"max-image-preview:large","max-video-preview":"max-video-preview:-1"},"canonical":"https:\/\/exceladvisor.org\/es\/la-celda-contiene-texto\/","og_locale":"es_ES","og_type":"article","og_title":"\u00bfc\u00f3mo resaltar texto espec\u00edfico en excel?","og_description":"En Excel, al igual que con una f\u00f3rmula, puedes usar formato condicional para resaltar una celda si contiene texto espec\u00edfico. Hay dos maneras de hacer esto: Opci\u00f3n predefinida F\u00f3rmula personalizada Y en este tutorial, aprenderemos ambos m\u00e9todos. Celdas que contienen texto Seleccione el rango al que desea aplicar formato condicional. A continuaci\u00f3n, vaya a la [&hellip;]","og_url":"https:\/\/exceladvisor.org\/es\/la-celda-contiene-texto\/","og_site_name":"Excel Advisor","article_modified_time":"2023-12-25T10:27:02+00:00","og_image":[{"url":"https:\/\/exceladvisor.org\/wp-content\/uploads\/2023\/11\/cellules-contenant-un-textes.jpg","type":"","width":"","height":""}],"twitter_card":"summary_large_image","twitter_misc":{"Tiempo de lectura":"2 minutos"},"schema":{"@context":"https:\/\/schema.org","@graph":[{"@type":"WebPage","@id":"https:\/\/exceladvisor.org\/es\/la-celda-contiene-texto\/","url":"https:\/\/exceladvisor.org\/es\/la-celda-contiene-texto\/","name":"\u00bfc\u00f3mo resaltar texto espec\u00edfico en excel?","isPartOf":{"@id":"https:\/\/exceladvisor.org\/es\/#website"},"primaryImageOfPage":{"@id":"https:\/\/exceladvisor.org\/es\/la-celda-contiene-texto\/#primaryimage"},"image":{"@id":"https:\/\/exceladvisor.org\/es\/la-celda-contiene-texto\/#primaryimage"},"thumbnailUrl":"https:\/\/exceladvisor.org\/wp-content\/uploads\/2023\/11\/cellules-contenant-un-textes.jpg","datePublished":"2023-11-06T18:01:27+00:00","dateModified":"2023-12-25T10:27:02+00:00","breadcrumb":{"@id":"https:\/\/exceladvisor.org\/es\/la-celda-contiene-texto\/#breadcrumb"},"inLanguage":"es","potentialAction":[{"@type":"ReadAction","target":["https:\/\/exceladvisor.org\/es\/la-celda-contiene-texto\/"]}]},{"@type":"ImageObject","inLanguage":"es","@id":"https:\/\/exceladvisor.org\/es\/la-celda-contiene-texto\/#primaryimage","url":"https:\/\/exceladvisor.org\/wp-content\/uploads\/2023\/11\/cellules-contenant-un-textes.jpg","contentUrl":"https:\/\/exceladvisor.org\/wp-content\/uploads\/2023\/11\/cellules-contenant-un-textes.jpg"},{"@type":"BreadcrumbList","@id":"https:\/\/exceladvisor.org\/es\/la-celda-contiene-texto\/#breadcrumb","itemListElement":[{"@type":"ListItem","position":1,"name":"Hogar","item":"https:\/\/exceladvisor.org\/es\/"},{"@type":"ListItem","position":2,"name":"\u00bfc\u00f3mo resaltar texto espec\u00edfico en excel?"}]},{"@type":"WebSite","@id":"https:\/\/exceladvisor.org\/es\/#website","url":"https:\/\/exceladvisor.org\/es\/","name":"Excel Advisor","description":"Su gu\u00eda para la dominaci\u00f3n de datos!","publisher":{"@id":"https:\/\/exceladvisor.org\/es\/#organization"},"potentialAction":[{"@type":"SearchAction","target":{"@type":"EntryPoint","urlTemplate":"https:\/\/exceladvisor.org\/es\/?s={search_term_string}"},"query-input":{"@type":"PropertyValueSpecification","valueRequired":true,"valueName":"search_term_string"}}],"inLanguage":"es"},{"@type":"Organization","@id":"https:\/\/exceladvisor.org\/es\/#organization","name":"Excel Advisor","url":"https:\/\/exceladvisor.org\/es\/","logo":{"@type":"ImageObject","inLanguage":"es","@id":"https:\/\/exceladvisor.org\/es\/#\/schema\/logo\/image\/","url":"https:\/\/exceladvisor.org\/es\/wp-content\/uploads\/2023\/12\/exceladvisor.org_.png","contentUrl":"https:\/\/exceladvisor.org\/es\/wp-content\/uploads\/2023\/12\/exceladvisor.org_.png","width":105,"height":36,"caption":"Excel Advisor"},"image":{"@id":"https:\/\/exceladvisor.org\/es\/#\/schema\/logo\/image\/"}}]}},"yoast_meta":{"yoast_wpseo_title":"","yoast_wpseo_metadesc":"","yoast_wpseo_canonical":""},"_links":{"self":[{"href":"https:\/\/exceladvisor.org\/es\/wp-json\/wp\/v2\/pages\/286","targetHints":{"allow":["GET"]}}],"collection":[{"href":"https:\/\/exceladvisor.org\/es\/wp-json\/wp\/v2\/pages"}],"about":[{"href":"https:\/\/exceladvisor.org\/es\/wp-json\/wp\/v2\/types\/page"}],"author":[{"embeddable":true,"href":"https:\/\/exceladvisor.org\/es\/wp-json\/wp\/v2\/users\/1"}],"replies":[{"embeddable":true,"href":"https:\/\/exceladvisor.org\/es\/wp-json\/wp\/v2\/comments?post=286"}],"version-history":[{"count":1,"href":"https:\/\/exceladvisor.org\/es\/wp-json\/wp\/v2\/pages\/286\/revisions"}],"predecessor-version":[{"id":1176,"href":"https:\/\/exceladvisor.org\/es\/wp-json\/wp\/v2\/pages\/286\/revisions\/1176"}],"wp:attachment":[{"href":"https:\/\/exceladvisor.org\/es\/wp-json\/wp\/v2\/media?parent=286"}],"curies":[{"name":"wp","href":"https:\/\/api.w.org\/{rel}","templated":true}]}}