{"id":287,"date":"2023-11-06T17:36:48","date_gmt":"2023-11-06T17:36:48","guid":{"rendered":"https:\/\/exceladvisor.org\/es\/no-funciona\/"},"modified":"2023-12-25T10:32:05","modified_gmt":"2023-12-25T10:32:05","slug":"no-funciona","status":"publish","type":"page","link":"https:\/\/exceladvisor.org\/es\/no-funciona\/","title":{"rendered":"\u00bfcu\u00e1ndo funciona el formato condicional?"},"content":{"rendered":"<div class=\"excel-antes-del-contenido\" id=\"excel-2096292822\"><script type=\"text\/javascript\">\r\n\tatOptions = {\r\n\t\t'key' : 'c1158f160081d6540a8409e6925dab94',\r\n\t\t'format' : 'iframe',\r\n\t\t'height' : 250,\r\n\t\t'width' : 300,\r\n\t\t'params' : {}\r\n\t};\r\n<\/script>\r\n<script type=\"text\/javascript\" src=\"\/\/www.highperformanceformat.com\/c1158f160081d6540a8409e6925dab94\/invoke.js\"><\/script><\/div><p>En Excel, cuando usas formato condicional, es probable que lo apliques, pero no funciona. Y en esta situaci\u00f3n, necesitas solucionar el problema del formato que utilizaste.<\/p>\n<p> Al aplicar formato condicional predefinido, es posible que no encuentre problemas, pero al utilizar f\u00f3rmulas personalizadas, existe la posibilidad.<\/p>\n<h2 class=\"wp-block-heading\"> Referencia incorrecta<\/h2>\n<p> Cuando aplica formato condicional usando la f\u00f3rmula, puede hacer referencia a una celda diferente por error. Vea el siguiente ejemplo: El rango donde quiero aplicar la regla de formato condicional es A2:A12. <\/p>\n<div class=\"wp-block-image\">\n<figure class=\"aligncenter size-full is-resized\"><img loading=\"lazy\" decoding=\"async\" class=\"wp-image-90934\" src=\"https:\/\/exceladvisor.org\/wp-content\/uploads\/2023\/08\/1-reference-erronee.png\" sizes=\"auto, \" srcset=\"\" alt=\"referencia incorrecta\" width=\"674\" height=\"419\"><\/figure>\n<\/div>\n<p> Y la f\u00f3rmula deber\u00eda hacer referencia a la celda A2 en lugar de A1. Y como hice referencia a A1 en la f\u00f3rmula, la regla se aplic\u00f3 incorrectamente.<\/p>\n<p> Puedes ver que la condici\u00f3n est\u00e1 probando si el valor es mayor a 1200 o no, y en la celda resalt\u00f3 la celda incluso cuando el valor no es mayor a 1200. Todo esto por una referencia incorrecta.<\/p>\n<p> Cuando se trabaja con formato condicional, una de las principales razones por las que no funciona es la mala referencia.<\/p>\n<h2 class=\"wp-block-heading\"> El resultado de la condici\u00f3n debe ser VERDADERO o FALSO<\/h2>\n<p> Cuando utiliza una f\u00f3rmula en formato condicional, el resultado de esa f\u00f3rmula debe ser VERDADERO o FALSO. Entonces s\u00f3lo funcionar\u00e1 el formato condicional. El resultado siempre debe ser VERDADERO o FALSO si utiliza OPERADORES L\u00d3GICOS.<\/p>\n<h2 class=\"wp-block-heading\"> Al copiar y pegar formato condicional<\/h2>\n<p> Si tiene la referencia absoluta en la f\u00f3rmula e intenta copiar y pegar el formato condicional en una nueva celda o rango de celdas, el formato se aplicar\u00e1 con la condici\u00f3n incorrecta. <\/p>\n<div class=\"wp-block-image\">\n<figure class=\"aligncenter size-full is-resized\"><img loading=\"lazy\" decoding=\"async\" class=\"wp-image-90935\" src=\"https:\/\/exceladvisor.org\/wp-content\/uploads\/2023\/08\/2-copier-et-coller-la-mise-en-forme-conditionnelle.png\" sizes=\"auto, \" srcset=\"\" alt=\"copiar-pegar-formato condicional\" width=\"614\" height=\"381\"><\/figure>\n<\/div>\n<p> En el ejemplo anterior, nuestra referencia es absoluta; Puedes ver los signos de d\u00f3lar. Y cuando intente copiar y pegar este formato condicional en un lugar nuevo, siempre har\u00e1 referencia a la celda A2.<\/p>\n<h2 class=\"wp-block-heading\"> Cuando los n\u00fameros tienen formato de texto<\/h2>\n<p> Si utiliza una regla de formato condicional donde la regla debe verificar una condici\u00f3n para un n\u00famero, esos n\u00fameros tienen un formato de texto. En este caso, esta regla de formato condicional no funcionar\u00e1 correctamente. <\/p>\n<div class=\"wp-block-image\">\n<figure class=\"aligncenter size-full is-resized\"><img loading=\"lazy\" decoding=\"async\" class=\"wp-image-90936\" src=\"https:\/\/exceladvisor.org\/wp-content\/uploads\/2023\/08\/3-lorsque-les-nombres-sont-formates-en-tant-que-texte.png\" sizes=\"auto, \" srcset=\"\" alt=\"cuando-los-n\u00fameros-tienen-formato-de-texto\" width=\"668\" height=\"494\"><\/figure>\n<\/div>\n<p> En el ejemplo anterior, las columnas A y B tienen la misma regla de formato condicional, que prueba n\u00fameros mayores que 1200. Pero en la columna B, el n\u00famero se ingresa como texto y el formato de reglas resalta todos los n\u00fameros.<\/p>\n<p> En comparaci\u00f3n con esto, en la columna A, donde los n\u00fameros se almacenan como n\u00fameros, el formato condicional funciona bien. <\/p>\n<div class=\"gb-container gb-container-52dfcee1 gb-container-sample-file\">\n<h2 class=\"gb-headline gb-headline-e289c143 gb-headline-text gb-headline-4f7959c2\"> Obtener el archivo Excel<\/h2>\n<p> <a class=\"gb-button gb-button-e88d6bee gb-button-text gb-button-button1\" href=\"https:\/\/exceladvisor.org\/wp-content\/uploads\/2023\/08\/la-mise-en-forme-conditionnelle-ne-fonctionne-pas.xlsx\" rel=\"nofollow\">Descargar<\/a><\/div>\n<div class=\"gb-container gb-container-6076ba72 gb-container-mt\"> <a class=\"gb-button gb-button-76e6a499 gb-button-text gb-button-mt-button\" href=\"https:\/\/exceladvisor.org\/es\/conceptos-basicos-de-excel\/\">Aprende los conceptos b\u00e1sicos de Excel<\/a><\/p>\n<h2 class=\"gb-headline gb-headline-a9e9e206 gb-headline-text gb-headline-mt-heading\"> Obtenga m\u00e1s informaci\u00f3n sobre <a href=\"https:\/\/exceladvisor.org\/es\/formato-condicional\/\">el formato condicional<\/a> <\/h2>\n<div class=\"gb-grid-wrapper gb-grid-wrapper-790317cb gb-grid-wrapper-mt-grid\">\n<div class=\"gb-grid-column gb-grid-column-a9845ede\">\n<div class=\"gb-container gb-container-a9845ede\">\n<ul>\n<li> <a href=\"https:\/\/exceladvisor.org\/es\/aplicar-formato-condicional\/\">Aplicar formato condicional a una tabla din\u00e1mica<\/a><\/li>\n<li> <a href=\"https:\/\/exceladvisor.org\/es\/retirar\/\">Eliminar formato condicional<\/a><\/li>\n<li> <a href=\"https:\/\/exceladvisor.org\/es\/celdas-vacias\/\">Aplicar formato condicional en celdas en blanco en Excel<\/a><\/li>\n<li> <a href=\"https:\/\/exceladvisor.org\/es\/comparar-columnas\/\">Compare dos columnas usando formato condicional<\/a> <\/li>\n<\/ul>\n<\/div>\n<\/div>\n<div class=\"gb-grid-column gb-grid-column-ec8ff319\">\n<div class=\"gb-container gb-container-ec8ff319\"><\/div>\n<\/div>\n<\/div>\n<\/div>\n","protected":false},"excerpt":{"rendered":"<p>En Excel, cuando usas formato condicional, es probable que lo apliques, pero no funciona. Y en esta situaci\u00f3n, necesitas solucionar el problema del formato que utilizaste. Al aplicar formato condicional predefinido, es posible que no encuentre problemas, pero al utilizar f\u00f3rmulas personalizadas, existe la posibilidad. Referencia incorrecta Cuando aplica formato condicional usando la f\u00f3rmula, puede [&hellip;]<\/p>\n","protected":false},"author":1,"featured_media":0,"parent":0,"menu_order":0,"comment_status":"open","ping_status":"closed","template":"","meta":{"ub_ctt_via":"","footnotes":""},"class_list":["post-287","page","type-page","status-publish","hentry"],"featured_image_src":null,"yoast_head":"<!-- This site is optimized with the Yoast SEO plugin v25.4 - https:\/\/yoast.com\/wordpress\/plugins\/seo\/ -->\n<title>\u00bfcu\u00e1ndo funciona el formato condicional?<\/title>\n<meta name=\"robots\" content=\"index, follow, max-snippet:-1, max-image-preview:large, max-video-preview:-1\" \/>\n<link rel=\"canonical\" href=\"https:\/\/exceladvisor.org\/es\/no-funciona\/\" \/>\n<meta property=\"og:locale\" content=\"es_ES\" \/>\n<meta property=\"og:type\" content=\"article\" \/>\n<meta property=\"og:title\" content=\"\u00bfcu\u00e1ndo funciona el formato condicional?\" \/>\n<meta property=\"og:description\" content=\"En Excel, cuando usas formato condicional, es probable que lo apliques, pero no funciona. Y en esta situaci\u00f3n, necesitas solucionar el problema del formato que utilizaste. Al aplicar formato condicional predefinido, es posible que no encuentre problemas, pero al utilizar f\u00f3rmulas personalizadas, existe la posibilidad. Referencia incorrecta Cuando aplica formato condicional usando la f\u00f3rmula, puede [&hellip;]\" \/>\n<meta property=\"og:url\" content=\"https:\/\/exceladvisor.org\/es\/no-funciona\/\" \/>\n<meta property=\"og:site_name\" content=\"Excel Advisor\" \/>\n<meta property=\"article:modified_time\" content=\"2023-12-25T10:32:05+00:00\" \/>\n<meta property=\"og:image\" content=\"https:\/\/exceladvisor.org\/wp-content\/uploads\/2023\/08\/1-reference-erronee.png\" \/>\n<meta name=\"twitter:card\" content=\"summary_large_image\" \/>\n<meta name=\"twitter:label1\" content=\"Tiempo de lectura\" \/>\n\t<meta name=\"twitter:data1\" content=\"2 minutos\" \/>\n<script type=\"application\/ld+json\" class=\"yoast-schema-graph\">{\"@context\":\"https:\/\/schema.org\",\"@graph\":[{\"@type\":\"WebPage\",\"@id\":\"https:\/\/exceladvisor.org\/es\/no-funciona\/\",\"url\":\"https:\/\/exceladvisor.org\/es\/no-funciona\/\",\"name\":\"\u00bfcu\u00e1ndo funciona el formato condicional?\",\"isPartOf\":{\"@id\":\"https:\/\/exceladvisor.org\/es\/#website\"},\"primaryImageOfPage\":{\"@id\":\"https:\/\/exceladvisor.org\/es\/no-funciona\/#primaryimage\"},\"image\":{\"@id\":\"https:\/\/exceladvisor.org\/es\/no-funciona\/#primaryimage\"},\"thumbnailUrl\":\"https:\/\/exceladvisor.org\/wp-content\/uploads\/2023\/08\/1-reference-erronee.png\",\"datePublished\":\"2023-11-06T17:36:48+00:00\",\"dateModified\":\"2023-12-25T10:32:05+00:00\",\"breadcrumb\":{\"@id\":\"https:\/\/exceladvisor.org\/es\/no-funciona\/#breadcrumb\"},\"inLanguage\":\"es\",\"potentialAction\":[{\"@type\":\"ReadAction\",\"target\":[\"https:\/\/exceladvisor.org\/es\/no-funciona\/\"]}]},{\"@type\":\"ImageObject\",\"inLanguage\":\"es\",\"@id\":\"https:\/\/exceladvisor.org\/es\/no-funciona\/#primaryimage\",\"url\":\"https:\/\/exceladvisor.org\/wp-content\/uploads\/2023\/08\/1-reference-erronee.png\",\"contentUrl\":\"https:\/\/exceladvisor.org\/wp-content\/uploads\/2023\/08\/1-reference-erronee.png\"},{\"@type\":\"BreadcrumbList\",\"@id\":\"https:\/\/exceladvisor.org\/es\/no-funciona\/#breadcrumb\",\"itemListElement\":[{\"@type\":\"ListItem\",\"position\":1,\"name\":\"Hogar\",\"item\":\"https:\/\/exceladvisor.org\/es\/\"},{\"@type\":\"ListItem\",\"position\":2,\"name\":\"\u00bfcu\u00e1ndo funciona el formato condicional?\"}]},{\"@type\":\"WebSite\",\"@id\":\"https:\/\/exceladvisor.org\/es\/#website\",\"url\":\"https:\/\/exceladvisor.org\/es\/\",\"name\":\"Excel Advisor\",\"description\":\"Su gu\u00eda para la dominaci\u00f3n de datos!\",\"publisher\":{\"@id\":\"https:\/\/exceladvisor.org\/es\/#organization\"},\"potentialAction\":[{\"@type\":\"SearchAction\",\"target\":{\"@type\":\"EntryPoint\",\"urlTemplate\":\"https:\/\/exceladvisor.org\/es\/?s={search_term_string}\"},\"query-input\":{\"@type\":\"PropertyValueSpecification\",\"valueRequired\":true,\"valueName\":\"search_term_string\"}}],\"inLanguage\":\"es\"},{\"@type\":\"Organization\",\"@id\":\"https:\/\/exceladvisor.org\/es\/#organization\",\"name\":\"Excel Advisor\",\"url\":\"https:\/\/exceladvisor.org\/es\/\",\"logo\":{\"@type\":\"ImageObject\",\"inLanguage\":\"es\",\"@id\":\"https:\/\/exceladvisor.org\/es\/#\/schema\/logo\/image\/\",\"url\":\"https:\/\/exceladvisor.org\/es\/wp-content\/uploads\/2023\/12\/exceladvisor.org_.png\",\"contentUrl\":\"https:\/\/exceladvisor.org\/es\/wp-content\/uploads\/2023\/12\/exceladvisor.org_.png\",\"width\":105,\"height\":36,\"caption\":\"Excel Advisor\"},\"image\":{\"@id\":\"https:\/\/exceladvisor.org\/es\/#\/schema\/logo\/image\/\"}}]}<\/script>\n<!-- \/ Yoast SEO plugin. -->","yoast_head_json":{"title":"\u00bfcu\u00e1ndo funciona el formato condicional?","robots":{"index":"index","follow":"follow","max-snippet":"max-snippet:-1","max-image-preview":"max-image-preview:large","max-video-preview":"max-video-preview:-1"},"canonical":"https:\/\/exceladvisor.org\/es\/no-funciona\/","og_locale":"es_ES","og_type":"article","og_title":"\u00bfcu\u00e1ndo funciona el formato condicional?","og_description":"En Excel, cuando usas formato condicional, es probable que lo apliques, pero no funciona. Y en esta situaci\u00f3n, necesitas solucionar el problema del formato que utilizaste. Al aplicar formato condicional predefinido, es posible que no encuentre problemas, pero al utilizar f\u00f3rmulas personalizadas, existe la posibilidad. Referencia incorrecta Cuando aplica formato condicional usando la f\u00f3rmula, puede [&hellip;]","og_url":"https:\/\/exceladvisor.org\/es\/no-funciona\/","og_site_name":"Excel Advisor","article_modified_time":"2023-12-25T10:32:05+00:00","og_image":[{"url":"https:\/\/exceladvisor.org\/wp-content\/uploads\/2023\/08\/1-reference-erronee.png","type":"","width":"","height":""}],"twitter_card":"summary_large_image","twitter_misc":{"Tiempo de lectura":"2 minutos"},"schema":{"@context":"https:\/\/schema.org","@graph":[{"@type":"WebPage","@id":"https:\/\/exceladvisor.org\/es\/no-funciona\/","url":"https:\/\/exceladvisor.org\/es\/no-funciona\/","name":"\u00bfcu\u00e1ndo funciona el formato condicional?","isPartOf":{"@id":"https:\/\/exceladvisor.org\/es\/#website"},"primaryImageOfPage":{"@id":"https:\/\/exceladvisor.org\/es\/no-funciona\/#primaryimage"},"image":{"@id":"https:\/\/exceladvisor.org\/es\/no-funciona\/#primaryimage"},"thumbnailUrl":"https:\/\/exceladvisor.org\/wp-content\/uploads\/2023\/08\/1-reference-erronee.png","datePublished":"2023-11-06T17:36:48+00:00","dateModified":"2023-12-25T10:32:05+00:00","breadcrumb":{"@id":"https:\/\/exceladvisor.org\/es\/no-funciona\/#breadcrumb"},"inLanguage":"es","potentialAction":[{"@type":"ReadAction","target":["https:\/\/exceladvisor.org\/es\/no-funciona\/"]}]},{"@type":"ImageObject","inLanguage":"es","@id":"https:\/\/exceladvisor.org\/es\/no-funciona\/#primaryimage","url":"https:\/\/exceladvisor.org\/wp-content\/uploads\/2023\/08\/1-reference-erronee.png","contentUrl":"https:\/\/exceladvisor.org\/wp-content\/uploads\/2023\/08\/1-reference-erronee.png"},{"@type":"BreadcrumbList","@id":"https:\/\/exceladvisor.org\/es\/no-funciona\/#breadcrumb","itemListElement":[{"@type":"ListItem","position":1,"name":"Hogar","item":"https:\/\/exceladvisor.org\/es\/"},{"@type":"ListItem","position":2,"name":"\u00bfcu\u00e1ndo funciona el formato condicional?"}]},{"@type":"WebSite","@id":"https:\/\/exceladvisor.org\/es\/#website","url":"https:\/\/exceladvisor.org\/es\/","name":"Excel Advisor","description":"Su gu\u00eda para la dominaci\u00f3n de datos!","publisher":{"@id":"https:\/\/exceladvisor.org\/es\/#organization"},"potentialAction":[{"@type":"SearchAction","target":{"@type":"EntryPoint","urlTemplate":"https:\/\/exceladvisor.org\/es\/?s={search_term_string}"},"query-input":{"@type":"PropertyValueSpecification","valueRequired":true,"valueName":"search_term_string"}}],"inLanguage":"es"},{"@type":"Organization","@id":"https:\/\/exceladvisor.org\/es\/#organization","name":"Excel Advisor","url":"https:\/\/exceladvisor.org\/es\/","logo":{"@type":"ImageObject","inLanguage":"es","@id":"https:\/\/exceladvisor.org\/es\/#\/schema\/logo\/image\/","url":"https:\/\/exceladvisor.org\/es\/wp-content\/uploads\/2023\/12\/exceladvisor.org_.png","contentUrl":"https:\/\/exceladvisor.org\/es\/wp-content\/uploads\/2023\/12\/exceladvisor.org_.png","width":105,"height":36,"caption":"Excel Advisor"},"image":{"@id":"https:\/\/exceladvisor.org\/es\/#\/schema\/logo\/image\/"}}]}},"yoast_meta":{"yoast_wpseo_title":"","yoast_wpseo_metadesc":"","yoast_wpseo_canonical":""},"_links":{"self":[{"href":"https:\/\/exceladvisor.org\/es\/wp-json\/wp\/v2\/pages\/287","targetHints":{"allow":["GET"]}}],"collection":[{"href":"https:\/\/exceladvisor.org\/es\/wp-json\/wp\/v2\/pages"}],"about":[{"href":"https:\/\/exceladvisor.org\/es\/wp-json\/wp\/v2\/types\/page"}],"author":[{"embeddable":true,"href":"https:\/\/exceladvisor.org\/es\/wp-json\/wp\/v2\/users\/1"}],"replies":[{"embeddable":true,"href":"https:\/\/exceladvisor.org\/es\/wp-json\/wp\/v2\/comments?post=287"}],"version-history":[{"count":1,"href":"https:\/\/exceladvisor.org\/es\/wp-json\/wp\/v2\/pages\/287\/revisions"}],"predecessor-version":[{"id":1398,"href":"https:\/\/exceladvisor.org\/es\/wp-json\/wp\/v2\/pages\/287\/revisions\/1398"}],"wp:attachment":[{"href":"https:\/\/exceladvisor.org\/es\/wp-json\/wp\/v2\/media?parent=287"}],"curies":[{"name":"wp","href":"https:\/\/api.w.org\/{rel}","templated":true}]}}