{"id":288,"date":"2023-11-06T17:32:27","date_gmt":"2023-11-06T17:32:27","guid":{"rendered":"https:\/\/exceladvisor.org\/es\/multiples-condiciones\/"},"modified":"2023-12-25T10:23:29","modified_gmt":"2023-12-25T10:23:29","slug":"multiples-condiciones","status":"publish","type":"page","link":"https:\/\/exceladvisor.org\/es\/multiples-condiciones\/","title":{"rendered":"\u00bfc\u00f3mo aplicar m\u00faltiples condiciones en excel?"},"content":{"rendered":"<div class=\"excel-antes-del-contenido\" id=\"excel-368824549\"><script type=\"text\/javascript\">\r\n\tatOptions = {\r\n\t\t'key' : 'c1158f160081d6540a8409e6925dab94',\r\n\t\t'format' : 'iframe',\r\n\t\t'height' : 250,\r\n\t\t'width' : 300,\r\n\t\t'params' : {}\r\n\t};\r\n<\/script>\r\n<script type=\"text\/javascript\" src=\"\/\/www.highperformanceformat.com\/c1158f160081d6540a8409e6925dab94\/invoke.js\"><\/script><\/div><p>En Excel, puede utilizar el formato condicional para aplicar varias condiciones a una sola celda o a un rango de celdas. Y hay dos formas de hacerlo:<\/p>\n<ul>\n<li> Aplica la regla dos veces.<\/li>\n<li> O usa una f\u00f3rmula para probar dos condiciones al mismo tiempo.<\/li>\n<\/ul>\n<p> En este tutorial, aprenderemos c\u00f3mo utilizar estos m\u00e9todos en detalle.<\/p>\n<h2 class=\"wp-block-heading\"> M\u00faltiples condiciones en formato condicional (2 condiciones)<\/h2>\n<ol>\n<li> Primero, seleccione el rango de celdas donde desea aplicar las condiciones y vaya a Formato condicional &gt; Reglas de resaltado de celdas &gt; Mayor que. <br \/><img loading=\"lazy\" decoding=\"async\" title=\"1-m\u00faltiples-condiciones-en-formato-condicional\" src=\"https:\/\/exceladvisor.org\/wp-content\/uploads\/2023\/08\/1-conditions-multiples-dans-la-mise-en-forme-conditionnelle.png\" sizes=\"auto, \" srcset=\"\" alt=\"1-multiple-conditions-in-conditional-formatting\" width=\"443\" height=\"397\"><\/li>\n<li> Desde all\u00ed, en el cuadro de di\u00e1logo, ingrese 1500 y seleccione el formato que se aplicar\u00e1 a las celdas superiores a 1500. Una vez que haya hecho eso, haga clic en Aceptar para aplicar la regla. <br \/><img loading=\"lazy\" decoding=\"async\" title=\"2-ingrese-valor-mayor-que\" src=\"https:\/\/exceladvisor.org\/wp-content\/uploads\/2023\/08\/2-entrer-la-valeur-superieure-a.png\" sizes=\"auto, \" srcset=\"\" alt=\"2-enter-the-value-greater-than\" width=\"522\" height=\"348\"><\/li>\n<li> Nuevamente, vaya a Formato condicional &gt; Regla de resaltado de celdas &gt; Menos que. <br \/><img loading=\"lazy\" decoding=\"async\" title=\"3-formato-condicional-menor-que\" src=\"https:\/\/exceladvisor.org\/wp-content\/uploads\/2023\/08\/3-mise-en-forme-conditionnelle-moins-de.png\" sizes=\"auto, \" srcset=\"\" alt=\"3-conditonal-formatting-less-than\" width=\"442\" height=\"449\"><\/li>\n<li> Despu\u00e9s de eso, en el cuadro de di\u00e1logo, ingrese el 700 y seleccione el formato que desea aplicar al rango. Una vez hecho esto, haga clic en Aceptar y aplique la regla. <br \/><img loading=\"lazy\" decoding=\"async\" title=\"4-ingrese-valor-menor-que\" src=\"https:\/\/exceladvisor.org\/wp-content\/uploads\/2023\/08\/4-entrez-la-valeur-inferieure-a.png\" sizes=\"auto, \" srcset=\"\" alt=\"4-enter-the-less-than-value\" width=\"516\" height=\"342\"><\/li>\n<\/ol>\n<p> Ahora aqu\u00ed tienes dos condiciones aplicadas al mismo rango de celdas. En la primera condici\u00f3n resalta las celdas con un valor mayor a 1500; en la segunda condici\u00f3n, resalta las celdas cuyo valor es inferior a 700.<\/p>\n<h2 class=\"wp-block-heading\"> M\u00faltiples condiciones en formato condicional (f\u00f3rmula \u00fanica)<\/h2>\n<p> En esta parte de la condici\u00f3n, debes usar la f\u00f3rmula para probar dos condiciones en una regla.<\/p>\n<ol>\n<li> Primero, seleccione el rango de celdas y vaya a Formato condicional &gt; Nueva regla. <br \/><img loading=\"lazy\" decoding=\"async\" title=\"5-formato-condicional-nueva-regla\" src=\"https:\/\/exceladvisor.org\/wp-content\/uploads\/2023\/08\/5-nouvelle-regle-de-mise-en-forme-conditionnelle.png\" sizes=\"auto, \" srcset=\"\" alt=\"5-conditional-formatting-new-rule\" width=\"316\" height=\"411\"><\/li>\n<li> En el cuadro de di\u00e1logo, haga clic en \u00abUsar una f\u00f3rmula para determinar a qu\u00e9 celda formatear\u00bb. <br \/><img loading=\"lazy\" decoding=\"async\" title=\"6-selecciona-usa-una-f\u00f3rmula-para-determinar-la-c\u00e9lula\" src=\"https:\/\/exceladvisor.org\/wp-content\/uploads\/2023\/08\/6-selectionner-utiliser-une-formule-pour-determiner-la-cellule.png\" sizes=\"auto, \" srcset=\"\" alt=\"6-select-use-a-formula-to-determine-cell\" width=\"516\" height=\"194\"><\/li>\n<li> Despu\u00e9s de eso, en la barra de entrada de f\u00f3rmulas, ingrese la f\u00f3rmula =SI(O(A1&gt;1500,A1&lt;700),VERDADERO,FALSO), luego haga clic en \u00abFormato&#8230;\u00bb para especificar el formato que desea aplicar a las celdas. <br \/><img loading=\"lazy\" decoding=\"async\" title=\"7-ingresar-f\u00f3rmula-en-la-barra-de-entrada-de-f\u00f3rmulas\" src=\"https:\/\/exceladvisor.org\/wp-content\/uploads\/2023\/08\/7-entrer-la-formule-dans-la-barre-de-saisie-de-formule.png\" sizes=\"auto, \" srcset=\"\" alt=\"7-enter-formula-in-formula-input-bar\" width=\"504\" height=\"186\"><\/li>\n<li> Al final, haga clic en Aceptar para aplicar la regla.<\/li>\n<\/ol>\n<p> Ahora tienes todas las celdas resaltadas con valores menores a 700 o mayores a 1500.<\/p>\n<h2 class=\"wp-block-heading\"> Usar m\u00faltiples condiciones con m\u00faltiples columnas<\/h2>\n<p> Si desea resaltar celdas aplicando m\u00faltiples condiciones a dos columnas diferentes, puede hacerlo. <\/p>\n<div class=\"wp-block-image\">\n<figure class=\"aligncenter size-full is-resized\"><img loading=\"lazy\" decoding=\"async\" class=\"wp-image-90928\" src=\"https:\/\/exceladvisor.org\/wp-content\/uploads\/2023\/08\/8-utiliser-plusieurs-conditions-avec-plusieurs-colonnes.png\" sizes=\"auto, \" srcset=\"\" alt=\"usar-m\u00faltiples-condiciones-con-m\u00faltiples-columnas\" width=\"688\" height=\"465\"><\/figure>\n<\/div>\n<pre class=\"wp-block-code\"> <code class=\"language-excel-formula\" lang=\"excel-formula\">=IF(AND(B1=\"a\",OR(A1&lt;700,A1&gt;1500)),TRUE,FALSE)<\/code><\/pre>\n<p> En el formato condicional anterior, utilizamos tres condiciones para realizar la prueba:<\/p>\n<ul>\n<li> En la columna B, deber\u00eda ser el valor \u201ca\u201d.<\/li>\n<li> Y en la columna A, el valor debe ser menor que 700 o mayor que 1500.<\/li>\n<\/ul>\n<p> Esto significa que primero probar\u00e1 una condici\u00f3n en la columna B, luego pasar\u00e1 a la columna A y probar\u00e1 dos condiciones m\u00e1s para resaltar las celdas. <\/p>\n<div class=\"gb-container gb-container-52dfcee1 gb-container-sample-file\">\n<h2 class=\"gb-headline gb-headline-e289c143 gb-headline-text gb-headline-4f7959c2\"> Obtener el archivo Excel<\/h2>\n<p> <a class=\"gb-button gb-button-e88d6bee gb-button-text gb-button-button1\" href=\"https:\/\/exceladvisor.org\/wp-content\/uploads\/2023\/11\/conditions-multiples-mise-en-forme-conditionnelle.xlsx\" rel=\"nofollow\">Descargar<\/a><\/div>\n<div class=\"gb-container gb-container-6076ba72 gb-container-mt\"> <a class=\"gb-button gb-button-76e6a499 gb-button-text gb-button-mt-button\" href=\"https:\/\/exceladvisor.org\/es\/conceptos-basicos-de-excel\/\">Aprende los conceptos b\u00e1sicos de Excel<\/a><\/p>\n<h2 class=\"gb-headline gb-headline-a9e9e206 gb-headline-text gb-headline-mt-heading\"> Obtenga m\u00e1s informaci\u00f3n sobre <a href=\"https:\/\/exceladvisor.org\/es\/formato-condicional\/\">el formato condicional<\/a> <\/h2>\n<div class=\"gb-grid-wrapper gb-grid-wrapper-790317cb gb-grid-wrapper-mt-grid\">\n<div class=\"gb-grid-column gb-grid-column-a9845ede\">\n<div class=\"gb-container gb-container-a9845ede\">\n<ul>\n<li> <a href=\"https:\/\/exceladvisor.org\/es\/aplicar-formato-condicional\/\">Aplicar formato condicional a una tabla din\u00e1mica<\/a><\/li>\n<li> <a href=\"https:\/\/exceladvisor.org\/es\/retirar\/\">Eliminar formato condicional<\/a><\/li>\n<li> <a href=\"https:\/\/exceladvisor.org\/es\/celdas-vacias\/\">Aplicar formato condicional en celdas en blanco en Excel<\/a><\/li>\n<li> <a href=\"https:\/\/exceladvisor.org\/es\/comparar-columnas\/\">Compare dos columnas usando formato condicional<\/a><\/li>\n<\/ul>\n<\/div>\n<\/div>\n<\/div>\n<\/div>\n","protected":false},"excerpt":{"rendered":"<p>En Excel, puede utilizar el formato condicional para aplicar varias condiciones a una sola celda o a un rango de celdas. Y hay dos formas de hacerlo: Aplica la regla dos veces. O usa una f\u00f3rmula para probar dos condiciones al mismo tiempo. En este tutorial, aprenderemos c\u00f3mo utilizar estos m\u00e9todos en detalle. M\u00faltiples condiciones [&hellip;]<\/p>\n","protected":false},"author":1,"featured_media":0,"parent":0,"menu_order":0,"comment_status":"open","ping_status":"closed","template":"","meta":{"ub_ctt_via":"","footnotes":""},"class_list":["post-288","page","type-page","status-publish","hentry"],"featured_image_src":null,"yoast_head":"<!-- This site is optimized with the Yoast SEO plugin v25.4 - https:\/\/yoast.com\/wordpress\/plugins\/seo\/ -->\n<title>\u00bfc\u00f3mo aplicar m\u00faltiples condiciones en excel?<\/title>\n<meta name=\"robots\" content=\"index, follow, max-snippet:-1, max-image-preview:large, max-video-preview:-1\" \/>\n<link rel=\"canonical\" href=\"https:\/\/exceladvisor.org\/es\/multiples-condiciones\/\" \/>\n<meta property=\"og:locale\" content=\"es_ES\" \/>\n<meta property=\"og:type\" content=\"article\" \/>\n<meta property=\"og:title\" content=\"\u00bfc\u00f3mo aplicar m\u00faltiples condiciones en excel?\" \/>\n<meta property=\"og:description\" content=\"En Excel, puede utilizar el formato condicional para aplicar varias condiciones a una sola celda o a un rango de celdas. Y hay dos formas de hacerlo: Aplica la regla dos veces. O usa una f\u00f3rmula para probar dos condiciones al mismo tiempo. En este tutorial, aprenderemos c\u00f3mo utilizar estos m\u00e9todos en detalle. M\u00faltiples condiciones [&hellip;]\" \/>\n<meta property=\"og:url\" content=\"https:\/\/exceladvisor.org\/es\/multiples-condiciones\/\" \/>\n<meta property=\"og:site_name\" content=\"Excel Advisor\" \/>\n<meta property=\"article:modified_time\" content=\"2023-12-25T10:23:29+00:00\" \/>\n<meta property=\"og:image\" content=\"https:\/\/exceladvisor.org\/wp-content\/uploads\/2023\/08\/1-conditions-multiples-dans-la-mise-en-forme-conditionnelle.png\" \/>\n<meta name=\"twitter:card\" content=\"summary_large_image\" \/>\n<meta name=\"twitter:label1\" content=\"Tiempo de lectura\" \/>\n\t<meta name=\"twitter:data1\" content=\"2 minutos\" \/>\n<script type=\"application\/ld+json\" class=\"yoast-schema-graph\">{\"@context\":\"https:\/\/schema.org\",\"@graph\":[{\"@type\":\"WebPage\",\"@id\":\"https:\/\/exceladvisor.org\/es\/multiples-condiciones\/\",\"url\":\"https:\/\/exceladvisor.org\/es\/multiples-condiciones\/\",\"name\":\"\u00bfc\u00f3mo aplicar m\u00faltiples condiciones en excel?\",\"isPartOf\":{\"@id\":\"https:\/\/exceladvisor.org\/es\/#website\"},\"primaryImageOfPage\":{\"@id\":\"https:\/\/exceladvisor.org\/es\/multiples-condiciones\/#primaryimage\"},\"image\":{\"@id\":\"https:\/\/exceladvisor.org\/es\/multiples-condiciones\/#primaryimage\"},\"thumbnailUrl\":\"https:\/\/exceladvisor.org\/wp-content\/uploads\/2023\/08\/1-conditions-multiples-dans-la-mise-en-forme-conditionnelle.png\",\"datePublished\":\"2023-11-06T17:32:27+00:00\",\"dateModified\":\"2023-12-25T10:23:29+00:00\",\"breadcrumb\":{\"@id\":\"https:\/\/exceladvisor.org\/es\/multiples-condiciones\/#breadcrumb\"},\"inLanguage\":\"es\",\"potentialAction\":[{\"@type\":\"ReadAction\",\"target\":[\"https:\/\/exceladvisor.org\/es\/multiples-condiciones\/\"]}]},{\"@type\":\"ImageObject\",\"inLanguage\":\"es\",\"@id\":\"https:\/\/exceladvisor.org\/es\/multiples-condiciones\/#primaryimage\",\"url\":\"https:\/\/exceladvisor.org\/wp-content\/uploads\/2023\/08\/1-conditions-multiples-dans-la-mise-en-forme-conditionnelle.png\",\"contentUrl\":\"https:\/\/exceladvisor.org\/wp-content\/uploads\/2023\/08\/1-conditions-multiples-dans-la-mise-en-forme-conditionnelle.png\"},{\"@type\":\"BreadcrumbList\",\"@id\":\"https:\/\/exceladvisor.org\/es\/multiples-condiciones\/#breadcrumb\",\"itemListElement\":[{\"@type\":\"ListItem\",\"position\":1,\"name\":\"Hogar\",\"item\":\"https:\/\/exceladvisor.org\/es\/\"},{\"@type\":\"ListItem\",\"position\":2,\"name\":\"\u00bfc\u00f3mo aplicar m\u00faltiples condiciones en excel?\"}]},{\"@type\":\"WebSite\",\"@id\":\"https:\/\/exceladvisor.org\/es\/#website\",\"url\":\"https:\/\/exceladvisor.org\/es\/\",\"name\":\"Excel Advisor\",\"description\":\"Su gu\u00eda para la dominaci\u00f3n de datos!\",\"publisher\":{\"@id\":\"https:\/\/exceladvisor.org\/es\/#organization\"},\"potentialAction\":[{\"@type\":\"SearchAction\",\"target\":{\"@type\":\"EntryPoint\",\"urlTemplate\":\"https:\/\/exceladvisor.org\/es\/?s={search_term_string}\"},\"query-input\":{\"@type\":\"PropertyValueSpecification\",\"valueRequired\":true,\"valueName\":\"search_term_string\"}}],\"inLanguage\":\"es\"},{\"@type\":\"Organization\",\"@id\":\"https:\/\/exceladvisor.org\/es\/#organization\",\"name\":\"Excel Advisor\",\"url\":\"https:\/\/exceladvisor.org\/es\/\",\"logo\":{\"@type\":\"ImageObject\",\"inLanguage\":\"es\",\"@id\":\"https:\/\/exceladvisor.org\/es\/#\/schema\/logo\/image\/\",\"url\":\"https:\/\/exceladvisor.org\/es\/wp-content\/uploads\/2023\/12\/exceladvisor.org_.png\",\"contentUrl\":\"https:\/\/exceladvisor.org\/es\/wp-content\/uploads\/2023\/12\/exceladvisor.org_.png\",\"width\":105,\"height\":36,\"caption\":\"Excel Advisor\"},\"image\":{\"@id\":\"https:\/\/exceladvisor.org\/es\/#\/schema\/logo\/image\/\"}}]}<\/script>\n<!-- \/ Yoast SEO plugin. -->","yoast_head_json":{"title":"\u00bfc\u00f3mo aplicar m\u00faltiples condiciones en excel?","robots":{"index":"index","follow":"follow","max-snippet":"max-snippet:-1","max-image-preview":"max-image-preview:large","max-video-preview":"max-video-preview:-1"},"canonical":"https:\/\/exceladvisor.org\/es\/multiples-condiciones\/","og_locale":"es_ES","og_type":"article","og_title":"\u00bfc\u00f3mo aplicar m\u00faltiples condiciones en excel?","og_description":"En Excel, puede utilizar el formato condicional para aplicar varias condiciones a una sola celda o a un rango de celdas. Y hay dos formas de hacerlo: Aplica la regla dos veces. O usa una f\u00f3rmula para probar dos condiciones al mismo tiempo. En este tutorial, aprenderemos c\u00f3mo utilizar estos m\u00e9todos en detalle. M\u00faltiples condiciones [&hellip;]","og_url":"https:\/\/exceladvisor.org\/es\/multiples-condiciones\/","og_site_name":"Excel Advisor","article_modified_time":"2023-12-25T10:23:29+00:00","og_image":[{"url":"https:\/\/exceladvisor.org\/wp-content\/uploads\/2023\/08\/1-conditions-multiples-dans-la-mise-en-forme-conditionnelle.png","type":"","width":"","height":""}],"twitter_card":"summary_large_image","twitter_misc":{"Tiempo de lectura":"2 minutos"},"schema":{"@context":"https:\/\/schema.org","@graph":[{"@type":"WebPage","@id":"https:\/\/exceladvisor.org\/es\/multiples-condiciones\/","url":"https:\/\/exceladvisor.org\/es\/multiples-condiciones\/","name":"\u00bfc\u00f3mo aplicar m\u00faltiples condiciones en excel?","isPartOf":{"@id":"https:\/\/exceladvisor.org\/es\/#website"},"primaryImageOfPage":{"@id":"https:\/\/exceladvisor.org\/es\/multiples-condiciones\/#primaryimage"},"image":{"@id":"https:\/\/exceladvisor.org\/es\/multiples-condiciones\/#primaryimage"},"thumbnailUrl":"https:\/\/exceladvisor.org\/wp-content\/uploads\/2023\/08\/1-conditions-multiples-dans-la-mise-en-forme-conditionnelle.png","datePublished":"2023-11-06T17:32:27+00:00","dateModified":"2023-12-25T10:23:29+00:00","breadcrumb":{"@id":"https:\/\/exceladvisor.org\/es\/multiples-condiciones\/#breadcrumb"},"inLanguage":"es","potentialAction":[{"@type":"ReadAction","target":["https:\/\/exceladvisor.org\/es\/multiples-condiciones\/"]}]},{"@type":"ImageObject","inLanguage":"es","@id":"https:\/\/exceladvisor.org\/es\/multiples-condiciones\/#primaryimage","url":"https:\/\/exceladvisor.org\/wp-content\/uploads\/2023\/08\/1-conditions-multiples-dans-la-mise-en-forme-conditionnelle.png","contentUrl":"https:\/\/exceladvisor.org\/wp-content\/uploads\/2023\/08\/1-conditions-multiples-dans-la-mise-en-forme-conditionnelle.png"},{"@type":"BreadcrumbList","@id":"https:\/\/exceladvisor.org\/es\/multiples-condiciones\/#breadcrumb","itemListElement":[{"@type":"ListItem","position":1,"name":"Hogar","item":"https:\/\/exceladvisor.org\/es\/"},{"@type":"ListItem","position":2,"name":"\u00bfc\u00f3mo aplicar m\u00faltiples condiciones en excel?"}]},{"@type":"WebSite","@id":"https:\/\/exceladvisor.org\/es\/#website","url":"https:\/\/exceladvisor.org\/es\/","name":"Excel Advisor","description":"Su gu\u00eda para la dominaci\u00f3n de datos!","publisher":{"@id":"https:\/\/exceladvisor.org\/es\/#organization"},"potentialAction":[{"@type":"SearchAction","target":{"@type":"EntryPoint","urlTemplate":"https:\/\/exceladvisor.org\/es\/?s={search_term_string}"},"query-input":{"@type":"PropertyValueSpecification","valueRequired":true,"valueName":"search_term_string"}}],"inLanguage":"es"},{"@type":"Organization","@id":"https:\/\/exceladvisor.org\/es\/#organization","name":"Excel Advisor","url":"https:\/\/exceladvisor.org\/es\/","logo":{"@type":"ImageObject","inLanguage":"es","@id":"https:\/\/exceladvisor.org\/es\/#\/schema\/logo\/image\/","url":"https:\/\/exceladvisor.org\/es\/wp-content\/uploads\/2023\/12\/exceladvisor.org_.png","contentUrl":"https:\/\/exceladvisor.org\/es\/wp-content\/uploads\/2023\/12\/exceladvisor.org_.png","width":105,"height":36,"caption":"Excel Advisor"},"image":{"@id":"https:\/\/exceladvisor.org\/es\/#\/schema\/logo\/image\/"}}]}},"yoast_meta":{"yoast_wpseo_title":"","yoast_wpseo_metadesc":"","yoast_wpseo_canonical":""},"_links":{"self":[{"href":"https:\/\/exceladvisor.org\/es\/wp-json\/wp\/v2\/pages\/288","targetHints":{"allow":["GET"]}}],"collection":[{"href":"https:\/\/exceladvisor.org\/es\/wp-json\/wp\/v2\/pages"}],"about":[{"href":"https:\/\/exceladvisor.org\/es\/wp-json\/wp\/v2\/types\/page"}],"author":[{"embeddable":true,"href":"https:\/\/exceladvisor.org\/es\/wp-json\/wp\/v2\/users\/1"}],"replies":[{"embeddable":true,"href":"https:\/\/exceladvisor.org\/es\/wp-json\/wp\/v2\/comments?post=288"}],"version-history":[{"count":1,"href":"https:\/\/exceladvisor.org\/es\/wp-json\/wp\/v2\/pages\/288\/revisions"}],"predecessor-version":[{"id":848,"href":"https:\/\/exceladvisor.org\/es\/wp-json\/wp\/v2\/pages\/288\/revisions\/848"}],"wp:attachment":[{"href":"https:\/\/exceladvisor.org\/es\/wp-json\/wp\/v2\/media?parent=288"}],"curies":[{"name":"wp","href":"https:\/\/api.w.org\/{rel}","templated":true}]}}