{"id":289,"date":"2023-11-06T16:32:59","date_gmt":"2023-11-06T16:32:59","guid":{"rendered":"https:\/\/exceladvisor.org\/es\/otra-celda\/"},"modified":"2023-12-25T10:33:09","modified_gmt":"2023-12-25T10:33:09","slug":"otra-celda","status":"publish","type":"page","link":"https:\/\/exceladvisor.org\/es\/otra-celda\/","title":{"rendered":"Formato condicional usando otra celda"},"content":{"rendered":"<div class=\"excel-antes-del-contenido\" id=\"excel-846226202\"><script type=\"text\/javascript\">\r\n\tatOptions = {\r\n\t\t'key' : 'c1158f160081d6540a8409e6925dab94',\r\n\t\t'format' : 'iframe',\r\n\t\t'height' : 250,\r\n\t\t'width' : 300,\r\n\t\t'params' : {}\r\n\t};\r\n<\/script>\r\n<script type=\"text\/javascript\" src=\"\/\/www.highperformanceformat.com\/c1158f160081d6540a8409e6925dab94\/invoke.js\"><\/script><\/div><p>En Excel, puede utilizar formato condicional basado en otra celda. Para hacer esto, debe utilizar una f\u00f3rmula personalizada en la regla. <\/p>\n<div class=\"wp-block-image\">\n<figure class=\"aligncenter size-full is-resized\"><img loading=\"lazy\" decoding=\"async\" class=\"wp-image-90480\" src=\"https:\/\/exceladvisor.org\/wp-content\/uploads\/2023\/08\/1-mise-en-forme-conditionnelle-basee-sur-une-autre-cellule.png\" sizes=\"auto, \" srcset=\"\" alt=\"formato condicional basado en otra celda\" width=\"594\" height=\"182\"><\/figure>\n<\/div>\n<p> En este ejemplo, tenemos datos mensuales y anuales, y es necesario resaltar todos los valores por encima de un valor espec\u00edfico, que deber\u00eda estar en otra celda.<\/p>\n<h2 class=\"wp-block-heading\"> Aplique formato condicional usando otra celda.<\/h2>\n<ol>\n<li> Primero, seleccione el rango en el que tiene datos. <br \/><img loading=\"lazy\" decoding=\"async\" title=\"2-seleccionar-rango-de-datos\" src=\"https:\/\/exceladvisor.org\/wp-content\/uploads\/2023\/08\/2-selectionnez-la-plage-de-donnees.png\" sizes=\"auto, \" srcset=\"\" alt=\"2-select-the-data-range\" width=\"543\" height=\"184\"><\/li>\n<li> A continuaci\u00f3n, vaya a la pesta\u00f1a Inicio &gt; Formato condicional &gt; Nueva regla. <br \/><img loading=\"lazy\" decoding=\"async\" title=\"3-clic-en-nueva-regla\" src=\"https:\/\/exceladvisor.org\/wp-content\/uploads\/2023\/08\/3-cliquez-sur-nouvelle-regle.png\" sizes=\"auto, \" srcset=\"\" alt=\"3-click-on-new-rule\" width=\"219\" height=\"395\"><\/li>\n<li> En el cuadro de di\u00e1logo Nueva regla, haga clic en \u00abUsar una f\u00f3rmula para determinar qu\u00e9 celdas formatear\u00bb e ingrese la f\u00f3rmula (=B2&gt;=$O$1) en la barra de entrada de f\u00f3rmulas. <br \/><img loading=\"lazy\" decoding=\"async\" title=\"4-ingrese-la-f\u00f3rmula\" src=\"https:\/\/exceladvisor.org\/wp-content\/uploads\/2023\/08\/4-entrez-la-formule.png\" sizes=\"auto, \" srcset=\"\" alt=\"4-enter-the-formula\" width=\"513\" height=\"371\"><\/li>\n<li> A continuaci\u00f3n, haga clic en el bot\u00f3n Formato para especificar el formato que desea aplicar. <br \/><img loading=\"lazy\" decoding=\"async\" title=\"5-especificar-el-formato-a-aplicar\" src=\"https:\/\/exceladvisor.org\/wp-content\/uploads\/2023\/08\/5-preciser-le-format-a-appliquer.png\" sizes=\"auto, \" srcset=\"\" alt=\"5-specify-the-format-to-apply\" width=\"527\" height=\"198\"><\/li>\n<li> Ahora, una vez que haya especificado el formato, haga clic en Aceptar para aplicar el formato condicional. Y nuevamente, OK, cierre el Administrador de reglas. <br \/><img loading=\"lazy\" decoding=\"async\" title=\"6-ok-para-cerrar-gerente-de-reglas\" src=\"https:\/\/exceladvisor.org\/wp-content\/uploads\/2023\/08\/6-ok-pour-fermer-le-gestionnaire-de-regles.png\" sizes=\"auto, \" srcset=\"\" alt=\"6-ok-to-close-rules-manager\" width=\"528\" height=\"194\"><\/li>\n<\/ol>\n<p> En la instant\u00e1nea a continuaci\u00f3n puede ver que en la celda O1 tenemos el n\u00famero 150 para resaltar todos los n\u00fameros <a href=\"https:\/\/exceladvisor.org\/es\/mayor-que-igual-a\/\">iguales o mayores que<\/a> 150. <\/p>\n<div class=\"wp-block-image\">\n<figure class=\"aligncenter size-full is-resized\"><img loading=\"lazy\" decoding=\"async\" class=\"wp-image-90486\" src=\"https:\/\/exceladvisor.org\/wp-content\/uploads\/2023\/08\/7-cellules-avec-une-valeur-superieure-aux-cellules-de-reference-donnees-en-surbrillance.png\" sizes=\"auto, \" srcset=\"\" alt=\"celdas-con-valor-mas-que-celdas-de-referencia-datos-resaltados\" width=\"646\" height=\"234\"><\/figure>\n<\/div>\n<p> Y cuando cambia el n\u00famero en la celda O1, cambia los valores resaltados en los datos. <\/p>\n<div class=\"wp-block-image\">\n<figure class=\"aligncenter size-full is-resized\"><img loading=\"lazy\" decoding=\"async\" class=\"wp-image-90487\" src=\"https:\/\/exceladvisor.org\/wp-content\/uploads\/2023\/08\/8-cellules-en-surbrillance-changent-avec-la-modification-de-la-valeur-de-la-cellule-de-reference.png\" sizes=\"auto, \" srcset=\"\" alt=\"las celdas resaltadas cambian con el cambio en el valor de la celda de referencia\" width=\"666\" height=\"172\"><\/figure>\n<\/div>\n<div class=\"gb-container gb-container-52dfcee1 gb-container-sample-file\">\n<h2 class=\"gb-headline gb-headline-e289c143 gb-headline-text gb-headline-4f7959c2\"> Obtener el archivo Excel<\/h2>\n<p> <a class=\"gb-button gb-button-e88d6bee gb-button-text gb-button-button1\" href=\"https:\/\/exceladvisor.org\/wp-content\/uploads\/2023\/11\/mise-en-forme-conditionnelle-basee-sur-une-autre-cellule.xlsx\" rel=\"nofollow\">Descargar<\/a><\/div>\n<div class=\"gb-container gb-container-6076ba72 gb-container-mt\"> <a class=\"gb-button gb-button-76e6a499 gb-button-text gb-button-mt-button\" href=\"https:\/\/exceladvisor.org\/es\/conceptos-basicos-de-excel\/\">Aprende los conceptos b\u00e1sicos de Excel<\/a><\/p>\n<h2 class=\"gb-headline gb-headline-a9e9e206 gb-headline-text gb-headline-mt-heading\"> Obtenga m\u00e1s informaci\u00f3n sobre <a href=\"https:\/\/exceladvisor.org\/es\/formato-condicional\/\">el formato condicional<\/a> <\/h2>\n<div class=\"gb-grid-wrapper gb-grid-wrapper-790317cb gb-grid-wrapper-mt-grid\">\n<div class=\"gb-grid-column gb-grid-column-a9845ede\">\n<div class=\"gb-container gb-container-a9845ede\">\n<ul>\n<li> <a href=\"https:\/\/exceladvisor.org\/es\/aplicar-formato-condicional\/\">Aplicar formato condicional a una tabla din\u00e1mica<\/a><\/li>\n<li> <a href=\"https:\/\/exceladvisor.org\/es\/retirar\/\">Eliminar formato condicional<\/a><\/li>\n<li> <a href=\"https:\/\/exceladvisor.org\/es\/celdas-vacias\/\">Aplicar formato condicional en celdas en blanco en Excel<\/a><\/li>\n<li> <a href=\"https:\/\/exceladvisor.org\/es\/comparar-columnas\/\">Compare dos columnas usando formato condicional<\/a><\/li>\n<li> <a href=\"https:\/\/exceladvisor.org\/es\/otra-columna\/\">Aplicar formato condicional basado en otra columna<\/a><\/li>\n<\/ul>\n<\/div>\n<\/div>\n<\/div>\n<\/div>\n","protected":false},"excerpt":{"rendered":"<p>En Excel, puede utilizar formato condicional basado en otra celda. Para hacer esto, debe utilizar una f\u00f3rmula personalizada en la regla. En este ejemplo, tenemos datos mensuales y anuales, y es necesario resaltar todos los valores por encima de un valor espec\u00edfico, que deber\u00eda estar en otra celda. Aplique formato condicional usando otra celda. Primero, [&hellip;]<\/p>\n","protected":false},"author":1,"featured_media":0,"parent":0,"menu_order":0,"comment_status":"open","ping_status":"closed","template":"","meta":{"ub_ctt_via":"","footnotes":""},"class_list":["post-289","page","type-page","status-publish","hentry"],"featured_image_src":null,"yoast_head":"<!-- This site is optimized with the Yoast SEO plugin v25.4 - https:\/\/yoast.com\/wordpress\/plugins\/seo\/ -->\n<title>Formato condicional usando otra celda<\/title>\n<meta name=\"robots\" content=\"index, follow, max-snippet:-1, max-image-preview:large, max-video-preview:-1\" \/>\n<link rel=\"canonical\" href=\"https:\/\/exceladvisor.org\/es\/otra-celda\/\" \/>\n<meta property=\"og:locale\" content=\"es_ES\" \/>\n<meta property=\"og:type\" content=\"article\" \/>\n<meta property=\"og:title\" content=\"Formato condicional usando otra celda\" \/>\n<meta property=\"og:description\" content=\"En Excel, puede utilizar formato condicional basado en otra celda. Para hacer esto, debe utilizar una f\u00f3rmula personalizada en la regla. En este ejemplo, tenemos datos mensuales y anuales, y es necesario resaltar todos los valores por encima de un valor espec\u00edfico, que deber\u00eda estar en otra celda. Aplique formato condicional usando otra celda. Primero, [&hellip;]\" \/>\n<meta property=\"og:url\" content=\"https:\/\/exceladvisor.org\/es\/otra-celda\/\" \/>\n<meta property=\"og:site_name\" content=\"Excel Advisor\" \/>\n<meta property=\"article:modified_time\" content=\"2023-12-25T10:33:09+00:00\" \/>\n<meta property=\"og:image\" content=\"https:\/\/exceladvisor.org\/wp-content\/uploads\/2023\/08\/1-mise-en-forme-conditionnelle-basee-sur-une-autre-cellule.png\" \/>\n<meta name=\"twitter:card\" content=\"summary_large_image\" \/>\n<meta name=\"twitter:label1\" content=\"Tiempo de lectura\" \/>\n\t<meta name=\"twitter:data1\" content=\"1 minuto\" \/>\n<script type=\"application\/ld+json\" class=\"yoast-schema-graph\">{\"@context\":\"https:\/\/schema.org\",\"@graph\":[{\"@type\":\"WebPage\",\"@id\":\"https:\/\/exceladvisor.org\/es\/otra-celda\/\",\"url\":\"https:\/\/exceladvisor.org\/es\/otra-celda\/\",\"name\":\"Formato condicional usando otra celda\",\"isPartOf\":{\"@id\":\"https:\/\/exceladvisor.org\/es\/#website\"},\"primaryImageOfPage\":{\"@id\":\"https:\/\/exceladvisor.org\/es\/otra-celda\/#primaryimage\"},\"image\":{\"@id\":\"https:\/\/exceladvisor.org\/es\/otra-celda\/#primaryimage\"},\"thumbnailUrl\":\"https:\/\/exceladvisor.org\/wp-content\/uploads\/2023\/08\/1-mise-en-forme-conditionnelle-basee-sur-une-autre-cellule.png\",\"datePublished\":\"2023-11-06T16:32:59+00:00\",\"dateModified\":\"2023-12-25T10:33:09+00:00\",\"breadcrumb\":{\"@id\":\"https:\/\/exceladvisor.org\/es\/otra-celda\/#breadcrumb\"},\"inLanguage\":\"es\",\"potentialAction\":[{\"@type\":\"ReadAction\",\"target\":[\"https:\/\/exceladvisor.org\/es\/otra-celda\/\"]}]},{\"@type\":\"ImageObject\",\"inLanguage\":\"es\",\"@id\":\"https:\/\/exceladvisor.org\/es\/otra-celda\/#primaryimage\",\"url\":\"https:\/\/exceladvisor.org\/wp-content\/uploads\/2023\/08\/1-mise-en-forme-conditionnelle-basee-sur-une-autre-cellule.png\",\"contentUrl\":\"https:\/\/exceladvisor.org\/wp-content\/uploads\/2023\/08\/1-mise-en-forme-conditionnelle-basee-sur-une-autre-cellule.png\"},{\"@type\":\"BreadcrumbList\",\"@id\":\"https:\/\/exceladvisor.org\/es\/otra-celda\/#breadcrumb\",\"itemListElement\":[{\"@type\":\"ListItem\",\"position\":1,\"name\":\"Hogar\",\"item\":\"https:\/\/exceladvisor.org\/es\/\"},{\"@type\":\"ListItem\",\"position\":2,\"name\":\"Formato condicional usando otra celda\"}]},{\"@type\":\"WebSite\",\"@id\":\"https:\/\/exceladvisor.org\/es\/#website\",\"url\":\"https:\/\/exceladvisor.org\/es\/\",\"name\":\"Excel Advisor\",\"description\":\"Su gu\u00eda para la dominaci\u00f3n de datos!\",\"publisher\":{\"@id\":\"https:\/\/exceladvisor.org\/es\/#organization\"},\"potentialAction\":[{\"@type\":\"SearchAction\",\"target\":{\"@type\":\"EntryPoint\",\"urlTemplate\":\"https:\/\/exceladvisor.org\/es\/?s={search_term_string}\"},\"query-input\":{\"@type\":\"PropertyValueSpecification\",\"valueRequired\":true,\"valueName\":\"search_term_string\"}}],\"inLanguage\":\"es\"},{\"@type\":\"Organization\",\"@id\":\"https:\/\/exceladvisor.org\/es\/#organization\",\"name\":\"Excel Advisor\",\"url\":\"https:\/\/exceladvisor.org\/es\/\",\"logo\":{\"@type\":\"ImageObject\",\"inLanguage\":\"es\",\"@id\":\"https:\/\/exceladvisor.org\/es\/#\/schema\/logo\/image\/\",\"url\":\"https:\/\/exceladvisor.org\/es\/wp-content\/uploads\/2023\/12\/exceladvisor.org_.png\",\"contentUrl\":\"https:\/\/exceladvisor.org\/es\/wp-content\/uploads\/2023\/12\/exceladvisor.org_.png\",\"width\":105,\"height\":36,\"caption\":\"Excel Advisor\"},\"image\":{\"@id\":\"https:\/\/exceladvisor.org\/es\/#\/schema\/logo\/image\/\"}}]}<\/script>\n<!-- \/ Yoast SEO plugin. -->","yoast_head_json":{"title":"Formato condicional usando otra celda","robots":{"index":"index","follow":"follow","max-snippet":"max-snippet:-1","max-image-preview":"max-image-preview:large","max-video-preview":"max-video-preview:-1"},"canonical":"https:\/\/exceladvisor.org\/es\/otra-celda\/","og_locale":"es_ES","og_type":"article","og_title":"Formato condicional usando otra celda","og_description":"En Excel, puede utilizar formato condicional basado en otra celda. Para hacer esto, debe utilizar una f\u00f3rmula personalizada en la regla. En este ejemplo, tenemos datos mensuales y anuales, y es necesario resaltar todos los valores por encima de un valor espec\u00edfico, que deber\u00eda estar en otra celda. Aplique formato condicional usando otra celda. Primero, [&hellip;]","og_url":"https:\/\/exceladvisor.org\/es\/otra-celda\/","og_site_name":"Excel Advisor","article_modified_time":"2023-12-25T10:33:09+00:00","og_image":[{"url":"https:\/\/exceladvisor.org\/wp-content\/uploads\/2023\/08\/1-mise-en-forme-conditionnelle-basee-sur-une-autre-cellule.png","type":"","width":"","height":""}],"twitter_card":"summary_large_image","twitter_misc":{"Tiempo de lectura":"1 minuto"},"schema":{"@context":"https:\/\/schema.org","@graph":[{"@type":"WebPage","@id":"https:\/\/exceladvisor.org\/es\/otra-celda\/","url":"https:\/\/exceladvisor.org\/es\/otra-celda\/","name":"Formato condicional usando otra celda","isPartOf":{"@id":"https:\/\/exceladvisor.org\/es\/#website"},"primaryImageOfPage":{"@id":"https:\/\/exceladvisor.org\/es\/otra-celda\/#primaryimage"},"image":{"@id":"https:\/\/exceladvisor.org\/es\/otra-celda\/#primaryimage"},"thumbnailUrl":"https:\/\/exceladvisor.org\/wp-content\/uploads\/2023\/08\/1-mise-en-forme-conditionnelle-basee-sur-une-autre-cellule.png","datePublished":"2023-11-06T16:32:59+00:00","dateModified":"2023-12-25T10:33:09+00:00","breadcrumb":{"@id":"https:\/\/exceladvisor.org\/es\/otra-celda\/#breadcrumb"},"inLanguage":"es","potentialAction":[{"@type":"ReadAction","target":["https:\/\/exceladvisor.org\/es\/otra-celda\/"]}]},{"@type":"ImageObject","inLanguage":"es","@id":"https:\/\/exceladvisor.org\/es\/otra-celda\/#primaryimage","url":"https:\/\/exceladvisor.org\/wp-content\/uploads\/2023\/08\/1-mise-en-forme-conditionnelle-basee-sur-une-autre-cellule.png","contentUrl":"https:\/\/exceladvisor.org\/wp-content\/uploads\/2023\/08\/1-mise-en-forme-conditionnelle-basee-sur-une-autre-cellule.png"},{"@type":"BreadcrumbList","@id":"https:\/\/exceladvisor.org\/es\/otra-celda\/#breadcrumb","itemListElement":[{"@type":"ListItem","position":1,"name":"Hogar","item":"https:\/\/exceladvisor.org\/es\/"},{"@type":"ListItem","position":2,"name":"Formato condicional usando otra celda"}]},{"@type":"WebSite","@id":"https:\/\/exceladvisor.org\/es\/#website","url":"https:\/\/exceladvisor.org\/es\/","name":"Excel Advisor","description":"Su gu\u00eda para la dominaci\u00f3n de datos!","publisher":{"@id":"https:\/\/exceladvisor.org\/es\/#organization"},"potentialAction":[{"@type":"SearchAction","target":{"@type":"EntryPoint","urlTemplate":"https:\/\/exceladvisor.org\/es\/?s={search_term_string}"},"query-input":{"@type":"PropertyValueSpecification","valueRequired":true,"valueName":"search_term_string"}}],"inLanguage":"es"},{"@type":"Organization","@id":"https:\/\/exceladvisor.org\/es\/#organization","name":"Excel Advisor","url":"https:\/\/exceladvisor.org\/es\/","logo":{"@type":"ImageObject","inLanguage":"es","@id":"https:\/\/exceladvisor.org\/es\/#\/schema\/logo\/image\/","url":"https:\/\/exceladvisor.org\/es\/wp-content\/uploads\/2023\/12\/exceladvisor.org_.png","contentUrl":"https:\/\/exceladvisor.org\/es\/wp-content\/uploads\/2023\/12\/exceladvisor.org_.png","width":105,"height":36,"caption":"Excel Advisor"},"image":{"@id":"https:\/\/exceladvisor.org\/es\/#\/schema\/logo\/image\/"}}]}},"yoast_meta":{"yoast_wpseo_title":"","yoast_wpseo_metadesc":"","yoast_wpseo_canonical":""},"_links":{"self":[{"href":"https:\/\/exceladvisor.org\/es\/wp-json\/wp\/v2\/pages\/289","targetHints":{"allow":["GET"]}}],"collection":[{"href":"https:\/\/exceladvisor.org\/es\/wp-json\/wp\/v2\/pages"}],"about":[{"href":"https:\/\/exceladvisor.org\/es\/wp-json\/wp\/v2\/types\/page"}],"author":[{"embeddable":true,"href":"https:\/\/exceladvisor.org\/es\/wp-json\/wp\/v2\/users\/1"}],"replies":[{"embeddable":true,"href":"https:\/\/exceladvisor.org\/es\/wp-json\/wp\/v2\/comments?post=289"}],"version-history":[{"count":1,"href":"https:\/\/exceladvisor.org\/es\/wp-json\/wp\/v2\/pages\/289\/revisions"}],"predecessor-version":[{"id":1460,"href":"https:\/\/exceladvisor.org\/es\/wp-json\/wp\/v2\/pages\/289\/revisions\/1460"}],"wp:attachment":[{"href":"https:\/\/exceladvisor.org\/es\/wp-json\/wp\/v2\/media?parent=289"}],"curies":[{"name":"wp","href":"https:\/\/api.w.org\/{rel}","templated":true}]}}