{"id":29,"date":"2023-11-20T02:08:12","date_gmt":"2023-11-20T02:08:12","guid":{"rendered":"https:\/\/exceladvisor.org\/es\/grado\/"},"modified":"2023-12-25T10:25:15","modified_gmt":"2023-12-25T10:25:15","slug":"grado","status":"publish","type":"page","link":"https:\/\/exceladvisor.org\/es\/grado\/","title":{"rendered":"\u00bfc\u00f3mo escribir el s\u00edmbolo grado en excel?"},"content":{"rendered":"<div class=\"excel-antes-del-contenido\" id=\"excel-1332081112\"><script type=\"text\/javascript\">\r\n\tatOptions = {\r\n\t\t'key' : 'c1158f160081d6540a8409e6925dab94',\r\n\t\t'format' : 'iframe',\r\n\t\t'height' : 250,\r\n\t\t'width' : 300,\r\n\t\t'params' : {}\r\n\t};\r\n<\/script>\r\n<script type=\"text\/javascript\" src=\"\/\/www.highperformanceformat.com\/c1158f160081d6540a8409e6925dab94\/invoke.js\"><\/script><\/div><p>Necesita aprender a insertar y utilizar un s\u00edmbolo de grado en una celda. As\u00ed es.<\/p>\n<p> D\u00e9jame decirte por qu\u00e9 digo esto. Ayer estuve trabajando en datos de temperatura. Para ello, una de las cosas importantes era utilizar el s\u00edmbolo de grados en los datos para mostrar los n\u00fameros en Celsius y Fahrenheit.<\/p>\n<p> Si usa una computadora port\u00e1til como yo, encontrar\u00e1 que no hay ninguna tecla para escribir un s\u00edmbolo de grado.<\/p>\n<p class=\"qt-tip\"> <strong>Importante:<\/strong> cuando coloca un s\u00edmbolo de grado en una celda, debe asegurarse de que siempre siga al n\u00famero sin espacios intermedios.<\/p>\n<h2 class=\"wp-block-heading\"> Las 5 mejores formas de agregar r\u00e1pidamente un s\u00edmbolo de grado en Excel<\/h2>\n<p> Mientras trabajaba en estos datos, descubr\u00ed que en Excel puedes ingresar\/escribir un s\u00edmbolo de grado de cinco maneras diferentes. Y otra buena noticia es que estos m\u00e9todos son los <strong><span style=\"color: #000000;\">mismos en las versiones de Excel para Windows y MAC<\/span><\/strong> . Entonces empecemos.<\/p>\n<h2 class=\"wp-block-heading\"> 1. Agregue un s\u00edmbolo de grado usando un atajo de teclado<\/h2>\n<p> Una tecla de <a href=\"https:\/\/exceladvisor.org\/es\/atajos-de-teclado\/\">m\u00e9todo abreviado de teclado<\/a> es una forma r\u00e1pida y sencilla de agregar este s\u00edmbolo a una celda. Puedes usar <kbd>Alt<\/kbd> + <kbd>0<\/kbd> <kbd>1<\/kbd> <kbd>7<\/kbd> <kbd>6<\/kbd> para insertarlo. <\/p>\n<div class=\"wp-block-image\">\n<figure class=\"aligncenter\"><img decoding=\"async\" src=\"https:\/\/exceladvisor.org\/wp-content\/uploads\/2023\/08\/touche-de-raccourci-pour-inserer-un-symbole-de-degre-dans-excel.png\" sizes=\"\" srcset=\"\" alt=\"Tecla de m\u00e9todo abreviado para insertar el s\u00edmbolo de grado en Excel.\"><\/figure>\n<\/div>\n<ol>\n<li> Primero, seleccione la celda donde necesita ingresarla.<\/li>\n<li> Presione F2 para editar la celda.<\/li>\n<li> Y al final, mantenga presionada la tecla ALT y presione 0 1 7 6 en el teclado num\u00e9rico.<\/li>\n<\/ol>\n<p> Una vez que lo ingrese, tambi\u00e9n puede copiarlo y pegarlo en otras celdas al instante o puede presionar esta tecla de acceso directo para cada celda una por una.<\/p>\n<h2 class=\"wp-block-heading\"> 2. Usar la funci\u00f3n CHAR para agregar un s\u00edmbolo de grado<\/h2>\n<p> Si est\u00e1 familiarizado con la funci\u00f3n CHAR, estoy seguro de que sabe que puede insertar caracteres especiales con ella.<\/p>\n<p> Con esta funci\u00f3n, tambi\u00e9n puede agregar un s\u00edmbolo de grado con un n\u00famero para mostrarlo en Celsius o Fahrenheit.<\/p>\n<p> Todo lo que tienes que hacer: insertar la funci\u00f3n CHAR en una celda, especificar 176 en el argumento y presionar Enter. Una vez que hagas eso, devolver\u00e1 un s\u00edmbolo de grado. <\/p>\n<div class=\"wp-block-image\">\n<figure class=\"aligncenter\"><img decoding=\"async\" src=\"https:\/\/exceladvisor.org\/wp-content\/uploads\/2023\/08\/inserer-un-symbole-de-degre-dans-Excel-en-utilisant-la-fonction-char.png\" sizes=\"\" srcset=\"\" alt=\"\"><\/figure>\n<\/div>\n<p> Y si quieres sumarlo con un n\u00famero, s\u00f3lo necesitas insertar una f\u00f3rmula como la que tenemos a continuaci\u00f3n.<\/p>\n<pre class=\"wp-block-code\"> <code class=\"language-excel-formula\" lang=\"excel-formula\">=29&amp;CHAR(176)<\/code><\/pre>\n<p> Y presione enter. La otra forma es combinar esta f\u00f3rmula con IF e ISNUMBER de modo que si habr\u00e1 un n\u00famero en la celda, combinar\u00e1 ese n\u00famero con un grado.<\/p>\n<h2 class=\"wp-block-heading\"> 3. Inserte el s\u00edmbolo de grado desde el cuadro de di\u00e1logo S\u00edmbolo.<\/h2>\n<p> Si desea agregar un s\u00edmbolo de grado solo una vez, tambi\u00e9n puede insertarlo desde el cuadro de di\u00e1logo de s\u00edmbolos. Siga estos sencillos pasos:<\/p>\n<ol>\n<li> Seleccione la celda en la que desea insertarlo y luego vaya a Insertar \u279c S\u00edmbolos \u279c S\u00edmbolo. <br \/><img decoding=\"async\" title=\"insertar un s\u00edmbolo de grado en Excel usando el cuadro de di\u00e1logo de s\u00edmbolo\" src=\"https:\/\/exceladvisor.org\/wp-content\/uploads\/2023\/08\/inserer-un-symbole-de-degre-dans-Excel-a-laide-de-la-boite-de-dialogue-du-symbole.png\" sizes=\"\" srcset=\"\" alt=\"insert a degree symbol in excel using from symbol dialog box\"><\/li>\n<li> En el cuadro de di\u00e1logo, seleccione \u00abSuplemento Latin-1\u00bb en Subconjunto y seleccione el s\u00edmbolo de grado de todos los s\u00edmbolos. <br \/><img decoding=\"async\" title=\"inserte un s\u00edmbolo de grado en Excel usando el cuadro de di\u00e1logo insertar y cerrar s\u00edmbolo\" src=\"https:\/\/exceladvisor.org\/wp-content\/uploads\/2023\/08\/inserer-un-symbole-de-degre-dans-Excel-a-laide-de-la-boite-de-dialogue-du-symbole-inserer-et-fermer.png\" sizes=\"\" srcset=\"\" alt=\"\"><\/li>\n<li> Al final, haga clic en Insertar y luego cierre.<\/li>\n<\/ol>\n<p> Tambi\u00e9n puedes copiar y pegar en otras celdas o incluso insertar una f\u00f3rmula.<\/p>\n<h2 class=\"wp-block-heading\"> 4. Uso de Excel AUTO Correct para agregar un s\u00edmbolo de grado a una celda<\/h2>\n<p> En Excel, existe una opci\u00f3n llamada Autocorrecci\u00f3n que puedes usar para agregar un s\u00edmbolo de grado a una celda usando una abreviatura. Funciona algo como esto. <\/p>\n<div class=\"wp-block-image\">\n<figure class=\"aligncenter\"><img decoding=\"async\" src=\"https:\/\/exceladvisor.org\/wp-content\/uploads\/2023\/08\/inserer-un-symbole-de-degre-dans-Excel-en-utilisant-loption-de-correction-automatique.gif\" sizes=\"\" srcset=\"\" alt=\"insertar s\u00edmbolo de grado en Excel usando la opci\u00f3n de autocorrecci\u00f3n\"><\/figure>\n<\/div>\n<p> Ingresa DYGR en una celda y Excel lo convierte (autocorrecci\u00f3n) en un s\u00edmbolo de grado real.<\/p>\n<p> Pero primero, necesitas crear esta autocorrecci\u00f3n, y estos son los pasos:<\/p>\n<ol>\n<li> Vaya a Archivo \u279c Opciones de Excel.<\/li>\n<li> En el cuadro de di\u00e1logo Opciones, seleccione Revisi\u00f3n \u279c Opciones de autocorrecci\u00f3n.<\/li>\n<li> En el cuadro de di\u00e1logo Autocorrecci\u00f3n, ingrese DYGR en el cuadro de entrada de reemplazo y un s\u00edmbolo de grado (use una tecla de m\u00e9todo abreviado para insertarlo) en la barra de entrada.<\/li>\n<li> Haga clic en Agregar y luego en Aceptar. <\/li>\n<\/ol>\n<div class=\"wp-block-image\">\n<figure class=\"aligncenter\"><img decoding=\"async\" src=\"https:\/\/exceladvisor.org\/wp-content\/uploads\/2023\/08\/inserer-un-symbole-de-degre-dans-Excel-en-utilisant-la-correction-automatique.png\" sizes=\"\" srcset=\"\" alt=\"insertar un s\u00edmbolo de grado en Excel usando autocorrecci\u00f3n\"><\/figure>\n<\/div>\n<p> Ahora, si escribe el texto DYGR, se convertir\u00e1 autom\u00e1ticamente en un s\u00edmbolo de grado.<\/p>\n<p class=\"qt-tip\"> <strong>Importante<\/strong> : esta correcci\u00f3n autom\u00e1tica distingue entre may\u00fasculas y min\u00fasculas y se aplica a todas las aplicaciones de Office como Word, Powerpoint, etc.<\/p>\n<h2 class=\"wp-block-heading\"> 5. C\u00f3digo VBA para insertar r\u00e1pidamente un s\u00edmbolo delta en una celda<\/h2>\n<p> Los c\u00f3digos VBA ahorran tiempo. Estoy seguro de que lo sabes. Y el c\u00f3digo que voy a compartir con ustedes a continuaci\u00f3n es uno de esos c\u00f3digos.<\/p>\n<p> Digamos que tienes una lista de n\u00fameros en una columna y deseas agregar un s\u00edmbolo de grado a cada uno de ellos. Ahora bien, la mejor manera es ejecutar esta macro de una sola vez.<\/p>\n<ol>\n<li> Primero, agregue el siguiente c\u00f3digo en su editor VB.<\/li>\n<li> Despu\u00e9s de eso, seleccione todas las celdas donde desea insertar estos s\u00edmbolos.<\/li>\n<li> Y simplemente ejecute este c\u00f3digo desde la pesta\u00f1a de desarrollador.<\/li>\n<\/ol>\n<pre class=\"wp-block-code\"> <code class=\"language-visual-basic\" lang=\"visual-basic\">Sub degreeSymbol() Dim rng As Range For Each rng In Selection rng.Select If ActiveCell &lt;&gt; \"\" Then If IsNumeric(ActiveCell.Value) Then ActiveCell.Value = ActiveCell.Value &amp; \"\u00b0\" End If End If Next End Sub<\/code><\/pre>\n<p> Este c\u00f3digo verifica cada celda del rango e inserta un s\u00edmbolo de grado al final de cada celda.<\/p>\n<h2 class=\"wp-block-heading\"> Conclusi\u00f3n<\/h2>\n<p> Un s\u00edmbolo de grado es un s\u00edmbolo espec\u00edfico que debemos usar con un tipo espec\u00edfico de datos (temperatura). Es mejor tener 5 m\u00e9todos diferentes para insertarlo para que puedas elegir uno seg\u00fan tu conveniencia.<\/p>\n<p> Espero que estos m\u00e9todos te hayan resultado \u00fatiles y ahora cu\u00e9ntame una cosa.<\/p>\n<p> <em>\u00bfTiene otro m\u00e9todo para insertar este s\u00edmbolo?<\/em><\/p>\n<p> Por favor comp\u00e1rtelo conmigo en la secci\u00f3n de comentarios, me encantar\u00eda saber de ti. Y no olvides compartir este consejo con tus amigos.<\/p>\n<div class=\"gb-container gb-container-4db6181c gb-container-mt\"> <a class=\"gb-button gb-button-c5897111 gb-button-text gb-button-mt-button\" href=\"https:\/\/exceladvisor.org\/es\/conceptos-basicos-de-excel\/\">Conceptos b\u00e1sicos de Microsoft Excel (componentes, piezas y notas de conocimiento)<\/a><\/p>\n<h2 class=\"gb-headline gb-headline-665e5f6b gb-headline-text gb-headline-mt-heading\"> Tutoriales relacionados <\/h2>\n<div class=\"gb-grid-wrapper gb-grid-wrapper-a20baf7c gb-grid-wrapper-mt-grid\">\n<div class=\"gb-grid-column gb-grid-column-65ddf67e\">\n<div class=\"gb-container gb-container-65ddf67e\">\n<ul>\n<li> <a href=\"https:\/\/exceladvisor.org\/es\/cambiar-numero-negativo-a-positivo\/\">Convertir un n\u00famero negativo a positivo en Excel<\/a><\/li>\n<li> <a href=\"https:\/\/exceladvisor.org\/es\/marca-de-tiempo\/\">Insertar una marca de tiempo en Excel<\/a><\/li>\n<li> <a href=\"https:\/\/exceladvisor.org\/es\/pulgas\/\">Insertar vi\u00f1etas en Excel<\/a><\/li>\n<li> <a href=\"https:\/\/exceladvisor.org\/es\/delta\/\">Insertar el s\u00edmbolo delta en Excel en una celda<\/a><\/li>\n<li> <a href=\"https:\/\/exceladvisor.org\/es\/formula-para-valorar\/\">Convertir f\u00f3rmula a valor en Excel<\/a> <\/li>\n<\/ul>\n<\/div>\n<\/div>\n<div class=\"gb-grid-column gb-grid-column-50067b57\">\n<div class=\"gb-container gb-container-50067b57\"><\/div>\n<\/div>\n<\/div>\n<\/div>\n","protected":false},"excerpt":{"rendered":"<p>Necesita aprender a insertar y utilizar un s\u00edmbolo de grado en una celda. As\u00ed es. D\u00e9jame decirte por qu\u00e9 digo esto. Ayer estuve trabajando en datos de temperatura. Para ello, una de las cosas importantes era utilizar el s\u00edmbolo de grados en los datos para mostrar los n\u00fameros en Celsius y Fahrenheit. Si usa una [&hellip;]<\/p>\n","protected":false},"author":1,"featured_media":0,"parent":0,"menu_order":0,"comment_status":"open","ping_status":"closed","template":"","meta":{"ub_ctt_via":"","footnotes":""},"class_list":["post-29","page","type-page","status-publish","hentry"],"featured_image_src":null,"yoast_head":"<!-- This site is optimized with the Yoast SEO plugin v25.4 - https:\/\/yoast.com\/wordpress\/plugins\/seo\/ -->\n<title>\u00bfc\u00f3mo escribir el s\u00edmbolo grado en excel?<\/title>\n<meta name=\"robots\" content=\"index, follow, max-snippet:-1, max-image-preview:large, max-video-preview:-1\" \/>\n<link rel=\"canonical\" href=\"https:\/\/exceladvisor.org\/es\/grado\/\" \/>\n<meta property=\"og:locale\" content=\"es_ES\" \/>\n<meta property=\"og:type\" content=\"article\" \/>\n<meta property=\"og:title\" content=\"\u00bfc\u00f3mo escribir el s\u00edmbolo grado en excel?\" \/>\n<meta property=\"og:description\" content=\"Necesita aprender a insertar y utilizar un s\u00edmbolo de grado en una celda. As\u00ed es. D\u00e9jame decirte por qu\u00e9 digo esto. Ayer estuve trabajando en datos de temperatura. Para ello, una de las cosas importantes era utilizar el s\u00edmbolo de grados en los datos para mostrar los n\u00fameros en Celsius y Fahrenheit. Si usa una [&hellip;]\" \/>\n<meta property=\"og:url\" content=\"https:\/\/exceladvisor.org\/es\/grado\/\" \/>\n<meta property=\"og:site_name\" content=\"Excel Advisor\" \/>\n<meta property=\"article:modified_time\" content=\"2023-12-25T10:25:15+00:00\" \/>\n<meta property=\"og:image\" content=\"https:\/\/exceladvisor.org\/wp-content\/uploads\/2023\/08\/touche-de-raccourci-pour-inserer-un-symbole-de-degre-dans-excel.png\" \/>\n<meta name=\"twitter:card\" content=\"summary_large_image\" \/>\n<meta name=\"twitter:label1\" content=\"Tiempo de lectura\" \/>\n\t<meta name=\"twitter:data1\" content=\"5 minutos\" \/>\n<script type=\"application\/ld+json\" class=\"yoast-schema-graph\">{\"@context\":\"https:\/\/schema.org\",\"@graph\":[{\"@type\":\"WebPage\",\"@id\":\"https:\/\/exceladvisor.org\/es\/grado\/\",\"url\":\"https:\/\/exceladvisor.org\/es\/grado\/\",\"name\":\"\u00bfc\u00f3mo escribir el s\u00edmbolo grado en excel?\",\"isPartOf\":{\"@id\":\"https:\/\/exceladvisor.org\/es\/#website\"},\"primaryImageOfPage\":{\"@id\":\"https:\/\/exceladvisor.org\/es\/grado\/#primaryimage\"},\"image\":{\"@id\":\"https:\/\/exceladvisor.org\/es\/grado\/#primaryimage\"},\"thumbnailUrl\":\"https:\/\/exceladvisor.org\/wp-content\/uploads\/2023\/08\/touche-de-raccourci-pour-inserer-un-symbole-de-degre-dans-excel.png\",\"datePublished\":\"2023-11-20T02:08:12+00:00\",\"dateModified\":\"2023-12-25T10:25:15+00:00\",\"breadcrumb\":{\"@id\":\"https:\/\/exceladvisor.org\/es\/grado\/#breadcrumb\"},\"inLanguage\":\"es\",\"potentialAction\":[{\"@type\":\"ReadAction\",\"target\":[\"https:\/\/exceladvisor.org\/es\/grado\/\"]}]},{\"@type\":\"ImageObject\",\"inLanguage\":\"es\",\"@id\":\"https:\/\/exceladvisor.org\/es\/grado\/#primaryimage\",\"url\":\"https:\/\/exceladvisor.org\/wp-content\/uploads\/2023\/08\/touche-de-raccourci-pour-inserer-un-symbole-de-degre-dans-excel.png\",\"contentUrl\":\"https:\/\/exceladvisor.org\/wp-content\/uploads\/2023\/08\/touche-de-raccourci-pour-inserer-un-symbole-de-degre-dans-excel.png\"},{\"@type\":\"BreadcrumbList\",\"@id\":\"https:\/\/exceladvisor.org\/es\/grado\/#breadcrumb\",\"itemListElement\":[{\"@type\":\"ListItem\",\"position\":1,\"name\":\"Hogar\",\"item\":\"https:\/\/exceladvisor.org\/es\/\"},{\"@type\":\"ListItem\",\"position\":2,\"name\":\"\u00bfc\u00f3mo escribir el s\u00edmbolo grado en excel?\"}]},{\"@type\":\"WebSite\",\"@id\":\"https:\/\/exceladvisor.org\/es\/#website\",\"url\":\"https:\/\/exceladvisor.org\/es\/\",\"name\":\"Excel Advisor\",\"description\":\"Su gu\u00eda para la dominaci\u00f3n de datos!\",\"publisher\":{\"@id\":\"https:\/\/exceladvisor.org\/es\/#organization\"},\"potentialAction\":[{\"@type\":\"SearchAction\",\"target\":{\"@type\":\"EntryPoint\",\"urlTemplate\":\"https:\/\/exceladvisor.org\/es\/?s={search_term_string}\"},\"query-input\":{\"@type\":\"PropertyValueSpecification\",\"valueRequired\":true,\"valueName\":\"search_term_string\"}}],\"inLanguage\":\"es\"},{\"@type\":\"Organization\",\"@id\":\"https:\/\/exceladvisor.org\/es\/#organization\",\"name\":\"Excel Advisor\",\"url\":\"https:\/\/exceladvisor.org\/es\/\",\"logo\":{\"@type\":\"ImageObject\",\"inLanguage\":\"es\",\"@id\":\"https:\/\/exceladvisor.org\/es\/#\/schema\/logo\/image\/\",\"url\":\"https:\/\/exceladvisor.org\/es\/wp-content\/uploads\/2023\/12\/exceladvisor.org_.png\",\"contentUrl\":\"https:\/\/exceladvisor.org\/es\/wp-content\/uploads\/2023\/12\/exceladvisor.org_.png\",\"width\":105,\"height\":36,\"caption\":\"Excel Advisor\"},\"image\":{\"@id\":\"https:\/\/exceladvisor.org\/es\/#\/schema\/logo\/image\/\"}}]}<\/script>\n<!-- \/ Yoast SEO plugin. -->","yoast_head_json":{"title":"\u00bfc\u00f3mo escribir el s\u00edmbolo grado en excel?","robots":{"index":"index","follow":"follow","max-snippet":"max-snippet:-1","max-image-preview":"max-image-preview:large","max-video-preview":"max-video-preview:-1"},"canonical":"https:\/\/exceladvisor.org\/es\/grado\/","og_locale":"es_ES","og_type":"article","og_title":"\u00bfc\u00f3mo escribir el s\u00edmbolo grado en excel?","og_description":"Necesita aprender a insertar y utilizar un s\u00edmbolo de grado en una celda. As\u00ed es. D\u00e9jame decirte por qu\u00e9 digo esto. Ayer estuve trabajando en datos de temperatura. Para ello, una de las cosas importantes era utilizar el s\u00edmbolo de grados en los datos para mostrar los n\u00fameros en Celsius y Fahrenheit. Si usa una [&hellip;]","og_url":"https:\/\/exceladvisor.org\/es\/grado\/","og_site_name":"Excel Advisor","article_modified_time":"2023-12-25T10:25:15+00:00","og_image":[{"url":"https:\/\/exceladvisor.org\/wp-content\/uploads\/2023\/08\/touche-de-raccourci-pour-inserer-un-symbole-de-degre-dans-excel.png","type":"","width":"","height":""}],"twitter_card":"summary_large_image","twitter_misc":{"Tiempo de lectura":"5 minutos"},"schema":{"@context":"https:\/\/schema.org","@graph":[{"@type":"WebPage","@id":"https:\/\/exceladvisor.org\/es\/grado\/","url":"https:\/\/exceladvisor.org\/es\/grado\/","name":"\u00bfc\u00f3mo escribir el s\u00edmbolo grado en excel?","isPartOf":{"@id":"https:\/\/exceladvisor.org\/es\/#website"},"primaryImageOfPage":{"@id":"https:\/\/exceladvisor.org\/es\/grado\/#primaryimage"},"image":{"@id":"https:\/\/exceladvisor.org\/es\/grado\/#primaryimage"},"thumbnailUrl":"https:\/\/exceladvisor.org\/wp-content\/uploads\/2023\/08\/touche-de-raccourci-pour-inserer-un-symbole-de-degre-dans-excel.png","datePublished":"2023-11-20T02:08:12+00:00","dateModified":"2023-12-25T10:25:15+00:00","breadcrumb":{"@id":"https:\/\/exceladvisor.org\/es\/grado\/#breadcrumb"},"inLanguage":"es","potentialAction":[{"@type":"ReadAction","target":["https:\/\/exceladvisor.org\/es\/grado\/"]}]},{"@type":"ImageObject","inLanguage":"es","@id":"https:\/\/exceladvisor.org\/es\/grado\/#primaryimage","url":"https:\/\/exceladvisor.org\/wp-content\/uploads\/2023\/08\/touche-de-raccourci-pour-inserer-un-symbole-de-degre-dans-excel.png","contentUrl":"https:\/\/exceladvisor.org\/wp-content\/uploads\/2023\/08\/touche-de-raccourci-pour-inserer-un-symbole-de-degre-dans-excel.png"},{"@type":"BreadcrumbList","@id":"https:\/\/exceladvisor.org\/es\/grado\/#breadcrumb","itemListElement":[{"@type":"ListItem","position":1,"name":"Hogar","item":"https:\/\/exceladvisor.org\/es\/"},{"@type":"ListItem","position":2,"name":"\u00bfc\u00f3mo escribir el s\u00edmbolo grado en excel?"}]},{"@type":"WebSite","@id":"https:\/\/exceladvisor.org\/es\/#website","url":"https:\/\/exceladvisor.org\/es\/","name":"Excel Advisor","description":"Su gu\u00eda para la dominaci\u00f3n de datos!","publisher":{"@id":"https:\/\/exceladvisor.org\/es\/#organization"},"potentialAction":[{"@type":"SearchAction","target":{"@type":"EntryPoint","urlTemplate":"https:\/\/exceladvisor.org\/es\/?s={search_term_string}"},"query-input":{"@type":"PropertyValueSpecification","valueRequired":true,"valueName":"search_term_string"}}],"inLanguage":"es"},{"@type":"Organization","@id":"https:\/\/exceladvisor.org\/es\/#organization","name":"Excel Advisor","url":"https:\/\/exceladvisor.org\/es\/","logo":{"@type":"ImageObject","inLanguage":"es","@id":"https:\/\/exceladvisor.org\/es\/#\/schema\/logo\/image\/","url":"https:\/\/exceladvisor.org\/es\/wp-content\/uploads\/2023\/12\/exceladvisor.org_.png","contentUrl":"https:\/\/exceladvisor.org\/es\/wp-content\/uploads\/2023\/12\/exceladvisor.org_.png","width":105,"height":36,"caption":"Excel Advisor"},"image":{"@id":"https:\/\/exceladvisor.org\/es\/#\/schema\/logo\/image\/"}}]}},"yoast_meta":{"yoast_wpseo_title":"","yoast_wpseo_metadesc":"","yoast_wpseo_canonical":""},"_links":{"self":[{"href":"https:\/\/exceladvisor.org\/es\/wp-json\/wp\/v2\/pages\/29","targetHints":{"allow":["GET"]}}],"collection":[{"href":"https:\/\/exceladvisor.org\/es\/wp-json\/wp\/v2\/pages"}],"about":[{"href":"https:\/\/exceladvisor.org\/es\/wp-json\/wp\/v2\/types\/page"}],"author":[{"embeddable":true,"href":"https:\/\/exceladvisor.org\/es\/wp-json\/wp\/v2\/users\/1"}],"replies":[{"embeddable":true,"href":"https:\/\/exceladvisor.org\/es\/wp-json\/wp\/v2\/comments?post=29"}],"version-history":[{"count":1,"href":"https:\/\/exceladvisor.org\/es\/wp-json\/wp\/v2\/pages\/29\/revisions"}],"predecessor-version":[{"id":1028,"href":"https:\/\/exceladvisor.org\/es\/wp-json\/wp\/v2\/pages\/29\/revisions\/1028"}],"wp:attachment":[{"href":"https:\/\/exceladvisor.org\/es\/wp-json\/wp\/v2\/media?parent=29"}],"curies":[{"name":"wp","href":"https:\/\/api.w.org\/{rel}","templated":true}]}}