{"id":290,"date":"2023-11-06T11:11:53","date_gmt":"2023-11-06T11:11:53","guid":{"rendered":"https:\/\/exceladvisor.org\/es\/auto-formato\/"},"modified":"2023-12-25T10:31:31","modified_gmt":"2023-12-25T10:31:31","slug":"auto-formato","status":"publish","type":"page","link":"https:\/\/exceladvisor.org\/es\/auto-formato\/","title":{"rendered":"\u00bfc\u00f3mo utilizar la opci\u00f3n formato autom\u00e1tico en excel?"},"content":{"rendered":"<div class=\"excel-antes-del-contenido\" id=\"excel-2636739311\"><script type=\"text\/javascript\">\r\n\tatOptions = {\r\n\t\t'key' : 'c1158f160081d6540a8409e6925dab94',\r\n\t\t'format' : 'iframe',\r\n\t\t'height' : 250,\r\n\t\t'width' : 300,\r\n\t\t'params' : {}\r\n\t};\r\n<\/script>\r\n<script type=\"text\/javascript\" src=\"\/\/www.highperformanceformat.com\/c1158f160081d6540a8409e6925dab94\/invoke.js\"><\/script><\/div><p>Formatear es una tarea tediosa. Es realmente dif\u00edcil formatear tus datos cada vez que se los presentas a alguien. Pero es lo \u00fanico que hace que sus datos sean m\u00e1s completos y f\u00e1ciles de consumir.<\/p>\n<p> Ser\u00eda fant\u00e1stico si tuvieras una opci\u00f3n que pudieras utilizar para formatear tus datos sin perder mucho tiempo. Entonces, cuando se trata de Excel, tienes una opci\u00f3n incre\u00edble que puede ayudarte a formatear tus datos en poco tiempo.<\/p>\n<p> Su nombre es FORMATO AUTOM\u00c1TICO. En formato autom\u00e1tico, tienes varios formatos predefinidos que puedes aplicar instant\u00e1neamente a tus datos.<\/p>\n<p> Todo lo que tienes que hacer es seleccionar un formato y hacer clic en Aceptar para aplicarlo. Es simple y f\u00e1cil. En todos los formatos predise\u00f1ados, tienes todos los componentes importantes del formato, como:<\/p>\n<ul>\n<li> Formatear n\u00fameros<\/li>\n<li> <a href=\"https:\/\/exceladvisor.org\/es\/borde\/\">Fronteras<\/a><\/li>\n<li> <a href=\"https:\/\/exceladvisor.org\/es\/fuente-predeterminada\/\">Estilo de fuente<\/a><\/li>\n<li> Patrones y <a href=\"https:\/\/exceladvisor.org\/es\/color-de-celda\/\">colores de fondo.<\/a><\/li>\n<li> Alineaci\u00f3n del texto<\/li>\n<li> <a href=\"https:\/\/exceladvisor.org\/es\/ancho-de-columna\/\">Tama\u00f1o de columna y fila<\/a><\/li>\n<\/ul>\n<p> En este art\u00edculo, conocer\u00e1 esta incre\u00edble opci\u00f3n que puede ayudarlo a ahorrar mucho tiempo en los pr\u00f3ximos d\u00edas.<\/p>\n<p class=\"qt-tip\"> <strong>Nota r\u00e1pida<\/strong> : Este es uno de esos <a style=\"outline: none;\" href=\"https:\/\/exceladvisor.org\/es\/consejo\/\" data-wpil=\"url\" data-wpel-link=\"internal\">trucos de Excel<\/a> que pueden ayudar a mejorar <a href=\"https:\/\/exceladvisor.org\/es\/habilidades-de-sobresalir\/\" data-wpel-link=\"internal\">las habilidades b\u00e1sicas de Excel<\/a> . Entonces empecemos\u2026<\/p>\n<h2 class=\"wp-block-heading\"> \u00bfD\u00f3nde puedo encontrar la opci\u00f3n FORMATO AUTOM\u00c1TICO?<\/h2>\n<p> Si marca la versi\u00f3n de Excel 2003, la opci\u00f3n de formato autom\u00e1tico est\u00e1 en el men\u00fa. Pero, con el lanzamiento de 2007 con cinta, esta opci\u00f3n no est\u00e1 disponible en ninguna de las pesta\u00f1as.<\/p>\n<p> Esto no significa que no puedas usarlo en versiones anteriores. Todav\u00eda est\u00e1 ah\u00ed pero escondido. Entonces, para usarlo en versiones de Excel como 2007, 2010, 2013 y 2016, debe agregarlo a la barra de herramientas de acceso r\u00e1pido de Excel. Esta es una configuraci\u00f3n \u00fanica, por lo que no es necesario que la hagas una y otra vez.<\/p>\n<h2 id=\"tab-con-2\" class=\"wp-block-heading\"> Agregar formato autom\u00e1tico a la barra de herramientas de acceso r\u00e1pido<\/h2>\n<p> Para agregar Autoformato a su <a style=\"outline: none;\" href=\"https:\/\/exceladvisor.org\/es\/barra-de-acceso-rapido\/\" data-wpel-link=\"internal\">barra de herramientas de acceso r\u00e1pido,<\/a> siga estos pasos.<\/p>\n<ul>\n<li> Primero, vaya a su barra de herramientas de acceso r\u00e1pido y haga clic en la peque\u00f1a flecha hacia abajo desde el final de la barra de herramientas. <\/li>\n<\/ul>\n<div class=\"wp-block-image\">\n<figure class=\"aligncenter\"><img decoding=\"async\" src=\"https:\/\/exceladvisor.org\/wp-content\/uploads\/2023\/08\/cliquez-sur-la-liste-deroulante-pour-activer-le-format-automatique-dans-Excel-min-1.png\" sizes=\"\" srcset=\"\" alt=\"haga clic en el cuadro desplegable para habilitar el formato autom\u00e1tico en Excel\"><\/figure>\n<\/div>\n<ul>\n<li> Y, al hacer clic en \u00e9l, aparecer\u00e1 un men\u00fa desplegable. <\/li>\n<\/ul>\n<div class=\"wp-block-image\">\n<figure class=\"aligncenter\"><img decoding=\"async\" src=\"https:\/\/exceladvisor.org\/wp-content\/uploads\/2023\/08\/cliquez-sur-plus-de-commandes-pour-activer-le-format-automatique-dans-excel-min-1.png\" sizes=\"\" srcset=\"\" alt=\"haga clic en m\u00e1s comandos para habilitar el formato autom\u00e1tico en Excel\"><\/figure>\n<\/div>\n<ul>\n<li> En este men\u00fa, haga clic en \u201cM\u00e1s pedidos\u201d. <\/li>\n<\/ul>\n<div class=\"wp-block-image\">\n<figure class=\"aligncenter\"><img decoding=\"async\" src=\"https:\/\/exceladvisor.org\/wp-content\/uploads\/2023\/08\/cliquez-sur-plus-de-commandes-pour-activer-le-format-automatique-dans-excel-min-1.png\" sizes=\"\" srcset=\"\" alt=\"haga clic en m\u00e1s comandos para habilitar el formato autom\u00e1tico en Excel\"><\/figure>\n<\/div>\n<ul>\n<li> Una vez que haga clic en \u00e9l, se abrir\u00e1 \u00abPersonalizar barra de herramientas de acceso r\u00e1pido\u00bb en las opciones de Excel.<\/li>\n<li> Desde all\u00ed, haga clic en el men\u00fa desplegable \u00abElegir comandos de\u00bb y seleccione \u00abComandos que no est\u00e1n en la cinta\u00bb. <\/li>\n<\/ul>\n<div class=\"wp-block-image\">\n<figure class=\"aligncenter\"><img decoding=\"async\" src=\"https:\/\/exceladvisor.org\/wp-content\/uploads\/2023\/08\/selectionnez-les-commandes-qui-ne-se-trouvent-pas-dans-le-ruban-pour-ajouter-le-format-automatique-dans-la-barre-doutils-dacces-rapide-dExcel-min-1.png\" sizes=\"\" srcset=\"\" alt=\"seleccione comandos que no est\u00e9n en la cinta para agregar formato autom\u00e1tico a la barra de herramientas de acceso r\u00e1pido de Excel\"><\/figure>\n<\/div>\n<ul>\n<li> Despu\u00e9s de eso, vaya a la lista de comandos que tiene justo debajo de esta lista desplegable.<\/li>\n<li> Y seleccione la opci\u00f3n \u00abFormato autom\u00e1tico\u00bb y agr\u00e9guela a la barra de herramientas de acceso r\u00e1pido. <\/li>\n<\/ul>\n<div class=\"wp-block-image\">\n<figure class=\"aligncenter\"><img decoding=\"async\" src=\"https:\/\/exceladvisor.org\/wp-content\/uploads\/2023\/08\/selectionner-a-partir-de-la-commande-de-format-automatique-dans-Excel-pour-ajouter-a-la-barre-doutils-dacces-rapide-min-1.png\" sizes=\"\" srcset=\"\" alt=\"seleccione del comando de formato autom\u00e1tico en Excel para agregarlo a la barra de herramientas de acceso r\u00e1pido\"><\/figure>\n<\/div>\n<ul>\n<li> Haga clic en Aceptar. <\/li>\n<\/ul>\n<div class=\"wp-block-image\">\n<figure class=\"aligncenter\"><img decoding=\"async\" src=\"https:\/\/exceladvisor.org\/wp-content\/uploads\/2023\/08\/bouton-de-formatage-automatique-dans-la-barre-doutils-dacces-rapide-dExcel-min-1.png\" sizes=\"\" srcset=\"\" alt=\"Bot\u00f3n de formato autom\u00e1tico en la barra de herramientas de acceso r\u00e1pido de Excel\"><\/figure>\n<\/div>\n<p> Ahora tienes el \u00edcono de formato autom\u00e1tico en tu barra de herramientas de acceso r\u00e1pido.<\/p>\n<h2 id=\"tab-con-3\" class=\"wp-block-heading\"> \u00bfC\u00f3mo utilizar el formato autom\u00e1tico?<\/h2>\n<p> Aplicar formatos con una opci\u00f3n de formato autom\u00e1tico es s\u00faper simple. Supongamos que desea formatear la tabla de datos a continuaci\u00f3n. <\/p>\n<div class=\"wp-block-image\">\n<figure class=\"aligncenter\"><img decoding=\"async\" src=\"https:\/\/exceladvisor.org\/wp-content\/uploads\/2023\/08\/table-de-donnees-pour-utiliser-le-format-automatique-dans-excel-min-1.png\" sizes=\"\" srcset=\"\" alt=\"tabla de datos para usar el formato autom\u00e1tico en Excel\"><\/figure>\n<\/div>\n<p> <a style=\"outline: none;\" href=\"https:\/\/exceladvisor.org\/wp-content\/uploads\/2023\/08\/formatage-automatique-des-donnees.xlsx\" rel=\"nofollow\">Descargue este archivo desde aqu\u00ed<\/a> para seguir y siga los pasos a continuaci\u00f3n para formatear la tabla.<\/p>\n<ul>\n<li> Seleccione una de las celdas de sus datos. <\/li>\n<\/ul>\n<div class=\"wp-block-image\">\n<figure class=\"aligncenter\"><img decoding=\"async\" src=\"https:\/\/exceladvisor.org\/wp-content\/uploads\/2023\/08\/selectionnez-nimporte-quelle-cellule-des-donnees-pour-appliquer-le-formatage-avec-le-format-automatique-dans-Excel-min-1.png\" sizes=\"\" srcset=\"\" alt=\"seleccione cualquier celda de los datos para aplicar formato con formato autom\u00e1tico en Excel\"><\/figure>\n<\/div>\n<ul>\n<li> Vaya a la barra de herramientas de acceso r\u00e1pido y haga clic en el bot\u00f3n Formato autom\u00e1tico. <\/li>\n<\/ul>\n<div class=\"wp-block-image\">\n<figure class=\"aligncenter\"><img decoding=\"async\" src=\"https:\/\/exceladvisor.org\/wp-content\/uploads\/2023\/08\/cliquez-sur-le-bouton-de-formatage-automatique-pour-ajouter-un-formatage-sur-la-table-de-donnees-min-1.png\" sizes=\"\" srcset=\"\" alt=\"haga clic en el bot\u00f3n de formato autom\u00e1tico para agregar formato a la tabla de datos\"><\/figure>\n<\/div>\n<ul>\n<li> Ahora tienes una ventana, donde tienes diferentes formatos de datos.<\/li>\n<li> Seleccione uno y haga clic en Aceptar. <\/li>\n<\/ul>\n<div class=\"wp-block-image\">\n<figure class=\"aligncenter\"><img decoding=\"async\" src=\"https:\/\/exceladvisor.org\/wp-content\/uploads\/2023\/08\/selectionnez-le-format-et-cliquez-sur-OK-pour-appliquer-le-formatage-avec-le-format-automatique-dans-Excel-min-1.png\" sizes=\"\" srcset=\"\" alt=\"seleccione el formato y haga clic en Aceptar para aplicar el formato con formato autom\u00e1tico en Excel\"><\/figure>\n<\/div>\n<ul>\n<li> Una vez que haga clic en Aceptar, aplicar\u00e1 instant\u00e1neamente el formato elegido a los datos. <\/li>\n<\/ul>\n<div class=\"wp-block-image\">\n<figure class=\"aligncenter\"><img decoding=\"async\" src=\"https:\/\/exceladvisor.org\/wp-content\/uploads\/2023\/08\/tableau-formate-avec-format-automatique-dans-excel-min-1.png\" sizes=\"\" srcset=\"\" alt=\"tabla formateada con formato autom\u00e1tico en excel\"><\/figure>\n<\/div>\n<h2 id=\"tab-con-4\" class=\"wp-block-heading\"> \u00bfC\u00f3mo cambiar un formato a formato autom\u00e1tico?<\/h2>\n<p> Como mencion\u00e9 anteriormente, todos los formatos en Auto Format son una combinaci\u00f3n de 6 componentes diferentes. Y tambi\u00e9n puedes agregar o eliminar estos componentes de cada formato antes de aplicarlos.<\/p>\n<p> Supongamos que desea agregar formato a la tabla de datos a continuaci\u00f3n, pero sin cambiar el estilo de fuente ni el ancho de columna. Debe aplicar el formato siguiendo los pasos a continuaci\u00f3n.<\/p>\n<ul>\n<li> Seleccione sus datos y haga clic en el bot\u00f3n de formato autom\u00e1tico.<\/li>\n<li> Seleccione un formato para aplicar y haga clic en el bot\u00f3n \u00abOpciones\u00bb.<\/li>\n<li> En las opciones, desmarque \u00abFuente\u00bb y \u00abAncho\/Alto\u00bb. <\/li>\n<\/ul>\n<div class=\"wp-block-image\">\n<figure class=\"aligncenter\"><img decoding=\"async\" src=\"https:\/\/exceladvisor.org\/wp-content\/uploads\/2023\/08\/modifier-le-format-au-format-automatique-dans-excel-min-1.png\" sizes=\"\" srcset=\"\" alt=\"cambiar formato a formato autom\u00e1tico en excel\"><\/figure>\n<\/div>\n<ul>\n<li> Y haga clic en Aceptar. <\/li>\n<\/ul>\n<div class=\"wp-block-image\">\n<figure class=\"aligncenter\"><img decoding=\"async\" src=\"https:\/\/exceladvisor.org\/wp-content\/uploads\/2023\/08\/format-sans-style-de-police-et-largeur-avec-format-automatique-min-1.png\" sizes=\"\" srcset=\"\" alt=\"formato sin estilo de fuente y ancho con formato autom\u00e1tico\"><\/figure>\n<\/div>\n<p> Ahora ambos componentes no est\u00e1n en su formato.<\/p>\n<h2 id=\"tab-con-5\" class=\"wp-block-heading\"> Quitar formato<\/h2>\n<p> Bueno, para eliminar el formato de datos, la mejor manera es usar la tecla de acceso r\u00e1pido Alt + H + E + F. Pero tambi\u00e9n puedes usar la opci\u00f3n de formato autom\u00e1tico para eliminar el formato de tus datos.<\/p>\n<ul>\n<li> Seleccione todos sus datos y abra el formato autom\u00e1tico.<\/li>\n<li> Vaya al \u00faltimo en la lista de formatos donde tenga un formato \u00abNinguno\u00bb. <\/li>\n<\/ul>\n<div class=\"wp-block-image\">\n<figure class=\"aligncenter\"><img decoding=\"async\" src=\"https:\/\/exceladvisor.org\/wp-content\/uploads\/2023\/08\/supprimer-le-format-avec-le-format-automatique-min-1.png\" sizes=\"\" srcset=\"\" alt=\"eliminar formato con formato autom\u00e1tico\"><\/figure>\n<\/div>\n<ul>\n<li> Selecci\u00f3nelo y haga clic en Aceptar.<\/li>\n<\/ul>\n<h2 id=\"tab-con-6\" class=\"wp-block-heading\"> Puntos importantes<\/h2>\n<ol>\n<li> El formato autom\u00e1tico no puede reconocer si ya tiene formato en sus datos. Ignorar\u00e1 y aplicar\u00e1 el nuevo formato de acuerdo con el formato que seleccion\u00f3.<\/li>\n<li> Necesita al menos 2 celdas para aplicar formato con la opci\u00f3n de formato autom\u00e1tico.<\/li>\n<\/ol>\n<div class=\"gb-container gb-container-4db6181c gb-container-mt\"> <a class=\"gb-button gb-button-c5897111 gb-button-text gb-button-mt-button\" href=\"https:\/\/exceladvisor.org\/es\/avance-de-excel\/\">Tutoriales avanzados de Excel<\/a><\/p>\n<h2 class=\"gb-headline gb-headline-665e5f6b gb-headline-text gb-headline-mt-heading\"> Tutoriales relacionados <\/h2>\n<div class=\"gb-grid-wrapper gb-grid-wrapper-a20baf7c gb-grid-wrapper-mt-grid\">\n<div class=\"gb-grid-column gb-grid-column-65ddf67e\">\n<div class=\"gb-container gb-container-65ddf67e\">\n<ul>\n<li> <a href=\"https:\/\/exceladvisor.org\/es\/formulas-1\/\" data-wpil=\"url\">F\u00f3rmulas en formato condicional<\/a><\/li>\n<li> <a href=\"https:\/\/exceladvisor.org\/es\/resaltar-lineas-alternas\/\">Resalte filas alternativas en Excel con muestra de color<\/a><\/li>\n<li> <a href=\"https:\/\/exceladvisor.org\/es\/juegos-de-iconos\/\" data-wpil=\"url\">Utilice conjuntos de iconos en Excel (formato condicional)<\/a><\/li>\n<li> <a href=\"https:\/\/exceladvisor.org\/es\/mejores-fuentes\/\">Las mejores fuentes para Microsoft Excel<\/a><\/li>\n<li> <a href=\"https:\/\/exceladvisor.org\/es\/ocultar-ceros\/\">Ocultar valores cero en Excel<\/a> <\/li>\n<\/ul>\n<\/div>\n<\/div>\n<div class=\"gb-grid-column gb-grid-column-50067b57\">\n<div class=\"gb-container gb-container-50067b57\"><\/div>\n<\/div>\n<\/div>\n<\/div>\n","protected":false},"excerpt":{"rendered":"<p>Formatear es una tarea tediosa. Es realmente dif\u00edcil formatear tus datos cada vez que se los presentas a alguien. Pero es lo \u00fanico que hace que sus datos sean m\u00e1s completos y f\u00e1ciles de consumir. Ser\u00eda fant\u00e1stico si tuvieras una opci\u00f3n que pudieras utilizar para formatear tus datos sin perder mucho tiempo. Entonces, cuando se [&hellip;]<\/p>\n","protected":false},"author":1,"featured_media":0,"parent":0,"menu_order":0,"comment_status":"open","ping_status":"closed","template":"","meta":{"ub_ctt_via":"","footnotes":""},"class_list":["post-290","page","type-page","status-publish","hentry"],"featured_image_src":null,"yoast_head":"<!-- This site is optimized with the Yoast SEO plugin v25.4 - https:\/\/yoast.com\/wordpress\/plugins\/seo\/ -->\n<title>\u00bfc\u00f3mo utilizar la opci\u00f3n formato autom\u00e1tico en excel?<\/title>\n<meta name=\"robots\" content=\"index, follow, max-snippet:-1, max-image-preview:large, max-video-preview:-1\" \/>\n<link rel=\"canonical\" href=\"https:\/\/exceladvisor.org\/es\/auto-formato\/\" \/>\n<meta property=\"og:locale\" content=\"es_ES\" \/>\n<meta property=\"og:type\" content=\"article\" \/>\n<meta property=\"og:title\" content=\"\u00bfc\u00f3mo utilizar la opci\u00f3n formato autom\u00e1tico en excel?\" \/>\n<meta property=\"og:description\" content=\"Formatear es una tarea tediosa. Es realmente dif\u00edcil formatear tus datos cada vez que se los presentas a alguien. Pero es lo \u00fanico que hace que sus datos sean m\u00e1s completos y f\u00e1ciles de consumir. Ser\u00eda fant\u00e1stico si tuvieras una opci\u00f3n que pudieras utilizar para formatear tus datos sin perder mucho tiempo. Entonces, cuando se [&hellip;]\" \/>\n<meta property=\"og:url\" content=\"https:\/\/exceladvisor.org\/es\/auto-formato\/\" \/>\n<meta property=\"og:site_name\" content=\"Excel Advisor\" \/>\n<meta property=\"article:modified_time\" content=\"2023-12-25T10:31:31+00:00\" \/>\n<meta property=\"og:image\" content=\"https:\/\/exceladvisor.org\/wp-content\/uploads\/2023\/08\/cliquez-sur-la-liste-deroulante-pour-activer-le-format-automatique-dans-Excel-min-1.png\" \/>\n<meta name=\"twitter:card\" content=\"summary_large_image\" \/>\n<meta name=\"twitter:label1\" content=\"Tiempo de lectura\" \/>\n\t<meta name=\"twitter:data1\" content=\"4 minutos\" \/>\n<script type=\"application\/ld+json\" class=\"yoast-schema-graph\">{\"@context\":\"https:\/\/schema.org\",\"@graph\":[{\"@type\":\"WebPage\",\"@id\":\"https:\/\/exceladvisor.org\/es\/auto-formato\/\",\"url\":\"https:\/\/exceladvisor.org\/es\/auto-formato\/\",\"name\":\"\u00bfc\u00f3mo utilizar la opci\u00f3n formato autom\u00e1tico en excel?\",\"isPartOf\":{\"@id\":\"https:\/\/exceladvisor.org\/es\/#website\"},\"primaryImageOfPage\":{\"@id\":\"https:\/\/exceladvisor.org\/es\/auto-formato\/#primaryimage\"},\"image\":{\"@id\":\"https:\/\/exceladvisor.org\/es\/auto-formato\/#primaryimage\"},\"thumbnailUrl\":\"https:\/\/exceladvisor.org\/wp-content\/uploads\/2023\/08\/cliquez-sur-la-liste-deroulante-pour-activer-le-format-automatique-dans-Excel-min-1.png\",\"datePublished\":\"2023-11-06T11:11:53+00:00\",\"dateModified\":\"2023-12-25T10:31:31+00:00\",\"breadcrumb\":{\"@id\":\"https:\/\/exceladvisor.org\/es\/auto-formato\/#breadcrumb\"},\"inLanguage\":\"es\",\"potentialAction\":[{\"@type\":\"ReadAction\",\"target\":[\"https:\/\/exceladvisor.org\/es\/auto-formato\/\"]}]},{\"@type\":\"ImageObject\",\"inLanguage\":\"es\",\"@id\":\"https:\/\/exceladvisor.org\/es\/auto-formato\/#primaryimage\",\"url\":\"https:\/\/exceladvisor.org\/wp-content\/uploads\/2023\/08\/cliquez-sur-la-liste-deroulante-pour-activer-le-format-automatique-dans-Excel-min-1.png\",\"contentUrl\":\"https:\/\/exceladvisor.org\/wp-content\/uploads\/2023\/08\/cliquez-sur-la-liste-deroulante-pour-activer-le-format-automatique-dans-Excel-min-1.png\"},{\"@type\":\"BreadcrumbList\",\"@id\":\"https:\/\/exceladvisor.org\/es\/auto-formato\/#breadcrumb\",\"itemListElement\":[{\"@type\":\"ListItem\",\"position\":1,\"name\":\"Hogar\",\"item\":\"https:\/\/exceladvisor.org\/es\/\"},{\"@type\":\"ListItem\",\"position\":2,\"name\":\"\u00bfc\u00f3mo utilizar la opci\u00f3n formato autom\u00e1tico en excel?\"}]},{\"@type\":\"WebSite\",\"@id\":\"https:\/\/exceladvisor.org\/es\/#website\",\"url\":\"https:\/\/exceladvisor.org\/es\/\",\"name\":\"Excel Advisor\",\"description\":\"Su gu\u00eda para la dominaci\u00f3n de datos!\",\"publisher\":{\"@id\":\"https:\/\/exceladvisor.org\/es\/#organization\"},\"potentialAction\":[{\"@type\":\"SearchAction\",\"target\":{\"@type\":\"EntryPoint\",\"urlTemplate\":\"https:\/\/exceladvisor.org\/es\/?s={search_term_string}\"},\"query-input\":{\"@type\":\"PropertyValueSpecification\",\"valueRequired\":true,\"valueName\":\"search_term_string\"}}],\"inLanguage\":\"es\"},{\"@type\":\"Organization\",\"@id\":\"https:\/\/exceladvisor.org\/es\/#organization\",\"name\":\"Excel Advisor\",\"url\":\"https:\/\/exceladvisor.org\/es\/\",\"logo\":{\"@type\":\"ImageObject\",\"inLanguage\":\"es\",\"@id\":\"https:\/\/exceladvisor.org\/es\/#\/schema\/logo\/image\/\",\"url\":\"https:\/\/exceladvisor.org\/es\/wp-content\/uploads\/2023\/12\/exceladvisor.org_.png\",\"contentUrl\":\"https:\/\/exceladvisor.org\/es\/wp-content\/uploads\/2023\/12\/exceladvisor.org_.png\",\"width\":105,\"height\":36,\"caption\":\"Excel Advisor\"},\"image\":{\"@id\":\"https:\/\/exceladvisor.org\/es\/#\/schema\/logo\/image\/\"}}]}<\/script>\n<!-- \/ Yoast SEO plugin. -->","yoast_head_json":{"title":"\u00bfc\u00f3mo utilizar la opci\u00f3n formato autom\u00e1tico en excel?","robots":{"index":"index","follow":"follow","max-snippet":"max-snippet:-1","max-image-preview":"max-image-preview:large","max-video-preview":"max-video-preview:-1"},"canonical":"https:\/\/exceladvisor.org\/es\/auto-formato\/","og_locale":"es_ES","og_type":"article","og_title":"\u00bfc\u00f3mo utilizar la opci\u00f3n formato autom\u00e1tico en excel?","og_description":"Formatear es una tarea tediosa. Es realmente dif\u00edcil formatear tus datos cada vez que se los presentas a alguien. Pero es lo \u00fanico que hace que sus datos sean m\u00e1s completos y f\u00e1ciles de consumir. Ser\u00eda fant\u00e1stico si tuvieras una opci\u00f3n que pudieras utilizar para formatear tus datos sin perder mucho tiempo. Entonces, cuando se [&hellip;]","og_url":"https:\/\/exceladvisor.org\/es\/auto-formato\/","og_site_name":"Excel Advisor","article_modified_time":"2023-12-25T10:31:31+00:00","og_image":[{"url":"https:\/\/exceladvisor.org\/wp-content\/uploads\/2023\/08\/cliquez-sur-la-liste-deroulante-pour-activer-le-format-automatique-dans-Excel-min-1.png","type":"","width":"","height":""}],"twitter_card":"summary_large_image","twitter_misc":{"Tiempo de lectura":"4 minutos"},"schema":{"@context":"https:\/\/schema.org","@graph":[{"@type":"WebPage","@id":"https:\/\/exceladvisor.org\/es\/auto-formato\/","url":"https:\/\/exceladvisor.org\/es\/auto-formato\/","name":"\u00bfc\u00f3mo utilizar la opci\u00f3n formato autom\u00e1tico en excel?","isPartOf":{"@id":"https:\/\/exceladvisor.org\/es\/#website"},"primaryImageOfPage":{"@id":"https:\/\/exceladvisor.org\/es\/auto-formato\/#primaryimage"},"image":{"@id":"https:\/\/exceladvisor.org\/es\/auto-formato\/#primaryimage"},"thumbnailUrl":"https:\/\/exceladvisor.org\/wp-content\/uploads\/2023\/08\/cliquez-sur-la-liste-deroulante-pour-activer-le-format-automatique-dans-Excel-min-1.png","datePublished":"2023-11-06T11:11:53+00:00","dateModified":"2023-12-25T10:31:31+00:00","breadcrumb":{"@id":"https:\/\/exceladvisor.org\/es\/auto-formato\/#breadcrumb"},"inLanguage":"es","potentialAction":[{"@type":"ReadAction","target":["https:\/\/exceladvisor.org\/es\/auto-formato\/"]}]},{"@type":"ImageObject","inLanguage":"es","@id":"https:\/\/exceladvisor.org\/es\/auto-formato\/#primaryimage","url":"https:\/\/exceladvisor.org\/wp-content\/uploads\/2023\/08\/cliquez-sur-la-liste-deroulante-pour-activer-le-format-automatique-dans-Excel-min-1.png","contentUrl":"https:\/\/exceladvisor.org\/wp-content\/uploads\/2023\/08\/cliquez-sur-la-liste-deroulante-pour-activer-le-format-automatique-dans-Excel-min-1.png"},{"@type":"BreadcrumbList","@id":"https:\/\/exceladvisor.org\/es\/auto-formato\/#breadcrumb","itemListElement":[{"@type":"ListItem","position":1,"name":"Hogar","item":"https:\/\/exceladvisor.org\/es\/"},{"@type":"ListItem","position":2,"name":"\u00bfc\u00f3mo utilizar la opci\u00f3n formato autom\u00e1tico en excel?"}]},{"@type":"WebSite","@id":"https:\/\/exceladvisor.org\/es\/#website","url":"https:\/\/exceladvisor.org\/es\/","name":"Excel Advisor","description":"Su gu\u00eda para la dominaci\u00f3n de datos!","publisher":{"@id":"https:\/\/exceladvisor.org\/es\/#organization"},"potentialAction":[{"@type":"SearchAction","target":{"@type":"EntryPoint","urlTemplate":"https:\/\/exceladvisor.org\/es\/?s={search_term_string}"},"query-input":{"@type":"PropertyValueSpecification","valueRequired":true,"valueName":"search_term_string"}}],"inLanguage":"es"},{"@type":"Organization","@id":"https:\/\/exceladvisor.org\/es\/#organization","name":"Excel Advisor","url":"https:\/\/exceladvisor.org\/es\/","logo":{"@type":"ImageObject","inLanguage":"es","@id":"https:\/\/exceladvisor.org\/es\/#\/schema\/logo\/image\/","url":"https:\/\/exceladvisor.org\/es\/wp-content\/uploads\/2023\/12\/exceladvisor.org_.png","contentUrl":"https:\/\/exceladvisor.org\/es\/wp-content\/uploads\/2023\/12\/exceladvisor.org_.png","width":105,"height":36,"caption":"Excel Advisor"},"image":{"@id":"https:\/\/exceladvisor.org\/es\/#\/schema\/logo\/image\/"}}]}},"yoast_meta":{"yoast_wpseo_title":"","yoast_wpseo_metadesc":"","yoast_wpseo_canonical":""},"_links":{"self":[{"href":"https:\/\/exceladvisor.org\/es\/wp-json\/wp\/v2\/pages\/290","targetHints":{"allow":["GET"]}}],"collection":[{"href":"https:\/\/exceladvisor.org\/es\/wp-json\/wp\/v2\/pages"}],"about":[{"href":"https:\/\/exceladvisor.org\/es\/wp-json\/wp\/v2\/types\/page"}],"author":[{"embeddable":true,"href":"https:\/\/exceladvisor.org\/es\/wp-json\/wp\/v2\/users\/1"}],"replies":[{"embeddable":true,"href":"https:\/\/exceladvisor.org\/es\/wp-json\/wp\/v2\/comments?post=290"}],"version-history":[{"count":1,"href":"https:\/\/exceladvisor.org\/es\/wp-json\/wp\/v2\/pages\/290\/revisions"}],"predecessor-version":[{"id":1365,"href":"https:\/\/exceladvisor.org\/es\/wp-json\/wp\/v2\/pages\/290\/revisions\/1365"}],"wp:attachment":[{"href":"https:\/\/exceladvisor.org\/es\/wp-json\/wp\/v2\/media?parent=290"}],"curies":[{"name":"wp","href":"https:\/\/api.w.org\/{rel}","templated":true}]}}