{"id":291,"date":"2023-11-06T10:44:49","date_gmt":"2023-11-06T10:44:49","guid":{"rendered":"https:\/\/exceladvisor.org\/es\/tiempo-promedio-2\/"},"modified":"2023-12-25T10:23:48","modified_gmt":"2023-12-25T10:23:48","slug":"tiempo-promedio-2","status":"publish","type":"page","link":"https:\/\/exceladvisor.org\/es\/tiempo-promedio-2\/","title":{"rendered":"\u00bfc\u00f3mo calcular el promedio de los valores de tiempo?"},"content":{"rendered":"<div class=\"excel-antes-del-contenido\" id=\"excel-2382352432\"><script type=\"text\/javascript\">\r\n\tatOptions = {\r\n\t\t'key' : 'c1158f160081d6540a8409e6925dab94',\r\n\t\t'format' : 'iframe',\r\n\t\t'height' : 250,\r\n\t\t'width' : 300,\r\n\t\t'params' : {}\r\n\t};\r\n<\/script>\r\n<script type=\"text\/javascript\" src=\"\/\/www.highperformanceformat.com\/c1158f160081d6540a8409e6925dab94\/invoke.js\"><\/script><\/div><p>En este tutorial, aprenderemos c\u00f3mo calcular el promedio de los valores de tiempo que tienes en un rango de celdas.<\/p>\n<h2 class=\"wp-block-heading\"> F\u00f3rmula de tiempo promedio<\/h2>\n<p> En el siguiente ejemplo, tiene tres valores de tiempo en la columna A en el rango A1:A3. Ahora necesitas calcular el promedio de estos valores de tiempo. <\/p>\n<div class=\"wp-block-image\">\n<figure class=\"aligncenter size-full is-resized\"><img loading=\"lazy\" decoding=\"async\" class=\"wp-image-79293\" src=\"https:\/\/exceladvisor.org\/wp-content\/uploads\/2023\/08\/1-calculer-la-moyenne-des-valeurs-de-temps.png\" sizes=\"auto, \" srcset=\"\" alt=\"calcular-el-promedio-de-valores-de-tiempo\" width=\"442\" height=\"364\"><\/figure>\n<\/div>\n<p> Para hacer esto, debe utilizar la funci\u00f3n PROMEDIO.<\/p>\n<ol type=\"1\">\n<li> Ingrese la funci\u00f3n promedio en una celda usando el signo igual.<\/li>\n<li> Luego ingrese a la funci\u00f3n PROMEDIO y comience los par\u00e9ntesis.<\/li>\n<li> Consulta el rango en el que tienes tiempo.<\/li>\n<li> Al final, ingrese el par\u00e9ntesis de cierre y presione Enter para obtener el resultado. <\/li>\n<\/ol>\n<div class=\"wp-block-image\">\n<figure class=\"aligncenter size-full is-resized\"><img loading=\"lazy\" decoding=\"async\" class=\"wp-image-79294\" src=\"https:\/\/exceladvisor.org\/wp-content\/uploads\/2023\/08\/2-moyenne-pour-trouver-la-moyenne-de-la-valeur-du-temps.png\" sizes=\"auto, \" srcset=\"\" alt=\"promedio para encontrar el valor de tiempo promedio\" width=\"560\" height=\"358\"><\/figure>\n<\/div>\n<pre class=\"wp-block-code\"> <code class=\"language-excel-formula\" lang=\"excel-formula\">=AVERAGE(A1:A3)<\/code><\/pre>\n<p> En la celda donde desea calcular el promedio de tiempo, debe asegurarse de tener el formato de hora en esa celda. Incluso si no cambia el formato, Excel es lo suficientemente inteligente como para cambiar ese formato cuando ingresa la f\u00f3rmula.<\/p>\n<h2 class=\"wp-block-heading\"> Entendiendo el tiempo en Excel<\/h2>\n<p> En Excel, <strong><mark class=\"has-inline-color\" style=\"background-color: #eedc82;\">cuando ingresa una hora en una celda, Excel autom\u00e1ticamente le da un formato<\/mark><\/strong> . Hay dos formas de formatear un valor de hora, una en formato de 12 horas y la otra en formato de 24 horas. Cuando est\u00e1s promediando tiempo y tienes un formato de 12 horas, hay que tener un poco de cuidado. <\/p>\n<div class=\"wp-block-image\">\n<figure class=\"aligncenter size-full is-resized\"><img loading=\"lazy\" decoding=\"async\" class=\"wp-image-79295\" src=\"https:\/\/exceladvisor.org\/wp-content\/uploads\/2023\/08\/3-comprendre-le-temps-dans-excel.png\" sizes=\"auto, \" srcset=\"\" alt=\"entender-el-tiempo-en-excel\" width=\"325\" height=\"154\"><\/figure>\n<\/div>\n<p> Arriba tenemos dos horarios diferentes, uno son las 6:30 a.m. y el segundo son las 6:30 p.m. Por eso el promedio es diferente con las dos f\u00f3rmulas.<\/p>\n<h2 class=\"wp-block-heading\"> \u00bfPor qu\u00e9 obtengo #DIV\/0? Error al promediar el tiempo<\/h2>\n<p> Si sus valores de tiempo est\u00e1n almacenados como texto en la celda, puede encontrar <a href=\"https:\/\/exceladvisor.org\/es\/error-de-division\/\">#DIV\/0. error<\/a> . A continuaci\u00f3n tenemos una lista de valores de tiempo los cuales se guardan como texto y al promediar obtenemos un error. <\/p>\n<div class=\"wp-block-image\">\n<figure class=\"aligncenter size-full is-resized\"><img loading=\"lazy\" decoding=\"async\" class=\"wp-image-79297\" src=\"https:\/\/exceladvisor.org\/wp-content\/uploads\/2023\/08\/Erreur-de-4-div-lors-de-la-moyenne-du-temps.png\" sizes=\"auto, \" srcset=\"\" alt=\"#div-error-mientras-tiempo-promedio\" width=\"346\" height=\"185\"><\/figure>\n<\/div>\n<p> Para resolver este problema, puedes utilizar la siguiente f\u00f3rmula. <\/p>\n<div class=\"wp-block-image\">\n<figure class=\"aligncenter size-full is-resized\"><img loading=\"lazy\" decoding=\"async\" class=\"wp-image-79298\" src=\"https:\/\/exceladvisor.org\/wp-content\/uploads\/2023\/08\/5-formule-pour-ignorer-lerreur-div.png\" sizes=\"auto, \" srcset=\"\" alt=\"f\u00f3rmula-para-ignorar-#div-error\" width=\"575\" height=\"368\"><\/figure>\n<\/div>\n<p> Debe ingresar esta f\u00f3rmula como una f\u00f3rmula matricial usando <strong><mark class=\"has-inline-color\" style=\"background-color: #eedc82;\">Ctrl + Shift + Enter<\/mark><\/strong> . <\/p>\n<div class=\"gb-container gb-container-52dfcee1 gb-container-sample-file\">\n<h2 class=\"gb-headline gb-headline-e289c143 gb-headline-text gb-headline-4f7959c2\"> Obtener el archivo Excel<\/h2>\n<p> <a class=\"gb-button gb-button-e88d6bee gb-button-text gb-button-button1\" href=\"https:\/\/exceladvisor.org\/wp-content\/uploads\/2023\/11\/temps-moyen.xlsx\" rel=\"nofollow\">Descargar<\/a><\/p>\n<\/div>\n<div class=\"gb-container gb-container-0df56012 gb-container-mt\"> <a class=\"gb-button gb-button-f9f432f4 gb-button-text gb-button-mt-button\" href=\"https:\/\/exceladvisor.org\/es\/formulas\/\">Lista de f\u00f3rmulas de Excel<\/a><\/p>\n<h2 class=\"gb-headline gb-headline-233444e8 gb-headline-text gb-headline-mt-heading\"> F\u00f3rmulas relacionadas <\/h2>\n<div class=\"gb-grid-wrapper gb-grid-wrapper-a16fa65c gb-grid-wrapper-mt-grid\">\n<div class=\"gb-grid-column gb-grid-column-50d07e0d\">\n<div class=\"gb-container gb-container-50d07e0d\">\n<ul>\n<li> <a href=\"https:\/\/exceladvisor.org\/es\/valores-maximos-promedio\/\">Promedio de los 5 valores m\u00e1s altos en Excel<\/a><\/li>\n<li> <a href=\"https:\/\/exceladvisor.org\/es\/peso-promedio\/\">Calcular promedio ponderado en Excel<\/a><\/li>\n<li> <a href=\"https:\/\/exceladvisor.org\/es\/errores-promedio-ignorados-2\/\">Promedio pero ignorar errores (#N\/A y otros errores)<\/a><\/li>\n<li> <a href=\"https:\/\/exceladvisor.org\/es\/el-promedio-excluye-ceros-2\/\">N\u00famero promedio pero excluye ceros<\/a><\/li>\n<\/ul>\n<\/div>\n<\/div>\n<\/div>\n<\/div>\n","protected":false},"excerpt":{"rendered":"<p>En este tutorial, aprenderemos c\u00f3mo calcular el promedio de los valores de tiempo que tienes en un rango de celdas. F\u00f3rmula de tiempo promedio En el siguiente ejemplo, tiene tres valores de tiempo en la columna A en el rango A1:A3. Ahora necesitas calcular el promedio de estos valores de tiempo. Para hacer esto, debe [&hellip;]<\/p>\n","protected":false},"author":1,"featured_media":0,"parent":0,"menu_order":0,"comment_status":"open","ping_status":"closed","template":"","meta":{"ub_ctt_via":"","footnotes":""},"class_list":["post-291","page","type-page","status-publish","hentry"],"featured_image_src":null,"yoast_head":"<!-- This site is optimized with the Yoast SEO plugin v25.4 - https:\/\/yoast.com\/wordpress\/plugins\/seo\/ -->\n<title>\u00bfc\u00f3mo calcular el promedio de los valores de tiempo?<\/title>\n<meta name=\"robots\" content=\"index, follow, max-snippet:-1, max-image-preview:large, max-video-preview:-1\" \/>\n<link rel=\"canonical\" href=\"https:\/\/exceladvisor.org\/es\/tiempo-promedio-2\/\" \/>\n<meta property=\"og:locale\" content=\"es_ES\" \/>\n<meta property=\"og:type\" content=\"article\" \/>\n<meta property=\"og:title\" content=\"\u00bfc\u00f3mo calcular el promedio de los valores de tiempo?\" \/>\n<meta property=\"og:description\" content=\"En este tutorial, aprenderemos c\u00f3mo calcular el promedio de los valores de tiempo que tienes en un rango de celdas. F\u00f3rmula de tiempo promedio En el siguiente ejemplo, tiene tres valores de tiempo en la columna A en el rango A1:A3. Ahora necesitas calcular el promedio de estos valores de tiempo. Para hacer esto, debe [&hellip;]\" \/>\n<meta property=\"og:url\" content=\"https:\/\/exceladvisor.org\/es\/tiempo-promedio-2\/\" \/>\n<meta property=\"og:site_name\" content=\"Excel Advisor\" \/>\n<meta property=\"article:modified_time\" content=\"2023-12-25T10:23:48+00:00\" \/>\n<meta property=\"og:image\" content=\"https:\/\/exceladvisor.org\/wp-content\/uploads\/2023\/08\/1-calculer-la-moyenne-des-valeurs-de-temps.png\" \/>\n<meta name=\"twitter:card\" content=\"summary_large_image\" \/>\n<meta name=\"twitter:label1\" content=\"Tiempo de lectura\" \/>\n\t<meta name=\"twitter:data1\" content=\"2 minutos\" \/>\n<script type=\"application\/ld+json\" class=\"yoast-schema-graph\">{\"@context\":\"https:\/\/schema.org\",\"@graph\":[{\"@type\":\"WebPage\",\"@id\":\"https:\/\/exceladvisor.org\/es\/tiempo-promedio-2\/\",\"url\":\"https:\/\/exceladvisor.org\/es\/tiempo-promedio-2\/\",\"name\":\"\u00bfc\u00f3mo calcular el promedio de los valores de tiempo?\",\"isPartOf\":{\"@id\":\"https:\/\/exceladvisor.org\/es\/#website\"},\"primaryImageOfPage\":{\"@id\":\"https:\/\/exceladvisor.org\/es\/tiempo-promedio-2\/#primaryimage\"},\"image\":{\"@id\":\"https:\/\/exceladvisor.org\/es\/tiempo-promedio-2\/#primaryimage\"},\"thumbnailUrl\":\"https:\/\/exceladvisor.org\/wp-content\/uploads\/2023\/08\/1-calculer-la-moyenne-des-valeurs-de-temps.png\",\"datePublished\":\"2023-11-06T10:44:49+00:00\",\"dateModified\":\"2023-12-25T10:23:48+00:00\",\"breadcrumb\":{\"@id\":\"https:\/\/exceladvisor.org\/es\/tiempo-promedio-2\/#breadcrumb\"},\"inLanguage\":\"es\",\"potentialAction\":[{\"@type\":\"ReadAction\",\"target\":[\"https:\/\/exceladvisor.org\/es\/tiempo-promedio-2\/\"]}]},{\"@type\":\"ImageObject\",\"inLanguage\":\"es\",\"@id\":\"https:\/\/exceladvisor.org\/es\/tiempo-promedio-2\/#primaryimage\",\"url\":\"https:\/\/exceladvisor.org\/wp-content\/uploads\/2023\/08\/1-calculer-la-moyenne-des-valeurs-de-temps.png\",\"contentUrl\":\"https:\/\/exceladvisor.org\/wp-content\/uploads\/2023\/08\/1-calculer-la-moyenne-des-valeurs-de-temps.png\"},{\"@type\":\"BreadcrumbList\",\"@id\":\"https:\/\/exceladvisor.org\/es\/tiempo-promedio-2\/#breadcrumb\",\"itemListElement\":[{\"@type\":\"ListItem\",\"position\":1,\"name\":\"Hogar\",\"item\":\"https:\/\/exceladvisor.org\/es\/\"},{\"@type\":\"ListItem\",\"position\":2,\"name\":\"\u00bfc\u00f3mo calcular el promedio de los valores de tiempo?\"}]},{\"@type\":\"WebSite\",\"@id\":\"https:\/\/exceladvisor.org\/es\/#website\",\"url\":\"https:\/\/exceladvisor.org\/es\/\",\"name\":\"Excel Advisor\",\"description\":\"Su gu\u00eda para la dominaci\u00f3n de datos!\",\"publisher\":{\"@id\":\"https:\/\/exceladvisor.org\/es\/#organization\"},\"potentialAction\":[{\"@type\":\"SearchAction\",\"target\":{\"@type\":\"EntryPoint\",\"urlTemplate\":\"https:\/\/exceladvisor.org\/es\/?s={search_term_string}\"},\"query-input\":{\"@type\":\"PropertyValueSpecification\",\"valueRequired\":true,\"valueName\":\"search_term_string\"}}],\"inLanguage\":\"es\"},{\"@type\":\"Organization\",\"@id\":\"https:\/\/exceladvisor.org\/es\/#organization\",\"name\":\"Excel Advisor\",\"url\":\"https:\/\/exceladvisor.org\/es\/\",\"logo\":{\"@type\":\"ImageObject\",\"inLanguage\":\"es\",\"@id\":\"https:\/\/exceladvisor.org\/es\/#\/schema\/logo\/image\/\",\"url\":\"https:\/\/exceladvisor.org\/es\/wp-content\/uploads\/2023\/12\/exceladvisor.org_.png\",\"contentUrl\":\"https:\/\/exceladvisor.org\/es\/wp-content\/uploads\/2023\/12\/exceladvisor.org_.png\",\"width\":105,\"height\":36,\"caption\":\"Excel Advisor\"},\"image\":{\"@id\":\"https:\/\/exceladvisor.org\/es\/#\/schema\/logo\/image\/\"}}]}<\/script>\n<!-- \/ Yoast SEO plugin. -->","yoast_head_json":{"title":"\u00bfc\u00f3mo calcular el promedio de los valores de tiempo?","robots":{"index":"index","follow":"follow","max-snippet":"max-snippet:-1","max-image-preview":"max-image-preview:large","max-video-preview":"max-video-preview:-1"},"canonical":"https:\/\/exceladvisor.org\/es\/tiempo-promedio-2\/","og_locale":"es_ES","og_type":"article","og_title":"\u00bfc\u00f3mo calcular el promedio de los valores de tiempo?","og_description":"En este tutorial, aprenderemos c\u00f3mo calcular el promedio de los valores de tiempo que tienes en un rango de celdas. F\u00f3rmula de tiempo promedio En el siguiente ejemplo, tiene tres valores de tiempo en la columna A en el rango A1:A3. Ahora necesitas calcular el promedio de estos valores de tiempo. Para hacer esto, debe [&hellip;]","og_url":"https:\/\/exceladvisor.org\/es\/tiempo-promedio-2\/","og_site_name":"Excel Advisor","article_modified_time":"2023-12-25T10:23:48+00:00","og_image":[{"url":"https:\/\/exceladvisor.org\/wp-content\/uploads\/2023\/08\/1-calculer-la-moyenne-des-valeurs-de-temps.png","type":"","width":"","height":""}],"twitter_card":"summary_large_image","twitter_misc":{"Tiempo de lectura":"2 minutos"},"schema":{"@context":"https:\/\/schema.org","@graph":[{"@type":"WebPage","@id":"https:\/\/exceladvisor.org\/es\/tiempo-promedio-2\/","url":"https:\/\/exceladvisor.org\/es\/tiempo-promedio-2\/","name":"\u00bfc\u00f3mo calcular el promedio de los valores de tiempo?","isPartOf":{"@id":"https:\/\/exceladvisor.org\/es\/#website"},"primaryImageOfPage":{"@id":"https:\/\/exceladvisor.org\/es\/tiempo-promedio-2\/#primaryimage"},"image":{"@id":"https:\/\/exceladvisor.org\/es\/tiempo-promedio-2\/#primaryimage"},"thumbnailUrl":"https:\/\/exceladvisor.org\/wp-content\/uploads\/2023\/08\/1-calculer-la-moyenne-des-valeurs-de-temps.png","datePublished":"2023-11-06T10:44:49+00:00","dateModified":"2023-12-25T10:23:48+00:00","breadcrumb":{"@id":"https:\/\/exceladvisor.org\/es\/tiempo-promedio-2\/#breadcrumb"},"inLanguage":"es","potentialAction":[{"@type":"ReadAction","target":["https:\/\/exceladvisor.org\/es\/tiempo-promedio-2\/"]}]},{"@type":"ImageObject","inLanguage":"es","@id":"https:\/\/exceladvisor.org\/es\/tiempo-promedio-2\/#primaryimage","url":"https:\/\/exceladvisor.org\/wp-content\/uploads\/2023\/08\/1-calculer-la-moyenne-des-valeurs-de-temps.png","contentUrl":"https:\/\/exceladvisor.org\/wp-content\/uploads\/2023\/08\/1-calculer-la-moyenne-des-valeurs-de-temps.png"},{"@type":"BreadcrumbList","@id":"https:\/\/exceladvisor.org\/es\/tiempo-promedio-2\/#breadcrumb","itemListElement":[{"@type":"ListItem","position":1,"name":"Hogar","item":"https:\/\/exceladvisor.org\/es\/"},{"@type":"ListItem","position":2,"name":"\u00bfc\u00f3mo calcular el promedio de los valores de tiempo?"}]},{"@type":"WebSite","@id":"https:\/\/exceladvisor.org\/es\/#website","url":"https:\/\/exceladvisor.org\/es\/","name":"Excel Advisor","description":"Su gu\u00eda para la dominaci\u00f3n de datos!","publisher":{"@id":"https:\/\/exceladvisor.org\/es\/#organization"},"potentialAction":[{"@type":"SearchAction","target":{"@type":"EntryPoint","urlTemplate":"https:\/\/exceladvisor.org\/es\/?s={search_term_string}"},"query-input":{"@type":"PropertyValueSpecification","valueRequired":true,"valueName":"search_term_string"}}],"inLanguage":"es"},{"@type":"Organization","@id":"https:\/\/exceladvisor.org\/es\/#organization","name":"Excel Advisor","url":"https:\/\/exceladvisor.org\/es\/","logo":{"@type":"ImageObject","inLanguage":"es","@id":"https:\/\/exceladvisor.org\/es\/#\/schema\/logo\/image\/","url":"https:\/\/exceladvisor.org\/es\/wp-content\/uploads\/2023\/12\/exceladvisor.org_.png","contentUrl":"https:\/\/exceladvisor.org\/es\/wp-content\/uploads\/2023\/12\/exceladvisor.org_.png","width":105,"height":36,"caption":"Excel Advisor"},"image":{"@id":"https:\/\/exceladvisor.org\/es\/#\/schema\/logo\/image\/"}}]}},"yoast_meta":{"yoast_wpseo_title":"","yoast_wpseo_metadesc":"","yoast_wpseo_canonical":""},"_links":{"self":[{"href":"https:\/\/exceladvisor.org\/es\/wp-json\/wp\/v2\/pages\/291","targetHints":{"allow":["GET"]}}],"collection":[{"href":"https:\/\/exceladvisor.org\/es\/wp-json\/wp\/v2\/pages"}],"about":[{"href":"https:\/\/exceladvisor.org\/es\/wp-json\/wp\/v2\/types\/page"}],"author":[{"embeddable":true,"href":"https:\/\/exceladvisor.org\/es\/wp-json\/wp\/v2\/users\/1"}],"replies":[{"embeddable":true,"href":"https:\/\/exceladvisor.org\/es\/wp-json\/wp\/v2\/comments?post=291"}],"version-history":[{"count":1,"href":"https:\/\/exceladvisor.org\/es\/wp-json\/wp\/v2\/pages\/291\/revisions"}],"predecessor-version":[{"id":874,"href":"https:\/\/exceladvisor.org\/es\/wp-json\/wp\/v2\/pages\/291\/revisions\/874"}],"wp:attachment":[{"href":"https:\/\/exceladvisor.org\/es\/wp-json\/wp\/v2\/media?parent=291"}],"curies":[{"name":"wp","href":"https:\/\/api.w.org\/{rel}","templated":true}]}}