{"id":292,"date":"2023-11-06T01:04:21","date_gmt":"2023-11-06T01:04:21","guid":{"rendered":"https:\/\/exceladvisor.org\/es\/texto-despues-antes\/"},"modified":"2023-12-25T10:33:02","modified_gmt":"2023-12-25T10:33:02","slug":"texto-despues-antes","status":"publish","type":"page","link":"https:\/\/exceladvisor.org\/es\/texto-despues-antes\/","title":{"rendered":"Extraer texto antes y despu\u00e9s de un car\u00e1cter en excel"},"content":{"rendered":"<div class=\"excel-antes-del-contenido\" id=\"excel-1358989909\"><script type=\"text\/javascript\">\r\n\tatOptions = {\r\n\t\t'key' : 'c1158f160081d6540a8409e6925dab94',\r\n\t\t'format' : 'iframe',\r\n\t\t'height' : 250,\r\n\t\t'width' : 300,\r\n\t\t'params' : {}\r\n\t};\r\n<\/script>\r\n<script type=\"text\/javascript\" src=\"\/\/www.highperformanceformat.com\/c1158f160081d6540a8409e6925dab94\/invoke.js\"><\/script><\/div><p>En Excel, puede escribir f\u00f3rmulas para extraer texto antes o despu\u00e9s de un car\u00e1cter espec\u00edfico. Y en este tutorial, aprenderemos a escribir estas f\u00f3rmulas.<\/p>\n<h2 class=\"wp-block-heading\"> Extraer texto despu\u00e9s de un car\u00e1cter<\/h2>\n<p> Necesitamos usar TRIM, RIGHT, SUBSTITUTE, REPT y LEN en esta f\u00f3rmula. Y en el siguiente ejemplo, tenemos dos valores de palabras en los valores y el car\u00e1cter intermedio. <\/p>\n<div class=\"wp-block-image\">\n<figure class=\"aligncenter size-full is-resized\"><img loading=\"lazy\" decoding=\"async\" class=\"wp-image-85943\" src=\"https:\/\/exceladvisor.org\/wp-content\/uploads\/2023\/08\/1-extraire-le-texte-apres-et-avant-le-caractere.png\" sizes=\"auto, \" srcset=\"\" alt=\"fragmento-de-texto-despu\u00e9s-y-antes-del-car\u00e1cter\" width=\"674\" height=\"278\"><\/figure>\n<\/div>\n<pre class=\"wp-block-code\"> <code class=\"language-excel-formula\" lang=\"excel-formula\">=TRIM(RIGHT(SUBSTITUTE(A1,B1,REPT(\" \",LEN(A1))),LEN(A1))) =TRIM(RIGHT(SUBSTITUTE(original_text,character,REPT(\" \",LEN(original_text))),LEN(original_text)))<\/code><\/pre>\n<p> Para entender esta f\u00f3rmula, es necesario dividirla en varias partes:<\/p>\n<p class=\"in-code\"> En la primera parte, tenemos <code>SUBSTITUTE(A1,B1,REPT(\" \",LEN(A1)))<\/code> . Esto es parte de la f\u00f3rmula que reemplaza el car\u00e1cter (,) con la cantidad de espacios equivalente a la longitud del car\u00e1cter. <\/p>\n<div class=\"wp-block-image\">\n<figure class=\"aligncenter size-full is-resized\"><img loading=\"lazy\" decoding=\"async\" class=\"wp-image-85944\" src=\"https:\/\/exceladvisor.org\/wp-content\/uploads\/2023\/08\/2-formules-pour-extraire-du-texte.png\" sizes=\"auto, \" srcset=\"\" alt=\"f\u00f3rmula-para-extraer-texto\" width=\"704\" height=\"327\"><\/figure>\n<\/div>\n<p> Puedes ver que tienes un espacio entre \u201cAsesor de Excel\u201d en lugar de la coma.<\/p>\n<p class=\"in-code\"> En la segunda parte, <code>=TRIM(RIGHT(\"Excel Advisor\",LEN(A1)))<\/code> que extrae el texto del lado derecho del texto y luego lo recorta para eliminar el espacio adicional.<\/p>\n<h3 class=\"wp-block-heading\"> \u00bfDiferentes instancias de personajes?<\/h3>\n<p> Cuando trabaje con datos, es posible que tenga varias instancias del personaje y es posible que la f\u00f3rmula anterior no le ayude a lidiar con eso. En este caso, debes utilizar la siguiente f\u00f3rmula. <\/p>\n<div class=\"wp-block-image\">\n<figure class=\"aligncenter size-full is-resized\"><img loading=\"lazy\" decoding=\"async\" class=\"wp-image-85945\" src=\"https:\/\/exceladvisor.org\/wp-content\/uploads\/2023\/08\/3-extraire-le-texte-lorsquil-y-a-plusieurs-instances-de-caracteres.png\" sizes=\"auto, \" srcset=\"\" alt=\"extraer-texto-cuando-tiene-varias-instancias-de-caracteres\" width=\"796\" height=\"129\"><\/figure>\n<\/div>\n<pre class=\"wp-block-code\"> <code class=\"language-excel-formula\" lang=\"excel-formula\">=IF(LEN(A1)-LEN(SUBSTITUTE(A1,B1,\"\"))&lt;=1,\"\",MID(SUBSTITUTE(A1,B1,\"^^\",C1),FIND(\"^^\",SUBSTITUTE(A1,B1,\"^^\",C1))+2,LEN(A1)))<\/code><\/pre>\n<p> Con esta f\u00f3rmula, debe especificar el car\u00e1cter para extraer el texto, luego comienza la instancia del car\u00e1cter. <\/p>\n<div class=\"wp-block-image\">\n<figure class=\"aligncenter size-full is-resized\"><img loading=\"lazy\" decoding=\"async\" class=\"wp-image-85946\" src=\"https:\/\/exceladvisor.org\/wp-content\/uploads\/2023\/08\/4-specifiez-le-caractere-pour-extraire-le-texte.png\" sizes=\"auto, \" srcset=\"\" alt=\"especificar-car\u00e1cter-para-extraer-texto\" width=\"678\" height=\"195\"><\/figure>\n<\/div>\n<p> La f\u00f3rmula anterior es compleja pero funciona de maravilla. El c\u00f3digo para esta f\u00f3rmula es la funci\u00f3n SUSTITUIR que le ayuda a obtener el segundo o en\u00e9simo instante del car\u00e1cter y luego puede reemplazar ese instante con un \u00ab^^\u00bb que ayuda a\u00fan m\u00e1s a extraer el texto.<\/p>\n<p> Pero tambi\u00e9n puedes usar la nueva funci\u00f3n DESPU\u00c9S DE TEXTO (OFFICE 365), que tiene todas las opciones para obtener texto despu\u00e9s de un car\u00e1cter sin tener que recurrir a una f\u00f3rmula compleja como la anterior. <\/p>\n<div class=\"wp-block-image\">\n<figure class=\"aligncenter size-full is-resized\"><img loading=\"lazy\" decoding=\"async\" class=\"wp-image-85947\" src=\"https:\/\/exceladvisor.org\/wp-content\/uploads\/2023\/08\/5-fonction-textafter.png\" sizes=\"auto, \" srcset=\"\" alt=\"funci\u00f3n textafter\" width=\"638\" height=\"192\"><\/figure>\n<\/div>\n<p> Debes especificar el car\u00e1cter y la instancia en la funci\u00f3n. <\/p>\n<div class=\"wp-block-image\">\n<figure class=\"aligncenter size-full is-resized\"><img loading=\"lazy\" decoding=\"async\" class=\"wp-image-85948\" src=\"https:\/\/exceladvisor.org\/wp-content\/uploads\/2023\/08\/6-specifier-le-caractere-et-linstance.png\" sizes=\"auto, \" srcset=\"\" alt=\"especificar-car\u00e1cter-y-instancia\" width=\"583\" height=\"170\"><\/figure>\n<\/div>\n<h2 class=\"wp-block-heading\"> Extraer texto antes de un car\u00e1cter.<\/h2>\n<p> Puede utilizar la siguiente f\u00f3rmula para obtener el texto antes de un car\u00e1cter. <\/p>\n<div class=\"wp-block-image\">\n<figure class=\"aligncenter size-full is-resized\"><img loading=\"lazy\" decoding=\"async\" class=\"wp-image-85949\" src=\"https:\/\/exceladvisor.org\/wp-content\/uploads\/2023\/08\/7-extraire-le-texte-avant-le-caractere.png\" sizes=\"auto, \" srcset=\"\" alt=\"extracto-de-texto-antes-del-car\u00e1cter\" width=\"678\" height=\"231\"><\/figure>\n<\/div>\n<p> Esta es la f\u00f3rmula exacta que usamos para obtener el texto despu\u00e9s de un car\u00e1cter. En lugar de usar DERECHA, deber\u00edas usar IZQUIERDA. Para obtener el texto izquierdo (frontal).<\/p>\n<pre class=\"wp-block-code\"> <code class=\"language-Visual Basic\" lang=\"Visual Basic\">=TRIM(LEFT(SUBSTITUTE(A2,B2,REPT(\" \",LEN(A2))),LEN(A2)))<\/code><\/pre>\n<p> Y esta f\u00f3rmula funciona exactamente igual que esta f\u00f3rmula. Cons\u00faltelo para que sea comprensible.<\/p>\n<h3 class=\"wp-block-heading\"> Diferentes instancias de personajes<\/h3>\n<p> Hay dos formas de obtener el texto antes (o despu\u00e9s) de un car\u00e1cter.<\/p>\n<pre class=\"wp-block-code\"> <code class=\"language-excel-formula\" lang=\"excel-formula\">=IF(LEN(A2)-LEN(SUBSTITUTE(A2,B2,\"\"))&lt;=1,\"\",LEFT(SUBSTITUTE(A2,B2,\"^^\",C2),FIND(\"^^\",SUBSTITUTE(A2,B2,\"^^\",C2))-1))<\/code><\/pre>\n<p> Se puede utilizar en cualquier versi\u00f3n de Excel; puede especificar los caracteres y la instancia para obtener el texto. <\/p>\n<div class=\"wp-block-image\">\n<figure class=\"aligncenter size-full is-resized\"><img loading=\"lazy\" decoding=\"async\" class=\"wp-image-85950\" src=\"https:\/\/exceladvisor.org\/wp-content\/uploads\/2023\/08\/8-formule-pour-extraire-le-texte-avant-le-caractere.png\" sizes=\"auto, \" srcset=\"\" alt=\"f\u00f3rmula para extraer texto antes del car\u00e1cter\" width=\"784\" height=\"198\"><\/figure>\n<\/div>\n<p> Pero si usa Excel (Office 365), no necesita usar esta f\u00f3rmula compleja. En su lugar, puede utilizar la funci\u00f3n TEXTBANTES. <\/p>\n<div class=\"wp-block-image\">\n<figure class=\"aligncenter size-full is-resized\"><img loading=\"lazy\" decoding=\"async\" class=\"wp-image-85951\" src=\"https:\/\/exceladvisor.org\/wp-content\/uploads\/2023\/08\/9-texte-avant-la-fonction.png\" sizes=\"auto, \" srcset=\"\" alt=\"texto antes de la funci\u00f3n\" width=\"615\" height=\"252\"><\/figure>\n<\/div>\n<div class=\"gb-container gb-container-52dfcee1 gb-container-sample-file\">\n<h2 class=\"gb-headline gb-headline-e289c143 gb-headline-text gb-headline-4f7959c2\"> Obtener el archivo Excel<\/h2>\n<p> <a class=\"gb-button gb-button-e88d6bee gb-button-text gb-button-button1\" href=\"https:\/\/exceladvisor.org\/wp-content\/uploads\/2023\/11\/extrait-avant-apres.xlsx\" rel=\"nofollow\">Descargar<\/a><\/div>\n<div class=\"gb-container gb-container-0df56012 gb-container-mt\"> <a class=\"gb-button gb-button-f9f432f4 gb-button-text gb-button-mt-button\" href=\"https:\/\/exceladvisor.org\/es\/formulas\/\">Lista de f\u00f3rmulas de Excel<\/a><\/p>\n<h2 class=\"gb-headline gb-headline-233444e8 gb-headline-text gb-headline-mt-heading\"> F\u00f3rmulas relacionadas <\/h2>\n<div class=\"gb-grid-wrapper gb-grid-wrapper-a16fa65c gb-grid-wrapper-mt-grid\">\n<div class=\"gb-grid-column gb-grid-column-50d07e0d\">\n<div class=\"gb-container gb-container-50d07e0d\">\n<ul>\n<li> <a href=\"https:\/\/exceladvisor.org\/es\/filtro-horizontal\/\">Crear un filtro horizontal en Excel<\/a><\/li>\n<li> <a href=\"https:\/\/exceladvisor.org\/es\/calificacion-de-estrellas\/\">Cree una plantilla de calificaci\u00f3n de estrellas en Excel<\/a><\/li>\n<li> <a href=\"https:\/\/exceladvisor.org\/es\/obtener-nombre-de-archivo\/\">Obtener nombre de archivo en Excel<\/a><\/li>\n<li> <a href=\"https:\/\/exceladvisor.org\/es\/obtener-el-nombre-de-la-hoja\/\">Obtener el nombre de la hoja en Excel<\/a><\/li>\n<li> <a href=\"https:\/\/exceladvisor.org\/es\/generar-letras-aleatorias\/\">Genera r\u00e1pidamente letras aleatorias en Excel<\/a><\/li>\n<\/ul>\n<\/div>\n<\/div>\n<\/div>\n<\/div>\n","protected":false},"excerpt":{"rendered":"<p>En Excel, puede escribir f\u00f3rmulas para extraer texto antes o despu\u00e9s de un car\u00e1cter espec\u00edfico. Y en este tutorial, aprenderemos a escribir estas f\u00f3rmulas. Extraer texto despu\u00e9s de un car\u00e1cter Necesitamos usar TRIM, RIGHT, SUBSTITUTE, REPT y LEN en esta f\u00f3rmula. Y en el siguiente ejemplo, tenemos dos valores de palabras en los valores y [&hellip;]<\/p>\n","protected":false},"author":1,"featured_media":0,"parent":0,"menu_order":0,"comment_status":"open","ping_status":"closed","template":"","meta":{"ub_ctt_via":"","footnotes":""},"class_list":["post-292","page","type-page","status-publish","hentry"],"featured_image_src":null,"yoast_head":"<!-- This site is optimized with the Yoast SEO plugin v25.4 - https:\/\/yoast.com\/wordpress\/plugins\/seo\/ -->\n<title>Extraer texto antes y despu\u00e9s de un car\u00e1cter en excel<\/title>\n<meta name=\"robots\" content=\"index, follow, max-snippet:-1, max-image-preview:large, max-video-preview:-1\" \/>\n<link rel=\"canonical\" href=\"https:\/\/exceladvisor.org\/es\/texto-despues-antes\/\" \/>\n<meta property=\"og:locale\" content=\"es_ES\" \/>\n<meta property=\"og:type\" content=\"article\" \/>\n<meta property=\"og:title\" content=\"Extraer texto antes y despu\u00e9s de un car\u00e1cter en excel\" \/>\n<meta property=\"og:description\" content=\"En Excel, puede escribir f\u00f3rmulas para extraer texto antes o despu\u00e9s de un car\u00e1cter espec\u00edfico. Y en este tutorial, aprenderemos a escribir estas f\u00f3rmulas. Extraer texto despu\u00e9s de un car\u00e1cter Necesitamos usar TRIM, RIGHT, SUBSTITUTE, REPT y LEN en esta f\u00f3rmula. Y en el siguiente ejemplo, tenemos dos valores de palabras en los valores y [&hellip;]\" \/>\n<meta property=\"og:url\" content=\"https:\/\/exceladvisor.org\/es\/texto-despues-antes\/\" \/>\n<meta property=\"og:site_name\" content=\"Excel Advisor\" \/>\n<meta property=\"article:modified_time\" content=\"2023-12-25T10:33:02+00:00\" \/>\n<meta property=\"og:image\" content=\"https:\/\/exceladvisor.org\/wp-content\/uploads\/2023\/08\/1-extraire-le-texte-apres-et-avant-le-caractere.png\" \/>\n<meta name=\"twitter:card\" content=\"summary_large_image\" \/>\n<meta name=\"twitter:label1\" content=\"Tiempo de lectura\" \/>\n\t<meta name=\"twitter:data1\" content=\"3 minutos\" \/>\n<script type=\"application\/ld+json\" class=\"yoast-schema-graph\">{\"@context\":\"https:\/\/schema.org\",\"@graph\":[{\"@type\":\"WebPage\",\"@id\":\"https:\/\/exceladvisor.org\/es\/texto-despues-antes\/\",\"url\":\"https:\/\/exceladvisor.org\/es\/texto-despues-antes\/\",\"name\":\"Extraer texto antes y despu\u00e9s de un car\u00e1cter en excel\",\"isPartOf\":{\"@id\":\"https:\/\/exceladvisor.org\/es\/#website\"},\"primaryImageOfPage\":{\"@id\":\"https:\/\/exceladvisor.org\/es\/texto-despues-antes\/#primaryimage\"},\"image\":{\"@id\":\"https:\/\/exceladvisor.org\/es\/texto-despues-antes\/#primaryimage\"},\"thumbnailUrl\":\"https:\/\/exceladvisor.org\/wp-content\/uploads\/2023\/08\/1-extraire-le-texte-apres-et-avant-le-caractere.png\",\"datePublished\":\"2023-11-06T01:04:21+00:00\",\"dateModified\":\"2023-12-25T10:33:02+00:00\",\"breadcrumb\":{\"@id\":\"https:\/\/exceladvisor.org\/es\/texto-despues-antes\/#breadcrumb\"},\"inLanguage\":\"es\",\"potentialAction\":[{\"@type\":\"ReadAction\",\"target\":[\"https:\/\/exceladvisor.org\/es\/texto-despues-antes\/\"]}]},{\"@type\":\"ImageObject\",\"inLanguage\":\"es\",\"@id\":\"https:\/\/exceladvisor.org\/es\/texto-despues-antes\/#primaryimage\",\"url\":\"https:\/\/exceladvisor.org\/wp-content\/uploads\/2023\/08\/1-extraire-le-texte-apres-et-avant-le-caractere.png\",\"contentUrl\":\"https:\/\/exceladvisor.org\/wp-content\/uploads\/2023\/08\/1-extraire-le-texte-apres-et-avant-le-caractere.png\"},{\"@type\":\"BreadcrumbList\",\"@id\":\"https:\/\/exceladvisor.org\/es\/texto-despues-antes\/#breadcrumb\",\"itemListElement\":[{\"@type\":\"ListItem\",\"position\":1,\"name\":\"Hogar\",\"item\":\"https:\/\/exceladvisor.org\/es\/\"},{\"@type\":\"ListItem\",\"position\":2,\"name\":\"Extraer texto antes y despu\u00e9s de un car\u00e1cter en excel\"}]},{\"@type\":\"WebSite\",\"@id\":\"https:\/\/exceladvisor.org\/es\/#website\",\"url\":\"https:\/\/exceladvisor.org\/es\/\",\"name\":\"Excel Advisor\",\"description\":\"Su gu\u00eda para la dominaci\u00f3n de datos!\",\"publisher\":{\"@id\":\"https:\/\/exceladvisor.org\/es\/#organization\"},\"potentialAction\":[{\"@type\":\"SearchAction\",\"target\":{\"@type\":\"EntryPoint\",\"urlTemplate\":\"https:\/\/exceladvisor.org\/es\/?s={search_term_string}\"},\"query-input\":{\"@type\":\"PropertyValueSpecification\",\"valueRequired\":true,\"valueName\":\"search_term_string\"}}],\"inLanguage\":\"es\"},{\"@type\":\"Organization\",\"@id\":\"https:\/\/exceladvisor.org\/es\/#organization\",\"name\":\"Excel Advisor\",\"url\":\"https:\/\/exceladvisor.org\/es\/\",\"logo\":{\"@type\":\"ImageObject\",\"inLanguage\":\"es\",\"@id\":\"https:\/\/exceladvisor.org\/es\/#\/schema\/logo\/image\/\",\"url\":\"https:\/\/exceladvisor.org\/es\/wp-content\/uploads\/2023\/12\/exceladvisor.org_.png\",\"contentUrl\":\"https:\/\/exceladvisor.org\/es\/wp-content\/uploads\/2023\/12\/exceladvisor.org_.png\",\"width\":105,\"height\":36,\"caption\":\"Excel Advisor\"},\"image\":{\"@id\":\"https:\/\/exceladvisor.org\/es\/#\/schema\/logo\/image\/\"}}]}<\/script>\n<!-- \/ Yoast SEO plugin. -->","yoast_head_json":{"title":"Extraer texto antes y despu\u00e9s de un car\u00e1cter en excel","robots":{"index":"index","follow":"follow","max-snippet":"max-snippet:-1","max-image-preview":"max-image-preview:large","max-video-preview":"max-video-preview:-1"},"canonical":"https:\/\/exceladvisor.org\/es\/texto-despues-antes\/","og_locale":"es_ES","og_type":"article","og_title":"Extraer texto antes y despu\u00e9s de un car\u00e1cter en excel","og_description":"En Excel, puede escribir f\u00f3rmulas para extraer texto antes o despu\u00e9s de un car\u00e1cter espec\u00edfico. Y en este tutorial, aprenderemos a escribir estas f\u00f3rmulas. Extraer texto despu\u00e9s de un car\u00e1cter Necesitamos usar TRIM, RIGHT, SUBSTITUTE, REPT y LEN en esta f\u00f3rmula. Y en el siguiente ejemplo, tenemos dos valores de palabras en los valores y [&hellip;]","og_url":"https:\/\/exceladvisor.org\/es\/texto-despues-antes\/","og_site_name":"Excel Advisor","article_modified_time":"2023-12-25T10:33:02+00:00","og_image":[{"url":"https:\/\/exceladvisor.org\/wp-content\/uploads\/2023\/08\/1-extraire-le-texte-apres-et-avant-le-caractere.png","type":"","width":"","height":""}],"twitter_card":"summary_large_image","twitter_misc":{"Tiempo de lectura":"3 minutos"},"schema":{"@context":"https:\/\/schema.org","@graph":[{"@type":"WebPage","@id":"https:\/\/exceladvisor.org\/es\/texto-despues-antes\/","url":"https:\/\/exceladvisor.org\/es\/texto-despues-antes\/","name":"Extraer texto antes y despu\u00e9s de un car\u00e1cter en excel","isPartOf":{"@id":"https:\/\/exceladvisor.org\/es\/#website"},"primaryImageOfPage":{"@id":"https:\/\/exceladvisor.org\/es\/texto-despues-antes\/#primaryimage"},"image":{"@id":"https:\/\/exceladvisor.org\/es\/texto-despues-antes\/#primaryimage"},"thumbnailUrl":"https:\/\/exceladvisor.org\/wp-content\/uploads\/2023\/08\/1-extraire-le-texte-apres-et-avant-le-caractere.png","datePublished":"2023-11-06T01:04:21+00:00","dateModified":"2023-12-25T10:33:02+00:00","breadcrumb":{"@id":"https:\/\/exceladvisor.org\/es\/texto-despues-antes\/#breadcrumb"},"inLanguage":"es","potentialAction":[{"@type":"ReadAction","target":["https:\/\/exceladvisor.org\/es\/texto-despues-antes\/"]}]},{"@type":"ImageObject","inLanguage":"es","@id":"https:\/\/exceladvisor.org\/es\/texto-despues-antes\/#primaryimage","url":"https:\/\/exceladvisor.org\/wp-content\/uploads\/2023\/08\/1-extraire-le-texte-apres-et-avant-le-caractere.png","contentUrl":"https:\/\/exceladvisor.org\/wp-content\/uploads\/2023\/08\/1-extraire-le-texte-apres-et-avant-le-caractere.png"},{"@type":"BreadcrumbList","@id":"https:\/\/exceladvisor.org\/es\/texto-despues-antes\/#breadcrumb","itemListElement":[{"@type":"ListItem","position":1,"name":"Hogar","item":"https:\/\/exceladvisor.org\/es\/"},{"@type":"ListItem","position":2,"name":"Extraer texto antes y despu\u00e9s de un car\u00e1cter en excel"}]},{"@type":"WebSite","@id":"https:\/\/exceladvisor.org\/es\/#website","url":"https:\/\/exceladvisor.org\/es\/","name":"Excel Advisor","description":"Su gu\u00eda para la dominaci\u00f3n de datos!","publisher":{"@id":"https:\/\/exceladvisor.org\/es\/#organization"},"potentialAction":[{"@type":"SearchAction","target":{"@type":"EntryPoint","urlTemplate":"https:\/\/exceladvisor.org\/es\/?s={search_term_string}"},"query-input":{"@type":"PropertyValueSpecification","valueRequired":true,"valueName":"search_term_string"}}],"inLanguage":"es"},{"@type":"Organization","@id":"https:\/\/exceladvisor.org\/es\/#organization","name":"Excel Advisor","url":"https:\/\/exceladvisor.org\/es\/","logo":{"@type":"ImageObject","inLanguage":"es","@id":"https:\/\/exceladvisor.org\/es\/#\/schema\/logo\/image\/","url":"https:\/\/exceladvisor.org\/es\/wp-content\/uploads\/2023\/12\/exceladvisor.org_.png","contentUrl":"https:\/\/exceladvisor.org\/es\/wp-content\/uploads\/2023\/12\/exceladvisor.org_.png","width":105,"height":36,"caption":"Excel Advisor"},"image":{"@id":"https:\/\/exceladvisor.org\/es\/#\/schema\/logo\/image\/"}}]}},"yoast_meta":{"yoast_wpseo_title":"","yoast_wpseo_metadesc":"","yoast_wpseo_canonical":""},"_links":{"self":[{"href":"https:\/\/exceladvisor.org\/es\/wp-json\/wp\/v2\/pages\/292","targetHints":{"allow":["GET"]}}],"collection":[{"href":"https:\/\/exceladvisor.org\/es\/wp-json\/wp\/v2\/pages"}],"about":[{"href":"https:\/\/exceladvisor.org\/es\/wp-json\/wp\/v2\/types\/page"}],"author":[{"embeddable":true,"href":"https:\/\/exceladvisor.org\/es\/wp-json\/wp\/v2\/users\/1"}],"replies":[{"embeddable":true,"href":"https:\/\/exceladvisor.org\/es\/wp-json\/wp\/v2\/comments?post=292"}],"version-history":[{"count":1,"href":"https:\/\/exceladvisor.org\/es\/wp-json\/wp\/v2\/pages\/292\/revisions"}],"predecessor-version":[{"id":1453,"href":"https:\/\/exceladvisor.org\/es\/wp-json\/wp\/v2\/pages\/292\/revisions\/1453"}],"wp:attachment":[{"href":"https:\/\/exceladvisor.org\/es\/wp-json\/wp\/v2\/media?parent=292"}],"curies":[{"name":"wp","href":"https:\/\/api.w.org\/{rel}","templated":true}]}}