{"id":293,"date":"2023-11-06T00:52:32","date_gmt":"2023-11-06T00:52:32","guid":{"rendered":"https:\/\/exceladvisor.org\/es\/extraer-solo-numeros\/"},"modified":"2023-12-25T10:33:03","modified_gmt":"2023-12-25T10:33:03","slug":"extraer-solo-numeros","status":"publish","type":"page","link":"https:\/\/exceladvisor.org\/es\/extraer-solo-numeros\/","title":{"rendered":"Extraiga solo n\u00fameros del texto (cadena)"},"content":{"rendered":"<div class=\"excel-antes-del-contenido\" id=\"excel-3577009327\"><script type=\"text\/javascript\">\r\n\tatOptions = {\r\n\t\t'key' : 'c1158f160081d6540a8409e6925dab94',\r\n\t\t'format' : 'iframe',\r\n\t\t'height' : 250,\r\n\t\t'width' : 300,\r\n\t\t'params' : {}\r\n\t};\r\n<\/script>\r\n<script type=\"text\/javascript\" src=\"\/\/www.highperformanceformat.com\/c1158f160081d6540a8409e6925dab94\/invoke.js\"><\/script><\/div><p>En Excel, puede usar f\u00f3rmulas para extraer el n\u00famero de un valor con texto y n\u00fameros combinados. En el siguiente ejemplo, utilizamos una f\u00f3rmula para obtener 1984 del valor \u00abTPS1984\u00bb. <\/p>\n<div class=\"wp-block-image\">\n<figure class=\"aligncenter size-full is-resized\"><img loading=\"lazy\" decoding=\"async\" class=\"wp-image-85933\" src=\"https:\/\/exceladvisor.org\/wp-content\/uploads\/2023\/08\/1-extraire-uniquement-des-chiffres.png\" sizes=\"auto, \" srcset=\"\" alt=\"extraer solo n\u00fameros\" width=\"706\" height=\"284\"><\/figure>\n<\/div>\n<h2 class=\"wp-block-heading\"> F\u00f3rmula para extraer n\u00fameros del texto.<\/h2>\n<pre class=\"wp-block-code\"> <code class=\"language-excel-formula\" lang=\"excel-formula\">=TEXTJOIN(\"\",TRUE,IFERROR((MID(A1,ROW(INDIRECT(\"1:\"&amp;LEN(A1))),1)*1),\"\"))<\/code><\/pre>\n<p> En este tutorial, entenderemos esta f\u00f3rmula en detalle. Y para entenderlo tenemos que dividirlo en varias partes:<\/p>\n<ol>\n<li> Primero, tenemos la funci\u00f3n LEN para obtener la cantidad de caracteres en el valor. <br \/><img loading=\"lazy\" decoding=\"async\" title=\"2-f\u00f3rmula-para-extraer-n\u00fameros-de-una-cadena\" src=\"https:\/\/exceladvisor.org\/wp-content\/uploads\/2023\/08\/2-formules-pour-extraire-des-nombres-dune-chaine.png\" sizes=\"auto, \" srcset=\"\" alt=\"formula-to-extract-numbers-from-a-string\" width=\"486\" height=\"209\"><\/li>\n<li> Despu\u00e9s de eso, INDIRECT usa una referencia de celda usando 1 y 7 (devuelta por LEN). <br \/><img loading=\"lazy\" decoding=\"async\" title=\"3-usos-indirectos-de-una-celda-de-referencia\" src=\"https:\/\/exceladvisor.org\/wp-content\/uploads\/2023\/08\/3-utilisations-indirectes-dune-reference-de-cellule.png\" sizes=\"auto, \" srcset=\"\" alt=\"indirect-uses-a-cell-reference\" width=\"548\" height=\"80\"><\/li>\n<li> Luego, la funci\u00f3n FILA usar\u00e1 INDIRECTO y devolver\u00e1 una matriz de n\u00fameros que comienza con 1 y termina con 7. <br \/><img loading=\"lazy\" decoding=\"async\" title=\"La funci\u00f3n de 4 filas devuelve una matriz\" src=\"https:\/\/exceladvisor.org\/wp-content\/uploads\/2023\/08\/La-fonction-a-4-lignes-renvoie-le-tableau.png\" sizes=\"auto, \" srcset=\"\" alt=\"row-function-returns-the-array\" width=\"505\" height=\"192\"><\/li>\n<li> Ahora MID usar\u00e1 esta matriz y devolver\u00e1 una nueva con los valores de la celda a la que te refieres. <br \/><img loading=\"lazy\" decoding=\"async\" title=\"5-devoluciones-significa-nuevo-con-valor\" src=\"https:\/\/exceladvisor.org\/wp-content\/uploads\/2023\/08\/5-mid-renvoie-un-nouveau-avec-valeur.png\" sizes=\"auto, \" srcset=\"\" alt=\"mid-returns-new-one-with-value\" width=\"474\" height=\"203\"><\/li>\n<li> A continuaci\u00f3n, tenemos una f\u00f3rmula de multiplicaci\u00f3n simple para multiplicar la matriz por 1. \u00a1Con esta simple multiplicaci\u00f3n, obtendr\u00e1s una nueva matriz donde tendr\u00e1s <a href=\"https:\/\/exceladvisor.org\/es\/error-de-valor\/\">#VALOR! El error<\/a> para valores de texto y n\u00fameros permanecer\u00e1 intacto. <br \/><img loading=\"lazy\" decoding=\"async\" title=\"6-multiplicar-la-matriz\" src=\"https:\/\/exceladvisor.org\/wp-content\/uploads\/2023\/08\/6-multiplier-le-tableau.png\" sizes=\"auto, \" srcset=\"\" alt=\"multiply-the-array\" width=\"479\" height=\"241\"><\/li>\n<li> A partir de aqu\u00ed, la funci\u00f3n IFERROR convertir\u00e1 los valores de error en valores vac\u00edos. <br \/><img loading=\"lazy\" decoding=\"async\" title=\"7-error-para-convertir-errores-en-vac\u00edo\" src=\"https:\/\/exceladvisor.org\/wp-content\/uploads\/2023\/08\/7-iferror-pour-convertir-les-erreurs-en-blanc.png\" sizes=\"auto, \" srcset=\"\" alt=\"iferror-to-convert-errors-into-blank\" width=\"500\" height=\"181\"><\/li>\n<li> Y al final, TEXTJOIN combinar\u00e1 los valores y solo tendr\u00e1s n\u00fameros en el resultado. <br \/><img loading=\"lazy\" decoding=\"async\" title=\"8-extractos-de-n\u00fameros-en-versiones-antiguas-de-excel\" src=\"https:\/\/exceladvisor.org\/wp-content\/uploads\/2023\/08\/8-numeros-dextraction-dans-les-anciennes-versions-dExcel.png\" sizes=\"auto, \" srcset=\"\" alt=\"extract-numbers-in-older-excel-versions\" width=\"489\" height=\"125\"><\/li>\n<\/ol>\n<p> La f\u00f3rmula anterior solo funciona para la versi\u00f3n Excel 2019 y superior. Esto se debe a que estamos usando TEXTJOIN, que no est\u00e1 disponible en versiones anteriores.<\/p>\n<p class=\"tip-box\"> Si desea un valor para parte de la f\u00f3rmula, seleccione esa parte y presione la tecla de acceso directo F9.<\/p>\n<p class=\"alert-box\"> TEXTJOIN es una funci\u00f3n vol\u00e1til que cambia de valor cuando actualiza una celda en la hoja de trabajo. Esto puede hacer que su libro de trabajo sea un poco lento.<\/p>\n<h2 class=\"wp-block-heading\"> Pero \u00bfqu\u00e9 pasa si uso una versi\u00f3n anterior (2007, 2010, 2013, 2016)?<\/h2>\n<p> Si est\u00e1 utilizando versiones anteriores, debe utilizar una f\u00f3rmula diferente. Una f\u00f3rmula como esta:<\/p>\n<pre class=\"wp-block-code\"> <code class=\"language-excel-formula\" lang=\"excel-formula\">=IF(SUM(LEN(A1)-LEN(SUBSTITUTE(A1, {\"0\",\"1\",\"2\",\"3\",\"4\",\"5\",\"6\",\"7\",\"8\",\"9\"}, \"\")))&gt;0, SUMPRODUCT(MID(0&amp;A1, LARGE(INDEX(ISNUMBER(--MID(A1,ROW(INDIRECT(\"$1:$\"&amp;LEN(A1))),1))* ROW(INDIRECT(\"$1:$\"&amp;LEN(A1))),0), ROW(INDIRECT(\"$1:$\"&amp;LEN(A1))))+1,1) * 10^ROW(INDIRECT(\"$1:$\"&amp;LEN(A1)))\/10),\"\")<\/code><\/pre>\n<pre class=\"wp-block-code\"> <code class=\"language-excel-formula\" lang=\"excel-formula\">=SUMPRODUCT(MID(0&amp;A1,LARGE(INDEX(ISNUMBER(--MID(A1,ROW(INDIRECT(\"1:\"&amp;LEN(A1))),1))*ROW(INDIRECT(\"1:\"&amp;LEN(A1))),0),ROW(INDIRECT(\"1:\"&amp;LEN(A1))))+1,1)*10^ROW(INDIRECT(\"1:\"&amp;LEN(A1)))\/10)<\/code><\/pre>\n<p> Las dos f\u00f3rmulas anteriores funcionan bien con diferentes tipos de valores. Lo prob\u00e9 de la siguiente manera. <\/p>\n<div class=\"wp-block-image\">\n<figure class=\"aligncenter size-full is-resized\"><img loading=\"lazy\" decoding=\"async\" class=\"wp-image-85941\" src=\"https:\/\/exceladvisor.org\/wp-content\/uploads\/2023\/08\/image9.png\" sizes=\"auto, \" srcset=\"\" alt=\"formulas-con-diferentes-valores\" width=\"640\" height=\"108\"><\/figure>\n<\/div>\n<p> En la celda A1 de arriba tenemos un valor complejo que consta de texto, n\u00fameros y s\u00edmbolos y solo tenemos n\u00fameros en el resultado. <\/p>\n<div class=\"gb-container gb-container-52dfcee1 gb-container-sample-file\">\n<h2 class=\"gb-headline gb-headline-e289c143 gb-headline-text gb-headline-4f7959c2\"> Obtener el archivo Excel<\/h2>\n<p> <a class=\"gb-button gb-button-e88d6bee gb-button-text gb-button-button1\" href=\"https:\/\/exceladvisor.org\/wp-content\/uploads\/2023\/08\/extraire-des-numeros.xlsx\" rel=\"nofollow\">Descargar<\/a><\/div>\n<div class=\"gb-container gb-container-0df56012 gb-container-mt\"> <a class=\"gb-button gb-button-f9f432f4 gb-button-text gb-button-mt-button\" href=\"https:\/\/exceladvisor.org\/es\/formulas\/\">Lista de f\u00f3rmulas de Excel<\/a><\/p>\n<h2 class=\"gb-headline gb-headline-233444e8 gb-headline-text gb-headline-mt-heading\"> F\u00f3rmulas relacionadas <\/h2>\n<div class=\"gb-grid-wrapper gb-grid-wrapper-a16fa65c gb-grid-wrapper-mt-grid\">\n<div class=\"gb-grid-column gb-grid-column-50d07e0d\">\n<div class=\"gb-container gb-container-50d07e0d\">\n<ul>\n<li> <a href=\"https:\/\/exceladvisor.org\/es\/filtro-horizontal\/\">Crear un filtro horizontal en Excel<\/a><\/li>\n<li> <a href=\"https:\/\/exceladvisor.org\/es\/calificacion-de-estrellas\/\">Cree una plantilla de calificaci\u00f3n de estrellas en Excel<\/a><\/li>\n<li> <a href=\"https:\/\/exceladvisor.org\/es\/obtener-nombre-de-archivo\/\">Obtener nombre de archivo en Excel<\/a><\/li>\n<li> <a href=\"https:\/\/exceladvisor.org\/es\/obtener-el-nombre-de-la-hoja\/\">Obtener el nombre de la hoja en Excel<\/a><\/li>\n<li> <a href=\"https:\/\/exceladvisor.org\/es\/generar-letras-aleatorias\/\">Genera r\u00e1pidamente letras aleatorias en Excel<\/a><\/li>\n<\/ul>\n<\/div>\n<\/div>\n<\/div>\n<\/div>\n","protected":false},"excerpt":{"rendered":"<p>En Excel, puede usar f\u00f3rmulas para extraer el n\u00famero de un valor con texto y n\u00fameros combinados. En el siguiente ejemplo, utilizamos una f\u00f3rmula para obtener 1984 del valor \u00abTPS1984\u00bb. F\u00f3rmula para extraer n\u00fameros del texto. =TEXTJOIN(\u00ab\u00bb,TRUE,IFERROR((MID(A1,ROW(INDIRECT(\u00ab1:\u00bb&amp;LEN(A1))),1)*1),\u00bb\u00bb)) En este tutorial, entenderemos esta f\u00f3rmula en detalle. Y para entenderlo tenemos que dividirlo en varias partes: Primero, [&hellip;]<\/p>\n","protected":false},"author":1,"featured_media":0,"parent":0,"menu_order":0,"comment_status":"open","ping_status":"closed","template":"","meta":{"ub_ctt_via":"","footnotes":""},"class_list":["post-293","page","type-page","status-publish","hentry"],"featured_image_src":null,"yoast_head":"<!-- This site is optimized with the Yoast SEO plugin v25.4 - https:\/\/yoast.com\/wordpress\/plugins\/seo\/ -->\n<title>Extraiga solo n\u00fameros del texto (cadena)<\/title>\n<meta name=\"robots\" content=\"index, follow, max-snippet:-1, max-image-preview:large, max-video-preview:-1\" \/>\n<link rel=\"canonical\" href=\"https:\/\/exceladvisor.org\/es\/extraer-solo-numeros\/\" \/>\n<meta property=\"og:locale\" content=\"es_ES\" \/>\n<meta property=\"og:type\" content=\"article\" \/>\n<meta property=\"og:title\" content=\"Extraiga solo n\u00fameros del texto (cadena)\" \/>\n<meta property=\"og:description\" content=\"En Excel, puede usar f\u00f3rmulas para extraer el n\u00famero de un valor con texto y n\u00fameros combinados. En el siguiente ejemplo, utilizamos una f\u00f3rmula para obtener 1984 del valor \u00abTPS1984\u00bb. F\u00f3rmula para extraer n\u00fameros del texto. =TEXTJOIN(&quot;&quot;,TRUE,IFERROR((MID(A1,ROW(INDIRECT(&quot;1:&quot;&amp;LEN(A1))),1)*1),&quot;&quot;)) En este tutorial, entenderemos esta f\u00f3rmula en detalle. Y para entenderlo tenemos que dividirlo en varias partes: Primero, [&hellip;]\" \/>\n<meta property=\"og:url\" content=\"https:\/\/exceladvisor.org\/es\/extraer-solo-numeros\/\" \/>\n<meta property=\"og:site_name\" content=\"Excel Advisor\" \/>\n<meta property=\"article:modified_time\" content=\"2023-12-25T10:33:03+00:00\" \/>\n<meta property=\"og:image\" content=\"https:\/\/exceladvisor.org\/wp-content\/uploads\/2023\/08\/1-extraire-uniquement-des-chiffres.png\" \/>\n<meta name=\"twitter:card\" content=\"summary_large_image\" \/>\n<meta name=\"twitter:label1\" content=\"Tiempo de lectura\" \/>\n\t<meta name=\"twitter:data1\" content=\"2 minutos\" \/>\n<script type=\"application\/ld+json\" class=\"yoast-schema-graph\">{\"@context\":\"https:\/\/schema.org\",\"@graph\":[{\"@type\":\"WebPage\",\"@id\":\"https:\/\/exceladvisor.org\/es\/extraer-solo-numeros\/\",\"url\":\"https:\/\/exceladvisor.org\/es\/extraer-solo-numeros\/\",\"name\":\"Extraiga solo n\u00fameros del texto (cadena)\",\"isPartOf\":{\"@id\":\"https:\/\/exceladvisor.org\/es\/#website\"},\"primaryImageOfPage\":{\"@id\":\"https:\/\/exceladvisor.org\/es\/extraer-solo-numeros\/#primaryimage\"},\"image\":{\"@id\":\"https:\/\/exceladvisor.org\/es\/extraer-solo-numeros\/#primaryimage\"},\"thumbnailUrl\":\"https:\/\/exceladvisor.org\/wp-content\/uploads\/2023\/08\/1-extraire-uniquement-des-chiffres.png\",\"datePublished\":\"2023-11-06T00:52:32+00:00\",\"dateModified\":\"2023-12-25T10:33:03+00:00\",\"breadcrumb\":{\"@id\":\"https:\/\/exceladvisor.org\/es\/extraer-solo-numeros\/#breadcrumb\"},\"inLanguage\":\"es\",\"potentialAction\":[{\"@type\":\"ReadAction\",\"target\":[\"https:\/\/exceladvisor.org\/es\/extraer-solo-numeros\/\"]}]},{\"@type\":\"ImageObject\",\"inLanguage\":\"es\",\"@id\":\"https:\/\/exceladvisor.org\/es\/extraer-solo-numeros\/#primaryimage\",\"url\":\"https:\/\/exceladvisor.org\/wp-content\/uploads\/2023\/08\/1-extraire-uniquement-des-chiffres.png\",\"contentUrl\":\"https:\/\/exceladvisor.org\/wp-content\/uploads\/2023\/08\/1-extraire-uniquement-des-chiffres.png\"},{\"@type\":\"BreadcrumbList\",\"@id\":\"https:\/\/exceladvisor.org\/es\/extraer-solo-numeros\/#breadcrumb\",\"itemListElement\":[{\"@type\":\"ListItem\",\"position\":1,\"name\":\"Hogar\",\"item\":\"https:\/\/exceladvisor.org\/es\/\"},{\"@type\":\"ListItem\",\"position\":2,\"name\":\"Extraiga solo n\u00fameros del texto (cadena)\"}]},{\"@type\":\"WebSite\",\"@id\":\"https:\/\/exceladvisor.org\/es\/#website\",\"url\":\"https:\/\/exceladvisor.org\/es\/\",\"name\":\"Excel Advisor\",\"description\":\"Su gu\u00eda para la dominaci\u00f3n de datos!\",\"publisher\":{\"@id\":\"https:\/\/exceladvisor.org\/es\/#organization\"},\"potentialAction\":[{\"@type\":\"SearchAction\",\"target\":{\"@type\":\"EntryPoint\",\"urlTemplate\":\"https:\/\/exceladvisor.org\/es\/?s={search_term_string}\"},\"query-input\":{\"@type\":\"PropertyValueSpecification\",\"valueRequired\":true,\"valueName\":\"search_term_string\"}}],\"inLanguage\":\"es\"},{\"@type\":\"Organization\",\"@id\":\"https:\/\/exceladvisor.org\/es\/#organization\",\"name\":\"Excel Advisor\",\"url\":\"https:\/\/exceladvisor.org\/es\/\",\"logo\":{\"@type\":\"ImageObject\",\"inLanguage\":\"es\",\"@id\":\"https:\/\/exceladvisor.org\/es\/#\/schema\/logo\/image\/\",\"url\":\"https:\/\/exceladvisor.org\/es\/wp-content\/uploads\/2023\/12\/exceladvisor.org_.png\",\"contentUrl\":\"https:\/\/exceladvisor.org\/es\/wp-content\/uploads\/2023\/12\/exceladvisor.org_.png\",\"width\":105,\"height\":36,\"caption\":\"Excel Advisor\"},\"image\":{\"@id\":\"https:\/\/exceladvisor.org\/es\/#\/schema\/logo\/image\/\"}}]}<\/script>\n<!-- \/ Yoast SEO plugin. -->","yoast_head_json":{"title":"Extraiga solo n\u00fameros del texto (cadena)","robots":{"index":"index","follow":"follow","max-snippet":"max-snippet:-1","max-image-preview":"max-image-preview:large","max-video-preview":"max-video-preview:-1"},"canonical":"https:\/\/exceladvisor.org\/es\/extraer-solo-numeros\/","og_locale":"es_ES","og_type":"article","og_title":"Extraiga solo n\u00fameros del texto (cadena)","og_description":"En Excel, puede usar f\u00f3rmulas para extraer el n\u00famero de un valor con texto y n\u00fameros combinados. En el siguiente ejemplo, utilizamos una f\u00f3rmula para obtener 1984 del valor \u00abTPS1984\u00bb. F\u00f3rmula para extraer n\u00fameros del texto. =TEXTJOIN(\"\",TRUE,IFERROR((MID(A1,ROW(INDIRECT(\"1:\"&amp;LEN(A1))),1)*1),\"\")) En este tutorial, entenderemos esta f\u00f3rmula en detalle. Y para entenderlo tenemos que dividirlo en varias partes: Primero, [&hellip;]","og_url":"https:\/\/exceladvisor.org\/es\/extraer-solo-numeros\/","og_site_name":"Excel Advisor","article_modified_time":"2023-12-25T10:33:03+00:00","og_image":[{"url":"https:\/\/exceladvisor.org\/wp-content\/uploads\/2023\/08\/1-extraire-uniquement-des-chiffres.png","type":"","width":"","height":""}],"twitter_card":"summary_large_image","twitter_misc":{"Tiempo de lectura":"2 minutos"},"schema":{"@context":"https:\/\/schema.org","@graph":[{"@type":"WebPage","@id":"https:\/\/exceladvisor.org\/es\/extraer-solo-numeros\/","url":"https:\/\/exceladvisor.org\/es\/extraer-solo-numeros\/","name":"Extraiga solo n\u00fameros del texto (cadena)","isPartOf":{"@id":"https:\/\/exceladvisor.org\/es\/#website"},"primaryImageOfPage":{"@id":"https:\/\/exceladvisor.org\/es\/extraer-solo-numeros\/#primaryimage"},"image":{"@id":"https:\/\/exceladvisor.org\/es\/extraer-solo-numeros\/#primaryimage"},"thumbnailUrl":"https:\/\/exceladvisor.org\/wp-content\/uploads\/2023\/08\/1-extraire-uniquement-des-chiffres.png","datePublished":"2023-11-06T00:52:32+00:00","dateModified":"2023-12-25T10:33:03+00:00","breadcrumb":{"@id":"https:\/\/exceladvisor.org\/es\/extraer-solo-numeros\/#breadcrumb"},"inLanguage":"es","potentialAction":[{"@type":"ReadAction","target":["https:\/\/exceladvisor.org\/es\/extraer-solo-numeros\/"]}]},{"@type":"ImageObject","inLanguage":"es","@id":"https:\/\/exceladvisor.org\/es\/extraer-solo-numeros\/#primaryimage","url":"https:\/\/exceladvisor.org\/wp-content\/uploads\/2023\/08\/1-extraire-uniquement-des-chiffres.png","contentUrl":"https:\/\/exceladvisor.org\/wp-content\/uploads\/2023\/08\/1-extraire-uniquement-des-chiffres.png"},{"@type":"BreadcrumbList","@id":"https:\/\/exceladvisor.org\/es\/extraer-solo-numeros\/#breadcrumb","itemListElement":[{"@type":"ListItem","position":1,"name":"Hogar","item":"https:\/\/exceladvisor.org\/es\/"},{"@type":"ListItem","position":2,"name":"Extraiga solo n\u00fameros del texto (cadena)"}]},{"@type":"WebSite","@id":"https:\/\/exceladvisor.org\/es\/#website","url":"https:\/\/exceladvisor.org\/es\/","name":"Excel Advisor","description":"Su gu\u00eda para la dominaci\u00f3n de datos!","publisher":{"@id":"https:\/\/exceladvisor.org\/es\/#organization"},"potentialAction":[{"@type":"SearchAction","target":{"@type":"EntryPoint","urlTemplate":"https:\/\/exceladvisor.org\/es\/?s={search_term_string}"},"query-input":{"@type":"PropertyValueSpecification","valueRequired":true,"valueName":"search_term_string"}}],"inLanguage":"es"},{"@type":"Organization","@id":"https:\/\/exceladvisor.org\/es\/#organization","name":"Excel Advisor","url":"https:\/\/exceladvisor.org\/es\/","logo":{"@type":"ImageObject","inLanguage":"es","@id":"https:\/\/exceladvisor.org\/es\/#\/schema\/logo\/image\/","url":"https:\/\/exceladvisor.org\/es\/wp-content\/uploads\/2023\/12\/exceladvisor.org_.png","contentUrl":"https:\/\/exceladvisor.org\/es\/wp-content\/uploads\/2023\/12\/exceladvisor.org_.png","width":105,"height":36,"caption":"Excel Advisor"},"image":{"@id":"https:\/\/exceladvisor.org\/es\/#\/schema\/logo\/image\/"}}]}},"yoast_meta":{"yoast_wpseo_title":"","yoast_wpseo_metadesc":"","yoast_wpseo_canonical":""},"_links":{"self":[{"href":"https:\/\/exceladvisor.org\/es\/wp-json\/wp\/v2\/pages\/293","targetHints":{"allow":["GET"]}}],"collection":[{"href":"https:\/\/exceladvisor.org\/es\/wp-json\/wp\/v2\/pages"}],"about":[{"href":"https:\/\/exceladvisor.org\/es\/wp-json\/wp\/v2\/types\/page"}],"author":[{"embeddable":true,"href":"https:\/\/exceladvisor.org\/es\/wp-json\/wp\/v2\/users\/1"}],"replies":[{"embeddable":true,"href":"https:\/\/exceladvisor.org\/es\/wp-json\/wp\/v2\/comments?post=293"}],"version-history":[{"count":1,"href":"https:\/\/exceladvisor.org\/es\/wp-json\/wp\/v2\/pages\/293\/revisions"}],"predecessor-version":[{"id":1454,"href":"https:\/\/exceladvisor.org\/es\/wp-json\/wp\/v2\/pages\/293\/revisions\/1454"}],"wp:attachment":[{"href":"https:\/\/exceladvisor.org\/es\/wp-json\/wp\/v2\/media?parent=293"}],"curies":[{"name":"wp","href":"https:\/\/api.w.org\/{rel}","templated":true}]}}