{"id":294,"date":"2023-11-06T00:39:44","date_gmt":"2023-11-06T00:39:44","guid":{"rendered":"https:\/\/exceladvisor.org\/es\/anos-entre-fechas\/"},"modified":"2023-12-25T10:24:43","modified_gmt":"2023-12-25T10:24:43","slug":"anos-entre-fechas","status":"publish","type":"page","link":"https:\/\/exceladvisor.org\/es\/anos-entre-fechas\/","title":{"rendered":"\u00bfc\u00f3mo contar los a\u00f1os entre fechas?"},"content":{"rendered":"<div class=\"excel-antes-del-contenido\" id=\"excel-3474948640\"><script type=\"text\/javascript\">\r\n\tatOptions = {\r\n\t\t'key' : 'c1158f160081d6540a8409e6925dab94',\r\n\t\t'format' : 'iframe',\r\n\t\t'height' : 250,\r\n\t\t'width' : 300,\r\n\t\t'params' : {}\r\n\t};\r\n<\/script>\r\n<script type=\"text\/javascript\" src=\"\/\/www.highperformanceformat.com\/c1158f160081d6540a8409e6925dab94\/invoke.js\"><\/script><\/div><p>En Excel, si desea calcular la cantidad de a\u00f1os entre dos fechas, puede utilizar dos m\u00e9todos diferentes. El primer m\u00e9todo usa la funci\u00f3n YEARFRAC y el segundo usa la funci\u00f3n DatedIF. Ambas funciones funcionan igual, s\u00f3lo necesitas entenderlas antes de usarlas.<\/p>\n<p> En el siguiente ejemplo, tiene una fecha de inicio en la celda A1 y una fecha de finalizaci\u00f3n en la celda B1. <\/p>\n<div class=\"wp-block-image\">\n<figure class=\"aligncenter size-full is-resized\"><img loading=\"lazy\" decoding=\"async\" class=\"wp-image-70022\" src=\"https:\/\/exceladvisor.org\/wp-content\/uploads\/2023\/08\/1-date-de-debut-et-de-fin.png\" sizes=\"auto, \" srcset=\"\" alt=\"fecha de inicio y fin\" width=\"523\" height=\"288\"><\/figure>\n<\/div>\n<h2 id=\"h-using-datedif-to-get-years-between-two-dates\" class=\"wp-block-heading\"> Usando DATEDIF para obtener a\u00f1os entre dos fechas<\/h2>\n<p> Descubr\u00ed que DATEDIF es la forma m\u00e1s sencilla de obtener el n\u00famero de a\u00f1os entre dos fechas. Lo \u00fanico que necesitas saber sobre DATEDIF: no est\u00e1 en la lista de funciones de Excel y necesitas conocer sus argumentos antes de usarlo. <\/p>\n<div class=\"wp-block-image\">\n<figure class=\"aligncenter size-full is-resized\"><img loading=\"lazy\" decoding=\"async\" class=\"wp-image-70023\" src=\"https:\/\/exceladvisor.org\/wp-content\/uploads\/2023\/08\/2-dates-si-pour-obtenir-des-annees.png\" sizes=\"auto, \" srcset=\"\" alt=\"fecha-para-obtener-a\u00f1os\" width=\"623\" height=\"274\"><\/figure>\n<\/div>\n<ol type=\"1\">\n<li> Primero ingrese la funci\u00f3n DATEDIF en la celda C1.<\/li>\n<li> Despu\u00e9s de eso, consulte la celda A1, donde tiene la fecha de inicio.<\/li>\n<li> A continuaci\u00f3n, consulte la celda B1 donde tiene la fecha de finalizaci\u00f3n.<\/li>\n<li> Ahora, en el tercer argumento, debe ingresar la unidad &#8216;y&#8217; para obtener la cantidad de a\u00f1os.<\/li>\n<li> Al final, presione Enter para obtener el resultado.<\/li>\n<\/ol>\n<pre class=\"wp-block-code\"> <code class=\"language-excel-formula\" lang=\"excel-formula\">=DATEDIF(A1,B1,\"y\")<\/code><\/pre>\n<p> Como puedes ver en el resultado tenemos 7 que es el n\u00famero de a\u00f1os completos que tenemos entre estas dos fechas. Cuando se utiliza \u00aby\u00bb como unidad, solo se obtienen los a\u00f1os completos en el resultado.<\/p>\n<p> Pero si desea obtener los meses y d\u00edas del a\u00f1o, debe utilizar la f\u00f3rmula de la siguiente manera. <\/p>\n<pre class=\"wp-block-code\"> <code class=\"language-excel-formula\" lang=\"excel-formula\">=DATEDIF(A1,B1,\"y\")&amp;\"y, \"&amp;DATEDIF(A1,B1,\"ym\")&amp;\"m, \"&amp;DATEDIF(A1,B1,\"md\")&amp;\"d\"<\/code><\/pre>\n<div class=\"wp-block-image\">\n<figure class=\"aligncenter size-full is-resized\"><img loading=\"lazy\" decoding=\"async\" class=\"wp-image-70024\" src=\"https:\/\/exceladvisor.org\/wp-content\/uploads\/2023\/08\/3-dates-si-pour-obtenir-des-annees-mois-jours.png\" sizes=\"auto, \" srcset=\"\" alt=\"fecha-para-obtener-a\u00f1os-meses-d\u00edas\" width=\"757\" height=\"247\"><\/figure>\n<\/div>\n<p> Aqu\u00ed, en la f\u00f3rmula anterior, hemos usado DATEDIF tres veces en la misma f\u00f3rmula pero con diferentes unidades.<\/p>\n<h2 id=\"h-using-yearfrac-to-count-years-between-two-dates\" class=\"wp-block-heading\"> Utilice YEARFRAC para contar los a\u00f1os entre dos fechas<\/h2>\n<p> Si no desea utilizar DATEDIF, puede cambiar a YEARFRAC. A continuaci\u00f3n, tenemos el mismo ejemplo que usamos antes. <\/p>\n<div class=\"wp-block-image\">\n<figure class=\"aligncenter size-full is-resized\"><img loading=\"lazy\" decoding=\"async\" class=\"wp-image-70025\" src=\"https:\/\/exceladvisor.org\/wp-content\/uploads\/2023\/08\/4-yearfrac-pour-compter-les-annees.png\" sizes=\"auto, \" srcset=\"\" alt=\"a\u00f1ofracci\u00f3n para contar a\u00f1os\" width=\"495\" height=\"306\"><\/figure>\n<\/div>\n<ol type=\"1\">\n<li> Primero ingrese el YEARFRAC en la celda C1.<\/li>\n<li> Despu\u00e9s de eso, en el primer argumento, consulte la celda A1, donde tiene la fecha de inicio.<\/li>\n<li> Luego, en el segundo argumento, consulte la celda B1, donde tiene la fecha de finalizaci\u00f3n.<\/li>\n<li> Al final, ingrese el par\u00e9ntesis de cierre y presione Enter para obtener el resultado.<\/li>\n<\/ol>\n<p> Ahora dio 7,5 en el resultado lo que quiere decir que estamos en 7 y medio en el resultado. Y en el siguiente resultado puedes ver que usamos diferentes fechas para obtener un tipo diferente de resultado. <\/p>\n<div class=\"wp-block-image\">\n<figure class=\"aligncenter size-full is-resized\"><img loading=\"lazy\" decoding=\"async\" class=\"wp-image-70026\" src=\"https:\/\/exceladvisor.org\/wp-content\/uploads\/2023\/08\/Resultats-frac-sur-5-ans.png\" sizes=\"auto, \" srcset=\"\" alt=\"resultados-a\u00f1ofrac\" width=\"454\" height=\"288\"><\/figure>\n<\/div>\n<p> Aqu\u00ed puedes ver la segunda f\u00f3rmula que utilizamos; que tenemos un a\u00f1o exacto entre dos fechas. Y en la tercera f\u00f3rmula, tenemos fechas donde tenemos una diferencia de 6 meses, y eso arroj\u00f3 0,5 en el resultado.<\/p>\n<p> En YEARFRAC tambi\u00e9n tienes un tercer argumento que puedes usar para cambiar las bases de la diferencia que deseas usar para hacer que los a\u00f1os cuenten entre dos fechas. <\/p>\n<div class=\"wp-block-image\">\n<figure class=\"aligncenter size-full is-resized\"><img loading=\"lazy\" decoding=\"async\" class=\"wp-image-70027\" src=\"https:\/\/exceladvisor.org\/wp-content\/uploads\/2023\/08\/Frac-de-6-ans-avec-troisieme-argument.png\" sizes=\"auto, \" srcset=\"\" alt=\"a\u00f1ofrac-con-tercer-argumento\" width=\"712\" height=\"333\"><\/figure>\n<\/div>\n<p> De las dos funciones podr\u00e1s utilizar la que mejor se adapte a la situaci\u00f3n en la que te encuentres. <\/p>\n<div class=\"gb-container gb-container-52dfcee1 gb-container-sample-file\">\n<h2 class=\"gb-headline gb-headline-e289c143 gb-headline-text gb-headline-4f7959c2\"> Obtener el archivo Excel<\/h2>\n<p> <a class=\"gb-button gb-button-e88d6bee gb-button-text gb-button-button1\" href=\"https:\/\/exceladvisor.org\/wp-content\/uploads\/2023\/08\/annees-entre-les-dates-2.xlsx\" rel=\"nofollow\">Descargar<\/a><\/p>\n<\/div>\n<div class=\"gb-container gb-container-0df56012 gb-container-mt\"> <a class=\"gb-button gb-button-f9f432f4 gb-button-text gb-button-mt-button\" href=\"https:\/\/exceladvisor.org\/es\/formulas\/\">Lista de f\u00f3rmulas de Excel<\/a><\/p>\n<h2 class=\"gb-headline gb-headline-233444e8 gb-headline-text gb-headline-mt-heading\"> F\u00f3rmulas relacionadas <\/h2>\n<div class=\"gb-grid-wrapper gb-grid-wrapper-a16fa65c gb-grid-wrapper-mt-grid\">\n<div class=\"gb-grid-column gb-grid-column-50d07e0d\">\n<div class=\"gb-container gb-container-50d07e0d\">\n<ul>\n<li> <a href=\"https:\/\/exceladvisor.org\/es\/agregar-anos-hasta-la-fecha\/\">Agregar a\u00f1os hasta la fecha en Excel<\/a><\/li>\n<li> <a href=\"https:\/\/exceladvisor.org\/es\/contar-los-anos-entre-dos-fechas\/\">Contar a\u00f1os entre dos fechas en Excel<\/a><\/li>\n<li> <a href=\"https:\/\/exceladvisor.org\/es\/obtener-el-numero-del-dia-del-ano\/\">Obtener el n\u00famero de d\u00edas del a\u00f1o en Excel.<\/a><\/li>\n<li> <a href=\"https:\/\/exceladvisor.org\/es\/obtenga-2-anos-de-servicio\/\">Obtenga a\u00f1os de servicio en Excel<\/a><\/li>\n<li> <a href=\"https:\/\/exceladvisor.org\/es\/extraer-ano-mes\/\">Extraer (Obtener) el a\u00f1o o mes de una fecha en Excel<\/a> <\/li>\n<\/ul>\n<\/div>\n<\/div>\n<div class=\"gb-grid-column gb-grid-column-5b4a0cf9\">\n<div class=\"gb-container gb-container-5b4a0cf9\"><\/div>\n<\/div>\n<\/div>\n<\/div>\n","protected":false},"excerpt":{"rendered":"<p>En Excel, si desea calcular la cantidad de a\u00f1os entre dos fechas, puede utilizar dos m\u00e9todos diferentes. El primer m\u00e9todo usa la funci\u00f3n YEARFRAC y el segundo usa la funci\u00f3n DatedIF. Ambas funciones funcionan igual, s\u00f3lo necesitas entenderlas antes de usarlas. En el siguiente ejemplo, tiene una fecha de inicio en la celda A1 y [&hellip;]<\/p>\n","protected":false},"author":1,"featured_media":0,"parent":0,"menu_order":0,"comment_status":"open","ping_status":"closed","template":"","meta":{"ub_ctt_via":"","footnotes":""},"class_list":["post-294","page","type-page","status-publish","hentry"],"featured_image_src":null,"yoast_head":"<!-- This site is optimized with the Yoast SEO plugin v25.4 - https:\/\/yoast.com\/wordpress\/plugins\/seo\/ -->\n<title>\u00bfc\u00f3mo contar los a\u00f1os entre fechas?<\/title>\n<meta name=\"robots\" content=\"index, follow, max-snippet:-1, max-image-preview:large, max-video-preview:-1\" \/>\n<link rel=\"canonical\" href=\"https:\/\/exceladvisor.org\/es\/anos-entre-fechas\/\" \/>\n<meta property=\"og:locale\" content=\"es_ES\" \/>\n<meta property=\"og:type\" content=\"article\" \/>\n<meta property=\"og:title\" content=\"\u00bfc\u00f3mo contar los a\u00f1os entre fechas?\" \/>\n<meta property=\"og:description\" content=\"En Excel, si desea calcular la cantidad de a\u00f1os entre dos fechas, puede utilizar dos m\u00e9todos diferentes. El primer m\u00e9todo usa la funci\u00f3n YEARFRAC y el segundo usa la funci\u00f3n DatedIF. Ambas funciones funcionan igual, s\u00f3lo necesitas entenderlas antes de usarlas. En el siguiente ejemplo, tiene una fecha de inicio en la celda A1 y [&hellip;]\" \/>\n<meta property=\"og:url\" content=\"https:\/\/exceladvisor.org\/es\/anos-entre-fechas\/\" \/>\n<meta property=\"og:site_name\" content=\"Excel Advisor\" \/>\n<meta property=\"article:modified_time\" content=\"2023-12-25T10:24:43+00:00\" \/>\n<meta property=\"og:image\" content=\"https:\/\/exceladvisor.org\/wp-content\/uploads\/2023\/08\/1-date-de-debut-et-de-fin.png\" \/>\n<meta name=\"twitter:card\" content=\"summary_large_image\" \/>\n<meta name=\"twitter:label1\" content=\"Tiempo de lectura\" \/>\n\t<meta name=\"twitter:data1\" content=\"3 minutos\" \/>\n<script type=\"application\/ld+json\" class=\"yoast-schema-graph\">{\"@context\":\"https:\/\/schema.org\",\"@graph\":[{\"@type\":\"WebPage\",\"@id\":\"https:\/\/exceladvisor.org\/es\/anos-entre-fechas\/\",\"url\":\"https:\/\/exceladvisor.org\/es\/anos-entre-fechas\/\",\"name\":\"\u00bfc\u00f3mo contar los a\u00f1os entre fechas?\",\"isPartOf\":{\"@id\":\"https:\/\/exceladvisor.org\/es\/#website\"},\"primaryImageOfPage\":{\"@id\":\"https:\/\/exceladvisor.org\/es\/anos-entre-fechas\/#primaryimage\"},\"image\":{\"@id\":\"https:\/\/exceladvisor.org\/es\/anos-entre-fechas\/#primaryimage\"},\"thumbnailUrl\":\"https:\/\/exceladvisor.org\/wp-content\/uploads\/2023\/08\/1-date-de-debut-et-de-fin.png\",\"datePublished\":\"2023-11-06T00:39:44+00:00\",\"dateModified\":\"2023-12-25T10:24:43+00:00\",\"breadcrumb\":{\"@id\":\"https:\/\/exceladvisor.org\/es\/anos-entre-fechas\/#breadcrumb\"},\"inLanguage\":\"es\",\"potentialAction\":[{\"@type\":\"ReadAction\",\"target\":[\"https:\/\/exceladvisor.org\/es\/anos-entre-fechas\/\"]}]},{\"@type\":\"ImageObject\",\"inLanguage\":\"es\",\"@id\":\"https:\/\/exceladvisor.org\/es\/anos-entre-fechas\/#primaryimage\",\"url\":\"https:\/\/exceladvisor.org\/wp-content\/uploads\/2023\/08\/1-date-de-debut-et-de-fin.png\",\"contentUrl\":\"https:\/\/exceladvisor.org\/wp-content\/uploads\/2023\/08\/1-date-de-debut-et-de-fin.png\"},{\"@type\":\"BreadcrumbList\",\"@id\":\"https:\/\/exceladvisor.org\/es\/anos-entre-fechas\/#breadcrumb\",\"itemListElement\":[{\"@type\":\"ListItem\",\"position\":1,\"name\":\"Hogar\",\"item\":\"https:\/\/exceladvisor.org\/es\/\"},{\"@type\":\"ListItem\",\"position\":2,\"name\":\"\u00bfc\u00f3mo contar los a\u00f1os entre fechas?\"}]},{\"@type\":\"WebSite\",\"@id\":\"https:\/\/exceladvisor.org\/es\/#website\",\"url\":\"https:\/\/exceladvisor.org\/es\/\",\"name\":\"Excel Advisor\",\"description\":\"Su gu\u00eda para la dominaci\u00f3n de datos!\",\"publisher\":{\"@id\":\"https:\/\/exceladvisor.org\/es\/#organization\"},\"potentialAction\":[{\"@type\":\"SearchAction\",\"target\":{\"@type\":\"EntryPoint\",\"urlTemplate\":\"https:\/\/exceladvisor.org\/es\/?s={search_term_string}\"},\"query-input\":{\"@type\":\"PropertyValueSpecification\",\"valueRequired\":true,\"valueName\":\"search_term_string\"}}],\"inLanguage\":\"es\"},{\"@type\":\"Organization\",\"@id\":\"https:\/\/exceladvisor.org\/es\/#organization\",\"name\":\"Excel Advisor\",\"url\":\"https:\/\/exceladvisor.org\/es\/\",\"logo\":{\"@type\":\"ImageObject\",\"inLanguage\":\"es\",\"@id\":\"https:\/\/exceladvisor.org\/es\/#\/schema\/logo\/image\/\",\"url\":\"https:\/\/exceladvisor.org\/es\/wp-content\/uploads\/2023\/12\/exceladvisor.org_.png\",\"contentUrl\":\"https:\/\/exceladvisor.org\/es\/wp-content\/uploads\/2023\/12\/exceladvisor.org_.png\",\"width\":105,\"height\":36,\"caption\":\"Excel Advisor\"},\"image\":{\"@id\":\"https:\/\/exceladvisor.org\/es\/#\/schema\/logo\/image\/\"}}]}<\/script>\n<!-- \/ Yoast SEO plugin. -->","yoast_head_json":{"title":"\u00bfc\u00f3mo contar los a\u00f1os entre fechas?","robots":{"index":"index","follow":"follow","max-snippet":"max-snippet:-1","max-image-preview":"max-image-preview:large","max-video-preview":"max-video-preview:-1"},"canonical":"https:\/\/exceladvisor.org\/es\/anos-entre-fechas\/","og_locale":"es_ES","og_type":"article","og_title":"\u00bfc\u00f3mo contar los a\u00f1os entre fechas?","og_description":"En Excel, si desea calcular la cantidad de a\u00f1os entre dos fechas, puede utilizar dos m\u00e9todos diferentes. El primer m\u00e9todo usa la funci\u00f3n YEARFRAC y el segundo usa la funci\u00f3n DatedIF. Ambas funciones funcionan igual, s\u00f3lo necesitas entenderlas antes de usarlas. En el siguiente ejemplo, tiene una fecha de inicio en la celda A1 y [&hellip;]","og_url":"https:\/\/exceladvisor.org\/es\/anos-entre-fechas\/","og_site_name":"Excel Advisor","article_modified_time":"2023-12-25T10:24:43+00:00","og_image":[{"url":"https:\/\/exceladvisor.org\/wp-content\/uploads\/2023\/08\/1-date-de-debut-et-de-fin.png","type":"","width":"","height":""}],"twitter_card":"summary_large_image","twitter_misc":{"Tiempo de lectura":"3 minutos"},"schema":{"@context":"https:\/\/schema.org","@graph":[{"@type":"WebPage","@id":"https:\/\/exceladvisor.org\/es\/anos-entre-fechas\/","url":"https:\/\/exceladvisor.org\/es\/anos-entre-fechas\/","name":"\u00bfc\u00f3mo contar los a\u00f1os entre fechas?","isPartOf":{"@id":"https:\/\/exceladvisor.org\/es\/#website"},"primaryImageOfPage":{"@id":"https:\/\/exceladvisor.org\/es\/anos-entre-fechas\/#primaryimage"},"image":{"@id":"https:\/\/exceladvisor.org\/es\/anos-entre-fechas\/#primaryimage"},"thumbnailUrl":"https:\/\/exceladvisor.org\/wp-content\/uploads\/2023\/08\/1-date-de-debut-et-de-fin.png","datePublished":"2023-11-06T00:39:44+00:00","dateModified":"2023-12-25T10:24:43+00:00","breadcrumb":{"@id":"https:\/\/exceladvisor.org\/es\/anos-entre-fechas\/#breadcrumb"},"inLanguage":"es","potentialAction":[{"@type":"ReadAction","target":["https:\/\/exceladvisor.org\/es\/anos-entre-fechas\/"]}]},{"@type":"ImageObject","inLanguage":"es","@id":"https:\/\/exceladvisor.org\/es\/anos-entre-fechas\/#primaryimage","url":"https:\/\/exceladvisor.org\/wp-content\/uploads\/2023\/08\/1-date-de-debut-et-de-fin.png","contentUrl":"https:\/\/exceladvisor.org\/wp-content\/uploads\/2023\/08\/1-date-de-debut-et-de-fin.png"},{"@type":"BreadcrumbList","@id":"https:\/\/exceladvisor.org\/es\/anos-entre-fechas\/#breadcrumb","itemListElement":[{"@type":"ListItem","position":1,"name":"Hogar","item":"https:\/\/exceladvisor.org\/es\/"},{"@type":"ListItem","position":2,"name":"\u00bfc\u00f3mo contar los a\u00f1os entre fechas?"}]},{"@type":"WebSite","@id":"https:\/\/exceladvisor.org\/es\/#website","url":"https:\/\/exceladvisor.org\/es\/","name":"Excel Advisor","description":"Su gu\u00eda para la dominaci\u00f3n de datos!","publisher":{"@id":"https:\/\/exceladvisor.org\/es\/#organization"},"potentialAction":[{"@type":"SearchAction","target":{"@type":"EntryPoint","urlTemplate":"https:\/\/exceladvisor.org\/es\/?s={search_term_string}"},"query-input":{"@type":"PropertyValueSpecification","valueRequired":true,"valueName":"search_term_string"}}],"inLanguage":"es"},{"@type":"Organization","@id":"https:\/\/exceladvisor.org\/es\/#organization","name":"Excel Advisor","url":"https:\/\/exceladvisor.org\/es\/","logo":{"@type":"ImageObject","inLanguage":"es","@id":"https:\/\/exceladvisor.org\/es\/#\/schema\/logo\/image\/","url":"https:\/\/exceladvisor.org\/es\/wp-content\/uploads\/2023\/12\/exceladvisor.org_.png","contentUrl":"https:\/\/exceladvisor.org\/es\/wp-content\/uploads\/2023\/12\/exceladvisor.org_.png","width":105,"height":36,"caption":"Excel Advisor"},"image":{"@id":"https:\/\/exceladvisor.org\/es\/#\/schema\/logo\/image\/"}}]}},"yoast_meta":{"yoast_wpseo_title":"","yoast_wpseo_metadesc":"","yoast_wpseo_canonical":""},"_links":{"self":[{"href":"https:\/\/exceladvisor.org\/es\/wp-json\/wp\/v2\/pages\/294","targetHints":{"allow":["GET"]}}],"collection":[{"href":"https:\/\/exceladvisor.org\/es\/wp-json\/wp\/v2\/pages"}],"about":[{"href":"https:\/\/exceladvisor.org\/es\/wp-json\/wp\/v2\/types\/page"}],"author":[{"embeddable":true,"href":"https:\/\/exceladvisor.org\/es\/wp-json\/wp\/v2\/users\/1"}],"replies":[{"embeddable":true,"href":"https:\/\/exceladvisor.org\/es\/wp-json\/wp\/v2\/comments?post=294"}],"version-history":[{"count":1,"href":"https:\/\/exceladvisor.org\/es\/wp-json\/wp\/v2\/pages\/294\/revisions"}],"predecessor-version":[{"id":949,"href":"https:\/\/exceladvisor.org\/es\/wp-json\/wp\/v2\/pages\/294\/revisions\/949"}],"wp:attachment":[{"href":"https:\/\/exceladvisor.org\/es\/wp-json\/wp\/v2\/media?parent=294"}],"curies":[{"name":"wp","href":"https:\/\/api.w.org\/{rel}","templated":true}]}}