{"id":296,"date":"2023-11-06T00:29:38","date_gmt":"2023-11-06T00:29:38","guid":{"rendered":"https:\/\/exceladvisor.org\/es\/diferencia-porcentual\/"},"modified":"2023-12-25T10:23:47","modified_gmt":"2023-12-25T10:23:47","slug":"diferencia-porcentual","status":"publish","type":"page","link":"https:\/\/exceladvisor.org\/es\/diferencia-porcentual\/","title":{"rendered":"\u00bfc\u00f3mo calcular el porcentaje de variaci\u00f3n en excel?"},"content":{"rendered":"<div class=\"excel-antes-del-contenido\" id=\"excel-310419878\"><script type=\"text\/javascript\">\r\n\tatOptions = {\r\n\t\t'key' : 'c1158f160081d6540a8409e6925dab94',\r\n\t\t'format' : 'iframe',\r\n\t\t'height' : 250,\r\n\t\t'width' : 300,\r\n\t\t'params' : {}\r\n\t};\r\n<\/script>\r\n<script type=\"text\/javascript\" src=\"\/\/www.highperformanceformat.com\/c1158f160081d6540a8409e6925dab94\/invoke.js\"><\/script><\/div><p>Para calcular una brecha porcentual (diferencia) entre dos valores en Excel, debe utilizar una f\u00f3rmula simple. En esta f\u00f3rmula, puedes deducir los valores antiguos de los valores nuevos y luego dividir esa diferencia por el valor anterior. De esta manera obtendr\u00e1 el cambio porcentual del valor anterior.<\/p>\n<p> En el siguiente ejemplo tienes una lista de valores antiguos con valores nuevos. Ahora aqu\u00ed necesitas calcular la variaci\u00f3n porcentual. <\/p>\n<div class=\"wp-block-image\">\n<figure class=\"aligncenter size-full is-resized\"><img loading=\"lazy\" decoding=\"async\" class=\"wp-image-67613\" src=\"https:\/\/exceladvisor.org\/wp-content\/uploads\/2023\/08\/1-liste-des-anciennes-et-nouvelles-valeurs.png\" sizes=\"auto, \" srcset=\"\" alt=\"lista de valores-antiguos y-nuevos\" width=\"317\" height=\"312\"><\/figure>\n<\/div>\n<h2 class=\"wp-block-heading\"> F\u00f3rmula de Excel para calcular la varianza porcentual<\/h2>\n<ol type=\"1\">\n<li> Primero ingrese un par\u00e9ntesis inicial, luego haga referencia a la celda donde tiene un nuevo valor.<\/li>\n<li> Despu\u00e9s de eso, ingrese un operador menos y luego consulte el valor anterior.<\/li>\n<li> Luego ingrese un par\u00e9ntesis de cierre e ingrese y divida el operador.<\/li>\n<li> Ahora consulte el valor anterior y presione Enter para obtener el resultado.<\/li>\n<li> En \u00faltima instancia, necesita cambiar el formato de la celda donde tiene el valor del resultado. Entonces, use el m\u00e9todo abreviado de teclado \u00abCtrl + Shift + %\u00bb. <\/li>\n<\/ol>\n<div class=\"wp-block-image\">\n<figure class=\"aligncenter size-full is-resized\"><img loading=\"lazy\" decoding=\"async\" class=\"wp-image-67614\" src=\"https:\/\/exceladvisor.org\/wp-content\/uploads\/2023\/08\/2-formule-pour-obtenir-la-variance-en-pourcentage.png\" sizes=\"auto, \" srcset=\"\" alt=\"f\u00f3rmula-para-obtener-varianza-porcentual\" width=\"444\" height=\"395\"><\/figure>\n<\/div>\n<h2 class=\"wp-block-heading\"> Entendiendo la f\u00f3rmula<\/h2>\n<p> Para entender esta f\u00f3rmula, divid\u00e1mosla en varias partes. <\/p>\n<div class=\"wp-block-image\">\n<figure class=\"aligncenter size-full is-resized\"><img loading=\"lazy\" decoding=\"async\" class=\"wp-image-67615\" src=\"https:\/\/exceladvisor.org\/wp-content\/uploads\/2023\/08\/Formule-de-variance-a-3-pourcentages.png\" sizes=\"auto, \" srcset=\"\" alt=\"f\u00f3rmula-de-varianza-porcentual\" width=\"610\" height=\"121\"><\/figure>\n<\/div>\n<p> Y as\u00ed es como se ve cuando usas un valor real en la f\u00f3rmula. <\/p>\n<div class=\"wp-block-image\">\n<figure class=\"aligncenter size-full is-resized\"><img loading=\"lazy\" decoding=\"async\" class=\"wp-image-67616\" src=\"https:\/\/exceladvisor.org\/wp-content\/uploads\/2023\/08\/4-valeur-reelle-dans-la-formule.png\" sizes=\"auto, \" srcset=\"\" alt=\"valor real en la f\u00f3rmula\" width=\"568\" height=\"143\"><\/figure>\n<\/div>\n<p> En la primera parte, cuando eliminas el valor nuevo del valor anterior, obtienes la diferencia que tienes entre los dos. <\/p>\n<div class=\"wp-block-image\">\n<figure class=\"aligncenter size-full is-resized\"><img loading=\"lazy\" decoding=\"async\" class=\"wp-image-67617\" src=\"https:\/\/exceladvisor.org\/wp-content\/uploads\/2023\/08\/5-supprimer-la-nouvelle-valeur-de-lancienne.png\" sizes=\"auto, \" srcset=\"\" alt=\"eliminar-nuevo-valor-de-viejo\" width=\"307\" height=\"109\"><\/figure>\n<\/div>\n<p> En la segunda parte, divides esta diferencia con el valor anterior, que devuelve un valor porcentual que es la varianza entre los dos valores. <\/p>\n<div class=\"wp-block-image\">\n<figure class=\"aligncenter size-full is-resized\"><img loading=\"lazy\" decoding=\"async\" class=\"wp-image-67618\" src=\"https:\/\/exceladvisor.org\/wp-content\/uploads\/2023\/08\/6-diviser-la-difference-avec-lancienne-valeur.png\" sizes=\"auto, \" srcset=\"\" alt=\"dividir-diferencia-con-valor-antiguo\" width=\"264\" height=\"204\"><\/figure>\n<\/div>\n<p> Ahora volvamos a nuestro ejemplo real. <\/p>\n<div class=\"wp-block-image\">\n<figure class=\"aligncenter size-full is-resized\"><img loading=\"lazy\" decoding=\"async\" class=\"wp-image-67619\" src=\"https:\/\/exceladvisor.org\/wp-content\/uploads\/2023\/08\/7-exemple-avec-un-pourcentage-decart.png\" sizes=\"auto, \" srcset=\"\" alt=\"ejemplo-con-varianza-porcentual\" width=\"504\" height=\"357\"><\/figure>\n<\/div>\n<p> Cuando arrastra la f\u00f3rmula al resto de los valores, ver\u00e1 que tambi\u00e9n calcula la varianza porcentual para todos los valores. Y tambi\u00e9n tenemos algunos valores con porcentajes negativos donde tenemos un valor nuevo que es menor que el valor anterior.<\/p>\n<p class=\"qt-tip\"> <strong>Nota:<\/strong> aseg\u00farese de tener el formato de celda como porcentaje para la celda de resultado. Utilice el m\u00e9todo abreviado de teclado Ctrl+May\u00fas+%. <\/p>\n<div class=\"gb-container gb-container-52dfcee1 gb-container-sample-file\">\n<h2 class=\"gb-headline gb-headline-e289c143 gb-headline-text gb-headline-4f7959c2\"> Obtener el archivo Excel<\/h2>\n<p> <a class=\"gb-button gb-button-e88d6bee gb-button-text gb-button-button1\" href=\"https:\/\/exceladvisor.org\/wp-content\/uploads\/2023\/11\/pourcentage-decart-2.xlsx\" rel=\"nofollow\">Descargar<\/a><\/p>\n<\/div>\n<div class=\"gb-container gb-container-0df56012 gb-container-mt\"> <a class=\"gb-button gb-button-f9f432f4 gb-button-text gb-button-mt-button\" href=\"https:\/\/exceladvisor.org\/es\/formulas\/\">Lista de f\u00f3rmulas de Excel<\/a><\/p>\n<h2 class=\"gb-headline gb-headline-233444e8 gb-headline-text gb-headline-mt-heading\"> F\u00f3rmulas relacionadas <\/h2>\n<div class=\"gb-grid-wrapper gb-grid-wrapper-a16fa65c gb-grid-wrapper-mt-grid\">\n<div class=\"gb-grid-column gb-grid-column-50d07e0d\">\n<div class=\"gb-container gb-container-50d07e0d\">\n<ul>\n<li> Calcular la ra\u00edz c\u00fabica en Excel.<\/li>\n<li> <a href=\"https:\/\/exceladvisor.org\/es\/raiz-cuadrada\/\">Calcular ra\u00edz cuadrada en Excel + Insertar s\u00edmbolo<\/a><\/li>\n<li> <a href=\"https:\/\/exceladvisor.org\/es\/no-es-igual\/\">No es igual al operador en Excel<\/a><\/li>\n<li> <a href=\"https:\/\/exceladvisor.org\/es\/numero-cuadrado\/\">Cuadrar un n\u00famero en Excel<\/a><\/li>\n<li> <a href=\"https:\/\/exceladvisor.org\/es\/sumar-restar-un-porcentaje-de-un-numero\/\">Sumar y restar el porcentaje de un n\u00famero<\/a><\/li>\n<li> <a href=\"https:\/\/exceladvisor.org\/es\/suma-acumulada-2\/\">Calcular la suma acumulada de valores.<\/a> <\/li>\n<\/ul>\n<\/div>\n<\/div>\n<div class=\"gb-grid-column gb-grid-column-5b4a0cf9\">\n<div class=\"gb-container gb-container-5b4a0cf9\"><\/div>\n<\/div>\n<\/div>\n<\/div>\n","protected":false},"excerpt":{"rendered":"<p>Para calcular una brecha porcentual (diferencia) entre dos valores en Excel, debe utilizar una f\u00f3rmula simple. En esta f\u00f3rmula, puedes deducir los valores antiguos de los valores nuevos y luego dividir esa diferencia por el valor anterior. De esta manera obtendr\u00e1 el cambio porcentual del valor anterior. En el siguiente ejemplo tienes una lista de [&hellip;]<\/p>\n","protected":false},"author":1,"featured_media":0,"parent":0,"menu_order":0,"comment_status":"open","ping_status":"closed","template":"","meta":{"ub_ctt_via":"","footnotes":""},"class_list":["post-296","page","type-page","status-publish","hentry"],"featured_image_src":null,"yoast_head":"<!-- This site is optimized with the Yoast SEO plugin v25.4 - https:\/\/yoast.com\/wordpress\/plugins\/seo\/ -->\n<title>\u00bfc\u00f3mo calcular el porcentaje de variaci\u00f3n en excel?<\/title>\n<meta name=\"robots\" content=\"index, follow, max-snippet:-1, max-image-preview:large, max-video-preview:-1\" \/>\n<link rel=\"canonical\" href=\"https:\/\/exceladvisor.org\/es\/diferencia-porcentual\/\" \/>\n<meta property=\"og:locale\" content=\"es_ES\" \/>\n<meta property=\"og:type\" content=\"article\" \/>\n<meta property=\"og:title\" content=\"\u00bfc\u00f3mo calcular el porcentaje de variaci\u00f3n en excel?\" \/>\n<meta property=\"og:description\" content=\"Para calcular una brecha porcentual (diferencia) entre dos valores en Excel, debe utilizar una f\u00f3rmula simple. En esta f\u00f3rmula, puedes deducir los valores antiguos de los valores nuevos y luego dividir esa diferencia por el valor anterior. De esta manera obtendr\u00e1 el cambio porcentual del valor anterior. En el siguiente ejemplo tienes una lista de [&hellip;]\" \/>\n<meta property=\"og:url\" content=\"https:\/\/exceladvisor.org\/es\/diferencia-porcentual\/\" \/>\n<meta property=\"og:site_name\" content=\"Excel Advisor\" \/>\n<meta property=\"article:modified_time\" content=\"2023-12-25T10:23:47+00:00\" \/>\n<meta property=\"og:image\" content=\"https:\/\/exceladvisor.org\/wp-content\/uploads\/2023\/08\/1-liste-des-anciennes-et-nouvelles-valeurs.png\" \/>\n<meta name=\"twitter:card\" content=\"summary_large_image\" \/>\n<meta name=\"twitter:label1\" content=\"Tiempo de lectura\" \/>\n\t<meta name=\"twitter:data1\" content=\"2 minutos\" \/>\n<script type=\"application\/ld+json\" class=\"yoast-schema-graph\">{\"@context\":\"https:\/\/schema.org\",\"@graph\":[{\"@type\":\"WebPage\",\"@id\":\"https:\/\/exceladvisor.org\/es\/diferencia-porcentual\/\",\"url\":\"https:\/\/exceladvisor.org\/es\/diferencia-porcentual\/\",\"name\":\"\u00bfc\u00f3mo calcular el porcentaje de variaci\u00f3n en excel?\",\"isPartOf\":{\"@id\":\"https:\/\/exceladvisor.org\/es\/#website\"},\"primaryImageOfPage\":{\"@id\":\"https:\/\/exceladvisor.org\/es\/diferencia-porcentual\/#primaryimage\"},\"image\":{\"@id\":\"https:\/\/exceladvisor.org\/es\/diferencia-porcentual\/#primaryimage\"},\"thumbnailUrl\":\"https:\/\/exceladvisor.org\/wp-content\/uploads\/2023\/08\/1-liste-des-anciennes-et-nouvelles-valeurs.png\",\"datePublished\":\"2023-11-06T00:29:38+00:00\",\"dateModified\":\"2023-12-25T10:23:47+00:00\",\"breadcrumb\":{\"@id\":\"https:\/\/exceladvisor.org\/es\/diferencia-porcentual\/#breadcrumb\"},\"inLanguage\":\"es\",\"potentialAction\":[{\"@type\":\"ReadAction\",\"target\":[\"https:\/\/exceladvisor.org\/es\/diferencia-porcentual\/\"]}]},{\"@type\":\"ImageObject\",\"inLanguage\":\"es\",\"@id\":\"https:\/\/exceladvisor.org\/es\/diferencia-porcentual\/#primaryimage\",\"url\":\"https:\/\/exceladvisor.org\/wp-content\/uploads\/2023\/08\/1-liste-des-anciennes-et-nouvelles-valeurs.png\",\"contentUrl\":\"https:\/\/exceladvisor.org\/wp-content\/uploads\/2023\/08\/1-liste-des-anciennes-et-nouvelles-valeurs.png\"},{\"@type\":\"BreadcrumbList\",\"@id\":\"https:\/\/exceladvisor.org\/es\/diferencia-porcentual\/#breadcrumb\",\"itemListElement\":[{\"@type\":\"ListItem\",\"position\":1,\"name\":\"Hogar\",\"item\":\"https:\/\/exceladvisor.org\/es\/\"},{\"@type\":\"ListItem\",\"position\":2,\"name\":\"\u00bfc\u00f3mo calcular el porcentaje de variaci\u00f3n en excel?\"}]},{\"@type\":\"WebSite\",\"@id\":\"https:\/\/exceladvisor.org\/es\/#website\",\"url\":\"https:\/\/exceladvisor.org\/es\/\",\"name\":\"Excel Advisor\",\"description\":\"Su gu\u00eda para la dominaci\u00f3n de datos!\",\"publisher\":{\"@id\":\"https:\/\/exceladvisor.org\/es\/#organization\"},\"potentialAction\":[{\"@type\":\"SearchAction\",\"target\":{\"@type\":\"EntryPoint\",\"urlTemplate\":\"https:\/\/exceladvisor.org\/es\/?s={search_term_string}\"},\"query-input\":{\"@type\":\"PropertyValueSpecification\",\"valueRequired\":true,\"valueName\":\"search_term_string\"}}],\"inLanguage\":\"es\"},{\"@type\":\"Organization\",\"@id\":\"https:\/\/exceladvisor.org\/es\/#organization\",\"name\":\"Excel Advisor\",\"url\":\"https:\/\/exceladvisor.org\/es\/\",\"logo\":{\"@type\":\"ImageObject\",\"inLanguage\":\"es\",\"@id\":\"https:\/\/exceladvisor.org\/es\/#\/schema\/logo\/image\/\",\"url\":\"https:\/\/exceladvisor.org\/es\/wp-content\/uploads\/2023\/12\/exceladvisor.org_.png\",\"contentUrl\":\"https:\/\/exceladvisor.org\/es\/wp-content\/uploads\/2023\/12\/exceladvisor.org_.png\",\"width\":105,\"height\":36,\"caption\":\"Excel Advisor\"},\"image\":{\"@id\":\"https:\/\/exceladvisor.org\/es\/#\/schema\/logo\/image\/\"}}]}<\/script>\n<!-- \/ Yoast SEO plugin. -->","yoast_head_json":{"title":"\u00bfc\u00f3mo calcular el porcentaje de variaci\u00f3n en excel?","robots":{"index":"index","follow":"follow","max-snippet":"max-snippet:-1","max-image-preview":"max-image-preview:large","max-video-preview":"max-video-preview:-1"},"canonical":"https:\/\/exceladvisor.org\/es\/diferencia-porcentual\/","og_locale":"es_ES","og_type":"article","og_title":"\u00bfc\u00f3mo calcular el porcentaje de variaci\u00f3n en excel?","og_description":"Para calcular una brecha porcentual (diferencia) entre dos valores en Excel, debe utilizar una f\u00f3rmula simple. En esta f\u00f3rmula, puedes deducir los valores antiguos de los valores nuevos y luego dividir esa diferencia por el valor anterior. De esta manera obtendr\u00e1 el cambio porcentual del valor anterior. En el siguiente ejemplo tienes una lista de [&hellip;]","og_url":"https:\/\/exceladvisor.org\/es\/diferencia-porcentual\/","og_site_name":"Excel Advisor","article_modified_time":"2023-12-25T10:23:47+00:00","og_image":[{"url":"https:\/\/exceladvisor.org\/wp-content\/uploads\/2023\/08\/1-liste-des-anciennes-et-nouvelles-valeurs.png","type":"","width":"","height":""}],"twitter_card":"summary_large_image","twitter_misc":{"Tiempo de lectura":"2 minutos"},"schema":{"@context":"https:\/\/schema.org","@graph":[{"@type":"WebPage","@id":"https:\/\/exceladvisor.org\/es\/diferencia-porcentual\/","url":"https:\/\/exceladvisor.org\/es\/diferencia-porcentual\/","name":"\u00bfc\u00f3mo calcular el porcentaje de variaci\u00f3n en excel?","isPartOf":{"@id":"https:\/\/exceladvisor.org\/es\/#website"},"primaryImageOfPage":{"@id":"https:\/\/exceladvisor.org\/es\/diferencia-porcentual\/#primaryimage"},"image":{"@id":"https:\/\/exceladvisor.org\/es\/diferencia-porcentual\/#primaryimage"},"thumbnailUrl":"https:\/\/exceladvisor.org\/wp-content\/uploads\/2023\/08\/1-liste-des-anciennes-et-nouvelles-valeurs.png","datePublished":"2023-11-06T00:29:38+00:00","dateModified":"2023-12-25T10:23:47+00:00","breadcrumb":{"@id":"https:\/\/exceladvisor.org\/es\/diferencia-porcentual\/#breadcrumb"},"inLanguage":"es","potentialAction":[{"@type":"ReadAction","target":["https:\/\/exceladvisor.org\/es\/diferencia-porcentual\/"]}]},{"@type":"ImageObject","inLanguage":"es","@id":"https:\/\/exceladvisor.org\/es\/diferencia-porcentual\/#primaryimage","url":"https:\/\/exceladvisor.org\/wp-content\/uploads\/2023\/08\/1-liste-des-anciennes-et-nouvelles-valeurs.png","contentUrl":"https:\/\/exceladvisor.org\/wp-content\/uploads\/2023\/08\/1-liste-des-anciennes-et-nouvelles-valeurs.png"},{"@type":"BreadcrumbList","@id":"https:\/\/exceladvisor.org\/es\/diferencia-porcentual\/#breadcrumb","itemListElement":[{"@type":"ListItem","position":1,"name":"Hogar","item":"https:\/\/exceladvisor.org\/es\/"},{"@type":"ListItem","position":2,"name":"\u00bfc\u00f3mo calcular el porcentaje de variaci\u00f3n en excel?"}]},{"@type":"WebSite","@id":"https:\/\/exceladvisor.org\/es\/#website","url":"https:\/\/exceladvisor.org\/es\/","name":"Excel Advisor","description":"Su gu\u00eda para la dominaci\u00f3n de datos!","publisher":{"@id":"https:\/\/exceladvisor.org\/es\/#organization"},"potentialAction":[{"@type":"SearchAction","target":{"@type":"EntryPoint","urlTemplate":"https:\/\/exceladvisor.org\/es\/?s={search_term_string}"},"query-input":{"@type":"PropertyValueSpecification","valueRequired":true,"valueName":"search_term_string"}}],"inLanguage":"es"},{"@type":"Organization","@id":"https:\/\/exceladvisor.org\/es\/#organization","name":"Excel Advisor","url":"https:\/\/exceladvisor.org\/es\/","logo":{"@type":"ImageObject","inLanguage":"es","@id":"https:\/\/exceladvisor.org\/es\/#\/schema\/logo\/image\/","url":"https:\/\/exceladvisor.org\/es\/wp-content\/uploads\/2023\/12\/exceladvisor.org_.png","contentUrl":"https:\/\/exceladvisor.org\/es\/wp-content\/uploads\/2023\/12\/exceladvisor.org_.png","width":105,"height":36,"caption":"Excel Advisor"},"image":{"@id":"https:\/\/exceladvisor.org\/es\/#\/schema\/logo\/image\/"}}]}},"yoast_meta":{"yoast_wpseo_title":"","yoast_wpseo_metadesc":"","yoast_wpseo_canonical":""},"_links":{"self":[{"href":"https:\/\/exceladvisor.org\/es\/wp-json\/wp\/v2\/pages\/296","targetHints":{"allow":["GET"]}}],"collection":[{"href":"https:\/\/exceladvisor.org\/es\/wp-json\/wp\/v2\/pages"}],"about":[{"href":"https:\/\/exceladvisor.org\/es\/wp-json\/wp\/v2\/types\/page"}],"author":[{"embeddable":true,"href":"https:\/\/exceladvisor.org\/es\/wp-json\/wp\/v2\/users\/1"}],"replies":[{"embeddable":true,"href":"https:\/\/exceladvisor.org\/es\/wp-json\/wp\/v2\/comments?post=296"}],"version-history":[{"count":1,"href":"https:\/\/exceladvisor.org\/es\/wp-json\/wp\/v2\/pages\/296\/revisions"}],"predecessor-version":[{"id":873,"href":"https:\/\/exceladvisor.org\/es\/wp-json\/wp\/v2\/pages\/296\/revisions\/873"}],"wp:attachment":[{"href":"https:\/\/exceladvisor.org\/es\/wp-json\/wp\/v2\/media?parent=296"}],"curies":[{"name":"wp","href":"https:\/\/api.w.org\/{rel}","templated":true}]}}