{"id":297,"date":"2023-11-06T00:19:21","date_gmt":"2023-11-06T00:19:21","guid":{"rendered":"https:\/\/exceladvisor.org\/es\/no-es-igual\/"},"modified":"2023-12-25T10:28:03","modified_gmt":"2023-12-25T10:28:03","slug":"no-es-igual","status":"publish","type":"page","link":"https:\/\/exceladvisor.org\/es\/no-es-igual\/","title":{"rendered":"\u00bfc\u00f3mo utilizar el operador no es igual en excel?"},"content":{"rendered":"<div class=\"excel-antes-del-contenido\" id=\"excel-2228043394\"><script type=\"text\/javascript\">\r\n\tatOptions = {\r\n\t\t'key' : 'c1158f160081d6540a8409e6925dab94',\r\n\t\t'format' : 'iframe',\r\n\t\t'height' : 250,\r\n\t\t'width' : 300,\r\n\t\t'params' : {}\r\n\t};\r\n<\/script>\r\n<script type=\"text\/javascript\" src=\"\/\/www.highperformanceformat.com\/c1158f160081d6540a8409e6925dab94\/invoke.js\"><\/script><\/div><p>En Excel, si desea verificar si el valor de una celda no es igual a otro valor, puede usar el operador diferente \u201c&lt;&gt;\u201d. Devuelve FALSO si el valor coincide y VERDADERO si no coincide. Puedes usarlo como f\u00f3rmula o tambi\u00e9n puedes usarlo con otras funciones como IF, OR y AND.<\/p>\n<p> En el siguiente ejemplo, tienes dos valores en las celdas A1 y A2 y necesitas verificar si el valor 1 no es igual al valor 2. <\/p>\n<div class=\"wp-block-image\">\n<figure class=\"aligncenter size-full is-resized\"><img loading=\"lazy\" decoding=\"async\" class=\"wp-image-69533\" src=\"https:\/\/exceladvisor.org\/wp-content\/uploads\/2023\/08\/1-deux-valeurs-dans-les-cellules.png\" sizes=\"auto, \" srcset=\"\" alt=\"dos valores en celdas\" width=\"363\" height=\"274\"><\/figure>\n<\/div>\n<h2 id=\"h-using-does-not-equals-operator\" class=\"wp-block-heading\"> Usando el operador NO IGUAL<\/h2>\n<ol type=\"1\">\n<li> Primero, en la celda B1, ingrese el operador igual.<\/li>\n<li> Despu\u00e9s de eso, consulte la celda A1 donde tiene el primer valor.<\/li>\n<li> A continuaci\u00f3n, ingrese el operador que no sea \u201c&lt;&gt;\u201d.<\/li>\n<li> Ahora consulte el segundo valor que tenemos en la celda A2.<\/li>\n<li> Al final, presione Enter para obtener el valor. <\/li>\n<\/ol>\n<div class=\"wp-block-image\">\n<figure class=\"aligncenter size-full is-resized\"><img loading=\"lazy\" decoding=\"async\" class=\"wp-image-69534\" src=\"https:\/\/exceladvisor.org\/wp-content\/uploads\/2023\/08\/2-utiliser-loperateur-non-egal-a.png\" sizes=\"auto, \" srcset=\"\" alt=\"usar-operador-no-igual\" width=\"379\" height=\"279\"><\/figure>\n<\/div>\n<p> En el momento en que presiona Enter, devuelve VERDADERO en el resultado. Esto se debe a que los dos valores no son iguales. Ahora si ingresas \u201cExcel\u201d en la celda B1, el resultado que tenemos en la celda A1 se vuelve FALSO. El motivo porque tenemos los mismos valores en ambas celdas. <\/p>\n<div class=\"wp-block-image\">\n<figure class=\"aligncenter size-full is-resized\"><img loading=\"lazy\" decoding=\"async\" class=\"wp-image-69535\" src=\"https:\/\/exceladvisor.org\/wp-content\/uploads\/2023\/08\/3-changer-la-valeur-dans-la-cellule.png\" sizes=\"auto, \" srcset=\"\" alt=\"cambiar valor en celda\" width=\"403\" height=\"272\"><\/figure>\n<\/div>\n<h2 id=\"h-using-does-not-equal-with-or-and\" class=\"wp-block-heading\"> Usar NO ES IGUAL a O \u2013 Y<\/h2>\n<p> Como dije, tambi\u00e9n puedes usar el operador diferente con otras funciones. Intentemos usarlo con las funciones AND y OR.<\/p>\n<p> Con la funci\u00f3n O puedes probar dos condiciones y devolver\u00e1 VERDADERO si una o ambas condiciones son iguales. En el siguiente ejemplo, tenemos dos condiciones para probar. Comparaci\u00f3n de los valores de las celdas A1 y A2, luego B1 y B2. <\/p>\n<div class=\"wp-block-image\">\n<figure class=\"aligncenter size-full is-resized\"><img loading=\"lazy\" decoding=\"async\" class=\"wp-image-69536\" src=\"https:\/\/exceladvisor.org\/wp-content\/uploads\/2023\/08\/4-operateur-non-egal-avec-ou.png\" sizes=\"auto, \" srcset=\"\" alt=\"operador-no-igual-con-o\" width=\"512\" height=\"269\"><\/figure>\n<\/div>\n<p> Ahora como usamos el operador no es igual en ambas condiciones, y en la primera condici\u00f3n ambos valores no son iguales, devuelve VERDADERO. Pero despu\u00e9s de eso, en la segunda condici\u00f3n, ambos valores son iguales, por lo que la condici\u00f3n es FALSA.<\/p>\n<p> Pero en el resultado tenemos VERDADERO, porque como vimos, O devuelve VERDADERO si solo una condici\u00f3n es VERDADERA.<\/p>\n<p> Luego use lo mismo con la funci\u00f3n AND. AND devuelve VERDADERO si todas las condiciones especificadas son iguales y FALSO incluso si una condici\u00f3n es FALSA entre todas. <\/p>\n<div class=\"wp-block-image\">\n<figure class=\"aligncenter size-full is-resized\"><img loading=\"lazy\" decoding=\"async\" class=\"wp-image-69537\" src=\"https:\/\/exceladvisor.org\/wp-content\/uploads\/2023\/08\/5-pas-egal-a-loperateur-avec-fin.png\" sizes=\"auto, \" srcset=\"\" alt=\"operador-no-igual-con-final\" width=\"473\" height=\"271\"><\/figure>\n<\/div>\n<p> En el ejemplo anterior, nuevamente tenemos los mismos valores, pero cuando usas la funci\u00f3n AND, devuelve FALSO en el resultado porque la segunda condici\u00f3n (B1&lt;&gt;B2) no es verdadera, ambos valores son id\u00e9nticos.<\/p>\n<h2 id=\"h-use-does-not-equal-operator-with-if-function\" class=\"wp-block-heading\"> Usando el operador NO IGUAL con la funci\u00f3n SI<\/h2>\n<p> Tambi\u00e9n puede utilizar el operador no es igual en la funci\u00f3n SI. <\/p>\n<div class=\"wp-block-image\">\n<figure class=\"aligncenter size-full is-resized\"><img loading=\"lazy\" decoding=\"async\" class=\"wp-image-69538\" src=\"https:\/\/exceladvisor.org\/wp-content\/uploads\/2023\/08\/6-pas-egal-a-loperateur-avec-si.png\" sizes=\"auto, \" srcset=\"\" alt=\"operador-no-es-igual-con-si\" width=\"538\" height=\"268\"><\/figure>\n<\/div>\n<ol type=\"1\">\n<li> Ingresa la funci\u00f3n SI en una celda donde quieras tener el resultado.<\/li>\n<li> Despu\u00e9s de eso, consulte la celda A1, luego use el operador diferente y consulte la celda A2.<\/li>\n<li> Luego use un valor para saber si la condici\u00f3n es VERDADERA.<\/li>\n<li> Al final, especifique el valor si la condici\u00f3n es FALSA.<\/li>\n<\/ol>\n<p> Lo mejor de usar IF con la condici\u00f3n \u00abno es igual\u00bb es que puede devolver un valor espec\u00edfico que obtiene si la condici\u00f3n es VERDADERA o FALSA. <\/p>\n<div class=\"gb-container gb-container-52dfcee1 gb-container-sample-file\">\n<h2 class=\"gb-headline gb-headline-e289c143 gb-headline-text gb-headline-4f7959c2\"> Obtener el archivo Excel<\/h2>\n<p> <a href=\"https:\/\/exceladvisor.org\/wp-content\/uploads\/2023\/11\/nest-pas-egal-a-2.xlsx\">Descargar<\/a><\/div>\n<div class=\"gb-container gb-container-0df56012 gb-container-mt\"> <a class=\"gb-button gb-button-f9f432f4 gb-button-text gb-button-mt-button\" href=\"https:\/\/exceladvisor.org\/es\/formulas\/\">Lista de f\u00f3rmulas de Excel<\/a><\/p>\n<h2 class=\"gb-headline gb-headline-233444e8 gb-headline-text gb-headline-mt-heading\"> F\u00f3rmulas relacionadas <\/h2>\n<div class=\"gb-grid-wrapper gb-grid-wrapper-a16fa65c gb-grid-wrapper-mt-grid\">\n<div class=\"gb-grid-column gb-grid-column-50d07e0d\">\n<div class=\"gb-container gb-container-50d07e0d\">\n<ul>\n<li> Calcular la ra\u00edz c\u00fabica en Excel.<\/li>\n<li> <a href=\"https:\/\/exceladvisor.org\/es\/diferencia-porcentual\/\">Calcular la varianza porcentual (diferencia) en Excel<\/a><\/li>\n<li> <a href=\"https:\/\/exceladvisor.org\/es\/raiz-cuadrada\/\">Calcular ra\u00edz cuadrada en Excel + Insertar s\u00edmbolo<\/a><\/li>\n<li> <a href=\"https:\/\/exceladvisor.org\/es\/numero-cuadrado\/\">Cuadrar un n\u00famero en Excel<\/a><\/li>\n<li> <a href=\"https:\/\/exceladvisor.org\/es\/sumar-restar-un-porcentaje-de-un-numero\/\">Sumar y restar el porcentaje de un n\u00famero<\/a> <\/li>\n<\/ul>\n<\/div>\n<\/div>\n<div class=\"gb-grid-column gb-grid-column-5b4a0cf9\">\n<div class=\"gb-container gb-container-5b4a0cf9\"><\/div>\n<\/div>\n<\/div>\n<\/div>\n","protected":false},"excerpt":{"rendered":"<p>En Excel, si desea verificar si el valor de una celda no es igual a otro valor, puede usar el operador diferente \u201c&lt;&gt;\u201d. Devuelve FALSO si el valor coincide y VERDADERO si no coincide. Puedes usarlo como f\u00f3rmula o tambi\u00e9n puedes usarlo con otras funciones como IF, OR y AND. En el siguiente ejemplo, tienes [&hellip;]<\/p>\n","protected":false},"author":1,"featured_media":0,"parent":0,"menu_order":0,"comment_status":"open","ping_status":"closed","template":"","meta":{"ub_ctt_via":"","footnotes":""},"class_list":["post-297","page","type-page","status-publish","hentry"],"featured_image_src":null,"yoast_head":"<!-- This site is optimized with the Yoast SEO plugin v25.4 - https:\/\/yoast.com\/wordpress\/plugins\/seo\/ -->\n<title>\u00bfc\u00f3mo utilizar el operador no es igual en excel?<\/title>\n<meta name=\"robots\" content=\"index, follow, max-snippet:-1, max-image-preview:large, max-video-preview:-1\" \/>\n<link rel=\"canonical\" href=\"https:\/\/exceladvisor.org\/es\/no-es-igual\/\" \/>\n<meta property=\"og:locale\" content=\"es_ES\" \/>\n<meta property=\"og:type\" content=\"article\" \/>\n<meta property=\"og:title\" content=\"\u00bfc\u00f3mo utilizar el operador no es igual en excel?\" \/>\n<meta property=\"og:description\" content=\"En Excel, si desea verificar si el valor de una celda no es igual a otro valor, puede usar el operador diferente \u201c&lt;&gt;\u201d. Devuelve FALSO si el valor coincide y VERDADERO si no coincide. Puedes usarlo como f\u00f3rmula o tambi\u00e9n puedes usarlo con otras funciones como IF, OR y AND. En el siguiente ejemplo, tienes [&hellip;]\" \/>\n<meta property=\"og:url\" content=\"https:\/\/exceladvisor.org\/es\/no-es-igual\/\" \/>\n<meta property=\"og:site_name\" content=\"Excel Advisor\" \/>\n<meta property=\"article:modified_time\" content=\"2023-12-25T10:28:03+00:00\" \/>\n<meta property=\"og:image\" content=\"https:\/\/exceladvisor.org\/wp-content\/uploads\/2023\/08\/1-deux-valeurs-dans-les-cellules.png\" \/>\n<meta name=\"twitter:card\" content=\"summary_large_image\" \/>\n<meta name=\"twitter:label1\" content=\"Tiempo de lectura\" \/>\n\t<meta name=\"twitter:data1\" content=\"3 minutos\" \/>\n<script type=\"application\/ld+json\" class=\"yoast-schema-graph\">{\"@context\":\"https:\/\/schema.org\",\"@graph\":[{\"@type\":\"WebPage\",\"@id\":\"https:\/\/exceladvisor.org\/es\/no-es-igual\/\",\"url\":\"https:\/\/exceladvisor.org\/es\/no-es-igual\/\",\"name\":\"\u00bfc\u00f3mo utilizar el operador no es igual en excel?\",\"isPartOf\":{\"@id\":\"https:\/\/exceladvisor.org\/es\/#website\"},\"primaryImageOfPage\":{\"@id\":\"https:\/\/exceladvisor.org\/es\/no-es-igual\/#primaryimage\"},\"image\":{\"@id\":\"https:\/\/exceladvisor.org\/es\/no-es-igual\/#primaryimage\"},\"thumbnailUrl\":\"https:\/\/exceladvisor.org\/wp-content\/uploads\/2023\/08\/1-deux-valeurs-dans-les-cellules.png\",\"datePublished\":\"2023-11-06T00:19:21+00:00\",\"dateModified\":\"2023-12-25T10:28:03+00:00\",\"breadcrumb\":{\"@id\":\"https:\/\/exceladvisor.org\/es\/no-es-igual\/#breadcrumb\"},\"inLanguage\":\"es\",\"potentialAction\":[{\"@type\":\"ReadAction\",\"target\":[\"https:\/\/exceladvisor.org\/es\/no-es-igual\/\"]}]},{\"@type\":\"ImageObject\",\"inLanguage\":\"es\",\"@id\":\"https:\/\/exceladvisor.org\/es\/no-es-igual\/#primaryimage\",\"url\":\"https:\/\/exceladvisor.org\/wp-content\/uploads\/2023\/08\/1-deux-valeurs-dans-les-cellules.png\",\"contentUrl\":\"https:\/\/exceladvisor.org\/wp-content\/uploads\/2023\/08\/1-deux-valeurs-dans-les-cellules.png\"},{\"@type\":\"BreadcrumbList\",\"@id\":\"https:\/\/exceladvisor.org\/es\/no-es-igual\/#breadcrumb\",\"itemListElement\":[{\"@type\":\"ListItem\",\"position\":1,\"name\":\"Hogar\",\"item\":\"https:\/\/exceladvisor.org\/es\/\"},{\"@type\":\"ListItem\",\"position\":2,\"name\":\"\u00bfc\u00f3mo utilizar el operador no es igual en excel?\"}]},{\"@type\":\"WebSite\",\"@id\":\"https:\/\/exceladvisor.org\/es\/#website\",\"url\":\"https:\/\/exceladvisor.org\/es\/\",\"name\":\"Excel Advisor\",\"description\":\"Su gu\u00eda para la dominaci\u00f3n de datos!\",\"publisher\":{\"@id\":\"https:\/\/exceladvisor.org\/es\/#organization\"},\"potentialAction\":[{\"@type\":\"SearchAction\",\"target\":{\"@type\":\"EntryPoint\",\"urlTemplate\":\"https:\/\/exceladvisor.org\/es\/?s={search_term_string}\"},\"query-input\":{\"@type\":\"PropertyValueSpecification\",\"valueRequired\":true,\"valueName\":\"search_term_string\"}}],\"inLanguage\":\"es\"},{\"@type\":\"Organization\",\"@id\":\"https:\/\/exceladvisor.org\/es\/#organization\",\"name\":\"Excel Advisor\",\"url\":\"https:\/\/exceladvisor.org\/es\/\",\"logo\":{\"@type\":\"ImageObject\",\"inLanguage\":\"es\",\"@id\":\"https:\/\/exceladvisor.org\/es\/#\/schema\/logo\/image\/\",\"url\":\"https:\/\/exceladvisor.org\/es\/wp-content\/uploads\/2023\/12\/exceladvisor.org_.png\",\"contentUrl\":\"https:\/\/exceladvisor.org\/es\/wp-content\/uploads\/2023\/12\/exceladvisor.org_.png\",\"width\":105,\"height\":36,\"caption\":\"Excel Advisor\"},\"image\":{\"@id\":\"https:\/\/exceladvisor.org\/es\/#\/schema\/logo\/image\/\"}}]}<\/script>\n<!-- \/ Yoast SEO plugin. -->","yoast_head_json":{"title":"\u00bfc\u00f3mo utilizar el operador no es igual en excel?","robots":{"index":"index","follow":"follow","max-snippet":"max-snippet:-1","max-image-preview":"max-image-preview:large","max-video-preview":"max-video-preview:-1"},"canonical":"https:\/\/exceladvisor.org\/es\/no-es-igual\/","og_locale":"es_ES","og_type":"article","og_title":"\u00bfc\u00f3mo utilizar el operador no es igual en excel?","og_description":"En Excel, si desea verificar si el valor de una celda no es igual a otro valor, puede usar el operador diferente \u201c&lt;&gt;\u201d. Devuelve FALSO si el valor coincide y VERDADERO si no coincide. Puedes usarlo como f\u00f3rmula o tambi\u00e9n puedes usarlo con otras funciones como IF, OR y AND. En el siguiente ejemplo, tienes [&hellip;]","og_url":"https:\/\/exceladvisor.org\/es\/no-es-igual\/","og_site_name":"Excel Advisor","article_modified_time":"2023-12-25T10:28:03+00:00","og_image":[{"url":"https:\/\/exceladvisor.org\/wp-content\/uploads\/2023\/08\/1-deux-valeurs-dans-les-cellules.png","type":"","width":"","height":""}],"twitter_card":"summary_large_image","twitter_misc":{"Tiempo de lectura":"3 minutos"},"schema":{"@context":"https:\/\/schema.org","@graph":[{"@type":"WebPage","@id":"https:\/\/exceladvisor.org\/es\/no-es-igual\/","url":"https:\/\/exceladvisor.org\/es\/no-es-igual\/","name":"\u00bfc\u00f3mo utilizar el operador no es igual en excel?","isPartOf":{"@id":"https:\/\/exceladvisor.org\/es\/#website"},"primaryImageOfPage":{"@id":"https:\/\/exceladvisor.org\/es\/no-es-igual\/#primaryimage"},"image":{"@id":"https:\/\/exceladvisor.org\/es\/no-es-igual\/#primaryimage"},"thumbnailUrl":"https:\/\/exceladvisor.org\/wp-content\/uploads\/2023\/08\/1-deux-valeurs-dans-les-cellules.png","datePublished":"2023-11-06T00:19:21+00:00","dateModified":"2023-12-25T10:28:03+00:00","breadcrumb":{"@id":"https:\/\/exceladvisor.org\/es\/no-es-igual\/#breadcrumb"},"inLanguage":"es","potentialAction":[{"@type":"ReadAction","target":["https:\/\/exceladvisor.org\/es\/no-es-igual\/"]}]},{"@type":"ImageObject","inLanguage":"es","@id":"https:\/\/exceladvisor.org\/es\/no-es-igual\/#primaryimage","url":"https:\/\/exceladvisor.org\/wp-content\/uploads\/2023\/08\/1-deux-valeurs-dans-les-cellules.png","contentUrl":"https:\/\/exceladvisor.org\/wp-content\/uploads\/2023\/08\/1-deux-valeurs-dans-les-cellules.png"},{"@type":"BreadcrumbList","@id":"https:\/\/exceladvisor.org\/es\/no-es-igual\/#breadcrumb","itemListElement":[{"@type":"ListItem","position":1,"name":"Hogar","item":"https:\/\/exceladvisor.org\/es\/"},{"@type":"ListItem","position":2,"name":"\u00bfc\u00f3mo utilizar el operador no es igual en excel?"}]},{"@type":"WebSite","@id":"https:\/\/exceladvisor.org\/es\/#website","url":"https:\/\/exceladvisor.org\/es\/","name":"Excel Advisor","description":"Su gu\u00eda para la dominaci\u00f3n de datos!","publisher":{"@id":"https:\/\/exceladvisor.org\/es\/#organization"},"potentialAction":[{"@type":"SearchAction","target":{"@type":"EntryPoint","urlTemplate":"https:\/\/exceladvisor.org\/es\/?s={search_term_string}"},"query-input":{"@type":"PropertyValueSpecification","valueRequired":true,"valueName":"search_term_string"}}],"inLanguage":"es"},{"@type":"Organization","@id":"https:\/\/exceladvisor.org\/es\/#organization","name":"Excel Advisor","url":"https:\/\/exceladvisor.org\/es\/","logo":{"@type":"ImageObject","inLanguage":"es","@id":"https:\/\/exceladvisor.org\/es\/#\/schema\/logo\/image\/","url":"https:\/\/exceladvisor.org\/es\/wp-content\/uploads\/2023\/12\/exceladvisor.org_.png","contentUrl":"https:\/\/exceladvisor.org\/es\/wp-content\/uploads\/2023\/12\/exceladvisor.org_.png","width":105,"height":36,"caption":"Excel Advisor"},"image":{"@id":"https:\/\/exceladvisor.org\/es\/#\/schema\/logo\/image\/"}}]}},"yoast_meta":{"yoast_wpseo_title":"","yoast_wpseo_metadesc":"","yoast_wpseo_canonical":""},"_links":{"self":[{"href":"https:\/\/exceladvisor.org\/es\/wp-json\/wp\/v2\/pages\/297","targetHints":{"allow":["GET"]}}],"collection":[{"href":"https:\/\/exceladvisor.org\/es\/wp-json\/wp\/v2\/pages"}],"about":[{"href":"https:\/\/exceladvisor.org\/es\/wp-json\/wp\/v2\/types\/page"}],"author":[{"embeddable":true,"href":"https:\/\/exceladvisor.org\/es\/wp-json\/wp\/v2\/users\/1"}],"replies":[{"embeddable":true,"href":"https:\/\/exceladvisor.org\/es\/wp-json\/wp\/v2\/comments?post=297"}],"version-history":[{"count":1,"href":"https:\/\/exceladvisor.org\/es\/wp-json\/wp\/v2\/pages\/297\/revisions"}],"predecessor-version":[{"id":1261,"href":"https:\/\/exceladvisor.org\/es\/wp-json\/wp\/v2\/pages\/297\/revisions\/1261"}],"wp:attachment":[{"href":"https:\/\/exceladvisor.org\/es\/wp-json\/wp\/v2\/media?parent=297"}],"curies":[{"name":"wp","href":"https:\/\/api.w.org\/{rel}","templated":true}]}}