{"id":300,"date":"2023-11-05T18:30:11","date_gmt":"2023-11-05T18:30:11","guid":{"rendered":"https:\/\/exceladvisor.org\/es\/si-o-1\/"},"modified":"2023-12-25T10:32:37","modified_gmt":"2023-12-25T10:32:37","slug":"si-o-1","status":"publish","type":"page","link":"https:\/\/exceladvisor.org\/es\/si-o-1\/","title":{"rendered":"C\u00f3mo combinar funciones si y o en excel"},"content":{"rendered":"<div class=\"excel-antes-del-contenido\" id=\"excel-699974743\"><script type=\"text\/javascript\">\r\n\tatOptions = {\r\n\t\t'key' : 'c1158f160081d6540a8409e6925dab94',\r\n\t\t'format' : 'iframe',\r\n\t\t'height' : 250,\r\n\t\t'width' : 300,\r\n\t\t'params' : {}\r\n\t};\r\n<\/script>\r\n<script type=\"text\/javascript\" src=\"\/\/www.highperformanceformat.com\/c1158f160081d6540a8409e6925dab94\/invoke.js\"><\/script><\/div><p>La funci\u00f3n SI es una de las funciones m\u00e1s poderosas de Excel. Y lo mejor es que puedes combinar otras funciones con IF para aumentar su potencia.<\/p>\n<p> La combinaci\u00f3n de funciones SI y O es una de las combinaciones de f\u00f3rmulas m\u00e1s \u00fatiles en Excel. En este art\u00edculo, le mostrar\u00e9 por qu\u00e9 necesitamos combinar las funciones SI y O. Y por qu\u00e9 te resulta muy \u00fatil.<\/p>\n<h2 id=\"1\" class=\"wp-block-heading\"> Introducci\u00f3n r\u00e1pida<\/h2>\n<p> Estoy seguro de que has utilizado ambas funciones, pero d\u00e9jame darte una introducci\u00f3n r\u00e1pida.<\/p>\n<ul>\n<li> <strong>IF<\/strong> : utilice esta funci\u00f3n para probar una condici\u00f3n. Devolver\u00e1 un valor espec\u00edfico si esta condici\u00f3n es verdadera, u otro valor espec\u00edfico si esta condici\u00f3n es falsa.<\/li>\n<li> <strong>O<\/strong> \u2013 M\u00faltiples condiciones de prueba. Devolver\u00e1 verdadero si alguna de estas condiciones es verdadera y falso si todas estas condiciones son falsas.<\/li>\n<\/ul>\n<p> <em>El quid de ambas funciones es que la funci\u00f3n SI s\u00f3lo puede probar una condici\u00f3n a la vez. Y la funci\u00f3n O puede probar m\u00faltiples condiciones pero solo devuelve verdadero\/falso. Y, si combinamos estas dos funciones, podemos probar m\u00faltiples condiciones con OR y devolver un valor espec\u00edfico con IF.<\/em><\/p>\n<h2 id=\"2\" class=\"wp-block-heading\"> \u00bfC\u00f3mo funcionan las funciones SI y O?<\/h2>\n<p> En la sintaxis de la funci\u00f3n IF, tenga un argumento de prueba l\u00f3gico que usemos para especificar una condici\u00f3n para probar.<\/p>\n<p> SI ( <strong>prueba_l\u00f3gica<\/strong> , valor_si_verdadero, valor_si_falso)<\/p>\n<p> Y luego, devuelve un valor basado en el resultado de esa condici\u00f3n. Ahora, si usamos la funci\u00f3n OR para este argumento y especificamos varias condiciones para esto. <\/p>\n<div class=\"wp-block-image\">\n<figure class=\"aligncenter\"><img loading=\"lazy\" decoding=\"async\" class=\"wp-image-9594\" src=\"https:\/\/exceladvisor.org\/wp-content\/uploads\/2023\/08\/comment-combiner-les-fonctions-if-et-or-et-remplacer-largument-logique-par-or-1.png\" sizes=\"auto, \" srcset=\"\" alt=\"c\u00f3mo combinar funciones if y or y reemplazar el argumento l\u00f3gico con o\" width=\"488\" height=\"139\"><\/figure>\n<\/div>\n<p> Si alguna de las condiciones es verdadera, OR devolver\u00e1 verdadero y IF devolver\u00e1 el valor espec\u00edfico. Y, si ninguna de las condiciones es verdadera O con retorno FALSO SI devolver\u00e1 otro valor espec\u00edfico. De esta manera podemos probar m\u00e1s de un valor con la funci\u00f3n SI. Pasemos a algunos ejemplos concretos.<\/p>\n<h2 id=\"3\" class=\"wp-block-heading\"> Ejemplos<\/h2>\n<p> Aqu\u00ed tengo una tabla con <a href=\"https:\/\/exceladvisor.org\/es\/plantilla-de-gestion-de-inventario-formularios-de-usuario-excel-vba\/\">detalles de inventario<\/a> de dos almacenes. Ahora quiero actualizar el estado en la tabla. <\/p>\n<div class=\"wp-block-image\">\n<figure class=\"aligncenter\"><img loading=\"lazy\" decoding=\"async\" class=\"wp-image-9595\" src=\"https:\/\/exceladvisor.org\/wp-content\/uploads\/2023\/08\/comment-combiner-les-fonctions-if-et-or-pour-obtenir-le-statut-dans-la-table-des-stocks-1.png\" sizes=\"auto, \" srcset=\"\" alt=\"c\u00f3mo combinar funciones if y or para obtener el estado en la tabla de existencias\" width=\"502\" height=\"251\"><\/figure>\n<\/div>\n<p> Si no hay stock en ambos almacenes, el estado deber\u00eda ser \u00abAgotado\u00bb. Y, si hay stock en alguno de los almacenes, el estado deber\u00eda ser \u201cEn Stock\u201d. Entonces aqu\u00ed necesito verificar dos condiciones diferentes, \u00abAlmac\u00e9n-1\u00bb y \u00abAlmac\u00e9n-2\u00bb.<br \/> Y la f\u00f3rmula ser\u00e1. <\/p>\n<pre class=\"wp-block-code\"> <code class=\"language-excel-formula\" lang=\"excel-formula\">=IF(OR(B2&gt;0,C2&gt;0),\"In-Stock\",\"Out of Stock\")<\/code><\/pre>\n<div class=\"wp-block-image\">\n<figure class=\"aligncenter\"><img loading=\"lazy\" decoding=\"async\" class=\"wp-image-9596\" src=\"https:\/\/exceladvisor.org\/wp-content\/uploads\/2023\/08\/comment-combiner-les-fonctions-if-et-or-pour-obtenir-le-statut-dans-la-formule-dinsertion-de-la-table-de-stock-1.png\" sizes=\"auto, \" srcset=\"\" alt=\"c\u00f3mo combinar funciones if y or para obtener el estado en la f\u00f3rmula de inserci\u00f3n de la tabla de existencias\" width=\"544\" height=\"297\"><\/figure>\n<\/div>\n<p> En la f\u00f3rmula anterior, si hay un valor mayor que cero en cualquiera de las celdas (B2 y C2), la funci\u00f3n O devolver\u00e1 verdadero y SI devolver\u00e1 el valor \u00abEn stock\u00bb. Pero, si ambas celdas tienen cero, OR devolver\u00e1 falso y IF devolver\u00e1 el valor \u00abAgotado\u00bb. <\/p>\n<div class=\"gb-container gb-container-bafb25cc gb-container-download-2\">\n<div class=\"gb-grid-wrapper gb-grid-wrapper-91201309\">\n<div class=\"gb-grid-column gb-grid-column-15a917ef\">\n<div class=\"gb-container gb-container-15a917ef\">\n<h2 class=\"gb-headline gb-headline-f2deb261 gb-headline-text gb-headline-download-2\"> Obtener el archivo Excel <\/h2>\n<\/div>\n<\/div>\n<div class=\"gb-grid-column gb-grid-column-18357188\">\n<div class=\"gb-container gb-container-18357188\">\n<div class=\"gb-container gb-container-76cbe15e\"> <a class=\"gb-button gb-button-cb63d00a gb-button-text gb-button-download-2\" href=\"https:\/\/exceladvisor.org\/wp-content\/uploads\/2023\/11\/comment-combiner-les-fonctions-if-et-or.xlsx\" rel=\"nofollow\">Descargar<\/a><\/div>\n<\/div>\n<\/div>\n<\/div>\n<\/div>\n<h2 class=\"wp-block-heading\"> Ultimas palabras<\/h2>\n<p> Ambas funciones son igualmente \u00fatiles pero cuando las combinas puedes utilizarlas de forma m\u00e1s efectiva. Como te dije, al combinar las funciones IF y OR puedes probar m\u00e1s de una condici\u00f3n. Puede resolver ambos problemas con esta combinaci\u00f3n de funciones.<\/p>\n<div class=\"gb-container gb-container-0df56012 gb-container-mt\"> <a class=\"gb-button gb-button-f9f432f4 gb-button-text gb-button-mt-button\" href=\"https:\/\/exceladvisor.org\/es\/formulas\/\">Lista de f\u00f3rmulas de Excel<\/a><\/p>\n<h2 class=\"gb-headline gb-headline-233444e8 gb-headline-text gb-headline-mt-heading\"> F\u00f3rmulas relacionadas <\/h2>\n<div class=\"gb-grid-wrapper gb-grid-wrapper-a16fa65c gb-grid-wrapper-mt-grid\">\n<div class=\"gb-grid-column gb-grid-column-50d07e0d\">\n<div class=\"gb-container gb-container-50d07e0d\">\n<ul>\n<li> Marque IF 0 (cero) y luego en blanco en Excel<\/li>\n<li> <a href=\"https:\/\/exceladvisor.org\/es\/comprobar-si-existe-un-valor-en-un-rango\/\">Comprobar si existe un valor en un rango en Excel<\/a><\/li>\n<li> <a href=\"https:\/\/exceladvisor.org\/es\/si-y-1\/\">Combina funciones IF y AND en Excel<\/a><\/li>\n<li> <a href=\"https:\/\/exceladvisor.org\/es\/si-la-celda-esta-vacia\/\">SI la celda est\u00e1 vac\u00eda usando IF + ESBLANCO en Excel<\/a><\/li>\n<li> <a href=\"https:\/\/exceladvisor.org\/es\/si-es-negativo-entonces-cero\/\">SI es negativo, entonces cero (0) en Excel<\/a> <\/li>\n<\/ul>\n<\/div>\n<\/div>\n<div class=\"gb-grid-column gb-grid-column-5b4a0cf9\">\n<div class=\"gb-container gb-container-5b4a0cf9\"><\/div>\n<\/div>\n<\/div>\n<\/div>\n","protected":false},"excerpt":{"rendered":"<p>La funci\u00f3n SI es una de las funciones m\u00e1s poderosas de Excel. Y lo mejor es que puedes combinar otras funciones con IF para aumentar su potencia. La combinaci\u00f3n de funciones SI y O es una de las combinaciones de f\u00f3rmulas m\u00e1s \u00fatiles en Excel. En este art\u00edculo, le mostrar\u00e9 por qu\u00e9 necesitamos combinar las [&hellip;]<\/p>\n","protected":false},"author":1,"featured_media":0,"parent":0,"menu_order":0,"comment_status":"open","ping_status":"closed","template":"","meta":{"ub_ctt_via":"","footnotes":""},"class_list":["post-300","page","type-page","status-publish","hentry"],"featured_image_src":null,"yoast_head":"<!-- This site is optimized with the Yoast SEO plugin v25.4 - https:\/\/yoast.com\/wordpress\/plugins\/seo\/ -->\n<title>C\u00f3mo combinar funciones si y o en excel<\/title>\n<meta name=\"robots\" content=\"index, follow, max-snippet:-1, max-image-preview:large, max-video-preview:-1\" \/>\n<link rel=\"canonical\" href=\"https:\/\/exceladvisor.org\/es\/si-o-1\/\" \/>\n<meta property=\"og:locale\" content=\"es_ES\" \/>\n<meta property=\"og:type\" content=\"article\" \/>\n<meta property=\"og:title\" content=\"C\u00f3mo combinar funciones si y o en excel\" \/>\n<meta property=\"og:description\" content=\"La funci\u00f3n SI es una de las funciones m\u00e1s poderosas de Excel. Y lo mejor es que puedes combinar otras funciones con IF para aumentar su potencia. La combinaci\u00f3n de funciones SI y O es una de las combinaciones de f\u00f3rmulas m\u00e1s \u00fatiles en Excel. En este art\u00edculo, le mostrar\u00e9 por qu\u00e9 necesitamos combinar las [&hellip;]\" \/>\n<meta property=\"og:url\" content=\"https:\/\/exceladvisor.org\/es\/si-o-1\/\" \/>\n<meta property=\"og:site_name\" content=\"Excel Advisor\" \/>\n<meta property=\"article:modified_time\" content=\"2023-12-25T10:32:37+00:00\" \/>\n<meta property=\"og:image\" content=\"https:\/\/exceladvisor.org\/wp-content\/uploads\/2023\/08\/comment-combiner-les-fonctions-if-et-or-et-remplacer-largument-logique-par-or-1.png\" \/>\n<meta name=\"twitter:card\" content=\"summary_large_image\" \/>\n<meta name=\"twitter:label1\" content=\"Tiempo de lectura\" \/>\n\t<meta name=\"twitter:data1\" content=\"3 minutos\" \/>\n<script type=\"application\/ld+json\" class=\"yoast-schema-graph\">{\"@context\":\"https:\/\/schema.org\",\"@graph\":[{\"@type\":\"WebPage\",\"@id\":\"https:\/\/exceladvisor.org\/es\/si-o-1\/\",\"url\":\"https:\/\/exceladvisor.org\/es\/si-o-1\/\",\"name\":\"C\u00f3mo combinar funciones si y o en excel\",\"isPartOf\":{\"@id\":\"https:\/\/exceladvisor.org\/es\/#website\"},\"primaryImageOfPage\":{\"@id\":\"https:\/\/exceladvisor.org\/es\/si-o-1\/#primaryimage\"},\"image\":{\"@id\":\"https:\/\/exceladvisor.org\/es\/si-o-1\/#primaryimage\"},\"thumbnailUrl\":\"https:\/\/exceladvisor.org\/wp-content\/uploads\/2023\/08\/comment-combiner-les-fonctions-if-et-or-et-remplacer-largument-logique-par-or-1.png\",\"datePublished\":\"2023-11-05T18:30:11+00:00\",\"dateModified\":\"2023-12-25T10:32:37+00:00\",\"breadcrumb\":{\"@id\":\"https:\/\/exceladvisor.org\/es\/si-o-1\/#breadcrumb\"},\"inLanguage\":\"es\",\"potentialAction\":[{\"@type\":\"ReadAction\",\"target\":[\"https:\/\/exceladvisor.org\/es\/si-o-1\/\"]}]},{\"@type\":\"ImageObject\",\"inLanguage\":\"es\",\"@id\":\"https:\/\/exceladvisor.org\/es\/si-o-1\/#primaryimage\",\"url\":\"https:\/\/exceladvisor.org\/wp-content\/uploads\/2023\/08\/comment-combiner-les-fonctions-if-et-or-et-remplacer-largument-logique-par-or-1.png\",\"contentUrl\":\"https:\/\/exceladvisor.org\/wp-content\/uploads\/2023\/08\/comment-combiner-les-fonctions-if-et-or-et-remplacer-largument-logique-par-or-1.png\"},{\"@type\":\"BreadcrumbList\",\"@id\":\"https:\/\/exceladvisor.org\/es\/si-o-1\/#breadcrumb\",\"itemListElement\":[{\"@type\":\"ListItem\",\"position\":1,\"name\":\"Hogar\",\"item\":\"https:\/\/exceladvisor.org\/es\/\"},{\"@type\":\"ListItem\",\"position\":2,\"name\":\"C\u00f3mo combinar funciones si y o en excel\"}]},{\"@type\":\"WebSite\",\"@id\":\"https:\/\/exceladvisor.org\/es\/#website\",\"url\":\"https:\/\/exceladvisor.org\/es\/\",\"name\":\"Excel Advisor\",\"description\":\"Su gu\u00eda para la dominaci\u00f3n de datos!\",\"publisher\":{\"@id\":\"https:\/\/exceladvisor.org\/es\/#organization\"},\"potentialAction\":[{\"@type\":\"SearchAction\",\"target\":{\"@type\":\"EntryPoint\",\"urlTemplate\":\"https:\/\/exceladvisor.org\/es\/?s={search_term_string}\"},\"query-input\":{\"@type\":\"PropertyValueSpecification\",\"valueRequired\":true,\"valueName\":\"search_term_string\"}}],\"inLanguage\":\"es\"},{\"@type\":\"Organization\",\"@id\":\"https:\/\/exceladvisor.org\/es\/#organization\",\"name\":\"Excel Advisor\",\"url\":\"https:\/\/exceladvisor.org\/es\/\",\"logo\":{\"@type\":\"ImageObject\",\"inLanguage\":\"es\",\"@id\":\"https:\/\/exceladvisor.org\/es\/#\/schema\/logo\/image\/\",\"url\":\"https:\/\/exceladvisor.org\/es\/wp-content\/uploads\/2023\/12\/exceladvisor.org_.png\",\"contentUrl\":\"https:\/\/exceladvisor.org\/es\/wp-content\/uploads\/2023\/12\/exceladvisor.org_.png\",\"width\":105,\"height\":36,\"caption\":\"Excel Advisor\"},\"image\":{\"@id\":\"https:\/\/exceladvisor.org\/es\/#\/schema\/logo\/image\/\"}}]}<\/script>\n<!-- \/ Yoast SEO plugin. -->","yoast_head_json":{"title":"C\u00f3mo combinar funciones si y o en excel","robots":{"index":"index","follow":"follow","max-snippet":"max-snippet:-1","max-image-preview":"max-image-preview:large","max-video-preview":"max-video-preview:-1"},"canonical":"https:\/\/exceladvisor.org\/es\/si-o-1\/","og_locale":"es_ES","og_type":"article","og_title":"C\u00f3mo combinar funciones si y o en excel","og_description":"La funci\u00f3n SI es una de las funciones m\u00e1s poderosas de Excel. Y lo mejor es que puedes combinar otras funciones con IF para aumentar su potencia. La combinaci\u00f3n de funciones SI y O es una de las combinaciones de f\u00f3rmulas m\u00e1s \u00fatiles en Excel. En este art\u00edculo, le mostrar\u00e9 por qu\u00e9 necesitamos combinar las [&hellip;]","og_url":"https:\/\/exceladvisor.org\/es\/si-o-1\/","og_site_name":"Excel Advisor","article_modified_time":"2023-12-25T10:32:37+00:00","og_image":[{"url":"https:\/\/exceladvisor.org\/wp-content\/uploads\/2023\/08\/comment-combiner-les-fonctions-if-et-or-et-remplacer-largument-logique-par-or-1.png","type":"","width":"","height":""}],"twitter_card":"summary_large_image","twitter_misc":{"Tiempo de lectura":"3 minutos"},"schema":{"@context":"https:\/\/schema.org","@graph":[{"@type":"WebPage","@id":"https:\/\/exceladvisor.org\/es\/si-o-1\/","url":"https:\/\/exceladvisor.org\/es\/si-o-1\/","name":"C\u00f3mo combinar funciones si y o en excel","isPartOf":{"@id":"https:\/\/exceladvisor.org\/es\/#website"},"primaryImageOfPage":{"@id":"https:\/\/exceladvisor.org\/es\/si-o-1\/#primaryimage"},"image":{"@id":"https:\/\/exceladvisor.org\/es\/si-o-1\/#primaryimage"},"thumbnailUrl":"https:\/\/exceladvisor.org\/wp-content\/uploads\/2023\/08\/comment-combiner-les-fonctions-if-et-or-et-remplacer-largument-logique-par-or-1.png","datePublished":"2023-11-05T18:30:11+00:00","dateModified":"2023-12-25T10:32:37+00:00","breadcrumb":{"@id":"https:\/\/exceladvisor.org\/es\/si-o-1\/#breadcrumb"},"inLanguage":"es","potentialAction":[{"@type":"ReadAction","target":["https:\/\/exceladvisor.org\/es\/si-o-1\/"]}]},{"@type":"ImageObject","inLanguage":"es","@id":"https:\/\/exceladvisor.org\/es\/si-o-1\/#primaryimage","url":"https:\/\/exceladvisor.org\/wp-content\/uploads\/2023\/08\/comment-combiner-les-fonctions-if-et-or-et-remplacer-largument-logique-par-or-1.png","contentUrl":"https:\/\/exceladvisor.org\/wp-content\/uploads\/2023\/08\/comment-combiner-les-fonctions-if-et-or-et-remplacer-largument-logique-par-or-1.png"},{"@type":"BreadcrumbList","@id":"https:\/\/exceladvisor.org\/es\/si-o-1\/#breadcrumb","itemListElement":[{"@type":"ListItem","position":1,"name":"Hogar","item":"https:\/\/exceladvisor.org\/es\/"},{"@type":"ListItem","position":2,"name":"C\u00f3mo combinar funciones si y o en excel"}]},{"@type":"WebSite","@id":"https:\/\/exceladvisor.org\/es\/#website","url":"https:\/\/exceladvisor.org\/es\/","name":"Excel Advisor","description":"Su gu\u00eda para la dominaci\u00f3n de datos!","publisher":{"@id":"https:\/\/exceladvisor.org\/es\/#organization"},"potentialAction":[{"@type":"SearchAction","target":{"@type":"EntryPoint","urlTemplate":"https:\/\/exceladvisor.org\/es\/?s={search_term_string}"},"query-input":{"@type":"PropertyValueSpecification","valueRequired":true,"valueName":"search_term_string"}}],"inLanguage":"es"},{"@type":"Organization","@id":"https:\/\/exceladvisor.org\/es\/#organization","name":"Excel Advisor","url":"https:\/\/exceladvisor.org\/es\/","logo":{"@type":"ImageObject","inLanguage":"es","@id":"https:\/\/exceladvisor.org\/es\/#\/schema\/logo\/image\/","url":"https:\/\/exceladvisor.org\/es\/wp-content\/uploads\/2023\/12\/exceladvisor.org_.png","contentUrl":"https:\/\/exceladvisor.org\/es\/wp-content\/uploads\/2023\/12\/exceladvisor.org_.png","width":105,"height":36,"caption":"Excel Advisor"},"image":{"@id":"https:\/\/exceladvisor.org\/es\/#\/schema\/logo\/image\/"}}]}},"yoast_meta":{"yoast_wpseo_title":"","yoast_wpseo_metadesc":"","yoast_wpseo_canonical":""},"_links":{"self":[{"href":"https:\/\/exceladvisor.org\/es\/wp-json\/wp\/v2\/pages\/300","targetHints":{"allow":["GET"]}}],"collection":[{"href":"https:\/\/exceladvisor.org\/es\/wp-json\/wp\/v2\/pages"}],"about":[{"href":"https:\/\/exceladvisor.org\/es\/wp-json\/wp\/v2\/types\/page"}],"author":[{"embeddable":true,"href":"https:\/\/exceladvisor.org\/es\/wp-json\/wp\/v2\/users\/1"}],"replies":[{"embeddable":true,"href":"https:\/\/exceladvisor.org\/es\/wp-json\/wp\/v2\/comments?post=300"}],"version-history":[{"count":1,"href":"https:\/\/exceladvisor.org\/es\/wp-json\/wp\/v2\/pages\/300\/revisions"}],"predecessor-version":[{"id":1428,"href":"https:\/\/exceladvisor.org\/es\/wp-json\/wp\/v2\/pages\/300\/revisions\/1428"}],"wp:attachment":[{"href":"https:\/\/exceladvisor.org\/es\/wp-json\/wp\/v2\/media?parent=300"}],"curies":[{"name":"wp","href":"https:\/\/api.w.org\/{rel}","templated":true}]}}