{"id":301,"date":"2023-11-05T18:13:15","date_gmt":"2023-11-05T18:13:15","guid":{"rendered":"https:\/\/exceladvisor.org\/es\/celdas-vacias\/"},"modified":"2023-12-25T10:33:06","modified_gmt":"2023-12-25T10:33:06","slug":"celdas-vacias","status":"publish","type":"page","link":"https:\/\/exceladvisor.org\/es\/celdas-vacias\/","title":{"rendered":"Formato condicional en celdas en blanco en excel"},"content":{"rendered":"<div class=\"excel-antes-del-contenido\" id=\"excel-1720071045\"><script type=\"text\/javascript\">\r\n\tatOptions = {\r\n\t\t'key' : 'c1158f160081d6540a8409e6925dab94',\r\n\t\t'format' : 'iframe',\r\n\t\t'height' : 250,\r\n\t\t'width' : 300,\r\n\t\t'params' : {}\r\n\t};\r\n<\/script>\r\n<script type=\"text\/javascript\" src=\"\/\/www.highperformanceformat.com\/c1158f160081d6540a8409e6925dab94\/invoke.js\"><\/script><\/div><p>En Excel, puede utilizar el formato condicional para resaltar celdas vac\u00edas con un <a href=\"https:\/\/exceladvisor.org\/es\/color-de-celda\/\">color de celda<\/a> o un color para la fuente del valor en el texto. Este tutorial nos ense\u00f1ar\u00e1 c\u00f3mo hacerlo con dos m\u00e9todos diferentes.<\/p>\n<p> Por ejemplo, aqu\u00ed hay algunas fechas; algunas celdas est\u00e1n en blanco entre fechas y es necesario resaltar las celdas en blanco.<\/p>\n<h2 class=\"wp-block-heading\"> Pasos para utilizar la opci\u00f3n de celda en blanco en formato condicional<\/h2>\n<ol>\n<li> Primero, seleccione el rango en el que tiene datos. <br \/><img loading=\"lazy\" decoding=\"async\" title=\"1 rango de selecci\u00f3n\" src=\"https:\/\/exceladvisor.org\/wp-content\/uploads\/2023\/08\/1-selectionner-la-gamme.png\" sizes=\"auto, \" srcset=\"\" alt=\"1-select-the-range\" width=\"449\" height=\"303\"><\/li>\n<li> A continuaci\u00f3n, vaya a la pesta\u00f1a Inicio &gt; Formato condicional &gt; Reglas de resaltado de celdas &gt; M\u00e1s reglas. <br \/><img loading=\"lazy\" decoding=\"async\" title=\"2-selecciona-m\u00e1s-reglas\" src=\"https:\/\/exceladvisor.org\/wp-content\/uploads\/2023\/08\/2-selectionner-plus-de-regles.png\" sizes=\"auto, \" srcset=\"\" alt=\"2-select-more-rules\" width=\"490\" height=\"464\"><\/li>\n<li> Seleccione En blanco en \u00abFormatear s\u00f3lo celdas con\u00bb en el cuadro de di\u00e1logo Nueva regla. <br \/><img loading=\"lazy\" decoding=\"async\" title=\"3-seleccionar-opci\u00f3n-vac\u00eda\" src=\"https:\/\/exceladvisor.org\/wp-content\/uploads\/2023\/08\/3-selectionnez-loption-vide.png\" sizes=\"auto, \" srcset=\"\" alt=\"3-select-blank-option\" width=\"521\" height=\"190\"><\/li>\n<li> A continuaci\u00f3n, haga clic en el bot\u00f3n \u00abFormato&#8230;\u00bb y especifique el formato que desea aplicar a la celda vac\u00eda. <br \/><img loading=\"lazy\" decoding=\"async\" title=\"Bot\u00f3n de formato de 4 clics\" src=\"https:\/\/exceladvisor.org\/wp-content\/uploads\/2023\/08\/4-cliquez-sur-le-bouton-formater.png\" sizes=\"auto, \" srcset=\"\" alt=\"4-click-on-format-button\" width=\"516\" height=\"196\"><\/li>\n<li> Al final, haga clic en Aceptar para aplicar.<\/li>\n<\/ol>\n<p> Una vez que haga clic en Aceptar, todas las celdas vac\u00edas se resaltar\u00e1n con el color especificado. <\/p>\n<div class=\"wp-block-image\">\n<figure class=\"aligncenter size-full is-resized\"><img loading=\"lazy\" decoding=\"async\" class=\"wp-image-90452\" src=\"https:\/\/exceladvisor.org\/wp-content\/uploads\/2023\/08\/5-cellules-vides-surlignees-en-couleur.png\" sizes=\"auto, \" srcset=\"\" alt=\"celdas-vacias-resaltadas-con-color\" width=\"437\" height=\"298\"><\/figure>\n<\/div>\n<p> Puedes utilizar algunos m\u00e9todos para resaltar celdas vac\u00edas, pero este formato condicional funciona mejor. D\u00e9jame darte algunos ejemplos para entender por qu\u00e9 digo esto. <\/p>\n<div class=\"wp-block-image\">\n<figure class=\"aligncenter size-full is-resized\"><img loading=\"lazy\" decoding=\"async\" class=\"wp-image-90453\" src=\"https:\/\/exceladvisor.org\/wp-content\/uploads\/2023\/08\/6-cellules-vides-en-surbrillance-avec-mise-en-forme.png\" sizes=\"auto, \" srcset=\"\" alt=\"resaltar-celdas-vacias-con-formato\" width=\"439\" height=\"334\"><\/figure>\n<\/div>\n<p> En el ejemplo anterior, la celda de selecci\u00f3n contiene algunos espacios, pero el formato condicional a\u00fan la considera vac\u00eda.<\/p>\n<h2 class=\"wp-block-heading\"> Usar una f\u00f3rmula personalizada en formato condicional para celdas vac\u00edas<\/h2>\n<ol>\n<li> Vaya a la pesta\u00f1a Inicio &gt; Formato condicional &gt; Nueva regla para usar una f\u00f3rmula personalizada. <br \/><img loading=\"lazy\" decoding=\"async\" title=\"7-seleccione-una-nueva-regla-para-una-f\u00f3rmula-personalizada\" src=\"https:\/\/exceladvisor.org\/wp-content\/uploads\/2023\/08\/7-selectionnez-une-nouvelle-regle-pour-la-formule-personnalisee.png\" sizes=\"auto, \" srcset=\"\" alt=\"7-select-new-rule-for-custom-formula\" width=\"208\" height=\"374\"><\/li>\n<li> En el cuadro de di\u00e1logo Nueva regla, haga clic en \u00abF\u00f3rmula para determinar la celda a formatear&#8230;\u00bb e ingrese la f\u00f3rmula =O(A1=\u00bb\u00bb,A1=\u00bb\u00bb). <br \/><img loading=\"lazy\" decoding=\"async\" title=\"8-f\u00f3rmula-para-determinar-qu\u00e9-celda-formatear\" src=\"https:\/\/exceladvisor.org\/wp-content\/uploads\/2023\/08\/8-formules-pour-determiner-quelle-cellule-formater.png\" sizes=\"auto, \" srcset=\"\" alt=\"8-formula-to-determine-which-cell-to-format\" width=\"530\" height=\"383\"><\/li>\n<li> Ahora haga clic en el bot\u00f3n \u201cFormato\u2026\u201d y especifique el formato que se aplicar\u00e1 a la celda vac\u00eda. <br \/><img loading=\"lazy\" decoding=\"async\" title=\"9-especificar-el-formato\" src=\"https:\/\/exceladvisor.org\/wp-content\/uploads\/2023\/08\/9-preciser-le-format.png\" sizes=\"auto, \" srcset=\"\" alt=\"9-specify-the-format\" width=\"517\" height=\"190\"><\/li>\n<li> Y luego haga clic en Aceptar para aplicar.<\/li>\n<\/ol>\n<p> Y una vez que haces clic en Aceptar, obtienes todas las celdas resaltadas. <\/p>\n<div class=\"wp-block-image\">\n<figure class=\"aligncenter size-full is-resized\"><img loading=\"lazy\" decoding=\"async\" class=\"wp-image-90457\" src=\"https:\/\/exceladvisor.org\/wp-content\/uploads\/2023\/08\/10-toutes-les-cellules-vides-en-surbrillance.png\" sizes=\"auto, \" srcset=\"\" alt=\"todas las celdas vac\u00edas resaltadas\" width=\"410\" height=\"311\"><\/figure>\n<\/div>\n<p> La f\u00f3rmula que utilizamos para probar dos condiciones es si una celda est\u00e1 vac\u00eda y la segunda es si la celda tiene un espacio.<\/p>\n<p> <strong>Pero te sugiero que utilices el primer m\u00e9todo.<\/strong> <\/p>\n<div class=\"gb-container gb-container-52dfcee1 gb-container-sample-file\">\n<h2 class=\"gb-headline gb-headline-e289c143 gb-headline-text gb-headline-4f7959c2\"> Obtener el archivo Excel<\/h2>\n<p> <a class=\"gb-button gb-button-e88d6bee gb-button-text gb-button-button1\" href=\"https:\/\/exceladvisor.org\/wp-content\/uploads\/2023\/08\/mise-en-forme-conditionnelle-de-cellule-vide.xlsx\" rel=\"nofollow\">Descargar<\/a><\/p>\n<\/div>\n<div class=\"gb-container gb-container-6076ba72 gb-container-mt\"> <a class=\"gb-button gb-button-76e6a499 gb-button-text gb-button-mt-button\" href=\"https:\/\/exceladvisor.org\/es\/conceptos-basicos-de-excel\/\">Aprende los conceptos b\u00e1sicos de Excel<\/a><\/p>\n<h2 class=\"gb-headline gb-headline-a9e9e206 gb-headline-text gb-headline-mt-heading\"> Obtenga m\u00e1s informaci\u00f3n sobre <a href=\"https:\/\/exceladvisor.org\/es\/formato-condicional\/\">el formato condicional<\/a> <\/h2>\n<div class=\"gb-grid-wrapper gb-grid-wrapper-790317cb gb-grid-wrapper-mt-grid\">\n<div class=\"gb-grid-column gb-grid-column-a9845ede\">\n<div class=\"gb-container gb-container-a9845ede\">\n<ul>\n<li> <a href=\"https:\/\/exceladvisor.org\/es\/aplicar-formato-condicional\/\">Aplicar formato condicional a una tabla din\u00e1mica<\/a><\/li>\n<li> <a href=\"https:\/\/exceladvisor.org\/es\/retirar\/\">Eliminar formato condicional<\/a><\/li>\n<li> <a href=\"https:\/\/exceladvisor.org\/es\/comparar-columnas\/\">Compare dos columnas usando formato condicional<\/a> <\/li>\n<\/ul>\n<\/div>\n<\/div>\n<div class=\"gb-grid-column gb-grid-column-ec8ff319\">\n<div class=\"gb-container gb-container-ec8ff319\">\n<ul>\n<li> <a href=\"https:\/\/exceladvisor.org\/es\/no-funciona\/\">Por qu\u00e9 el formato condicional no funciona en Excel<\/a><\/li>\n<li> <a href=\"https:\/\/exceladvisor.org\/es\/la-celda-contiene-texto\/\">Resaltar si una celda contiene texto espec\u00edfico<\/a><\/li>\n<li> <a href=\"https:\/\/exceladvisor.org\/es\/basado-en-la-fecha-2\/\">Aplicar formato condicional basado en una fecha<\/a><\/li>\n<\/ul>\n<\/div>\n<\/div>\n<\/div>\n<\/div>\n","protected":false},"excerpt":{"rendered":"<p>En Excel, puede utilizar el formato condicional para resaltar celdas vac\u00edas con un color de celda o un color para la fuente del valor en el texto. Este tutorial nos ense\u00f1ar\u00e1 c\u00f3mo hacerlo con dos m\u00e9todos diferentes. Por ejemplo, aqu\u00ed hay algunas fechas; algunas celdas est\u00e1n en blanco entre fechas y es necesario resaltar las [&hellip;]<\/p>\n","protected":false},"author":1,"featured_media":0,"parent":0,"menu_order":0,"comment_status":"open","ping_status":"closed","template":"","meta":{"ub_ctt_via":"","footnotes":""},"class_list":["post-301","page","type-page","status-publish","hentry"],"featured_image_src":null,"yoast_head":"<!-- This site is optimized with the Yoast SEO plugin v25.4 - https:\/\/yoast.com\/wordpress\/plugins\/seo\/ -->\n<title>Formato condicional en celdas en blanco en excel<\/title>\n<meta name=\"robots\" content=\"index, follow, max-snippet:-1, max-image-preview:large, max-video-preview:-1\" \/>\n<link rel=\"canonical\" href=\"https:\/\/exceladvisor.org\/es\/celdas-vacias\/\" \/>\n<meta property=\"og:locale\" content=\"es_ES\" \/>\n<meta property=\"og:type\" content=\"article\" \/>\n<meta property=\"og:title\" content=\"Formato condicional en celdas en blanco en excel\" \/>\n<meta property=\"og:description\" content=\"En Excel, puede utilizar el formato condicional para resaltar celdas vac\u00edas con un color de celda o un color para la fuente del valor en el texto. Este tutorial nos ense\u00f1ar\u00e1 c\u00f3mo hacerlo con dos m\u00e9todos diferentes. Por ejemplo, aqu\u00ed hay algunas fechas; algunas celdas est\u00e1n en blanco entre fechas y es necesario resaltar las [&hellip;]\" \/>\n<meta property=\"og:url\" content=\"https:\/\/exceladvisor.org\/es\/celdas-vacias\/\" \/>\n<meta property=\"og:site_name\" content=\"Excel Advisor\" \/>\n<meta property=\"article:modified_time\" content=\"2023-12-25T10:33:06+00:00\" \/>\n<meta property=\"og:image\" content=\"https:\/\/exceladvisor.org\/wp-content\/uploads\/2023\/08\/1-selectionner-la-gamme.png\" \/>\n<meta name=\"twitter:card\" content=\"summary_large_image\" \/>\n<meta name=\"twitter:label1\" content=\"Tiempo de lectura\" \/>\n\t<meta name=\"twitter:data1\" content=\"2 minutos\" \/>\n<script type=\"application\/ld+json\" class=\"yoast-schema-graph\">{\"@context\":\"https:\/\/schema.org\",\"@graph\":[{\"@type\":\"WebPage\",\"@id\":\"https:\/\/exceladvisor.org\/es\/celdas-vacias\/\",\"url\":\"https:\/\/exceladvisor.org\/es\/celdas-vacias\/\",\"name\":\"Formato condicional en celdas en blanco en excel\",\"isPartOf\":{\"@id\":\"https:\/\/exceladvisor.org\/es\/#website\"},\"primaryImageOfPage\":{\"@id\":\"https:\/\/exceladvisor.org\/es\/celdas-vacias\/#primaryimage\"},\"image\":{\"@id\":\"https:\/\/exceladvisor.org\/es\/celdas-vacias\/#primaryimage\"},\"thumbnailUrl\":\"https:\/\/exceladvisor.org\/wp-content\/uploads\/2023\/08\/1-selectionner-la-gamme.png\",\"datePublished\":\"2023-11-05T18:13:15+00:00\",\"dateModified\":\"2023-12-25T10:33:06+00:00\",\"breadcrumb\":{\"@id\":\"https:\/\/exceladvisor.org\/es\/celdas-vacias\/#breadcrumb\"},\"inLanguage\":\"es\",\"potentialAction\":[{\"@type\":\"ReadAction\",\"target\":[\"https:\/\/exceladvisor.org\/es\/celdas-vacias\/\"]}]},{\"@type\":\"ImageObject\",\"inLanguage\":\"es\",\"@id\":\"https:\/\/exceladvisor.org\/es\/celdas-vacias\/#primaryimage\",\"url\":\"https:\/\/exceladvisor.org\/wp-content\/uploads\/2023\/08\/1-selectionner-la-gamme.png\",\"contentUrl\":\"https:\/\/exceladvisor.org\/wp-content\/uploads\/2023\/08\/1-selectionner-la-gamme.png\"},{\"@type\":\"BreadcrumbList\",\"@id\":\"https:\/\/exceladvisor.org\/es\/celdas-vacias\/#breadcrumb\",\"itemListElement\":[{\"@type\":\"ListItem\",\"position\":1,\"name\":\"Hogar\",\"item\":\"https:\/\/exceladvisor.org\/es\/\"},{\"@type\":\"ListItem\",\"position\":2,\"name\":\"Formato condicional en celdas en blanco en excel\"}]},{\"@type\":\"WebSite\",\"@id\":\"https:\/\/exceladvisor.org\/es\/#website\",\"url\":\"https:\/\/exceladvisor.org\/es\/\",\"name\":\"Excel Advisor\",\"description\":\"Su gu\u00eda para la dominaci\u00f3n de datos!\",\"publisher\":{\"@id\":\"https:\/\/exceladvisor.org\/es\/#organization\"},\"potentialAction\":[{\"@type\":\"SearchAction\",\"target\":{\"@type\":\"EntryPoint\",\"urlTemplate\":\"https:\/\/exceladvisor.org\/es\/?s={search_term_string}\"},\"query-input\":{\"@type\":\"PropertyValueSpecification\",\"valueRequired\":true,\"valueName\":\"search_term_string\"}}],\"inLanguage\":\"es\"},{\"@type\":\"Organization\",\"@id\":\"https:\/\/exceladvisor.org\/es\/#organization\",\"name\":\"Excel Advisor\",\"url\":\"https:\/\/exceladvisor.org\/es\/\",\"logo\":{\"@type\":\"ImageObject\",\"inLanguage\":\"es\",\"@id\":\"https:\/\/exceladvisor.org\/es\/#\/schema\/logo\/image\/\",\"url\":\"https:\/\/exceladvisor.org\/es\/wp-content\/uploads\/2023\/12\/exceladvisor.org_.png\",\"contentUrl\":\"https:\/\/exceladvisor.org\/es\/wp-content\/uploads\/2023\/12\/exceladvisor.org_.png\",\"width\":105,\"height\":36,\"caption\":\"Excel Advisor\"},\"image\":{\"@id\":\"https:\/\/exceladvisor.org\/es\/#\/schema\/logo\/image\/\"}}]}<\/script>\n<!-- \/ Yoast SEO plugin. -->","yoast_head_json":{"title":"Formato condicional en celdas en blanco en excel","robots":{"index":"index","follow":"follow","max-snippet":"max-snippet:-1","max-image-preview":"max-image-preview:large","max-video-preview":"max-video-preview:-1"},"canonical":"https:\/\/exceladvisor.org\/es\/celdas-vacias\/","og_locale":"es_ES","og_type":"article","og_title":"Formato condicional en celdas en blanco en excel","og_description":"En Excel, puede utilizar el formato condicional para resaltar celdas vac\u00edas con un color de celda o un color para la fuente del valor en el texto. Este tutorial nos ense\u00f1ar\u00e1 c\u00f3mo hacerlo con dos m\u00e9todos diferentes. Por ejemplo, aqu\u00ed hay algunas fechas; algunas celdas est\u00e1n en blanco entre fechas y es necesario resaltar las [&hellip;]","og_url":"https:\/\/exceladvisor.org\/es\/celdas-vacias\/","og_site_name":"Excel Advisor","article_modified_time":"2023-12-25T10:33:06+00:00","og_image":[{"url":"https:\/\/exceladvisor.org\/wp-content\/uploads\/2023\/08\/1-selectionner-la-gamme.png","type":"","width":"","height":""}],"twitter_card":"summary_large_image","twitter_misc":{"Tiempo de lectura":"2 minutos"},"schema":{"@context":"https:\/\/schema.org","@graph":[{"@type":"WebPage","@id":"https:\/\/exceladvisor.org\/es\/celdas-vacias\/","url":"https:\/\/exceladvisor.org\/es\/celdas-vacias\/","name":"Formato condicional en celdas en blanco en excel","isPartOf":{"@id":"https:\/\/exceladvisor.org\/es\/#website"},"primaryImageOfPage":{"@id":"https:\/\/exceladvisor.org\/es\/celdas-vacias\/#primaryimage"},"image":{"@id":"https:\/\/exceladvisor.org\/es\/celdas-vacias\/#primaryimage"},"thumbnailUrl":"https:\/\/exceladvisor.org\/wp-content\/uploads\/2023\/08\/1-selectionner-la-gamme.png","datePublished":"2023-11-05T18:13:15+00:00","dateModified":"2023-12-25T10:33:06+00:00","breadcrumb":{"@id":"https:\/\/exceladvisor.org\/es\/celdas-vacias\/#breadcrumb"},"inLanguage":"es","potentialAction":[{"@type":"ReadAction","target":["https:\/\/exceladvisor.org\/es\/celdas-vacias\/"]}]},{"@type":"ImageObject","inLanguage":"es","@id":"https:\/\/exceladvisor.org\/es\/celdas-vacias\/#primaryimage","url":"https:\/\/exceladvisor.org\/wp-content\/uploads\/2023\/08\/1-selectionner-la-gamme.png","contentUrl":"https:\/\/exceladvisor.org\/wp-content\/uploads\/2023\/08\/1-selectionner-la-gamme.png"},{"@type":"BreadcrumbList","@id":"https:\/\/exceladvisor.org\/es\/celdas-vacias\/#breadcrumb","itemListElement":[{"@type":"ListItem","position":1,"name":"Hogar","item":"https:\/\/exceladvisor.org\/es\/"},{"@type":"ListItem","position":2,"name":"Formato condicional en celdas en blanco en excel"}]},{"@type":"WebSite","@id":"https:\/\/exceladvisor.org\/es\/#website","url":"https:\/\/exceladvisor.org\/es\/","name":"Excel Advisor","description":"Su gu\u00eda para la dominaci\u00f3n de datos!","publisher":{"@id":"https:\/\/exceladvisor.org\/es\/#organization"},"potentialAction":[{"@type":"SearchAction","target":{"@type":"EntryPoint","urlTemplate":"https:\/\/exceladvisor.org\/es\/?s={search_term_string}"},"query-input":{"@type":"PropertyValueSpecification","valueRequired":true,"valueName":"search_term_string"}}],"inLanguage":"es"},{"@type":"Organization","@id":"https:\/\/exceladvisor.org\/es\/#organization","name":"Excel Advisor","url":"https:\/\/exceladvisor.org\/es\/","logo":{"@type":"ImageObject","inLanguage":"es","@id":"https:\/\/exceladvisor.org\/es\/#\/schema\/logo\/image\/","url":"https:\/\/exceladvisor.org\/es\/wp-content\/uploads\/2023\/12\/exceladvisor.org_.png","contentUrl":"https:\/\/exceladvisor.org\/es\/wp-content\/uploads\/2023\/12\/exceladvisor.org_.png","width":105,"height":36,"caption":"Excel Advisor"},"image":{"@id":"https:\/\/exceladvisor.org\/es\/#\/schema\/logo\/image\/"}}]}},"yoast_meta":{"yoast_wpseo_title":"","yoast_wpseo_metadesc":"","yoast_wpseo_canonical":""},"_links":{"self":[{"href":"https:\/\/exceladvisor.org\/es\/wp-json\/wp\/v2\/pages\/301","targetHints":{"allow":["GET"]}}],"collection":[{"href":"https:\/\/exceladvisor.org\/es\/wp-json\/wp\/v2\/pages"}],"about":[{"href":"https:\/\/exceladvisor.org\/es\/wp-json\/wp\/v2\/types\/page"}],"author":[{"embeddable":true,"href":"https:\/\/exceladvisor.org\/es\/wp-json\/wp\/v2\/users\/1"}],"replies":[{"embeddable":true,"href":"https:\/\/exceladvisor.org\/es\/wp-json\/wp\/v2\/comments?post=301"}],"version-history":[{"count":1,"href":"https:\/\/exceladvisor.org\/es\/wp-json\/wp\/v2\/pages\/301\/revisions"}],"predecessor-version":[{"id":1457,"href":"https:\/\/exceladvisor.org\/es\/wp-json\/wp\/v2\/pages\/301\/revisions\/1457"}],"wp:attachment":[{"href":"https:\/\/exceladvisor.org\/es\/wp-json\/wp\/v2\/media?parent=301"}],"curies":[{"name":"wp","href":"https:\/\/api.w.org\/{rel}","templated":true}]}}