{"id":302,"date":"2023-11-05T17:50:26","date_gmt":"2023-11-05T17:50:26","guid":{"rendered":"https:\/\/exceladvisor.org\/es\/buscarv-2\/"},"modified":"2023-12-25T10:25:33","modified_gmt":"2023-12-25T10:25:33","slug":"buscarv-2","status":"publish","type":"page","link":"https:\/\/exceladvisor.org\/es\/buscarv-2\/","title":{"rendered":"\u00bfc\u00f3mo hacer buscarv en power query en excel?"},"content":{"rendered":"<div class=\"excel-antes-del-contenido\" id=\"excel-4236815702\"><script type=\"text\/javascript\">\r\n\tatOptions = {\r\n\t\t'key' : 'c1158f160081d6540a8409e6925dab94',\r\n\t\t'format' : 'iframe',\r\n\t\t'height' : 250,\r\n\t\t'width' : 300,\r\n\t\t'params' : {}\r\n\t};\r\n<\/script>\r\n<script type=\"text\/javascript\" src=\"\/\/www.highperformanceformat.com\/c1158f160081d6540a8409e6925dab94\/invoke.js\"><\/script><\/div><p class=\"has-text-align-left\">BUSCARV es una de <a href=\"https:\/\/exceladvisor.org\/es\/funciones-de-excel\/\">las funciones m\u00e1s populares en Excel<\/a> y no hay duda de ello. Lo sabes desde el comienzo de tu viaje a Excel. Pero hoy tengo algo nuevo para ti y debes aprenderlo ahora.<\/p>\n<p> <strong>Aqu\u00ed est\u00e1 el trato:<\/strong><\/p>\n<p> Puede usar POWER QUERY para hacer coincidir dos columnas y obtener valores (usando la opci\u00f3n de combinaci\u00f3n). S\u00ed, escuchaste correctamente, puedes realizar BUSCARV en Power Query.<\/p>\n<p> Como sabes: \u201cBUSCARV coincide con los valores de una columna, luego devuelve los valores de la misma fila de la columna diferente o de la misma columna. \u00bb<\/p>\n<h2 class=\"wp-block-heading\"> Empecemos con los datos.<\/h2>\n<p> Si te fijas en los datos de abajo ( <a href=\"https:\/\/exceladvisor.org\/wp-content\/uploads\/2023\/11\/requete-de-puissance-vlookup-2.xlsx\" rel=\"nofollow\"><strong>PINCHA AQU\u00cd PARA DESCARGAR<\/strong><\/a> ) donde tenemos dos tablas diferentes con el precio y categor\u00eda del producto. <\/p>\n<div class=\"wp-block-image\">\n<figure class=\"aligncenter\"><img decoding=\"async\" src=\"https:\/\/exceladvisor.org\/wp-content\/uploads\/2023\/08\/table-de-donnees-pour-utiliser-power-query-vlookup-1.png\" sizes=\"\" srcset=\"\" alt=\"tabla de datos para usar vlookup de power query\"><\/figure>\n<\/div>\n<p> Lo \u00fanico que tienen en com\u00fan estas dos tablas son los ID de los productos. Y aqu\u00ed quiero tener categor\u00edas en la tabla de cantidades.<\/p>\n<h2 class=\"wp-block-heading\"> \u00bfPor qu\u00e9 Power Query en lugar de BUSCARV?<\/h2>\n<p> Como puede ver, tenemos ID de producto como algo com\u00fan en ambas tablas.<\/p>\n<p> objetivo\u2026 objetivo\u2026 objetivo\u2026<\/p>\n<p> Si desea utilizar BUSCARV, debe mover la columna ID de producto antes de la columna Categor\u00eda en la TABLA 2. <\/p>\n<div class=\"wp-block-image\">\n<figure class=\"aligncenter\"><img decoding=\"async\" src=\"https:\/\/exceladvisor.org\/wp-content\/uploads\/2023\/08\/La-colonne-power-query-vlookup-doit-etre-decalee-1.png\" sizes=\"\" srcset=\"\" alt=\"La columna vlookup de power query debe estar compensada\"><\/figure>\n<\/div>\n<p> De lo contrario, puede utilizar <a style=\"outline: none;\" href=\"https:\/\/exceladvisor.org\/es\/busqueda-inversa\/\">INDEX MATCH<\/a> . Pero aqu\u00ed lo vamos a hacer con Power Query.<\/p>\n<h2 class=\"wp-block-heading\"> Pasos para realizar BUSCARV con Power Query<\/h2>\n<p> Usar Power Query para reemplazar BUSCARV no solo es f\u00e1cil sino tambi\u00e9n r\u00e1pido y la mejor parte es que es una configuraci\u00f3n \u00fanica.<\/p>\n<p> Se parece m\u00e1s a esto:<\/p>\n<ol>\n<li> Cree consultas (conexiones) para ambas tablas.<\/li>\n<li> Elija la columna com\u00fan a ambas tablas.<\/li>\n<li> Comb\u00ednelos y obtenga la columna deseada.<\/li>\n<\/ol>\n<p> Pero vayamos paso a paso y asegur\u00e9monos de <a href=\"https:\/\/exceladvisor.org\/wp-content\/uploads\/2023\/11\/requete-de-puissance-vlookup-2.xlsx\" rel=\"nofollow\">descargar este archivo de muestra desde aqu\u00ed<\/a> para seguirlo.<\/p>\n<ul>\n<li> Primero, convierta las dos tablas (TABLA 1 y TABLA 2) en tablas de Excel usando Control + T o Insertar \u279c Tablas \u279c Tabla. <\/li>\n<\/ul>\n<div class=\"wp-block-image\">\n<figure class=\"aligncenter\"><img decoding=\"async\" src=\"https:\/\/exceladvisor.org\/wp-content\/uploads\/2023\/08\/appliquer-la-table-aux-donnees-pour-utiliser-power-query-vlookup-1.png\" sizes=\"\" srcset=\"\" alt=\"Aplicar tabla a datos para usar Power Query Vlookup.\"><\/figure>\n<\/div>\n<ul>\n<li> A continuaci\u00f3n, debe cargar datos en el Editor de Power Query y, para ello, vaya a la pesta\u00f1a Datos \u279c Obtener y transformar datos \u279c De la tabla. <\/li>\n<\/ul>\n<div class=\"wp-block-image\">\n<figure class=\"aligncenter\"><img decoding=\"async\" src=\"https:\/\/exceladvisor.org\/wp-content\/uploads\/2023\/08\/power-query-vlookup-obtenir-les-donnees-de-la-table-1.png\" sizes=\"\" srcset=\"\" alt=\"power query vlookup obtener datos de la tabla\"><\/figure>\n<\/div>\n<ul>\n<li> Despu\u00e9s de eso, cierre la consulta desde la pesta\u00f1a Inicio \u279c Cerrar y cargar \u279c Iniciar sesi\u00f3n \u00fanicamente. (Repita los pasos 2 y 3 para la segunda tabla). <\/li>\n<\/ul>\n<div class=\"wp-block-image\">\n<figure class=\"aligncenter\"><img decoding=\"async\" src=\"https:\/\/exceladvisor.org\/wp-content\/uploads\/2023\/08\/power-query-vlookup-cliquez-et-chargez-la-table-1.png\" sizes=\"\" srcset=\"\" alt=\"power query vlookup haga clic y cargue la tabla\"><\/figure>\n<\/div>\n<ul>\n<li> Ahora desde aqu\u00ed, haga clic derecho en la consulta y haga clic en \u00abCombinar\u00bb o si est\u00e1 usando Office 365 como yo, est\u00e1 en la pesta\u00f1a Datos \u279c Obtener datos \u279c Combinar consultas \u279c Combinar. <\/li>\n<\/ul>\n<div class=\"wp-block-image\">\n<figure class=\"aligncenter\"><img decoding=\"async\" src=\"https:\/\/exceladvisor.org\/wp-content\/uploads\/2023\/08\/power-query-vlookup-option-de-fusion-du-clic-droit-1.png\" sizes=\"\" srcset=\"\" alt=\"\"><\/figure>\n<\/div>\n<ul>\n<li> Una vez que haga clic en \u00abFusionar\u00bb, le mostrar\u00e1 la ventana de combinaci\u00f3n. <\/li>\n<\/ul>\n<div class=\"wp-block-image\">\n<figure class=\"aligncenter\"><img decoding=\"async\" src=\"https:\/\/exceladvisor.org\/wp-content\/uploads\/2023\/08\/fenetre-doption-de-fusion-power-query-vlookup-1.png\" sizes=\"\" srcset=\"\" alt=\"\"><\/figure>\n<\/div>\n<ul>\n<li> Desde esta ventana, seleccione la \u201cTabla de cantidades\u201d en la secci\u00f3n superior y la \u201cTabla de categor\u00edas\u201d en la secci\u00f3n inferior.<\/li>\n<li> Despu\u00e9s de eso, seleccione la columna que es com\u00fan a ambas tablas (aqu\u00ed el ID del producto es com\u00fan). <\/li>\n<\/ul>\n<div class=\"wp-block-image\">\n<figure class=\"aligncenter\"><img decoding=\"async\" src=\"https:\/\/exceladvisor.org\/wp-content\/uploads\/2023\/08\/requete-de-puissance-vlookup-selectionner-la-fenetre-de-fusion-de-colonnes-de-tables-1.png\" sizes=\"\" srcset=\"\" alt=\"\"><\/figure>\n<\/div>\n<ul>\n<li> En este punto, tiene una nueva tabla en el Editor de consultas avanzado.<\/li>\n<li> Desde all\u00ed, haga clic en el bot\u00f3n de filtro en la \u00faltima columna de la tabla, seleccione solo la categor\u00eda (anule la selecci\u00f3n del ID del producto) y haga clic en Aceptar. <\/li>\n<\/ul>\n<div class=\"wp-block-image\">\n<figure class=\"aligncenter\"><img decoding=\"async\" src=\"https:\/\/exceladvisor.org\/wp-content\/uploads\/2023\/08\/power-query-vlookup-selectionnez-la-categorie-de-produit-1.png\" sizes=\"\" srcset=\"\" alt=\"\"><\/figure>\n<\/div>\n<ul>\n<li> Aqu\u00ed tienes una nueva tabla con una columna de categor\u00eda. <\/li>\n<\/ul>\n<div class=\"wp-block-image\">\n<figure class=\"aligncenter\"><img decoding=\"async\" src=\"https:\/\/exceladvisor.org\/wp-content\/uploads\/2023\/08\/power-query-vlookup-nouvelle-colonne-de-categorie-de-table-1.png\" sizes=\"\" srcset=\"\" alt=\"\"><\/figure>\n<\/div>\n<ul>\n<li> Al final, haga clic en \u00abCerrar y cargar\u00bb para cargar la tabla en la hoja de c\u00e1lculo. <\/li>\n<\/ul>\n<div class=\"wp-block-image\">\n<figure class=\"aligncenter\"><img decoding=\"async\" src=\"https:\/\/exceladvisor.org\/wp-content\/uploads\/2023\/08\/cliquez-sur-fermer-et-chargez-obtenir-la-feuille-de-calcul-de-la-table-1.png\" sizes=\"\" srcset=\"\" alt=\"\"><\/figure>\n<\/div>\n<p> <strong>\u00a1BOOM<\/strong> ! ahora tiene una nueva tabla con una columna de categor\u00eda.<\/p>\n<h2 class=\"wp-block-heading\"> Conclusi\u00f3n<\/h2>\n<p> En una consulta avanzada, todo lo que necesita hacer es crear la conexi\u00f3n para las tablas y fusionar las consultas.<\/p>\n<p> Y la mejor parte es que una vez que agregue nuevos datos a la lista de cantidades, la nueva tabla se actualizar\u00e1 instant\u00e1neamente. Espero que este consejo de consulta de energ\u00eda te haya resultado \u00fatil, pero ahora dime una cosa.<\/p>\n<p> \u00bfQu\u00e9 te parece mejor? \u00bfPowerQuery o BUSCARV?<\/p>\n<p> Por favor comparta sus puntos de vista conmigo en la secci\u00f3n de comentarios.<\/p>\n<p> Me encantar\u00eda saber de usted y no olvide compartir esta publicaci\u00f3n con sus amigos, estoy seguro de que lo apreciar\u00e1n y si desea saber c\u00f3mo usar Power Query en general, aseg\u00farese de consultar esto. <a style=\"outline: none;\" href=\"https:\/\/exceladvisor.org\/es\/solicitud-de-energia\/\"><strong>Tutorial de consultas de energ\u00eda de Excel<\/strong><\/a> .<\/p>\n<div class=\"gb-container gb-container-9e2850fe gb-container-mt\"> <a class=\"gb-button gb-button-71636faa gb-button-text gb-button-mt-button\" href=\"https:\/\/exceladvisor.org\/es\/solicitud-de-energia\/\">Consulta de energ\u00eda en Excel (Tutorial)<\/a><\/p>\n<h2 class=\"gb-headline gb-headline-c566b2ed gb-headline-text gb-headline-mt-heading\"> Tutoriales relacionados <\/h2>\n<div class=\"gb-grid-wrapper gb-grid-wrapper-b15ed1bf gb-grid-wrapper-mt-grid\">\n<div class=\"gb-grid-column gb-grid-column-6e9de105\">\n<div class=\"gb-container gb-container-6e9de105\">\n<ul>\n<li> Fusionar [Combinar] M\u00faltiples ARCHIVOS de Excel en UN CUADERNO<\/li>\n<li> <a href=\"https:\/\/exceladvisor.org\/es\/datos-sin-rotar\/\">Eliminar el pivote de datos en Excel usando Power Query<\/a><\/li>\n<li> <a href=\"https:\/\/exceladvisor.org\/es\/cadena\/\">Power Query: concatenar valores (texto y n\u00fameros)<\/a><\/li>\n<li> <a href=\"https:\/\/exceladvisor.org\/es\/diferencia-de-fechas\/\">Consulta de energ\u00eda: diferencia de fecha<\/a><\/li>\n<\/ul>\n<\/div>\n<\/div>\n<\/div>\n<\/div>\n","protected":false},"excerpt":{"rendered":"<p>BUSCARV es una de las funciones m\u00e1s populares en Excel y no hay duda de ello. Lo sabes desde el comienzo de tu viaje a Excel. Pero hoy tengo algo nuevo para ti y debes aprenderlo ahora. Aqu\u00ed est\u00e1 el trato: Puede usar POWER QUERY para hacer coincidir dos columnas y obtener valores (usando la [&hellip;]<\/p>\n","protected":false},"author":1,"featured_media":0,"parent":0,"menu_order":0,"comment_status":"open","ping_status":"closed","template":"","meta":{"ub_ctt_via":"","footnotes":""},"class_list":["post-302","page","type-page","status-publish","hentry"],"featured_image_src":null,"yoast_head":"<!-- This site is optimized with the Yoast SEO plugin v25.4 - https:\/\/yoast.com\/wordpress\/plugins\/seo\/ -->\n<title>\u00bfc\u00f3mo hacer buscarv en power query en excel?<\/title>\n<meta name=\"robots\" content=\"index, follow, max-snippet:-1, max-image-preview:large, max-video-preview:-1\" \/>\n<link rel=\"canonical\" href=\"https:\/\/exceladvisor.org\/es\/buscarv-2\/\" \/>\n<meta property=\"og:locale\" content=\"es_ES\" \/>\n<meta property=\"og:type\" content=\"article\" \/>\n<meta property=\"og:title\" content=\"\u00bfc\u00f3mo hacer buscarv en power query en excel?\" \/>\n<meta property=\"og:description\" content=\"BUSCARV es una de las funciones m\u00e1s populares en Excel y no hay duda de ello. Lo sabes desde el comienzo de tu viaje a Excel. Pero hoy tengo algo nuevo para ti y debes aprenderlo ahora. Aqu\u00ed est\u00e1 el trato: Puede usar POWER QUERY para hacer coincidir dos columnas y obtener valores (usando la [&hellip;]\" \/>\n<meta property=\"og:url\" content=\"https:\/\/exceladvisor.org\/es\/buscarv-2\/\" \/>\n<meta property=\"og:site_name\" content=\"Excel Advisor\" \/>\n<meta property=\"article:modified_time\" content=\"2023-12-25T10:25:33+00:00\" \/>\n<meta property=\"og:image\" content=\"https:\/\/exceladvisor.org\/wp-content\/uploads\/2023\/08\/table-de-donnees-pour-utiliser-power-query-vlookup-1.png\" \/>\n<meta name=\"twitter:card\" content=\"summary_large_image\" \/>\n<meta name=\"twitter:label1\" content=\"Tiempo de lectura\" \/>\n\t<meta name=\"twitter:data1\" content=\"4 minutos\" \/>\n<script type=\"application\/ld+json\" class=\"yoast-schema-graph\">{\"@context\":\"https:\/\/schema.org\",\"@graph\":[{\"@type\":\"WebPage\",\"@id\":\"https:\/\/exceladvisor.org\/es\/buscarv-2\/\",\"url\":\"https:\/\/exceladvisor.org\/es\/buscarv-2\/\",\"name\":\"\u00bfc\u00f3mo hacer buscarv en power query en excel?\",\"isPartOf\":{\"@id\":\"https:\/\/exceladvisor.org\/es\/#website\"},\"primaryImageOfPage\":{\"@id\":\"https:\/\/exceladvisor.org\/es\/buscarv-2\/#primaryimage\"},\"image\":{\"@id\":\"https:\/\/exceladvisor.org\/es\/buscarv-2\/#primaryimage\"},\"thumbnailUrl\":\"https:\/\/exceladvisor.org\/wp-content\/uploads\/2023\/08\/table-de-donnees-pour-utiliser-power-query-vlookup-1.png\",\"datePublished\":\"2023-11-05T17:50:26+00:00\",\"dateModified\":\"2023-12-25T10:25:33+00:00\",\"breadcrumb\":{\"@id\":\"https:\/\/exceladvisor.org\/es\/buscarv-2\/#breadcrumb\"},\"inLanguage\":\"es\",\"potentialAction\":[{\"@type\":\"ReadAction\",\"target\":[\"https:\/\/exceladvisor.org\/es\/buscarv-2\/\"]}]},{\"@type\":\"ImageObject\",\"inLanguage\":\"es\",\"@id\":\"https:\/\/exceladvisor.org\/es\/buscarv-2\/#primaryimage\",\"url\":\"https:\/\/exceladvisor.org\/wp-content\/uploads\/2023\/08\/table-de-donnees-pour-utiliser-power-query-vlookup-1.png\",\"contentUrl\":\"https:\/\/exceladvisor.org\/wp-content\/uploads\/2023\/08\/table-de-donnees-pour-utiliser-power-query-vlookup-1.png\"},{\"@type\":\"BreadcrumbList\",\"@id\":\"https:\/\/exceladvisor.org\/es\/buscarv-2\/#breadcrumb\",\"itemListElement\":[{\"@type\":\"ListItem\",\"position\":1,\"name\":\"Hogar\",\"item\":\"https:\/\/exceladvisor.org\/es\/\"},{\"@type\":\"ListItem\",\"position\":2,\"name\":\"\u00bfc\u00f3mo hacer buscarv en power query en excel?\"}]},{\"@type\":\"WebSite\",\"@id\":\"https:\/\/exceladvisor.org\/es\/#website\",\"url\":\"https:\/\/exceladvisor.org\/es\/\",\"name\":\"Excel Advisor\",\"description\":\"Su gu\u00eda para la dominaci\u00f3n de datos!\",\"publisher\":{\"@id\":\"https:\/\/exceladvisor.org\/es\/#organization\"},\"potentialAction\":[{\"@type\":\"SearchAction\",\"target\":{\"@type\":\"EntryPoint\",\"urlTemplate\":\"https:\/\/exceladvisor.org\/es\/?s={search_term_string}\"},\"query-input\":{\"@type\":\"PropertyValueSpecification\",\"valueRequired\":true,\"valueName\":\"search_term_string\"}}],\"inLanguage\":\"es\"},{\"@type\":\"Organization\",\"@id\":\"https:\/\/exceladvisor.org\/es\/#organization\",\"name\":\"Excel Advisor\",\"url\":\"https:\/\/exceladvisor.org\/es\/\",\"logo\":{\"@type\":\"ImageObject\",\"inLanguage\":\"es\",\"@id\":\"https:\/\/exceladvisor.org\/es\/#\/schema\/logo\/image\/\",\"url\":\"https:\/\/exceladvisor.org\/es\/wp-content\/uploads\/2023\/12\/exceladvisor.org_.png\",\"contentUrl\":\"https:\/\/exceladvisor.org\/es\/wp-content\/uploads\/2023\/12\/exceladvisor.org_.png\",\"width\":105,\"height\":36,\"caption\":\"Excel Advisor\"},\"image\":{\"@id\":\"https:\/\/exceladvisor.org\/es\/#\/schema\/logo\/image\/\"}}]}<\/script>\n<!-- \/ Yoast SEO plugin. -->","yoast_head_json":{"title":"\u00bfc\u00f3mo hacer buscarv en power query en excel?","robots":{"index":"index","follow":"follow","max-snippet":"max-snippet:-1","max-image-preview":"max-image-preview:large","max-video-preview":"max-video-preview:-1"},"canonical":"https:\/\/exceladvisor.org\/es\/buscarv-2\/","og_locale":"es_ES","og_type":"article","og_title":"\u00bfc\u00f3mo hacer buscarv en power query en excel?","og_description":"BUSCARV es una de las funciones m\u00e1s populares en Excel y no hay duda de ello. Lo sabes desde el comienzo de tu viaje a Excel. Pero hoy tengo algo nuevo para ti y debes aprenderlo ahora. Aqu\u00ed est\u00e1 el trato: Puede usar POWER QUERY para hacer coincidir dos columnas y obtener valores (usando la [&hellip;]","og_url":"https:\/\/exceladvisor.org\/es\/buscarv-2\/","og_site_name":"Excel Advisor","article_modified_time":"2023-12-25T10:25:33+00:00","og_image":[{"url":"https:\/\/exceladvisor.org\/wp-content\/uploads\/2023\/08\/table-de-donnees-pour-utiliser-power-query-vlookup-1.png","type":"","width":"","height":""}],"twitter_card":"summary_large_image","twitter_misc":{"Tiempo de lectura":"4 minutos"},"schema":{"@context":"https:\/\/schema.org","@graph":[{"@type":"WebPage","@id":"https:\/\/exceladvisor.org\/es\/buscarv-2\/","url":"https:\/\/exceladvisor.org\/es\/buscarv-2\/","name":"\u00bfc\u00f3mo hacer buscarv en power query en excel?","isPartOf":{"@id":"https:\/\/exceladvisor.org\/es\/#website"},"primaryImageOfPage":{"@id":"https:\/\/exceladvisor.org\/es\/buscarv-2\/#primaryimage"},"image":{"@id":"https:\/\/exceladvisor.org\/es\/buscarv-2\/#primaryimage"},"thumbnailUrl":"https:\/\/exceladvisor.org\/wp-content\/uploads\/2023\/08\/table-de-donnees-pour-utiliser-power-query-vlookup-1.png","datePublished":"2023-11-05T17:50:26+00:00","dateModified":"2023-12-25T10:25:33+00:00","breadcrumb":{"@id":"https:\/\/exceladvisor.org\/es\/buscarv-2\/#breadcrumb"},"inLanguage":"es","potentialAction":[{"@type":"ReadAction","target":["https:\/\/exceladvisor.org\/es\/buscarv-2\/"]}]},{"@type":"ImageObject","inLanguage":"es","@id":"https:\/\/exceladvisor.org\/es\/buscarv-2\/#primaryimage","url":"https:\/\/exceladvisor.org\/wp-content\/uploads\/2023\/08\/table-de-donnees-pour-utiliser-power-query-vlookup-1.png","contentUrl":"https:\/\/exceladvisor.org\/wp-content\/uploads\/2023\/08\/table-de-donnees-pour-utiliser-power-query-vlookup-1.png"},{"@type":"BreadcrumbList","@id":"https:\/\/exceladvisor.org\/es\/buscarv-2\/#breadcrumb","itemListElement":[{"@type":"ListItem","position":1,"name":"Hogar","item":"https:\/\/exceladvisor.org\/es\/"},{"@type":"ListItem","position":2,"name":"\u00bfc\u00f3mo hacer buscarv en power query en excel?"}]},{"@type":"WebSite","@id":"https:\/\/exceladvisor.org\/es\/#website","url":"https:\/\/exceladvisor.org\/es\/","name":"Excel Advisor","description":"Su gu\u00eda para la dominaci\u00f3n de datos!","publisher":{"@id":"https:\/\/exceladvisor.org\/es\/#organization"},"potentialAction":[{"@type":"SearchAction","target":{"@type":"EntryPoint","urlTemplate":"https:\/\/exceladvisor.org\/es\/?s={search_term_string}"},"query-input":{"@type":"PropertyValueSpecification","valueRequired":true,"valueName":"search_term_string"}}],"inLanguage":"es"},{"@type":"Organization","@id":"https:\/\/exceladvisor.org\/es\/#organization","name":"Excel Advisor","url":"https:\/\/exceladvisor.org\/es\/","logo":{"@type":"ImageObject","inLanguage":"es","@id":"https:\/\/exceladvisor.org\/es\/#\/schema\/logo\/image\/","url":"https:\/\/exceladvisor.org\/es\/wp-content\/uploads\/2023\/12\/exceladvisor.org_.png","contentUrl":"https:\/\/exceladvisor.org\/es\/wp-content\/uploads\/2023\/12\/exceladvisor.org_.png","width":105,"height":36,"caption":"Excel Advisor"},"image":{"@id":"https:\/\/exceladvisor.org\/es\/#\/schema\/logo\/image\/"}}]}},"yoast_meta":{"yoast_wpseo_title":"","yoast_wpseo_metadesc":"","yoast_wpseo_canonical":""},"_links":{"self":[{"href":"https:\/\/exceladvisor.org\/es\/wp-json\/wp\/v2\/pages\/302","targetHints":{"allow":["GET"]}}],"collection":[{"href":"https:\/\/exceladvisor.org\/es\/wp-json\/wp\/v2\/pages"}],"about":[{"href":"https:\/\/exceladvisor.org\/es\/wp-json\/wp\/v2\/types\/page"}],"author":[{"embeddable":true,"href":"https:\/\/exceladvisor.org\/es\/wp-json\/wp\/v2\/users\/1"}],"replies":[{"embeddable":true,"href":"https:\/\/exceladvisor.org\/es\/wp-json\/wp\/v2\/comments?post=302"}],"version-history":[{"count":1,"href":"https:\/\/exceladvisor.org\/es\/wp-json\/wp\/v2\/pages\/302\/revisions"}],"predecessor-version":[{"id":1078,"href":"https:\/\/exceladvisor.org\/es\/wp-json\/wp\/v2\/pages\/302\/revisions\/1078"}],"wp:attachment":[{"href":"https:\/\/exceladvisor.org\/es\/wp-json\/wp\/v2\/media?parent=302"}],"curies":[{"name":"wp","href":"https:\/\/api.w.org\/{rel}","templated":true}]}}