{"id":303,"date":"2023-11-05T12:35:01","date_gmt":"2023-11-05T12:35:01","guid":{"rendered":"https:\/\/exceladvisor.org\/es\/sumaproducto-2\/"},"modified":"2023-12-25T10:33:11","modified_gmt":"2023-12-25T10:33:11","slug":"sumaproducto-2","status":"publish","type":"page","link":"https:\/\/exceladvisor.org\/es\/sumaproducto-2\/","title":{"rendered":"Funci\u00f3n de excel: sumaproducto"},"content":{"rendered":"<div class=\"excel-antes-del-contenido\" id=\"excel-1882913450\"><script type=\"text\/javascript\">\r\n\tatOptions = {\r\n\t\t'key' : 'c1158f160081d6540a8409e6925dab94',\r\n\t\t'format' : 'iframe',\r\n\t\t'height' : 250,\r\n\t\t'width' : 300,\r\n\t\t'params' : {}\r\n\t};\r\n<\/script>\r\n<script type=\"text\/javascript\" src=\"\/\/www.highperformanceformat.com\/c1158f160081d6540a8409e6925dab94\/invoke.js\"><\/script><\/div><p>La funci\u00f3n SUMPRODUCT se puede utilizar para devolver un valor despu\u00e9s de la suma y multiplica valores en rangos o matrices. En t\u00e9rminos simples, primero multiplica las celdas coincidentes de los rangos y luego resume todos los valores. Esta es una de las funciones m\u00e1s \u00fatiles y poderosas de Excel que se puede utilizar para el an\u00e1lisis de datos. <\/p>\n<div class=\"wp-block-image\">\n<figure class=\"aligncenter size-full is-resized\"><img loading=\"lazy\" decoding=\"async\" class=\"wp-image-66787\" src=\"https:\/\/exceladvisor.org\/wp-content\/uploads\/2023\/08\/introduction-a-la-fonction-sumproduct.png\" sizes=\"auto, \" srcset=\"\" alt=\"introducci\u00f3n-funci\u00f3n-sumproducto\" width=\"409\" height=\"243\"><\/figure>\n<\/div>\n<h2 class=\"wp-block-heading\"> Sintaxis<\/h2>\n<p class=\"formula\"> <em>SUMAPRODUCTO(matriz1, [matriz2], [matriz3],\u2026)<\/em><\/p>\n<h2 class=\"wp-block-heading\"> Argumentos<\/h2>\n<ul>\n<li> matriz1: la primera matriz que desea multiplicar y luego sumar.<\/li>\n<li> [matriz2]: La segunda matriz que desea multiplicar y luego sumar.<\/li>\n<\/ul>\n<h2 class=\"wp-block-heading\"> Ejemplo<\/h2>\n<p> En el siguiente ejemplo, usamos SUMPRODUCT para multiplicar y sumar los valores en la columna D y la columna F. <\/p>\n<div class=\"wp-block-image\">\n<figure class=\"aligncenter size-full is-resized\"><img loading=\"lazy\" decoding=\"async\" class=\"wp-image-66784\" src=\"https:\/\/exceladvisor.org\/wp-content\/uploads\/2023\/08\/exemple-de-fonction-sumproduct-1.png\" sizes=\"auto, \" srcset=\"\" alt=\"sumaproducto-funci\u00f3n-ejemplo-1\" width=\"680\" height=\"335\"><\/figure>\n<\/div>\n<p> Aqu\u00ed hemos especificado el rango A1:A8 en la primera tabla y en la segunda tabla hemos especificado el rango C1:C8.<\/p>\n<p> Ahora lo que est\u00e1 sucediendo son sus m\u00faltiples valores de los dos rangos entre s\u00ed (A1xC1, A2xC2, etc.).<\/p>\n<p> Y despu\u00e9s de multiplicar todos los valores, los suma y te muestra ese valor en el resultado.<\/p>\n<p> Como sugiere el nombre, la funci\u00f3n SUMAPRODUCTO primero calcula el producto de todos los valores y luego los suma todos para obtenerlo en una sola celda.<\/p>\n<p> Para que comprenda lo poderoso que es SUMPRODUCT, en el siguiente ejemplo logramos el mismo resultado con una columna auxiliar y la funci\u00f3n SUM. <\/p>\n<div class=\"wp-block-image\">\n<figure class=\"aligncenter size-full is-resized\"><img loading=\"lazy\" decoding=\"async\" class=\"wp-image-66785\" src=\"https:\/\/exceladvisor.org\/wp-content\/uploads\/2023\/08\/exemple-de-fonction-sommeproduit-2.png\" sizes=\"auto, \" srcset=\"\" alt=\"sumaproducto-funci\u00f3n-ejemplo-2\" width=\"632\" height=\"254\"><\/figure>\n<\/div>\n<p> Por eso dije que SUMPRODUCT es una de las funciones m\u00e1s poderosas que tenemos en Excel para analizar datos y realizar c\u00e1lculos complejos. Y yendo un poco m\u00e1s all\u00e1, usamos SUMPRODUCT para buscar un valor en una tabla. <\/p>\n<div class=\"wp-block-image\">\n<figure class=\"aligncenter size-full is-resized\"><img loading=\"lazy\" decoding=\"async\" class=\"wp-image-66786\" src=\"https:\/\/exceladvisor.org\/wp-content\/uploads\/2023\/08\/exemple-de-fonction-sumproduct-3.png\" sizes=\"auto, \" srcset=\"\" alt=\"sumaproducto-funci\u00f3n-ejemplo-3\" width=\"531\" height=\"294\"><\/figure>\n<\/div>\n<p> <a href=\"https:\/\/exceladvisor.org\/wp-content\/uploads\/2023\/08\/produit-somme-2.xlsx\" target=\"_blank\" rel=\"noreferrer noopener nofollow\"><em>archivo-ejemplo.xlsx<\/em><\/a><\/p>\n<h2 class=\"wp-block-heading\"> Puntos importantes<\/h2>\n<ul>\n<li> Si no especifica matriz2, SUMPRODUCT simplemente sumar\u00e1 matriz1.<\/li>\n<li> El tama\u00f1o m\u00e1ximo de cada matriz debe ser el mismo. Si la matriz1 tiene cinco celdas, entonces las celdas de la matriz2 deben ser 5.<\/li>\n<li> El texto y otras entradas no num\u00e9ricas se tratar\u00e1n como 0.<\/li>\n<\/ul>\n<p> \u21e0 <strong>Volver a <a href=\"https:\/\/exceladvisor.org\/es\/funciones-de-excel\/\">funciones de Excel<\/a><\/strong><\/p>\n","protected":false},"excerpt":{"rendered":"<p>La funci\u00f3n SUMPRODUCT se puede utilizar para devolver un valor despu\u00e9s de la suma y multiplica valores en rangos o matrices. En t\u00e9rminos simples, primero multiplica las celdas coincidentes de los rangos y luego resume todos los valores. Esta es una de las funciones m\u00e1s \u00fatiles y poderosas de Excel que se puede utilizar para [&hellip;]<\/p>\n","protected":false},"author":1,"featured_media":0,"parent":0,"menu_order":0,"comment_status":"open","ping_status":"closed","template":"","meta":{"ub_ctt_via":"","footnotes":""},"class_list":["post-303","page","type-page","status-publish","hentry"],"featured_image_src":null,"yoast_head":"<!-- This site is optimized with the Yoast SEO plugin v25.4 - https:\/\/yoast.com\/wordpress\/plugins\/seo\/ -->\n<title>Funci\u00f3n de excel: sumaproducto<\/title>\n<meta name=\"robots\" content=\"index, follow, max-snippet:-1, max-image-preview:large, max-video-preview:-1\" \/>\n<link rel=\"canonical\" href=\"https:\/\/exceladvisor.org\/es\/sumaproducto-2\/\" \/>\n<meta property=\"og:locale\" content=\"es_ES\" \/>\n<meta property=\"og:type\" content=\"article\" \/>\n<meta property=\"og:title\" content=\"Funci\u00f3n de excel: sumaproducto\" \/>\n<meta property=\"og:description\" content=\"La funci\u00f3n SUMPRODUCT se puede utilizar para devolver un valor despu\u00e9s de la suma y multiplica valores en rangos o matrices. En t\u00e9rminos simples, primero multiplica las celdas coincidentes de los rangos y luego resume todos los valores. Esta es una de las funciones m\u00e1s \u00fatiles y poderosas de Excel que se puede utilizar para [&hellip;]\" \/>\n<meta property=\"og:url\" content=\"https:\/\/exceladvisor.org\/es\/sumaproducto-2\/\" \/>\n<meta property=\"og:site_name\" content=\"Excel Advisor\" \/>\n<meta property=\"article:modified_time\" content=\"2023-12-25T10:33:11+00:00\" \/>\n<meta property=\"og:image\" content=\"https:\/\/exceladvisor.org\/wp-content\/uploads\/2023\/08\/introduction-a-la-fonction-sumproduct.png\" \/>\n<meta name=\"twitter:card\" content=\"summary_large_image\" \/>\n<meta name=\"twitter:label1\" content=\"Tiempo de lectura\" \/>\n\t<meta name=\"twitter:data1\" content=\"2 minutos\" \/>\n<script type=\"application\/ld+json\" class=\"yoast-schema-graph\">{\"@context\":\"https:\/\/schema.org\",\"@graph\":[{\"@type\":\"WebPage\",\"@id\":\"https:\/\/exceladvisor.org\/es\/sumaproducto-2\/\",\"url\":\"https:\/\/exceladvisor.org\/es\/sumaproducto-2\/\",\"name\":\"Funci\u00f3n de excel: sumaproducto\",\"isPartOf\":{\"@id\":\"https:\/\/exceladvisor.org\/es\/#website\"},\"primaryImageOfPage\":{\"@id\":\"https:\/\/exceladvisor.org\/es\/sumaproducto-2\/#primaryimage\"},\"image\":{\"@id\":\"https:\/\/exceladvisor.org\/es\/sumaproducto-2\/#primaryimage\"},\"thumbnailUrl\":\"https:\/\/exceladvisor.org\/wp-content\/uploads\/2023\/08\/introduction-a-la-fonction-sumproduct.png\",\"datePublished\":\"2023-11-05T12:35:01+00:00\",\"dateModified\":\"2023-12-25T10:33:11+00:00\",\"breadcrumb\":{\"@id\":\"https:\/\/exceladvisor.org\/es\/sumaproducto-2\/#breadcrumb\"},\"inLanguage\":\"es\",\"potentialAction\":[{\"@type\":\"ReadAction\",\"target\":[\"https:\/\/exceladvisor.org\/es\/sumaproducto-2\/\"]}]},{\"@type\":\"ImageObject\",\"inLanguage\":\"es\",\"@id\":\"https:\/\/exceladvisor.org\/es\/sumaproducto-2\/#primaryimage\",\"url\":\"https:\/\/exceladvisor.org\/wp-content\/uploads\/2023\/08\/introduction-a-la-fonction-sumproduct.png\",\"contentUrl\":\"https:\/\/exceladvisor.org\/wp-content\/uploads\/2023\/08\/introduction-a-la-fonction-sumproduct.png\"},{\"@type\":\"BreadcrumbList\",\"@id\":\"https:\/\/exceladvisor.org\/es\/sumaproducto-2\/#breadcrumb\",\"itemListElement\":[{\"@type\":\"ListItem\",\"position\":1,\"name\":\"Hogar\",\"item\":\"https:\/\/exceladvisor.org\/es\/\"},{\"@type\":\"ListItem\",\"position\":2,\"name\":\"Funci\u00f3n de excel: sumaproducto\"}]},{\"@type\":\"WebSite\",\"@id\":\"https:\/\/exceladvisor.org\/es\/#website\",\"url\":\"https:\/\/exceladvisor.org\/es\/\",\"name\":\"Excel Advisor\",\"description\":\"Su gu\u00eda para la dominaci\u00f3n de datos!\",\"publisher\":{\"@id\":\"https:\/\/exceladvisor.org\/es\/#organization\"},\"potentialAction\":[{\"@type\":\"SearchAction\",\"target\":{\"@type\":\"EntryPoint\",\"urlTemplate\":\"https:\/\/exceladvisor.org\/es\/?s={search_term_string}\"},\"query-input\":{\"@type\":\"PropertyValueSpecification\",\"valueRequired\":true,\"valueName\":\"search_term_string\"}}],\"inLanguage\":\"es\"},{\"@type\":\"Organization\",\"@id\":\"https:\/\/exceladvisor.org\/es\/#organization\",\"name\":\"Excel Advisor\",\"url\":\"https:\/\/exceladvisor.org\/es\/\",\"logo\":{\"@type\":\"ImageObject\",\"inLanguage\":\"es\",\"@id\":\"https:\/\/exceladvisor.org\/es\/#\/schema\/logo\/image\/\",\"url\":\"https:\/\/exceladvisor.org\/es\/wp-content\/uploads\/2023\/12\/exceladvisor.org_.png\",\"contentUrl\":\"https:\/\/exceladvisor.org\/es\/wp-content\/uploads\/2023\/12\/exceladvisor.org_.png\",\"width\":105,\"height\":36,\"caption\":\"Excel Advisor\"},\"image\":{\"@id\":\"https:\/\/exceladvisor.org\/es\/#\/schema\/logo\/image\/\"}}]}<\/script>\n<!-- \/ Yoast SEO plugin. -->","yoast_head_json":{"title":"Funci\u00f3n de excel: sumaproducto","robots":{"index":"index","follow":"follow","max-snippet":"max-snippet:-1","max-image-preview":"max-image-preview:large","max-video-preview":"max-video-preview:-1"},"canonical":"https:\/\/exceladvisor.org\/es\/sumaproducto-2\/","og_locale":"es_ES","og_type":"article","og_title":"Funci\u00f3n de excel: sumaproducto","og_description":"La funci\u00f3n SUMPRODUCT se puede utilizar para devolver un valor despu\u00e9s de la suma y multiplica valores en rangos o matrices. En t\u00e9rminos simples, primero multiplica las celdas coincidentes de los rangos y luego resume todos los valores. Esta es una de las funciones m\u00e1s \u00fatiles y poderosas de Excel que se puede utilizar para [&hellip;]","og_url":"https:\/\/exceladvisor.org\/es\/sumaproducto-2\/","og_site_name":"Excel Advisor","article_modified_time":"2023-12-25T10:33:11+00:00","og_image":[{"url":"https:\/\/exceladvisor.org\/wp-content\/uploads\/2023\/08\/introduction-a-la-fonction-sumproduct.png","type":"","width":"","height":""}],"twitter_card":"summary_large_image","twitter_misc":{"Tiempo de lectura":"2 minutos"},"schema":{"@context":"https:\/\/schema.org","@graph":[{"@type":"WebPage","@id":"https:\/\/exceladvisor.org\/es\/sumaproducto-2\/","url":"https:\/\/exceladvisor.org\/es\/sumaproducto-2\/","name":"Funci\u00f3n de excel: sumaproducto","isPartOf":{"@id":"https:\/\/exceladvisor.org\/es\/#website"},"primaryImageOfPage":{"@id":"https:\/\/exceladvisor.org\/es\/sumaproducto-2\/#primaryimage"},"image":{"@id":"https:\/\/exceladvisor.org\/es\/sumaproducto-2\/#primaryimage"},"thumbnailUrl":"https:\/\/exceladvisor.org\/wp-content\/uploads\/2023\/08\/introduction-a-la-fonction-sumproduct.png","datePublished":"2023-11-05T12:35:01+00:00","dateModified":"2023-12-25T10:33:11+00:00","breadcrumb":{"@id":"https:\/\/exceladvisor.org\/es\/sumaproducto-2\/#breadcrumb"},"inLanguage":"es","potentialAction":[{"@type":"ReadAction","target":["https:\/\/exceladvisor.org\/es\/sumaproducto-2\/"]}]},{"@type":"ImageObject","inLanguage":"es","@id":"https:\/\/exceladvisor.org\/es\/sumaproducto-2\/#primaryimage","url":"https:\/\/exceladvisor.org\/wp-content\/uploads\/2023\/08\/introduction-a-la-fonction-sumproduct.png","contentUrl":"https:\/\/exceladvisor.org\/wp-content\/uploads\/2023\/08\/introduction-a-la-fonction-sumproduct.png"},{"@type":"BreadcrumbList","@id":"https:\/\/exceladvisor.org\/es\/sumaproducto-2\/#breadcrumb","itemListElement":[{"@type":"ListItem","position":1,"name":"Hogar","item":"https:\/\/exceladvisor.org\/es\/"},{"@type":"ListItem","position":2,"name":"Funci\u00f3n de excel: sumaproducto"}]},{"@type":"WebSite","@id":"https:\/\/exceladvisor.org\/es\/#website","url":"https:\/\/exceladvisor.org\/es\/","name":"Excel Advisor","description":"Su gu\u00eda para la dominaci\u00f3n de datos!","publisher":{"@id":"https:\/\/exceladvisor.org\/es\/#organization"},"potentialAction":[{"@type":"SearchAction","target":{"@type":"EntryPoint","urlTemplate":"https:\/\/exceladvisor.org\/es\/?s={search_term_string}"},"query-input":{"@type":"PropertyValueSpecification","valueRequired":true,"valueName":"search_term_string"}}],"inLanguage":"es"},{"@type":"Organization","@id":"https:\/\/exceladvisor.org\/es\/#organization","name":"Excel Advisor","url":"https:\/\/exceladvisor.org\/es\/","logo":{"@type":"ImageObject","inLanguage":"es","@id":"https:\/\/exceladvisor.org\/es\/#\/schema\/logo\/image\/","url":"https:\/\/exceladvisor.org\/es\/wp-content\/uploads\/2023\/12\/exceladvisor.org_.png","contentUrl":"https:\/\/exceladvisor.org\/es\/wp-content\/uploads\/2023\/12\/exceladvisor.org_.png","width":105,"height":36,"caption":"Excel Advisor"},"image":{"@id":"https:\/\/exceladvisor.org\/es\/#\/schema\/logo\/image\/"}}]}},"yoast_meta":{"yoast_wpseo_title":"","yoast_wpseo_metadesc":"","yoast_wpseo_canonical":""},"_links":{"self":[{"href":"https:\/\/exceladvisor.org\/es\/wp-json\/wp\/v2\/pages\/303","targetHints":{"allow":["GET"]}}],"collection":[{"href":"https:\/\/exceladvisor.org\/es\/wp-json\/wp\/v2\/pages"}],"about":[{"href":"https:\/\/exceladvisor.org\/es\/wp-json\/wp\/v2\/types\/page"}],"author":[{"embeddable":true,"href":"https:\/\/exceladvisor.org\/es\/wp-json\/wp\/v2\/users\/1"}],"replies":[{"embeddable":true,"href":"https:\/\/exceladvisor.org\/es\/wp-json\/wp\/v2\/comments?post=303"}],"version-history":[{"count":1,"href":"https:\/\/exceladvisor.org\/es\/wp-json\/wp\/v2\/pages\/303\/revisions"}],"predecessor-version":[{"id":1462,"href":"https:\/\/exceladvisor.org\/es\/wp-json\/wp\/v2\/pages\/303\/revisions\/1462"}],"wp:attachment":[{"href":"https:\/\/exceladvisor.org\/es\/wp-json\/wp\/v2\/media?parent=303"}],"curies":[{"name":"wp","href":"https:\/\/api.w.org\/{rel}","templated":true}]}}