{"id":305,"date":"2023-11-05T12:18:21","date_gmt":"2023-11-05T12:18:21","guid":{"rendered":"https:\/\/exceladvisor.org\/es\/entero-3\/"},"modified":"2023-12-25T10:33:10","modified_gmt":"2023-12-25T10:33:10","slug":"entero-3","status":"publish","type":"page","link":"https:\/\/exceladvisor.org\/es\/entero-3\/","title":{"rendered":"Funci\u00f3n de excel: int"},"content":{"rendered":"<div class=\"excel-antes-del-contenido\" id=\"excel-1537534687\"><script type=\"text\/javascript\">\r\n\tatOptions = {\r\n\t\t'key' : 'c1158f160081d6540a8409e6925dab94',\r\n\t\t'format' : 'iframe',\r\n\t\t'height' : 250,\r\n\t\t'width' : 300,\r\n\t\t'params' : {}\r\n\t};\r\n<\/script>\r\n<script type=\"text\/javascript\" src=\"\/\/www.highperformanceformat.com\/c1158f160081d6540a8409e6925dab94\/invoke.js\"><\/script><\/div><p>INT <strong>devuelve la parte entera de un n\u00famero decimal<\/strong> . En palabras simples, redondea el n\u00famero especificado eliminando sus decimales y devuelve solo el n\u00famero entero (n\u00famero sin fracciones ni decimales). <\/p>\n<div class=\"wp-block-image\">\n<figure class=\"aligncenter size-full is-resized\"><img loading=\"lazy\" decoding=\"async\" class=\"wp-image-72702\" src=\"https:\/\/exceladvisor.org\/wp-content\/uploads\/2023\/08\/1-fonction-entiere.png\" sizes=\"auto, \" srcset=\"\" alt=\"funci\u00f3n int\" width=\"482\" height=\"169\"><\/figure>\n<\/div>\n<h2 class=\"wp-block-heading\"> Sintaxis<\/h2>\n<p> ENTRADA(n\u00famero)<\/p>\n<h2 class=\"wp-block-heading\"> Argumentos<\/h2>\n<ul>\n<li> <strong>n\u00famero:<\/strong> n\u00famero que desea redondear hacia abajo al n\u00famero entero m\u00e1s cercano.<\/li>\n<\/ul>\n<h2 class=\"wp-block-heading\"> Ejemplo<\/h2>\n<p> En el siguiente ejemplo tenemos un n\u00famero con cuatro decimales y cuando usas la funci\u00f3n INT y especificas los valores que tienes en la celda B1, devuelve el mismo n\u00famero con pero sin decimales. <\/p>\n<div class=\"wp-block-image\">\n<figure class=\"aligncenter size-full is-resized\"><img loading=\"lazy\" decoding=\"async\" class=\"wp-image-66958\" src=\"https:\/\/exceladvisor.org\/wp-content\/uploads\/2023\/08\/exemple-de-fonction-excel-int-1-2.png\" sizes=\"auto, \" srcset=\"\" alt=\"excel-int-funci\u00f3n-ejemplo-1\" width=\"485\" height=\"280\"><\/figure>\n<\/div>\n<p> Entonces, donde tiene 101,4868 en el valor original, INT devuelve 101 en el resultado despu\u00e9s de eliminar los decimales.<\/p>\n<p> Ahora, en el mundo real, INT es muy \u00fatil y uno de los ejemplos es cuando necesitas eliminar la hora de un valor de fecha y hora. <\/p>\n<div class=\"wp-block-image\">\n<figure class=\"aligncenter size-full is-resized\"><img loading=\"lazy\" decoding=\"async\" class=\"wp-image-66959\" src=\"https:\/\/exceladvisor.org\/wp-content\/uploads\/2023\/08\/excel-int-fonction-date-separee.png\" sizes=\"auto, \" srcset=\"\" alt=\"funci\u00f3n-separada-fecha-int-excel\" width=\"431\" height=\"161\"><\/figure>\n<\/div>\n<p> Y de manera similar, puede usarlo para eliminar la fecha de un valor de fecha y hora, como usamos en el siguiente ejemplo. <\/p>\n<div class=\"wp-block-image\">\n<figure class=\"aligncenter size-full is-resized\"><img loading=\"lazy\" decoding=\"async\" class=\"wp-image-66960\" src=\"https:\/\/exceladvisor.org\/wp-content\/uploads\/2023\/08\/excel-int-fonction-temps-separe.png\" sizes=\"auto, \" srcset=\"\" alt=\"funci\u00f3n-excel-int-separada-en-tiempo\" width=\"472\" height=\"165\"><\/figure>\n<\/div>\n<p> <strong><em><a href=\"https:\/\/exceladvisor.org\/wp-content\/uploads\/2023\/08\/entier-2.xlsx\" target=\"_blank\" rel=\"noreferrer noopener nofollow\">archivo-ejemplo.xlsx<\/a><\/em><\/strong><\/p>\n<h2 class=\"wp-block-heading\"> Puntos importantes<\/h2>\n<ol>\n<li> Redondear\u00e1 n\u00fameros positivos y negativos. Pero cuando redondeas un n\u00famero negativo, lo redondear\u00e1 desde cero. Entonces, cuando redondees -3,9, devolver\u00e1 4 en el resultado.<\/li>\n<li> \u00a1Obtienes un #REF! error si el n\u00famero que especificaste no es v\u00e1lido y un #\u00a1VALOR! Error si especifica texto en lugar de un n\u00famero.<\/li>\n<\/ol>\n","protected":false},"excerpt":{"rendered":"<p>INT devuelve la parte entera de un n\u00famero decimal . En palabras simples, redondea el n\u00famero especificado eliminando sus decimales y devuelve solo el n\u00famero entero (n\u00famero sin fracciones ni decimales). Sintaxis ENTRADA(n\u00famero) Argumentos n\u00famero: n\u00famero que desea redondear hacia abajo al n\u00famero entero m\u00e1s cercano. Ejemplo En el siguiente ejemplo tenemos un n\u00famero con [&hellip;]<\/p>\n","protected":false},"author":1,"featured_media":0,"parent":0,"menu_order":0,"comment_status":"open","ping_status":"closed","template":"","meta":{"ub_ctt_via":"","footnotes":""},"class_list":["post-305","page","type-page","status-publish","hentry"],"featured_image_src":null,"yoast_head":"<!-- This site is optimized with the Yoast SEO plugin v25.4 - https:\/\/yoast.com\/wordpress\/plugins\/seo\/ -->\n<title>Funci\u00f3n de excel: int<\/title>\n<meta name=\"robots\" content=\"index, follow, max-snippet:-1, max-image-preview:large, max-video-preview:-1\" \/>\n<link rel=\"canonical\" href=\"https:\/\/exceladvisor.org\/es\/entero-3\/\" \/>\n<meta property=\"og:locale\" content=\"es_ES\" \/>\n<meta property=\"og:type\" content=\"article\" \/>\n<meta property=\"og:title\" content=\"Funci\u00f3n de excel: int\" \/>\n<meta property=\"og:description\" content=\"INT devuelve la parte entera de un n\u00famero decimal . En palabras simples, redondea el n\u00famero especificado eliminando sus decimales y devuelve solo el n\u00famero entero (n\u00famero sin fracciones ni decimales). Sintaxis ENTRADA(n\u00famero) Argumentos n\u00famero: n\u00famero que desea redondear hacia abajo al n\u00famero entero m\u00e1s cercano. Ejemplo En el siguiente ejemplo tenemos un n\u00famero con [&hellip;]\" \/>\n<meta property=\"og:url\" content=\"https:\/\/exceladvisor.org\/es\/entero-3\/\" \/>\n<meta property=\"og:site_name\" content=\"Excel Advisor\" \/>\n<meta property=\"article:modified_time\" content=\"2023-12-25T10:33:10+00:00\" \/>\n<meta property=\"og:image\" content=\"https:\/\/exceladvisor.org\/wp-content\/uploads\/2023\/08\/1-fonction-entiere.png\" \/>\n<meta name=\"twitter:card\" content=\"summary_large_image\" \/>\n<meta name=\"twitter:label1\" content=\"Tiempo de lectura\" \/>\n\t<meta name=\"twitter:data1\" content=\"1 minuto\" \/>\n<script type=\"application\/ld+json\" class=\"yoast-schema-graph\">{\"@context\":\"https:\/\/schema.org\",\"@graph\":[{\"@type\":\"WebPage\",\"@id\":\"https:\/\/exceladvisor.org\/es\/entero-3\/\",\"url\":\"https:\/\/exceladvisor.org\/es\/entero-3\/\",\"name\":\"Funci\u00f3n de excel: int\",\"isPartOf\":{\"@id\":\"https:\/\/exceladvisor.org\/es\/#website\"},\"primaryImageOfPage\":{\"@id\":\"https:\/\/exceladvisor.org\/es\/entero-3\/#primaryimage\"},\"image\":{\"@id\":\"https:\/\/exceladvisor.org\/es\/entero-3\/#primaryimage\"},\"thumbnailUrl\":\"https:\/\/exceladvisor.org\/wp-content\/uploads\/2023\/08\/1-fonction-entiere.png\",\"datePublished\":\"2023-11-05T12:18:21+00:00\",\"dateModified\":\"2023-12-25T10:33:10+00:00\",\"breadcrumb\":{\"@id\":\"https:\/\/exceladvisor.org\/es\/entero-3\/#breadcrumb\"},\"inLanguage\":\"es\",\"potentialAction\":[{\"@type\":\"ReadAction\",\"target\":[\"https:\/\/exceladvisor.org\/es\/entero-3\/\"]}]},{\"@type\":\"ImageObject\",\"inLanguage\":\"es\",\"@id\":\"https:\/\/exceladvisor.org\/es\/entero-3\/#primaryimage\",\"url\":\"https:\/\/exceladvisor.org\/wp-content\/uploads\/2023\/08\/1-fonction-entiere.png\",\"contentUrl\":\"https:\/\/exceladvisor.org\/wp-content\/uploads\/2023\/08\/1-fonction-entiere.png\"},{\"@type\":\"BreadcrumbList\",\"@id\":\"https:\/\/exceladvisor.org\/es\/entero-3\/#breadcrumb\",\"itemListElement\":[{\"@type\":\"ListItem\",\"position\":1,\"name\":\"Hogar\",\"item\":\"https:\/\/exceladvisor.org\/es\/\"},{\"@type\":\"ListItem\",\"position\":2,\"name\":\"Funci\u00f3n de excel: int\"}]},{\"@type\":\"WebSite\",\"@id\":\"https:\/\/exceladvisor.org\/es\/#website\",\"url\":\"https:\/\/exceladvisor.org\/es\/\",\"name\":\"Excel Advisor\",\"description\":\"Su gu\u00eda para la dominaci\u00f3n de datos!\",\"publisher\":{\"@id\":\"https:\/\/exceladvisor.org\/es\/#organization\"},\"potentialAction\":[{\"@type\":\"SearchAction\",\"target\":{\"@type\":\"EntryPoint\",\"urlTemplate\":\"https:\/\/exceladvisor.org\/es\/?s={search_term_string}\"},\"query-input\":{\"@type\":\"PropertyValueSpecification\",\"valueRequired\":true,\"valueName\":\"search_term_string\"}}],\"inLanguage\":\"es\"},{\"@type\":\"Organization\",\"@id\":\"https:\/\/exceladvisor.org\/es\/#organization\",\"name\":\"Excel Advisor\",\"url\":\"https:\/\/exceladvisor.org\/es\/\",\"logo\":{\"@type\":\"ImageObject\",\"inLanguage\":\"es\",\"@id\":\"https:\/\/exceladvisor.org\/es\/#\/schema\/logo\/image\/\",\"url\":\"https:\/\/exceladvisor.org\/es\/wp-content\/uploads\/2023\/12\/exceladvisor.org_.png\",\"contentUrl\":\"https:\/\/exceladvisor.org\/es\/wp-content\/uploads\/2023\/12\/exceladvisor.org_.png\",\"width\":105,\"height\":36,\"caption\":\"Excel Advisor\"},\"image\":{\"@id\":\"https:\/\/exceladvisor.org\/es\/#\/schema\/logo\/image\/\"}}]}<\/script>\n<!-- \/ Yoast SEO plugin. -->","yoast_head_json":{"title":"Funci\u00f3n de excel: int","robots":{"index":"index","follow":"follow","max-snippet":"max-snippet:-1","max-image-preview":"max-image-preview:large","max-video-preview":"max-video-preview:-1"},"canonical":"https:\/\/exceladvisor.org\/es\/entero-3\/","og_locale":"es_ES","og_type":"article","og_title":"Funci\u00f3n de excel: int","og_description":"INT devuelve la parte entera de un n\u00famero decimal . En palabras simples, redondea el n\u00famero especificado eliminando sus decimales y devuelve solo el n\u00famero entero (n\u00famero sin fracciones ni decimales). Sintaxis ENTRADA(n\u00famero) Argumentos n\u00famero: n\u00famero que desea redondear hacia abajo al n\u00famero entero m\u00e1s cercano. Ejemplo En el siguiente ejemplo tenemos un n\u00famero con [&hellip;]","og_url":"https:\/\/exceladvisor.org\/es\/entero-3\/","og_site_name":"Excel Advisor","article_modified_time":"2023-12-25T10:33:10+00:00","og_image":[{"url":"https:\/\/exceladvisor.org\/wp-content\/uploads\/2023\/08\/1-fonction-entiere.png","type":"","width":"","height":""}],"twitter_card":"summary_large_image","twitter_misc":{"Tiempo de lectura":"1 minuto"},"schema":{"@context":"https:\/\/schema.org","@graph":[{"@type":"WebPage","@id":"https:\/\/exceladvisor.org\/es\/entero-3\/","url":"https:\/\/exceladvisor.org\/es\/entero-3\/","name":"Funci\u00f3n de excel: int","isPartOf":{"@id":"https:\/\/exceladvisor.org\/es\/#website"},"primaryImageOfPage":{"@id":"https:\/\/exceladvisor.org\/es\/entero-3\/#primaryimage"},"image":{"@id":"https:\/\/exceladvisor.org\/es\/entero-3\/#primaryimage"},"thumbnailUrl":"https:\/\/exceladvisor.org\/wp-content\/uploads\/2023\/08\/1-fonction-entiere.png","datePublished":"2023-11-05T12:18:21+00:00","dateModified":"2023-12-25T10:33:10+00:00","breadcrumb":{"@id":"https:\/\/exceladvisor.org\/es\/entero-3\/#breadcrumb"},"inLanguage":"es","potentialAction":[{"@type":"ReadAction","target":["https:\/\/exceladvisor.org\/es\/entero-3\/"]}]},{"@type":"ImageObject","inLanguage":"es","@id":"https:\/\/exceladvisor.org\/es\/entero-3\/#primaryimage","url":"https:\/\/exceladvisor.org\/wp-content\/uploads\/2023\/08\/1-fonction-entiere.png","contentUrl":"https:\/\/exceladvisor.org\/wp-content\/uploads\/2023\/08\/1-fonction-entiere.png"},{"@type":"BreadcrumbList","@id":"https:\/\/exceladvisor.org\/es\/entero-3\/#breadcrumb","itemListElement":[{"@type":"ListItem","position":1,"name":"Hogar","item":"https:\/\/exceladvisor.org\/es\/"},{"@type":"ListItem","position":2,"name":"Funci\u00f3n de excel: int"}]},{"@type":"WebSite","@id":"https:\/\/exceladvisor.org\/es\/#website","url":"https:\/\/exceladvisor.org\/es\/","name":"Excel Advisor","description":"Su gu\u00eda para la dominaci\u00f3n de datos!","publisher":{"@id":"https:\/\/exceladvisor.org\/es\/#organization"},"potentialAction":[{"@type":"SearchAction","target":{"@type":"EntryPoint","urlTemplate":"https:\/\/exceladvisor.org\/es\/?s={search_term_string}"},"query-input":{"@type":"PropertyValueSpecification","valueRequired":true,"valueName":"search_term_string"}}],"inLanguage":"es"},{"@type":"Organization","@id":"https:\/\/exceladvisor.org\/es\/#organization","name":"Excel Advisor","url":"https:\/\/exceladvisor.org\/es\/","logo":{"@type":"ImageObject","inLanguage":"es","@id":"https:\/\/exceladvisor.org\/es\/#\/schema\/logo\/image\/","url":"https:\/\/exceladvisor.org\/es\/wp-content\/uploads\/2023\/12\/exceladvisor.org_.png","contentUrl":"https:\/\/exceladvisor.org\/es\/wp-content\/uploads\/2023\/12\/exceladvisor.org_.png","width":105,"height":36,"caption":"Excel Advisor"},"image":{"@id":"https:\/\/exceladvisor.org\/es\/#\/schema\/logo\/image\/"}}]}},"yoast_meta":{"yoast_wpseo_title":"","yoast_wpseo_metadesc":"","yoast_wpseo_canonical":""},"_links":{"self":[{"href":"https:\/\/exceladvisor.org\/es\/wp-json\/wp\/v2\/pages\/305","targetHints":{"allow":["GET"]}}],"collection":[{"href":"https:\/\/exceladvisor.org\/es\/wp-json\/wp\/v2\/pages"}],"about":[{"href":"https:\/\/exceladvisor.org\/es\/wp-json\/wp\/v2\/types\/page"}],"author":[{"embeddable":true,"href":"https:\/\/exceladvisor.org\/es\/wp-json\/wp\/v2\/users\/1"}],"replies":[{"embeddable":true,"href":"https:\/\/exceladvisor.org\/es\/wp-json\/wp\/v2\/comments?post=305"}],"version-history":[{"count":1,"href":"https:\/\/exceladvisor.org\/es\/wp-json\/wp\/v2\/pages\/305\/revisions"}],"predecessor-version":[{"id":1461,"href":"https:\/\/exceladvisor.org\/es\/wp-json\/wp\/v2\/pages\/305\/revisions\/1461"}],"wp:attachment":[{"href":"https:\/\/exceladvisor.org\/es\/wp-json\/wp\/v2\/media?parent=305"}],"curies":[{"name":"wp","href":"https:\/\/api.w.org\/{rel}","templated":true}]}}