{"id":306,"date":"2023-11-05T08:32:29","date_gmt":"2023-11-05T08:32:29","guid":{"rendered":"https:\/\/exceladvisor.org\/es\/porcentaje-redondo-2\/"},"modified":"2023-12-25T10:26:55","modified_gmt":"2023-12-25T10:26:55","slug":"porcentaje-redondo-2","status":"publish","type":"page","link":"https:\/\/exceladvisor.org\/es\/porcentaje-redondo-2\/","title":{"rendered":"\u00bfc\u00f3mo redondear valores porcentuales en excel?"},"content":{"rendered":"<div class=\"excel-antes-del-contenido\" id=\"excel-311706572\"><script type=\"text\/javascript\">\r\n\tatOptions = {\r\n\t\t'key' : 'c1158f160081d6540a8409e6925dab94',\r\n\t\t'format' : 'iframe',\r\n\t\t'height' : 250,\r\n\t\t'width' : 300,\r\n\t\t'params' : {}\r\n\t};\r\n<\/script>\r\n<script type=\"text\/javascript\" src=\"\/\/www.highperformanceformat.com\/c1158f160081d6540a8409e6925dab94\/invoke.js\"><\/script><\/div><p>Al igual que los n\u00fameros, puedes redondear los valores porcentuales en Excel. Un porcentaje es un n\u00famero decimal formateado como porcentaje. 100% significa un valor num\u00e9rico de 1. Para redondear porcentajes, puede utilizar las funciones REDONDEAR, REDONDEAR HACIA ARRIBA y REDONDEAR HACIA ABAJO. En este tutorial aprender\u00e1 a escribir una f\u00f3rmula para esto.<\/p>\n<h2 class=\"wp-block-heading\"> Redondear porcentaje con la funci\u00f3n REDONDEAR<\/h2>\n<p> El siguiente ejemplo muestra el valor porcentual de 30,49% y 30,50%. Ahora, cuando usas la funci\u00f3n REDONDEAR y el 2 para num_digits, redondea el primer valor porcentual al 30% y el segundo al 31%. <\/p>\n<div class=\"wp-block-image\">\n<figure class=\"aligncenter size-full is-resized\"><img loading=\"lazy\" decoding=\"async\" class=\"wp-image-79909\" src=\"https:\/\/exceladvisor.org\/wp-content\/uploads\/2023\/08\/1-valeurs-rondes-en-pourcentage.png\" sizes=\"auto, \" srcset=\"\" alt=\"porcentaje de valores redondos\" width=\"631\" height=\"274\"><\/figure>\n<\/div>\n<p> En el primer valor tienes .49 como valor decimal, por eso se redondea al 30%. Y en el segundo valor, tienes 0,50 como valor decimal y lo redondeas al 31%.<\/p>\n<h2 class=\"wp-block-heading\"> Redondea el porcentaje a un decimal<\/h2>\n<p> Si desea redondear un valor porcentual a un decimal, debe utilizar una f\u00f3rmula como esta: <\/p>\n<div class=\"wp-block-image\">\n<figure class=\"aligncenter size-full is-resized\"><img loading=\"lazy\" decoding=\"async\" class=\"wp-image-79910\" src=\"https:\/\/exceladvisor.org\/wp-content\/uploads\/2023\/08\/2-rond-pourcentage-a-une-decimale.png\" sizes=\"auto, \" srcset=\"\" alt=\"redondear el porcentaje a un decimal\" width=\"570\" height=\"321\"><\/figure>\n<\/div>\n<pre class=\"wp-block-code\"> <code class=\"language-excel-formula\" lang=\"excel-formula\">=ROUND(A1,3)<\/code><\/pre>\n<p> En esta f\u00f3rmula, usamos el 3 en el argumento num_digit, que le permite redondear el porcentaje a un decimal hacia la izquierda.<\/p>\n<h2 class=\"wp-block-heading\"> Redondea el porcentaje<\/h2>\n<p> Si desea redondear un porcentaje, puede utilizar REDONDEAR HACIA ABAJO. Como en el siguiente ejemplo donde tienes el porcentaje 30,49%. <\/p>\n<div class=\"wp-block-image\">\n<figure class=\"aligncenter size-full is-resized\"><img loading=\"lazy\" decoding=\"async\" class=\"wp-image-79911\" src=\"https:\/\/exceladvisor.org\/wp-content\/uploads\/2023\/08\/3-arrondir-le-pourcentage-a-linferieur.png\" sizes=\"auto, \" srcset=\"\" alt=\"redondear el porcentaje\" width=\"662\" height=\"310\"><\/figure>\n<\/div>\n<pre class=\"wp-block-code\"> <code class=\"language-excel-formula\" lang=\"excel-formula\">=ROUNDDOWN(A1,2) =ROUNDDOWN(A2,3)<\/code><\/pre>\n<p> En la primera f\u00f3rmula tienes 30,49% y usamos 2 como n\u00famero_d\u00edgito para redondear. Devuelve el 30,00%. Y en la segunda f\u00f3rmula tienes 30,49%, y usamos 3 como n\u00famero_d\u00edgito para redondear. Devuelve un 30,40% en el resultado.<\/p>\n<h2 class=\"wp-block-heading\"> Redondea el porcentaje<\/h2>\n<p> De manera similar, puedes usar ROUNDUP para redondear el porcentaje. <\/p>\n<div class=\"wp-block-image\">\n<figure class=\"aligncenter size-full is-resized\"><img loading=\"lazy\" decoding=\"async\" class=\"wp-image-79912\" src=\"https:\/\/exceladvisor.org\/wp-content\/uploads\/2023\/08\/4-arrondir-le-pourcentage.png\" sizes=\"auto, \" srcset=\"\" alt=\"redondear el porcentaje\" width=\"660\" height=\"329\"><\/figure>\n<\/div>\n<pre class=\"wp-block-code\"> <code class=\"language-excel-formula\" lang=\"excel-formula\">=ROUNDUP(A6,2) =ROUNDUP(A7,3)<\/code><\/pre>\n<h2 class=\"wp-block-heading\"> Quitar la parte decimal de un porcentaje<\/h2>\n<p> Puede haber una situaci\u00f3n en la que necesites deshacerte del decimal. Puede considerar la siguiente f\u00f3rmula para esto: <\/p>\n<div class=\"wp-block-image\">\n<figure class=\"aligncenter size-full is-resized\"><img loading=\"lazy\" decoding=\"async\" class=\"wp-image-79913\" src=\"https:\/\/exceladvisor.org\/wp-content\/uploads\/2023\/08\/5-supprimer-la-decimale-du-pourcentage.png\" sizes=\"auto, \" srcset=\"\" alt=\"eliminar decimales del porcentaje\" width=\"576\" height=\"247\"><\/figure>\n<\/div>\n<pre class=\"wp-block-code\"> <code class=\"language-excel-formula\" lang=\"excel-formula\">=TEXT(A8,\"00%\")<\/code><\/pre>\n<div class=\"gb-container gb-container-52dfcee1 gb-container-sample-file\">\n<h2 class=\"gb-headline gb-headline-e289c143 gb-headline-text gb-headline-4f7959c2\"> Obtener el archivo Excel<\/h2>\n<p> <a class=\"gb-button gb-button-e88d6bee gb-button-text gb-button-button1\" href=\"https:\/\/exceladvisor.org\/wp-content\/uploads\/2023\/11\/pourcentage-rond.xlsx\" rel=\"nofollow\">Descargar<\/a><\/div>\n<div class=\"gb-container gb-container-0df56012 gb-container-mt\"> <a class=\"gb-button gb-button-f9f432f4 gb-button-text gb-button-mt-button\" href=\"https:\/\/exceladvisor.org\/es\/formulas\/\">Lista de f\u00f3rmulas de Excel<\/a><\/p>\n<h2 class=\"gb-headline gb-headline-233444e8 gb-headline-text gb-headline-mt-heading\"> F\u00f3rmulas relacionadas <\/h2>\n<div class=\"gb-grid-wrapper gb-grid-wrapper-a16fa65c gb-grid-wrapper-mt-grid\">\n<div class=\"gb-grid-column gb-grid-column-50d07e0d\">\n<div class=\"gb-container gb-container-50d07e0d\">\n<ul>\n<li> <a href=\"https:\/\/exceladvisor.org\/es\/redondear-al-5-mas-cercano\/\">Redondear al 0,5, 5,50 (abajo-arriba) m\u00e1s cercano en Excel<\/a><\/li>\n<li> <a href=\"https:\/\/exceladvisor.org\/es\/redondear-al-millar-mas-cercano\/\">Redondea un n\u00famero al 1000 m\u00e1s cercano en Excel<\/a> <\/li>\n<\/ul>\n<\/div>\n<\/div>\n<div class=\"gb-grid-column gb-grid-column-5b4a0cf9\">\n<div class=\"gb-container gb-container-5b4a0cf9\"><\/div>\n<\/div>\n<\/div>\n<\/div>\n","protected":false},"excerpt":{"rendered":"<p>Al igual que los n\u00fameros, puedes redondear los valores porcentuales en Excel. Un porcentaje es un n\u00famero decimal formateado como porcentaje. 100% significa un valor num\u00e9rico de 1. Para redondear porcentajes, puede utilizar las funciones REDONDEAR, REDONDEAR HACIA ARRIBA y REDONDEAR HACIA ABAJO. En este tutorial aprender\u00e1 a escribir una f\u00f3rmula para esto. Redondear porcentaje [&hellip;]<\/p>\n","protected":false},"author":1,"featured_media":0,"parent":0,"menu_order":0,"comment_status":"open","ping_status":"closed","template":"","meta":{"ub_ctt_via":"","footnotes":""},"class_list":["post-306","page","type-page","status-publish","hentry"],"featured_image_src":null,"yoast_head":"<!-- This site is optimized with the Yoast SEO plugin v25.4 - https:\/\/yoast.com\/wordpress\/plugins\/seo\/ -->\n<title>\u00bfc\u00f3mo redondear valores porcentuales en excel?<\/title>\n<meta name=\"robots\" content=\"index, follow, max-snippet:-1, max-image-preview:large, max-video-preview:-1\" \/>\n<link rel=\"canonical\" href=\"https:\/\/exceladvisor.org\/es\/porcentaje-redondo-2\/\" \/>\n<meta property=\"og:locale\" content=\"es_ES\" \/>\n<meta property=\"og:type\" content=\"article\" \/>\n<meta property=\"og:title\" content=\"\u00bfc\u00f3mo redondear valores porcentuales en excel?\" \/>\n<meta property=\"og:description\" content=\"Al igual que los n\u00fameros, puedes redondear los valores porcentuales en Excel. Un porcentaje es un n\u00famero decimal formateado como porcentaje. 100% significa un valor num\u00e9rico de 1. Para redondear porcentajes, puede utilizar las funciones REDONDEAR, REDONDEAR HACIA ARRIBA y REDONDEAR HACIA ABAJO. En este tutorial aprender\u00e1 a escribir una f\u00f3rmula para esto. Redondear porcentaje [&hellip;]\" \/>\n<meta property=\"og:url\" content=\"https:\/\/exceladvisor.org\/es\/porcentaje-redondo-2\/\" \/>\n<meta property=\"og:site_name\" content=\"Excel Advisor\" \/>\n<meta property=\"article:modified_time\" content=\"2023-12-25T10:26:55+00:00\" \/>\n<meta property=\"og:image\" content=\"https:\/\/exceladvisor.org\/wp-content\/uploads\/2023\/08\/1-valeurs-rondes-en-pourcentage.png\" \/>\n<meta name=\"twitter:card\" content=\"summary_large_image\" \/>\n<meta name=\"twitter:label1\" content=\"Tiempo de lectura\" \/>\n\t<meta name=\"twitter:data1\" content=\"2 minutos\" \/>\n<script type=\"application\/ld+json\" class=\"yoast-schema-graph\">{\"@context\":\"https:\/\/schema.org\",\"@graph\":[{\"@type\":\"WebPage\",\"@id\":\"https:\/\/exceladvisor.org\/es\/porcentaje-redondo-2\/\",\"url\":\"https:\/\/exceladvisor.org\/es\/porcentaje-redondo-2\/\",\"name\":\"\u00bfc\u00f3mo redondear valores porcentuales en excel?\",\"isPartOf\":{\"@id\":\"https:\/\/exceladvisor.org\/es\/#website\"},\"primaryImageOfPage\":{\"@id\":\"https:\/\/exceladvisor.org\/es\/porcentaje-redondo-2\/#primaryimage\"},\"image\":{\"@id\":\"https:\/\/exceladvisor.org\/es\/porcentaje-redondo-2\/#primaryimage\"},\"thumbnailUrl\":\"https:\/\/exceladvisor.org\/wp-content\/uploads\/2023\/08\/1-valeurs-rondes-en-pourcentage.png\",\"datePublished\":\"2023-11-05T08:32:29+00:00\",\"dateModified\":\"2023-12-25T10:26:55+00:00\",\"breadcrumb\":{\"@id\":\"https:\/\/exceladvisor.org\/es\/porcentaje-redondo-2\/#breadcrumb\"},\"inLanguage\":\"es\",\"potentialAction\":[{\"@type\":\"ReadAction\",\"target\":[\"https:\/\/exceladvisor.org\/es\/porcentaje-redondo-2\/\"]}]},{\"@type\":\"ImageObject\",\"inLanguage\":\"es\",\"@id\":\"https:\/\/exceladvisor.org\/es\/porcentaje-redondo-2\/#primaryimage\",\"url\":\"https:\/\/exceladvisor.org\/wp-content\/uploads\/2023\/08\/1-valeurs-rondes-en-pourcentage.png\",\"contentUrl\":\"https:\/\/exceladvisor.org\/wp-content\/uploads\/2023\/08\/1-valeurs-rondes-en-pourcentage.png\"},{\"@type\":\"BreadcrumbList\",\"@id\":\"https:\/\/exceladvisor.org\/es\/porcentaje-redondo-2\/#breadcrumb\",\"itemListElement\":[{\"@type\":\"ListItem\",\"position\":1,\"name\":\"Hogar\",\"item\":\"https:\/\/exceladvisor.org\/es\/\"},{\"@type\":\"ListItem\",\"position\":2,\"name\":\"\u00bfc\u00f3mo redondear valores porcentuales en excel?\"}]},{\"@type\":\"WebSite\",\"@id\":\"https:\/\/exceladvisor.org\/es\/#website\",\"url\":\"https:\/\/exceladvisor.org\/es\/\",\"name\":\"Excel Advisor\",\"description\":\"Su gu\u00eda para la dominaci\u00f3n de datos!\",\"publisher\":{\"@id\":\"https:\/\/exceladvisor.org\/es\/#organization\"},\"potentialAction\":[{\"@type\":\"SearchAction\",\"target\":{\"@type\":\"EntryPoint\",\"urlTemplate\":\"https:\/\/exceladvisor.org\/es\/?s={search_term_string}\"},\"query-input\":{\"@type\":\"PropertyValueSpecification\",\"valueRequired\":true,\"valueName\":\"search_term_string\"}}],\"inLanguage\":\"es\"},{\"@type\":\"Organization\",\"@id\":\"https:\/\/exceladvisor.org\/es\/#organization\",\"name\":\"Excel Advisor\",\"url\":\"https:\/\/exceladvisor.org\/es\/\",\"logo\":{\"@type\":\"ImageObject\",\"inLanguage\":\"es\",\"@id\":\"https:\/\/exceladvisor.org\/es\/#\/schema\/logo\/image\/\",\"url\":\"https:\/\/exceladvisor.org\/es\/wp-content\/uploads\/2023\/12\/exceladvisor.org_.png\",\"contentUrl\":\"https:\/\/exceladvisor.org\/es\/wp-content\/uploads\/2023\/12\/exceladvisor.org_.png\",\"width\":105,\"height\":36,\"caption\":\"Excel Advisor\"},\"image\":{\"@id\":\"https:\/\/exceladvisor.org\/es\/#\/schema\/logo\/image\/\"}}]}<\/script>\n<!-- \/ Yoast SEO plugin. -->","yoast_head_json":{"title":"\u00bfc\u00f3mo redondear valores porcentuales en excel?","robots":{"index":"index","follow":"follow","max-snippet":"max-snippet:-1","max-image-preview":"max-image-preview:large","max-video-preview":"max-video-preview:-1"},"canonical":"https:\/\/exceladvisor.org\/es\/porcentaje-redondo-2\/","og_locale":"es_ES","og_type":"article","og_title":"\u00bfc\u00f3mo redondear valores porcentuales en excel?","og_description":"Al igual que los n\u00fameros, puedes redondear los valores porcentuales en Excel. Un porcentaje es un n\u00famero decimal formateado como porcentaje. 100% significa un valor num\u00e9rico de 1. Para redondear porcentajes, puede utilizar las funciones REDONDEAR, REDONDEAR HACIA ARRIBA y REDONDEAR HACIA ABAJO. En este tutorial aprender\u00e1 a escribir una f\u00f3rmula para esto. Redondear porcentaje [&hellip;]","og_url":"https:\/\/exceladvisor.org\/es\/porcentaje-redondo-2\/","og_site_name":"Excel Advisor","article_modified_time":"2023-12-25T10:26:55+00:00","og_image":[{"url":"https:\/\/exceladvisor.org\/wp-content\/uploads\/2023\/08\/1-valeurs-rondes-en-pourcentage.png","type":"","width":"","height":""}],"twitter_card":"summary_large_image","twitter_misc":{"Tiempo de lectura":"2 minutos"},"schema":{"@context":"https:\/\/schema.org","@graph":[{"@type":"WebPage","@id":"https:\/\/exceladvisor.org\/es\/porcentaje-redondo-2\/","url":"https:\/\/exceladvisor.org\/es\/porcentaje-redondo-2\/","name":"\u00bfc\u00f3mo redondear valores porcentuales en excel?","isPartOf":{"@id":"https:\/\/exceladvisor.org\/es\/#website"},"primaryImageOfPage":{"@id":"https:\/\/exceladvisor.org\/es\/porcentaje-redondo-2\/#primaryimage"},"image":{"@id":"https:\/\/exceladvisor.org\/es\/porcentaje-redondo-2\/#primaryimage"},"thumbnailUrl":"https:\/\/exceladvisor.org\/wp-content\/uploads\/2023\/08\/1-valeurs-rondes-en-pourcentage.png","datePublished":"2023-11-05T08:32:29+00:00","dateModified":"2023-12-25T10:26:55+00:00","breadcrumb":{"@id":"https:\/\/exceladvisor.org\/es\/porcentaje-redondo-2\/#breadcrumb"},"inLanguage":"es","potentialAction":[{"@type":"ReadAction","target":["https:\/\/exceladvisor.org\/es\/porcentaje-redondo-2\/"]}]},{"@type":"ImageObject","inLanguage":"es","@id":"https:\/\/exceladvisor.org\/es\/porcentaje-redondo-2\/#primaryimage","url":"https:\/\/exceladvisor.org\/wp-content\/uploads\/2023\/08\/1-valeurs-rondes-en-pourcentage.png","contentUrl":"https:\/\/exceladvisor.org\/wp-content\/uploads\/2023\/08\/1-valeurs-rondes-en-pourcentage.png"},{"@type":"BreadcrumbList","@id":"https:\/\/exceladvisor.org\/es\/porcentaje-redondo-2\/#breadcrumb","itemListElement":[{"@type":"ListItem","position":1,"name":"Hogar","item":"https:\/\/exceladvisor.org\/es\/"},{"@type":"ListItem","position":2,"name":"\u00bfc\u00f3mo redondear valores porcentuales en excel?"}]},{"@type":"WebSite","@id":"https:\/\/exceladvisor.org\/es\/#website","url":"https:\/\/exceladvisor.org\/es\/","name":"Excel Advisor","description":"Su gu\u00eda para la dominaci\u00f3n de datos!","publisher":{"@id":"https:\/\/exceladvisor.org\/es\/#organization"},"potentialAction":[{"@type":"SearchAction","target":{"@type":"EntryPoint","urlTemplate":"https:\/\/exceladvisor.org\/es\/?s={search_term_string}"},"query-input":{"@type":"PropertyValueSpecification","valueRequired":true,"valueName":"search_term_string"}}],"inLanguage":"es"},{"@type":"Organization","@id":"https:\/\/exceladvisor.org\/es\/#organization","name":"Excel Advisor","url":"https:\/\/exceladvisor.org\/es\/","logo":{"@type":"ImageObject","inLanguage":"es","@id":"https:\/\/exceladvisor.org\/es\/#\/schema\/logo\/image\/","url":"https:\/\/exceladvisor.org\/es\/wp-content\/uploads\/2023\/12\/exceladvisor.org_.png","contentUrl":"https:\/\/exceladvisor.org\/es\/wp-content\/uploads\/2023\/12\/exceladvisor.org_.png","width":105,"height":36,"caption":"Excel Advisor"},"image":{"@id":"https:\/\/exceladvisor.org\/es\/#\/schema\/logo\/image\/"}}]}},"yoast_meta":{"yoast_wpseo_title":"","yoast_wpseo_metadesc":"","yoast_wpseo_canonical":""},"_links":{"self":[{"href":"https:\/\/exceladvisor.org\/es\/wp-json\/wp\/v2\/pages\/306","targetHints":{"allow":["GET"]}}],"collection":[{"href":"https:\/\/exceladvisor.org\/es\/wp-json\/wp\/v2\/pages"}],"about":[{"href":"https:\/\/exceladvisor.org\/es\/wp-json\/wp\/v2\/types\/page"}],"author":[{"embeddable":true,"href":"https:\/\/exceladvisor.org\/es\/wp-json\/wp\/v2\/users\/1"}],"replies":[{"embeddable":true,"href":"https:\/\/exceladvisor.org\/es\/wp-json\/wp\/v2\/comments?post=306"}],"version-history":[{"count":1,"href":"https:\/\/exceladvisor.org\/es\/wp-json\/wp\/v2\/pages\/306\/revisions"}],"predecessor-version":[{"id":1169,"href":"https:\/\/exceladvisor.org\/es\/wp-json\/wp\/v2\/pages\/306\/revisions\/1169"}],"wp:attachment":[{"href":"https:\/\/exceladvisor.org\/es\/wp-json\/wp\/v2\/media?parent=306"}],"curies":[{"name":"wp","href":"https:\/\/api.w.org\/{rel}","templated":true}]}}