{"id":307,"date":"2023-11-05T07:34:37","date_gmt":"2023-11-05T07:34:37","guid":{"rendered":"https:\/\/exceladvisor.org\/es\/eliminar-salto-de-linea-2\/"},"modified":"2023-12-25T10:32:06","modified_gmt":"2023-12-25T10:32:06","slug":"eliminar-salto-de-linea-2","status":"publish","type":"page","link":"https:\/\/exceladvisor.org\/es\/eliminar-salto-de-linea-2\/","title":{"rendered":"\u00bfeliminar el salto de l\u00ednea de una celda en excel?"},"content":{"rendered":"<div class=\"excel-antes-del-contenido\" id=\"excel-655944016\"><script type=\"text\/javascript\">\r\n\tatOptions = {\r\n\t\t'key' : 'c1158f160081d6540a8409e6925dab94',\r\n\t\t'format' : 'iframe',\r\n\t\t'height' : 250,\r\n\t\t'width' : 300,\r\n\t\t'params' : {}\r\n\t};\r\n<\/script>\r\n<script type=\"text\/javascript\" src=\"\/\/www.highperformanceformat.com\/c1158f160081d6540a8409e6925dab94\/invoke.js\"><\/script><\/div><p>Para crear una f\u00f3rmula para eliminar saltos de l\u00ednea de una celda, necesita combinar dos funciones: SUSTITUIR y CHAR. SUBSTITUTE le ayuda a reemplazar un valor espec\u00edfico de una celda y CHAR le ayuda a obtener caracteres espec\u00edficos mediante un c\u00f3digo. Con CHAR, tomaremos el car\u00e1cter de nueva l\u00ednea y lo reemplazaremos usando SUSTITUIR con un espacio o valor vac\u00edo. <\/p>\n<div class=\"wp-block-image\">\n<figure class=\"aligncenter size-full is-resized\"><img loading=\"lazy\" decoding=\"async\" class=\"wp-image-79435\" src=\"https:\/\/exceladvisor.org\/wp-content\/uploads\/2023\/08\/1-supprimer-la-rupture-de-lien-de-la-cellule.png\" sizes=\"auto, \" srcset=\"\" alt=\"eliminar-enlace-romper-celda\" width=\"648\" height=\"366\"><\/figure>\n<\/div>\n<p> Este tutorial le ense\u00f1ar\u00e1 c\u00f3mo escribir una f\u00f3rmula para eliminar un salto de l\u00ednea de una celda.<\/p>\n<h2 class=\"wp-block-heading\"> F\u00f3rmula para eliminar el salto de l\u00ednea de un valor<\/h2>\n<p> Puede utilizar los pasos a continuaci\u00f3n:<\/p>\n<ol type=\"1\">\n<li> Primero ingrese la funci\u00f3n REEMPLAZAR en una celda.<\/li>\n<li> Despu\u00e9s de eso, en el primer argumento, haga referencia a la celda donde tiene el valor con el salto de l\u00ednea.<\/li>\n<li> Luego en el segundo argumento ingrese la funci\u00f3n CHAR, y en la funci\u00f3n CHAR ingrese (10), cierre la funci\u00f3n,<\/li>\n<li> Ahora en el tercer argumento ingresa un espacio en blanco o un espacio.<\/li>\n<li> Al final, ingrese el par\u00e9ntesis de cierre y presione Enter para obtener el resultado. <\/li>\n<\/ol>\n<div class=\"wp-block-image\">\n<figure class=\"aligncenter size-full is-resized\"><img loading=\"lazy\" decoding=\"async\" class=\"wp-image-79436\" src=\"https:\/\/exceladvisor.org\/wp-content\/uploads\/2023\/08\/2-formule-pour-supprimer-le-saut-de-ligne.png\" sizes=\"auto, \" srcset=\"\" alt=\"f\u00f3rmula-para-eliminar-salto-de-l\u00ednea\" width=\"657\" height=\"357\"><\/figure>\n<\/div>\n<pre class=\"wp-block-code\"> <code class=\"language-excel-formula\" lang=\"excel-formula\">=SUBSTITUTE(A2,CHAR(10),\"\") =SUBSTITUTE(A2,CHAR(10),\" \")<\/code><\/pre>\n<h2 class=\"wp-block-heading\"> \u00bfC\u00f3mo funciona esta f\u00f3rmula?<\/h2>\n<p> Cuando usa la funci\u00f3n CHAR e ingresa el c\u00f3digo 10, devuelve el car\u00e1cter de nueva l\u00ednea en el resultado. <\/p>\n<div class=\"wp-block-image\">\n<figure class=\"aligncenter size-full is-resized\"><img loading=\"lazy\" decoding=\"async\" class=\"wp-image-79437\" src=\"https:\/\/exceladvisor.org\/wp-content\/uploads\/2023\/08\/3-comprendre-la-formule-2.png\" sizes=\"auto, \" srcset=\"\" alt=\"entender-la-f\u00f3rmula\" width=\"373\" height=\"194\"><\/figure>\n<\/div>\n<p> Y lo usaste en el argumento texto_antiguo de la funci\u00f3n SUSTITUIR, lo que significa que este es el texto antiguo que deseas reemplazar. Y en el new_text tienes un espacio o valor vac\u00edo. Esto significa que desea reemplazar o eliminar un salto de l\u00ednea de la celda con un nuevo valor. <\/p>\n<div class=\"wp-block-image\">\n<figure class=\"aligncenter size-full is-resized\"><img loading=\"lazy\" decoding=\"async\" class=\"wp-image-79438\" src=\"https:\/\/exceladvisor.org\/wp-content\/uploads\/2023\/08\/4-fonction-de-remplacement-et-de-caractere.png\" sizes=\"auto, \" srcset=\"\" alt=\"funci\u00f3n de sustituci\u00f3n y car\u00e1cter\" width=\"432\" height=\"175\"><\/figure>\n<\/div>\n<h2 class=\"wp-block-heading\"> Otra forma que puedes usar<\/h2>\n<p> Cuando aplica un salto de l\u00ednea a una celda, debe <a href=\"https:\/\/exceladvisor.org\/es\/ajustar-texto\/\">aplicar texto a la l\u00ednea<\/a> en ese valor y, si desea eliminar el salto de l\u00ednea de la celda, puede eliminar la opci\u00f3n de texto a l\u00ednea. <\/p>\n<div class=\"wp-block-image\">\n<figure class=\"aligncenter size-full is-resized\"><img loading=\"lazy\" decoding=\"async\" class=\"wp-image-79439\" src=\"https:\/\/exceladvisor.org\/wp-content\/uploads\/2023\/08\/5-appliquer-le-texte-dhabillage.png\" sizes=\"auto, \" srcset=\"\" alt=\"aplicar-ajustar-texto\" width=\"609\" height=\"409\"><\/figure>\n<\/div>\n<div class=\"gb-container gb-container-52dfcee1 gb-container-sample-file\">\n<h2 class=\"gb-headline gb-headline-e289c143 gb-headline-text gb-headline-4f7959c2\"> Obtener el archivo Excel<\/h2>\n<p> <a class=\"gb-button gb-button-e88d6bee gb-button-text gb-button-button1\" href=\"https:\/\/exceladvisor.org\/wp-content\/uploads\/2023\/08\/supprimer-le-saut-de-ligne.xlsx\" rel=\"nofollow\">Descargar<\/a><\/p>\n<\/div>\n<div class=\"gb-container gb-container-4db6181c gb-container-mt\"> <a class=\"gb-button gb-button-c5897111 gb-button-text gb-button-mt-button\" href=\"https:\/\/exceladvisor.org\/es\/vba\/\">\u00bfQu\u00e9 es VBA?<\/a><\/p>\n<h2 class=\"gb-headline gb-headline-665e5f6b gb-headline-text gb-headline-mt-heading\"> Tutoriales relacionados <\/h2>\n<div class=\"gb-grid-wrapper gb-grid-wrapper-a20baf7c gb-grid-wrapper-mt-grid\">\n<div class=\"gb-grid-column gb-grid-column-65ddf67e\">\n<div class=\"gb-container gb-container-65ddf67e\">\n<ul>\n<li> <a href=\"https:\/\/exceladvisor.org\/es\/eliminar-parentesis-2\/\">Eliminar par\u00e9ntesis en Excel (par\u00e9ntesis)<\/a><\/li>\n<li> <a href=\"https:\/\/exceladvisor.org\/es\/eliminar-el-ultimo-caracter-2\/\">Eliminar el \u00faltimo car\u00e1cter de una cadena<\/a><\/li>\n<li> <a href=\"https:\/\/exceladvisor.org\/es\/eliminar-caracteres-no-deseados\/\">Eliminar caracteres no deseados<\/a><\/li>\n<li> <a href=\"https:\/\/exceladvisor.org\/es\/dividir-texto-usando-un-espacio\/\">Dividir texto usando un espacio entre<\/a><\/li>\n<li> <a href=\"https:\/\/exceladvisor.org\/es\/eliminar-comas-2\/\">Quitar comas<\/a> <\/li>\n<\/ul>\n<\/div>\n<\/div>\n<div class=\"gb-grid-column gb-grid-column-50067b57\">\n<div class=\"gb-container gb-container-50067b57\"><\/div>\n<\/div>\n<\/div>\n<\/div>\n","protected":false},"excerpt":{"rendered":"<p>Para crear una f\u00f3rmula para eliminar saltos de l\u00ednea de una celda, necesita combinar dos funciones: SUSTITUIR y CHAR. SUBSTITUTE le ayuda a reemplazar un valor espec\u00edfico de una celda y CHAR le ayuda a obtener caracteres espec\u00edficos mediante un c\u00f3digo. Con CHAR, tomaremos el car\u00e1cter de nueva l\u00ednea y lo reemplazaremos usando SUSTITUIR con [&hellip;]<\/p>\n","protected":false},"author":1,"featured_media":0,"parent":0,"menu_order":0,"comment_status":"open","ping_status":"closed","template":"","meta":{"ub_ctt_via":"","footnotes":""},"class_list":["post-307","page","type-page","status-publish","hentry"],"featured_image_src":null,"yoast_head":"<!-- This site is optimized with the Yoast SEO plugin v25.4 - https:\/\/yoast.com\/wordpress\/plugins\/seo\/ -->\n<title>\u00bfeliminar el salto de l\u00ednea de una celda en excel?<\/title>\n<meta name=\"robots\" content=\"index, follow, max-snippet:-1, max-image-preview:large, max-video-preview:-1\" \/>\n<link rel=\"canonical\" href=\"https:\/\/exceladvisor.org\/es\/eliminar-salto-de-linea-2\/\" \/>\n<meta property=\"og:locale\" content=\"es_ES\" \/>\n<meta property=\"og:type\" content=\"article\" \/>\n<meta property=\"og:title\" content=\"\u00bfeliminar el salto de l\u00ednea de una celda en excel?\" \/>\n<meta property=\"og:description\" content=\"Para crear una f\u00f3rmula para eliminar saltos de l\u00ednea de una celda, necesita combinar dos funciones: SUSTITUIR y CHAR. SUBSTITUTE le ayuda a reemplazar un valor espec\u00edfico de una celda y CHAR le ayuda a obtener caracteres espec\u00edficos mediante un c\u00f3digo. Con CHAR, tomaremos el car\u00e1cter de nueva l\u00ednea y lo reemplazaremos usando SUSTITUIR con [&hellip;]\" \/>\n<meta property=\"og:url\" content=\"https:\/\/exceladvisor.org\/es\/eliminar-salto-de-linea-2\/\" \/>\n<meta property=\"og:site_name\" content=\"Excel Advisor\" \/>\n<meta property=\"article:modified_time\" content=\"2023-12-25T10:32:06+00:00\" \/>\n<meta property=\"og:image\" content=\"https:\/\/exceladvisor.org\/wp-content\/uploads\/2023\/08\/1-supprimer-la-rupture-de-lien-de-la-cellule.png\" \/>\n<meta name=\"twitter:card\" content=\"summary_large_image\" \/>\n<meta name=\"twitter:label1\" content=\"Tiempo de lectura\" \/>\n\t<meta name=\"twitter:data1\" content=\"2 minutos\" \/>\n<script type=\"application\/ld+json\" class=\"yoast-schema-graph\">{\"@context\":\"https:\/\/schema.org\",\"@graph\":[{\"@type\":\"WebPage\",\"@id\":\"https:\/\/exceladvisor.org\/es\/eliminar-salto-de-linea-2\/\",\"url\":\"https:\/\/exceladvisor.org\/es\/eliminar-salto-de-linea-2\/\",\"name\":\"\u00bfeliminar el salto de l\u00ednea de una celda en excel?\",\"isPartOf\":{\"@id\":\"https:\/\/exceladvisor.org\/es\/#website\"},\"primaryImageOfPage\":{\"@id\":\"https:\/\/exceladvisor.org\/es\/eliminar-salto-de-linea-2\/#primaryimage\"},\"image\":{\"@id\":\"https:\/\/exceladvisor.org\/es\/eliminar-salto-de-linea-2\/#primaryimage\"},\"thumbnailUrl\":\"https:\/\/exceladvisor.org\/wp-content\/uploads\/2023\/08\/1-supprimer-la-rupture-de-lien-de-la-cellule.png\",\"datePublished\":\"2023-11-05T07:34:37+00:00\",\"dateModified\":\"2023-12-25T10:32:06+00:00\",\"breadcrumb\":{\"@id\":\"https:\/\/exceladvisor.org\/es\/eliminar-salto-de-linea-2\/#breadcrumb\"},\"inLanguage\":\"es\",\"potentialAction\":[{\"@type\":\"ReadAction\",\"target\":[\"https:\/\/exceladvisor.org\/es\/eliminar-salto-de-linea-2\/\"]}]},{\"@type\":\"ImageObject\",\"inLanguage\":\"es\",\"@id\":\"https:\/\/exceladvisor.org\/es\/eliminar-salto-de-linea-2\/#primaryimage\",\"url\":\"https:\/\/exceladvisor.org\/wp-content\/uploads\/2023\/08\/1-supprimer-la-rupture-de-lien-de-la-cellule.png\",\"contentUrl\":\"https:\/\/exceladvisor.org\/wp-content\/uploads\/2023\/08\/1-supprimer-la-rupture-de-lien-de-la-cellule.png\"},{\"@type\":\"BreadcrumbList\",\"@id\":\"https:\/\/exceladvisor.org\/es\/eliminar-salto-de-linea-2\/#breadcrumb\",\"itemListElement\":[{\"@type\":\"ListItem\",\"position\":1,\"name\":\"Hogar\",\"item\":\"https:\/\/exceladvisor.org\/es\/\"},{\"@type\":\"ListItem\",\"position\":2,\"name\":\"\u00bfeliminar el salto de l\u00ednea de una celda en excel?\"}]},{\"@type\":\"WebSite\",\"@id\":\"https:\/\/exceladvisor.org\/es\/#website\",\"url\":\"https:\/\/exceladvisor.org\/es\/\",\"name\":\"Excel Advisor\",\"description\":\"Su gu\u00eda para la dominaci\u00f3n de datos!\",\"publisher\":{\"@id\":\"https:\/\/exceladvisor.org\/es\/#organization\"},\"potentialAction\":[{\"@type\":\"SearchAction\",\"target\":{\"@type\":\"EntryPoint\",\"urlTemplate\":\"https:\/\/exceladvisor.org\/es\/?s={search_term_string}\"},\"query-input\":{\"@type\":\"PropertyValueSpecification\",\"valueRequired\":true,\"valueName\":\"search_term_string\"}}],\"inLanguage\":\"es\"},{\"@type\":\"Organization\",\"@id\":\"https:\/\/exceladvisor.org\/es\/#organization\",\"name\":\"Excel Advisor\",\"url\":\"https:\/\/exceladvisor.org\/es\/\",\"logo\":{\"@type\":\"ImageObject\",\"inLanguage\":\"es\",\"@id\":\"https:\/\/exceladvisor.org\/es\/#\/schema\/logo\/image\/\",\"url\":\"https:\/\/exceladvisor.org\/es\/wp-content\/uploads\/2023\/12\/exceladvisor.org_.png\",\"contentUrl\":\"https:\/\/exceladvisor.org\/es\/wp-content\/uploads\/2023\/12\/exceladvisor.org_.png\",\"width\":105,\"height\":36,\"caption\":\"Excel Advisor\"},\"image\":{\"@id\":\"https:\/\/exceladvisor.org\/es\/#\/schema\/logo\/image\/\"}}]}<\/script>\n<!-- \/ Yoast SEO plugin. -->","yoast_head_json":{"title":"\u00bfeliminar el salto de l\u00ednea de una celda en excel?","robots":{"index":"index","follow":"follow","max-snippet":"max-snippet:-1","max-image-preview":"max-image-preview:large","max-video-preview":"max-video-preview:-1"},"canonical":"https:\/\/exceladvisor.org\/es\/eliminar-salto-de-linea-2\/","og_locale":"es_ES","og_type":"article","og_title":"\u00bfeliminar el salto de l\u00ednea de una celda en excel?","og_description":"Para crear una f\u00f3rmula para eliminar saltos de l\u00ednea de una celda, necesita combinar dos funciones: SUSTITUIR y CHAR. SUBSTITUTE le ayuda a reemplazar un valor espec\u00edfico de una celda y CHAR le ayuda a obtener caracteres espec\u00edficos mediante un c\u00f3digo. Con CHAR, tomaremos el car\u00e1cter de nueva l\u00ednea y lo reemplazaremos usando SUSTITUIR con [&hellip;]","og_url":"https:\/\/exceladvisor.org\/es\/eliminar-salto-de-linea-2\/","og_site_name":"Excel Advisor","article_modified_time":"2023-12-25T10:32:06+00:00","og_image":[{"url":"https:\/\/exceladvisor.org\/wp-content\/uploads\/2023\/08\/1-supprimer-la-rupture-de-lien-de-la-cellule.png","type":"","width":"","height":""}],"twitter_card":"summary_large_image","twitter_misc":{"Tiempo de lectura":"2 minutos"},"schema":{"@context":"https:\/\/schema.org","@graph":[{"@type":"WebPage","@id":"https:\/\/exceladvisor.org\/es\/eliminar-salto-de-linea-2\/","url":"https:\/\/exceladvisor.org\/es\/eliminar-salto-de-linea-2\/","name":"\u00bfeliminar el salto de l\u00ednea de una celda en excel?","isPartOf":{"@id":"https:\/\/exceladvisor.org\/es\/#website"},"primaryImageOfPage":{"@id":"https:\/\/exceladvisor.org\/es\/eliminar-salto-de-linea-2\/#primaryimage"},"image":{"@id":"https:\/\/exceladvisor.org\/es\/eliminar-salto-de-linea-2\/#primaryimage"},"thumbnailUrl":"https:\/\/exceladvisor.org\/wp-content\/uploads\/2023\/08\/1-supprimer-la-rupture-de-lien-de-la-cellule.png","datePublished":"2023-11-05T07:34:37+00:00","dateModified":"2023-12-25T10:32:06+00:00","breadcrumb":{"@id":"https:\/\/exceladvisor.org\/es\/eliminar-salto-de-linea-2\/#breadcrumb"},"inLanguage":"es","potentialAction":[{"@type":"ReadAction","target":["https:\/\/exceladvisor.org\/es\/eliminar-salto-de-linea-2\/"]}]},{"@type":"ImageObject","inLanguage":"es","@id":"https:\/\/exceladvisor.org\/es\/eliminar-salto-de-linea-2\/#primaryimage","url":"https:\/\/exceladvisor.org\/wp-content\/uploads\/2023\/08\/1-supprimer-la-rupture-de-lien-de-la-cellule.png","contentUrl":"https:\/\/exceladvisor.org\/wp-content\/uploads\/2023\/08\/1-supprimer-la-rupture-de-lien-de-la-cellule.png"},{"@type":"BreadcrumbList","@id":"https:\/\/exceladvisor.org\/es\/eliminar-salto-de-linea-2\/#breadcrumb","itemListElement":[{"@type":"ListItem","position":1,"name":"Hogar","item":"https:\/\/exceladvisor.org\/es\/"},{"@type":"ListItem","position":2,"name":"\u00bfeliminar el salto de l\u00ednea de una celda en excel?"}]},{"@type":"WebSite","@id":"https:\/\/exceladvisor.org\/es\/#website","url":"https:\/\/exceladvisor.org\/es\/","name":"Excel Advisor","description":"Su gu\u00eda para la dominaci\u00f3n de datos!","publisher":{"@id":"https:\/\/exceladvisor.org\/es\/#organization"},"potentialAction":[{"@type":"SearchAction","target":{"@type":"EntryPoint","urlTemplate":"https:\/\/exceladvisor.org\/es\/?s={search_term_string}"},"query-input":{"@type":"PropertyValueSpecification","valueRequired":true,"valueName":"search_term_string"}}],"inLanguage":"es"},{"@type":"Organization","@id":"https:\/\/exceladvisor.org\/es\/#organization","name":"Excel Advisor","url":"https:\/\/exceladvisor.org\/es\/","logo":{"@type":"ImageObject","inLanguage":"es","@id":"https:\/\/exceladvisor.org\/es\/#\/schema\/logo\/image\/","url":"https:\/\/exceladvisor.org\/es\/wp-content\/uploads\/2023\/12\/exceladvisor.org_.png","contentUrl":"https:\/\/exceladvisor.org\/es\/wp-content\/uploads\/2023\/12\/exceladvisor.org_.png","width":105,"height":36,"caption":"Excel Advisor"},"image":{"@id":"https:\/\/exceladvisor.org\/es\/#\/schema\/logo\/image\/"}}]}},"yoast_meta":{"yoast_wpseo_title":"","yoast_wpseo_metadesc":"","yoast_wpseo_canonical":""},"_links":{"self":[{"href":"https:\/\/exceladvisor.org\/es\/wp-json\/wp\/v2\/pages\/307","targetHints":{"allow":["GET"]}}],"collection":[{"href":"https:\/\/exceladvisor.org\/es\/wp-json\/wp\/v2\/pages"}],"about":[{"href":"https:\/\/exceladvisor.org\/es\/wp-json\/wp\/v2\/types\/page"}],"author":[{"embeddable":true,"href":"https:\/\/exceladvisor.org\/es\/wp-json\/wp\/v2\/users\/1"}],"replies":[{"embeddable":true,"href":"https:\/\/exceladvisor.org\/es\/wp-json\/wp\/v2\/comments?post=307"}],"version-history":[{"count":1,"href":"https:\/\/exceladvisor.org\/es\/wp-json\/wp\/v2\/pages\/307\/revisions"}],"predecessor-version":[{"id":1399,"href":"https:\/\/exceladvisor.org\/es\/wp-json\/wp\/v2\/pages\/307\/revisions\/1399"}],"wp:attachment":[{"href":"https:\/\/exceladvisor.org\/es\/wp-json\/wp\/v2\/media?parent=307"}],"curies":[{"name":"wp","href":"https:\/\/api.w.org\/{rel}","templated":true}]}}